{"id":209689,"date":"2024-07-26T12:38:39","date_gmt":"2024-07-26T12:38:39","guid":{"rendered":"https:\/\/www.inverseteams.com\/?post_type=product&#038;p=209689"},"modified":"2024-10-17T07:39:56","modified_gmt":"2024-10-17T07:39:56","slug":"membran-radjacke-pure-helios-ocean-damen","status":"publish","type":"product","link":"https:\/\/www.inverseteams.com\/de\/produkt\/membran-radjacke-pure-helios-ocean-damen\/","title":{"rendered":"Membran-Radjacke PURE HELIOS OCEAN (DAMEN)"},"content":{"rendered":"<p>Die neue Thermo-Radjacke Inverse zeichnet sich durch ihr originelles und innovatives Muster aus, das die Aerodynamik auf dem Fahrrad verbessert, und durch den Stoff mit wasserabweisender Membran, der Sie vor Feuchtigkeit und Regen sch\u00fctzt. Es passt sich beim Treten perfekt an den K\u00f6rper an und l\u00e4sst die Luft leicht str\u00f6men, um die Aerodynamik zu erh\u00f6hen. Es verf\u00fcgt \u00fcber einen integrierten Rei\u00dfverschluss mit Anti-Pull-System, der ein einfaches An- und Ausziehen erm\u00f6glicht und die Bel\u00fcftung w\u00e4hrend des Trainings regulieren kann.<br \/>\nAls Neuheit im Vergleich zu den Vorg\u00e4ngerversionen verf\u00fcgt es \u00fcber einen seitlichen Rei\u00dfverschluss, um die Bel\u00fcftung zu erh\u00f6hen und so den K\u00f6rper zu k\u00fchlen. Es verf\u00fcgt au\u00dferdem \u00fcber eine Innentasche mit Gummiband, die als Schl\u00fcsselhalter verwendet werden kann. Dar\u00fcber hinaus liegt ein Tuch bei, mit dem Sie die Brille reinigen k\u00f6nnen.<br \/>\nDie \u00c4rmel passen sich allen Positionen an und sind mit Flachn\u00e4hten gefertigt. Die lasergeschnittene Manschette liegt sehr gut am Arm an und verhindert das Eindringen von Luft.<br \/>\nAls Neuheit verf\u00fcgt es auf einer Seite \u00fcber die ECO-TECH-Netztasche, in der Sie den erzeugten Abfall aufbewahren k\u00f6nnen. Dar\u00fcber hinaus verf\u00fcgt es im Lendenbereich \u00fcber 3 gro\u00dfe Taschen, in denen Sie jeden Gegenstand verstauen k\u00f6nnen, ohne bef\u00fcrchten zu m\u00fcssen, ihn zu verlieren. In der Taille befindet sich ein Gummiband mit rutschfestem Silikongriff auf der Innenseite, damit das Trikot gut am K\u00f6rper anliegt. Dar\u00fcber hinaus verf\u00fcgt es \u00fcber mehrere reflektierende Details, um Ihre Sicherheit im Stra\u00dfenverkehr zu erh\u00f6hen. Genie\u00dfen Sie das Radfahren ohne Sorgen.<\/p>\n","protected":false},"excerpt":{"rendered":"<p>Die neue Thermo-Radjacke Inverse zeichnet sich durch ihr originelles und innovatives Muster aus, das die Aerodynamik auf dem Fahrrad verbessert, und durch den Stoff mit wasserabweisender Membran, der Sie vor Feuchtigkeit und Regen sch\u00fctzt. Es passt sich beim Treten perfekt an den K\u00f6rper an und l\u00e4sst die Luft leicht str\u00f6men, um die Aerodynamik zu erh\u00f6hen. Es verf\u00fcgt \u00fcber einen integrierten Rei\u00dfverschluss mit Anti-Pull-System, der ein einfaches An- und Ausziehen erm\u00f6glicht und die Bel\u00fcftung w\u00e4hrend des Trainings regulieren kann.<br \/>\nAls Neuheit im Vergleich zu den Vorg\u00e4ngerversionen verf\u00fcgt es \u00fcber einen seitlichen Rei\u00dfverschluss, um die Bel\u00fcftung zu erh\u00f6hen und so den K\u00f6rper zu k\u00fchlen. Es verf\u00fcgt au\u00dferdem \u00fcber eine Innentasche mit Gummiband, die als Schl\u00fcsselhalter verwendet werden kann. Dar\u00fcber hinaus liegt ein Tuch bei, mit dem Sie die Brille reinigen k\u00f6nnen.<br \/>\nDie \u00c4rmel passen sich allen Positionen an und sind mit Flachn\u00e4hten gefertigt. Die lasergeschnittene Manschette liegt sehr gut am Arm an und verhindert das Eindringen von Luft.<br \/>\nAls Neuheit verf\u00fcgt es auf einer Seite \u00fcber die ECO-TECH-Netztasche, in der Sie den erzeugten Abfall aufbewahren k\u00f6nnen. Dar\u00fcber hinaus verf\u00fcgt es im Lendenbereich \u00fcber 3 gro\u00dfe Taschen, in denen Sie jeden Gegenstand verstauen k\u00f6nnen, ohne bef\u00fcrchten zu m\u00fcssen, ihn zu verlieren. In der Taille befindet sich ein Gummiband mit rutschfestem Silikongriff auf der Innenseite, damit das Trikot gut am K\u00f6rper anliegt. Dar\u00fcber hinaus verf\u00fcgt es \u00fcber mehrere reflektierende Details, um Ihre Sicherheit im Stra\u00dfenverkehr zu erh\u00f6hen. Genie\u00dfen Sie das Radfahren ohne Sorgen.<\/p>\n","protected":false},"featured_media":217194,"comment_status":"closed","ping_status":"closed","template":"","meta":{"_acf_changed":false},"product_brand":[],"product_cat":[11153,11159],"product_tag":[],"custom_category":[],"range":[],"class_list":{"0":"post-209689","1":"product","2":"type-product","3":"status-publish","4":"has-post-thumbnail","6":"product_cat-b2b-de","7":"product_cat-radjacken","8":"pa_climatologia-lluvia-de","9":"pa_climatologia-frio-de","10":"pa_climatologia-viento-de","11":"pa_deporte-ciclismo-de","12":"pa_genero-mujer-de","13":"pa_patronaje-fit-de","14":"pa_talla-s-de","15":"pa_talla-m-de","16":"pa_talla-l-de","17":"pa_talla-xl-de","18":"pa_talla-xs-de","19":"pa_tipo-de-prenda-chaqueta-de","21":"first","22":"instock","23":"taxable","24":"shipping-taxable","25":"purchasable","26":"product-type-variable","27":"has-default-attributes"},"acf":[],"yoast_head":"<!-- This site is optimized with the Yoast SEO plugin v27.3 - https:\/\/yoast.com\/product\/yoast-seo-wordpress\/ -->\n<title>Membran-Radjacke PURE HELIOS OCEAN (DAMEN)<\/title>\n<meta name=\"description\" content=\"Die neue Thermo-Radjacke Inverse zeichnet sich durch ihr originelles und innovatives Muster aus, das die Aerodynamik auf dem Fahrrad verbessert, und durch den Stoff mit wasserabweisender Membran, der Sie vor Feuchtigkeit und Regen sch\u00fctzt. Es passt sich beim Treten perfekt an den K\u00f6rper an und l\u00e4sst die Luft leicht str\u00f6men, um die Aerodynamik zu erh\u00f6hen. Es verf\u00fcgt \u00fcber einen integrierten Rei\u00dfverschluss mit Anti-Pull-System, der ein einfaches An- und Ausziehen erm\u00f6glicht und die Bel\u00fcftung w\u00e4hrend des Trainings regulieren kann. Als Neuheit im Vergleich zu den Vorg\u00e4ngerversionen verf\u00fcgt es \u00fcber einen seitlichen Rei\u00dfverschluss, um die Bel\u00fcftung zu erh\u00f6hen und so den K\u00f6rper zu k\u00fchlen. Es verf\u00fcgt au\u00dferdem \u00fcber eine Innentasche mit Gummiband, die als Schl\u00fcsselhalter verwendet werden kann. Dar\u00fcber hinaus liegt ein Tuch bei, mit dem Sie die Brille reinigen k\u00f6nnen. Die \u00c4rmel passen sich allen Positionen an und sind mit Flachn\u00e4hten gefertigt. Die lasergeschnittene Manschette liegt sehr gut am Arm an und verhindert das Eindringen von Luft. Als Neuheit verf\u00fcgt es auf einer Seite \u00fcber die ECO-TECH-Netztasche, in der Sie den erzeugten Abfall aufbewahren k\u00f6nnen. Dar\u00fcber hinaus verf\u00fcgt es im Lendenbereich \u00fcber 3 gro\u00dfe Taschen, in denen Sie jeden Gegenstand verstauen k\u00f6nnen, ohne bef\u00fcrchten zu m\u00fcssen, ihn zu verlieren. In der Taille befindet sich ein Gummiband mit rutschfestem Silikongriff auf der Innenseite, damit das Trikot gut am K\u00f6rper anliegt. Dar\u00fcber hinaus verf\u00fcgt es \u00fcber mehrere reflektierende Details, um Ihre Sicherheit im Stra\u00dfenverkehr zu erh\u00f6hen. Genie\u00dfen Sie das Radfahren ohne Sorgen.\" \/>\n<meta name=\"robots\" content=\"index, follow, max-snippet:-1, max-image-preview:large, max-video-preview:-1\" \/>\n<link rel=\"canonical\" href=\"https:\/\/www.inverseteams.com\/de\/produkt\/membran-radjacke-pure-helios-ocean-damen\/\" \/>\n<meta property=\"og:locale\" content=\"de_DE\" \/>\n<meta property=\"og:type\" content=\"article\" \/>\n<meta property=\"og:title\" content=\"Membran-Radjacke PURE HELIOS OCEAN (DAMEN)\" \/>\n<meta property=\"og:description\" content=\"Die neue Thermo-Radjacke Inverse zeichnet sich durch ihr originelles und innovatives Muster aus, das die Aerodynamik auf dem Fahrrad verbessert, und durch den Stoff mit wasserabweisender Membran, der Sie vor Feuchtigkeit und Regen sch\u00fctzt. Es passt sich beim Treten perfekt an den K\u00f6rper an und l\u00e4sst die Luft leicht str\u00f6men, um die Aerodynamik zu erh\u00f6hen. Es verf\u00fcgt \u00fcber einen integrierten Rei\u00dfverschluss mit Anti-Pull-System, der ein einfaches An- und Ausziehen erm\u00f6glicht und die Bel\u00fcftung w\u00e4hrend des Trainings regulieren kann. Als Neuheit im Vergleich zu den Vorg\u00e4ngerversionen verf\u00fcgt es \u00fcber einen seitlichen Rei\u00dfverschluss, um die Bel\u00fcftung zu erh\u00f6hen und so den K\u00f6rper zu k\u00fchlen. Es verf\u00fcgt au\u00dferdem \u00fcber eine Innentasche mit Gummiband, die als Schl\u00fcsselhalter verwendet werden kann. Dar\u00fcber hinaus liegt ein Tuch bei, mit dem Sie die Brille reinigen k\u00f6nnen. Die \u00c4rmel passen sich allen Positionen an und sind mit Flachn\u00e4hten gefertigt. Die lasergeschnittene Manschette liegt sehr gut am Arm an und verhindert das Eindringen von Luft. Als Neuheit verf\u00fcgt es auf einer Seite \u00fcber die ECO-TECH-Netztasche, in der Sie den erzeugten Abfall aufbewahren k\u00f6nnen. Dar\u00fcber hinaus verf\u00fcgt es im Lendenbereich \u00fcber 3 gro\u00dfe Taschen, in denen Sie jeden Gegenstand verstauen k\u00f6nnen, ohne bef\u00fcrchten zu m\u00fcssen, ihn zu verlieren. In der Taille befindet sich ein Gummiband mit rutschfestem Silikongriff auf der Innenseite, damit das Trikot gut am K\u00f6rper anliegt. Dar\u00fcber hinaus verf\u00fcgt es \u00fcber mehrere reflektierende Details, um Ihre Sicherheit im Stra\u00dfenverkehr zu erh\u00f6hen. Genie\u00dfen Sie das Radfahren ohne Sorgen.\" \/>\n<meta property=\"og:url\" content=\"https:\/\/www.inverseteams.com\/de\/produkt\/membran-radjacke-pure-helios-ocean-damen\/\" \/>\n<meta property=\"og:site_name\" content=\"Inverseteams\" \/>\n<meta property=\"article:publisher\" content=\"https:\/\/www.facebook.com\/inverseteams\" \/>\n<meta property=\"article:modified_time\" content=\"2024-10-17T07:39:56+00:00\" \/>\n<meta property=\"og:image\" content=\"https:\/\/www.inverseteams.com\/wp-content\/uploads\/CHAQUETA-CICLISMO-MUJER-PURE-HELIOS-OCEAN-1-1.jpg\" \/>\n\t<meta property=\"og:image:width\" content=\"1500\" \/>\n\t<meta property=\"og:image:height\" content=\"1612\" \/>\n\t<meta property=\"og:image:type\" content=\"image\/jpeg\" \/>\n<meta name=\"twitter:card\" content=\"summary_large_image\" \/>\n<meta name=\"twitter:label1\" content=\"Gesch\u00e4tzte Lesezeit\" \/>\n\t<meta name=\"twitter:data1\" content=\"2\u00a0Minute\" \/>\n<script type=\"application\/ld+json\" class=\"yoast-schema-graph\">{\"@context\":\"https:\\\/\\\/schema.org\",\"@graph\":[{\"@type\":\"WebPage\",\"@id\":\"https:\\\/\\\/www.inverseteams.com\\\/de\\\/produkt\\\/membran-radjacke-pure-helios-ocean-damen\\\/\",\"url\":\"https:\\\/\\\/www.inverseteams.com\\\/de\\\/produkt\\\/membran-radjacke-pure-helios-ocean-damen\\\/\",\"name\":\"Membran-Radjacke PURE HELIOS OCEAN (DAMEN)\",\"isPartOf\":{\"@id\":\"https:\\\/\\\/www.inverseteams.com\\\/de\\\/#website\"},\"primaryImageOfPage\":{\"@id\":\"https:\\\/\\\/www.inverseteams.com\\\/de\\\/produkt\\\/membran-radjacke-pure-helios-ocean-damen\\\/#primaryimage\"},\"image\":{\"@id\":\"https:\\\/\\\/www.inverseteams.com\\\/de\\\/produkt\\\/membran-radjacke-pure-helios-ocean-damen\\\/#primaryimage\"},\"thumbnailUrl\":\"https:\\\/\\\/www.inverseteams.com\\\/wp-content\\\/uploads\\\/CHAQUETA-CICLISMO-MUJER-PURE-HELIOS-OCEAN-1-1.jpg\",\"datePublished\":\"2024-07-26T12:38:39+00:00\",\"dateModified\":\"2024-10-17T07:39:56+00:00\",\"description\":\"Die neue Thermo-Radjacke Inverse zeichnet sich durch ihr originelles und innovatives Muster aus, das die Aerodynamik auf dem Fahrrad verbessert, und durch den Stoff mit wasserabweisender Membran, der Sie vor Feuchtigkeit und Regen sch\u00fctzt. Es passt sich beim Treten perfekt an den K\u00f6rper an und l\u00e4sst die Luft leicht str\u00f6men, um die Aerodynamik zu erh\u00f6hen. Es verf\u00fcgt \u00fcber einen integrierten Rei\u00dfverschluss mit Anti-Pull-System, der ein einfaches An- und Ausziehen erm\u00f6glicht und die Bel\u00fcftung w\u00e4hrend des Trainings regulieren kann. Als Neuheit im Vergleich zu den Vorg\u00e4ngerversionen verf\u00fcgt es \u00fcber einen seitlichen Rei\u00dfverschluss, um die Bel\u00fcftung zu erh\u00f6hen und so den K\u00f6rper zu k\u00fchlen. Es verf\u00fcgt au\u00dferdem \u00fcber eine Innentasche mit Gummiband, die als Schl\u00fcsselhalter verwendet werden kann. Dar\u00fcber hinaus liegt ein Tuch bei, mit dem Sie die Brille reinigen k\u00f6nnen. Die \u00c4rmel passen sich allen Positionen an und sind mit Flachn\u00e4hten gefertigt. Die lasergeschnittene Manschette liegt sehr gut am Arm an und verhindert das Eindringen von Luft. Als Neuheit verf\u00fcgt es auf einer Seite \u00fcber die ECO-TECH-Netztasche, in der Sie den erzeugten Abfall aufbewahren k\u00f6nnen. Dar\u00fcber hinaus verf\u00fcgt es im Lendenbereich \u00fcber 3 gro\u00dfe Taschen, in denen Sie jeden Gegenstand verstauen k\u00f6nnen, ohne bef\u00fcrchten zu m\u00fcssen, ihn zu verlieren. In der Taille befindet sich ein Gummiband mit rutschfestem Silikongriff auf der Innenseite, damit das Trikot gut am K\u00f6rper anliegt. Dar\u00fcber hinaus verf\u00fcgt es \u00fcber mehrere reflektierende Details, um Ihre Sicherheit im Stra\u00dfenverkehr zu erh\u00f6hen. Genie\u00dfen Sie das Radfahren ohne Sorgen.\",\"breadcrumb\":{\"@id\":\"https:\\\/\\\/www.inverseteams.com\\\/de\\\/produkt\\\/membran-radjacke-pure-helios-ocean-damen\\\/#breadcrumb\"},\"inLanguage\":\"de\",\"potentialAction\":[{\"@type\":\"ReadAction\",\"target\":[\"https:\\\/\\\/www.inverseteams.com\\\/de\\\/produkt\\\/membran-radjacke-pure-helios-ocean-damen\\\/\"]}]},{\"@type\":\"ImageObject\",\"inLanguage\":\"de\",\"@id\":\"https:\\\/\\\/www.inverseteams.com\\\/de\\\/produkt\\\/membran-radjacke-pure-helios-ocean-damen\\\/#primaryimage\",\"url\":\"https:\\\/\\\/www.inverseteams.com\\\/wp-content\\\/uploads\\\/CHAQUETA-CICLISMO-MUJER-PURE-HELIOS-OCEAN-1-1.jpg\",\"contentUrl\":\"https:\\\/\\\/www.inverseteams.com\\\/wp-content\\\/uploads\\\/CHAQUETA-CICLISMO-MUJER-PURE-HELIOS-OCEAN-1-1.jpg\",\"width\":1500,\"height\":1612,\"caption\":\"CHAQUETA CICLISMO TERMICA MUJER\"},{\"@type\":\"BreadcrumbList\",\"@id\":\"https:\\\/\\\/www.inverseteams.com\\\/de\\\/produkt\\\/membran-radjacke-pure-helios-ocean-damen\\\/#breadcrumb\",\"itemListElement\":[{\"@type\":\"ListItem\",\"position\":1,\"name\":\"Portada\",\"item\":\"https:\\\/\\\/www.inverseteams.com\\\/de\\\/\"},{\"@type\":\"ListItem\",\"position\":2,\"name\":\"Speichern\",\"item\":\"https:\\\/\\\/www.inverseteams.com\\\/de\\\/speichern\\\/\"},{\"@type\":\"ListItem\",\"position\":3,\"name\":\"Membran-Radjacke PURE HELIOS OCEAN (DAMEN)\"}]},{\"@type\":\"WebSite\",\"@id\":\"https:\\\/\\\/www.inverseteams.com\\\/de\\\/#website\",\"url\":\"https:\\\/\\\/www.inverseteams.com\\\/de\\\/\",\"name\":\"Inverseteams\",\"description\":\"Tu marca de ropa deportiva personalizada\",\"publisher\":{\"@id\":\"https:\\\/\\\/www.inverseteams.com\\\/de\\\/#organization\"},\"potentialAction\":[{\"@type\":\"SearchAction\",\"target\":{\"@type\":\"EntryPoint\",\"urlTemplate\":\"https:\\\/\\\/www.inverseteams.com\\\/de\\\/?s={search_term_string}\"},\"query-input\":{\"@type\":\"PropertyValueSpecification\",\"valueRequired\":true,\"valueName\":\"search_term_string\"}}],\"inLanguage\":\"de\"},{\"@type\":\"Organization\",\"@id\":\"https:\\\/\\\/www.inverseteams.com\\\/de\\\/#organization\",\"name\":\"Inverse Teams\",\"url\":\"https:\\\/\\\/www.inverseteams.com\\\/de\\\/\",\"logo\":{\"@type\":\"ImageObject\",\"inLanguage\":\"de\",\"@id\":\"https:\\\/\\\/www.inverseteams.com\\\/de\\\/#\\\/schema\\\/logo\\\/image\\\/\",\"url\":\"http:\\\/\\\/www.inverseteams.com\\\/wp-content\\\/uploads\\\/2021\\\/03\\\/logo-inverse-teams.png\",\"contentUrl\":\"http:\\\/\\\/www.inverseteams.com\\\/wp-content\\\/uploads\\\/2021\\\/03\\\/logo-inverse-teams.png\",\"width\":294,\"height\":99,\"caption\":\"Inverse Teams\"},\"image\":{\"@id\":\"https:\\\/\\\/www.inverseteams.com\\\/de\\\/#\\\/schema\\\/logo\\\/image\\\/\"},\"sameAs\":[\"https:\\\/\\\/www.facebook.com\\\/inverseteams\",\"http:\\\/\\\/instagram.com\\\/inverseteams\",\"https:\\\/\\\/www.linkedin.com\\\/company\\\/inverse-cirosport-s-l-?trk=job_view_topcard_company_name\",\"http:\\\/\\\/www.pinterest.com\\\/inverseteams\\\/\",\"http:\\\/\\\/www.youtube.com\\\/user\\\/inverseteams?feature=watch\"]}]}<\/script>\n<!-- \/ Yoast SEO plugin. -->","yoast_head_json":{"title":"Membran-Radjacke PURE HELIOS OCEAN (DAMEN)","description":"Die neue Thermo-Radjacke Inverse zeichnet sich durch ihr originelles und innovatives Muster aus, das die Aerodynamik auf dem Fahrrad verbessert, und durch den Stoff mit wasserabweisender Membran, der Sie vor Feuchtigkeit und Regen sch\u00fctzt. Es passt sich beim Treten perfekt an den K\u00f6rper an und l\u00e4sst die Luft leicht str\u00f6men, um die Aerodynamik zu erh\u00f6hen. Es verf\u00fcgt \u00fcber einen integrierten Rei\u00dfverschluss mit Anti-Pull-System, der ein einfaches An- und Ausziehen erm\u00f6glicht und die Bel\u00fcftung w\u00e4hrend des Trainings regulieren kann. Als Neuheit im Vergleich zu den Vorg\u00e4ngerversionen verf\u00fcgt es \u00fcber einen seitlichen Rei\u00dfverschluss, um die Bel\u00fcftung zu erh\u00f6hen und so den K\u00f6rper zu k\u00fchlen. Es verf\u00fcgt au\u00dferdem \u00fcber eine Innentasche mit Gummiband, die als Schl\u00fcsselhalter verwendet werden kann. Dar\u00fcber hinaus liegt ein Tuch bei, mit dem Sie die Brille reinigen k\u00f6nnen. Die \u00c4rmel passen sich allen Positionen an und sind mit Flachn\u00e4hten gefertigt. Die lasergeschnittene Manschette liegt sehr gut am Arm an und verhindert das Eindringen von Luft. Als Neuheit verf\u00fcgt es auf einer Seite \u00fcber die ECO-TECH-Netztasche, in der Sie den erzeugten Abfall aufbewahren k\u00f6nnen. Dar\u00fcber hinaus verf\u00fcgt es im Lendenbereich \u00fcber 3 gro\u00dfe Taschen, in denen Sie jeden Gegenstand verstauen k\u00f6nnen, ohne bef\u00fcrchten zu m\u00fcssen, ihn zu verlieren. In der Taille befindet sich ein Gummiband mit rutschfestem Silikongriff auf der Innenseite, damit das Trikot gut am K\u00f6rper anliegt. Dar\u00fcber hinaus verf\u00fcgt es \u00fcber mehrere reflektierende Details, um Ihre Sicherheit im Stra\u00dfenverkehr zu erh\u00f6hen. Genie\u00dfen Sie das Radfahren ohne Sorgen.","robots":{"index":"index","follow":"follow","max-snippet":"max-snippet:-1","max-image-preview":"max-image-preview:large","max-video-preview":"max-video-preview:-1"},"canonical":"https:\/\/www.inverseteams.com\/de\/produkt\/membran-radjacke-pure-helios-ocean-damen\/","og_locale":"de_DE","og_type":"article","og_title":"Membran-Radjacke PURE HELIOS OCEAN (DAMEN)","og_description":"Die neue Thermo-Radjacke Inverse zeichnet sich durch ihr originelles und innovatives Muster aus, das die Aerodynamik auf dem Fahrrad verbessert, und durch den Stoff mit wasserabweisender Membran, der Sie vor Feuchtigkeit und Regen sch\u00fctzt. Es passt sich beim Treten perfekt an den K\u00f6rper an und l\u00e4sst die Luft leicht str\u00f6men, um die Aerodynamik zu erh\u00f6hen. Es verf\u00fcgt \u00fcber einen integrierten Rei\u00dfverschluss mit Anti-Pull-System, der ein einfaches An- und Ausziehen erm\u00f6glicht und die Bel\u00fcftung w\u00e4hrend des Trainings regulieren kann. Als Neuheit im Vergleich zu den Vorg\u00e4ngerversionen verf\u00fcgt es \u00fcber einen seitlichen Rei\u00dfverschluss, um die Bel\u00fcftung zu erh\u00f6hen und so den K\u00f6rper zu k\u00fchlen. Es verf\u00fcgt au\u00dferdem \u00fcber eine Innentasche mit Gummiband, die als Schl\u00fcsselhalter verwendet werden kann. Dar\u00fcber hinaus liegt ein Tuch bei, mit dem Sie die Brille reinigen k\u00f6nnen. Die \u00c4rmel passen sich allen Positionen an und sind mit Flachn\u00e4hten gefertigt. Die lasergeschnittene Manschette liegt sehr gut am Arm an und verhindert das Eindringen von Luft. Als Neuheit verf\u00fcgt es auf einer Seite \u00fcber die ECO-TECH-Netztasche, in der Sie den erzeugten Abfall aufbewahren k\u00f6nnen. Dar\u00fcber hinaus verf\u00fcgt es im Lendenbereich \u00fcber 3 gro\u00dfe Taschen, in denen Sie jeden Gegenstand verstauen k\u00f6nnen, ohne bef\u00fcrchten zu m\u00fcssen, ihn zu verlieren. In der Taille befindet sich ein Gummiband mit rutschfestem Silikongriff auf der Innenseite, damit das Trikot gut am K\u00f6rper anliegt. Dar\u00fcber hinaus verf\u00fcgt es \u00fcber mehrere reflektierende Details, um Ihre Sicherheit im Stra\u00dfenverkehr zu erh\u00f6hen. Genie\u00dfen Sie das Radfahren ohne Sorgen.","og_url":"https:\/\/www.inverseteams.com\/de\/produkt\/membran-radjacke-pure-helios-ocean-damen\/","og_site_name":"Inverseteams","article_publisher":"https:\/\/www.facebook.com\/inverseteams","article_modified_time":"2024-10-17T07:39:56+00:00","og_image":[{"width":1500,"height":1612,"url":"https:\/\/www.inverseteams.com\/wp-content\/uploads\/CHAQUETA-CICLISMO-MUJER-PURE-HELIOS-OCEAN-1-1.jpg","type":"image\/jpeg"}],"twitter_card":"summary_large_image","twitter_misc":{"Gesch\u00e4tzte Lesezeit":"2\u00a0Minute"},"schema":{"@context":"https:\/\/schema.org","@graph":[{"@type":"WebPage","@id":"https:\/\/www.inverseteams.com\/de\/produkt\/membran-radjacke-pure-helios-ocean-damen\/","url":"https:\/\/www.inverseteams.com\/de\/produkt\/membran-radjacke-pure-helios-ocean-damen\/","name":"Membran-Radjacke PURE HELIOS OCEAN (DAMEN)","isPartOf":{"@id":"https:\/\/www.inverseteams.com\/de\/#website"},"primaryImageOfPage":{"@id":"https:\/\/www.inverseteams.com\/de\/produkt\/membran-radjacke-pure-helios-ocean-damen\/#primaryimage"},"image":{"@id":"https:\/\/www.inverseteams.com\/de\/produkt\/membran-radjacke-pure-helios-ocean-damen\/#primaryimage"},"thumbnailUrl":"https:\/\/www.inverseteams.com\/wp-content\/uploads\/CHAQUETA-CICLISMO-MUJER-PURE-HELIOS-OCEAN-1-1.jpg","datePublished":"2024-07-26T12:38:39+00:00","dateModified":"2024-10-17T07:39:56+00:00","description":"Die neue Thermo-Radjacke Inverse zeichnet sich durch ihr originelles und innovatives Muster aus, das die Aerodynamik auf dem Fahrrad verbessert, und durch den Stoff mit wasserabweisender Membran, der Sie vor Feuchtigkeit und Regen sch\u00fctzt. Es passt sich beim Treten perfekt an den K\u00f6rper an und l\u00e4sst die Luft leicht str\u00f6men, um die Aerodynamik zu erh\u00f6hen. Es verf\u00fcgt \u00fcber einen integrierten Rei\u00dfverschluss mit Anti-Pull-System, der ein einfaches An- und Ausziehen erm\u00f6glicht und die Bel\u00fcftung w\u00e4hrend des Trainings regulieren kann. Als Neuheit im Vergleich zu den Vorg\u00e4ngerversionen verf\u00fcgt es \u00fcber einen seitlichen Rei\u00dfverschluss, um die Bel\u00fcftung zu erh\u00f6hen und so den K\u00f6rper zu k\u00fchlen. Es verf\u00fcgt au\u00dferdem \u00fcber eine Innentasche mit Gummiband, die als Schl\u00fcsselhalter verwendet werden kann. Dar\u00fcber hinaus liegt ein Tuch bei, mit dem Sie die Brille reinigen k\u00f6nnen. Die \u00c4rmel passen sich allen Positionen an und sind mit Flachn\u00e4hten gefertigt. Die lasergeschnittene Manschette liegt sehr gut am Arm an und verhindert das Eindringen von Luft. Als Neuheit verf\u00fcgt es auf einer Seite \u00fcber die ECO-TECH-Netztasche, in der Sie den erzeugten Abfall aufbewahren k\u00f6nnen. Dar\u00fcber hinaus verf\u00fcgt es im Lendenbereich \u00fcber 3 gro\u00dfe Taschen, in denen Sie jeden Gegenstand verstauen k\u00f6nnen, ohne bef\u00fcrchten zu m\u00fcssen, ihn zu verlieren. In der Taille befindet sich ein Gummiband mit rutschfestem Silikongriff auf der Innenseite, damit das Trikot gut am K\u00f6rper anliegt. Dar\u00fcber hinaus verf\u00fcgt es \u00fcber mehrere reflektierende Details, um Ihre Sicherheit im Stra\u00dfenverkehr zu erh\u00f6hen. Genie\u00dfen Sie das Radfahren ohne Sorgen.","breadcrumb":{"@id":"https:\/\/www.inverseteams.com\/de\/produkt\/membran-radjacke-pure-helios-ocean-damen\/#breadcrumb"},"inLanguage":"de","potentialAction":[{"@type":"ReadAction","target":["https:\/\/www.inverseteams.com\/de\/produkt\/membran-radjacke-pure-helios-ocean-damen\/"]}]},{"@type":"ImageObject","inLanguage":"de","@id":"https:\/\/www.inverseteams.com\/de\/produkt\/membran-radjacke-pure-helios-ocean-damen\/#primaryimage","url":"https:\/\/www.inverseteams.com\/wp-content\/uploads\/CHAQUETA-CICLISMO-MUJER-PURE-HELIOS-OCEAN-1-1.jpg","contentUrl":"https:\/\/www.inverseteams.com\/wp-content\/uploads\/CHAQUETA-CICLISMO-MUJER-PURE-HELIOS-OCEAN-1-1.jpg","width":1500,"height":1612,"caption":"CHAQUETA CICLISMO TERMICA MUJER"},{"@type":"BreadcrumbList","@id":"https:\/\/www.inverseteams.com\/de\/produkt\/membran-radjacke-pure-helios-ocean-damen\/#breadcrumb","itemListElement":[{"@type":"ListItem","position":1,"name":"Portada","item":"https:\/\/www.inverseteams.com\/de\/"},{"@type":"ListItem","position":2,"name":"Speichern","item":"https:\/\/www.inverseteams.com\/de\/speichern\/"},{"@type":"ListItem","position":3,"name":"Membran-Radjacke PURE HELIOS OCEAN (DAMEN)"}]},{"@type":"WebSite","@id":"https:\/\/www.inverseteams.com\/de\/#website","url":"https:\/\/www.inverseteams.com\/de\/","name":"Inverseteams","description":"Tu marca de ropa deportiva personalizada","publisher":{"@id":"https:\/\/www.inverseteams.com\/de\/#organization"},"potentialAction":[{"@type":"SearchAction","target":{"@type":"EntryPoint","urlTemplate":"https:\/\/www.inverseteams.com\/de\/?s={search_term_string}"},"query-input":{"@type":"PropertyValueSpecification","valueRequired":true,"valueName":"search_term_string"}}],"inLanguage":"de"},{"@type":"Organization","@id":"https:\/\/www.inverseteams.com\/de\/#organization","name":"Inverse Teams","url":"https:\/\/www.inverseteams.com\/de\/","logo":{"@type":"ImageObject","inLanguage":"de","@id":"https:\/\/www.inverseteams.com\/de\/#\/schema\/logo\/image\/","url":"https:\/\/www.inverseteams.com\/wp-content\/uploads\/2021\/03\/logo-inverse-teams.png","contentUrl":"https:\/\/www.inverseteams.com\/wp-content\/uploads\/2021\/03\/logo-inverse-teams.png","width":294,"height":99,"caption":"Inverse Teams"},"image":{"@id":"https:\/\/www.inverseteams.com\/de\/#\/schema\/logo\/image\/"},"sameAs":["https:\/\/www.facebook.com\/inverseteams","http:\/\/instagram.com\/inverseteams","https:\/\/www.linkedin.com\/company\/inverse-cirosport-s-l-?trk=job_view_topcard_company_name","http:\/\/www.pinterest.com\/inverseteams\/","http:\/\/www.youtube.com\/user\/inverseteams?feature=watch"]}]}},"_links":{"self":[{"href":"https:\/\/www.inverseteams.com\/de\/wp-json\/wp\/v2\/product\/209689","targetHints":{"allow":["GET"]}}],"collection":[{"href":"https:\/\/www.inverseteams.com\/de\/wp-json\/wp\/v2\/product"}],"about":[{"href":"https:\/\/www.inverseteams.com\/de\/wp-json\/wp\/v2\/types\/product"}],"replies":[{"embeddable":true,"href":"https:\/\/www.inverseteams.com\/de\/wp-json\/wp\/v2\/comments?post=209689"}],"wp:featuredmedia":[{"embeddable":true,"href":"https:\/\/www.inverseteams.com\/de\/wp-json\/wp\/v2\/media\/217194"}],"wp:attachment":[{"href":"https:\/\/www.inverseteams.com\/de\/wp-json\/wp\/v2\/media?parent=209689"}],"wp:term":[{"taxonomy":"product_brand","embeddable":true,"href":"https:\/\/www.inverseteams.com\/de\/wp-json\/wp\/v2\/product_brand?post=209689"},{"taxonomy":"product_cat","embeddable":true,"href":"https:\/\/www.inverseteams.com\/de\/wp-json\/wp\/v2\/product_cat?post=209689"},{"taxonomy":"product_tag","embeddable":true,"href":"https:\/\/www.inverseteams.com\/de\/wp-json\/wp\/v2\/product_tag?post=209689"},{"taxonomy":"custom_category","embeddable":true,"href":"https:\/\/www.inverseteams.com\/de\/wp-json\/wp\/v2\/custom_category?post=209689"},{"taxonomy":"range","embeddable":true,"href":"https:\/\/www.inverseteams.com\/de\/wp-json\/wp\/v2\/range?post=209689"}],"curies":[{"name":"wp","href":"https:\/\/api.w.org\/{rel}","templated":true}]}}