{"id":209646,"date":"2024-07-26T12:26:54","date_gmt":"2024-07-26T12:26:54","guid":{"rendered":"https:\/\/www.inverseteams.com\/?post_type=product&#038;p=209646"},"modified":"2024-10-17T08:51:45","modified_gmt":"2024-10-17T08:51:45","slug":"wende-regenjacke-2way-tierra-black-unisex","status":"publish","type":"product","link":"https:\/\/www.inverseteams.com\/de\/produkt\/wende-regenjacke-2way-tierra-black-unisex\/","title":{"rendered":"Wende Regenjacke 2WAY TIERRA\/BLACK (UNISEX)"},"content":{"rendered":"<p>Revolution\u00e4rer Wende-Regenmantel mit originellem und innovativem Muster, der es Ihnen erm\u00f6glicht, zwei Kleidungsst\u00fccke in einem zu tragen und ihn mit all Ihren Radhosen zu kombinieren.<br \/>\nDank seines bidirektionalen Membrangewebes sind seine Eigenschaften auf beiden Seiten gleich. Es ist sehr leicht, wind- und wasserdicht. Ideal f\u00fcr Abfahrten und Tage mit wechselndem Wetter.<br \/>\nDa es so d\u00fcnn und leicht ist, k\u00f6nnen Sie es problemlos in der Trikottasche verstauen, wenn Sie es nicht ben\u00f6tigen. Es verf\u00fcgt \u00fcber einen durchgehenden Rei\u00dfverschluss mit Anti-Pull-System, mit dem Sie die Bel\u00fcftung w\u00e4hrend des Trainings regulieren k\u00f6nnen.<br \/>\nAuf beiden Seiten des Lendenbereichs sind 3 Taschen mit gro\u00dfem Fassungsverm\u00f6gen integriert. Auf einer Seite haben die Taschen eine Klappe, die sie vor Regen sch\u00fctzt.<br \/>\nIn der Taille befindet sich ein Gummiband mit rutschfestem Silikongriff auf der Innenseite, damit das Trikot gut am K\u00f6rper anliegt. Genie\u00dfen Sie das Radfahren ohne Sorgen.<\/p>\n","protected":false},"excerpt":{"rendered":"<p>Revolution\u00e4rer Wende-Regenmantel mit originellem und innovativem Muster, der es Ihnen erm\u00f6glicht, zwei Kleidungsst\u00fccke in einem zu tragen und ihn mit all Ihren Radhosen zu kombinieren.<br \/>\nDank seines bidirektionalen Membrangewebes sind seine Eigenschaften auf beiden Seiten gleich. Es ist sehr leicht, wind- und wasserdicht. Ideal f\u00fcr Abfahrten und Tage mit wechselndem Wetter.<br \/>\nDa es so d\u00fcnn und leicht ist, k\u00f6nnen Sie es problemlos in der Trikottasche verstauen, wenn Sie es nicht ben\u00f6tigen. Es verf\u00fcgt \u00fcber einen durchgehenden Rei\u00dfverschluss mit Anti-Pull-System, mit dem Sie die Bel\u00fcftung w\u00e4hrend des Trainings regulieren k\u00f6nnen.<br \/>\nAuf beiden Seiten des Lendenbereichs sind 3 Taschen mit gro\u00dfem Fassungsverm\u00f6gen integriert. Auf einer Seite haben die Taschen eine Klappe, die sie vor Regen sch\u00fctzt.<br \/>\nIn der Taille befindet sich ein Gummiband mit rutschfestem Silikongriff auf der Innenseite, damit das Trikot gut am K\u00f6rper anliegt. Genie\u00dfen Sie das Radfahren ohne Sorgen.<\/p>\n","protected":false},"featured_media":209044,"comment_status":"closed","ping_status":"closed","template":"","meta":{"_acf_changed":false},"product_brand":[],"product_cat":[11153,11258,11159],"product_tag":[],"custom_category":[],"range":[],"class_list":{"0":"post-209646","1":"product","2":"type-product","3":"status-publish","4":"has-post-thumbnail","6":"product_cat-b2b-de","7":"product_cat-gravel-de","8":"product_cat-radjacken","9":"pa_climatologia-lluvia-de","10":"pa_climatologia-viento-de","11":"pa_climatologia-temperatura-templada-de","12":"pa_deporte-ciclismo-de","13":"pa_deporte-gravel-de","14":"pa_genero-hombre-de","15":"pa_genero-mujer-de","16":"pa_patronaje-regular-de","17":"pa_talla-xs-de","18":"pa_talla-s-de","19":"pa_talla-m-de","20":"pa_talla-l-de","21":"pa_talla-xl-de","22":"pa_tipo-de-prenda-impermeable-de","24":"first","25":"instock","26":"taxable","27":"shipping-taxable","28":"purchasable","29":"product-type-variable","30":"has-default-attributes"},"acf":[],"yoast_head":"<!-- This site is optimized with the Yoast SEO plugin v27.3 - https:\/\/yoast.com\/product\/yoast-seo-wordpress\/ -->\n<title>Wende Regenjacke 2WAY TIERRA\/BLACK (UNISEX)<\/title>\n<meta name=\"description\" content=\"Revolution\u00e4rer Wende-Regenmantel mit originellem und innovativem Muster, der es Ihnen erm\u00f6glicht, zwei Kleidungsst\u00fccke in einem zu tragen und ihn mit all Ihren Radhosen zu kombinieren. Dank seines bidirektionalen Membrangewebes sind seine Eigenschaften auf beiden Seiten gleich. Es ist sehr leicht, wind- und wasserdicht. Ideal f\u00fcr Abfahrten und Tage mit wechselndem Wetter. Da es so d\u00fcnn und leicht ist, k\u00f6nnen Sie es problemlos in der Trikottasche verstauen, wenn Sie es nicht ben\u00f6tigen. Es verf\u00fcgt \u00fcber einen durchgehenden Rei\u00dfverschluss mit Anti-Pull-System, mit dem Sie die Bel\u00fcftung w\u00e4hrend des Trainings regulieren k\u00f6nnen. Auf beiden Seiten des Lendenbereichs sind 3 Taschen mit gro\u00dfem Fassungsverm\u00f6gen integriert. Auf einer Seite haben die Taschen eine Klappe, die sie vor Regen sch\u00fctzt. In der Taille befindet sich ein Gummiband mit rutschfestem Silikongriff auf der Innenseite, damit das Trikot gut am K\u00f6rper anliegt. Genie\u00dfen Sie das Radfahren ohne Sorgen.\" \/>\n<meta name=\"robots\" content=\"index, follow, max-snippet:-1, max-image-preview:large, max-video-preview:-1\" \/>\n<link rel=\"canonical\" href=\"https:\/\/www.inverseteams.com\/de\/produkt\/wende-regenjacke-2way-tierra-black-unisex\/\" \/>\n<meta property=\"og:locale\" content=\"de_DE\" \/>\n<meta property=\"og:type\" content=\"article\" \/>\n<meta property=\"og:title\" content=\"Wende Regenjacke 2WAY TIERRA\/BLACK (UNISEX)\" \/>\n<meta property=\"og:description\" content=\"Revolution\u00e4rer Wende-Regenmantel mit originellem und innovativem Muster, der es Ihnen erm\u00f6glicht, zwei Kleidungsst\u00fccke in einem zu tragen und ihn mit all Ihren Radhosen zu kombinieren. Dank seines bidirektionalen Membrangewebes sind seine Eigenschaften auf beiden Seiten gleich. Es ist sehr leicht, wind- und wasserdicht. Ideal f\u00fcr Abfahrten und Tage mit wechselndem Wetter. Da es so d\u00fcnn und leicht ist, k\u00f6nnen Sie es problemlos in der Trikottasche verstauen, wenn Sie es nicht ben\u00f6tigen. Es verf\u00fcgt \u00fcber einen durchgehenden Rei\u00dfverschluss mit Anti-Pull-System, mit dem Sie die Bel\u00fcftung w\u00e4hrend des Trainings regulieren k\u00f6nnen. Auf beiden Seiten des Lendenbereichs sind 3 Taschen mit gro\u00dfem Fassungsverm\u00f6gen integriert. Auf einer Seite haben die Taschen eine Klappe, die sie vor Regen sch\u00fctzt. In der Taille befindet sich ein Gummiband mit rutschfestem Silikongriff auf der Innenseite, damit das Trikot gut am K\u00f6rper anliegt. Genie\u00dfen Sie das Radfahren ohne Sorgen.\" \/>\n<meta property=\"og:url\" content=\"https:\/\/www.inverseteams.com\/de\/produkt\/wende-regenjacke-2way-tierra-black-unisex\/\" \/>\n<meta property=\"og:site_name\" content=\"Inverseteams\" \/>\n<meta property=\"article:publisher\" content=\"https:\/\/www.facebook.com\/inverseteams\" \/>\n<meta property=\"article:modified_time\" content=\"2024-10-17T08:51:45+00:00\" \/>\n<meta property=\"og:image\" content=\"https:\/\/www.inverseteams.com\/wp-content\/uploads\/IMPERMEABLE-CICLISMO-REVERSIBLE-2WAY-1.jpg\" \/>\n\t<meta property=\"og:image:width\" content=\"1500\" \/>\n\t<meta property=\"og:image:height\" content=\"1612\" \/>\n\t<meta property=\"og:image:type\" content=\"image\/jpeg\" \/>\n<meta name=\"twitter:card\" content=\"summary_large_image\" \/>\n<meta name=\"twitter:label1\" content=\"Gesch\u00e4tzte Lesezeit\" \/>\n\t<meta name=\"twitter:data1\" content=\"1\u00a0Minute\" \/>\n<script type=\"application\/ld+json\" class=\"yoast-schema-graph\">{\"@context\":\"https:\\\/\\\/schema.org\",\"@graph\":[{\"@type\":\"WebPage\",\"@id\":\"https:\\\/\\\/www.inverseteams.com\\\/de\\\/produkt\\\/wende-regenjacke-2way-tierra-black-unisex\\\/\",\"url\":\"https:\\\/\\\/www.inverseteams.com\\\/de\\\/produkt\\\/wende-regenjacke-2way-tierra-black-unisex\\\/\",\"name\":\"Wende Regenjacke 2WAY TIERRA\\\/BLACK (UNISEX)\",\"isPartOf\":{\"@id\":\"https:\\\/\\\/www.inverseteams.com\\\/de\\\/#website\"},\"primaryImageOfPage\":{\"@id\":\"https:\\\/\\\/www.inverseteams.com\\\/de\\\/produkt\\\/wende-regenjacke-2way-tierra-black-unisex\\\/#primaryimage\"},\"image\":{\"@id\":\"https:\\\/\\\/www.inverseteams.com\\\/de\\\/produkt\\\/wende-regenjacke-2way-tierra-black-unisex\\\/#primaryimage\"},\"thumbnailUrl\":\"https:\\\/\\\/www.inverseteams.com\\\/wp-content\\\/uploads\\\/IMPERMEABLE-CICLISMO-REVERSIBLE-2WAY-1.jpg\",\"datePublished\":\"2024-07-26T12:26:54+00:00\",\"dateModified\":\"2024-10-17T08:51:45+00:00\",\"description\":\"Revolution\u00e4rer Wende-Regenmantel mit originellem und innovativem Muster, der es Ihnen erm\u00f6glicht, zwei Kleidungsst\u00fccke in einem zu tragen und ihn mit all Ihren Radhosen zu kombinieren. Dank seines bidirektionalen Membrangewebes sind seine Eigenschaften auf beiden Seiten gleich. Es ist sehr leicht, wind- und wasserdicht. Ideal f\u00fcr Abfahrten und Tage mit wechselndem Wetter. Da es so d\u00fcnn und leicht ist, k\u00f6nnen Sie es problemlos in der Trikottasche verstauen, wenn Sie es nicht ben\u00f6tigen. Es verf\u00fcgt \u00fcber einen durchgehenden Rei\u00dfverschluss mit Anti-Pull-System, mit dem Sie die Bel\u00fcftung w\u00e4hrend des Trainings regulieren k\u00f6nnen. Auf beiden Seiten des Lendenbereichs sind 3 Taschen mit gro\u00dfem Fassungsverm\u00f6gen integriert. Auf einer Seite haben die Taschen eine Klappe, die sie vor Regen sch\u00fctzt. In der Taille befindet sich ein Gummiband mit rutschfestem Silikongriff auf der Innenseite, damit das Trikot gut am K\u00f6rper anliegt. Genie\u00dfen Sie das Radfahren ohne Sorgen.\",\"breadcrumb\":{\"@id\":\"https:\\\/\\\/www.inverseteams.com\\\/de\\\/produkt\\\/wende-regenjacke-2way-tierra-black-unisex\\\/#breadcrumb\"},\"inLanguage\":\"de\",\"potentialAction\":[{\"@type\":\"ReadAction\",\"target\":[\"https:\\\/\\\/www.inverseteams.com\\\/de\\\/produkt\\\/wende-regenjacke-2way-tierra-black-unisex\\\/\"]}]},{\"@type\":\"ImageObject\",\"inLanguage\":\"de\",\"@id\":\"https:\\\/\\\/www.inverseteams.com\\\/de\\\/produkt\\\/wende-regenjacke-2way-tierra-black-unisex\\\/#primaryimage\",\"url\":\"https:\\\/\\\/www.inverseteams.com\\\/wp-content\\\/uploads\\\/IMPERMEABLE-CICLISMO-REVERSIBLE-2WAY-1.jpg\",\"contentUrl\":\"https:\\\/\\\/www.inverseteams.com\\\/wp-content\\\/uploads\\\/IMPERMEABLE-CICLISMO-REVERSIBLE-2WAY-1.jpg\",\"width\":1500,\"height\":1612,\"caption\":\"Wende Regenjacke 2WAY TIERRA\\\/BLACK\"},{\"@type\":\"BreadcrumbList\",\"@id\":\"https:\\\/\\\/www.inverseteams.com\\\/de\\\/produkt\\\/wende-regenjacke-2way-tierra-black-unisex\\\/#breadcrumb\",\"itemListElement\":[{\"@type\":\"ListItem\",\"position\":1,\"name\":\"Portada\",\"item\":\"https:\\\/\\\/www.inverseteams.com\\\/de\\\/\"},{\"@type\":\"ListItem\",\"position\":2,\"name\":\"Speichern\",\"item\":\"https:\\\/\\\/www.inverseteams.com\\\/de\\\/speichern\\\/\"},{\"@type\":\"ListItem\",\"position\":3,\"name\":\"Wende Regenjacke 2WAY TIERRA\\\/BLACK (UNISEX)\"}]},{\"@type\":\"WebSite\",\"@id\":\"https:\\\/\\\/www.inverseteams.com\\\/de\\\/#website\",\"url\":\"https:\\\/\\\/www.inverseteams.com\\\/de\\\/\",\"name\":\"Inverseteams\",\"description\":\"Tu marca de ropa deportiva personalizada\",\"publisher\":{\"@id\":\"https:\\\/\\\/www.inverseteams.com\\\/de\\\/#organization\"},\"potentialAction\":[{\"@type\":\"SearchAction\",\"target\":{\"@type\":\"EntryPoint\",\"urlTemplate\":\"https:\\\/\\\/www.inverseteams.com\\\/de\\\/?s={search_term_string}\"},\"query-input\":{\"@type\":\"PropertyValueSpecification\",\"valueRequired\":true,\"valueName\":\"search_term_string\"}}],\"inLanguage\":\"de\"},{\"@type\":\"Organization\",\"@id\":\"https:\\\/\\\/www.inverseteams.com\\\/de\\\/#organization\",\"name\":\"Inverse Teams\",\"url\":\"https:\\\/\\\/www.inverseteams.com\\\/de\\\/\",\"logo\":{\"@type\":\"ImageObject\",\"inLanguage\":\"de\",\"@id\":\"https:\\\/\\\/www.inverseteams.com\\\/de\\\/#\\\/schema\\\/logo\\\/image\\\/\",\"url\":\"https:\\\/\\\/www.inverseteams.com\\\/wp-content\\\/uploads\\\/2021\\\/03\\\/logo-inverse-teams.png\",\"contentUrl\":\"https:\\\/\\\/www.inverseteams.com\\\/wp-content\\\/uploads\\\/2021\\\/03\\\/logo-inverse-teams.png\",\"width\":294,\"height\":99,\"caption\":\"Inverse Teams\"},\"image\":{\"@id\":\"https:\\\/\\\/www.inverseteams.com\\\/de\\\/#\\\/schema\\\/logo\\\/image\\\/\"},\"sameAs\":[\"https:\\\/\\\/www.facebook.com\\\/inverseteams\",\"http:\\\/\\\/instagram.com\\\/inverseteams\",\"https:\\\/\\\/www.linkedin.com\\\/company\\\/inverse-cirosport-s-l-?trk=job_view_topcard_company_name\",\"http:\\\/\\\/www.pinterest.com\\\/inverseteams\\\/\",\"http:\\\/\\\/www.youtube.com\\\/user\\\/inverseteams?feature=watch\"]}]}<\/script>\n<!-- \/ Yoast SEO plugin. -->","yoast_head_json":{"title":"Wende Regenjacke 2WAY TIERRA\/BLACK (UNISEX)","description":"Revolution\u00e4rer Wende-Regenmantel mit originellem und innovativem Muster, der es Ihnen erm\u00f6glicht, zwei Kleidungsst\u00fccke in einem zu tragen und ihn mit all Ihren Radhosen zu kombinieren. Dank seines bidirektionalen Membrangewebes sind seine Eigenschaften auf beiden Seiten gleich. Es ist sehr leicht, wind- und wasserdicht. Ideal f\u00fcr Abfahrten und Tage mit wechselndem Wetter. Da es so d\u00fcnn und leicht ist, k\u00f6nnen Sie es problemlos in der Trikottasche verstauen, wenn Sie es nicht ben\u00f6tigen. Es verf\u00fcgt \u00fcber einen durchgehenden Rei\u00dfverschluss mit Anti-Pull-System, mit dem Sie die Bel\u00fcftung w\u00e4hrend des Trainings regulieren k\u00f6nnen. Auf beiden Seiten des Lendenbereichs sind 3 Taschen mit gro\u00dfem Fassungsverm\u00f6gen integriert. Auf einer Seite haben die Taschen eine Klappe, die sie vor Regen sch\u00fctzt. In der Taille befindet sich ein Gummiband mit rutschfestem Silikongriff auf der Innenseite, damit das Trikot gut am K\u00f6rper anliegt. Genie\u00dfen Sie das Radfahren ohne Sorgen.","robots":{"index":"index","follow":"follow","max-snippet":"max-snippet:-1","max-image-preview":"max-image-preview:large","max-video-preview":"max-video-preview:-1"},"canonical":"https:\/\/www.inverseteams.com\/de\/produkt\/wende-regenjacke-2way-tierra-black-unisex\/","og_locale":"de_DE","og_type":"article","og_title":"Wende Regenjacke 2WAY TIERRA\/BLACK (UNISEX)","og_description":"Revolution\u00e4rer Wende-Regenmantel mit originellem und innovativem Muster, der es Ihnen erm\u00f6glicht, zwei Kleidungsst\u00fccke in einem zu tragen und ihn mit all Ihren Radhosen zu kombinieren. Dank seines bidirektionalen Membrangewebes sind seine Eigenschaften auf beiden Seiten gleich. Es ist sehr leicht, wind- und wasserdicht. Ideal f\u00fcr Abfahrten und Tage mit wechselndem Wetter. Da es so d\u00fcnn und leicht ist, k\u00f6nnen Sie es problemlos in der Trikottasche verstauen, wenn Sie es nicht ben\u00f6tigen. Es verf\u00fcgt \u00fcber einen durchgehenden Rei\u00dfverschluss mit Anti-Pull-System, mit dem Sie die Bel\u00fcftung w\u00e4hrend des Trainings regulieren k\u00f6nnen. Auf beiden Seiten des Lendenbereichs sind 3 Taschen mit gro\u00dfem Fassungsverm\u00f6gen integriert. Auf einer Seite haben die Taschen eine Klappe, die sie vor Regen sch\u00fctzt. In der Taille befindet sich ein Gummiband mit rutschfestem Silikongriff auf der Innenseite, damit das Trikot gut am K\u00f6rper anliegt. Genie\u00dfen Sie das Radfahren ohne Sorgen.","og_url":"https:\/\/www.inverseteams.com\/de\/produkt\/wende-regenjacke-2way-tierra-black-unisex\/","og_site_name":"Inverseteams","article_publisher":"https:\/\/www.facebook.com\/inverseteams","article_modified_time":"2024-10-17T08:51:45+00:00","og_image":[{"width":1500,"height":1612,"url":"https:\/\/www.inverseteams.com\/wp-content\/uploads\/IMPERMEABLE-CICLISMO-REVERSIBLE-2WAY-1.jpg","type":"image\/jpeg"}],"twitter_card":"summary_large_image","twitter_misc":{"Gesch\u00e4tzte Lesezeit":"1\u00a0Minute"},"schema":{"@context":"https:\/\/schema.org","@graph":[{"@type":"WebPage","@id":"https:\/\/www.inverseteams.com\/de\/produkt\/wende-regenjacke-2way-tierra-black-unisex\/","url":"https:\/\/www.inverseteams.com\/de\/produkt\/wende-regenjacke-2way-tierra-black-unisex\/","name":"Wende Regenjacke 2WAY TIERRA\/BLACK (UNISEX)","isPartOf":{"@id":"https:\/\/www.inverseteams.com\/de\/#website"},"primaryImageOfPage":{"@id":"https:\/\/www.inverseteams.com\/de\/produkt\/wende-regenjacke-2way-tierra-black-unisex\/#primaryimage"},"image":{"@id":"https:\/\/www.inverseteams.com\/de\/produkt\/wende-regenjacke-2way-tierra-black-unisex\/#primaryimage"},"thumbnailUrl":"https:\/\/www.inverseteams.com\/wp-content\/uploads\/IMPERMEABLE-CICLISMO-REVERSIBLE-2WAY-1.jpg","datePublished":"2024-07-26T12:26:54+00:00","dateModified":"2024-10-17T08:51:45+00:00","description":"Revolution\u00e4rer Wende-Regenmantel mit originellem und innovativem Muster, der es Ihnen erm\u00f6glicht, zwei Kleidungsst\u00fccke in einem zu tragen und ihn mit all Ihren Radhosen zu kombinieren. Dank seines bidirektionalen Membrangewebes sind seine Eigenschaften auf beiden Seiten gleich. Es ist sehr leicht, wind- und wasserdicht. Ideal f\u00fcr Abfahrten und Tage mit wechselndem Wetter. Da es so d\u00fcnn und leicht ist, k\u00f6nnen Sie es problemlos in der Trikottasche verstauen, wenn Sie es nicht ben\u00f6tigen. Es verf\u00fcgt \u00fcber einen durchgehenden Rei\u00dfverschluss mit Anti-Pull-System, mit dem Sie die Bel\u00fcftung w\u00e4hrend des Trainings regulieren k\u00f6nnen. Auf beiden Seiten des Lendenbereichs sind 3 Taschen mit gro\u00dfem Fassungsverm\u00f6gen integriert. Auf einer Seite haben die Taschen eine Klappe, die sie vor Regen sch\u00fctzt. In der Taille befindet sich ein Gummiband mit rutschfestem Silikongriff auf der Innenseite, damit das Trikot gut am K\u00f6rper anliegt. Genie\u00dfen Sie das Radfahren ohne Sorgen.","breadcrumb":{"@id":"https:\/\/www.inverseteams.com\/de\/produkt\/wende-regenjacke-2way-tierra-black-unisex\/#breadcrumb"},"inLanguage":"de","potentialAction":[{"@type":"ReadAction","target":["https:\/\/www.inverseteams.com\/de\/produkt\/wende-regenjacke-2way-tierra-black-unisex\/"]}]},{"@type":"ImageObject","inLanguage":"de","@id":"https:\/\/www.inverseteams.com\/de\/produkt\/wende-regenjacke-2way-tierra-black-unisex\/#primaryimage","url":"https:\/\/www.inverseteams.com\/wp-content\/uploads\/IMPERMEABLE-CICLISMO-REVERSIBLE-2WAY-1.jpg","contentUrl":"https:\/\/www.inverseteams.com\/wp-content\/uploads\/IMPERMEABLE-CICLISMO-REVERSIBLE-2WAY-1.jpg","width":1500,"height":1612,"caption":"Wende Regenjacke 2WAY TIERRA\/BLACK"},{"@type":"BreadcrumbList","@id":"https:\/\/www.inverseteams.com\/de\/produkt\/wende-regenjacke-2way-tierra-black-unisex\/#breadcrumb","itemListElement":[{"@type":"ListItem","position":1,"name":"Portada","item":"https:\/\/www.inverseteams.com\/de\/"},{"@type":"ListItem","position":2,"name":"Speichern","item":"https:\/\/www.inverseteams.com\/de\/speichern\/"},{"@type":"ListItem","position":3,"name":"Wende Regenjacke 2WAY TIERRA\/BLACK (UNISEX)"}]},{"@type":"WebSite","@id":"https:\/\/www.inverseteams.com\/de\/#website","url":"https:\/\/www.inverseteams.com\/de\/","name":"Inverseteams","description":"Tu marca de ropa deportiva personalizada","publisher":{"@id":"https:\/\/www.inverseteams.com\/de\/#organization"},"potentialAction":[{"@type":"SearchAction","target":{"@type":"EntryPoint","urlTemplate":"https:\/\/www.inverseteams.com\/de\/?s={search_term_string}"},"query-input":{"@type":"PropertyValueSpecification","valueRequired":true,"valueName":"search_term_string"}}],"inLanguage":"de"},{"@type":"Organization","@id":"https:\/\/www.inverseteams.com\/de\/#organization","name":"Inverse Teams","url":"https:\/\/www.inverseteams.com\/de\/","logo":{"@type":"ImageObject","inLanguage":"de","@id":"https:\/\/www.inverseteams.com\/de\/#\/schema\/logo\/image\/","url":"https:\/\/www.inverseteams.com\/wp-content\/uploads\/2021\/03\/logo-inverse-teams.png","contentUrl":"https:\/\/www.inverseteams.com\/wp-content\/uploads\/2021\/03\/logo-inverse-teams.png","width":294,"height":99,"caption":"Inverse Teams"},"image":{"@id":"https:\/\/www.inverseteams.com\/de\/#\/schema\/logo\/image\/"},"sameAs":["https:\/\/www.facebook.com\/inverseteams","http:\/\/instagram.com\/inverseteams","https:\/\/www.linkedin.com\/company\/inverse-cirosport-s-l-?trk=job_view_topcard_company_name","http:\/\/www.pinterest.com\/inverseteams\/","http:\/\/www.youtube.com\/user\/inverseteams?feature=watch"]}]}},"_links":{"self":[{"href":"https:\/\/www.inverseteams.com\/de\/wp-json\/wp\/v2\/product\/209646","targetHints":{"allow":["GET"]}}],"collection":[{"href":"https:\/\/www.inverseteams.com\/de\/wp-json\/wp\/v2\/product"}],"about":[{"href":"https:\/\/www.inverseteams.com\/de\/wp-json\/wp\/v2\/types\/product"}],"replies":[{"embeddable":true,"href":"https:\/\/www.inverseteams.com\/de\/wp-json\/wp\/v2\/comments?post=209646"}],"wp:featuredmedia":[{"embeddable":true,"href":"https:\/\/www.inverseteams.com\/de\/wp-json\/wp\/v2\/media\/209044"}],"wp:attachment":[{"href":"https:\/\/www.inverseteams.com\/de\/wp-json\/wp\/v2\/media?parent=209646"}],"wp:term":[{"taxonomy":"product_brand","embeddable":true,"href":"https:\/\/www.inverseteams.com\/de\/wp-json\/wp\/v2\/product_brand?post=209646"},{"taxonomy":"product_cat","embeddable":true,"href":"https:\/\/www.inverseteams.com\/de\/wp-json\/wp\/v2\/product_cat?post=209646"},{"taxonomy":"product_tag","embeddable":true,"href":"https:\/\/www.inverseteams.com\/de\/wp-json\/wp\/v2\/product_tag?post=209646"},{"taxonomy":"custom_category","embeddable":true,"href":"https:\/\/www.inverseteams.com\/de\/wp-json\/wp\/v2\/custom_category?post=209646"},{"taxonomy":"range","embeddable":true,"href":"https:\/\/www.inverseteams.com\/de\/wp-json\/wp\/v2\/range?post=209646"}],"curies":[{"name":"wp","href":"https:\/\/api.w.org\/{rel}","templated":true}]}}