{"id":209598,"date":"2024-07-26T12:14:36","date_gmt":"2024-07-26T12:14:36","guid":{"rendered":"https:\/\/www.inverseteams.com\/?post_type=product&#038;p=209598"},"modified":"2025-01-10T11:01:56","modified_gmt":"2025-01-10T11:01:56","slug":"langarm-radtrikot-pure-level-petrol-damen","status":"publish","type":"product","link":"https:\/\/www.inverseteams.com\/de\/produkt\/langarm-radtrikot-pure-level-petrol-damen\/","title":{"rendered":"Langarm Radtrikot PURE LEVEL PETROL (DAMEN)"},"content":{"rendered":"<p>Eng anliegendes Radtrikot, perfekt f\u00fcr Training und Wettkampf. Der K\u00f6rper besteht aus dem Thermogewebe SUPERROUBAIX, das die K\u00f6rperw\u00e4rme speichert und den Abtransport von Schwei\u00df erleichtert. Sie werden sich rundum wohl f\u00fchlen und Ihre Haut bleibt w\u00e4hrend der gesamten Trainingsstunden trocken. Durch das SLIM FIT-Muster schmiegt sich das Radtrikot gut an den K\u00f6rper an, um seine technischen Eigenschaften zu maximieren und die Aerodynamik zu verbessern. Es verf\u00fcgt \u00fcber einen integrierten Rei\u00dfverschluss mit Anti-Pull-System, mit dem Sie es leicht an- und ausziehen und die Bel\u00fcftung w\u00e4hrend des Trainings regulieren k\u00f6nnen.<br \/>\nDie eingesetzten \u00c4rmel passen sich perfekt dem Arm und allen Positionen an. Sie sind mit Flachn\u00e4hten gen\u00e4ht, um Scheuern zu vermeiden. Das CYCLON-Gewebe, aus dem sie hergestellt sind, ist hoch atmungsaktiv. Die elastische Manschette liegt sehr gut am Arm an und verhindert das Eindringen von Luft. Als Neuheit im Vergleich zu fr\u00fcheren Ausgaben verf\u00fcgt der linke \u00c4rmel \u00fcber eine zus\u00e4tzliche, leicht zug\u00e4ngliche Tasche.<br \/>\nAn der Taille befindet sich ein Gummiband mit einem rutschfesten Silikongriff an der Innenseite, damit das Trikot gut am K\u00f6rper anliegt. Im unteren R\u00fcckenbereich sind drei Taschen mit dem neuen ISP-Sicherheitssystem (Inverse Safe Pocket) eingearbeitet, in denen Sie alle Gegenst\u00e4nde verstauen k\u00f6nnen, ohne Angst haben zu m\u00fcssen, sie zu verlieren. Dar\u00fcber hinaus wurde diesen eine Rei\u00dfverschlusstasche zur Aufbewahrung von Schl\u00fcsseln oder Geld hinzugef\u00fcgt. Au\u00dferdem verf\u00fcgt es \u00fcber mehrere reflektierende Details, um Ihre Sicherheit auf der Stra\u00dfe zu erh\u00f6hen. Genie\u00dfen Sie das Radfahren ohne Sorgen.<\/p>\n","protected":false},"excerpt":{"rendered":"<p>Eng anliegendes Radtrikot, perfekt f\u00fcr Training und Wettkampf. Der K\u00f6rper besteht aus dem Thermogewebe SUPERROUBAIX, das die K\u00f6rperw\u00e4rme speichert und den Abtransport von Schwei\u00df erleichtert. Sie werden sich rundum wohl f\u00fchlen und Ihre Haut bleibt w\u00e4hrend der gesamten Trainingsstunden trocken. Durch das SLIM FIT-Muster schmiegt sich das Radtrikot gut an den K\u00f6rper an, um seine technischen Eigenschaften zu maximieren und die Aerodynamik zu verbessern. Es verf\u00fcgt \u00fcber einen integrierten Rei\u00dfverschluss mit Anti-Pull-System, mit dem Sie es leicht an- und ausziehen und die Bel\u00fcftung w\u00e4hrend des Trainings regulieren k\u00f6nnen.<br \/>\nDie eingesetzten \u00c4rmel passen sich perfekt dem Arm und allen Positionen an. Sie sind mit Flachn\u00e4hten gen\u00e4ht, um Scheuern zu vermeiden. Das CYCLON-Gewebe, aus dem sie hergestellt sind, ist hoch atmungsaktiv. Die elastische Manschette liegt sehr gut am Arm an und verhindert das Eindringen von Luft. Als Neuheit im Vergleich zu fr\u00fcheren Ausgaben verf\u00fcgt der linke \u00c4rmel \u00fcber eine zus\u00e4tzliche, leicht zug\u00e4ngliche Tasche.<br \/>\nAn der Taille befindet sich ein Gummiband mit einem rutschfesten Silikongriff an der Innenseite, damit das Trikot gut am K\u00f6rper anliegt. Im unteren R\u00fcckenbereich sind drei Taschen mit dem neuen ISP-Sicherheitssystem (Inverse Safe Pocket) eingearbeitet, in denen Sie alle Gegenst\u00e4nde verstauen k\u00f6nnen, ohne Angst haben zu m\u00fcssen, sie zu verlieren. Dar\u00fcber hinaus wurde diesen eine Rei\u00dfverschlusstasche zur Aufbewahrung von Schl\u00fcsseln oder Geld hinzugef\u00fcgt. Au\u00dferdem verf\u00fcgt es \u00fcber mehrere reflektierende Details, um Ihre Sicherheit auf der Stra\u00dfe zu erh\u00f6hen. Genie\u00dfen Sie das Radfahren ohne Sorgen.<\/p>\n","protected":false},"featured_media":217219,"comment_status":"closed","ping_status":"closed","template":"","meta":{"_acf_changed":false},"product_brand":[],"product_cat":[11152,11153],"product_tag":[],"custom_category":[],"range":[],"class_list":{"0":"post-209598","1":"product","2":"type-product","3":"status-publish","4":"has-post-thumbnail","6":"product_cat-radtrikots","7":"product_cat-b2b-de","8":"pa_climatologia-frio-de","9":"pa_deporte-ciclismo-de","10":"pa_genero-mujer-de","11":"pa_patronaje-fit-de","12":"pa_talla-s-de","13":"pa_talla-m-de","14":"pa_talla-l-de","15":"pa_talla-xl-de","16":"pa_talla-xs-de","17":"pa_tipo-de-prenda-maillot-manga-larga-de","19":"first","20":"instock","21":"taxable","22":"shipping-taxable","23":"purchasable","24":"product-type-variable","25":"has-default-attributes"},"acf":[],"yoast_head":"<!-- This site is optimized with the Yoast SEO plugin v27.3 - https:\/\/yoast.com\/product\/yoast-seo-wordpress\/ -->\n<title>Langarm Radtrikot PURE LEVEL PETROL (DAMEN)<\/title>\n<meta name=\"description\" content=\"Eng anliegendes Radtrikot, perfekt f\u00fcr Training und Wettkampf. Der K\u00f6rper besteht aus dem Thermogewebe SUPERROUBAIX, das die K\u00f6rperw\u00e4rme speichert und den Abtransport von Schwei\u00df erleichtert. Sie werden sich rundum wohl f\u00fchlen und Ihre Haut bleibt w\u00e4hrend der gesamten Trainingsstunden trocken. Durch das SLIM FIT-Muster schmiegt sich das Radtrikot gut an den K\u00f6rper an, um seine technischen Eigenschaften zu maximieren und die Aerodynamik zu verbessern. Es verf\u00fcgt \u00fcber einen integrierten Rei\u00dfverschluss mit Anti-Pull-System, mit dem Sie es leicht an- und ausziehen und die Bel\u00fcftung w\u00e4hrend des Trainings regulieren k\u00f6nnen. Die eingesetzten \u00c4rmel passen sich perfekt dem Arm und allen Positionen an. Sie sind mit Flachn\u00e4hten gen\u00e4ht, um Scheuern zu vermeiden. Das CYCLON-Gewebe, aus dem sie hergestellt sind, ist hoch atmungsaktiv. Die elastische Manschette liegt sehr gut am Arm an und verhindert das Eindringen von Luft. Als Neuheit im Vergleich zu fr\u00fcheren Ausgaben verf\u00fcgt der linke \u00c4rmel \u00fcber eine zus\u00e4tzliche, leicht zug\u00e4ngliche Tasche. An der Taille befindet sich ein Gummiband mit einem rutschfesten Silikongriff an der Innenseite, damit das Trikot gut am K\u00f6rper anliegt. Im unteren R\u00fcckenbereich sind drei Taschen mit dem neuen ISP-Sicherheitssystem (Inverse Safe Pocket) eingearbeitet, in denen Sie alle Gegenst\u00e4nde verstauen k\u00f6nnen, ohne Angst haben zu m\u00fcssen, sie zu verlieren. Dar\u00fcber hinaus wurde diesen eine Rei\u00dfverschlusstasche zur Aufbewahrung von Schl\u00fcsseln oder Geld hinzugef\u00fcgt. Au\u00dferdem verf\u00fcgt es \u00fcber mehrere reflektierende Details, um Ihre Sicherheit auf der Stra\u00dfe zu erh\u00f6hen. Genie\u00dfen Sie das Radfahren ohne Sorgen.\" \/>\n<meta name=\"robots\" content=\"index, follow, max-snippet:-1, max-image-preview:large, max-video-preview:-1\" \/>\n<link rel=\"canonical\" href=\"https:\/\/www.inverseteams.com\/de\/produkt\/langarm-radtrikot-pure-level-petrol-damen\/\" \/>\n<meta property=\"og:locale\" content=\"de_DE\" \/>\n<meta property=\"og:type\" content=\"article\" \/>\n<meta property=\"og:title\" content=\"Langarm Radtrikot PURE LEVEL PETROL (DAMEN)\" \/>\n<meta property=\"og:description\" content=\"Eng anliegendes Radtrikot, perfekt f\u00fcr Training und Wettkampf. Der K\u00f6rper besteht aus dem Thermogewebe SUPERROUBAIX, das die K\u00f6rperw\u00e4rme speichert und den Abtransport von Schwei\u00df erleichtert. Sie werden sich rundum wohl f\u00fchlen und Ihre Haut bleibt w\u00e4hrend der gesamten Trainingsstunden trocken. Durch das SLIM FIT-Muster schmiegt sich das Radtrikot gut an den K\u00f6rper an, um seine technischen Eigenschaften zu maximieren und die Aerodynamik zu verbessern. Es verf\u00fcgt \u00fcber einen integrierten Rei\u00dfverschluss mit Anti-Pull-System, mit dem Sie es leicht an- und ausziehen und die Bel\u00fcftung w\u00e4hrend des Trainings regulieren k\u00f6nnen. Die eingesetzten \u00c4rmel passen sich perfekt dem Arm und allen Positionen an. Sie sind mit Flachn\u00e4hten gen\u00e4ht, um Scheuern zu vermeiden. Das CYCLON-Gewebe, aus dem sie hergestellt sind, ist hoch atmungsaktiv. Die elastische Manschette liegt sehr gut am Arm an und verhindert das Eindringen von Luft. Als Neuheit im Vergleich zu fr\u00fcheren Ausgaben verf\u00fcgt der linke \u00c4rmel \u00fcber eine zus\u00e4tzliche, leicht zug\u00e4ngliche Tasche. An der Taille befindet sich ein Gummiband mit einem rutschfesten Silikongriff an der Innenseite, damit das Trikot gut am K\u00f6rper anliegt. Im unteren R\u00fcckenbereich sind drei Taschen mit dem neuen ISP-Sicherheitssystem (Inverse Safe Pocket) eingearbeitet, in denen Sie alle Gegenst\u00e4nde verstauen k\u00f6nnen, ohne Angst haben zu m\u00fcssen, sie zu verlieren. Dar\u00fcber hinaus wurde diesen eine Rei\u00dfverschlusstasche zur Aufbewahrung von Schl\u00fcsseln oder Geld hinzugef\u00fcgt. Au\u00dferdem verf\u00fcgt es \u00fcber mehrere reflektierende Details, um Ihre Sicherheit auf der Stra\u00dfe zu erh\u00f6hen. Genie\u00dfen Sie das Radfahren ohne Sorgen.\" \/>\n<meta property=\"og:url\" content=\"https:\/\/www.inverseteams.com\/de\/produkt\/langarm-radtrikot-pure-level-petrol-damen\/\" \/>\n<meta property=\"og:site_name\" content=\"Inverseteams\" \/>\n<meta property=\"article:publisher\" content=\"https:\/\/www.facebook.com\/inverseteams\" \/>\n<meta property=\"article:modified_time\" content=\"2025-01-10T11:01:56+00:00\" \/>\n<meta property=\"og:image\" content=\"https:\/\/www.inverseteams.com\/wp-content\/uploads\/MAILLOT-CICLISMO-INVIERNO-MUJER-PURE-LEVEL-PETROL-1-1.jpg\" \/>\n\t<meta property=\"og:image:width\" content=\"1500\" \/>\n\t<meta property=\"og:image:height\" content=\"1612\" \/>\n\t<meta property=\"og:image:type\" content=\"image\/jpeg\" \/>\n<meta name=\"twitter:card\" content=\"summary_large_image\" \/>\n<meta name=\"twitter:label1\" content=\"Gesch\u00e4tzte Lesezeit\" \/>\n\t<meta name=\"twitter:data1\" content=\"2\u00a0Minute\" \/>\n<script type=\"application\/ld+json\" class=\"yoast-schema-graph\">{\"@context\":\"https:\\\/\\\/schema.org\",\"@graph\":[{\"@type\":\"WebPage\",\"@id\":\"https:\\\/\\\/www.inverseteams.com\\\/de\\\/produkt\\\/langarm-radtrikot-pure-level-petrol-damen\\\/\",\"url\":\"https:\\\/\\\/www.inverseteams.com\\\/de\\\/produkt\\\/langarm-radtrikot-pure-level-petrol-damen\\\/\",\"name\":\"Langarm Radtrikot PURE LEVEL PETROL (DAMEN)\",\"isPartOf\":{\"@id\":\"https:\\\/\\\/www.inverseteams.com\\\/de\\\/#website\"},\"primaryImageOfPage\":{\"@id\":\"https:\\\/\\\/www.inverseteams.com\\\/de\\\/produkt\\\/langarm-radtrikot-pure-level-petrol-damen\\\/#primaryimage\"},\"image\":{\"@id\":\"https:\\\/\\\/www.inverseteams.com\\\/de\\\/produkt\\\/langarm-radtrikot-pure-level-petrol-damen\\\/#primaryimage\"},\"thumbnailUrl\":\"https:\\\/\\\/www.inverseteams.com\\\/wp-content\\\/uploads\\\/MAILLOT-CICLISMO-INVIERNO-MUJER-PURE-LEVEL-PETROL-1-1.jpg\",\"datePublished\":\"2024-07-26T12:14:36+00:00\",\"dateModified\":\"2025-01-10T11:01:56+00:00\",\"description\":\"Eng anliegendes Radtrikot, perfekt f\u00fcr Training und Wettkampf. Der K\u00f6rper besteht aus dem Thermogewebe SUPERROUBAIX, das die K\u00f6rperw\u00e4rme speichert und den Abtransport von Schwei\u00df erleichtert. Sie werden sich rundum wohl f\u00fchlen und Ihre Haut bleibt w\u00e4hrend der gesamten Trainingsstunden trocken. Durch das SLIM FIT-Muster schmiegt sich das Radtrikot gut an den K\u00f6rper an, um seine technischen Eigenschaften zu maximieren und die Aerodynamik zu verbessern. Es verf\u00fcgt \u00fcber einen integrierten Rei\u00dfverschluss mit Anti-Pull-System, mit dem Sie es leicht an- und ausziehen und die Bel\u00fcftung w\u00e4hrend des Trainings regulieren k\u00f6nnen. Die eingesetzten \u00c4rmel passen sich perfekt dem Arm und allen Positionen an. Sie sind mit Flachn\u00e4hten gen\u00e4ht, um Scheuern zu vermeiden. Das CYCLON-Gewebe, aus dem sie hergestellt sind, ist hoch atmungsaktiv. Die elastische Manschette liegt sehr gut am Arm an und verhindert das Eindringen von Luft. Als Neuheit im Vergleich zu fr\u00fcheren Ausgaben verf\u00fcgt der linke \u00c4rmel \u00fcber eine zus\u00e4tzliche, leicht zug\u00e4ngliche Tasche. An der Taille befindet sich ein Gummiband mit einem rutschfesten Silikongriff an der Innenseite, damit das Trikot gut am K\u00f6rper anliegt. Im unteren R\u00fcckenbereich sind drei Taschen mit dem neuen ISP-Sicherheitssystem (Inverse Safe Pocket) eingearbeitet, in denen Sie alle Gegenst\u00e4nde verstauen k\u00f6nnen, ohne Angst haben zu m\u00fcssen, sie zu verlieren. Dar\u00fcber hinaus wurde diesen eine Rei\u00dfverschlusstasche zur Aufbewahrung von Schl\u00fcsseln oder Geld hinzugef\u00fcgt. Au\u00dferdem verf\u00fcgt es \u00fcber mehrere reflektierende Details, um Ihre Sicherheit auf der Stra\u00dfe zu erh\u00f6hen. Genie\u00dfen Sie das Radfahren ohne Sorgen.\",\"breadcrumb\":{\"@id\":\"https:\\\/\\\/www.inverseteams.com\\\/de\\\/produkt\\\/langarm-radtrikot-pure-level-petrol-damen\\\/#breadcrumb\"},\"inLanguage\":\"de\",\"potentialAction\":[{\"@type\":\"ReadAction\",\"target\":[\"https:\\\/\\\/www.inverseteams.com\\\/de\\\/produkt\\\/langarm-radtrikot-pure-level-petrol-damen\\\/\"]}]},{\"@type\":\"ImageObject\",\"inLanguage\":\"de\",\"@id\":\"https:\\\/\\\/www.inverseteams.com\\\/de\\\/produkt\\\/langarm-radtrikot-pure-level-petrol-damen\\\/#primaryimage\",\"url\":\"https:\\\/\\\/www.inverseteams.com\\\/wp-content\\\/uploads\\\/MAILLOT-CICLISMO-INVIERNO-MUJER-PURE-LEVEL-PETROL-1-1.jpg\",\"contentUrl\":\"https:\\\/\\\/www.inverseteams.com\\\/wp-content\\\/uploads\\\/MAILLOT-CICLISMO-INVIERNO-MUJER-PURE-LEVEL-PETROL-1-1.jpg\",\"width\":1500,\"height\":1612,\"caption\":\"MAILLOT CICLISTA MUJER MANGA LARGA\"},{\"@type\":\"BreadcrumbList\",\"@id\":\"https:\\\/\\\/www.inverseteams.com\\\/de\\\/produkt\\\/langarm-radtrikot-pure-level-petrol-damen\\\/#breadcrumb\",\"itemListElement\":[{\"@type\":\"ListItem\",\"position\":1,\"name\":\"Portada\",\"item\":\"https:\\\/\\\/www.inverseteams.com\\\/de\\\/\"},{\"@type\":\"ListItem\",\"position\":2,\"name\":\"Speichern\",\"item\":\"https:\\\/\\\/www.inverseteams.com\\\/de\\\/speichern\\\/\"},{\"@type\":\"ListItem\",\"position\":3,\"name\":\"Langarm Radtrikot PURE LEVEL PETROL (DAMEN)\"}]},{\"@type\":\"WebSite\",\"@id\":\"https:\\\/\\\/www.inverseteams.com\\\/de\\\/#website\",\"url\":\"https:\\\/\\\/www.inverseteams.com\\\/de\\\/\",\"name\":\"Inverseteams\",\"description\":\"Tu marca de ropa deportiva personalizada\",\"publisher\":{\"@id\":\"https:\\\/\\\/www.inverseteams.com\\\/de\\\/#organization\"},\"potentialAction\":[{\"@type\":\"SearchAction\",\"target\":{\"@type\":\"EntryPoint\",\"urlTemplate\":\"https:\\\/\\\/www.inverseteams.com\\\/de\\\/?s={search_term_string}\"},\"query-input\":{\"@type\":\"PropertyValueSpecification\",\"valueRequired\":true,\"valueName\":\"search_term_string\"}}],\"inLanguage\":\"de\"},{\"@type\":\"Organization\",\"@id\":\"https:\\\/\\\/www.inverseteams.com\\\/de\\\/#organization\",\"name\":\"Inverse Teams\",\"url\":\"https:\\\/\\\/www.inverseteams.com\\\/de\\\/\",\"logo\":{\"@type\":\"ImageObject\",\"inLanguage\":\"de\",\"@id\":\"https:\\\/\\\/www.inverseteams.com\\\/de\\\/#\\\/schema\\\/logo\\\/image\\\/\",\"url\":\"http:\\\/\\\/www.inverseteams.com\\\/wp-content\\\/uploads\\\/2021\\\/03\\\/logo-inverse-teams.png\",\"contentUrl\":\"http:\\\/\\\/www.inverseteams.com\\\/wp-content\\\/uploads\\\/2021\\\/03\\\/logo-inverse-teams.png\",\"width\":294,\"height\":99,\"caption\":\"Inverse Teams\"},\"image\":{\"@id\":\"https:\\\/\\\/www.inverseteams.com\\\/de\\\/#\\\/schema\\\/logo\\\/image\\\/\"},\"sameAs\":[\"https:\\\/\\\/www.facebook.com\\\/inverseteams\",\"http:\\\/\\\/instagram.com\\\/inverseteams\",\"https:\\\/\\\/www.linkedin.com\\\/company\\\/inverse-cirosport-s-l-?trk=job_view_topcard_company_name\",\"http:\\\/\\\/www.pinterest.com\\\/inverseteams\\\/\",\"http:\\\/\\\/www.youtube.com\\\/user\\\/inverseteams?feature=watch\"]}]}<\/script>\n<!-- \/ Yoast SEO plugin. -->","yoast_head_json":{"title":"Langarm Radtrikot PURE LEVEL PETROL (DAMEN)","description":"Eng anliegendes Radtrikot, perfekt f\u00fcr Training und Wettkampf. Der K\u00f6rper besteht aus dem Thermogewebe SUPERROUBAIX, das die K\u00f6rperw\u00e4rme speichert und den Abtransport von Schwei\u00df erleichtert. Sie werden sich rundum wohl f\u00fchlen und Ihre Haut bleibt w\u00e4hrend der gesamten Trainingsstunden trocken. Durch das SLIM FIT-Muster schmiegt sich das Radtrikot gut an den K\u00f6rper an, um seine technischen Eigenschaften zu maximieren und die Aerodynamik zu verbessern. Es verf\u00fcgt \u00fcber einen integrierten Rei\u00dfverschluss mit Anti-Pull-System, mit dem Sie es leicht an- und ausziehen und die Bel\u00fcftung w\u00e4hrend des Trainings regulieren k\u00f6nnen. Die eingesetzten \u00c4rmel passen sich perfekt dem Arm und allen Positionen an. Sie sind mit Flachn\u00e4hten gen\u00e4ht, um Scheuern zu vermeiden. Das CYCLON-Gewebe, aus dem sie hergestellt sind, ist hoch atmungsaktiv. Die elastische Manschette liegt sehr gut am Arm an und verhindert das Eindringen von Luft. Als Neuheit im Vergleich zu fr\u00fcheren Ausgaben verf\u00fcgt der linke \u00c4rmel \u00fcber eine zus\u00e4tzliche, leicht zug\u00e4ngliche Tasche. An der Taille befindet sich ein Gummiband mit einem rutschfesten Silikongriff an der Innenseite, damit das Trikot gut am K\u00f6rper anliegt. Im unteren R\u00fcckenbereich sind drei Taschen mit dem neuen ISP-Sicherheitssystem (Inverse Safe Pocket) eingearbeitet, in denen Sie alle Gegenst\u00e4nde verstauen k\u00f6nnen, ohne Angst haben zu m\u00fcssen, sie zu verlieren. Dar\u00fcber hinaus wurde diesen eine Rei\u00dfverschlusstasche zur Aufbewahrung von Schl\u00fcsseln oder Geld hinzugef\u00fcgt. Au\u00dferdem verf\u00fcgt es \u00fcber mehrere reflektierende Details, um Ihre Sicherheit auf der Stra\u00dfe zu erh\u00f6hen. Genie\u00dfen Sie das Radfahren ohne Sorgen.","robots":{"index":"index","follow":"follow","max-snippet":"max-snippet:-1","max-image-preview":"max-image-preview:large","max-video-preview":"max-video-preview:-1"},"canonical":"https:\/\/www.inverseteams.com\/de\/produkt\/langarm-radtrikot-pure-level-petrol-damen\/","og_locale":"de_DE","og_type":"article","og_title":"Langarm Radtrikot PURE LEVEL PETROL (DAMEN)","og_description":"Eng anliegendes Radtrikot, perfekt f\u00fcr Training und Wettkampf. Der K\u00f6rper besteht aus dem Thermogewebe SUPERROUBAIX, das die K\u00f6rperw\u00e4rme speichert und den Abtransport von Schwei\u00df erleichtert. Sie werden sich rundum wohl f\u00fchlen und Ihre Haut bleibt w\u00e4hrend der gesamten Trainingsstunden trocken. Durch das SLIM FIT-Muster schmiegt sich das Radtrikot gut an den K\u00f6rper an, um seine technischen Eigenschaften zu maximieren und die Aerodynamik zu verbessern. Es verf\u00fcgt \u00fcber einen integrierten Rei\u00dfverschluss mit Anti-Pull-System, mit dem Sie es leicht an- und ausziehen und die Bel\u00fcftung w\u00e4hrend des Trainings regulieren k\u00f6nnen. Die eingesetzten \u00c4rmel passen sich perfekt dem Arm und allen Positionen an. Sie sind mit Flachn\u00e4hten gen\u00e4ht, um Scheuern zu vermeiden. Das CYCLON-Gewebe, aus dem sie hergestellt sind, ist hoch atmungsaktiv. Die elastische Manschette liegt sehr gut am Arm an und verhindert das Eindringen von Luft. Als Neuheit im Vergleich zu fr\u00fcheren Ausgaben verf\u00fcgt der linke \u00c4rmel \u00fcber eine zus\u00e4tzliche, leicht zug\u00e4ngliche Tasche. An der Taille befindet sich ein Gummiband mit einem rutschfesten Silikongriff an der Innenseite, damit das Trikot gut am K\u00f6rper anliegt. Im unteren R\u00fcckenbereich sind drei Taschen mit dem neuen ISP-Sicherheitssystem (Inverse Safe Pocket) eingearbeitet, in denen Sie alle Gegenst\u00e4nde verstauen k\u00f6nnen, ohne Angst haben zu m\u00fcssen, sie zu verlieren. Dar\u00fcber hinaus wurde diesen eine Rei\u00dfverschlusstasche zur Aufbewahrung von Schl\u00fcsseln oder Geld hinzugef\u00fcgt. Au\u00dferdem verf\u00fcgt es \u00fcber mehrere reflektierende Details, um Ihre Sicherheit auf der Stra\u00dfe zu erh\u00f6hen. Genie\u00dfen Sie das Radfahren ohne Sorgen.","og_url":"https:\/\/www.inverseteams.com\/de\/produkt\/langarm-radtrikot-pure-level-petrol-damen\/","og_site_name":"Inverseteams","article_publisher":"https:\/\/www.facebook.com\/inverseteams","article_modified_time":"2025-01-10T11:01:56+00:00","og_image":[{"width":1500,"height":1612,"url":"https:\/\/www.inverseteams.com\/wp-content\/uploads\/MAILLOT-CICLISMO-INVIERNO-MUJER-PURE-LEVEL-PETROL-1-1.jpg","type":"image\/jpeg"}],"twitter_card":"summary_large_image","twitter_misc":{"Gesch\u00e4tzte Lesezeit":"2\u00a0Minute"},"schema":{"@context":"https:\/\/schema.org","@graph":[{"@type":"WebPage","@id":"https:\/\/www.inverseteams.com\/de\/produkt\/langarm-radtrikot-pure-level-petrol-damen\/","url":"https:\/\/www.inverseteams.com\/de\/produkt\/langarm-radtrikot-pure-level-petrol-damen\/","name":"Langarm Radtrikot PURE LEVEL PETROL (DAMEN)","isPartOf":{"@id":"https:\/\/www.inverseteams.com\/de\/#website"},"primaryImageOfPage":{"@id":"https:\/\/www.inverseteams.com\/de\/produkt\/langarm-radtrikot-pure-level-petrol-damen\/#primaryimage"},"image":{"@id":"https:\/\/www.inverseteams.com\/de\/produkt\/langarm-radtrikot-pure-level-petrol-damen\/#primaryimage"},"thumbnailUrl":"https:\/\/www.inverseteams.com\/wp-content\/uploads\/MAILLOT-CICLISMO-INVIERNO-MUJER-PURE-LEVEL-PETROL-1-1.jpg","datePublished":"2024-07-26T12:14:36+00:00","dateModified":"2025-01-10T11:01:56+00:00","description":"Eng anliegendes Radtrikot, perfekt f\u00fcr Training und Wettkampf. Der K\u00f6rper besteht aus dem Thermogewebe SUPERROUBAIX, das die K\u00f6rperw\u00e4rme speichert und den Abtransport von Schwei\u00df erleichtert. Sie werden sich rundum wohl f\u00fchlen und Ihre Haut bleibt w\u00e4hrend der gesamten Trainingsstunden trocken. Durch das SLIM FIT-Muster schmiegt sich das Radtrikot gut an den K\u00f6rper an, um seine technischen Eigenschaften zu maximieren und die Aerodynamik zu verbessern. Es verf\u00fcgt \u00fcber einen integrierten Rei\u00dfverschluss mit Anti-Pull-System, mit dem Sie es leicht an- und ausziehen und die Bel\u00fcftung w\u00e4hrend des Trainings regulieren k\u00f6nnen. Die eingesetzten \u00c4rmel passen sich perfekt dem Arm und allen Positionen an. Sie sind mit Flachn\u00e4hten gen\u00e4ht, um Scheuern zu vermeiden. Das CYCLON-Gewebe, aus dem sie hergestellt sind, ist hoch atmungsaktiv. Die elastische Manschette liegt sehr gut am Arm an und verhindert das Eindringen von Luft. Als Neuheit im Vergleich zu fr\u00fcheren Ausgaben verf\u00fcgt der linke \u00c4rmel \u00fcber eine zus\u00e4tzliche, leicht zug\u00e4ngliche Tasche. An der Taille befindet sich ein Gummiband mit einem rutschfesten Silikongriff an der Innenseite, damit das Trikot gut am K\u00f6rper anliegt. Im unteren R\u00fcckenbereich sind drei Taschen mit dem neuen ISP-Sicherheitssystem (Inverse Safe Pocket) eingearbeitet, in denen Sie alle Gegenst\u00e4nde verstauen k\u00f6nnen, ohne Angst haben zu m\u00fcssen, sie zu verlieren. Dar\u00fcber hinaus wurde diesen eine Rei\u00dfverschlusstasche zur Aufbewahrung von Schl\u00fcsseln oder Geld hinzugef\u00fcgt. Au\u00dferdem verf\u00fcgt es \u00fcber mehrere reflektierende Details, um Ihre Sicherheit auf der Stra\u00dfe zu erh\u00f6hen. Genie\u00dfen Sie das Radfahren ohne Sorgen.","breadcrumb":{"@id":"https:\/\/www.inverseteams.com\/de\/produkt\/langarm-radtrikot-pure-level-petrol-damen\/#breadcrumb"},"inLanguage":"de","potentialAction":[{"@type":"ReadAction","target":["https:\/\/www.inverseteams.com\/de\/produkt\/langarm-radtrikot-pure-level-petrol-damen\/"]}]},{"@type":"ImageObject","inLanguage":"de","@id":"https:\/\/www.inverseteams.com\/de\/produkt\/langarm-radtrikot-pure-level-petrol-damen\/#primaryimage","url":"https:\/\/www.inverseteams.com\/wp-content\/uploads\/MAILLOT-CICLISMO-INVIERNO-MUJER-PURE-LEVEL-PETROL-1-1.jpg","contentUrl":"https:\/\/www.inverseteams.com\/wp-content\/uploads\/MAILLOT-CICLISMO-INVIERNO-MUJER-PURE-LEVEL-PETROL-1-1.jpg","width":1500,"height":1612,"caption":"MAILLOT CICLISTA MUJER MANGA LARGA"},{"@type":"BreadcrumbList","@id":"https:\/\/www.inverseteams.com\/de\/produkt\/langarm-radtrikot-pure-level-petrol-damen\/#breadcrumb","itemListElement":[{"@type":"ListItem","position":1,"name":"Portada","item":"https:\/\/www.inverseteams.com\/de\/"},{"@type":"ListItem","position":2,"name":"Speichern","item":"https:\/\/www.inverseteams.com\/de\/speichern\/"},{"@type":"ListItem","position":3,"name":"Langarm Radtrikot PURE LEVEL PETROL (DAMEN)"}]},{"@type":"WebSite","@id":"https:\/\/www.inverseteams.com\/de\/#website","url":"https:\/\/www.inverseteams.com\/de\/","name":"Inverseteams","description":"Tu marca de ropa deportiva personalizada","publisher":{"@id":"https:\/\/www.inverseteams.com\/de\/#organization"},"potentialAction":[{"@type":"SearchAction","target":{"@type":"EntryPoint","urlTemplate":"https:\/\/www.inverseteams.com\/de\/?s={search_term_string}"},"query-input":{"@type":"PropertyValueSpecification","valueRequired":true,"valueName":"search_term_string"}}],"inLanguage":"de"},{"@type":"Organization","@id":"https:\/\/www.inverseteams.com\/de\/#organization","name":"Inverse Teams","url":"https:\/\/www.inverseteams.com\/de\/","logo":{"@type":"ImageObject","inLanguage":"de","@id":"https:\/\/www.inverseteams.com\/de\/#\/schema\/logo\/image\/","url":"https:\/\/www.inverseteams.com\/wp-content\/uploads\/2021\/03\/logo-inverse-teams.png","contentUrl":"https:\/\/www.inverseteams.com\/wp-content\/uploads\/2021\/03\/logo-inverse-teams.png","width":294,"height":99,"caption":"Inverse Teams"},"image":{"@id":"https:\/\/www.inverseteams.com\/de\/#\/schema\/logo\/image\/"},"sameAs":["https:\/\/www.facebook.com\/inverseteams","http:\/\/instagram.com\/inverseteams","https:\/\/www.linkedin.com\/company\/inverse-cirosport-s-l-?trk=job_view_topcard_company_name","http:\/\/www.pinterest.com\/inverseteams\/","http:\/\/www.youtube.com\/user\/inverseteams?feature=watch"]}]}},"_links":{"self":[{"href":"https:\/\/www.inverseteams.com\/de\/wp-json\/wp\/v2\/product\/209598","targetHints":{"allow":["GET"]}}],"collection":[{"href":"https:\/\/www.inverseteams.com\/de\/wp-json\/wp\/v2\/product"}],"about":[{"href":"https:\/\/www.inverseteams.com\/de\/wp-json\/wp\/v2\/types\/product"}],"replies":[{"embeddable":true,"href":"https:\/\/www.inverseteams.com\/de\/wp-json\/wp\/v2\/comments?post=209598"}],"wp:featuredmedia":[{"embeddable":true,"href":"https:\/\/www.inverseteams.com\/de\/wp-json\/wp\/v2\/media\/217219"}],"wp:attachment":[{"href":"https:\/\/www.inverseteams.com\/de\/wp-json\/wp\/v2\/media?parent=209598"}],"wp:term":[{"taxonomy":"product_brand","embeddable":true,"href":"https:\/\/www.inverseteams.com\/de\/wp-json\/wp\/v2\/product_brand?post=209598"},{"taxonomy":"product_cat","embeddable":true,"href":"https:\/\/www.inverseteams.com\/de\/wp-json\/wp\/v2\/product_cat?post=209598"},{"taxonomy":"product_tag","embeddable":true,"href":"https:\/\/www.inverseteams.com\/de\/wp-json\/wp\/v2\/product_tag?post=209598"},{"taxonomy":"custom_category","embeddable":true,"href":"https:\/\/www.inverseteams.com\/de\/wp-json\/wp\/v2\/custom_category?post=209598"},{"taxonomy":"range","embeddable":true,"href":"https:\/\/www.inverseteams.com\/de\/wp-json\/wp\/v2\/range?post=209598"}],"curies":[{"name":"wp","href":"https:\/\/api.w.org\/{rel}","templated":true}]}}