{"id":209544,"date":"2024-07-26T12:00:41","date_gmt":"2024-07-31T09:28:45","guid":{"rendered":"https:\/\/www.inverseteams.com\/?post_type=product&#038;p=209544"},"modified":"2025-01-10T10:32:32","modified_gmt":"2025-01-10T10:32:32","slug":"langarm-radtrikot-sublim-stone-herren","status":"publish","type":"product","link":"https:\/\/www.inverseteams.com\/de\/produkt\/langarm-radtrikot-sublim-stone-herren\/","title":{"rendered":"Langarm Radtrikot SUBLIM STONE (HERREN)"},"content":{"rendered":"<p>Als Neuheit im Vergleich zu fr\u00fcheren Ausgaben verf\u00fcgt es \u00fcber einen elastischen Bereich an der Innenseite der \u00c4rmel, der die Anpassung des Trikots an den K\u00f6rper verbessert.<br \/>\nDer Innenstoff ist weich und angenehm. Sorgt an k\u00fchlen Tagen f\u00fcr ein warmes Gef\u00fchl. Zusammen mit einem atmungsaktiven Stoff auf beiden Seiten des Trikots und auch auf der R\u00fcckseite ist es perfekt, um Sie trocken zu halten. Sie werden ein Gef\u00fchl von absolutem Komfort haben.<br \/>\nDie eingesetzten \u00c4rmel sind mit Flatlock-N\u00e4hten gen\u00e4ht, um Scheuern zu verhindern. Der Kragen besteht aus einem weichen und atmungsaktiven Stoff und hat innen ein flaches Anti-Reibungsband. Im unteren R\u00fcckenbereich sind 3 Taschen mit dem neuen ISP-Sicherheitssystem \u2013 Inverse Safe Pocket \u2013 integriert, in denen Sie alle Gegenst\u00e4nde aufbewahren k\u00f6nnen, ohne Angst haben zu m\u00fcssen, sie zu verlieren. Es hat auch mehrere reflektierende Details, um Ihre Sicherheit auf der Stra\u00dfe zu erh\u00f6hen.<\/p>\n","protected":false},"excerpt":{"rendered":"<p>Als Neuheit im Vergleich zu fr\u00fcheren Ausgaben verf\u00fcgt es \u00fcber einen elastischen Bereich an der Innenseite der \u00c4rmel, der die Anpassung des Trikots an den K\u00f6rper verbessert.<br \/>\nDer Innenstoff ist weich und angenehm. Sorgt an k\u00fchlen Tagen f\u00fcr ein warmes Gef\u00fchl. Zusammen mit einem atmungsaktiven Stoff auf beiden Seiten des Trikots und auch auf der R\u00fcckseite ist es perfekt, um Sie trocken zu halten. Sie werden ein Gef\u00fchl von absolutem Komfort haben.<br \/>\nDie eingesetzten \u00c4rmel sind mit Flatlock-N\u00e4hten gen\u00e4ht, um Scheuern zu verhindern. Der Kragen besteht aus einem weichen und atmungsaktiven Stoff und hat innen ein flaches Anti-Reibungsband. Im unteren R\u00fcckenbereich sind 3 Taschen mit dem neuen ISP-Sicherheitssystem \u2013 Inverse Safe Pocket \u2013 integriert, in denen Sie alle Gegenst\u00e4nde aufbewahren k\u00f6nnen, ohne Angst haben zu m\u00fcssen, sie zu verlieren. Es hat auch mehrere reflektierende Details, um Ihre Sicherheit auf der Stra\u00dfe zu erh\u00f6hen.<\/p>\n","protected":false},"featured_media":217179,"comment_status":"closed","ping_status":"closed","template":"","meta":{"_acf_changed":false},"product_brand":[],"product_cat":[11152,11153],"product_tag":[],"custom_category":[],"range":[],"class_list":{"0":"post-209544","1":"product","2":"type-product","3":"status-publish","4":"has-post-thumbnail","6":"product_cat-radtrikots","7":"product_cat-b2b-de","8":"pa_climatologia-frio-de","9":"pa_deporte-ciclismo-de","10":"pa_deporte-gravel-de","11":"pa_genero-hombre-de","12":"pa_patronaje-fit-de","13":"pa_talla-s-de","14":"pa_talla-m-de","15":"pa_talla-l-de","16":"pa_talla-xl-de","17":"pa_talla-xxl-de","18":"pa_tipo-de-prenda-maillot-manga-larga-de","20":"first","21":"outofstock","22":"taxable","23":"shipping-taxable","24":"purchasable","25":"product-type-variable","26":"has-default-attributes"},"acf":[],"yoast_head":"<!-- This site is optimized with the Yoast SEO plugin v27.3 - https:\/\/yoast.com\/product\/yoast-seo-wordpress\/ -->\n<title>Langarm Radtrikot SUBLIM STONE (HERREN)<\/title>\n<meta name=\"description\" content=\"Als Neuheit im Vergleich zu fr\u00fcheren Ausgaben verf\u00fcgt es \u00fcber einen elastischen Bereich an der Innenseite der \u00c4rmel, der die Anpassung des Trikots an den K\u00f6rper verbessert. Der Innenstoff ist weich und angenehm. Sorgt an k\u00fchlen Tagen f\u00fcr ein warmes Gef\u00fchl. Zusammen mit einem atmungsaktiven Stoff auf beiden Seiten des Trikots und auch auf der R\u00fcckseite ist es perfekt, um Sie trocken zu halten. Sie werden ein Gef\u00fchl von absolutem Komfort haben. Die eingesetzten \u00c4rmel sind mit Flatlock-N\u00e4hten gen\u00e4ht, um Scheuern zu verhindern. Der Kragen besteht aus einem weichen und atmungsaktiven Stoff und hat innen ein flaches Anti-Reibungsband. Im unteren R\u00fcckenbereich sind 3 Taschen mit dem neuen ISP-Sicherheitssystem \u2013 Inverse Safe Pocket \u2013 integriert, in denen Sie alle Gegenst\u00e4nde aufbewahren k\u00f6nnen, ohne Angst haben zu m\u00fcssen, sie zu verlieren. Es hat auch mehrere reflektierende Details, um Ihre Sicherheit auf der Stra\u00dfe zu erh\u00f6hen.\" \/>\n<meta name=\"robots\" content=\"index, follow, max-snippet:-1, max-image-preview:large, max-video-preview:-1\" \/>\n<link rel=\"canonical\" href=\"https:\/\/www.inverseteams.com\/de\/produkt\/langarm-radtrikot-sublim-stone-herren\/\" \/>\n<meta property=\"og:locale\" content=\"de_DE\" \/>\n<meta property=\"og:type\" content=\"article\" \/>\n<meta property=\"og:title\" content=\"Langarm Radtrikot SUBLIM STONE (HERREN)\" \/>\n<meta property=\"og:description\" content=\"Als Neuheit im Vergleich zu fr\u00fcheren Ausgaben verf\u00fcgt es \u00fcber einen elastischen Bereich an der Innenseite der \u00c4rmel, der die Anpassung des Trikots an den K\u00f6rper verbessert. Der Innenstoff ist weich und angenehm. Sorgt an k\u00fchlen Tagen f\u00fcr ein warmes Gef\u00fchl. Zusammen mit einem atmungsaktiven Stoff auf beiden Seiten des Trikots und auch auf der R\u00fcckseite ist es perfekt, um Sie trocken zu halten. Sie werden ein Gef\u00fchl von absolutem Komfort haben. Die eingesetzten \u00c4rmel sind mit Flatlock-N\u00e4hten gen\u00e4ht, um Scheuern zu verhindern. Der Kragen besteht aus einem weichen und atmungsaktiven Stoff und hat innen ein flaches Anti-Reibungsband. Im unteren R\u00fcckenbereich sind 3 Taschen mit dem neuen ISP-Sicherheitssystem \u2013 Inverse Safe Pocket \u2013 integriert, in denen Sie alle Gegenst\u00e4nde aufbewahren k\u00f6nnen, ohne Angst haben zu m\u00fcssen, sie zu verlieren. Es hat auch mehrere reflektierende Details, um Ihre Sicherheit auf der Stra\u00dfe zu erh\u00f6hen.\" \/>\n<meta property=\"og:url\" content=\"https:\/\/www.inverseteams.com\/de\/produkt\/langarm-radtrikot-sublim-stone-herren\/\" \/>\n<meta property=\"og:site_name\" content=\"Inverseteams\" \/>\n<meta property=\"article:publisher\" content=\"https:\/\/www.facebook.com\/inverseteams\" \/>\n<meta property=\"article:modified_time\" content=\"2025-01-10T10:32:32+00:00\" \/>\n<meta property=\"og:image\" content=\"https:\/\/www.inverseteams.com\/wp-content\/uploads\/MAILLOT-CICLISMO-MANGA-LARGA-SUBLIM-SLIM-STONE-1-1.jpg\" \/>\n\t<meta property=\"og:image:width\" content=\"1500\" \/>\n\t<meta property=\"og:image:height\" content=\"1612\" \/>\n\t<meta property=\"og:image:type\" content=\"image\/jpeg\" \/>\n<meta name=\"twitter:card\" content=\"summary_large_image\" \/>\n<meta name=\"twitter:label1\" content=\"Gesch\u00e4tzte Lesezeit\" \/>\n\t<meta name=\"twitter:data1\" content=\"1\u00a0Minute\" \/>\n<script type=\"application\/ld+json\" class=\"yoast-schema-graph\">{\"@context\":\"https:\\\/\\\/schema.org\",\"@graph\":[{\"@type\":\"WebPage\",\"@id\":\"https:\\\/\\\/www.inverseteams.com\\\/de\\\/produkt\\\/langarm-radtrikot-sublim-stone-herren\\\/\",\"url\":\"https:\\\/\\\/www.inverseteams.com\\\/de\\\/produkt\\\/langarm-radtrikot-sublim-stone-herren\\\/\",\"name\":\"Langarm Radtrikot SUBLIM STONE (HERREN)\",\"isPartOf\":{\"@id\":\"https:\\\/\\\/www.inverseteams.com\\\/de\\\/#website\"},\"primaryImageOfPage\":{\"@id\":\"https:\\\/\\\/www.inverseteams.com\\\/de\\\/produkt\\\/langarm-radtrikot-sublim-stone-herren\\\/#primaryimage\"},\"image\":{\"@id\":\"https:\\\/\\\/www.inverseteams.com\\\/de\\\/produkt\\\/langarm-radtrikot-sublim-stone-herren\\\/#primaryimage\"},\"thumbnailUrl\":\"https:\\\/\\\/www.inverseteams.com\\\/wp-content\\\/uploads\\\/MAILLOT-CICLISMO-MANGA-LARGA-SUBLIM-SLIM-STONE-1-1.jpg\",\"datePublished\":\"2024-07-31T09:28:45+00:00\",\"dateModified\":\"2025-01-10T10:32:32+00:00\",\"description\":\"Als Neuheit im Vergleich zu fr\u00fcheren Ausgaben verf\u00fcgt es \u00fcber einen elastischen Bereich an der Innenseite der \u00c4rmel, der die Anpassung des Trikots an den K\u00f6rper verbessert. Der Innenstoff ist weich und angenehm. Sorgt an k\u00fchlen Tagen f\u00fcr ein warmes Gef\u00fchl. Zusammen mit einem atmungsaktiven Stoff auf beiden Seiten des Trikots und auch auf der R\u00fcckseite ist es perfekt, um Sie trocken zu halten. Sie werden ein Gef\u00fchl von absolutem Komfort haben. Die eingesetzten \u00c4rmel sind mit Flatlock-N\u00e4hten gen\u00e4ht, um Scheuern zu verhindern. Der Kragen besteht aus einem weichen und atmungsaktiven Stoff und hat innen ein flaches Anti-Reibungsband. Im unteren R\u00fcckenbereich sind 3 Taschen mit dem neuen ISP-Sicherheitssystem \u2013 Inverse Safe Pocket \u2013 integriert, in denen Sie alle Gegenst\u00e4nde aufbewahren k\u00f6nnen, ohne Angst haben zu m\u00fcssen, sie zu verlieren. Es hat auch mehrere reflektierende Details, um Ihre Sicherheit auf der Stra\u00dfe zu erh\u00f6hen.\",\"breadcrumb\":{\"@id\":\"https:\\\/\\\/www.inverseteams.com\\\/de\\\/produkt\\\/langarm-radtrikot-sublim-stone-herren\\\/#breadcrumb\"},\"inLanguage\":\"de\",\"potentialAction\":[{\"@type\":\"ReadAction\",\"target\":[\"https:\\\/\\\/www.inverseteams.com\\\/de\\\/produkt\\\/langarm-radtrikot-sublim-stone-herren\\\/\"]}]},{\"@type\":\"ImageObject\",\"inLanguage\":\"de\",\"@id\":\"https:\\\/\\\/www.inverseteams.com\\\/de\\\/produkt\\\/langarm-radtrikot-sublim-stone-herren\\\/#primaryimage\",\"url\":\"https:\\\/\\\/www.inverseteams.com\\\/wp-content\\\/uploads\\\/MAILLOT-CICLISMO-MANGA-LARGA-SUBLIM-SLIM-STONE-1-1.jpg\",\"contentUrl\":\"https:\\\/\\\/www.inverseteams.com\\\/wp-content\\\/uploads\\\/MAILLOT-CICLISMO-MANGA-LARGA-SUBLIM-SLIM-STONE-1-1.jpg\",\"width\":1500,\"height\":1612,\"caption\":\"MAILLOT CICLISTA MANGA LARGA INVERSE\"},{\"@type\":\"BreadcrumbList\",\"@id\":\"https:\\\/\\\/www.inverseteams.com\\\/de\\\/produkt\\\/langarm-radtrikot-sublim-stone-herren\\\/#breadcrumb\",\"itemListElement\":[{\"@type\":\"ListItem\",\"position\":1,\"name\":\"Portada\",\"item\":\"https:\\\/\\\/www.inverseteams.com\\\/de\\\/\"},{\"@type\":\"ListItem\",\"position\":2,\"name\":\"Speichern\",\"item\":\"https:\\\/\\\/www.inverseteams.com\\\/de\\\/speichern\\\/\"},{\"@type\":\"ListItem\",\"position\":3,\"name\":\"Langarm Radtrikot SUBLIM STONE (HERREN)\"}]},{\"@type\":\"WebSite\",\"@id\":\"https:\\\/\\\/www.inverseteams.com\\\/de\\\/#website\",\"url\":\"https:\\\/\\\/www.inverseteams.com\\\/de\\\/\",\"name\":\"Inverseteams\",\"description\":\"Tu marca de ropa deportiva personalizada\",\"publisher\":{\"@id\":\"https:\\\/\\\/www.inverseteams.com\\\/de\\\/#organization\"},\"potentialAction\":[{\"@type\":\"SearchAction\",\"target\":{\"@type\":\"EntryPoint\",\"urlTemplate\":\"https:\\\/\\\/www.inverseteams.com\\\/de\\\/?s={search_term_string}\"},\"query-input\":{\"@type\":\"PropertyValueSpecification\",\"valueRequired\":true,\"valueName\":\"search_term_string\"}}],\"inLanguage\":\"de\"},{\"@type\":\"Organization\",\"@id\":\"https:\\\/\\\/www.inverseteams.com\\\/de\\\/#organization\",\"name\":\"Inverse Teams\",\"url\":\"https:\\\/\\\/www.inverseteams.com\\\/de\\\/\",\"logo\":{\"@type\":\"ImageObject\",\"inLanguage\":\"de\",\"@id\":\"https:\\\/\\\/www.inverseteams.com\\\/de\\\/#\\\/schema\\\/logo\\\/image\\\/\",\"url\":\"http:\\\/\\\/www.inverseteams.com\\\/wp-content\\\/uploads\\\/2021\\\/03\\\/logo-inverse-teams.png\",\"contentUrl\":\"http:\\\/\\\/www.inverseteams.com\\\/wp-content\\\/uploads\\\/2021\\\/03\\\/logo-inverse-teams.png\",\"width\":294,\"height\":99,\"caption\":\"Inverse Teams\"},\"image\":{\"@id\":\"https:\\\/\\\/www.inverseteams.com\\\/de\\\/#\\\/schema\\\/logo\\\/image\\\/\"},\"sameAs\":[\"https:\\\/\\\/www.facebook.com\\\/inverseteams\",\"http:\\\/\\\/instagram.com\\\/inverseteams\",\"https:\\\/\\\/www.linkedin.com\\\/company\\\/inverse-cirosport-s-l-?trk=job_view_topcard_company_name\",\"http:\\\/\\\/www.pinterest.com\\\/inverseteams\\\/\",\"http:\\\/\\\/www.youtube.com\\\/user\\\/inverseteams?feature=watch\"]}]}<\/script>\n<!-- \/ Yoast SEO plugin. -->","yoast_head_json":{"title":"Langarm Radtrikot SUBLIM STONE (HERREN)","description":"Als Neuheit im Vergleich zu fr\u00fcheren Ausgaben verf\u00fcgt es \u00fcber einen elastischen Bereich an der Innenseite der \u00c4rmel, der die Anpassung des Trikots an den K\u00f6rper verbessert. Der Innenstoff ist weich und angenehm. Sorgt an k\u00fchlen Tagen f\u00fcr ein warmes Gef\u00fchl. Zusammen mit einem atmungsaktiven Stoff auf beiden Seiten des Trikots und auch auf der R\u00fcckseite ist es perfekt, um Sie trocken zu halten. Sie werden ein Gef\u00fchl von absolutem Komfort haben. Die eingesetzten \u00c4rmel sind mit Flatlock-N\u00e4hten gen\u00e4ht, um Scheuern zu verhindern. Der Kragen besteht aus einem weichen und atmungsaktiven Stoff und hat innen ein flaches Anti-Reibungsband. Im unteren R\u00fcckenbereich sind 3 Taschen mit dem neuen ISP-Sicherheitssystem \u2013 Inverse Safe Pocket \u2013 integriert, in denen Sie alle Gegenst\u00e4nde aufbewahren k\u00f6nnen, ohne Angst haben zu m\u00fcssen, sie zu verlieren. Es hat auch mehrere reflektierende Details, um Ihre Sicherheit auf der Stra\u00dfe zu erh\u00f6hen.","robots":{"index":"index","follow":"follow","max-snippet":"max-snippet:-1","max-image-preview":"max-image-preview:large","max-video-preview":"max-video-preview:-1"},"canonical":"https:\/\/www.inverseteams.com\/de\/produkt\/langarm-radtrikot-sublim-stone-herren\/","og_locale":"de_DE","og_type":"article","og_title":"Langarm Radtrikot SUBLIM STONE (HERREN)","og_description":"Als Neuheit im Vergleich zu fr\u00fcheren Ausgaben verf\u00fcgt es \u00fcber einen elastischen Bereich an der Innenseite der \u00c4rmel, der die Anpassung des Trikots an den K\u00f6rper verbessert. Der Innenstoff ist weich und angenehm. Sorgt an k\u00fchlen Tagen f\u00fcr ein warmes Gef\u00fchl. Zusammen mit einem atmungsaktiven Stoff auf beiden Seiten des Trikots und auch auf der R\u00fcckseite ist es perfekt, um Sie trocken zu halten. Sie werden ein Gef\u00fchl von absolutem Komfort haben. Die eingesetzten \u00c4rmel sind mit Flatlock-N\u00e4hten gen\u00e4ht, um Scheuern zu verhindern. Der Kragen besteht aus einem weichen und atmungsaktiven Stoff und hat innen ein flaches Anti-Reibungsband. Im unteren R\u00fcckenbereich sind 3 Taschen mit dem neuen ISP-Sicherheitssystem \u2013 Inverse Safe Pocket \u2013 integriert, in denen Sie alle Gegenst\u00e4nde aufbewahren k\u00f6nnen, ohne Angst haben zu m\u00fcssen, sie zu verlieren. Es hat auch mehrere reflektierende Details, um Ihre Sicherheit auf der Stra\u00dfe zu erh\u00f6hen.","og_url":"https:\/\/www.inverseteams.com\/de\/produkt\/langarm-radtrikot-sublim-stone-herren\/","og_site_name":"Inverseteams","article_publisher":"https:\/\/www.facebook.com\/inverseteams","article_modified_time":"2025-01-10T10:32:32+00:00","og_image":[{"width":1500,"height":1612,"url":"https:\/\/www.inverseteams.com\/wp-content\/uploads\/MAILLOT-CICLISMO-MANGA-LARGA-SUBLIM-SLIM-STONE-1-1.jpg","type":"image\/jpeg"}],"twitter_card":"summary_large_image","twitter_misc":{"Gesch\u00e4tzte Lesezeit":"1\u00a0Minute"},"schema":{"@context":"https:\/\/schema.org","@graph":[{"@type":"WebPage","@id":"https:\/\/www.inverseteams.com\/de\/produkt\/langarm-radtrikot-sublim-stone-herren\/","url":"https:\/\/www.inverseteams.com\/de\/produkt\/langarm-radtrikot-sublim-stone-herren\/","name":"Langarm Radtrikot SUBLIM STONE (HERREN)","isPartOf":{"@id":"https:\/\/www.inverseteams.com\/de\/#website"},"primaryImageOfPage":{"@id":"https:\/\/www.inverseteams.com\/de\/produkt\/langarm-radtrikot-sublim-stone-herren\/#primaryimage"},"image":{"@id":"https:\/\/www.inverseteams.com\/de\/produkt\/langarm-radtrikot-sublim-stone-herren\/#primaryimage"},"thumbnailUrl":"https:\/\/www.inverseteams.com\/wp-content\/uploads\/MAILLOT-CICLISMO-MANGA-LARGA-SUBLIM-SLIM-STONE-1-1.jpg","datePublished":"2024-07-31T09:28:45+00:00","dateModified":"2025-01-10T10:32:32+00:00","description":"Als Neuheit im Vergleich zu fr\u00fcheren Ausgaben verf\u00fcgt es \u00fcber einen elastischen Bereich an der Innenseite der \u00c4rmel, der die Anpassung des Trikots an den K\u00f6rper verbessert. Der Innenstoff ist weich und angenehm. Sorgt an k\u00fchlen Tagen f\u00fcr ein warmes Gef\u00fchl. Zusammen mit einem atmungsaktiven Stoff auf beiden Seiten des Trikots und auch auf der R\u00fcckseite ist es perfekt, um Sie trocken zu halten. Sie werden ein Gef\u00fchl von absolutem Komfort haben. Die eingesetzten \u00c4rmel sind mit Flatlock-N\u00e4hten gen\u00e4ht, um Scheuern zu verhindern. Der Kragen besteht aus einem weichen und atmungsaktiven Stoff und hat innen ein flaches Anti-Reibungsband. Im unteren R\u00fcckenbereich sind 3 Taschen mit dem neuen ISP-Sicherheitssystem \u2013 Inverse Safe Pocket \u2013 integriert, in denen Sie alle Gegenst\u00e4nde aufbewahren k\u00f6nnen, ohne Angst haben zu m\u00fcssen, sie zu verlieren. Es hat auch mehrere reflektierende Details, um Ihre Sicherheit auf der Stra\u00dfe zu erh\u00f6hen.","breadcrumb":{"@id":"https:\/\/www.inverseteams.com\/de\/produkt\/langarm-radtrikot-sublim-stone-herren\/#breadcrumb"},"inLanguage":"de","potentialAction":[{"@type":"ReadAction","target":["https:\/\/www.inverseteams.com\/de\/produkt\/langarm-radtrikot-sublim-stone-herren\/"]}]},{"@type":"ImageObject","inLanguage":"de","@id":"https:\/\/www.inverseteams.com\/de\/produkt\/langarm-radtrikot-sublim-stone-herren\/#primaryimage","url":"https:\/\/www.inverseteams.com\/wp-content\/uploads\/MAILLOT-CICLISMO-MANGA-LARGA-SUBLIM-SLIM-STONE-1-1.jpg","contentUrl":"https:\/\/www.inverseteams.com\/wp-content\/uploads\/MAILLOT-CICLISMO-MANGA-LARGA-SUBLIM-SLIM-STONE-1-1.jpg","width":1500,"height":1612,"caption":"MAILLOT CICLISTA MANGA LARGA INVERSE"},{"@type":"BreadcrumbList","@id":"https:\/\/www.inverseteams.com\/de\/produkt\/langarm-radtrikot-sublim-stone-herren\/#breadcrumb","itemListElement":[{"@type":"ListItem","position":1,"name":"Portada","item":"https:\/\/www.inverseteams.com\/de\/"},{"@type":"ListItem","position":2,"name":"Speichern","item":"https:\/\/www.inverseteams.com\/de\/speichern\/"},{"@type":"ListItem","position":3,"name":"Langarm Radtrikot SUBLIM STONE (HERREN)"}]},{"@type":"WebSite","@id":"https:\/\/www.inverseteams.com\/de\/#website","url":"https:\/\/www.inverseteams.com\/de\/","name":"Inverseteams","description":"Tu marca de ropa deportiva personalizada","publisher":{"@id":"https:\/\/www.inverseteams.com\/de\/#organization"},"potentialAction":[{"@type":"SearchAction","target":{"@type":"EntryPoint","urlTemplate":"https:\/\/www.inverseteams.com\/de\/?s={search_term_string}"},"query-input":{"@type":"PropertyValueSpecification","valueRequired":true,"valueName":"search_term_string"}}],"inLanguage":"de"},{"@type":"Organization","@id":"https:\/\/www.inverseteams.com\/de\/#organization","name":"Inverse Teams","url":"https:\/\/www.inverseteams.com\/de\/","logo":{"@type":"ImageObject","inLanguage":"de","@id":"https:\/\/www.inverseteams.com\/de\/#\/schema\/logo\/image\/","url":"https:\/\/www.inverseteams.com\/wp-content\/uploads\/2021\/03\/logo-inverse-teams.png","contentUrl":"https:\/\/www.inverseteams.com\/wp-content\/uploads\/2021\/03\/logo-inverse-teams.png","width":294,"height":99,"caption":"Inverse Teams"},"image":{"@id":"https:\/\/www.inverseteams.com\/de\/#\/schema\/logo\/image\/"},"sameAs":["https:\/\/www.facebook.com\/inverseteams","http:\/\/instagram.com\/inverseteams","https:\/\/www.linkedin.com\/company\/inverse-cirosport-s-l-?trk=job_view_topcard_company_name","http:\/\/www.pinterest.com\/inverseteams\/","http:\/\/www.youtube.com\/user\/inverseteams?feature=watch"]}]}},"_links":{"self":[{"href":"https:\/\/www.inverseteams.com\/de\/wp-json\/wp\/v2\/product\/209544","targetHints":{"allow":["GET"]}}],"collection":[{"href":"https:\/\/www.inverseteams.com\/de\/wp-json\/wp\/v2\/product"}],"about":[{"href":"https:\/\/www.inverseteams.com\/de\/wp-json\/wp\/v2\/types\/product"}],"replies":[{"embeddable":true,"href":"https:\/\/www.inverseteams.com\/de\/wp-json\/wp\/v2\/comments?post=209544"}],"wp:featuredmedia":[{"embeddable":true,"href":"https:\/\/www.inverseteams.com\/de\/wp-json\/wp\/v2\/media\/217179"}],"wp:attachment":[{"href":"https:\/\/www.inverseteams.com\/de\/wp-json\/wp\/v2\/media?parent=209544"}],"wp:term":[{"taxonomy":"product_brand","embeddable":true,"href":"https:\/\/www.inverseteams.com\/de\/wp-json\/wp\/v2\/product_brand?post=209544"},{"taxonomy":"product_cat","embeddable":true,"href":"https:\/\/www.inverseteams.com\/de\/wp-json\/wp\/v2\/product_cat?post=209544"},{"taxonomy":"product_tag","embeddable":true,"href":"https:\/\/www.inverseteams.com\/de\/wp-json\/wp\/v2\/product_tag?post=209544"},{"taxonomy":"custom_category","embeddable":true,"href":"https:\/\/www.inverseteams.com\/de\/wp-json\/wp\/v2\/custom_category?post=209544"},{"taxonomy":"range","embeddable":true,"href":"https:\/\/www.inverseteams.com\/de\/wp-json\/wp\/v2\/range?post=209544"}],"curies":[{"name":"wp","href":"https:\/\/api.w.org\/{rel}","templated":true}]}}