{"id":191017,"date":"2024-03-12T11:59:24","date_gmt":"2024-03-12T11:59:38","guid":{"rendered":"https:\/\/www.inverseteams.com\/?post_type=product&#038;p=191017"},"modified":"2025-08-21T08:38:41","modified_gmt":"2025-08-21T08:38:41","slug":"kurzarm-triathlon-anzug-metrik-nick","status":"publish","type":"product","link":"https:\/\/www.inverseteams.com\/de\/produkt\/kurzarm-triathlon-anzug-metrik-nick\/","title":{"rendered":"Kurzarm Triathlon-anzug METRIK + NICK (HERREN)"},"content":{"rendered":"<p><strong>Personalisiertes Produkt. Es sind keine \u00c4nderungen oder R\u00fcckerstattungen zul\u00e4ssig &#8211; Lieferung in 7 Tagen.<\/strong><\/p>\n<p>Die Stoffbehandlung weist Wasser ab und hilft Ihnen, beim Schwimmen leichter zu gleiten und beim \u00dcbergang schnell zu trocknen. Diese Eigenschaft ist ideal f\u00fcr Tests, bei denen kein Neopren verwendet wird. Perfekter Trisuit f\u00fcr die anspruchsvollsten Tests. Die Elastizit\u00e4t und Leichtigkeit des Stoffes erm\u00f6glichen Ihnen v\u00f6llige Bewegungsfreiheit und Sie werden w\u00e4hrend der verschiedenen Phasen des Triathlons kein Unbehagen versp\u00fcren.<br \/>\nDer Hals ist mit dem Evolution-Besatz versehen. Es ist fein und glatt und verursacht keine Kratzer. Dar\u00fcber hinaus ist es elastisch und passt sich perfekt dem Hals an, um m\u00f6glichst viel Wasser beim Schwimmen oder Luft beim Radfahren zu verhindern.<br \/>\nDie \u00c4rmel verf\u00fcgen \u00fcber einen Innengriff am B\u00fcndchen, sodass sie stets gut angepasst sind und deine Aerodynamik deutlich erh\u00f6hen. Dar\u00fcber hinaus sind sie unerl\u00e4sslich, um die Schultern vor der Sonne zu sch\u00fctzen. Der elastische Rei\u00dfverschluss passt sich allen Positionen an, ohne unangenehm zu sein. Im Lendenbereich befindet sich eine elastische Gittertasche, die das Wasser schnell ableitet und sich sehr gut zur Aufbewahrung der N\u00e4hrstoffriegel eignet. Am Ende der Beine befindet sich ein mikroperforiertes Gummiband mit einem hypoallergenen Silikongriff im Inneren. Dies verhindert, dass das Schwitzen zunimmt und das Kleidungsst\u00fcck fest am Bein sitzt.<br \/>\nAlle Eins\u00e4tze, aus denen der Kurzarm-Trisuit besteht, wurden so konzipiert, dass sie sich an alle Positionen anpassen und Ihre Leistung optimieren. Die flachen N\u00e4hte, die sie verbinden, sind \u00e4u\u00dferst widerstandsf\u00e4hig und verleihen dem Kleidungsst\u00fcck zudem ein sehr attraktives Design.<\/p>\n","protected":false},"excerpt":{"rendered":"<p><strong>Personalisiertes Produkt. Es sind keine \u00c4nderungen oder R\u00fcckerstattungen zul\u00e4ssig &#8211; Lieferung in 7 Tagen.<\/strong><\/p>\n<p>Die Stoffbehandlung weist Wasser ab und hilft Ihnen, beim Schwimmen leichter zu gleiten und beim \u00dcbergang schnell zu trocknen. Diese Eigenschaft ist ideal f\u00fcr Tests, bei denen kein Neopren verwendet wird. Perfekter Trisuit f\u00fcr die anspruchsvollsten Tests. Die Elastizit\u00e4t und Leichtigkeit des Stoffes erm\u00f6glichen Ihnen v\u00f6llige Bewegungsfreiheit und Sie werden w\u00e4hrend der verschiedenen Phasen des Triathlons kein Unbehagen versp\u00fcren.<br \/>\nDer Hals ist mit dem Evolution-Besatz versehen. Es ist fein und glatt und verursacht keine Kratzer. Dar\u00fcber hinaus ist es elastisch und passt sich perfekt dem Hals an, um m\u00f6glichst viel Wasser beim Schwimmen oder Luft beim Radfahren zu verhindern.<br \/>\nDie \u00c4rmel verf\u00fcgen \u00fcber einen Innengriff am B\u00fcndchen, sodass sie stets gut angepasst sind und deine Aerodynamik deutlich erh\u00f6hen. Dar\u00fcber hinaus sind sie unerl\u00e4sslich, um die Schultern vor der Sonne zu sch\u00fctzen. Der elastische Rei\u00dfverschluss passt sich allen Positionen an, ohne unangenehm zu sein. Im Lendenbereich befindet sich eine elastische Gittertasche, die das Wasser schnell ableitet und sich sehr gut zur Aufbewahrung der N\u00e4hrstoffriegel eignet. Am Ende der Beine befindet sich ein mikroperforiertes Gummiband mit einem hypoallergenen Silikongriff im Inneren. Dies verhindert, dass das Schwitzen zunimmt und das Kleidungsst\u00fcck fest am Bein sitzt.<br \/>\nAlle Eins\u00e4tze, aus denen der Kurzarm-Trisuit besteht, wurden so konzipiert, dass sie sich an alle Positionen anpassen und Ihre Leistung optimieren. Die flachen N\u00e4hte, die sie verbinden, sind \u00e4u\u00dferst widerstandsf\u00e4hig und verleihen dem Kleidungsst\u00fcck zudem ein sehr attraktives Design.<\/p>\n","protected":false},"featured_media":193888,"comment_status":"closed","ping_status":"closed","template":"","meta":{"_acf_changed":false},"product_brand":[],"product_cat":[11217,11202],"product_tag":[],"custom_category":[],"range":[],"class_list":{"0":"post-191017","1":"product","2":"type-product","3":"status-publish","4":"has-post-thumbnail","6":"product_cat-triathlon-anzug-de","7":"product_cat-triathlon-bekleidung-de","8":"pa_climatologia-calor-de","9":"pa_deporte-triatlon-de","10":"pa_genero-hombre-de","11":"pa_patronaje-fit-de","12":"pa_talla-xxxl-de","13":"pa_talla-s-de","14":"pa_talla-m-de","15":"pa_talla-l-de","16":"pa_talla-xl-de","17":"pa_talla-xxl-de","18":"pa_talla-xs-de","19":"pa_tipo-de-prenda-trimono-de","21":"first","22":"outofstock","23":"taxable","24":"shipping-taxable","25":"purchasable","26":"product-type-variable"},"acf":[],"yoast_head":"<!-- This site is optimized with the Yoast SEO plugin v27.3 - https:\/\/yoast.com\/product\/yoast-seo-wordpress\/ -->\n<title>Kurzarm Triathlon-anzug METRIK + NICK<\/title>\n<meta name=\"description\" content=\"Personalisiertes Produkt. Es sind keine \u00c4nderungen oder R\u00fcckerstattungen zul\u00e4ssig - Lieferung in 7 Tagen.  Die Stoffbehandlung weist Wasser ab und hilft Ihnen, beim Schwimmen leichter zu gleiten und beim \u00dcbergang schnell zu trocknen. Diese Eigenschaft ist ideal f\u00fcr Tests, bei denen kein Neopren verwendet wird. Perfekter Trisuit f\u00fcr die anspruchsvollsten Tests. Die Elastizit\u00e4t und Leichtigkeit des Stoffes erm\u00f6glichen Ihnen v\u00f6llige Bewegungsfreiheit und Sie werden w\u00e4hrend der verschiedenen Phasen des Triathlons kein Unbehagen versp\u00fcren. Der Hals ist mit dem Evolution-Besatz versehen. Es ist fein und glatt und verursacht keine Kratzer. Dar\u00fcber hinaus ist es elastisch und passt sich perfekt dem Hals an, um m\u00f6glichst viel Wasser beim Schwimmen oder Luft beim Radfahren zu verhindern. Die \u00c4rmel verf\u00fcgen \u00fcber einen Innengriff am B\u00fcndchen, sodass sie stets gut angepasst sind und deine Aerodynamik deutlich erh\u00f6hen. Dar\u00fcber hinaus sind sie unerl\u00e4sslich, um die Schultern vor der Sonne zu sch\u00fctzen. Der elastische Rei\u00dfverschluss passt sich allen Positionen an, ohne unangenehm zu sein. Im Lendenbereich befindet sich eine elastische Gittertasche, die das Wasser schnell ableitet und sich sehr gut zur Aufbewahrung der N\u00e4hrstoffriegel eignet. Am Ende der Beine befindet sich ein mikroperforiertes Gummiband mit einem hypoallergenen Silikongriff im Inneren. Dies verhindert, dass das Schwitzen zunimmt und das Kleidungsst\u00fcck fest am Bein sitzt. Alle Eins\u00e4tze, aus denen der Kurzarm-Trisuit besteht, wurden so konzipiert, dass sie sich an alle Positionen anpassen und Ihre Leistung optimieren. Die flachen N\u00e4hte, die sie verbinden, sind \u00e4u\u00dferst widerstandsf\u00e4hig und verleihen dem Kleidungsst\u00fcck zudem ein sehr attraktives Design.\" \/>\n<meta name=\"robots\" content=\"index, follow, max-snippet:-1, max-image-preview:large, max-video-preview:-1\" \/>\n<link rel=\"canonical\" href=\"https:\/\/www.inverseteams.com\/de\/produkt\/kurzarm-triathlon-anzug-metrik-nick\/\" \/>\n<meta property=\"og:locale\" content=\"de_DE\" \/>\n<meta property=\"og:type\" content=\"article\" \/>\n<meta property=\"og:title\" content=\"Kurzarm Triathlon-anzug METRIK + NICK\" \/>\n<meta property=\"og:description\" content=\"Personalisiertes Produkt. Es sind keine \u00c4nderungen oder R\u00fcckerstattungen zul\u00e4ssig - Lieferung in 7 Tagen.  Die Stoffbehandlung weist Wasser ab und hilft Ihnen, beim Schwimmen leichter zu gleiten und beim \u00dcbergang schnell zu trocknen. Diese Eigenschaft ist ideal f\u00fcr Tests, bei denen kein Neopren verwendet wird. Perfekter Trisuit f\u00fcr die anspruchsvollsten Tests. Die Elastizit\u00e4t und Leichtigkeit des Stoffes erm\u00f6glichen Ihnen v\u00f6llige Bewegungsfreiheit und Sie werden w\u00e4hrend der verschiedenen Phasen des Triathlons kein Unbehagen versp\u00fcren. Der Hals ist mit dem Evolution-Besatz versehen. Es ist fein und glatt und verursacht keine Kratzer. Dar\u00fcber hinaus ist es elastisch und passt sich perfekt dem Hals an, um m\u00f6glichst viel Wasser beim Schwimmen oder Luft beim Radfahren zu verhindern. Die \u00c4rmel verf\u00fcgen \u00fcber einen Innengriff am B\u00fcndchen, sodass sie stets gut angepasst sind und deine Aerodynamik deutlich erh\u00f6hen. Dar\u00fcber hinaus sind sie unerl\u00e4sslich, um die Schultern vor der Sonne zu sch\u00fctzen. Der elastische Rei\u00dfverschluss passt sich allen Positionen an, ohne unangenehm zu sein. Im Lendenbereich befindet sich eine elastische Gittertasche, die das Wasser schnell ableitet und sich sehr gut zur Aufbewahrung der N\u00e4hrstoffriegel eignet. Am Ende der Beine befindet sich ein mikroperforiertes Gummiband mit einem hypoallergenen Silikongriff im Inneren. Dies verhindert, dass das Schwitzen zunimmt und das Kleidungsst\u00fcck fest am Bein sitzt. Alle Eins\u00e4tze, aus denen der Kurzarm-Trisuit besteht, wurden so konzipiert, dass sie sich an alle Positionen anpassen und Ihre Leistung optimieren. Die flachen N\u00e4hte, die sie verbinden, sind \u00e4u\u00dferst widerstandsf\u00e4hig und verleihen dem Kleidungsst\u00fcck zudem ein sehr attraktives Design.\" \/>\n<meta property=\"og:url\" content=\"https:\/\/www.inverseteams.com\/de\/produkt\/kurzarm-triathlon-anzug-metrik-nick\/\" \/>\n<meta property=\"og:site_name\" content=\"Inverseteams\" \/>\n<meta property=\"article:publisher\" content=\"https:\/\/www.facebook.com\/inverseteams\" \/>\n<meta property=\"article:modified_time\" content=\"2025-08-21T08:38:41+00:00\" \/>\n<meta property=\"og:image\" content=\"https:\/\/www.inverseteams.com\/wp-content\/uploads\/TRIMONO-MC-METRIK-1.jpg\" \/>\n\t<meta property=\"og:image:width\" content=\"1500\" \/>\n\t<meta property=\"og:image:height\" content=\"1612\" \/>\n\t<meta property=\"og:image:type\" content=\"image\/jpeg\" \/>\n<meta name=\"twitter:card\" content=\"summary_large_image\" \/>\n<meta name=\"twitter:label1\" content=\"Gesch\u00e4tzte Lesezeit\" \/>\n\t<meta name=\"twitter:data1\" content=\"2\u00a0Minute\" \/>\n<script type=\"application\/ld+json\" class=\"yoast-schema-graph\">{\"@context\":\"https:\\\/\\\/schema.org\",\"@graph\":[{\"@type\":\"WebPage\",\"@id\":\"https:\\\/\\\/www.inverseteams.com\\\/de\\\/produkt\\\/kurzarm-triathlon-anzug-metrik-nick\\\/\",\"url\":\"https:\\\/\\\/www.inverseteams.com\\\/de\\\/produkt\\\/kurzarm-triathlon-anzug-metrik-nick\\\/\",\"name\":\"Kurzarm Triathlon-anzug METRIK + NICK\",\"isPartOf\":{\"@id\":\"https:\\\/\\\/www.inverseteams.com\\\/de\\\/#website\"},\"primaryImageOfPage\":{\"@id\":\"https:\\\/\\\/www.inverseteams.com\\\/de\\\/produkt\\\/kurzarm-triathlon-anzug-metrik-nick\\\/#primaryimage\"},\"image\":{\"@id\":\"https:\\\/\\\/www.inverseteams.com\\\/de\\\/produkt\\\/kurzarm-triathlon-anzug-metrik-nick\\\/#primaryimage\"},\"thumbnailUrl\":\"https:\\\/\\\/www.inverseteams.com\\\/wp-content\\\/uploads\\\/TRIMONO-MC-METRIK-1.jpg\",\"datePublished\":\"2024-03-12T11:59:38+00:00\",\"dateModified\":\"2025-08-21T08:38:41+00:00\",\"description\":\"Personalisiertes Produkt. Es sind keine \u00c4nderungen oder R\u00fcckerstattungen zul\u00e4ssig - Lieferung in 7 Tagen. Die Stoffbehandlung weist Wasser ab und hilft Ihnen, beim Schwimmen leichter zu gleiten und beim \u00dcbergang schnell zu trocknen. Diese Eigenschaft ist ideal f\u00fcr Tests, bei denen kein Neopren verwendet wird. Perfekter Trisuit f\u00fcr die anspruchsvollsten Tests. Die Elastizit\u00e4t und Leichtigkeit des Stoffes erm\u00f6glichen Ihnen v\u00f6llige Bewegungsfreiheit und Sie werden w\u00e4hrend der verschiedenen Phasen des Triathlons kein Unbehagen versp\u00fcren. Der Hals ist mit dem Evolution-Besatz versehen. Es ist fein und glatt und verursacht keine Kratzer. Dar\u00fcber hinaus ist es elastisch und passt sich perfekt dem Hals an, um m\u00f6glichst viel Wasser beim Schwimmen oder Luft beim Radfahren zu verhindern. Die \u00c4rmel verf\u00fcgen \u00fcber einen Innengriff am B\u00fcndchen, sodass sie stets gut angepasst sind und deine Aerodynamik deutlich erh\u00f6hen. Dar\u00fcber hinaus sind sie unerl\u00e4sslich, um die Schultern vor der Sonne zu sch\u00fctzen. Der elastische Rei\u00dfverschluss passt sich allen Positionen an, ohne unangenehm zu sein. Im Lendenbereich befindet sich eine elastische Gittertasche, die das Wasser schnell ableitet und sich sehr gut zur Aufbewahrung der N\u00e4hrstoffriegel eignet. Am Ende der Beine befindet sich ein mikroperforiertes Gummiband mit einem hypoallergenen Silikongriff im Inneren. Dies verhindert, dass das Schwitzen zunimmt und das Kleidungsst\u00fcck fest am Bein sitzt. Alle Eins\u00e4tze, aus denen der Kurzarm-Trisuit besteht, wurden so konzipiert, dass sie sich an alle Positionen anpassen und Ihre Leistung optimieren. Die flachen N\u00e4hte, die sie verbinden, sind \u00e4u\u00dferst widerstandsf\u00e4hig und verleihen dem Kleidungsst\u00fcck zudem ein sehr attraktives Design.\",\"breadcrumb\":{\"@id\":\"https:\\\/\\\/www.inverseteams.com\\\/de\\\/produkt\\\/kurzarm-triathlon-anzug-metrik-nick\\\/#breadcrumb\"},\"inLanguage\":\"de\",\"potentialAction\":[{\"@type\":\"ReadAction\",\"target\":[\"https:\\\/\\\/www.inverseteams.com\\\/de\\\/produkt\\\/kurzarm-triathlon-anzug-metrik-nick\\\/\"]}]},{\"@type\":\"ImageObject\",\"inLanguage\":\"de\",\"@id\":\"https:\\\/\\\/www.inverseteams.com\\\/de\\\/produkt\\\/kurzarm-triathlon-anzug-metrik-nick\\\/#primaryimage\",\"url\":\"https:\\\/\\\/www.inverseteams.com\\\/wp-content\\\/uploads\\\/TRIMONO-MC-METRIK-1.jpg\",\"contentUrl\":\"https:\\\/\\\/www.inverseteams.com\\\/wp-content\\\/uploads\\\/TRIMONO-MC-METRIK-1.jpg\",\"width\":1500,\"height\":1612},{\"@type\":\"BreadcrumbList\",\"@id\":\"https:\\\/\\\/www.inverseteams.com\\\/de\\\/produkt\\\/kurzarm-triathlon-anzug-metrik-nick\\\/#breadcrumb\",\"itemListElement\":[{\"@type\":\"ListItem\",\"position\":1,\"name\":\"Portada\",\"item\":\"https:\\\/\\\/www.inverseteams.com\\\/de\\\/\"},{\"@type\":\"ListItem\",\"position\":2,\"name\":\"Speichern\",\"item\":\"https:\\\/\\\/www.inverseteams.com\\\/de\\\/speichern\\\/\"},{\"@type\":\"ListItem\",\"position\":3,\"name\":\"Kurzarm Triathlon-anzug METRIK + NICK (HERREN)\"}]},{\"@type\":\"WebSite\",\"@id\":\"https:\\\/\\\/www.inverseteams.com\\\/de\\\/#website\",\"url\":\"https:\\\/\\\/www.inverseteams.com\\\/de\\\/\",\"name\":\"Inverseteams\",\"description\":\"Tu marca de ropa deportiva personalizada\",\"publisher\":{\"@id\":\"https:\\\/\\\/www.inverseteams.com\\\/de\\\/#organization\"},\"potentialAction\":[{\"@type\":\"SearchAction\",\"target\":{\"@type\":\"EntryPoint\",\"urlTemplate\":\"https:\\\/\\\/www.inverseteams.com\\\/de\\\/?s={search_term_string}\"},\"query-input\":{\"@type\":\"PropertyValueSpecification\",\"valueRequired\":true,\"valueName\":\"search_term_string\"}}],\"inLanguage\":\"de\"},{\"@type\":\"Organization\",\"@id\":\"https:\\\/\\\/www.inverseteams.com\\\/de\\\/#organization\",\"name\":\"Inverse Teams\",\"url\":\"https:\\\/\\\/www.inverseteams.com\\\/de\\\/\",\"logo\":{\"@type\":\"ImageObject\",\"inLanguage\":\"de\",\"@id\":\"https:\\\/\\\/www.inverseteams.com\\\/de\\\/#\\\/schema\\\/logo\\\/image\\\/\",\"url\":\"http:\\\/\\\/www.inverseteams.com\\\/wp-content\\\/uploads\\\/2021\\\/03\\\/logo-inverse-teams.png\",\"contentUrl\":\"http:\\\/\\\/www.inverseteams.com\\\/wp-content\\\/uploads\\\/2021\\\/03\\\/logo-inverse-teams.png\",\"width\":294,\"height\":99,\"caption\":\"Inverse Teams\"},\"image\":{\"@id\":\"https:\\\/\\\/www.inverseteams.com\\\/de\\\/#\\\/schema\\\/logo\\\/image\\\/\"},\"sameAs\":[\"https:\\\/\\\/www.facebook.com\\\/inverseteams\",\"http:\\\/\\\/instagram.com\\\/inverseteams\",\"https:\\\/\\\/www.linkedin.com\\\/company\\\/inverse-cirosport-s-l-?trk=job_view_topcard_company_name\",\"http:\\\/\\\/www.pinterest.com\\\/inverseteams\\\/\",\"http:\\\/\\\/www.youtube.com\\\/user\\\/inverseteams?feature=watch\"]}]}<\/script>\n<!-- \/ Yoast SEO plugin. -->","yoast_head_json":{"title":"Kurzarm Triathlon-anzug METRIK + NICK","description":"Personalisiertes Produkt. Es sind keine \u00c4nderungen oder R\u00fcckerstattungen zul\u00e4ssig - Lieferung in 7 Tagen.  Die Stoffbehandlung weist Wasser ab und hilft Ihnen, beim Schwimmen leichter zu gleiten und beim \u00dcbergang schnell zu trocknen. Diese Eigenschaft ist ideal f\u00fcr Tests, bei denen kein Neopren verwendet wird. Perfekter Trisuit f\u00fcr die anspruchsvollsten Tests. Die Elastizit\u00e4t und Leichtigkeit des Stoffes erm\u00f6glichen Ihnen v\u00f6llige Bewegungsfreiheit und Sie werden w\u00e4hrend der verschiedenen Phasen des Triathlons kein Unbehagen versp\u00fcren. Der Hals ist mit dem Evolution-Besatz versehen. Es ist fein und glatt und verursacht keine Kratzer. Dar\u00fcber hinaus ist es elastisch und passt sich perfekt dem Hals an, um m\u00f6glichst viel Wasser beim Schwimmen oder Luft beim Radfahren zu verhindern. Die \u00c4rmel verf\u00fcgen \u00fcber einen Innengriff am B\u00fcndchen, sodass sie stets gut angepasst sind und deine Aerodynamik deutlich erh\u00f6hen. Dar\u00fcber hinaus sind sie unerl\u00e4sslich, um die Schultern vor der Sonne zu sch\u00fctzen. Der elastische Rei\u00dfverschluss passt sich allen Positionen an, ohne unangenehm zu sein. Im Lendenbereich befindet sich eine elastische Gittertasche, die das Wasser schnell ableitet und sich sehr gut zur Aufbewahrung der N\u00e4hrstoffriegel eignet. Am Ende der Beine befindet sich ein mikroperforiertes Gummiband mit einem hypoallergenen Silikongriff im Inneren. Dies verhindert, dass das Schwitzen zunimmt und das Kleidungsst\u00fcck fest am Bein sitzt. Alle Eins\u00e4tze, aus denen der Kurzarm-Trisuit besteht, wurden so konzipiert, dass sie sich an alle Positionen anpassen und Ihre Leistung optimieren. Die flachen N\u00e4hte, die sie verbinden, sind \u00e4u\u00dferst widerstandsf\u00e4hig und verleihen dem Kleidungsst\u00fcck zudem ein sehr attraktives Design.","robots":{"index":"index","follow":"follow","max-snippet":"max-snippet:-1","max-image-preview":"max-image-preview:large","max-video-preview":"max-video-preview:-1"},"canonical":"https:\/\/www.inverseteams.com\/de\/produkt\/kurzarm-triathlon-anzug-metrik-nick\/","og_locale":"de_DE","og_type":"article","og_title":"Kurzarm Triathlon-anzug METRIK + NICK","og_description":"Personalisiertes Produkt. Es sind keine \u00c4nderungen oder R\u00fcckerstattungen zul\u00e4ssig - Lieferung in 7 Tagen.  Die Stoffbehandlung weist Wasser ab und hilft Ihnen, beim Schwimmen leichter zu gleiten und beim \u00dcbergang schnell zu trocknen. Diese Eigenschaft ist ideal f\u00fcr Tests, bei denen kein Neopren verwendet wird. Perfekter Trisuit f\u00fcr die anspruchsvollsten Tests. Die Elastizit\u00e4t und Leichtigkeit des Stoffes erm\u00f6glichen Ihnen v\u00f6llige Bewegungsfreiheit und Sie werden w\u00e4hrend der verschiedenen Phasen des Triathlons kein Unbehagen versp\u00fcren. Der Hals ist mit dem Evolution-Besatz versehen. Es ist fein und glatt und verursacht keine Kratzer. Dar\u00fcber hinaus ist es elastisch und passt sich perfekt dem Hals an, um m\u00f6glichst viel Wasser beim Schwimmen oder Luft beim Radfahren zu verhindern. Die \u00c4rmel verf\u00fcgen \u00fcber einen Innengriff am B\u00fcndchen, sodass sie stets gut angepasst sind und deine Aerodynamik deutlich erh\u00f6hen. Dar\u00fcber hinaus sind sie unerl\u00e4sslich, um die Schultern vor der Sonne zu sch\u00fctzen. Der elastische Rei\u00dfverschluss passt sich allen Positionen an, ohne unangenehm zu sein. Im Lendenbereich befindet sich eine elastische Gittertasche, die das Wasser schnell ableitet und sich sehr gut zur Aufbewahrung der N\u00e4hrstoffriegel eignet. Am Ende der Beine befindet sich ein mikroperforiertes Gummiband mit einem hypoallergenen Silikongriff im Inneren. Dies verhindert, dass das Schwitzen zunimmt und das Kleidungsst\u00fcck fest am Bein sitzt. Alle Eins\u00e4tze, aus denen der Kurzarm-Trisuit besteht, wurden so konzipiert, dass sie sich an alle Positionen anpassen und Ihre Leistung optimieren. Die flachen N\u00e4hte, die sie verbinden, sind \u00e4u\u00dferst widerstandsf\u00e4hig und verleihen dem Kleidungsst\u00fcck zudem ein sehr attraktives Design.","og_url":"https:\/\/www.inverseteams.com\/de\/produkt\/kurzarm-triathlon-anzug-metrik-nick\/","og_site_name":"Inverseteams","article_publisher":"https:\/\/www.facebook.com\/inverseteams","article_modified_time":"2025-08-21T08:38:41+00:00","og_image":[{"width":1500,"height":1612,"url":"https:\/\/www.inverseteams.com\/wp-content\/uploads\/TRIMONO-MC-METRIK-1.jpg","type":"image\/jpeg"}],"twitter_card":"summary_large_image","twitter_misc":{"Gesch\u00e4tzte Lesezeit":"2\u00a0Minute"},"schema":{"@context":"https:\/\/schema.org","@graph":[{"@type":"WebPage","@id":"https:\/\/www.inverseteams.com\/de\/produkt\/kurzarm-triathlon-anzug-metrik-nick\/","url":"https:\/\/www.inverseteams.com\/de\/produkt\/kurzarm-triathlon-anzug-metrik-nick\/","name":"Kurzarm Triathlon-anzug METRIK + NICK","isPartOf":{"@id":"https:\/\/www.inverseteams.com\/de\/#website"},"primaryImageOfPage":{"@id":"https:\/\/www.inverseteams.com\/de\/produkt\/kurzarm-triathlon-anzug-metrik-nick\/#primaryimage"},"image":{"@id":"https:\/\/www.inverseteams.com\/de\/produkt\/kurzarm-triathlon-anzug-metrik-nick\/#primaryimage"},"thumbnailUrl":"https:\/\/www.inverseteams.com\/wp-content\/uploads\/TRIMONO-MC-METRIK-1.jpg","datePublished":"2024-03-12T11:59:38+00:00","dateModified":"2025-08-21T08:38:41+00:00","description":"Personalisiertes Produkt. Es sind keine \u00c4nderungen oder R\u00fcckerstattungen zul\u00e4ssig - Lieferung in 7 Tagen. Die Stoffbehandlung weist Wasser ab und hilft Ihnen, beim Schwimmen leichter zu gleiten und beim \u00dcbergang schnell zu trocknen. Diese Eigenschaft ist ideal f\u00fcr Tests, bei denen kein Neopren verwendet wird. Perfekter Trisuit f\u00fcr die anspruchsvollsten Tests. Die Elastizit\u00e4t und Leichtigkeit des Stoffes erm\u00f6glichen Ihnen v\u00f6llige Bewegungsfreiheit und Sie werden w\u00e4hrend der verschiedenen Phasen des Triathlons kein Unbehagen versp\u00fcren. Der Hals ist mit dem Evolution-Besatz versehen. Es ist fein und glatt und verursacht keine Kratzer. Dar\u00fcber hinaus ist es elastisch und passt sich perfekt dem Hals an, um m\u00f6glichst viel Wasser beim Schwimmen oder Luft beim Radfahren zu verhindern. Die \u00c4rmel verf\u00fcgen \u00fcber einen Innengriff am B\u00fcndchen, sodass sie stets gut angepasst sind und deine Aerodynamik deutlich erh\u00f6hen. Dar\u00fcber hinaus sind sie unerl\u00e4sslich, um die Schultern vor der Sonne zu sch\u00fctzen. Der elastische Rei\u00dfverschluss passt sich allen Positionen an, ohne unangenehm zu sein. Im Lendenbereich befindet sich eine elastische Gittertasche, die das Wasser schnell ableitet und sich sehr gut zur Aufbewahrung der N\u00e4hrstoffriegel eignet. Am Ende der Beine befindet sich ein mikroperforiertes Gummiband mit einem hypoallergenen Silikongriff im Inneren. Dies verhindert, dass das Schwitzen zunimmt und das Kleidungsst\u00fcck fest am Bein sitzt. Alle Eins\u00e4tze, aus denen der Kurzarm-Trisuit besteht, wurden so konzipiert, dass sie sich an alle Positionen anpassen und Ihre Leistung optimieren. Die flachen N\u00e4hte, die sie verbinden, sind \u00e4u\u00dferst widerstandsf\u00e4hig und verleihen dem Kleidungsst\u00fcck zudem ein sehr attraktives Design.","breadcrumb":{"@id":"https:\/\/www.inverseteams.com\/de\/produkt\/kurzarm-triathlon-anzug-metrik-nick\/#breadcrumb"},"inLanguage":"de","potentialAction":[{"@type":"ReadAction","target":["https:\/\/www.inverseteams.com\/de\/produkt\/kurzarm-triathlon-anzug-metrik-nick\/"]}]},{"@type":"ImageObject","inLanguage":"de","@id":"https:\/\/www.inverseteams.com\/de\/produkt\/kurzarm-triathlon-anzug-metrik-nick\/#primaryimage","url":"https:\/\/www.inverseteams.com\/wp-content\/uploads\/TRIMONO-MC-METRIK-1.jpg","contentUrl":"https:\/\/www.inverseteams.com\/wp-content\/uploads\/TRIMONO-MC-METRIK-1.jpg","width":1500,"height":1612},{"@type":"BreadcrumbList","@id":"https:\/\/www.inverseteams.com\/de\/produkt\/kurzarm-triathlon-anzug-metrik-nick\/#breadcrumb","itemListElement":[{"@type":"ListItem","position":1,"name":"Portada","item":"https:\/\/www.inverseteams.com\/de\/"},{"@type":"ListItem","position":2,"name":"Speichern","item":"https:\/\/www.inverseteams.com\/de\/speichern\/"},{"@type":"ListItem","position":3,"name":"Kurzarm Triathlon-anzug METRIK + NICK (HERREN)"}]},{"@type":"WebSite","@id":"https:\/\/www.inverseteams.com\/de\/#website","url":"https:\/\/www.inverseteams.com\/de\/","name":"Inverseteams","description":"Tu marca de ropa deportiva personalizada","publisher":{"@id":"https:\/\/www.inverseteams.com\/de\/#organization"},"potentialAction":[{"@type":"SearchAction","target":{"@type":"EntryPoint","urlTemplate":"https:\/\/www.inverseteams.com\/de\/?s={search_term_string}"},"query-input":{"@type":"PropertyValueSpecification","valueRequired":true,"valueName":"search_term_string"}}],"inLanguage":"de"},{"@type":"Organization","@id":"https:\/\/www.inverseteams.com\/de\/#organization","name":"Inverse Teams","url":"https:\/\/www.inverseteams.com\/de\/","logo":{"@type":"ImageObject","inLanguage":"de","@id":"https:\/\/www.inverseteams.com\/de\/#\/schema\/logo\/image\/","url":"https:\/\/www.inverseteams.com\/wp-content\/uploads\/2021\/03\/logo-inverse-teams.png","contentUrl":"https:\/\/www.inverseteams.com\/wp-content\/uploads\/2021\/03\/logo-inverse-teams.png","width":294,"height":99,"caption":"Inverse Teams"},"image":{"@id":"https:\/\/www.inverseteams.com\/de\/#\/schema\/logo\/image\/"},"sameAs":["https:\/\/www.facebook.com\/inverseteams","http:\/\/instagram.com\/inverseteams","https:\/\/www.linkedin.com\/company\/inverse-cirosport-s-l-?trk=job_view_topcard_company_name","http:\/\/www.pinterest.com\/inverseteams\/","http:\/\/www.youtube.com\/user\/inverseteams?feature=watch"]}]}},"_links":{"self":[{"href":"https:\/\/www.inverseteams.com\/de\/wp-json\/wp\/v2\/product\/191017","targetHints":{"allow":["GET"]}}],"collection":[{"href":"https:\/\/www.inverseteams.com\/de\/wp-json\/wp\/v2\/product"}],"about":[{"href":"https:\/\/www.inverseteams.com\/de\/wp-json\/wp\/v2\/types\/product"}],"replies":[{"embeddable":true,"href":"https:\/\/www.inverseteams.com\/de\/wp-json\/wp\/v2\/comments?post=191017"}],"wp:featuredmedia":[{"embeddable":true,"href":"https:\/\/www.inverseteams.com\/de\/wp-json\/wp\/v2\/media\/193888"}],"wp:attachment":[{"href":"https:\/\/www.inverseteams.com\/de\/wp-json\/wp\/v2\/media?parent=191017"}],"wp:term":[{"taxonomy":"product_brand","embeddable":true,"href":"https:\/\/www.inverseteams.com\/de\/wp-json\/wp\/v2\/product_brand?post=191017"},{"taxonomy":"product_cat","embeddable":true,"href":"https:\/\/www.inverseteams.com\/de\/wp-json\/wp\/v2\/product_cat?post=191017"},{"taxonomy":"product_tag","embeddable":true,"href":"https:\/\/www.inverseteams.com\/de\/wp-json\/wp\/v2\/product_tag?post=191017"},{"taxonomy":"custom_category","embeddable":true,"href":"https:\/\/www.inverseteams.com\/de\/wp-json\/wp\/v2\/custom_category?post=191017"},{"taxonomy":"range","embeddable":true,"href":"https:\/\/www.inverseteams.com\/de\/wp-json\/wp\/v2\/range?post=191017"}],"curies":[{"name":"wp","href":"https:\/\/api.w.org\/{rel}","templated":true}]}}