{"id":189424,"date":"2024-02-29T19:25:35","date_gmt":"2024-02-29T19:25:35","guid":{"rendered":"https:\/\/www.inverseteams.com\/?post_type=product&#038;p=189424"},"modified":"2026-03-23T10:11:00","modified_gmt":"2026-03-23T09:11:00","slug":"radtrikot-symbiosis-gea-clay-unisex","status":"publish","type":"product","link":"https:\/\/www.inverseteams.com\/de\/produkt\/radtrikot-symbiosis-gea-clay-unisex\/","title":{"rendered":"Radtrikot SYMBIOSIS GEA CLAY (UNISEX)"},"content":{"rendered":"<p>Gef\u00e4rbt mit dem Naturdyes\u00ae Technology-Verfahren. Alle an der T\u00f6nung beteiligten Produkte sind 100 % nat\u00fcrlich, pflanzlichen und mineralischen Ursprungs. Sie erzeugen keinen giftigen Abfall. Diese Technik verbraucht 70 % weniger Wasser als ein herk\u00f6mmliches Verfahren. Dar\u00fcber hinaus erreichen wir durch das Abt\u00f6nen bei niedriger Temperatur eine h\u00f6here Energieeffizienz und reduzieren unseren CO2-Fu\u00dfabdruck.<br \/>\nUltraleichtes Radtrikot aus AIRFLOW-Gewebe, das sich durch seine offene Struktur auszeichnet und extrem atmungsaktiv ist. Sie scheiden den Schwei\u00df schnell aus und Ihre Haut ist frisch und trocken, sodass Sie H\u00f6chstleistungen erbringen k\u00f6nnen.<br \/>\nDer runde, elastische Hals passt sich allen Positionen an und erm\u00f6glicht Ihnen stundenlanges Training ohne Beschwerden. An der Taille, damit das Trikot gut am K\u00f6rper anliegt, ist es innen mit einem Silikonband versehen.<br \/>\nIm Lendenbereich sind 3 R\u00fcckentaschen mit dem ISP-Sicherheitssystem integriert. Dar\u00fcber hinaus verf\u00fcgt es \u00fcber eine Rei\u00dfverschlusstasche zur sicheren Aufbewahrung Ihrer Wertsachen.<\/p>\n","protected":false},"excerpt":{"rendered":"<p>Gef\u00e4rbt mit dem Naturdyes\u00ae Technology-Verfahren. Alle an der T\u00f6nung beteiligten Produkte sind 100 % nat\u00fcrlich, pflanzlichen und mineralischen Ursprungs. Sie erzeugen keinen giftigen Abfall. Diese Technik verbraucht 70 % weniger Wasser als ein herk\u00f6mmliches Verfahren. Dar\u00fcber hinaus erreichen wir durch das Abt\u00f6nen bei niedriger Temperatur eine h\u00f6here Energieeffizienz und reduzieren unseren CO2-Fu\u00dfabdruck.<br \/>\nUltraleichtes Radtrikot aus AIRFLOW-Gewebe, das sich durch seine offene Struktur auszeichnet und extrem atmungsaktiv ist. Sie scheiden den Schwei\u00df schnell aus und Ihre Haut ist frisch und trocken, sodass Sie H\u00f6chstleistungen erbringen k\u00f6nnen.<br \/>\nDer runde, elastische Hals passt sich allen Positionen an und erm\u00f6glicht Ihnen stundenlanges Training ohne Beschwerden. An der Taille, damit das Trikot gut am K\u00f6rper anliegt, ist es innen mit einem Silikonband versehen.<br \/>\nIm Lendenbereich sind 3 R\u00fcckentaschen mit dem ISP-Sicherheitssystem integriert. Dar\u00fcber hinaus verf\u00fcgt es \u00fcber eine Rei\u00dfverschlusstasche zur sicheren Aufbewahrung Ihrer Wertsachen.<\/p>\n","protected":false},"featured_media":188661,"comment_status":"closed","ping_status":"closed","template":"","meta":{"_acf_changed":false},"product_brand":[],"product_cat":[11152,11153,11190,11258],"product_tag":[],"custom_category":[],"range":[],"class_list":{"0":"post-189424","1":"product","2":"type-product","3":"status-publish","4":"has-post-thumbnail","6":"product_cat-radtrikots","7":"product_cat-b2b-de","8":"product_cat-radsportbekleidung","9":"product_cat-gravel-de","10":"pa_climatologia-calor-de","11":"pa_deporte-gravel-de","12":"pa_deporte-ciclismo-de","13":"pa_genero-mujer-de","14":"pa_genero-hombre-de","15":"pa_patronaje-regular-de","16":"pa_talla-m-de","17":"pa_talla-l-de","18":"pa_talla-xl-de","19":"pa_talla-xxl-de","20":"pa_talla-xs-de","21":"pa_talla-s-de","22":"pa_tipo-de-prenda-maillot-manga-corta-de","24":"first","25":"instock","26":"taxable","27":"shipping-taxable","28":"purchasable","29":"product-type-variable","30":"has-default-attributes"},"acf":[],"yoast_head":"<!-- This site is optimized with the Yoast SEO plugin v27.3 - https:\/\/yoast.com\/product\/yoast-seo-wordpress\/ -->\n<title>Radtrikot SYMBIOSIS GEA CLAY (UNISEX)<\/title>\n<meta name=\"description\" content=\"Gef\u00e4rbt mit dem Naturdyes\u00ae Technology-Verfahren. Alle an der T\u00f6nung beteiligten Produkte sind 100 % nat\u00fcrlich, pflanzlichen und mineralischen Ursprungs. Sie erzeugen keinen giftigen Abfall. Diese Technik verbraucht 70 % weniger Wasser als ein herk\u00f6mmliches Verfahren. Dar\u00fcber hinaus erreichen wir durch das Abt\u00f6nen bei niedriger Temperatur eine h\u00f6here Energieeffizienz und reduzieren unseren CO2-Fu\u00dfabdruck. Ultraleichtes Radtrikot aus AIRFLOW-Gewebe, das sich durch seine offene Struktur auszeichnet und extrem atmungsaktiv ist. Sie scheiden den Schwei\u00df schnell aus und Ihre Haut ist frisch und trocken, sodass Sie H\u00f6chstleistungen erbringen k\u00f6nnen. Der runde, elastische Hals passt sich allen Positionen an und erm\u00f6glicht Ihnen stundenlanges Training ohne Beschwerden. An der Taille, damit das Trikot gut am K\u00f6rper anliegt, ist es innen mit einem Silikonband versehen. Im Lendenbereich sind 3 R\u00fcckentaschen mit dem ISP-Sicherheitssystem integriert. Dar\u00fcber hinaus verf\u00fcgt es \u00fcber eine Rei\u00dfverschlusstasche zur sicheren Aufbewahrung Ihrer Wertsachen.\" \/>\n<meta name=\"robots\" content=\"index, follow, max-snippet:-1, max-image-preview:large, max-video-preview:-1\" \/>\n<link rel=\"canonical\" href=\"https:\/\/www.inverseteams.com\/de\/produkt\/radtrikot-symbiosis-gea-clay-unisex\/\" \/>\n<meta property=\"og:locale\" content=\"de_DE\" \/>\n<meta property=\"og:type\" content=\"article\" \/>\n<meta property=\"og:title\" content=\"Radtrikot SYMBIOSIS GEA CLAY (UNISEX)\" \/>\n<meta property=\"og:description\" content=\"Gef\u00e4rbt mit dem Naturdyes\u00ae Technology-Verfahren. Alle an der T\u00f6nung beteiligten Produkte sind 100 % nat\u00fcrlich, pflanzlichen und mineralischen Ursprungs. Sie erzeugen keinen giftigen Abfall. Diese Technik verbraucht 70 % weniger Wasser als ein herk\u00f6mmliches Verfahren. Dar\u00fcber hinaus erreichen wir durch das Abt\u00f6nen bei niedriger Temperatur eine h\u00f6here Energieeffizienz und reduzieren unseren CO2-Fu\u00dfabdruck. Ultraleichtes Radtrikot aus AIRFLOW-Gewebe, das sich durch seine offene Struktur auszeichnet und extrem atmungsaktiv ist. Sie scheiden den Schwei\u00df schnell aus und Ihre Haut ist frisch und trocken, sodass Sie H\u00f6chstleistungen erbringen k\u00f6nnen. Der runde, elastische Hals passt sich allen Positionen an und erm\u00f6glicht Ihnen stundenlanges Training ohne Beschwerden. An der Taille, damit das Trikot gut am K\u00f6rper anliegt, ist es innen mit einem Silikonband versehen. Im Lendenbereich sind 3 R\u00fcckentaschen mit dem ISP-Sicherheitssystem integriert. Dar\u00fcber hinaus verf\u00fcgt es \u00fcber eine Rei\u00dfverschlusstasche zur sicheren Aufbewahrung Ihrer Wertsachen.\" \/>\n<meta property=\"og:url\" content=\"https:\/\/www.inverseteams.com\/de\/produkt\/radtrikot-symbiosis-gea-clay-unisex\/\" \/>\n<meta property=\"og:site_name\" content=\"Inverseteams\" \/>\n<meta property=\"article:publisher\" content=\"https:\/\/www.facebook.com\/inverseteams\" \/>\n<meta property=\"article:modified_time\" content=\"2026-03-23T09:11:00+00:00\" \/>\n<meta property=\"og:image\" content=\"https:\/\/www.inverseteams.com\/wp-content\/uploads\/MAILLOT-ECOFRIENDLY-SYMBIOSIS-GEA-CLAY-1.jpg\" \/>\n\t<meta property=\"og:image:width\" content=\"1500\" \/>\n\t<meta property=\"og:image:height\" content=\"1612\" \/>\n\t<meta property=\"og:image:type\" content=\"image\/jpeg\" \/>\n<meta name=\"twitter:card\" content=\"summary_large_image\" \/>\n<meta name=\"twitter:label1\" content=\"Gesch\u00e4tzte Lesezeit\" \/>\n\t<meta name=\"twitter:data1\" content=\"1\u00a0Minute\" \/>\n<script type=\"application\/ld+json\" class=\"yoast-schema-graph\">{\"@context\":\"https:\\\/\\\/schema.org\",\"@graph\":[{\"@type\":\"WebPage\",\"@id\":\"https:\\\/\\\/www.inverseteams.com\\\/de\\\/produkt\\\/radtrikot-symbiosis-gea-clay-unisex\\\/\",\"url\":\"https:\\\/\\\/www.inverseteams.com\\\/de\\\/produkt\\\/radtrikot-symbiosis-gea-clay-unisex\\\/\",\"name\":\"Radtrikot SYMBIOSIS GEA CLAY (UNISEX)\",\"isPartOf\":{\"@id\":\"https:\\\/\\\/www.inverseteams.com\\\/de\\\/#website\"},\"primaryImageOfPage\":{\"@id\":\"https:\\\/\\\/www.inverseteams.com\\\/de\\\/produkt\\\/radtrikot-symbiosis-gea-clay-unisex\\\/#primaryimage\"},\"image\":{\"@id\":\"https:\\\/\\\/www.inverseteams.com\\\/de\\\/produkt\\\/radtrikot-symbiosis-gea-clay-unisex\\\/#primaryimage\"},\"thumbnailUrl\":\"https:\\\/\\\/www.inverseteams.com\\\/wp-content\\\/uploads\\\/MAILLOT-ECOFRIENDLY-SYMBIOSIS-GEA-CLAY-1.jpg\",\"datePublished\":\"2024-02-29T19:25:35+00:00\",\"dateModified\":\"2026-03-23T09:11:00+00:00\",\"description\":\"Gef\u00e4rbt mit dem Naturdyes\u00ae Technology-Verfahren. Alle an der T\u00f6nung beteiligten Produkte sind 100 % nat\u00fcrlich, pflanzlichen und mineralischen Ursprungs. Sie erzeugen keinen giftigen Abfall. Diese Technik verbraucht 70 % weniger Wasser als ein herk\u00f6mmliches Verfahren. Dar\u00fcber hinaus erreichen wir durch das Abt\u00f6nen bei niedriger Temperatur eine h\u00f6here Energieeffizienz und reduzieren unseren CO2-Fu\u00dfabdruck. Ultraleichtes Radtrikot aus AIRFLOW-Gewebe, das sich durch seine offene Struktur auszeichnet und extrem atmungsaktiv ist. Sie scheiden den Schwei\u00df schnell aus und Ihre Haut ist frisch und trocken, sodass Sie H\u00f6chstleistungen erbringen k\u00f6nnen. Der runde, elastische Hals passt sich allen Positionen an und erm\u00f6glicht Ihnen stundenlanges Training ohne Beschwerden. An der Taille, damit das Trikot gut am K\u00f6rper anliegt, ist es innen mit einem Silikonband versehen. Im Lendenbereich sind 3 R\u00fcckentaschen mit dem ISP-Sicherheitssystem integriert. Dar\u00fcber hinaus verf\u00fcgt es \u00fcber eine Rei\u00dfverschlusstasche zur sicheren Aufbewahrung Ihrer Wertsachen.\",\"breadcrumb\":{\"@id\":\"https:\\\/\\\/www.inverseteams.com\\\/de\\\/produkt\\\/radtrikot-symbiosis-gea-clay-unisex\\\/#breadcrumb\"},\"inLanguage\":\"de\",\"potentialAction\":[{\"@type\":\"ReadAction\",\"target\":[\"https:\\\/\\\/www.inverseteams.com\\\/de\\\/produkt\\\/radtrikot-symbiosis-gea-clay-unisex\\\/\"]}]},{\"@type\":\"ImageObject\",\"inLanguage\":\"de\",\"@id\":\"https:\\\/\\\/www.inverseteams.com\\\/de\\\/produkt\\\/radtrikot-symbiosis-gea-clay-unisex\\\/#primaryimage\",\"url\":\"https:\\\/\\\/www.inverseteams.com\\\/wp-content\\\/uploads\\\/MAILLOT-ECOFRIENDLY-SYMBIOSIS-GEA-CLAY-1.jpg\",\"contentUrl\":\"https:\\\/\\\/www.inverseteams.com\\\/wp-content\\\/uploads\\\/MAILLOT-ECOFRIENDLY-SYMBIOSIS-GEA-CLAY-1.jpg\",\"width\":1500,\"height\":1612,\"caption\":\"Radtrikot SYMBIOSIS GEA CLAY\"},{\"@type\":\"BreadcrumbList\",\"@id\":\"https:\\\/\\\/www.inverseteams.com\\\/de\\\/produkt\\\/radtrikot-symbiosis-gea-clay-unisex\\\/#breadcrumb\",\"itemListElement\":[{\"@type\":\"ListItem\",\"position\":1,\"name\":\"Portada\",\"item\":\"https:\\\/\\\/www.inverseteams.com\\\/de\\\/\"},{\"@type\":\"ListItem\",\"position\":2,\"name\":\"Speichern\",\"item\":\"https:\\\/\\\/www.inverseteams.com\\\/de\\\/speichern\\\/\"},{\"@type\":\"ListItem\",\"position\":3,\"name\":\"Radtrikot SYMBIOSIS GEA CLAY (UNISEX)\"}]},{\"@type\":\"WebSite\",\"@id\":\"https:\\\/\\\/www.inverseteams.com\\\/de\\\/#website\",\"url\":\"https:\\\/\\\/www.inverseteams.com\\\/de\\\/\",\"name\":\"Inverseteams\",\"description\":\"Tu marca de ropa deportiva personalizada\",\"publisher\":{\"@id\":\"https:\\\/\\\/www.inverseteams.com\\\/de\\\/#organization\"},\"potentialAction\":[{\"@type\":\"SearchAction\",\"target\":{\"@type\":\"EntryPoint\",\"urlTemplate\":\"https:\\\/\\\/www.inverseteams.com\\\/de\\\/?s={search_term_string}\"},\"query-input\":{\"@type\":\"PropertyValueSpecification\",\"valueRequired\":true,\"valueName\":\"search_term_string\"}}],\"inLanguage\":\"de\"},{\"@type\":\"Organization\",\"@id\":\"https:\\\/\\\/www.inverseteams.com\\\/de\\\/#organization\",\"name\":\"Inverse Teams\",\"url\":\"https:\\\/\\\/www.inverseteams.com\\\/de\\\/\",\"logo\":{\"@type\":\"ImageObject\",\"inLanguage\":\"de\",\"@id\":\"https:\\\/\\\/www.inverseteams.com\\\/de\\\/#\\\/schema\\\/logo\\\/image\\\/\",\"url\":\"https:\\\/\\\/www.inverseteams.com\\\/wp-content\\\/uploads\\\/2021\\\/03\\\/logo-inverse-teams.png\",\"contentUrl\":\"https:\\\/\\\/www.inverseteams.com\\\/wp-content\\\/uploads\\\/2021\\\/03\\\/logo-inverse-teams.png\",\"width\":294,\"height\":99,\"caption\":\"Inverse Teams\"},\"image\":{\"@id\":\"https:\\\/\\\/www.inverseteams.com\\\/de\\\/#\\\/schema\\\/logo\\\/image\\\/\"},\"sameAs\":[\"https:\\\/\\\/www.facebook.com\\\/inverseteams\",\"http:\\\/\\\/instagram.com\\\/inverseteams\",\"https:\\\/\\\/www.linkedin.com\\\/company\\\/inverse-cirosport-s-l-?trk=job_view_topcard_company_name\",\"http:\\\/\\\/www.pinterest.com\\\/inverseteams\\\/\",\"http:\\\/\\\/www.youtube.com\\\/user\\\/inverseteams?feature=watch\"]}]}<\/script>\n<!-- \/ Yoast SEO plugin. -->","yoast_head_json":{"title":"Radtrikot SYMBIOSIS GEA CLAY (UNISEX)","description":"Gef\u00e4rbt mit dem Naturdyes\u00ae Technology-Verfahren. Alle an der T\u00f6nung beteiligten Produkte sind 100 % nat\u00fcrlich, pflanzlichen und mineralischen Ursprungs. Sie erzeugen keinen giftigen Abfall. Diese Technik verbraucht 70 % weniger Wasser als ein herk\u00f6mmliches Verfahren. Dar\u00fcber hinaus erreichen wir durch das Abt\u00f6nen bei niedriger Temperatur eine h\u00f6here Energieeffizienz und reduzieren unseren CO2-Fu\u00dfabdruck. Ultraleichtes Radtrikot aus AIRFLOW-Gewebe, das sich durch seine offene Struktur auszeichnet und extrem atmungsaktiv ist. Sie scheiden den Schwei\u00df schnell aus und Ihre Haut ist frisch und trocken, sodass Sie H\u00f6chstleistungen erbringen k\u00f6nnen. Der runde, elastische Hals passt sich allen Positionen an und erm\u00f6glicht Ihnen stundenlanges Training ohne Beschwerden. An der Taille, damit das Trikot gut am K\u00f6rper anliegt, ist es innen mit einem Silikonband versehen. Im Lendenbereich sind 3 R\u00fcckentaschen mit dem ISP-Sicherheitssystem integriert. Dar\u00fcber hinaus verf\u00fcgt es \u00fcber eine Rei\u00dfverschlusstasche zur sicheren Aufbewahrung Ihrer Wertsachen.","robots":{"index":"index","follow":"follow","max-snippet":"max-snippet:-1","max-image-preview":"max-image-preview:large","max-video-preview":"max-video-preview:-1"},"canonical":"https:\/\/www.inverseteams.com\/de\/produkt\/radtrikot-symbiosis-gea-clay-unisex\/","og_locale":"de_DE","og_type":"article","og_title":"Radtrikot SYMBIOSIS GEA CLAY (UNISEX)","og_description":"Gef\u00e4rbt mit dem Naturdyes\u00ae Technology-Verfahren. Alle an der T\u00f6nung beteiligten Produkte sind 100 % nat\u00fcrlich, pflanzlichen und mineralischen Ursprungs. Sie erzeugen keinen giftigen Abfall. Diese Technik verbraucht 70 % weniger Wasser als ein herk\u00f6mmliches Verfahren. Dar\u00fcber hinaus erreichen wir durch das Abt\u00f6nen bei niedriger Temperatur eine h\u00f6here Energieeffizienz und reduzieren unseren CO2-Fu\u00dfabdruck. Ultraleichtes Radtrikot aus AIRFLOW-Gewebe, das sich durch seine offene Struktur auszeichnet und extrem atmungsaktiv ist. Sie scheiden den Schwei\u00df schnell aus und Ihre Haut ist frisch und trocken, sodass Sie H\u00f6chstleistungen erbringen k\u00f6nnen. Der runde, elastische Hals passt sich allen Positionen an und erm\u00f6glicht Ihnen stundenlanges Training ohne Beschwerden. An der Taille, damit das Trikot gut am K\u00f6rper anliegt, ist es innen mit einem Silikonband versehen. Im Lendenbereich sind 3 R\u00fcckentaschen mit dem ISP-Sicherheitssystem integriert. Dar\u00fcber hinaus verf\u00fcgt es \u00fcber eine Rei\u00dfverschlusstasche zur sicheren Aufbewahrung Ihrer Wertsachen.","og_url":"https:\/\/www.inverseteams.com\/de\/produkt\/radtrikot-symbiosis-gea-clay-unisex\/","og_site_name":"Inverseteams","article_publisher":"https:\/\/www.facebook.com\/inverseteams","article_modified_time":"2026-03-23T09:11:00+00:00","og_image":[{"width":1500,"height":1612,"url":"https:\/\/www.inverseteams.com\/wp-content\/uploads\/MAILLOT-ECOFRIENDLY-SYMBIOSIS-GEA-CLAY-1.jpg","type":"image\/jpeg"}],"twitter_card":"summary_large_image","twitter_misc":{"Gesch\u00e4tzte Lesezeit":"1\u00a0Minute"},"schema":{"@context":"https:\/\/schema.org","@graph":[{"@type":"WebPage","@id":"https:\/\/www.inverseteams.com\/de\/produkt\/radtrikot-symbiosis-gea-clay-unisex\/","url":"https:\/\/www.inverseteams.com\/de\/produkt\/radtrikot-symbiosis-gea-clay-unisex\/","name":"Radtrikot SYMBIOSIS GEA CLAY (UNISEX)","isPartOf":{"@id":"https:\/\/www.inverseteams.com\/de\/#website"},"primaryImageOfPage":{"@id":"https:\/\/www.inverseteams.com\/de\/produkt\/radtrikot-symbiosis-gea-clay-unisex\/#primaryimage"},"image":{"@id":"https:\/\/www.inverseteams.com\/de\/produkt\/radtrikot-symbiosis-gea-clay-unisex\/#primaryimage"},"thumbnailUrl":"https:\/\/www.inverseteams.com\/wp-content\/uploads\/MAILLOT-ECOFRIENDLY-SYMBIOSIS-GEA-CLAY-1.jpg","datePublished":"2024-02-29T19:25:35+00:00","dateModified":"2026-03-23T09:11:00+00:00","description":"Gef\u00e4rbt mit dem Naturdyes\u00ae Technology-Verfahren. Alle an der T\u00f6nung beteiligten Produkte sind 100 % nat\u00fcrlich, pflanzlichen und mineralischen Ursprungs. Sie erzeugen keinen giftigen Abfall. Diese Technik verbraucht 70 % weniger Wasser als ein herk\u00f6mmliches Verfahren. Dar\u00fcber hinaus erreichen wir durch das Abt\u00f6nen bei niedriger Temperatur eine h\u00f6here Energieeffizienz und reduzieren unseren CO2-Fu\u00dfabdruck. Ultraleichtes Radtrikot aus AIRFLOW-Gewebe, das sich durch seine offene Struktur auszeichnet und extrem atmungsaktiv ist. Sie scheiden den Schwei\u00df schnell aus und Ihre Haut ist frisch und trocken, sodass Sie H\u00f6chstleistungen erbringen k\u00f6nnen. Der runde, elastische Hals passt sich allen Positionen an und erm\u00f6glicht Ihnen stundenlanges Training ohne Beschwerden. An der Taille, damit das Trikot gut am K\u00f6rper anliegt, ist es innen mit einem Silikonband versehen. Im Lendenbereich sind 3 R\u00fcckentaschen mit dem ISP-Sicherheitssystem integriert. Dar\u00fcber hinaus verf\u00fcgt es \u00fcber eine Rei\u00dfverschlusstasche zur sicheren Aufbewahrung Ihrer Wertsachen.","breadcrumb":{"@id":"https:\/\/www.inverseteams.com\/de\/produkt\/radtrikot-symbiosis-gea-clay-unisex\/#breadcrumb"},"inLanguage":"de","potentialAction":[{"@type":"ReadAction","target":["https:\/\/www.inverseteams.com\/de\/produkt\/radtrikot-symbiosis-gea-clay-unisex\/"]}]},{"@type":"ImageObject","inLanguage":"de","@id":"https:\/\/www.inverseteams.com\/de\/produkt\/radtrikot-symbiosis-gea-clay-unisex\/#primaryimage","url":"https:\/\/www.inverseteams.com\/wp-content\/uploads\/MAILLOT-ECOFRIENDLY-SYMBIOSIS-GEA-CLAY-1.jpg","contentUrl":"https:\/\/www.inverseteams.com\/wp-content\/uploads\/MAILLOT-ECOFRIENDLY-SYMBIOSIS-GEA-CLAY-1.jpg","width":1500,"height":1612,"caption":"Radtrikot SYMBIOSIS GEA CLAY"},{"@type":"BreadcrumbList","@id":"https:\/\/www.inverseteams.com\/de\/produkt\/radtrikot-symbiosis-gea-clay-unisex\/#breadcrumb","itemListElement":[{"@type":"ListItem","position":1,"name":"Portada","item":"https:\/\/www.inverseteams.com\/de\/"},{"@type":"ListItem","position":2,"name":"Speichern","item":"https:\/\/www.inverseteams.com\/de\/speichern\/"},{"@type":"ListItem","position":3,"name":"Radtrikot SYMBIOSIS GEA CLAY (UNISEX)"}]},{"@type":"WebSite","@id":"https:\/\/www.inverseteams.com\/de\/#website","url":"https:\/\/www.inverseteams.com\/de\/","name":"Inverseteams","description":"Tu marca de ropa deportiva personalizada","publisher":{"@id":"https:\/\/www.inverseteams.com\/de\/#organization"},"potentialAction":[{"@type":"SearchAction","target":{"@type":"EntryPoint","urlTemplate":"https:\/\/www.inverseteams.com\/de\/?s={search_term_string}"},"query-input":{"@type":"PropertyValueSpecification","valueRequired":true,"valueName":"search_term_string"}}],"inLanguage":"de"},{"@type":"Organization","@id":"https:\/\/www.inverseteams.com\/de\/#organization","name":"Inverse Teams","url":"https:\/\/www.inverseteams.com\/de\/","logo":{"@type":"ImageObject","inLanguage":"de","@id":"https:\/\/www.inverseteams.com\/de\/#\/schema\/logo\/image\/","url":"https:\/\/www.inverseteams.com\/wp-content\/uploads\/2021\/03\/logo-inverse-teams.png","contentUrl":"https:\/\/www.inverseteams.com\/wp-content\/uploads\/2021\/03\/logo-inverse-teams.png","width":294,"height":99,"caption":"Inverse Teams"},"image":{"@id":"https:\/\/www.inverseteams.com\/de\/#\/schema\/logo\/image\/"},"sameAs":["https:\/\/www.facebook.com\/inverseteams","http:\/\/instagram.com\/inverseteams","https:\/\/www.linkedin.com\/company\/inverse-cirosport-s-l-?trk=job_view_topcard_company_name","http:\/\/www.pinterest.com\/inverseteams\/","http:\/\/www.youtube.com\/user\/inverseteams?feature=watch"]}]}},"_links":{"self":[{"href":"https:\/\/www.inverseteams.com\/de\/wp-json\/wp\/v2\/product\/189424","targetHints":{"allow":["GET"]}}],"collection":[{"href":"https:\/\/www.inverseteams.com\/de\/wp-json\/wp\/v2\/product"}],"about":[{"href":"https:\/\/www.inverseteams.com\/de\/wp-json\/wp\/v2\/types\/product"}],"replies":[{"embeddable":true,"href":"https:\/\/www.inverseteams.com\/de\/wp-json\/wp\/v2\/comments?post=189424"}],"wp:featuredmedia":[{"embeddable":true,"href":"https:\/\/www.inverseteams.com\/de\/wp-json\/wp\/v2\/media\/188661"}],"wp:attachment":[{"href":"https:\/\/www.inverseteams.com\/de\/wp-json\/wp\/v2\/media?parent=189424"}],"wp:term":[{"taxonomy":"product_brand","embeddable":true,"href":"https:\/\/www.inverseteams.com\/de\/wp-json\/wp\/v2\/product_brand?post=189424"},{"taxonomy":"product_cat","embeddable":true,"href":"https:\/\/www.inverseteams.com\/de\/wp-json\/wp\/v2\/product_cat?post=189424"},{"taxonomy":"product_tag","embeddable":true,"href":"https:\/\/www.inverseteams.com\/de\/wp-json\/wp\/v2\/product_tag?post=189424"},{"taxonomy":"custom_category","embeddable":true,"href":"https:\/\/www.inverseteams.com\/de\/wp-json\/wp\/v2\/custom_category?post=189424"},{"taxonomy":"range","embeddable":true,"href":"https:\/\/www.inverseteams.com\/de\/wp-json\/wp\/v2\/range?post=189424"}],"curies":[{"name":"wp","href":"https:\/\/api.w.org\/{rel}","templated":true}]}}