{"id":189410,"date":"2024-02-29T19:22:02","date_gmt":"2024-02-29T19:22:02","guid":{"rendered":"https:\/\/www.inverseteams.com\/?post_type=product&#038;p=189410"},"modified":"2026-02-15T13:12:06","modified_gmt":"2026-02-15T12:12:06","slug":"radtrikot-symbiosis-genesis-indigo-unisex","status":"publish","type":"product","link":"https:\/\/www.inverseteams.com\/de\/produkt\/radtrikot-symbiosis-genesis-indigo-unisex\/","title":{"rendered":"Radtrikot SYMBIOSIS GENESIS INDIGO (UNISEX)"},"content":{"rendered":"<p>Gef\u00e4rbt mit dem Naturdyes\u00ae Technology-Verfahren. Alle an der T\u00f6nung beteiligten Produkte sind 100 % nat\u00fcrlich, pflanzlichen und mineralischen Ursprungs. Sie erzeugen keinen giftigen Abfall. Diese Technik verbraucht 70 % weniger Wasser als ein herk\u00f6mmliches Verfahren. Dar\u00fcber hinaus erreichen wir durch das Abt\u00f6nen bei niedriger Temperatur eine h\u00f6here Energieeffizienz und reduzieren unseren CO2-Fu\u00dfabdruck.<br \/>\nDie Seiten und einige Bereiche der R\u00fcckseite sind aus COOLGRID-Netzgewebe gefertigt. So leiten Sie den Schwei\u00df schnell ab und Ihre Haut bleibt frisch und trocken. Der Rest der R\u00fcckseite besteht aus SQUAD-Gewebe, das ebenfalls sehr atmungsaktiv ist, dessen Struktur jedoch nicht so offen ist, um Sie vor Sonnenstrahlen zu sch\u00fctzen.<br \/>\nDie 3 Stoffe, aus denen das Radtrikot besteht, zeichnen sich durch ihre Leichtigkeit und Elastizit\u00e4t aus. Sie passen sich sehr gut dem K\u00f6rper und allen Positionen und Bewegungen an. Sie werden die weiche und angenehme Haptik lieben.<br \/>\nSein ergonomischer Hals passt perfekt und verhindert das Eindringen von Luft. Es verf\u00fcgt \u00fcber einen integrierten Rei\u00dfverschluss mit Anti-Pull-System. An der Taille, damit das Trikot gut am K\u00f6rper anliegt, verf\u00fcgt es \u00fcber einen Gummizug mit Silikongriff auf der Innenseite.<br \/>\nIm Lendenbereich sind 3 Doppeltaschen integriert. Die Innenseiten sind mit dem ISP-Sicherheitssystem ausgestattet und die Au\u00dfenseiten sind elastisch und haben einen Innengriff.<\/p>\n","protected":false},"excerpt":{"rendered":"<p>Gef\u00e4rbt mit dem Naturdyes\u00ae Technology-Verfahren. Alle an der T\u00f6nung beteiligten Produkte sind 100 % nat\u00fcrlich, pflanzlichen und mineralischen Ursprungs. Sie erzeugen keinen giftigen Abfall. Diese Technik verbraucht 70 % weniger Wasser als ein herk\u00f6mmliches Verfahren. Dar\u00fcber hinaus erreichen wir durch das Abt\u00f6nen bei niedriger Temperatur eine h\u00f6here Energieeffizienz und reduzieren unseren CO2-Fu\u00dfabdruck.<br \/>\nDie Seiten und einige Bereiche der R\u00fcckseite sind aus COOLGRID-Netzgewebe gefertigt. So leiten Sie den Schwei\u00df schnell ab und Ihre Haut bleibt frisch und trocken. Der Rest der R\u00fcckseite besteht aus SQUAD-Gewebe, das ebenfalls sehr atmungsaktiv ist, dessen Struktur jedoch nicht so offen ist, um Sie vor Sonnenstrahlen zu sch\u00fctzen.<br \/>\nDie 3 Stoffe, aus denen das Radtrikot besteht, zeichnen sich durch ihre Leichtigkeit und Elastizit\u00e4t aus. Sie passen sich sehr gut dem K\u00f6rper und allen Positionen und Bewegungen an. Sie werden die weiche und angenehme Haptik lieben.<br \/>\nSein ergonomischer Hals passt perfekt und verhindert das Eindringen von Luft. Es verf\u00fcgt \u00fcber einen integrierten Rei\u00dfverschluss mit Anti-Pull-System. An der Taille, damit das Trikot gut am K\u00f6rper anliegt, verf\u00fcgt es \u00fcber einen Gummizug mit Silikongriff auf der Innenseite.<br \/>\nIm Lendenbereich sind 3 Doppeltaschen integriert. Die Innenseiten sind mit dem ISP-Sicherheitssystem ausgestattet und die Au\u00dfenseiten sind elastisch und haben einen Innengriff.<\/p>\n","protected":false},"featured_media":188776,"comment_status":"closed","ping_status":"closed","template":"","meta":{"_acf_changed":false},"product_brand":[],"product_cat":[11152,11153,11190,11258],"product_tag":[],"custom_category":[],"range":[],"class_list":{"0":"post-189410","1":"product","2":"type-product","3":"status-publish","4":"has-post-thumbnail","6":"product_cat-radtrikots","7":"product_cat-b2b-de","8":"product_cat-radsportbekleidung","9":"product_cat-gravel-de","10":"pa_climatologia-calor-de","11":"pa_deporte-ciclismo-de","12":"pa_deporte-gravel-de","13":"pa_genero-hombre-de","14":"pa_genero-mujer-de","15":"pa_patronaje-regular-de","16":"pa_talla-xs-de","17":"pa_talla-s-de","18":"pa_talla-m-de","19":"pa_talla-l-de","20":"pa_talla-xl-de","21":"pa_talla-xxl-de","22":"pa_tipo-de-prenda-maillot-manga-corta-de","24":"first","25":"outofstock","26":"taxable","27":"shipping-taxable","28":"purchasable","29":"product-type-variable","30":"has-default-attributes"},"acf":[],"yoast_head":"<!-- This site is optimized with the Yoast SEO plugin v27.3 - https:\/\/yoast.com\/product\/yoast-seo-wordpress\/ -->\n<title>Radtrikot SYMBIOSIS GENESIS INDIGO (UNISEX)<\/title>\n<meta name=\"description\" content=\"Gef\u00e4rbt mit dem Naturdyes\u00ae Technology-Verfahren. Alle an der T\u00f6nung beteiligten Produkte sind 100 % nat\u00fcrlich, pflanzlichen und mineralischen Ursprungs. Sie erzeugen keinen giftigen Abfall. Diese Technik verbraucht 70 % weniger Wasser als ein herk\u00f6mmliches Verfahren. Dar\u00fcber hinaus erreichen wir durch das Abt\u00f6nen bei niedriger Temperatur eine h\u00f6here Energieeffizienz und reduzieren unseren CO2-Fu\u00dfabdruck. Die Seiten und einige Bereiche der R\u00fcckseite sind aus COOLGRID-Netzgewebe gefertigt. So leiten Sie den Schwei\u00df schnell ab und Ihre Haut bleibt frisch und trocken. Der Rest der R\u00fcckseite besteht aus SQUAD-Gewebe, das ebenfalls sehr atmungsaktiv ist, dessen Struktur jedoch nicht so offen ist, um Sie vor Sonnenstrahlen zu sch\u00fctzen. Die 3 Stoffe, aus denen das Radtrikot besteht, zeichnen sich durch ihre Leichtigkeit und Elastizit\u00e4t aus. Sie passen sich sehr gut dem K\u00f6rper und allen Positionen und Bewegungen an. Sie werden die weiche und angenehme Haptik lieben. Sein ergonomischer Hals passt perfekt und verhindert das Eindringen von Luft. Es verf\u00fcgt \u00fcber einen integrierten Rei\u00dfverschluss mit Anti-Pull-System. An der Taille, damit das Trikot gut am K\u00f6rper anliegt, verf\u00fcgt es \u00fcber einen Gummizug mit Silikongriff auf der Innenseite. Im Lendenbereich sind 3 Doppeltaschen integriert. Die Innenseiten sind mit dem ISP-Sicherheitssystem ausgestattet und die Au\u00dfenseiten sind elastisch und haben einen Innengriff.\" \/>\n<meta name=\"robots\" content=\"index, follow, max-snippet:-1, max-image-preview:large, max-video-preview:-1\" \/>\n<link rel=\"canonical\" href=\"https:\/\/www.inverseteams.com\/de\/produkt\/radtrikot-symbiosis-genesis-indigo-unisex\/\" \/>\n<meta property=\"og:locale\" content=\"de_DE\" \/>\n<meta property=\"og:type\" content=\"article\" \/>\n<meta property=\"og:title\" content=\"Radtrikot SYMBIOSIS GENESIS INDIGO (UNISEX)\" \/>\n<meta property=\"og:description\" content=\"Gef\u00e4rbt mit dem Naturdyes\u00ae Technology-Verfahren. Alle an der T\u00f6nung beteiligten Produkte sind 100 % nat\u00fcrlich, pflanzlichen und mineralischen Ursprungs. Sie erzeugen keinen giftigen Abfall. Diese Technik verbraucht 70 % weniger Wasser als ein herk\u00f6mmliches Verfahren. Dar\u00fcber hinaus erreichen wir durch das Abt\u00f6nen bei niedriger Temperatur eine h\u00f6here Energieeffizienz und reduzieren unseren CO2-Fu\u00dfabdruck. Die Seiten und einige Bereiche der R\u00fcckseite sind aus COOLGRID-Netzgewebe gefertigt. So leiten Sie den Schwei\u00df schnell ab und Ihre Haut bleibt frisch und trocken. Der Rest der R\u00fcckseite besteht aus SQUAD-Gewebe, das ebenfalls sehr atmungsaktiv ist, dessen Struktur jedoch nicht so offen ist, um Sie vor Sonnenstrahlen zu sch\u00fctzen. Die 3 Stoffe, aus denen das Radtrikot besteht, zeichnen sich durch ihre Leichtigkeit und Elastizit\u00e4t aus. Sie passen sich sehr gut dem K\u00f6rper und allen Positionen und Bewegungen an. Sie werden die weiche und angenehme Haptik lieben. Sein ergonomischer Hals passt perfekt und verhindert das Eindringen von Luft. Es verf\u00fcgt \u00fcber einen integrierten Rei\u00dfverschluss mit Anti-Pull-System. An der Taille, damit das Trikot gut am K\u00f6rper anliegt, verf\u00fcgt es \u00fcber einen Gummizug mit Silikongriff auf der Innenseite. Im Lendenbereich sind 3 Doppeltaschen integriert. Die Innenseiten sind mit dem ISP-Sicherheitssystem ausgestattet und die Au\u00dfenseiten sind elastisch und haben einen Innengriff.\" \/>\n<meta property=\"og:url\" content=\"https:\/\/www.inverseteams.com\/de\/produkt\/radtrikot-symbiosis-genesis-indigo-unisex\/\" \/>\n<meta property=\"og:site_name\" content=\"Inverseteams\" \/>\n<meta property=\"article:publisher\" content=\"https:\/\/www.facebook.com\/inverseteams\" \/>\n<meta property=\"article:modified_time\" content=\"2026-02-15T12:12:06+00:00\" \/>\n<meta property=\"og:image\" content=\"https:\/\/www.inverseteams.com\/wp-content\/uploads\/MAILLOT-ECOLOGICO-SYMBIOSIS-GENESIS-INDIGO-1.jpg\" \/>\n\t<meta property=\"og:image:width\" content=\"1500\" \/>\n\t<meta property=\"og:image:height\" content=\"1612\" \/>\n\t<meta property=\"og:image:type\" content=\"image\/jpeg\" \/>\n<meta name=\"twitter:card\" content=\"summary_large_image\" \/>\n<meta name=\"twitter:label1\" content=\"Gesch\u00e4tzte Lesezeit\" \/>\n\t<meta name=\"twitter:data1\" content=\"2\u00a0Minute\" \/>\n<script type=\"application\/ld+json\" class=\"yoast-schema-graph\">{\"@context\":\"https:\\\/\\\/schema.org\",\"@graph\":[{\"@type\":\"WebPage\",\"@id\":\"https:\\\/\\\/www.inverseteams.com\\\/de\\\/produkt\\\/radtrikot-symbiosis-genesis-indigo-unisex\\\/\",\"url\":\"https:\\\/\\\/www.inverseteams.com\\\/de\\\/produkt\\\/radtrikot-symbiosis-genesis-indigo-unisex\\\/\",\"name\":\"Radtrikot SYMBIOSIS GENESIS INDIGO (UNISEX)\",\"isPartOf\":{\"@id\":\"https:\\\/\\\/www.inverseteams.com\\\/de\\\/#website\"},\"primaryImageOfPage\":{\"@id\":\"https:\\\/\\\/www.inverseteams.com\\\/de\\\/produkt\\\/radtrikot-symbiosis-genesis-indigo-unisex\\\/#primaryimage\"},\"image\":{\"@id\":\"https:\\\/\\\/www.inverseteams.com\\\/de\\\/produkt\\\/radtrikot-symbiosis-genesis-indigo-unisex\\\/#primaryimage\"},\"thumbnailUrl\":\"https:\\\/\\\/www.inverseteams.com\\\/wp-content\\\/uploads\\\/MAILLOT-ECOLOGICO-SYMBIOSIS-GENESIS-INDIGO-1.jpg\",\"datePublished\":\"2024-02-29T19:22:02+00:00\",\"dateModified\":\"2026-02-15T12:12:06+00:00\",\"description\":\"Gef\u00e4rbt mit dem Naturdyes\u00ae Technology-Verfahren. Alle an der T\u00f6nung beteiligten Produkte sind 100 % nat\u00fcrlich, pflanzlichen und mineralischen Ursprungs. Sie erzeugen keinen giftigen Abfall. Diese Technik verbraucht 70 % weniger Wasser als ein herk\u00f6mmliches Verfahren. Dar\u00fcber hinaus erreichen wir durch das Abt\u00f6nen bei niedriger Temperatur eine h\u00f6here Energieeffizienz und reduzieren unseren CO2-Fu\u00dfabdruck. Die Seiten und einige Bereiche der R\u00fcckseite sind aus COOLGRID-Netzgewebe gefertigt. So leiten Sie den Schwei\u00df schnell ab und Ihre Haut bleibt frisch und trocken. Der Rest der R\u00fcckseite besteht aus SQUAD-Gewebe, das ebenfalls sehr atmungsaktiv ist, dessen Struktur jedoch nicht so offen ist, um Sie vor Sonnenstrahlen zu sch\u00fctzen. Die 3 Stoffe, aus denen das Radtrikot besteht, zeichnen sich durch ihre Leichtigkeit und Elastizit\u00e4t aus. Sie passen sich sehr gut dem K\u00f6rper und allen Positionen und Bewegungen an. Sie werden die weiche und angenehme Haptik lieben. Sein ergonomischer Hals passt perfekt und verhindert das Eindringen von Luft. Es verf\u00fcgt \u00fcber einen integrierten Rei\u00dfverschluss mit Anti-Pull-System. An der Taille, damit das Trikot gut am K\u00f6rper anliegt, verf\u00fcgt es \u00fcber einen Gummizug mit Silikongriff auf der Innenseite. Im Lendenbereich sind 3 Doppeltaschen integriert. Die Innenseiten sind mit dem ISP-Sicherheitssystem ausgestattet und die Au\u00dfenseiten sind elastisch und haben einen Innengriff.\",\"breadcrumb\":{\"@id\":\"https:\\\/\\\/www.inverseteams.com\\\/de\\\/produkt\\\/radtrikot-symbiosis-genesis-indigo-unisex\\\/#breadcrumb\"},\"inLanguage\":\"de\",\"potentialAction\":[{\"@type\":\"ReadAction\",\"target\":[\"https:\\\/\\\/www.inverseteams.com\\\/de\\\/produkt\\\/radtrikot-symbiosis-genesis-indigo-unisex\\\/\"]}]},{\"@type\":\"ImageObject\",\"inLanguage\":\"de\",\"@id\":\"https:\\\/\\\/www.inverseteams.com\\\/de\\\/produkt\\\/radtrikot-symbiosis-genesis-indigo-unisex\\\/#primaryimage\",\"url\":\"https:\\\/\\\/www.inverseteams.com\\\/wp-content\\\/uploads\\\/MAILLOT-ECOLOGICO-SYMBIOSIS-GENESIS-INDIGO-1.jpg\",\"contentUrl\":\"https:\\\/\\\/www.inverseteams.com\\\/wp-content\\\/uploads\\\/MAILLOT-ECOLOGICO-SYMBIOSIS-GENESIS-INDIGO-1.jpg\",\"width\":1500,\"height\":1612,\"caption\":\"Radtrikot SYMBIOSIS GENESIS INDIGO\"},{\"@type\":\"BreadcrumbList\",\"@id\":\"https:\\\/\\\/www.inverseteams.com\\\/de\\\/produkt\\\/radtrikot-symbiosis-genesis-indigo-unisex\\\/#breadcrumb\",\"itemListElement\":[{\"@type\":\"ListItem\",\"position\":1,\"name\":\"Portada\",\"item\":\"https:\\\/\\\/www.inverseteams.com\\\/de\\\/\"},{\"@type\":\"ListItem\",\"position\":2,\"name\":\"Speichern\",\"item\":\"https:\\\/\\\/www.inverseteams.com\\\/de\\\/speichern\\\/\"},{\"@type\":\"ListItem\",\"position\":3,\"name\":\"Radtrikot SYMBIOSIS GENESIS INDIGO (UNISEX)\"}]},{\"@type\":\"WebSite\",\"@id\":\"https:\\\/\\\/www.inverseteams.com\\\/de\\\/#website\",\"url\":\"https:\\\/\\\/www.inverseteams.com\\\/de\\\/\",\"name\":\"Inverseteams\",\"description\":\"Tu marca de ropa deportiva personalizada\",\"publisher\":{\"@id\":\"https:\\\/\\\/www.inverseteams.com\\\/de\\\/#organization\"},\"potentialAction\":[{\"@type\":\"SearchAction\",\"target\":{\"@type\":\"EntryPoint\",\"urlTemplate\":\"https:\\\/\\\/www.inverseteams.com\\\/de\\\/?s={search_term_string}\"},\"query-input\":{\"@type\":\"PropertyValueSpecification\",\"valueRequired\":true,\"valueName\":\"search_term_string\"}}],\"inLanguage\":\"de\"},{\"@type\":\"Organization\",\"@id\":\"https:\\\/\\\/www.inverseteams.com\\\/de\\\/#organization\",\"name\":\"Inverse Teams\",\"url\":\"https:\\\/\\\/www.inverseteams.com\\\/de\\\/\",\"logo\":{\"@type\":\"ImageObject\",\"inLanguage\":\"de\",\"@id\":\"https:\\\/\\\/www.inverseteams.com\\\/de\\\/#\\\/schema\\\/logo\\\/image\\\/\",\"url\":\"http:\\\/\\\/www.inverseteams.com\\\/wp-content\\\/uploads\\\/2021\\\/03\\\/logo-inverse-teams.png\",\"contentUrl\":\"http:\\\/\\\/www.inverseteams.com\\\/wp-content\\\/uploads\\\/2021\\\/03\\\/logo-inverse-teams.png\",\"width\":294,\"height\":99,\"caption\":\"Inverse Teams\"},\"image\":{\"@id\":\"https:\\\/\\\/www.inverseteams.com\\\/de\\\/#\\\/schema\\\/logo\\\/image\\\/\"},\"sameAs\":[\"https:\\\/\\\/www.facebook.com\\\/inverseteams\",\"http:\\\/\\\/instagram.com\\\/inverseteams\",\"https:\\\/\\\/www.linkedin.com\\\/company\\\/inverse-cirosport-s-l-?trk=job_view_topcard_company_name\",\"http:\\\/\\\/www.pinterest.com\\\/inverseteams\\\/\",\"http:\\\/\\\/www.youtube.com\\\/user\\\/inverseteams?feature=watch\"]}]}<\/script>\n<!-- \/ Yoast SEO plugin. -->","yoast_head_json":{"title":"Radtrikot SYMBIOSIS GENESIS INDIGO (UNISEX)","description":"Gef\u00e4rbt mit dem Naturdyes\u00ae Technology-Verfahren. Alle an der T\u00f6nung beteiligten Produkte sind 100 % nat\u00fcrlich, pflanzlichen und mineralischen Ursprungs. Sie erzeugen keinen giftigen Abfall. Diese Technik verbraucht 70 % weniger Wasser als ein herk\u00f6mmliches Verfahren. Dar\u00fcber hinaus erreichen wir durch das Abt\u00f6nen bei niedriger Temperatur eine h\u00f6here Energieeffizienz und reduzieren unseren CO2-Fu\u00dfabdruck. Die Seiten und einige Bereiche der R\u00fcckseite sind aus COOLGRID-Netzgewebe gefertigt. So leiten Sie den Schwei\u00df schnell ab und Ihre Haut bleibt frisch und trocken. Der Rest der R\u00fcckseite besteht aus SQUAD-Gewebe, das ebenfalls sehr atmungsaktiv ist, dessen Struktur jedoch nicht so offen ist, um Sie vor Sonnenstrahlen zu sch\u00fctzen. Die 3 Stoffe, aus denen das Radtrikot besteht, zeichnen sich durch ihre Leichtigkeit und Elastizit\u00e4t aus. Sie passen sich sehr gut dem K\u00f6rper und allen Positionen und Bewegungen an. Sie werden die weiche und angenehme Haptik lieben. Sein ergonomischer Hals passt perfekt und verhindert das Eindringen von Luft. Es verf\u00fcgt \u00fcber einen integrierten Rei\u00dfverschluss mit Anti-Pull-System. An der Taille, damit das Trikot gut am K\u00f6rper anliegt, verf\u00fcgt es \u00fcber einen Gummizug mit Silikongriff auf der Innenseite. Im Lendenbereich sind 3 Doppeltaschen integriert. Die Innenseiten sind mit dem ISP-Sicherheitssystem ausgestattet und die Au\u00dfenseiten sind elastisch und haben einen Innengriff.","robots":{"index":"index","follow":"follow","max-snippet":"max-snippet:-1","max-image-preview":"max-image-preview:large","max-video-preview":"max-video-preview:-1"},"canonical":"https:\/\/www.inverseteams.com\/de\/produkt\/radtrikot-symbiosis-genesis-indigo-unisex\/","og_locale":"de_DE","og_type":"article","og_title":"Radtrikot SYMBIOSIS GENESIS INDIGO (UNISEX)","og_description":"Gef\u00e4rbt mit dem Naturdyes\u00ae Technology-Verfahren. Alle an der T\u00f6nung beteiligten Produkte sind 100 % nat\u00fcrlich, pflanzlichen und mineralischen Ursprungs. Sie erzeugen keinen giftigen Abfall. Diese Technik verbraucht 70 % weniger Wasser als ein herk\u00f6mmliches Verfahren. Dar\u00fcber hinaus erreichen wir durch das Abt\u00f6nen bei niedriger Temperatur eine h\u00f6here Energieeffizienz und reduzieren unseren CO2-Fu\u00dfabdruck. Die Seiten und einige Bereiche der R\u00fcckseite sind aus COOLGRID-Netzgewebe gefertigt. So leiten Sie den Schwei\u00df schnell ab und Ihre Haut bleibt frisch und trocken. Der Rest der R\u00fcckseite besteht aus SQUAD-Gewebe, das ebenfalls sehr atmungsaktiv ist, dessen Struktur jedoch nicht so offen ist, um Sie vor Sonnenstrahlen zu sch\u00fctzen. Die 3 Stoffe, aus denen das Radtrikot besteht, zeichnen sich durch ihre Leichtigkeit und Elastizit\u00e4t aus. Sie passen sich sehr gut dem K\u00f6rper und allen Positionen und Bewegungen an. Sie werden die weiche und angenehme Haptik lieben. Sein ergonomischer Hals passt perfekt und verhindert das Eindringen von Luft. Es verf\u00fcgt \u00fcber einen integrierten Rei\u00dfverschluss mit Anti-Pull-System. An der Taille, damit das Trikot gut am K\u00f6rper anliegt, verf\u00fcgt es \u00fcber einen Gummizug mit Silikongriff auf der Innenseite. Im Lendenbereich sind 3 Doppeltaschen integriert. Die Innenseiten sind mit dem ISP-Sicherheitssystem ausgestattet und die Au\u00dfenseiten sind elastisch und haben einen Innengriff.","og_url":"https:\/\/www.inverseteams.com\/de\/produkt\/radtrikot-symbiosis-genesis-indigo-unisex\/","og_site_name":"Inverseteams","article_publisher":"https:\/\/www.facebook.com\/inverseteams","article_modified_time":"2026-02-15T12:12:06+00:00","og_image":[{"width":1500,"height":1612,"url":"https:\/\/www.inverseteams.com\/wp-content\/uploads\/MAILLOT-ECOLOGICO-SYMBIOSIS-GENESIS-INDIGO-1.jpg","type":"image\/jpeg"}],"twitter_card":"summary_large_image","twitter_misc":{"Gesch\u00e4tzte Lesezeit":"2\u00a0Minute"},"schema":{"@context":"https:\/\/schema.org","@graph":[{"@type":"WebPage","@id":"https:\/\/www.inverseteams.com\/de\/produkt\/radtrikot-symbiosis-genesis-indigo-unisex\/","url":"https:\/\/www.inverseteams.com\/de\/produkt\/radtrikot-symbiosis-genesis-indigo-unisex\/","name":"Radtrikot SYMBIOSIS GENESIS INDIGO (UNISEX)","isPartOf":{"@id":"https:\/\/www.inverseteams.com\/de\/#website"},"primaryImageOfPage":{"@id":"https:\/\/www.inverseteams.com\/de\/produkt\/radtrikot-symbiosis-genesis-indigo-unisex\/#primaryimage"},"image":{"@id":"https:\/\/www.inverseteams.com\/de\/produkt\/radtrikot-symbiosis-genesis-indigo-unisex\/#primaryimage"},"thumbnailUrl":"https:\/\/www.inverseteams.com\/wp-content\/uploads\/MAILLOT-ECOLOGICO-SYMBIOSIS-GENESIS-INDIGO-1.jpg","datePublished":"2024-02-29T19:22:02+00:00","dateModified":"2026-02-15T12:12:06+00:00","description":"Gef\u00e4rbt mit dem Naturdyes\u00ae Technology-Verfahren. Alle an der T\u00f6nung beteiligten Produkte sind 100 % nat\u00fcrlich, pflanzlichen und mineralischen Ursprungs. Sie erzeugen keinen giftigen Abfall. Diese Technik verbraucht 70 % weniger Wasser als ein herk\u00f6mmliches Verfahren. Dar\u00fcber hinaus erreichen wir durch das Abt\u00f6nen bei niedriger Temperatur eine h\u00f6here Energieeffizienz und reduzieren unseren CO2-Fu\u00dfabdruck. Die Seiten und einige Bereiche der R\u00fcckseite sind aus COOLGRID-Netzgewebe gefertigt. So leiten Sie den Schwei\u00df schnell ab und Ihre Haut bleibt frisch und trocken. Der Rest der R\u00fcckseite besteht aus SQUAD-Gewebe, das ebenfalls sehr atmungsaktiv ist, dessen Struktur jedoch nicht so offen ist, um Sie vor Sonnenstrahlen zu sch\u00fctzen. Die 3 Stoffe, aus denen das Radtrikot besteht, zeichnen sich durch ihre Leichtigkeit und Elastizit\u00e4t aus. Sie passen sich sehr gut dem K\u00f6rper und allen Positionen und Bewegungen an. Sie werden die weiche und angenehme Haptik lieben. Sein ergonomischer Hals passt perfekt und verhindert das Eindringen von Luft. Es verf\u00fcgt \u00fcber einen integrierten Rei\u00dfverschluss mit Anti-Pull-System. An der Taille, damit das Trikot gut am K\u00f6rper anliegt, verf\u00fcgt es \u00fcber einen Gummizug mit Silikongriff auf der Innenseite. Im Lendenbereich sind 3 Doppeltaschen integriert. Die Innenseiten sind mit dem ISP-Sicherheitssystem ausgestattet und die Au\u00dfenseiten sind elastisch und haben einen Innengriff.","breadcrumb":{"@id":"https:\/\/www.inverseteams.com\/de\/produkt\/radtrikot-symbiosis-genesis-indigo-unisex\/#breadcrumb"},"inLanguage":"de","potentialAction":[{"@type":"ReadAction","target":["https:\/\/www.inverseteams.com\/de\/produkt\/radtrikot-symbiosis-genesis-indigo-unisex\/"]}]},{"@type":"ImageObject","inLanguage":"de","@id":"https:\/\/www.inverseteams.com\/de\/produkt\/radtrikot-symbiosis-genesis-indigo-unisex\/#primaryimage","url":"https:\/\/www.inverseteams.com\/wp-content\/uploads\/MAILLOT-ECOLOGICO-SYMBIOSIS-GENESIS-INDIGO-1.jpg","contentUrl":"https:\/\/www.inverseteams.com\/wp-content\/uploads\/MAILLOT-ECOLOGICO-SYMBIOSIS-GENESIS-INDIGO-1.jpg","width":1500,"height":1612,"caption":"Radtrikot SYMBIOSIS GENESIS INDIGO"},{"@type":"BreadcrumbList","@id":"https:\/\/www.inverseteams.com\/de\/produkt\/radtrikot-symbiosis-genesis-indigo-unisex\/#breadcrumb","itemListElement":[{"@type":"ListItem","position":1,"name":"Portada","item":"https:\/\/www.inverseteams.com\/de\/"},{"@type":"ListItem","position":2,"name":"Speichern","item":"https:\/\/www.inverseteams.com\/de\/speichern\/"},{"@type":"ListItem","position":3,"name":"Radtrikot SYMBIOSIS GENESIS INDIGO (UNISEX)"}]},{"@type":"WebSite","@id":"https:\/\/www.inverseteams.com\/de\/#website","url":"https:\/\/www.inverseteams.com\/de\/","name":"Inverseteams","description":"Tu marca de ropa deportiva personalizada","publisher":{"@id":"https:\/\/www.inverseteams.com\/de\/#organization"},"potentialAction":[{"@type":"SearchAction","target":{"@type":"EntryPoint","urlTemplate":"https:\/\/www.inverseteams.com\/de\/?s={search_term_string}"},"query-input":{"@type":"PropertyValueSpecification","valueRequired":true,"valueName":"search_term_string"}}],"inLanguage":"de"},{"@type":"Organization","@id":"https:\/\/www.inverseteams.com\/de\/#organization","name":"Inverse Teams","url":"https:\/\/www.inverseteams.com\/de\/","logo":{"@type":"ImageObject","inLanguage":"de","@id":"https:\/\/www.inverseteams.com\/de\/#\/schema\/logo\/image\/","url":"https:\/\/www.inverseteams.com\/wp-content\/uploads\/2021\/03\/logo-inverse-teams.png","contentUrl":"https:\/\/www.inverseteams.com\/wp-content\/uploads\/2021\/03\/logo-inverse-teams.png","width":294,"height":99,"caption":"Inverse Teams"},"image":{"@id":"https:\/\/www.inverseteams.com\/de\/#\/schema\/logo\/image\/"},"sameAs":["https:\/\/www.facebook.com\/inverseteams","http:\/\/instagram.com\/inverseteams","https:\/\/www.linkedin.com\/company\/inverse-cirosport-s-l-?trk=job_view_topcard_company_name","http:\/\/www.pinterest.com\/inverseteams\/","http:\/\/www.youtube.com\/user\/inverseteams?feature=watch"]}]}},"_links":{"self":[{"href":"https:\/\/www.inverseteams.com\/de\/wp-json\/wp\/v2\/product\/189410","targetHints":{"allow":["GET"]}}],"collection":[{"href":"https:\/\/www.inverseteams.com\/de\/wp-json\/wp\/v2\/product"}],"about":[{"href":"https:\/\/www.inverseteams.com\/de\/wp-json\/wp\/v2\/types\/product"}],"replies":[{"embeddable":true,"href":"https:\/\/www.inverseteams.com\/de\/wp-json\/wp\/v2\/comments?post=189410"}],"wp:featuredmedia":[{"embeddable":true,"href":"https:\/\/www.inverseteams.com\/de\/wp-json\/wp\/v2\/media\/188776"}],"wp:attachment":[{"href":"https:\/\/www.inverseteams.com\/de\/wp-json\/wp\/v2\/media?parent=189410"}],"wp:term":[{"taxonomy":"product_brand","embeddable":true,"href":"https:\/\/www.inverseteams.com\/de\/wp-json\/wp\/v2\/product_brand?post=189410"},{"taxonomy":"product_cat","embeddable":true,"href":"https:\/\/www.inverseteams.com\/de\/wp-json\/wp\/v2\/product_cat?post=189410"},{"taxonomy":"product_tag","embeddable":true,"href":"https:\/\/www.inverseteams.com\/de\/wp-json\/wp\/v2\/product_tag?post=189410"},{"taxonomy":"custom_category","embeddable":true,"href":"https:\/\/www.inverseteams.com\/de\/wp-json\/wp\/v2\/custom_category?post=189410"},{"taxonomy":"range","embeddable":true,"href":"https:\/\/www.inverseteams.com\/de\/wp-json\/wp\/v2\/range?post=189410"}],"curies":[{"name":"wp","href":"https:\/\/api.w.org\/{rel}","templated":true}]}}