{"id":188320,"date":"2024-02-27T10:03:55","date_gmt":"2024-02-27T10:03:55","guid":{"rendered":"https:\/\/www.inverseteams.com\/?post_type=product&#038;p=188320"},"modified":"2024-06-04T00:01:42","modified_gmt":"2024-06-04T00:01:42","slug":"radtrikot-mit-sicherheitslicht-wander-antares-damen","status":"publish","type":"product","link":"https:\/\/www.inverseteams.com\/de\/produkt\/radtrikot-mit-sicherheitslicht-wander-antares-damen\/","title":{"rendered":"Radtrikot mit Sicherheitslicht WANDER ANTARES (DAMEN)"},"content":{"rendered":"<p>Im Taschenbereich ist eine abnehmbare LED-Sicherheitsleuchte integriert. Es verf\u00fcgt \u00fcber 2 Beleuchtungsmodi: Dauerlicht und Blinken. Mit einer Leistung von 150 Lumen betr\u00e4gt die maximale Sichtweite 20 Meter. Es h\u00e4lt 2 bis 4 Stunden und ist einfach \u00fcber USB 3.0 wiederaufladbar. Das neue ANTARES-Trikot ist perfekt, um bei schlechten Lichtverh\u00e4ltnissen das Radfahren in v\u00f6lliger Sicherheit zu genie\u00dfen.<br \/>\nDie Achseln und einige Bereiche des R\u00fcckens sind aus LUSH-Mesh-Gewebe gefertigt. Dadurch wird Schwei\u00df schnell abgeleitet und Ihre Haut wird frisch und trocken. Der Rest der R\u00fcckseite besteht aus NAK-Gewebe, das ebenfalls sehr atmungsaktiv ist, dessen Struktur jedoch nicht so offen ist, um Sie vor Sonnenstrahlen zu sch\u00fctzen.<br \/>\nDie 3 Stoffe, aus denen das Radtrikot besteht, zeichnen sich durch ihre Leichtigkeit und Elastizit\u00e4t aus. Sie passen sich sehr gut dem K\u00f6rper und allen Positionen und Bewegungen an. Seine weiche und angenehme Haptik wird Sie verzaubern. Du wirst das Trikot sp\u00fcren, als w\u00e4re es eine zweite Haut.<br \/>\nSein ergonomischer Hals sitzt perfekt und verhindert das Eindringen von Luft. Es verf\u00fcgt \u00fcber einen durchgehenden Rei\u00dfverschluss mit Anti-Pull-System. Damit das Trikot gut am K\u00f6rper anliegt, ist es an der Taille mit einem elastischen Band mit Silikongriff innen versehen.<br \/>\nIm Lendenbereich sind 3 offene Taschen integriert. Es hat auch 1 Seitentasche mit Rei\u00dfverschluss. Dieser ist wasserdicht, so dass Schwei\u00df das, was Sie darin aufbewahren, nicht besch\u00e4digt.<br \/>\nUm Ihre Sicherheit im Stra\u00dfenverkehr zu erh\u00f6hen, verf\u00fcgt es \u00fcber reflektierende Elemente an den Taschen.<\/p>\n","protected":false},"excerpt":{"rendered":"<p>Im Taschenbereich ist eine abnehmbare LED-Sicherheitsleuchte integriert. Es verf\u00fcgt \u00fcber 2 Beleuchtungsmodi: Dauerlicht und Blinken. Mit einer Leistung von 150 Lumen betr\u00e4gt die maximale Sichtweite 20 Meter. Es h\u00e4lt 2 bis 4 Stunden und ist einfach \u00fcber USB 3.0 wiederaufladbar. Das neue ANTARES-Trikot ist perfekt, um bei schlechten Lichtverh\u00e4ltnissen das Radfahren in v\u00f6lliger Sicherheit zu genie\u00dfen.<br \/>\nDie Achseln und einige Bereiche des R\u00fcckens sind aus LUSH-Mesh-Gewebe gefertigt. Dadurch wird Schwei\u00df schnell abgeleitet und Ihre Haut wird frisch und trocken. Der Rest der R\u00fcckseite besteht aus NAK-Gewebe, das ebenfalls sehr atmungsaktiv ist, dessen Struktur jedoch nicht so offen ist, um Sie vor Sonnenstrahlen zu sch\u00fctzen.<br \/>\nDie 3 Stoffe, aus denen das Radtrikot besteht, zeichnen sich durch ihre Leichtigkeit und Elastizit\u00e4t aus. Sie passen sich sehr gut dem K\u00f6rper und allen Positionen und Bewegungen an. Seine weiche und angenehme Haptik wird Sie verzaubern. Du wirst das Trikot sp\u00fcren, als w\u00e4re es eine zweite Haut.<br \/>\nSein ergonomischer Hals sitzt perfekt und verhindert das Eindringen von Luft. Es verf\u00fcgt \u00fcber einen durchgehenden Rei\u00dfverschluss mit Anti-Pull-System. Damit das Trikot gut am K\u00f6rper anliegt, ist es an der Taille mit einem elastischen Band mit Silikongriff innen versehen.<br \/>\nIm Lendenbereich sind 3 offene Taschen integriert. Es hat auch 1 Seitentasche mit Rei\u00dfverschluss. Dieser ist wasserdicht, so dass Schwei\u00df das, was Sie darin aufbewahren, nicht besch\u00e4digt.<br \/>\nUm Ihre Sicherheit im Stra\u00dfenverkehr zu erh\u00f6hen, verf\u00fcgt es \u00fcber reflektierende Elemente an den Taschen.<\/p>\n","protected":false},"featured_media":188115,"comment_status":"closed","ping_status":"closed","template":"","meta":{"_acf_changed":false},"product_brand":[],"product_cat":[11153,11152,11190],"product_tag":[],"custom_category":[],"range":[],"class_list":{"0":"post-188320","1":"product","2":"type-product","3":"status-publish","4":"has-post-thumbnail","6":"product_cat-b2b-de","7":"product_cat-radtrikots","8":"product_cat-radsportbekleidung","9":"pa_climatologia-calor-de","10":"pa_deporte-ciclismo-de","11":"pa_genero-mujer-de","12":"pa_patronaje-fit-de","13":"pa_talla-xs-de","14":"pa_talla-s-de","15":"pa_talla-m-de","16":"pa_talla-l-de","17":"pa_talla-xl-de","18":"pa_tipo-de-prenda-maillot-manga-corta-de","20":"first","21":"instock","22":"taxable","23":"shipping-taxable","24":"purchasable","25":"product-type-variable","26":"has-default-attributes"},"acf":[],"yoast_head":"<!-- This site is optimized with the Yoast SEO plugin v27.2 - https:\/\/yoast.com\/product\/yoast-seo-wordpress\/ -->\n<title>Radtrikot mit Sicherheitslicht WANDER ANTARES (DAMEN)<\/title>\n<meta name=\"description\" content=\"Im Taschenbereich ist eine abnehmbare LED-Sicherheitsleuchte integriert. Es verf\u00fcgt \u00fcber 2 Beleuchtungsmodi: Dauerlicht und Blinken. Mit einer Leistung von 150 Lumen betr\u00e4gt die maximale Sichtweite 20 Meter. Es h\u00e4lt 2 bis 4 Stunden und ist einfach \u00fcber USB 3.0 wiederaufladbar. Das neue ANTARES-Trikot ist perfekt, um bei schlechten Lichtverh\u00e4ltnissen das Radfahren in v\u00f6lliger Sicherheit zu genie\u00dfen. Die Achseln und einige Bereiche des R\u00fcckens sind aus LUSH-Mesh-Gewebe gefertigt. Dadurch wird Schwei\u00df schnell abgeleitet und Ihre Haut wird frisch und trocken. Der Rest der R\u00fcckseite besteht aus NAK-Gewebe, das ebenfalls sehr atmungsaktiv ist, dessen Struktur jedoch nicht so offen ist, um Sie vor Sonnenstrahlen zu sch\u00fctzen. Die 3 Stoffe, aus denen das Radtrikot besteht, zeichnen sich durch ihre Leichtigkeit und Elastizit\u00e4t aus. Sie passen sich sehr gut dem K\u00f6rper und allen Positionen und Bewegungen an. Seine weiche und angenehme Haptik wird Sie verzaubern. Du wirst das Trikot sp\u00fcren, als w\u00e4re es eine zweite Haut. Sein ergonomischer Hals sitzt perfekt und verhindert das Eindringen von Luft. Es verf\u00fcgt \u00fcber einen durchgehenden Rei\u00dfverschluss mit Anti-Pull-System. Damit das Trikot gut am K\u00f6rper anliegt, ist es an der Taille mit einem elastischen Band mit Silikongriff innen versehen. Im Lendenbereich sind 3 offene Taschen integriert. Es hat auch 1 Seitentasche mit Rei\u00dfverschluss. Dieser ist wasserdicht, so dass Schwei\u00df das, was Sie darin aufbewahren, nicht besch\u00e4digt. Um Ihre Sicherheit im Stra\u00dfenverkehr zu erh\u00f6hen, verf\u00fcgt es \u00fcber reflektierende Elemente an den Taschen.\" \/>\n<meta name=\"robots\" content=\"index, follow, max-snippet:-1, max-image-preview:large, max-video-preview:-1\" \/>\n<link rel=\"canonical\" href=\"https:\/\/www.inverseteams.com\/de\/produkt\/radtrikot-mit-sicherheitslicht-wander-antares-damen\/\" \/>\n<meta property=\"og:locale\" content=\"de_DE\" \/>\n<meta property=\"og:type\" content=\"article\" \/>\n<meta property=\"og:title\" content=\"Radtrikot mit Sicherheitslicht WANDER ANTARES (DAMEN)\" \/>\n<meta property=\"og:description\" content=\"Im Taschenbereich ist eine abnehmbare LED-Sicherheitsleuchte integriert. Es verf\u00fcgt \u00fcber 2 Beleuchtungsmodi: Dauerlicht und Blinken. Mit einer Leistung von 150 Lumen betr\u00e4gt die maximale Sichtweite 20 Meter. Es h\u00e4lt 2 bis 4 Stunden und ist einfach \u00fcber USB 3.0 wiederaufladbar. Das neue ANTARES-Trikot ist perfekt, um bei schlechten Lichtverh\u00e4ltnissen das Radfahren in v\u00f6lliger Sicherheit zu genie\u00dfen. Die Achseln und einige Bereiche des R\u00fcckens sind aus LUSH-Mesh-Gewebe gefertigt. Dadurch wird Schwei\u00df schnell abgeleitet und Ihre Haut wird frisch und trocken. Der Rest der R\u00fcckseite besteht aus NAK-Gewebe, das ebenfalls sehr atmungsaktiv ist, dessen Struktur jedoch nicht so offen ist, um Sie vor Sonnenstrahlen zu sch\u00fctzen. Die 3 Stoffe, aus denen das Radtrikot besteht, zeichnen sich durch ihre Leichtigkeit und Elastizit\u00e4t aus. Sie passen sich sehr gut dem K\u00f6rper und allen Positionen und Bewegungen an. Seine weiche und angenehme Haptik wird Sie verzaubern. Du wirst das Trikot sp\u00fcren, als w\u00e4re es eine zweite Haut. Sein ergonomischer Hals sitzt perfekt und verhindert das Eindringen von Luft. Es verf\u00fcgt \u00fcber einen durchgehenden Rei\u00dfverschluss mit Anti-Pull-System. Damit das Trikot gut am K\u00f6rper anliegt, ist es an der Taille mit einem elastischen Band mit Silikongriff innen versehen. Im Lendenbereich sind 3 offene Taschen integriert. Es hat auch 1 Seitentasche mit Rei\u00dfverschluss. Dieser ist wasserdicht, so dass Schwei\u00df das, was Sie darin aufbewahren, nicht besch\u00e4digt. Um Ihre Sicherheit im Stra\u00dfenverkehr zu erh\u00f6hen, verf\u00fcgt es \u00fcber reflektierende Elemente an den Taschen.\" \/>\n<meta property=\"og:url\" content=\"https:\/\/www.inverseteams.com\/de\/produkt\/radtrikot-mit-sicherheitslicht-wander-antares-damen\/\" \/>\n<meta property=\"og:site_name\" content=\"Inverseteams\" \/>\n<meta property=\"article:publisher\" content=\"https:\/\/www.facebook.com\/inverseteams\" \/>\n<meta property=\"article:modified_time\" content=\"2024-06-04T00:01:42+00:00\" \/>\n<meta property=\"og:image\" content=\"https:\/\/www.inverseteams.com\/wp-content\/uploads\/MAILLOT-CICLISTA-CON-LUZ-DE-SEGURIDAD-WANDER-ANTARES-1.jpg\" \/>\n\t<meta property=\"og:image:width\" content=\"1500\" \/>\n\t<meta property=\"og:image:height\" content=\"1612\" \/>\n\t<meta property=\"og:image:type\" content=\"image\/jpeg\" \/>\n<meta name=\"twitter:card\" content=\"summary_large_image\" \/>\n<meta name=\"twitter:label1\" content=\"Gesch\u00e4tzte Lesezeit\" \/>\n\t<meta name=\"twitter:data1\" content=\"2\u00a0Minute\" \/>\n<script type=\"application\/ld+json\" class=\"yoast-schema-graph\">{\"@context\":\"https:\/\/schema.org\",\"@graph\":[{\"@type\":\"WebPage\",\"@id\":\"https:\/\/www.inverseteams.com\/de\/produkt\/radtrikot-mit-sicherheitslicht-wander-antares-damen\/\",\"url\":\"https:\/\/www.inverseteams.com\/de\/produkt\/radtrikot-mit-sicherheitslicht-wander-antares-damen\/\",\"name\":\"Radtrikot mit Sicherheitslicht WANDER ANTARES (DAMEN)\",\"isPartOf\":{\"@id\":\"https:\/\/www.inverseteams.com\/de\/#website\"},\"primaryImageOfPage\":{\"@id\":\"https:\/\/www.inverseteams.com\/de\/produkt\/radtrikot-mit-sicherheitslicht-wander-antares-damen\/#primaryimage\"},\"image\":{\"@id\":\"https:\/\/www.inverseteams.com\/de\/produkt\/radtrikot-mit-sicherheitslicht-wander-antares-damen\/#primaryimage\"},\"thumbnailUrl\":\"https:\/\/www.inverseteams.com\/wp-content\/uploads\/MAILLOT-CICLISTA-CON-LUZ-DE-SEGURIDAD-WANDER-ANTARES-1.jpg\",\"datePublished\":\"2024-02-27T10:03:55+00:00\",\"dateModified\":\"2024-06-04T00:01:42+00:00\",\"description\":\"Im Taschenbereich ist eine abnehmbare LED-Sicherheitsleuchte integriert. Es verf\u00fcgt \u00fcber 2 Beleuchtungsmodi: Dauerlicht und Blinken. Mit einer Leistung von 150 Lumen betr\u00e4gt die maximale Sichtweite 20 Meter. Es h\u00e4lt 2 bis 4 Stunden und ist einfach \u00fcber USB 3.0 wiederaufladbar. Das neue ANTARES-Trikot ist perfekt, um bei schlechten Lichtverh\u00e4ltnissen das Radfahren in v\u00f6lliger Sicherheit zu genie\u00dfen. Die Achseln und einige Bereiche des R\u00fcckens sind aus LUSH-Mesh-Gewebe gefertigt. Dadurch wird Schwei\u00df schnell abgeleitet und Ihre Haut wird frisch und trocken. Der Rest der R\u00fcckseite besteht aus NAK-Gewebe, das ebenfalls sehr atmungsaktiv ist, dessen Struktur jedoch nicht so offen ist, um Sie vor Sonnenstrahlen zu sch\u00fctzen. Die 3 Stoffe, aus denen das Radtrikot besteht, zeichnen sich durch ihre Leichtigkeit und Elastizit\u00e4t aus. Sie passen sich sehr gut dem K\u00f6rper und allen Positionen und Bewegungen an. Seine weiche und angenehme Haptik wird Sie verzaubern. Du wirst das Trikot sp\u00fcren, als w\u00e4re es eine zweite Haut. Sein ergonomischer Hals sitzt perfekt und verhindert das Eindringen von Luft. Es verf\u00fcgt \u00fcber einen durchgehenden Rei\u00dfverschluss mit Anti-Pull-System. Damit das Trikot gut am K\u00f6rper anliegt, ist es an der Taille mit einem elastischen Band mit Silikongriff innen versehen. Im Lendenbereich sind 3 offene Taschen integriert. Es hat auch 1 Seitentasche mit Rei\u00dfverschluss. Dieser ist wasserdicht, so dass Schwei\u00df das, was Sie darin aufbewahren, nicht besch\u00e4digt. Um Ihre Sicherheit im Stra\u00dfenverkehr zu erh\u00f6hen, verf\u00fcgt es \u00fcber reflektierende Elemente an den Taschen.\",\"breadcrumb\":{\"@id\":\"https:\/\/www.inverseteams.com\/de\/produkt\/radtrikot-mit-sicherheitslicht-wander-antares-damen\/#breadcrumb\"},\"inLanguage\":\"de\",\"potentialAction\":[{\"@type\":\"ReadAction\",\"target\":[\"https:\/\/www.inverseteams.com\/de\/produkt\/radtrikot-mit-sicherheitslicht-wander-antares-damen\/\"]}]},{\"@type\":\"ImageObject\",\"inLanguage\":\"de\",\"@id\":\"https:\/\/www.inverseteams.com\/de\/produkt\/radtrikot-mit-sicherheitslicht-wander-antares-damen\/#primaryimage\",\"url\":\"https:\/\/www.inverseteams.com\/wp-content\/uploads\/MAILLOT-CICLISTA-CON-LUZ-DE-SEGURIDAD-WANDER-ANTARES-1.jpg\",\"contentUrl\":\"https:\/\/www.inverseteams.com\/wp-content\/uploads\/MAILLOT-CICLISTA-CON-LUZ-DE-SEGURIDAD-WANDER-ANTARES-1.jpg\",\"width\":1500,\"height\":1612,\"caption\":\"Radtrikot mit Sicherheitslicht WANDER ANTARES\"},{\"@type\":\"BreadcrumbList\",\"@id\":\"https:\/\/www.inverseteams.com\/de\/produkt\/radtrikot-mit-sicherheitslicht-wander-antares-damen\/#breadcrumb\",\"itemListElement\":[{\"@type\":\"ListItem\",\"position\":1,\"name\":\"Portada\",\"item\":\"https:\/\/www.inverseteams.com\/de\/\"},{\"@type\":\"ListItem\",\"position\":2,\"name\":\"Speichern\",\"item\":\"https:\/\/www.inverseteams.com\/de\/speichern\/\"},{\"@type\":\"ListItem\",\"position\":3,\"name\":\"Radtrikot mit Sicherheitslicht WANDER ANTARES (DAMEN)\"}]},{\"@type\":\"WebSite\",\"@id\":\"https:\/\/www.inverseteams.com\/de\/#website\",\"url\":\"https:\/\/www.inverseteams.com\/de\/\",\"name\":\"Inverseteams\",\"description\":\"Tu marca de ropa deportiva personalizada\",\"publisher\":{\"@id\":\"https:\/\/www.inverseteams.com\/de\/#organization\"},\"potentialAction\":[{\"@type\":\"SearchAction\",\"target\":{\"@type\":\"EntryPoint\",\"urlTemplate\":\"https:\/\/www.inverseteams.com\/de\/?s={search_term_string}\"},\"query-input\":{\"@type\":\"PropertyValueSpecification\",\"valueRequired\":true,\"valueName\":\"search_term_string\"}}],\"inLanguage\":\"de\"},{\"@type\":\"Organization\",\"@id\":\"https:\/\/www.inverseteams.com\/de\/#organization\",\"name\":\"Inverse Teams\",\"url\":\"https:\/\/www.inverseteams.com\/de\/\",\"logo\":{\"@type\":\"ImageObject\",\"inLanguage\":\"de\",\"@id\":\"https:\/\/www.inverseteams.com\/de\/#\/schema\/logo\/image\/\",\"url\":\"https:\/\/www.inverseteams.com\/wp-content\/uploads\/2021\/03\/logo-inverse-teams.png\",\"contentUrl\":\"https:\/\/www.inverseteams.com\/wp-content\/uploads\/2021\/03\/logo-inverse-teams.png\",\"width\":294,\"height\":99,\"caption\":\"Inverse Teams\"},\"image\":{\"@id\":\"https:\/\/www.inverseteams.com\/de\/#\/schema\/logo\/image\/\"},\"sameAs\":[\"https:\/\/www.facebook.com\/inverseteams\",\"http:\/\/instagram.com\/inverseteams\",\"https:\/\/www.linkedin.com\/company\/inverse-cirosport-s-l-?trk=job_view_topcard_company_name\",\"http:\/\/www.pinterest.com\/inverseteams\/\",\"http:\/\/www.youtube.com\/user\/inverseteams?feature=watch\"]}]}<\/script>\n<!-- \/ Yoast SEO plugin. -->","yoast_head_json":{"title":"Radtrikot mit Sicherheitslicht WANDER ANTARES (DAMEN)","description":"Im Taschenbereich ist eine abnehmbare LED-Sicherheitsleuchte integriert. Es verf\u00fcgt \u00fcber 2 Beleuchtungsmodi: Dauerlicht und Blinken. Mit einer Leistung von 150 Lumen betr\u00e4gt die maximale Sichtweite 20 Meter. Es h\u00e4lt 2 bis 4 Stunden und ist einfach \u00fcber USB 3.0 wiederaufladbar. Das neue ANTARES-Trikot ist perfekt, um bei schlechten Lichtverh\u00e4ltnissen das Radfahren in v\u00f6lliger Sicherheit zu genie\u00dfen. Die Achseln und einige Bereiche des R\u00fcckens sind aus LUSH-Mesh-Gewebe gefertigt. Dadurch wird Schwei\u00df schnell abgeleitet und Ihre Haut wird frisch und trocken. Der Rest der R\u00fcckseite besteht aus NAK-Gewebe, das ebenfalls sehr atmungsaktiv ist, dessen Struktur jedoch nicht so offen ist, um Sie vor Sonnenstrahlen zu sch\u00fctzen. Die 3 Stoffe, aus denen das Radtrikot besteht, zeichnen sich durch ihre Leichtigkeit und Elastizit\u00e4t aus. Sie passen sich sehr gut dem K\u00f6rper und allen Positionen und Bewegungen an. Seine weiche und angenehme Haptik wird Sie verzaubern. Du wirst das Trikot sp\u00fcren, als w\u00e4re es eine zweite Haut. Sein ergonomischer Hals sitzt perfekt und verhindert das Eindringen von Luft. Es verf\u00fcgt \u00fcber einen durchgehenden Rei\u00dfverschluss mit Anti-Pull-System. Damit das Trikot gut am K\u00f6rper anliegt, ist es an der Taille mit einem elastischen Band mit Silikongriff innen versehen. Im Lendenbereich sind 3 offene Taschen integriert. Es hat auch 1 Seitentasche mit Rei\u00dfverschluss. Dieser ist wasserdicht, so dass Schwei\u00df das, was Sie darin aufbewahren, nicht besch\u00e4digt. Um Ihre Sicherheit im Stra\u00dfenverkehr zu erh\u00f6hen, verf\u00fcgt es \u00fcber reflektierende Elemente an den Taschen.","robots":{"index":"index","follow":"follow","max-snippet":"max-snippet:-1","max-image-preview":"max-image-preview:large","max-video-preview":"max-video-preview:-1"},"canonical":"https:\/\/www.inverseteams.com\/de\/produkt\/radtrikot-mit-sicherheitslicht-wander-antares-damen\/","og_locale":"de_DE","og_type":"article","og_title":"Radtrikot mit Sicherheitslicht WANDER ANTARES (DAMEN)","og_description":"Im Taschenbereich ist eine abnehmbare LED-Sicherheitsleuchte integriert. Es verf\u00fcgt \u00fcber 2 Beleuchtungsmodi: Dauerlicht und Blinken. Mit einer Leistung von 150 Lumen betr\u00e4gt die maximale Sichtweite 20 Meter. Es h\u00e4lt 2 bis 4 Stunden und ist einfach \u00fcber USB 3.0 wiederaufladbar. Das neue ANTARES-Trikot ist perfekt, um bei schlechten Lichtverh\u00e4ltnissen das Radfahren in v\u00f6lliger Sicherheit zu genie\u00dfen. Die Achseln und einige Bereiche des R\u00fcckens sind aus LUSH-Mesh-Gewebe gefertigt. Dadurch wird Schwei\u00df schnell abgeleitet und Ihre Haut wird frisch und trocken. Der Rest der R\u00fcckseite besteht aus NAK-Gewebe, das ebenfalls sehr atmungsaktiv ist, dessen Struktur jedoch nicht so offen ist, um Sie vor Sonnenstrahlen zu sch\u00fctzen. Die 3 Stoffe, aus denen das Radtrikot besteht, zeichnen sich durch ihre Leichtigkeit und Elastizit\u00e4t aus. Sie passen sich sehr gut dem K\u00f6rper und allen Positionen und Bewegungen an. Seine weiche und angenehme Haptik wird Sie verzaubern. Du wirst das Trikot sp\u00fcren, als w\u00e4re es eine zweite Haut. Sein ergonomischer Hals sitzt perfekt und verhindert das Eindringen von Luft. Es verf\u00fcgt \u00fcber einen durchgehenden Rei\u00dfverschluss mit Anti-Pull-System. Damit das Trikot gut am K\u00f6rper anliegt, ist es an der Taille mit einem elastischen Band mit Silikongriff innen versehen. Im Lendenbereich sind 3 offene Taschen integriert. Es hat auch 1 Seitentasche mit Rei\u00dfverschluss. Dieser ist wasserdicht, so dass Schwei\u00df das, was Sie darin aufbewahren, nicht besch\u00e4digt. Um Ihre Sicherheit im Stra\u00dfenverkehr zu erh\u00f6hen, verf\u00fcgt es \u00fcber reflektierende Elemente an den Taschen.","og_url":"https:\/\/www.inverseteams.com\/de\/produkt\/radtrikot-mit-sicherheitslicht-wander-antares-damen\/","og_site_name":"Inverseteams","article_publisher":"https:\/\/www.facebook.com\/inverseteams","article_modified_time":"2024-06-04T00:01:42+00:00","og_image":[{"width":1500,"height":1612,"url":"https:\/\/www.inverseteams.com\/wp-content\/uploads\/MAILLOT-CICLISTA-CON-LUZ-DE-SEGURIDAD-WANDER-ANTARES-1.jpg","type":"image\/jpeg"}],"twitter_card":"summary_large_image","twitter_misc":{"Gesch\u00e4tzte Lesezeit":"2\u00a0Minute"},"schema":{"@context":"https:\/\/schema.org","@graph":[{"@type":"WebPage","@id":"https:\/\/www.inverseteams.com\/de\/produkt\/radtrikot-mit-sicherheitslicht-wander-antares-damen\/","url":"https:\/\/www.inverseteams.com\/de\/produkt\/radtrikot-mit-sicherheitslicht-wander-antares-damen\/","name":"Radtrikot mit Sicherheitslicht WANDER ANTARES (DAMEN)","isPartOf":{"@id":"https:\/\/www.inverseteams.com\/de\/#website"},"primaryImageOfPage":{"@id":"https:\/\/www.inverseteams.com\/de\/produkt\/radtrikot-mit-sicherheitslicht-wander-antares-damen\/#primaryimage"},"image":{"@id":"https:\/\/www.inverseteams.com\/de\/produkt\/radtrikot-mit-sicherheitslicht-wander-antares-damen\/#primaryimage"},"thumbnailUrl":"https:\/\/www.inverseteams.com\/wp-content\/uploads\/MAILLOT-CICLISTA-CON-LUZ-DE-SEGURIDAD-WANDER-ANTARES-1.jpg","datePublished":"2024-02-27T10:03:55+00:00","dateModified":"2024-06-04T00:01:42+00:00","description":"Im Taschenbereich ist eine abnehmbare LED-Sicherheitsleuchte integriert. Es verf\u00fcgt \u00fcber 2 Beleuchtungsmodi: Dauerlicht und Blinken. Mit einer Leistung von 150 Lumen betr\u00e4gt die maximale Sichtweite 20 Meter. Es h\u00e4lt 2 bis 4 Stunden und ist einfach \u00fcber USB 3.0 wiederaufladbar. Das neue ANTARES-Trikot ist perfekt, um bei schlechten Lichtverh\u00e4ltnissen das Radfahren in v\u00f6lliger Sicherheit zu genie\u00dfen. Die Achseln und einige Bereiche des R\u00fcckens sind aus LUSH-Mesh-Gewebe gefertigt. Dadurch wird Schwei\u00df schnell abgeleitet und Ihre Haut wird frisch und trocken. Der Rest der R\u00fcckseite besteht aus NAK-Gewebe, das ebenfalls sehr atmungsaktiv ist, dessen Struktur jedoch nicht so offen ist, um Sie vor Sonnenstrahlen zu sch\u00fctzen. Die 3 Stoffe, aus denen das Radtrikot besteht, zeichnen sich durch ihre Leichtigkeit und Elastizit\u00e4t aus. Sie passen sich sehr gut dem K\u00f6rper und allen Positionen und Bewegungen an. Seine weiche und angenehme Haptik wird Sie verzaubern. Du wirst das Trikot sp\u00fcren, als w\u00e4re es eine zweite Haut. Sein ergonomischer Hals sitzt perfekt und verhindert das Eindringen von Luft. Es verf\u00fcgt \u00fcber einen durchgehenden Rei\u00dfverschluss mit Anti-Pull-System. Damit das Trikot gut am K\u00f6rper anliegt, ist es an der Taille mit einem elastischen Band mit Silikongriff innen versehen. Im Lendenbereich sind 3 offene Taschen integriert. Es hat auch 1 Seitentasche mit Rei\u00dfverschluss. Dieser ist wasserdicht, so dass Schwei\u00df das, was Sie darin aufbewahren, nicht besch\u00e4digt. Um Ihre Sicherheit im Stra\u00dfenverkehr zu erh\u00f6hen, verf\u00fcgt es \u00fcber reflektierende Elemente an den Taschen.","breadcrumb":{"@id":"https:\/\/www.inverseteams.com\/de\/produkt\/radtrikot-mit-sicherheitslicht-wander-antares-damen\/#breadcrumb"},"inLanguage":"de","potentialAction":[{"@type":"ReadAction","target":["https:\/\/www.inverseteams.com\/de\/produkt\/radtrikot-mit-sicherheitslicht-wander-antares-damen\/"]}]},{"@type":"ImageObject","inLanguage":"de","@id":"https:\/\/www.inverseteams.com\/de\/produkt\/radtrikot-mit-sicherheitslicht-wander-antares-damen\/#primaryimage","url":"https:\/\/www.inverseteams.com\/wp-content\/uploads\/MAILLOT-CICLISTA-CON-LUZ-DE-SEGURIDAD-WANDER-ANTARES-1.jpg","contentUrl":"https:\/\/www.inverseteams.com\/wp-content\/uploads\/MAILLOT-CICLISTA-CON-LUZ-DE-SEGURIDAD-WANDER-ANTARES-1.jpg","width":1500,"height":1612,"caption":"Radtrikot mit Sicherheitslicht WANDER ANTARES"},{"@type":"BreadcrumbList","@id":"https:\/\/www.inverseteams.com\/de\/produkt\/radtrikot-mit-sicherheitslicht-wander-antares-damen\/#breadcrumb","itemListElement":[{"@type":"ListItem","position":1,"name":"Portada","item":"https:\/\/www.inverseteams.com\/de\/"},{"@type":"ListItem","position":2,"name":"Speichern","item":"https:\/\/www.inverseteams.com\/de\/speichern\/"},{"@type":"ListItem","position":3,"name":"Radtrikot mit Sicherheitslicht WANDER ANTARES (DAMEN)"}]},{"@type":"WebSite","@id":"https:\/\/www.inverseteams.com\/de\/#website","url":"https:\/\/www.inverseteams.com\/de\/","name":"Inverseteams","description":"Tu marca de ropa deportiva personalizada","publisher":{"@id":"https:\/\/www.inverseteams.com\/de\/#organization"},"potentialAction":[{"@type":"SearchAction","target":{"@type":"EntryPoint","urlTemplate":"https:\/\/www.inverseteams.com\/de\/?s={search_term_string}"},"query-input":{"@type":"PropertyValueSpecification","valueRequired":true,"valueName":"search_term_string"}}],"inLanguage":"de"},{"@type":"Organization","@id":"https:\/\/www.inverseteams.com\/de\/#organization","name":"Inverse Teams","url":"https:\/\/www.inverseteams.com\/de\/","logo":{"@type":"ImageObject","inLanguage":"de","@id":"https:\/\/www.inverseteams.com\/de\/#\/schema\/logo\/image\/","url":"https:\/\/www.inverseteams.com\/wp-content\/uploads\/2021\/03\/logo-inverse-teams.png","contentUrl":"https:\/\/www.inverseteams.com\/wp-content\/uploads\/2021\/03\/logo-inverse-teams.png","width":294,"height":99,"caption":"Inverse Teams"},"image":{"@id":"https:\/\/www.inverseteams.com\/de\/#\/schema\/logo\/image\/"},"sameAs":["https:\/\/www.facebook.com\/inverseteams","http:\/\/instagram.com\/inverseteams","https:\/\/www.linkedin.com\/company\/inverse-cirosport-s-l-?trk=job_view_topcard_company_name","http:\/\/www.pinterest.com\/inverseteams\/","http:\/\/www.youtube.com\/user\/inverseteams?feature=watch"]}]}},"_links":{"self":[{"href":"https:\/\/www.inverseteams.com\/de\/wp-json\/wp\/v2\/product\/188320","targetHints":{"allow":["GET"]}}],"collection":[{"href":"https:\/\/www.inverseteams.com\/de\/wp-json\/wp\/v2\/product"}],"about":[{"href":"https:\/\/www.inverseteams.com\/de\/wp-json\/wp\/v2\/types\/product"}],"replies":[{"embeddable":true,"href":"https:\/\/www.inverseteams.com\/de\/wp-json\/wp\/v2\/comments?post=188320"}],"wp:featuredmedia":[{"embeddable":true,"href":"https:\/\/www.inverseteams.com\/de\/wp-json\/wp\/v2\/media\/188115"}],"wp:attachment":[{"href":"https:\/\/www.inverseteams.com\/de\/wp-json\/wp\/v2\/media?parent=188320"}],"wp:term":[{"taxonomy":"product_brand","embeddable":true,"href":"https:\/\/www.inverseteams.com\/de\/wp-json\/wp\/v2\/product_brand?post=188320"},{"taxonomy":"product_cat","embeddable":true,"href":"https:\/\/www.inverseteams.com\/de\/wp-json\/wp\/v2\/product_cat?post=188320"},{"taxonomy":"product_tag","embeddable":true,"href":"https:\/\/www.inverseteams.com\/de\/wp-json\/wp\/v2\/product_tag?post=188320"},{"taxonomy":"custom_category","embeddable":true,"href":"https:\/\/www.inverseteams.com\/de\/wp-json\/wp\/v2\/custom_category?post=188320"},{"taxonomy":"range","embeddable":true,"href":"https:\/\/www.inverseteams.com\/de\/wp-json\/wp\/v2\/range?post=188320"}],"curies":[{"name":"wp","href":"https:\/\/api.w.org\/{rel}","templated":true}]}}