{"id":188296,"date":"2024-02-27T09:58:06","date_gmt":"2024-02-27T09:58:06","guid":{"rendered":"https:\/\/www.inverseteams.com\/?post_type=product&#038;p=188296"},"modified":"2025-01-13T10:50:06","modified_gmt":"2025-01-13T10:50:06","slug":"radtrikot-ares-alliance-damen","status":"publish","type":"product","link":"https:\/\/www.inverseteams.com\/de\/produkt\/radtrikot-ares-alliance-damen\/","title":{"rendered":"Radtrikot ARES ALLIANCE (DAMEN)"},"content":{"rendered":"<p>Superleichtes technisches Trikot, ideal f\u00fcr Wettkampf und Training. Mit einem sehr engen Schnitt und Muster schmiegt es sich an Ihren K\u00f6rper an und erm\u00f6glicht es Ihnen, H\u00f6chstleistungen zu erbringen. Dank der Elastizit\u00e4t und Struktur seiner Stoffe gleitet die Luft leicht um Sie herum und Ihre Aerodynamik wird beneidenswert sein. In der Taille befindet sich ein Gummiband mit Innengriff.<br \/>\nIm Lendenbereich sind 3 Taschen mit dem neuen ISP-Sicherheitssystem \u2013 Inverse Safe Pocket \u2013 integriert, in denen Sie eine Weste oder Nahrungsriegel verstauen k\u00f6nnen, ohne bef\u00fcrchten zu m\u00fcssen, sie zu verlieren. Dar\u00fcber hinaus verf\u00fcgt es \u00fcber eine vierte Rei\u00dfverschlusstasche, in der Sie Ihre wertvollsten Gegenst\u00e4nde aufbewahren k\u00f6nnen. Genie\u00dfen Sie das Radfahren ohne Sorgen.<br \/>\nDer niedrige, anatomische Hals bleibt immer in Kontakt mit Ihrem K\u00f6rper, ohne Beschwerden zu verursachen und das Eindringen von Luft zu verhindern. Die Struktur der Gewebefilamente garantiert eine vollst\u00e4ndige Schwei\u00dfableitung. Sie werden selbst in den hei\u00dfesten Momenten eine frische und trockene Haut haben. Ihre Sicherheit ist uns sehr wichtig. Aus diesem Grund haben wir die Taschen mit reflektierenden Elementen versehen, um Ihre Sichtbarkeit im Stra\u00dfenverkehr zu erh\u00f6hen.<\/p>\n","protected":false},"excerpt":{"rendered":"<p>Superleichtes technisches Trikot, ideal f\u00fcr Wettkampf und Training. Mit einem sehr engen Schnitt und Muster schmiegt es sich an Ihren K\u00f6rper an und erm\u00f6glicht es Ihnen, H\u00f6chstleistungen zu erbringen. Dank der Elastizit\u00e4t und Struktur seiner Stoffe gleitet die Luft leicht um Sie herum und Ihre Aerodynamik wird beneidenswert sein. In der Taille befindet sich ein Gummiband mit Innengriff.<br \/>\nIm Lendenbereich sind 3 Taschen mit dem neuen ISP-Sicherheitssystem \u2013 Inverse Safe Pocket \u2013 integriert, in denen Sie eine Weste oder Nahrungsriegel verstauen k\u00f6nnen, ohne bef\u00fcrchten zu m\u00fcssen, sie zu verlieren. Dar\u00fcber hinaus verf\u00fcgt es \u00fcber eine vierte Rei\u00dfverschlusstasche, in der Sie Ihre wertvollsten Gegenst\u00e4nde aufbewahren k\u00f6nnen. Genie\u00dfen Sie das Radfahren ohne Sorgen.<br \/>\nDer niedrige, anatomische Hals bleibt immer in Kontakt mit Ihrem K\u00f6rper, ohne Beschwerden zu verursachen und das Eindringen von Luft zu verhindern. Die Struktur der Gewebefilamente garantiert eine vollst\u00e4ndige Schwei\u00dfableitung. Sie werden selbst in den hei\u00dfesten Momenten eine frische und trockene Haut haben. Ihre Sicherheit ist uns sehr wichtig. Aus diesem Grund haben wir die Taschen mit reflektierenden Elementen versehen, um Ihre Sichtbarkeit im Stra\u00dfenverkehr zu erh\u00f6hen.<\/p>\n","protected":false},"featured_media":187980,"comment_status":"closed","ping_status":"closed","template":"","meta":{"_acf_changed":false},"product_brand":[],"product_cat":[11152,11153,11190],"product_tag":[],"custom_category":[],"range":[],"class_list":{"0":"post-188296","1":"product","2":"type-product","3":"status-publish","4":"has-post-thumbnail","6":"product_cat-radtrikots","7":"product_cat-b2b-de","8":"product_cat-radsportbekleidung","9":"pa_climatologia-calor-de","10":"pa_deporte-ciclismo-de","11":"pa_genero-mujer-de","12":"pa_patronaje-fit-de","13":"pa_talla-s-de","14":"pa_talla-m-de","15":"pa_talla-l-de","16":"pa_talla-xl-de","17":"pa_talla-xs-de","18":"pa_tipo-de-prenda-maillot-manga-corta-de","20":"first","21":"instock","22":"taxable","23":"shipping-taxable","24":"purchasable","25":"product-type-variable","26":"has-default-attributes"},"acf":[],"yoast_head":"<!-- This site is optimized with the Yoast SEO plugin v27.3 - https:\/\/yoast.com\/product\/yoast-seo-wordpress\/ -->\n<title>Radtrikot ARES ALLIANCE (DAMEN)<\/title>\n<meta name=\"description\" content=\"Superleichtes technisches Trikot, ideal f\u00fcr Wettkampf und Training. Mit einem sehr engen Schnitt und Muster schmiegt es sich an Ihren K\u00f6rper an und erm\u00f6glicht es Ihnen, H\u00f6chstleistungen zu erbringen. Dank der Elastizit\u00e4t und Struktur seiner Stoffe gleitet die Luft leicht um Sie herum und Ihre Aerodynamik wird beneidenswert sein. In der Taille befindet sich ein Gummiband mit Innengriff. Im Lendenbereich sind 3 Taschen mit dem neuen ISP-Sicherheitssystem \u2013 Inverse Safe Pocket \u2013 integriert, in denen Sie eine Weste oder Nahrungsriegel verstauen k\u00f6nnen, ohne bef\u00fcrchten zu m\u00fcssen, sie zu verlieren. Dar\u00fcber hinaus verf\u00fcgt es \u00fcber eine vierte Rei\u00dfverschlusstasche, in der Sie Ihre wertvollsten Gegenst\u00e4nde aufbewahren k\u00f6nnen. Genie\u00dfen Sie das Radfahren ohne Sorgen. Der niedrige, anatomische Hals bleibt immer in Kontakt mit Ihrem K\u00f6rper, ohne Beschwerden zu verursachen und das Eindringen von Luft zu verhindern. Die Struktur der Gewebefilamente garantiert eine vollst\u00e4ndige Schwei\u00dfableitung. Sie werden selbst in den hei\u00dfesten Momenten eine frische und trockene Haut haben. Ihre Sicherheit ist uns sehr wichtig. Aus diesem Grund haben wir die Taschen mit reflektierenden Elementen versehen, um Ihre Sichtbarkeit im Stra\u00dfenverkehr zu erh\u00f6hen.\" \/>\n<meta name=\"robots\" content=\"index, follow, max-snippet:-1, max-image-preview:large, max-video-preview:-1\" \/>\n<link rel=\"canonical\" href=\"https:\/\/www.inverseteams.com\/de\/produkt\/radtrikot-ares-alliance-damen\/\" \/>\n<meta property=\"og:locale\" content=\"de_DE\" \/>\n<meta property=\"og:type\" content=\"article\" \/>\n<meta property=\"og:title\" content=\"Radtrikot ARES ALLIANCE (DAMEN)\" \/>\n<meta property=\"og:description\" content=\"Superleichtes technisches Trikot, ideal f\u00fcr Wettkampf und Training. Mit einem sehr engen Schnitt und Muster schmiegt es sich an Ihren K\u00f6rper an und erm\u00f6glicht es Ihnen, H\u00f6chstleistungen zu erbringen. Dank der Elastizit\u00e4t und Struktur seiner Stoffe gleitet die Luft leicht um Sie herum und Ihre Aerodynamik wird beneidenswert sein. In der Taille befindet sich ein Gummiband mit Innengriff. Im Lendenbereich sind 3 Taschen mit dem neuen ISP-Sicherheitssystem \u2013 Inverse Safe Pocket \u2013 integriert, in denen Sie eine Weste oder Nahrungsriegel verstauen k\u00f6nnen, ohne bef\u00fcrchten zu m\u00fcssen, sie zu verlieren. Dar\u00fcber hinaus verf\u00fcgt es \u00fcber eine vierte Rei\u00dfverschlusstasche, in der Sie Ihre wertvollsten Gegenst\u00e4nde aufbewahren k\u00f6nnen. Genie\u00dfen Sie das Radfahren ohne Sorgen. Der niedrige, anatomische Hals bleibt immer in Kontakt mit Ihrem K\u00f6rper, ohne Beschwerden zu verursachen und das Eindringen von Luft zu verhindern. Die Struktur der Gewebefilamente garantiert eine vollst\u00e4ndige Schwei\u00dfableitung. Sie werden selbst in den hei\u00dfesten Momenten eine frische und trockene Haut haben. Ihre Sicherheit ist uns sehr wichtig. Aus diesem Grund haben wir die Taschen mit reflektierenden Elementen versehen, um Ihre Sichtbarkeit im Stra\u00dfenverkehr zu erh\u00f6hen.\" \/>\n<meta property=\"og:url\" content=\"https:\/\/www.inverseteams.com\/de\/produkt\/radtrikot-ares-alliance-damen\/\" \/>\n<meta property=\"og:site_name\" content=\"Inverseteams\" \/>\n<meta property=\"article:publisher\" content=\"https:\/\/www.facebook.com\/inverseteams\" \/>\n<meta property=\"article:modified_time\" content=\"2025-01-13T10:50:06+00:00\" \/>\n<meta property=\"og:image\" content=\"https:\/\/www.inverseteams.com\/wp-content\/uploads\/MAILLOT-CICLISMO-MUJER-ARES-ALLIANCE-1.jpg\" \/>\n\t<meta property=\"og:image:width\" content=\"1500\" \/>\n\t<meta property=\"og:image:height\" content=\"1612\" \/>\n\t<meta property=\"og:image:type\" content=\"image\/jpeg\" \/>\n<meta name=\"twitter:card\" content=\"summary_large_image\" \/>\n<meta name=\"twitter:label1\" content=\"Gesch\u00e4tzte Lesezeit\" \/>\n\t<meta name=\"twitter:data1\" content=\"1\u00a0Minute\" \/>\n<script type=\"application\/ld+json\" class=\"yoast-schema-graph\">{\"@context\":\"https:\\\/\\\/schema.org\",\"@graph\":[{\"@type\":\"WebPage\",\"@id\":\"https:\\\/\\\/www.inverseteams.com\\\/de\\\/produkt\\\/radtrikot-ares-alliance-damen\\\/\",\"url\":\"https:\\\/\\\/www.inverseteams.com\\\/de\\\/produkt\\\/radtrikot-ares-alliance-damen\\\/\",\"name\":\"Radtrikot ARES ALLIANCE (DAMEN)\",\"isPartOf\":{\"@id\":\"https:\\\/\\\/www.inverseteams.com\\\/de\\\/#website\"},\"primaryImageOfPage\":{\"@id\":\"https:\\\/\\\/www.inverseteams.com\\\/de\\\/produkt\\\/radtrikot-ares-alliance-damen\\\/#primaryimage\"},\"image\":{\"@id\":\"https:\\\/\\\/www.inverseteams.com\\\/de\\\/produkt\\\/radtrikot-ares-alliance-damen\\\/#primaryimage\"},\"thumbnailUrl\":\"https:\\\/\\\/www.inverseteams.com\\\/wp-content\\\/uploads\\\/MAILLOT-CICLISMO-MUJER-ARES-ALLIANCE-1.jpg\",\"datePublished\":\"2024-02-27T09:58:06+00:00\",\"dateModified\":\"2025-01-13T10:50:06+00:00\",\"description\":\"Superleichtes technisches Trikot, ideal f\u00fcr Wettkampf und Training. Mit einem sehr engen Schnitt und Muster schmiegt es sich an Ihren K\u00f6rper an und erm\u00f6glicht es Ihnen, H\u00f6chstleistungen zu erbringen. Dank der Elastizit\u00e4t und Struktur seiner Stoffe gleitet die Luft leicht um Sie herum und Ihre Aerodynamik wird beneidenswert sein. In der Taille befindet sich ein Gummiband mit Innengriff. Im Lendenbereich sind 3 Taschen mit dem neuen ISP-Sicherheitssystem \u2013 Inverse Safe Pocket \u2013 integriert, in denen Sie eine Weste oder Nahrungsriegel verstauen k\u00f6nnen, ohne bef\u00fcrchten zu m\u00fcssen, sie zu verlieren. Dar\u00fcber hinaus verf\u00fcgt es \u00fcber eine vierte Rei\u00dfverschlusstasche, in der Sie Ihre wertvollsten Gegenst\u00e4nde aufbewahren k\u00f6nnen. Genie\u00dfen Sie das Radfahren ohne Sorgen. Der niedrige, anatomische Hals bleibt immer in Kontakt mit Ihrem K\u00f6rper, ohne Beschwerden zu verursachen und das Eindringen von Luft zu verhindern. Die Struktur der Gewebefilamente garantiert eine vollst\u00e4ndige Schwei\u00dfableitung. Sie werden selbst in den hei\u00dfesten Momenten eine frische und trockene Haut haben. Ihre Sicherheit ist uns sehr wichtig. Aus diesem Grund haben wir die Taschen mit reflektierenden Elementen versehen, um Ihre Sichtbarkeit im Stra\u00dfenverkehr zu erh\u00f6hen.\",\"breadcrumb\":{\"@id\":\"https:\\\/\\\/www.inverseteams.com\\\/de\\\/produkt\\\/radtrikot-ares-alliance-damen\\\/#breadcrumb\"},\"inLanguage\":\"de\",\"potentialAction\":[{\"@type\":\"ReadAction\",\"target\":[\"https:\\\/\\\/www.inverseteams.com\\\/de\\\/produkt\\\/radtrikot-ares-alliance-damen\\\/\"]}]},{\"@type\":\"ImageObject\",\"inLanguage\":\"de\",\"@id\":\"https:\\\/\\\/www.inverseteams.com\\\/de\\\/produkt\\\/radtrikot-ares-alliance-damen\\\/#primaryimage\",\"url\":\"https:\\\/\\\/www.inverseteams.com\\\/wp-content\\\/uploads\\\/MAILLOT-CICLISMO-MUJER-ARES-ALLIANCE-1.jpg\",\"contentUrl\":\"https:\\\/\\\/www.inverseteams.com\\\/wp-content\\\/uploads\\\/MAILLOT-CICLISMO-MUJER-ARES-ALLIANCE-1.jpg\",\"width\":1500,\"height\":1612,\"caption\":\"Radtrikot ARES ALLIANCE\"},{\"@type\":\"BreadcrumbList\",\"@id\":\"https:\\\/\\\/www.inverseteams.com\\\/de\\\/produkt\\\/radtrikot-ares-alliance-damen\\\/#breadcrumb\",\"itemListElement\":[{\"@type\":\"ListItem\",\"position\":1,\"name\":\"Portada\",\"item\":\"https:\\\/\\\/www.inverseteams.com\\\/de\\\/\"},{\"@type\":\"ListItem\",\"position\":2,\"name\":\"Speichern\",\"item\":\"https:\\\/\\\/www.inverseteams.com\\\/de\\\/speichern\\\/\"},{\"@type\":\"ListItem\",\"position\":3,\"name\":\"Radtrikot ARES ALLIANCE (DAMEN)\"}]},{\"@type\":\"WebSite\",\"@id\":\"https:\\\/\\\/www.inverseteams.com\\\/de\\\/#website\",\"url\":\"https:\\\/\\\/www.inverseteams.com\\\/de\\\/\",\"name\":\"Inverseteams\",\"description\":\"Tu marca de ropa deportiva personalizada\",\"publisher\":{\"@id\":\"https:\\\/\\\/www.inverseteams.com\\\/de\\\/#organization\"},\"potentialAction\":[{\"@type\":\"SearchAction\",\"target\":{\"@type\":\"EntryPoint\",\"urlTemplate\":\"https:\\\/\\\/www.inverseteams.com\\\/de\\\/?s={search_term_string}\"},\"query-input\":{\"@type\":\"PropertyValueSpecification\",\"valueRequired\":true,\"valueName\":\"search_term_string\"}}],\"inLanguage\":\"de\"},{\"@type\":\"Organization\",\"@id\":\"https:\\\/\\\/www.inverseteams.com\\\/de\\\/#organization\",\"name\":\"Inverse Teams\",\"url\":\"https:\\\/\\\/www.inverseteams.com\\\/de\\\/\",\"logo\":{\"@type\":\"ImageObject\",\"inLanguage\":\"de\",\"@id\":\"https:\\\/\\\/www.inverseteams.com\\\/de\\\/#\\\/schema\\\/logo\\\/image\\\/\",\"url\":\"https:\\\/\\\/www.inverseteams.com\\\/wp-content\\\/uploads\\\/2021\\\/03\\\/logo-inverse-teams.png\",\"contentUrl\":\"https:\\\/\\\/www.inverseteams.com\\\/wp-content\\\/uploads\\\/2021\\\/03\\\/logo-inverse-teams.png\",\"width\":294,\"height\":99,\"caption\":\"Inverse Teams\"},\"image\":{\"@id\":\"https:\\\/\\\/www.inverseteams.com\\\/de\\\/#\\\/schema\\\/logo\\\/image\\\/\"},\"sameAs\":[\"https:\\\/\\\/www.facebook.com\\\/inverseteams\",\"http:\\\/\\\/instagram.com\\\/inverseteams\",\"https:\\\/\\\/www.linkedin.com\\\/company\\\/inverse-cirosport-s-l-?trk=job_view_topcard_company_name\",\"http:\\\/\\\/www.pinterest.com\\\/inverseteams\\\/\",\"http:\\\/\\\/www.youtube.com\\\/user\\\/inverseteams?feature=watch\"]}]}<\/script>\n<!-- \/ Yoast SEO plugin. -->","yoast_head_json":{"title":"Radtrikot ARES ALLIANCE (DAMEN)","description":"Superleichtes technisches Trikot, ideal f\u00fcr Wettkampf und Training. Mit einem sehr engen Schnitt und Muster schmiegt es sich an Ihren K\u00f6rper an und erm\u00f6glicht es Ihnen, H\u00f6chstleistungen zu erbringen. Dank der Elastizit\u00e4t und Struktur seiner Stoffe gleitet die Luft leicht um Sie herum und Ihre Aerodynamik wird beneidenswert sein. In der Taille befindet sich ein Gummiband mit Innengriff. Im Lendenbereich sind 3 Taschen mit dem neuen ISP-Sicherheitssystem \u2013 Inverse Safe Pocket \u2013 integriert, in denen Sie eine Weste oder Nahrungsriegel verstauen k\u00f6nnen, ohne bef\u00fcrchten zu m\u00fcssen, sie zu verlieren. Dar\u00fcber hinaus verf\u00fcgt es \u00fcber eine vierte Rei\u00dfverschlusstasche, in der Sie Ihre wertvollsten Gegenst\u00e4nde aufbewahren k\u00f6nnen. Genie\u00dfen Sie das Radfahren ohne Sorgen. Der niedrige, anatomische Hals bleibt immer in Kontakt mit Ihrem K\u00f6rper, ohne Beschwerden zu verursachen und das Eindringen von Luft zu verhindern. Die Struktur der Gewebefilamente garantiert eine vollst\u00e4ndige Schwei\u00dfableitung. Sie werden selbst in den hei\u00dfesten Momenten eine frische und trockene Haut haben. Ihre Sicherheit ist uns sehr wichtig. Aus diesem Grund haben wir die Taschen mit reflektierenden Elementen versehen, um Ihre Sichtbarkeit im Stra\u00dfenverkehr zu erh\u00f6hen.","robots":{"index":"index","follow":"follow","max-snippet":"max-snippet:-1","max-image-preview":"max-image-preview:large","max-video-preview":"max-video-preview:-1"},"canonical":"https:\/\/www.inverseteams.com\/de\/produkt\/radtrikot-ares-alliance-damen\/","og_locale":"de_DE","og_type":"article","og_title":"Radtrikot ARES ALLIANCE (DAMEN)","og_description":"Superleichtes technisches Trikot, ideal f\u00fcr Wettkampf und Training. Mit einem sehr engen Schnitt und Muster schmiegt es sich an Ihren K\u00f6rper an und erm\u00f6glicht es Ihnen, H\u00f6chstleistungen zu erbringen. Dank der Elastizit\u00e4t und Struktur seiner Stoffe gleitet die Luft leicht um Sie herum und Ihre Aerodynamik wird beneidenswert sein. In der Taille befindet sich ein Gummiband mit Innengriff. Im Lendenbereich sind 3 Taschen mit dem neuen ISP-Sicherheitssystem \u2013 Inverse Safe Pocket \u2013 integriert, in denen Sie eine Weste oder Nahrungsriegel verstauen k\u00f6nnen, ohne bef\u00fcrchten zu m\u00fcssen, sie zu verlieren. Dar\u00fcber hinaus verf\u00fcgt es \u00fcber eine vierte Rei\u00dfverschlusstasche, in der Sie Ihre wertvollsten Gegenst\u00e4nde aufbewahren k\u00f6nnen. Genie\u00dfen Sie das Radfahren ohne Sorgen. Der niedrige, anatomische Hals bleibt immer in Kontakt mit Ihrem K\u00f6rper, ohne Beschwerden zu verursachen und das Eindringen von Luft zu verhindern. Die Struktur der Gewebefilamente garantiert eine vollst\u00e4ndige Schwei\u00dfableitung. Sie werden selbst in den hei\u00dfesten Momenten eine frische und trockene Haut haben. Ihre Sicherheit ist uns sehr wichtig. Aus diesem Grund haben wir die Taschen mit reflektierenden Elementen versehen, um Ihre Sichtbarkeit im Stra\u00dfenverkehr zu erh\u00f6hen.","og_url":"https:\/\/www.inverseteams.com\/de\/produkt\/radtrikot-ares-alliance-damen\/","og_site_name":"Inverseteams","article_publisher":"https:\/\/www.facebook.com\/inverseteams","article_modified_time":"2025-01-13T10:50:06+00:00","og_image":[{"width":1500,"height":1612,"url":"https:\/\/www.inverseteams.com\/wp-content\/uploads\/MAILLOT-CICLISMO-MUJER-ARES-ALLIANCE-1.jpg","type":"image\/jpeg"}],"twitter_card":"summary_large_image","twitter_misc":{"Gesch\u00e4tzte Lesezeit":"1\u00a0Minute"},"schema":{"@context":"https:\/\/schema.org","@graph":[{"@type":"WebPage","@id":"https:\/\/www.inverseteams.com\/de\/produkt\/radtrikot-ares-alliance-damen\/","url":"https:\/\/www.inverseteams.com\/de\/produkt\/radtrikot-ares-alliance-damen\/","name":"Radtrikot ARES ALLIANCE (DAMEN)","isPartOf":{"@id":"https:\/\/www.inverseteams.com\/de\/#website"},"primaryImageOfPage":{"@id":"https:\/\/www.inverseteams.com\/de\/produkt\/radtrikot-ares-alliance-damen\/#primaryimage"},"image":{"@id":"https:\/\/www.inverseteams.com\/de\/produkt\/radtrikot-ares-alliance-damen\/#primaryimage"},"thumbnailUrl":"https:\/\/www.inverseteams.com\/wp-content\/uploads\/MAILLOT-CICLISMO-MUJER-ARES-ALLIANCE-1.jpg","datePublished":"2024-02-27T09:58:06+00:00","dateModified":"2025-01-13T10:50:06+00:00","description":"Superleichtes technisches Trikot, ideal f\u00fcr Wettkampf und Training. Mit einem sehr engen Schnitt und Muster schmiegt es sich an Ihren K\u00f6rper an und erm\u00f6glicht es Ihnen, H\u00f6chstleistungen zu erbringen. Dank der Elastizit\u00e4t und Struktur seiner Stoffe gleitet die Luft leicht um Sie herum und Ihre Aerodynamik wird beneidenswert sein. In der Taille befindet sich ein Gummiband mit Innengriff. Im Lendenbereich sind 3 Taschen mit dem neuen ISP-Sicherheitssystem \u2013 Inverse Safe Pocket \u2013 integriert, in denen Sie eine Weste oder Nahrungsriegel verstauen k\u00f6nnen, ohne bef\u00fcrchten zu m\u00fcssen, sie zu verlieren. Dar\u00fcber hinaus verf\u00fcgt es \u00fcber eine vierte Rei\u00dfverschlusstasche, in der Sie Ihre wertvollsten Gegenst\u00e4nde aufbewahren k\u00f6nnen. Genie\u00dfen Sie das Radfahren ohne Sorgen. Der niedrige, anatomische Hals bleibt immer in Kontakt mit Ihrem K\u00f6rper, ohne Beschwerden zu verursachen und das Eindringen von Luft zu verhindern. Die Struktur der Gewebefilamente garantiert eine vollst\u00e4ndige Schwei\u00dfableitung. Sie werden selbst in den hei\u00dfesten Momenten eine frische und trockene Haut haben. Ihre Sicherheit ist uns sehr wichtig. Aus diesem Grund haben wir die Taschen mit reflektierenden Elementen versehen, um Ihre Sichtbarkeit im Stra\u00dfenverkehr zu erh\u00f6hen.","breadcrumb":{"@id":"https:\/\/www.inverseteams.com\/de\/produkt\/radtrikot-ares-alliance-damen\/#breadcrumb"},"inLanguage":"de","potentialAction":[{"@type":"ReadAction","target":["https:\/\/www.inverseteams.com\/de\/produkt\/radtrikot-ares-alliance-damen\/"]}]},{"@type":"ImageObject","inLanguage":"de","@id":"https:\/\/www.inverseteams.com\/de\/produkt\/radtrikot-ares-alliance-damen\/#primaryimage","url":"https:\/\/www.inverseteams.com\/wp-content\/uploads\/MAILLOT-CICLISMO-MUJER-ARES-ALLIANCE-1.jpg","contentUrl":"https:\/\/www.inverseteams.com\/wp-content\/uploads\/MAILLOT-CICLISMO-MUJER-ARES-ALLIANCE-1.jpg","width":1500,"height":1612,"caption":"Radtrikot ARES ALLIANCE"},{"@type":"BreadcrumbList","@id":"https:\/\/www.inverseteams.com\/de\/produkt\/radtrikot-ares-alliance-damen\/#breadcrumb","itemListElement":[{"@type":"ListItem","position":1,"name":"Portada","item":"https:\/\/www.inverseteams.com\/de\/"},{"@type":"ListItem","position":2,"name":"Speichern","item":"https:\/\/www.inverseteams.com\/de\/speichern\/"},{"@type":"ListItem","position":3,"name":"Radtrikot ARES ALLIANCE (DAMEN)"}]},{"@type":"WebSite","@id":"https:\/\/www.inverseteams.com\/de\/#website","url":"https:\/\/www.inverseteams.com\/de\/","name":"Inverseteams","description":"Tu marca de ropa deportiva personalizada","publisher":{"@id":"https:\/\/www.inverseteams.com\/de\/#organization"},"potentialAction":[{"@type":"SearchAction","target":{"@type":"EntryPoint","urlTemplate":"https:\/\/www.inverseteams.com\/de\/?s={search_term_string}"},"query-input":{"@type":"PropertyValueSpecification","valueRequired":true,"valueName":"search_term_string"}}],"inLanguage":"de"},{"@type":"Organization","@id":"https:\/\/www.inverseteams.com\/de\/#organization","name":"Inverse Teams","url":"https:\/\/www.inverseteams.com\/de\/","logo":{"@type":"ImageObject","inLanguage":"de","@id":"https:\/\/www.inverseteams.com\/de\/#\/schema\/logo\/image\/","url":"https:\/\/www.inverseteams.com\/wp-content\/uploads\/2021\/03\/logo-inverse-teams.png","contentUrl":"https:\/\/www.inverseteams.com\/wp-content\/uploads\/2021\/03\/logo-inverse-teams.png","width":294,"height":99,"caption":"Inverse Teams"},"image":{"@id":"https:\/\/www.inverseteams.com\/de\/#\/schema\/logo\/image\/"},"sameAs":["https:\/\/www.facebook.com\/inverseteams","http:\/\/instagram.com\/inverseteams","https:\/\/www.linkedin.com\/company\/inverse-cirosport-s-l-?trk=job_view_topcard_company_name","http:\/\/www.pinterest.com\/inverseteams\/","http:\/\/www.youtube.com\/user\/inverseteams?feature=watch"]}]}},"_links":{"self":[{"href":"https:\/\/www.inverseteams.com\/de\/wp-json\/wp\/v2\/product\/188296","targetHints":{"allow":["GET"]}}],"collection":[{"href":"https:\/\/www.inverseteams.com\/de\/wp-json\/wp\/v2\/product"}],"about":[{"href":"https:\/\/www.inverseteams.com\/de\/wp-json\/wp\/v2\/types\/product"}],"replies":[{"embeddable":true,"href":"https:\/\/www.inverseteams.com\/de\/wp-json\/wp\/v2\/comments?post=188296"}],"wp:featuredmedia":[{"embeddable":true,"href":"https:\/\/www.inverseteams.com\/de\/wp-json\/wp\/v2\/media\/187980"}],"wp:attachment":[{"href":"https:\/\/www.inverseteams.com\/de\/wp-json\/wp\/v2\/media?parent=188296"}],"wp:term":[{"taxonomy":"product_brand","embeddable":true,"href":"https:\/\/www.inverseteams.com\/de\/wp-json\/wp\/v2\/product_brand?post=188296"},{"taxonomy":"product_cat","embeddable":true,"href":"https:\/\/www.inverseteams.com\/de\/wp-json\/wp\/v2\/product_cat?post=188296"},{"taxonomy":"product_tag","embeddable":true,"href":"https:\/\/www.inverseteams.com\/de\/wp-json\/wp\/v2\/product_tag?post=188296"},{"taxonomy":"custom_category","embeddable":true,"href":"https:\/\/www.inverseteams.com\/de\/wp-json\/wp\/v2\/custom_category?post=188296"},{"taxonomy":"range","embeddable":true,"href":"https:\/\/www.inverseteams.com\/de\/wp-json\/wp\/v2\/range?post=188296"}],"curies":[{"name":"wp","href":"https:\/\/api.w.org\/{rel}","templated":true}]}}