{"id":176720,"date":"2021-04-21T15:45:57","date_gmt":"2021-05-03T16:13:57","guid":{"rendered":"https:\/\/www.inverseteams.com\/product\/neckwarmer-black\/"},"modified":"2024-04-26T09:35:44","modified_gmt":"2024-04-26T09:35:44","slug":"neckwarmer-black","status":"publish","type":"product","link":"https:\/\/www.inverseteams.com\/de\/produkt\/neckwarmer-black\/","title":{"rendered":"Tubular BLACK"},"content":{"rendered":"<p>Ideal f\u00fcr den t\u00e4glichen Gebrauch und f\u00fcr den Sport. Der Stoff, aus dem es besteht, zeichnet sich durch seine Elastizit\u00e4t und den inneren Aufh\u00e4nger aus, der W\u00e4rme und einen weichen Griff bietet. Dieses Winter-Schlauchshirt bietet hohen Komfort, da es eine gute Atmungsaktivit\u00e4t garantiert und Schwei\u00df absorbiert, um die Haut trocken zu halten. Im R\u00fcckenbereich verf\u00fcgt es \u00fcber einen Spanner, der zur Regulierung der Passform dient.<\/p>\n","protected":false},"excerpt":{"rendered":"<p>Ideal f\u00fcr den t\u00e4glichen Gebrauch und f\u00fcr den Sport. Der Stoff, aus dem es besteht, zeichnet sich durch seine Elastizit\u00e4t und den inneren Aufh\u00e4nger aus, der W\u00e4rme und einen weichen Griff bietet. Dieses Winter-Schlauchshirt bietet hohen Komfort, da es eine gute Atmungsaktivit\u00e4t garantiert und Schwei\u00df absorbiert, um die Haut trocken zu halten. Im R\u00fcckenbereich verf\u00fcgt es \u00fcber einen Spanner, der zur Regulierung der Passform dient.<\/p>\n","protected":false},"featured_media":150210,"comment_status":"closed","ping_status":"closed","template":"","meta":{"_acf_changed":false},"product_brand":[],"product_cat":[11192,11184,11193,11195],"product_tag":[],"custom_category":[],"range":[],"class_list":{"0":"post-176720","1":"product","2":"type-product","3":"status-publish","4":"has-post-thumbnail","6":"product_cat-frau","7":"product_cat-rohrenformig","8":"product_cat-mann","9":"product_cat-sportliches-zubehor","10":"pa_climatologia-frio-de","11":"pa_deporte-ciclismo-de","12":"pa_deporte-trail-de","13":"pa_deporte-running-de","14":"pa_deporte-casual-de","15":"pa_deporte-ocr-de","16":"pa_genero-hombre-de","17":"pa_genero-mujer-de","18":"pa_talla-unica-de","19":"pa_tipo-de-prenda-tubular-de","21":"first","22":"outofstock","23":"taxable","24":"shipping-taxable","25":"purchasable","26":"product-type-simple"},"acf":[],"yoast_head":"<!-- This site is optimized with the Yoast SEO plugin v27.2 - https:\/\/yoast.com\/product\/yoast-seo-wordpress\/ -->\n<title>Neckwarmer BLACK<\/title>\n<meta name=\"description\" content=\"Ideal f\u00fcr den t\u00e4glichen Gebrauch und f\u00fcr den Sport. Der Stoff, aus dem es besteht, zeichnet sich durch seine Elastizit\u00e4t und den inneren Aufh\u00e4nger aus, der W\u00e4rme und einen weichen Griff bietet. Dieses Winter-Schlauchshirt bietet hohen Komfort, da es eine gute Atmungsaktivit\u00e4t garantiert und Schwei\u00df absorbiert, um die Haut trocken zu halten. Im R\u00fcckenbereich verf\u00fcgt es \u00fcber einen Spanner, der zur Regulierung der Passform dient.\" \/>\n<meta name=\"robots\" content=\"index, follow, max-snippet:-1, max-image-preview:large, max-video-preview:-1\" \/>\n<link rel=\"canonical\" href=\"https:\/\/www.inverseteams.com\/de\/produkt\/neckwarmer-black\/\" \/>\n<meta property=\"og:locale\" content=\"de_DE\" \/>\n<meta property=\"og:type\" content=\"article\" \/>\n<meta property=\"og:title\" content=\"Neckwarmer BLACK\" \/>\n<meta property=\"og:description\" content=\"Ideal f\u00fcr den t\u00e4glichen Gebrauch und f\u00fcr den Sport. Der Stoff, aus dem es besteht, zeichnet sich durch seine Elastizit\u00e4t und den inneren Aufh\u00e4nger aus, der W\u00e4rme und einen weichen Griff bietet. Dieses Winter-Schlauchshirt bietet hohen Komfort, da es eine gute Atmungsaktivit\u00e4t garantiert und Schwei\u00df absorbiert, um die Haut trocken zu halten. Im R\u00fcckenbereich verf\u00fcgt es \u00fcber einen Spanner, der zur Regulierung der Passform dient.\" \/>\n<meta property=\"og:url\" content=\"https:\/\/www.inverseteams.com\/de\/produkt\/neckwarmer-black\/\" \/>\n<meta property=\"og:site_name\" content=\"Inverseteams\" \/>\n<meta property=\"article:publisher\" content=\"https:\/\/www.facebook.com\/inverseteams\" \/>\n<meta property=\"article:modified_time\" content=\"2024-04-26T09:35:44+00:00\" \/>\n<meta property=\"og:image\" content=\"https:\/\/www.inverseteams.com\/wp-content\/uploads\/TUBULAR-TERMICO-NEGRO-1.jpg\" \/>\n\t<meta property=\"og:image:width\" content=\"3222\" \/>\n\t<meta property=\"og:image:height\" content=\"3462\" \/>\n\t<meta property=\"og:image:type\" content=\"image\/jpeg\" \/>\n<meta name=\"twitter:card\" content=\"summary_large_image\" \/>\n<meta name=\"twitter:label1\" content=\"Gesch\u00e4tzte Lesezeit\" \/>\n\t<meta name=\"twitter:data1\" content=\"1\u00a0Minute\" \/>\n<script type=\"application\/ld+json\" class=\"yoast-schema-graph\">{\"@context\":\"https:\/\/schema.org\",\"@graph\":[{\"@type\":\"WebPage\",\"@id\":\"https:\/\/www.inverseteams.com\/de\/produkt\/neckwarmer-black\/\",\"url\":\"https:\/\/www.inverseteams.com\/de\/produkt\/neckwarmer-black\/\",\"name\":\"Neckwarmer BLACK\",\"isPartOf\":{\"@id\":\"https:\/\/www.inverseteams.com\/de\/#website\"},\"primaryImageOfPage\":{\"@id\":\"https:\/\/www.inverseteams.com\/de\/produkt\/neckwarmer-black\/#primaryimage\"},\"image\":{\"@id\":\"https:\/\/www.inverseteams.com\/de\/produkt\/neckwarmer-black\/#primaryimage\"},\"thumbnailUrl\":\"https:\/\/www.inverseteams.com\/wp-content\/uploads\/TUBULAR-TERMICO-NEGRO-1.jpg\",\"datePublished\":\"2021-05-03T16:13:57+00:00\",\"dateModified\":\"2024-04-26T09:35:44+00:00\",\"description\":\"Ideal f\u00fcr den t\u00e4glichen Gebrauch und f\u00fcr den Sport. Der Stoff, aus dem es besteht, zeichnet sich durch seine Elastizit\u00e4t und den inneren Aufh\u00e4nger aus, der W\u00e4rme und einen weichen Griff bietet. Dieses Winter-Schlauchshirt bietet hohen Komfort, da es eine gute Atmungsaktivit\u00e4t garantiert und Schwei\u00df absorbiert, um die Haut trocken zu halten. Im R\u00fcckenbereich verf\u00fcgt es \u00fcber einen Spanner, der zur Regulierung der Passform dient.\",\"breadcrumb\":{\"@id\":\"https:\/\/www.inverseteams.com\/de\/produkt\/neckwarmer-black\/#breadcrumb\"},\"inLanguage\":\"de\",\"potentialAction\":[{\"@type\":\"ReadAction\",\"target\":[\"https:\/\/www.inverseteams.com\/de\/produkt\/neckwarmer-black\/\"]}]},{\"@type\":\"ImageObject\",\"inLanguage\":\"de\",\"@id\":\"https:\/\/www.inverseteams.com\/de\/produkt\/neckwarmer-black\/#primaryimage\",\"url\":\"https:\/\/www.inverseteams.com\/wp-content\/uploads\/TUBULAR-TERMICO-NEGRO-1.jpg\",\"contentUrl\":\"https:\/\/www.inverseteams.com\/wp-content\/uploads\/TUBULAR-TERMICO-NEGRO-1.jpg\",\"width\":3222,\"height\":3462,\"caption\":\"Tubular t\u00e9rmico negro\"},{\"@type\":\"BreadcrumbList\",\"@id\":\"https:\/\/www.inverseteams.com\/de\/produkt\/neckwarmer-black\/#breadcrumb\",\"itemListElement\":[{\"@type\":\"ListItem\",\"position\":1,\"name\":\"Portada\",\"item\":\"https:\/\/www.inverseteams.com\/de\/\"},{\"@type\":\"ListItem\",\"position\":2,\"name\":\"Speichern\",\"item\":\"https:\/\/www.inverseteams.com\/de\/speichern\/\"},{\"@type\":\"ListItem\",\"position\":3,\"name\":\"Tubular BLACK\"}]},{\"@type\":\"WebSite\",\"@id\":\"https:\/\/www.inverseteams.com\/de\/#website\",\"url\":\"https:\/\/www.inverseteams.com\/de\/\",\"name\":\"Inverseteams\",\"description\":\"Tu marca de ropa deportiva personalizada\",\"publisher\":{\"@id\":\"https:\/\/www.inverseteams.com\/de\/#organization\"},\"potentialAction\":[{\"@type\":\"SearchAction\",\"target\":{\"@type\":\"EntryPoint\",\"urlTemplate\":\"https:\/\/www.inverseteams.com\/de\/?s={search_term_string}\"},\"query-input\":{\"@type\":\"PropertyValueSpecification\",\"valueRequired\":true,\"valueName\":\"search_term_string\"}}],\"inLanguage\":\"de\"},{\"@type\":\"Organization\",\"@id\":\"https:\/\/www.inverseteams.com\/de\/#organization\",\"name\":\"Inverse Teams\",\"url\":\"https:\/\/www.inverseteams.com\/de\/\",\"logo\":{\"@type\":\"ImageObject\",\"inLanguage\":\"de\",\"@id\":\"https:\/\/www.inverseteams.com\/de\/#\/schema\/logo\/image\/\",\"url\":\"https:\/\/www.inverseteams.com\/wp-content\/uploads\/2021\/03\/logo-inverse-teams.png\",\"contentUrl\":\"https:\/\/www.inverseteams.com\/wp-content\/uploads\/2021\/03\/logo-inverse-teams.png\",\"width\":294,\"height\":99,\"caption\":\"Inverse Teams\"},\"image\":{\"@id\":\"https:\/\/www.inverseteams.com\/de\/#\/schema\/logo\/image\/\"},\"sameAs\":[\"https:\/\/www.facebook.com\/inverseteams\",\"http:\/\/instagram.com\/inverseteams\",\"https:\/\/www.linkedin.com\/company\/inverse-cirosport-s-l-?trk=job_view_topcard_company_name\",\"http:\/\/www.pinterest.com\/inverseteams\/\",\"http:\/\/www.youtube.com\/user\/inverseteams?feature=watch\"]}]}<\/script>\n<!-- \/ Yoast SEO plugin. -->","yoast_head_json":{"title":"Neckwarmer BLACK","description":"Ideal f\u00fcr den t\u00e4glichen Gebrauch und f\u00fcr den Sport. Der Stoff, aus dem es besteht, zeichnet sich durch seine Elastizit\u00e4t und den inneren Aufh\u00e4nger aus, der W\u00e4rme und einen weichen Griff bietet. Dieses Winter-Schlauchshirt bietet hohen Komfort, da es eine gute Atmungsaktivit\u00e4t garantiert und Schwei\u00df absorbiert, um die Haut trocken zu halten. Im R\u00fcckenbereich verf\u00fcgt es \u00fcber einen Spanner, der zur Regulierung der Passform dient.","robots":{"index":"index","follow":"follow","max-snippet":"max-snippet:-1","max-image-preview":"max-image-preview:large","max-video-preview":"max-video-preview:-1"},"canonical":"https:\/\/www.inverseteams.com\/de\/produkt\/neckwarmer-black\/","og_locale":"de_DE","og_type":"article","og_title":"Neckwarmer BLACK","og_description":"Ideal f\u00fcr den t\u00e4glichen Gebrauch und f\u00fcr den Sport. Der Stoff, aus dem es besteht, zeichnet sich durch seine Elastizit\u00e4t und den inneren Aufh\u00e4nger aus, der W\u00e4rme und einen weichen Griff bietet. Dieses Winter-Schlauchshirt bietet hohen Komfort, da es eine gute Atmungsaktivit\u00e4t garantiert und Schwei\u00df absorbiert, um die Haut trocken zu halten. Im R\u00fcckenbereich verf\u00fcgt es \u00fcber einen Spanner, der zur Regulierung der Passform dient.","og_url":"https:\/\/www.inverseteams.com\/de\/produkt\/neckwarmer-black\/","og_site_name":"Inverseteams","article_publisher":"https:\/\/www.facebook.com\/inverseteams","article_modified_time":"2024-04-26T09:35:44+00:00","og_image":[{"width":3222,"height":3462,"url":"https:\/\/www.inverseteams.com\/wp-content\/uploads\/TUBULAR-TERMICO-NEGRO-1.jpg","type":"image\/jpeg"}],"twitter_card":"summary_large_image","twitter_misc":{"Gesch\u00e4tzte Lesezeit":"1\u00a0Minute"},"schema":{"@context":"https:\/\/schema.org","@graph":[{"@type":"WebPage","@id":"https:\/\/www.inverseteams.com\/de\/produkt\/neckwarmer-black\/","url":"https:\/\/www.inverseteams.com\/de\/produkt\/neckwarmer-black\/","name":"Neckwarmer BLACK","isPartOf":{"@id":"https:\/\/www.inverseteams.com\/de\/#website"},"primaryImageOfPage":{"@id":"https:\/\/www.inverseteams.com\/de\/produkt\/neckwarmer-black\/#primaryimage"},"image":{"@id":"https:\/\/www.inverseteams.com\/de\/produkt\/neckwarmer-black\/#primaryimage"},"thumbnailUrl":"https:\/\/www.inverseteams.com\/wp-content\/uploads\/TUBULAR-TERMICO-NEGRO-1.jpg","datePublished":"2021-05-03T16:13:57+00:00","dateModified":"2024-04-26T09:35:44+00:00","description":"Ideal f\u00fcr den t\u00e4glichen Gebrauch und f\u00fcr den Sport. Der Stoff, aus dem es besteht, zeichnet sich durch seine Elastizit\u00e4t und den inneren Aufh\u00e4nger aus, der W\u00e4rme und einen weichen Griff bietet. Dieses Winter-Schlauchshirt bietet hohen Komfort, da es eine gute Atmungsaktivit\u00e4t garantiert und Schwei\u00df absorbiert, um die Haut trocken zu halten. Im R\u00fcckenbereich verf\u00fcgt es \u00fcber einen Spanner, der zur Regulierung der Passform dient.","breadcrumb":{"@id":"https:\/\/www.inverseteams.com\/de\/produkt\/neckwarmer-black\/#breadcrumb"},"inLanguage":"de","potentialAction":[{"@type":"ReadAction","target":["https:\/\/www.inverseteams.com\/de\/produkt\/neckwarmer-black\/"]}]},{"@type":"ImageObject","inLanguage":"de","@id":"https:\/\/www.inverseteams.com\/de\/produkt\/neckwarmer-black\/#primaryimage","url":"https:\/\/www.inverseteams.com\/wp-content\/uploads\/TUBULAR-TERMICO-NEGRO-1.jpg","contentUrl":"https:\/\/www.inverseteams.com\/wp-content\/uploads\/TUBULAR-TERMICO-NEGRO-1.jpg","width":3222,"height":3462,"caption":"Tubular t\u00e9rmico negro"},{"@type":"BreadcrumbList","@id":"https:\/\/www.inverseteams.com\/de\/produkt\/neckwarmer-black\/#breadcrumb","itemListElement":[{"@type":"ListItem","position":1,"name":"Portada","item":"https:\/\/www.inverseteams.com\/de\/"},{"@type":"ListItem","position":2,"name":"Speichern","item":"https:\/\/www.inverseteams.com\/de\/speichern\/"},{"@type":"ListItem","position":3,"name":"Tubular BLACK"}]},{"@type":"WebSite","@id":"https:\/\/www.inverseteams.com\/de\/#website","url":"https:\/\/www.inverseteams.com\/de\/","name":"Inverseteams","description":"Tu marca de ropa deportiva personalizada","publisher":{"@id":"https:\/\/www.inverseteams.com\/de\/#organization"},"potentialAction":[{"@type":"SearchAction","target":{"@type":"EntryPoint","urlTemplate":"https:\/\/www.inverseteams.com\/de\/?s={search_term_string}"},"query-input":{"@type":"PropertyValueSpecification","valueRequired":true,"valueName":"search_term_string"}}],"inLanguage":"de"},{"@type":"Organization","@id":"https:\/\/www.inverseteams.com\/de\/#organization","name":"Inverse Teams","url":"https:\/\/www.inverseteams.com\/de\/","logo":{"@type":"ImageObject","inLanguage":"de","@id":"https:\/\/www.inverseteams.com\/de\/#\/schema\/logo\/image\/","url":"https:\/\/www.inverseteams.com\/wp-content\/uploads\/2021\/03\/logo-inverse-teams.png","contentUrl":"https:\/\/www.inverseteams.com\/wp-content\/uploads\/2021\/03\/logo-inverse-teams.png","width":294,"height":99,"caption":"Inverse Teams"},"image":{"@id":"https:\/\/www.inverseteams.com\/de\/#\/schema\/logo\/image\/"},"sameAs":["https:\/\/www.facebook.com\/inverseteams","http:\/\/instagram.com\/inverseteams","https:\/\/www.linkedin.com\/company\/inverse-cirosport-s-l-?trk=job_view_topcard_company_name","http:\/\/www.pinterest.com\/inverseteams\/","http:\/\/www.youtube.com\/user\/inverseteams?feature=watch"]}]}},"_links":{"self":[{"href":"https:\/\/www.inverseteams.com\/de\/wp-json\/wp\/v2\/product\/176720","targetHints":{"allow":["GET"]}}],"collection":[{"href":"https:\/\/www.inverseteams.com\/de\/wp-json\/wp\/v2\/product"}],"about":[{"href":"https:\/\/www.inverseteams.com\/de\/wp-json\/wp\/v2\/types\/product"}],"replies":[{"embeddable":true,"href":"https:\/\/www.inverseteams.com\/de\/wp-json\/wp\/v2\/comments?post=176720"}],"wp:featuredmedia":[{"embeddable":true,"href":"https:\/\/www.inverseteams.com\/de\/wp-json\/wp\/v2\/media\/150210"}],"wp:attachment":[{"href":"https:\/\/www.inverseteams.com\/de\/wp-json\/wp\/v2\/media?parent=176720"}],"wp:term":[{"taxonomy":"product_brand","embeddable":true,"href":"https:\/\/www.inverseteams.com\/de\/wp-json\/wp\/v2\/product_brand?post=176720"},{"taxonomy":"product_cat","embeddable":true,"href":"https:\/\/www.inverseteams.com\/de\/wp-json\/wp\/v2\/product_cat?post=176720"},{"taxonomy":"product_tag","embeddable":true,"href":"https:\/\/www.inverseteams.com\/de\/wp-json\/wp\/v2\/product_tag?post=176720"},{"taxonomy":"custom_category","embeddable":true,"href":"https:\/\/www.inverseteams.com\/de\/wp-json\/wp\/v2\/custom_category?post=176720"},{"taxonomy":"range","embeddable":true,"href":"https:\/\/www.inverseteams.com\/de\/wp-json\/wp\/v2\/range?post=176720"}],"curies":[{"name":"wp","href":"https:\/\/api.w.org\/{rel}","templated":true}]}}