{"id":176237,"date":"2021-05-13T07:57:05","date_gmt":"2021-05-03T14:59:32","guid":{"rendered":"https:\/\/www.inverseteams.com\/product\/trail-running-shorts-team-inverse\/"},"modified":"2025-05-22T00:02:03","modified_gmt":"2025-05-22T00:02:03","slug":"trail-running-shorts-team-inverse","status":"publish","type":"product","link":"https:\/\/www.inverseteams.com\/de\/produkt\/trail-running-shorts-team-inverse\/","title":{"rendered":"Trailrunning Shorts TEAM INVERSE"},"content":{"rendered":"<p>Mit dieser superleichten Trailrunning-Shorts k\u00f6nnen Sie an hei\u00dfen Tagen lange Trainingseinheiten genie\u00dfen. Der Gummizug in der Taille schmiegt sich sehr gut an den K\u00f6rper an und h\u00e4lt das Kleidungsst\u00fcck fest, ohne zu st\u00f6ren.<br \/>\nIm hinteren Bereich befinden sich 2 Gittertaschen und 1 Rei\u00dfverschlusstasche, in denen Sie jeden Gegenstand verstauen k\u00f6nnen, ohne bef\u00fcrchten zu m\u00fcssen, ihn zu verlieren. Sie k\u00f6nnen ohne Sorgen laufen.<\/p>\n","protected":false},"excerpt":{"rendered":"<p>Mit dieser superleichten Trailrunning-Shorts k\u00f6nnen Sie an hei\u00dfen Tagen lange Trainingseinheiten genie\u00dfen. Der Gummizug in der Taille schmiegt sich sehr gut an den K\u00f6rper an und h\u00e4lt das Kleidungsst\u00fcck fest, ohne zu st\u00f6ren.<br \/>\nIm hinteren Bereich befinden sich 2 Gittertaschen und 1 Rei\u00dfverschlusstasche, in denen Sie jeden Gegenstand verstauen k\u00f6nnen, ohne bef\u00fcrchten zu m\u00fcssen, ihn zu verlieren. Sie k\u00f6nnen ohne Sorgen laufen.<\/p>\n","protected":false},"featured_media":151062,"comment_status":"closed","ping_status":"closed","template":"","meta":{"_acf_changed":false},"product_brand":[],"product_cat":[11192,11521,11193,11264],"product_tag":[],"custom_category":[],"range":[],"class_list":{"0":"post-176237","1":"product","2":"type-product","3":"status-publish","4":"has-post-thumbnail","6":"product_cat-frau","7":"product_cat-trail-hose","8":"product_cat-mann","9":"product_cat-trail-running-de","10":"pa_climatologia-calor-de","11":"pa_deporte-trail-de","12":"pa_genero-hombre-de","13":"pa_genero-mujer-de","14":"pa_patronaje-regular-de","15":"pa_talla-s-de","16":"pa_talla-m-de","17":"pa_talla-l-de","18":"pa_talla-xl-de","19":"pa_talla-xxl-de","20":"pa_tipo-de-prenda-pantalon-corto-de","22":"first","23":"instock","24":"taxable","25":"shipping-taxable","26":"purchasable","27":"product-type-variable","28":"has-default-attributes"},"acf":[],"yoast_head":"<!-- This site is optimized with the Yoast SEO plugin v27.3 - https:\/\/yoast.com\/product\/yoast-seo-wordpress\/ -->\n<title>Trail running shorts TEAM INVERSE<\/title>\n<meta name=\"description\" content=\"Mit dieser superleichten Trailrunning-Shorts k\u00f6nnen Sie an hei\u00dfen Tagen lange Trainingseinheiten genie\u00dfen. Der Gummizug in der Taille schmiegt sich sehr gut an den K\u00f6rper an und h\u00e4lt das Kleidungsst\u00fcck fest, ohne zu st\u00f6ren. Im hinteren Bereich befinden sich 2 Gittertaschen und 1 Rei\u00dfverschlusstasche, in denen Sie jeden Gegenstand verstauen k\u00f6nnen, ohne bef\u00fcrchten zu m\u00fcssen, ihn zu verlieren. Sie k\u00f6nnen ohne Sorgen laufen.\" \/>\n<meta name=\"robots\" content=\"index, follow, max-snippet:-1, max-image-preview:large, max-video-preview:-1\" \/>\n<link rel=\"canonical\" href=\"https:\/\/www.inverseteams.com\/de\/produkt\/trail-running-shorts-team-inverse\/\" \/>\n<meta property=\"og:locale\" content=\"de_DE\" \/>\n<meta property=\"og:type\" content=\"article\" \/>\n<meta property=\"og:title\" content=\"Trail running shorts TEAM INVERSE\" \/>\n<meta property=\"og:description\" content=\"Mit dieser superleichten Trailrunning-Shorts k\u00f6nnen Sie an hei\u00dfen Tagen lange Trainingseinheiten genie\u00dfen. Der Gummizug in der Taille schmiegt sich sehr gut an den K\u00f6rper an und h\u00e4lt das Kleidungsst\u00fcck fest, ohne zu st\u00f6ren. Im hinteren Bereich befinden sich 2 Gittertaschen und 1 Rei\u00dfverschlusstasche, in denen Sie jeden Gegenstand verstauen k\u00f6nnen, ohne bef\u00fcrchten zu m\u00fcssen, ihn zu verlieren. Sie k\u00f6nnen ohne Sorgen laufen.\" \/>\n<meta property=\"og:url\" content=\"https:\/\/www.inverseteams.com\/de\/produkt\/trail-running-shorts-team-inverse\/\" \/>\n<meta property=\"og:site_name\" content=\"Inverseteams\" \/>\n<meta property=\"article:publisher\" content=\"https:\/\/www.facebook.com\/inverseteams\" \/>\n<meta property=\"article:modified_time\" content=\"2025-05-22T00:02:03+00:00\" \/>\n<meta property=\"og:image\" content=\"https:\/\/www.inverseteams.com\/wp-content\/uploads\/PANTALON-TRAIL-TEAM-INVERSE-1.jpg\" \/>\n\t<meta property=\"og:image:width\" content=\"3222\" \/>\n\t<meta property=\"og:image:height\" content=\"3462\" \/>\n\t<meta property=\"og:image:type\" content=\"image\/jpeg\" \/>\n<meta name=\"twitter:card\" content=\"summary_large_image\" \/>\n<meta name=\"twitter:label1\" content=\"Gesch\u00e4tzte Lesezeit\" \/>\n\t<meta name=\"twitter:data1\" content=\"1\u00a0Minute\" \/>\n<script type=\"application\/ld+json\" class=\"yoast-schema-graph\">{\"@context\":\"https:\\\/\\\/schema.org\",\"@graph\":[{\"@type\":\"WebPage\",\"@id\":\"https:\\\/\\\/www.inverseteams.com\\\/de\\\/produkt\\\/trail-running-shorts-team-inverse\\\/\",\"url\":\"https:\\\/\\\/www.inverseteams.com\\\/de\\\/produkt\\\/trail-running-shorts-team-inverse\\\/\",\"name\":\"Trail running shorts TEAM INVERSE\",\"isPartOf\":{\"@id\":\"https:\\\/\\\/www.inverseteams.com\\\/de\\\/#website\"},\"primaryImageOfPage\":{\"@id\":\"https:\\\/\\\/www.inverseteams.com\\\/de\\\/produkt\\\/trail-running-shorts-team-inverse\\\/#primaryimage\"},\"image\":{\"@id\":\"https:\\\/\\\/www.inverseteams.com\\\/de\\\/produkt\\\/trail-running-shorts-team-inverse\\\/#primaryimage\"},\"thumbnailUrl\":\"https:\\\/\\\/www.inverseteams.com\\\/wp-content\\\/uploads\\\/PANTALON-TRAIL-TEAM-INVERSE-1.jpg\",\"datePublished\":\"2021-05-03T14:59:32+00:00\",\"dateModified\":\"2025-05-22T00:02:03+00:00\",\"description\":\"Mit dieser superleichten Trailrunning-Shorts k\u00f6nnen Sie an hei\u00dfen Tagen lange Trainingseinheiten genie\u00dfen. Der Gummizug in der Taille schmiegt sich sehr gut an den K\u00f6rper an und h\u00e4lt das Kleidungsst\u00fcck fest, ohne zu st\u00f6ren. Im hinteren Bereich befinden sich 2 Gittertaschen und 1 Rei\u00dfverschlusstasche, in denen Sie jeden Gegenstand verstauen k\u00f6nnen, ohne bef\u00fcrchten zu m\u00fcssen, ihn zu verlieren. Sie k\u00f6nnen ohne Sorgen laufen.\",\"breadcrumb\":{\"@id\":\"https:\\\/\\\/www.inverseteams.com\\\/de\\\/produkt\\\/trail-running-shorts-team-inverse\\\/#breadcrumb\"},\"inLanguage\":\"de\",\"potentialAction\":[{\"@type\":\"ReadAction\",\"target\":[\"https:\\\/\\\/www.inverseteams.com\\\/de\\\/produkt\\\/trail-running-shorts-team-inverse\\\/\"]}]},{\"@type\":\"ImageObject\",\"inLanguage\":\"de\",\"@id\":\"https:\\\/\\\/www.inverseteams.com\\\/de\\\/produkt\\\/trail-running-shorts-team-inverse\\\/#primaryimage\",\"url\":\"https:\\\/\\\/www.inverseteams.com\\\/wp-content\\\/uploads\\\/PANTALON-TRAIL-TEAM-INVERSE-1.jpg\",\"contentUrl\":\"https:\\\/\\\/www.inverseteams.com\\\/wp-content\\\/uploads\\\/PANTALON-TRAIL-TEAM-INVERSE-1.jpg\",\"width\":3222,\"height\":3462,\"caption\":\"Pantalon trail running TEAM INVERSE\"},{\"@type\":\"BreadcrumbList\",\"@id\":\"https:\\\/\\\/www.inverseteams.com\\\/de\\\/produkt\\\/trail-running-shorts-team-inverse\\\/#breadcrumb\",\"itemListElement\":[{\"@type\":\"ListItem\",\"position\":1,\"name\":\"Portada\",\"item\":\"https:\\\/\\\/www.inverseteams.com\\\/de\\\/\"},{\"@type\":\"ListItem\",\"position\":2,\"name\":\"Speichern\",\"item\":\"https:\\\/\\\/www.inverseteams.com\\\/de\\\/speichern\\\/\"},{\"@type\":\"ListItem\",\"position\":3,\"name\":\"Trailrunning Shorts TEAM INVERSE\"}]},{\"@type\":\"WebSite\",\"@id\":\"https:\\\/\\\/www.inverseteams.com\\\/de\\\/#website\",\"url\":\"https:\\\/\\\/www.inverseteams.com\\\/de\\\/\",\"name\":\"Inverseteams\",\"description\":\"Tu marca de ropa deportiva personalizada\",\"publisher\":{\"@id\":\"https:\\\/\\\/www.inverseteams.com\\\/de\\\/#organization\"},\"potentialAction\":[{\"@type\":\"SearchAction\",\"target\":{\"@type\":\"EntryPoint\",\"urlTemplate\":\"https:\\\/\\\/www.inverseteams.com\\\/de\\\/?s={search_term_string}\"},\"query-input\":{\"@type\":\"PropertyValueSpecification\",\"valueRequired\":true,\"valueName\":\"search_term_string\"}}],\"inLanguage\":\"de\"},{\"@type\":\"Organization\",\"@id\":\"https:\\\/\\\/www.inverseteams.com\\\/de\\\/#organization\",\"name\":\"Inverse Teams\",\"url\":\"https:\\\/\\\/www.inverseteams.com\\\/de\\\/\",\"logo\":{\"@type\":\"ImageObject\",\"inLanguage\":\"de\",\"@id\":\"https:\\\/\\\/www.inverseteams.com\\\/de\\\/#\\\/schema\\\/logo\\\/image\\\/\",\"url\":\"https:\\\/\\\/www.inverseteams.com\\\/wp-content\\\/uploads\\\/2021\\\/03\\\/logo-inverse-teams.png\",\"contentUrl\":\"https:\\\/\\\/www.inverseteams.com\\\/wp-content\\\/uploads\\\/2021\\\/03\\\/logo-inverse-teams.png\",\"width\":294,\"height\":99,\"caption\":\"Inverse Teams\"},\"image\":{\"@id\":\"https:\\\/\\\/www.inverseteams.com\\\/de\\\/#\\\/schema\\\/logo\\\/image\\\/\"},\"sameAs\":[\"https:\\\/\\\/www.facebook.com\\\/inverseteams\",\"http:\\\/\\\/instagram.com\\\/inverseteams\",\"https:\\\/\\\/www.linkedin.com\\\/company\\\/inverse-cirosport-s-l-?trk=job_view_topcard_company_name\",\"http:\\\/\\\/www.pinterest.com\\\/inverseteams\\\/\",\"http:\\\/\\\/www.youtube.com\\\/user\\\/inverseteams?feature=watch\"]}]}<\/script>\n<!-- \/ Yoast SEO plugin. -->","yoast_head_json":{"title":"Trail running shorts TEAM INVERSE","description":"Mit dieser superleichten Trailrunning-Shorts k\u00f6nnen Sie an hei\u00dfen Tagen lange Trainingseinheiten genie\u00dfen. Der Gummizug in der Taille schmiegt sich sehr gut an den K\u00f6rper an und h\u00e4lt das Kleidungsst\u00fcck fest, ohne zu st\u00f6ren. Im hinteren Bereich befinden sich 2 Gittertaschen und 1 Rei\u00dfverschlusstasche, in denen Sie jeden Gegenstand verstauen k\u00f6nnen, ohne bef\u00fcrchten zu m\u00fcssen, ihn zu verlieren. Sie k\u00f6nnen ohne Sorgen laufen.","robots":{"index":"index","follow":"follow","max-snippet":"max-snippet:-1","max-image-preview":"max-image-preview:large","max-video-preview":"max-video-preview:-1"},"canonical":"https:\/\/www.inverseteams.com\/de\/produkt\/trail-running-shorts-team-inverse\/","og_locale":"de_DE","og_type":"article","og_title":"Trail running shorts TEAM INVERSE","og_description":"Mit dieser superleichten Trailrunning-Shorts k\u00f6nnen Sie an hei\u00dfen Tagen lange Trainingseinheiten genie\u00dfen. Der Gummizug in der Taille schmiegt sich sehr gut an den K\u00f6rper an und h\u00e4lt das Kleidungsst\u00fcck fest, ohne zu st\u00f6ren. Im hinteren Bereich befinden sich 2 Gittertaschen und 1 Rei\u00dfverschlusstasche, in denen Sie jeden Gegenstand verstauen k\u00f6nnen, ohne bef\u00fcrchten zu m\u00fcssen, ihn zu verlieren. Sie k\u00f6nnen ohne Sorgen laufen.","og_url":"https:\/\/www.inverseteams.com\/de\/produkt\/trail-running-shorts-team-inverse\/","og_site_name":"Inverseteams","article_publisher":"https:\/\/www.facebook.com\/inverseteams","article_modified_time":"2025-05-22T00:02:03+00:00","og_image":[{"width":3222,"height":3462,"url":"https:\/\/www.inverseteams.com\/wp-content\/uploads\/PANTALON-TRAIL-TEAM-INVERSE-1.jpg","type":"image\/jpeg"}],"twitter_card":"summary_large_image","twitter_misc":{"Gesch\u00e4tzte Lesezeit":"1\u00a0Minute"},"schema":{"@context":"https:\/\/schema.org","@graph":[{"@type":"WebPage","@id":"https:\/\/www.inverseteams.com\/de\/produkt\/trail-running-shorts-team-inverse\/","url":"https:\/\/www.inverseteams.com\/de\/produkt\/trail-running-shorts-team-inverse\/","name":"Trail running shorts TEAM INVERSE","isPartOf":{"@id":"https:\/\/www.inverseteams.com\/de\/#website"},"primaryImageOfPage":{"@id":"https:\/\/www.inverseteams.com\/de\/produkt\/trail-running-shorts-team-inverse\/#primaryimage"},"image":{"@id":"https:\/\/www.inverseteams.com\/de\/produkt\/trail-running-shorts-team-inverse\/#primaryimage"},"thumbnailUrl":"https:\/\/www.inverseteams.com\/wp-content\/uploads\/PANTALON-TRAIL-TEAM-INVERSE-1.jpg","datePublished":"2021-05-03T14:59:32+00:00","dateModified":"2025-05-22T00:02:03+00:00","description":"Mit dieser superleichten Trailrunning-Shorts k\u00f6nnen Sie an hei\u00dfen Tagen lange Trainingseinheiten genie\u00dfen. Der Gummizug in der Taille schmiegt sich sehr gut an den K\u00f6rper an und h\u00e4lt das Kleidungsst\u00fcck fest, ohne zu st\u00f6ren. Im hinteren Bereich befinden sich 2 Gittertaschen und 1 Rei\u00dfverschlusstasche, in denen Sie jeden Gegenstand verstauen k\u00f6nnen, ohne bef\u00fcrchten zu m\u00fcssen, ihn zu verlieren. Sie k\u00f6nnen ohne Sorgen laufen.","breadcrumb":{"@id":"https:\/\/www.inverseteams.com\/de\/produkt\/trail-running-shorts-team-inverse\/#breadcrumb"},"inLanguage":"de","potentialAction":[{"@type":"ReadAction","target":["https:\/\/www.inverseteams.com\/de\/produkt\/trail-running-shorts-team-inverse\/"]}]},{"@type":"ImageObject","inLanguage":"de","@id":"https:\/\/www.inverseteams.com\/de\/produkt\/trail-running-shorts-team-inverse\/#primaryimage","url":"https:\/\/www.inverseteams.com\/wp-content\/uploads\/PANTALON-TRAIL-TEAM-INVERSE-1.jpg","contentUrl":"https:\/\/www.inverseteams.com\/wp-content\/uploads\/PANTALON-TRAIL-TEAM-INVERSE-1.jpg","width":3222,"height":3462,"caption":"Pantalon trail running TEAM INVERSE"},{"@type":"BreadcrumbList","@id":"https:\/\/www.inverseteams.com\/de\/produkt\/trail-running-shorts-team-inverse\/#breadcrumb","itemListElement":[{"@type":"ListItem","position":1,"name":"Portada","item":"https:\/\/www.inverseteams.com\/de\/"},{"@type":"ListItem","position":2,"name":"Speichern","item":"https:\/\/www.inverseteams.com\/de\/speichern\/"},{"@type":"ListItem","position":3,"name":"Trailrunning Shorts TEAM INVERSE"}]},{"@type":"WebSite","@id":"https:\/\/www.inverseteams.com\/de\/#website","url":"https:\/\/www.inverseteams.com\/de\/","name":"Inverseteams","description":"Tu marca de ropa deportiva personalizada","publisher":{"@id":"https:\/\/www.inverseteams.com\/de\/#organization"},"potentialAction":[{"@type":"SearchAction","target":{"@type":"EntryPoint","urlTemplate":"https:\/\/www.inverseteams.com\/de\/?s={search_term_string}"},"query-input":{"@type":"PropertyValueSpecification","valueRequired":true,"valueName":"search_term_string"}}],"inLanguage":"de"},{"@type":"Organization","@id":"https:\/\/www.inverseteams.com\/de\/#organization","name":"Inverse Teams","url":"https:\/\/www.inverseteams.com\/de\/","logo":{"@type":"ImageObject","inLanguage":"de","@id":"https:\/\/www.inverseteams.com\/de\/#\/schema\/logo\/image\/","url":"https:\/\/www.inverseteams.com\/wp-content\/uploads\/2021\/03\/logo-inverse-teams.png","contentUrl":"https:\/\/www.inverseteams.com\/wp-content\/uploads\/2021\/03\/logo-inverse-teams.png","width":294,"height":99,"caption":"Inverse Teams"},"image":{"@id":"https:\/\/www.inverseteams.com\/de\/#\/schema\/logo\/image\/"},"sameAs":["https:\/\/www.facebook.com\/inverseteams","http:\/\/instagram.com\/inverseteams","https:\/\/www.linkedin.com\/company\/inverse-cirosport-s-l-?trk=job_view_topcard_company_name","http:\/\/www.pinterest.com\/inverseteams\/","http:\/\/www.youtube.com\/user\/inverseteams?feature=watch"]}]}},"_links":{"self":[{"href":"https:\/\/www.inverseteams.com\/de\/wp-json\/wp\/v2\/product\/176237","targetHints":{"allow":["GET"]}}],"collection":[{"href":"https:\/\/www.inverseteams.com\/de\/wp-json\/wp\/v2\/product"}],"about":[{"href":"https:\/\/www.inverseteams.com\/de\/wp-json\/wp\/v2\/types\/product"}],"replies":[{"embeddable":true,"href":"https:\/\/www.inverseteams.com\/de\/wp-json\/wp\/v2\/comments?post=176237"}],"wp:featuredmedia":[{"embeddable":true,"href":"https:\/\/www.inverseteams.com\/de\/wp-json\/wp\/v2\/media\/151062"}],"wp:attachment":[{"href":"https:\/\/www.inverseteams.com\/de\/wp-json\/wp\/v2\/media?parent=176237"}],"wp:term":[{"taxonomy":"product_brand","embeddable":true,"href":"https:\/\/www.inverseteams.com\/de\/wp-json\/wp\/v2\/product_brand?post=176237"},{"taxonomy":"product_cat","embeddable":true,"href":"https:\/\/www.inverseteams.com\/de\/wp-json\/wp\/v2\/product_cat?post=176237"},{"taxonomy":"product_tag","embeddable":true,"href":"https:\/\/www.inverseteams.com\/de\/wp-json\/wp\/v2\/product_tag?post=176237"},{"taxonomy":"custom_category","embeddable":true,"href":"https:\/\/www.inverseteams.com\/de\/wp-json\/wp\/v2\/custom_category?post=176237"},{"taxonomy":"range","embeddable":true,"href":"https:\/\/www.inverseteams.com\/de\/wp-json\/wp\/v2\/range?post=176237"}],"curies":[{"name":"wp","href":"https:\/\/api.w.org\/{rel}","templated":true}]}}