{"id":175744,"date":"2021-05-10T08:32:47","date_gmt":"2021-05-10T09:19:34","guid":{"rendered":"https:\/\/www.inverseteams.com\/product\/tracksuit-tights-training\/"},"modified":"2024-01-31T12:54:01","modified_gmt":"2024-01-31T12:54:01","slug":"personalisiertes-trainingshose-training","status":"publish","type":"product","link":"https:\/\/www.inverseteams.com\/de\/produkt\/personalisiertes-trainingshose-training\/","title":{"rendered":"Personalisiertes Trainingshose TRAINING"},"content":{"rendered":"<p>Trainingshose aus HORIZON-Gewebe, das W\u00e4rme spendet und gleichzeitig sehr gut schwitzt. An den Seiten befinden sich 2 Rei\u00dfverschlusstaschen, die sehr praktisch sind, um Gegenst\u00e4nde sicher aufzubewahren. Am Ende des Beins befindet sich ein Gummizug, sodass das Kleidungsst\u00fcck perfekt am Kn\u00f6chel anliegt.<br \/>\nSie k\u00f6nnen die Vorderseite individuell gestalten. Der Rest der Strumpfhose ist immer schwarz.<\/p>\n","protected":false},"excerpt":{"rendered":"<p>Trainingshose aus HORIZON-Gewebe, das W\u00e4rme spendet und gleichzeitig sehr gut schwitzt. An den Seiten befinden sich 2 Rei\u00dfverschlusstaschen, die sehr praktisch sind, um Gegenst\u00e4nde sicher aufzubewahren. Am Ende des Beins befindet sich ein Gummizug, sodass das Kleidungsst\u00fcck perfekt am Kn\u00f6chel anliegt.<br \/>\nSie k\u00f6nnen die Vorderseite individuell gestalten. Der Rest der Strumpfhose ist immer schwarz.<\/p>\n","protected":false},"featured_media":164992,"comment_status":"closed","ping_status":"closed","template":"","meta":{"_acf_changed":false},"product_brand":[],"product_cat":[11218],"product_tag":[],"custom_category":[13298,11240,11281],"range":[11283],"class_list":{"0":"post-175744","1":"product","2":"type-product","3":"status-publish","4":"has-post-thumbnail","6":"product_cat-uncategorized-de","7":"pa_climatologia-frio-de","8":"pa_climatologia-viento-de","9":"pa_climatologia-temperatura-templada-de","10":"pa_deporte-casual-de","11":"pa_genero-infantil-de","12":"pa_genero-hombre-de","13":"pa_genero-mujer-de","14":"pa_patronaje-regular-de","15":"pa_tipo-de-prenda-chandal-de","16":"custom_category-personalisierte-trainingsanzug","17":"custom_category-sport","18":"custom_category-personalisierte-freizeit-sportbekleidung","19":"range-training-de","21":"first","22":"instock","23":"product-type-custom"},"acf":[],"yoast_head":"<!-- This site is optimized with the Yoast SEO plugin v27.3 - https:\/\/yoast.com\/product\/yoast-seo-wordpress\/ -->\n<title>Personalisiertes Trainingshose TRAINING<\/title>\n<meta name=\"description\" content=\"Trainingshose aus HORIZON-Gewebe, das W\u00e4rme spendet und gleichzeitig sehr gut schwitzt. An den Seiten befinden sich 2 Rei\u00dfverschlusstaschen, die sehr praktisch sind, um Gegenst\u00e4nde sicher aufzubewahren. Am Ende des Beins befindet sich ein Gummizug, sodass das Kleidungsst\u00fcck perfekt am Kn\u00f6chel anliegt. Sie k\u00f6nnen die Vorderseite individuell gestalten. Der Rest der Strumpfhose ist immer schwarz.\" \/>\n<meta name=\"robots\" content=\"index, follow, max-snippet:-1, max-image-preview:large, max-video-preview:-1\" \/>\n<link rel=\"canonical\" href=\"https:\/\/www.inverseteams.com\/de\/produkt\/personalisiertes-trainingshose-training\/\" \/>\n<meta property=\"og:locale\" content=\"de_DE\" \/>\n<meta property=\"og:type\" content=\"article\" \/>\n<meta property=\"og:title\" content=\"Personalisiertes Trainingshose TRAINING\" \/>\n<meta property=\"og:description\" content=\"Trainingshose aus HORIZON-Gewebe, das W\u00e4rme spendet und gleichzeitig sehr gut schwitzt. An den Seiten befinden sich 2 Rei\u00dfverschlusstaschen, die sehr praktisch sind, um Gegenst\u00e4nde sicher aufzubewahren. Am Ende des Beins befindet sich ein Gummizug, sodass das Kleidungsst\u00fcck perfekt am Kn\u00f6chel anliegt. Sie k\u00f6nnen die Vorderseite individuell gestalten. Der Rest der Strumpfhose ist immer schwarz.\" \/>\n<meta property=\"og:url\" content=\"https:\/\/www.inverseteams.com\/de\/produkt\/personalisiertes-trainingshose-training\/\" \/>\n<meta property=\"og:site_name\" content=\"Inverseteams\" \/>\n<meta property=\"article:publisher\" content=\"https:\/\/www.facebook.com\/inverseteams\" \/>\n<meta property=\"article:modified_time\" content=\"2024-01-31T12:54:01+00:00\" \/>\n<meta property=\"og:image\" content=\"https:\/\/www.inverseteams.com\/wp-content\/uploads\/PANTALON-CHANDAL-TRAINING-1-4.jpg\" \/>\n\t<meta property=\"og:image:width\" content=\"3222\" \/>\n\t<meta property=\"og:image:height\" content=\"3462\" \/>\n\t<meta property=\"og:image:type\" content=\"image\/jpeg\" \/>\n<meta name=\"twitter:card\" content=\"summary_large_image\" \/>\n<meta name=\"twitter:label1\" content=\"Gesch\u00e4tzte Lesezeit\" \/>\n\t<meta name=\"twitter:data1\" content=\"1\u00a0Minute\" \/>\n<script type=\"application\/ld+json\" class=\"yoast-schema-graph\">{\"@context\":\"https:\\\/\\\/schema.org\",\"@graph\":[{\"@type\":\"WebPage\",\"@id\":\"https:\\\/\\\/www.inverseteams.com\\\/de\\\/produkt\\\/personalisiertes-trainingshose-training\\\/\",\"url\":\"https:\\\/\\\/www.inverseteams.com\\\/de\\\/produkt\\\/personalisiertes-trainingshose-training\\\/\",\"name\":\"Personalisiertes Trainingshose TRAINING\",\"isPartOf\":{\"@id\":\"https:\\\/\\\/www.inverseteams.com\\\/de\\\/#website\"},\"primaryImageOfPage\":{\"@id\":\"https:\\\/\\\/www.inverseteams.com\\\/de\\\/produkt\\\/personalisiertes-trainingshose-training\\\/#primaryimage\"},\"image\":{\"@id\":\"https:\\\/\\\/www.inverseteams.com\\\/de\\\/produkt\\\/personalisiertes-trainingshose-training\\\/#primaryimage\"},\"thumbnailUrl\":\"https:\\\/\\\/www.inverseteams.com\\\/wp-content\\\/uploads\\\/PANTALON-CHANDAL-TRAINING-1-4.jpg\",\"datePublished\":\"2021-05-10T09:19:34+00:00\",\"dateModified\":\"2024-01-31T12:54:01+00:00\",\"description\":\"Trainingshose aus HORIZON-Gewebe, das W\u00e4rme spendet und gleichzeitig sehr gut schwitzt. An den Seiten befinden sich 2 Rei\u00dfverschlusstaschen, die sehr praktisch sind, um Gegenst\u00e4nde sicher aufzubewahren. Am Ende des Beins befindet sich ein Gummizug, sodass das Kleidungsst\u00fcck perfekt am Kn\u00f6chel anliegt. Sie k\u00f6nnen die Vorderseite individuell gestalten. Der Rest der Strumpfhose ist immer schwarz.\",\"breadcrumb\":{\"@id\":\"https:\\\/\\\/www.inverseteams.com\\\/de\\\/produkt\\\/personalisiertes-trainingshose-training\\\/#breadcrumb\"},\"inLanguage\":\"de\",\"potentialAction\":[{\"@type\":\"ReadAction\",\"target\":[\"https:\\\/\\\/www.inverseteams.com\\\/de\\\/produkt\\\/personalisiertes-trainingshose-training\\\/\"]}]},{\"@type\":\"ImageObject\",\"inLanguage\":\"de\",\"@id\":\"https:\\\/\\\/www.inverseteams.com\\\/de\\\/produkt\\\/personalisiertes-trainingshose-training\\\/#primaryimage\",\"url\":\"https:\\\/\\\/www.inverseteams.com\\\/wp-content\\\/uploads\\\/PANTALON-CHANDAL-TRAINING-1-4.jpg\",\"contentUrl\":\"https:\\\/\\\/www.inverseteams.com\\\/wp-content\\\/uploads\\\/PANTALON-CHANDAL-TRAINING-1-4.jpg\",\"width\":3222,\"height\":3462,\"caption\":\"PANTALON CHANDAL SUBLIMADO PERSONALIZADO\"},{\"@type\":\"BreadcrumbList\",\"@id\":\"https:\\\/\\\/www.inverseteams.com\\\/de\\\/produkt\\\/personalisiertes-trainingshose-training\\\/#breadcrumb\",\"itemListElement\":[{\"@type\":\"ListItem\",\"position\":1,\"name\":\"Portada\",\"item\":\"https:\\\/\\\/www.inverseteams.com\\\/de\\\/\"},{\"@type\":\"ListItem\",\"position\":2,\"name\":\"Speichern\",\"item\":\"https:\\\/\\\/www.inverseteams.com\\\/de\\\/speichern\\\/\"},{\"@type\":\"ListItem\",\"position\":3,\"name\":\"Personalisiertes Trainingshose TRAINING\"}]},{\"@type\":\"WebSite\",\"@id\":\"https:\\\/\\\/www.inverseteams.com\\\/de\\\/#website\",\"url\":\"https:\\\/\\\/www.inverseteams.com\\\/de\\\/\",\"name\":\"Inverseteams\",\"description\":\"Tu marca de ropa deportiva personalizada\",\"publisher\":{\"@id\":\"https:\\\/\\\/www.inverseteams.com\\\/de\\\/#organization\"},\"potentialAction\":[{\"@type\":\"SearchAction\",\"target\":{\"@type\":\"EntryPoint\",\"urlTemplate\":\"https:\\\/\\\/www.inverseteams.com\\\/de\\\/?s={search_term_string}\"},\"query-input\":{\"@type\":\"PropertyValueSpecification\",\"valueRequired\":true,\"valueName\":\"search_term_string\"}}],\"inLanguage\":\"de\"},{\"@type\":\"Organization\",\"@id\":\"https:\\\/\\\/www.inverseteams.com\\\/de\\\/#organization\",\"name\":\"Inverse Teams\",\"url\":\"https:\\\/\\\/www.inverseteams.com\\\/de\\\/\",\"logo\":{\"@type\":\"ImageObject\",\"inLanguage\":\"de\",\"@id\":\"https:\\\/\\\/www.inverseteams.com\\\/de\\\/#\\\/schema\\\/logo\\\/image\\\/\",\"url\":\"http:\\\/\\\/www.inverseteams.com\\\/wp-content\\\/uploads\\\/2021\\\/03\\\/logo-inverse-teams.png\",\"contentUrl\":\"http:\\\/\\\/www.inverseteams.com\\\/wp-content\\\/uploads\\\/2021\\\/03\\\/logo-inverse-teams.png\",\"width\":294,\"height\":99,\"caption\":\"Inverse Teams\"},\"image\":{\"@id\":\"https:\\\/\\\/www.inverseteams.com\\\/de\\\/#\\\/schema\\\/logo\\\/image\\\/\"},\"sameAs\":[\"https:\\\/\\\/www.facebook.com\\\/inverseteams\",\"http:\\\/\\\/instagram.com\\\/inverseteams\",\"https:\\\/\\\/www.linkedin.com\\\/company\\\/inverse-cirosport-s-l-?trk=job_view_topcard_company_name\",\"http:\\\/\\\/www.pinterest.com\\\/inverseteams\\\/\",\"http:\\\/\\\/www.youtube.com\\\/user\\\/inverseteams?feature=watch\"]}]}<\/script>\n<!-- \/ Yoast SEO plugin. -->","yoast_head_json":{"title":"Personalisiertes Trainingshose TRAINING","description":"Trainingshose aus HORIZON-Gewebe, das W\u00e4rme spendet und gleichzeitig sehr gut schwitzt. An den Seiten befinden sich 2 Rei\u00dfverschlusstaschen, die sehr praktisch sind, um Gegenst\u00e4nde sicher aufzubewahren. Am Ende des Beins befindet sich ein Gummizug, sodass das Kleidungsst\u00fcck perfekt am Kn\u00f6chel anliegt. Sie k\u00f6nnen die Vorderseite individuell gestalten. Der Rest der Strumpfhose ist immer schwarz.","robots":{"index":"index","follow":"follow","max-snippet":"max-snippet:-1","max-image-preview":"max-image-preview:large","max-video-preview":"max-video-preview:-1"},"canonical":"https:\/\/www.inverseteams.com\/de\/produkt\/personalisiertes-trainingshose-training\/","og_locale":"de_DE","og_type":"article","og_title":"Personalisiertes Trainingshose TRAINING","og_description":"Trainingshose aus HORIZON-Gewebe, das W\u00e4rme spendet und gleichzeitig sehr gut schwitzt. An den Seiten befinden sich 2 Rei\u00dfverschlusstaschen, die sehr praktisch sind, um Gegenst\u00e4nde sicher aufzubewahren. Am Ende des Beins befindet sich ein Gummizug, sodass das Kleidungsst\u00fcck perfekt am Kn\u00f6chel anliegt. Sie k\u00f6nnen die Vorderseite individuell gestalten. Der Rest der Strumpfhose ist immer schwarz.","og_url":"https:\/\/www.inverseteams.com\/de\/produkt\/personalisiertes-trainingshose-training\/","og_site_name":"Inverseteams","article_publisher":"https:\/\/www.facebook.com\/inverseteams","article_modified_time":"2024-01-31T12:54:01+00:00","og_image":[{"width":3222,"height":3462,"url":"https:\/\/www.inverseteams.com\/wp-content\/uploads\/PANTALON-CHANDAL-TRAINING-1-4.jpg","type":"image\/jpeg"}],"twitter_card":"summary_large_image","twitter_misc":{"Gesch\u00e4tzte Lesezeit":"1\u00a0Minute"},"schema":{"@context":"https:\/\/schema.org","@graph":[{"@type":"WebPage","@id":"https:\/\/www.inverseteams.com\/de\/produkt\/personalisiertes-trainingshose-training\/","url":"https:\/\/www.inverseteams.com\/de\/produkt\/personalisiertes-trainingshose-training\/","name":"Personalisiertes Trainingshose TRAINING","isPartOf":{"@id":"https:\/\/www.inverseteams.com\/de\/#website"},"primaryImageOfPage":{"@id":"https:\/\/www.inverseteams.com\/de\/produkt\/personalisiertes-trainingshose-training\/#primaryimage"},"image":{"@id":"https:\/\/www.inverseteams.com\/de\/produkt\/personalisiertes-trainingshose-training\/#primaryimage"},"thumbnailUrl":"https:\/\/www.inverseteams.com\/wp-content\/uploads\/PANTALON-CHANDAL-TRAINING-1-4.jpg","datePublished":"2021-05-10T09:19:34+00:00","dateModified":"2024-01-31T12:54:01+00:00","description":"Trainingshose aus HORIZON-Gewebe, das W\u00e4rme spendet und gleichzeitig sehr gut schwitzt. An den Seiten befinden sich 2 Rei\u00dfverschlusstaschen, die sehr praktisch sind, um Gegenst\u00e4nde sicher aufzubewahren. Am Ende des Beins befindet sich ein Gummizug, sodass das Kleidungsst\u00fcck perfekt am Kn\u00f6chel anliegt. Sie k\u00f6nnen die Vorderseite individuell gestalten. Der Rest der Strumpfhose ist immer schwarz.","breadcrumb":{"@id":"https:\/\/www.inverseteams.com\/de\/produkt\/personalisiertes-trainingshose-training\/#breadcrumb"},"inLanguage":"de","potentialAction":[{"@type":"ReadAction","target":["https:\/\/www.inverseteams.com\/de\/produkt\/personalisiertes-trainingshose-training\/"]}]},{"@type":"ImageObject","inLanguage":"de","@id":"https:\/\/www.inverseteams.com\/de\/produkt\/personalisiertes-trainingshose-training\/#primaryimage","url":"https:\/\/www.inverseteams.com\/wp-content\/uploads\/PANTALON-CHANDAL-TRAINING-1-4.jpg","contentUrl":"https:\/\/www.inverseteams.com\/wp-content\/uploads\/PANTALON-CHANDAL-TRAINING-1-4.jpg","width":3222,"height":3462,"caption":"PANTALON CHANDAL SUBLIMADO PERSONALIZADO"},{"@type":"BreadcrumbList","@id":"https:\/\/www.inverseteams.com\/de\/produkt\/personalisiertes-trainingshose-training\/#breadcrumb","itemListElement":[{"@type":"ListItem","position":1,"name":"Portada","item":"https:\/\/www.inverseteams.com\/de\/"},{"@type":"ListItem","position":2,"name":"Speichern","item":"https:\/\/www.inverseteams.com\/de\/speichern\/"},{"@type":"ListItem","position":3,"name":"Personalisiertes Trainingshose TRAINING"}]},{"@type":"WebSite","@id":"https:\/\/www.inverseteams.com\/de\/#website","url":"https:\/\/www.inverseteams.com\/de\/","name":"Inverseteams","description":"Tu marca de ropa deportiva personalizada","publisher":{"@id":"https:\/\/www.inverseteams.com\/de\/#organization"},"potentialAction":[{"@type":"SearchAction","target":{"@type":"EntryPoint","urlTemplate":"https:\/\/www.inverseteams.com\/de\/?s={search_term_string}"},"query-input":{"@type":"PropertyValueSpecification","valueRequired":true,"valueName":"search_term_string"}}],"inLanguage":"de"},{"@type":"Organization","@id":"https:\/\/www.inverseteams.com\/de\/#organization","name":"Inverse Teams","url":"https:\/\/www.inverseteams.com\/de\/","logo":{"@type":"ImageObject","inLanguage":"de","@id":"https:\/\/www.inverseteams.com\/de\/#\/schema\/logo\/image\/","url":"https:\/\/www.inverseteams.com\/wp-content\/uploads\/2021\/03\/logo-inverse-teams.png","contentUrl":"https:\/\/www.inverseteams.com\/wp-content\/uploads\/2021\/03\/logo-inverse-teams.png","width":294,"height":99,"caption":"Inverse Teams"},"image":{"@id":"https:\/\/www.inverseteams.com\/de\/#\/schema\/logo\/image\/"},"sameAs":["https:\/\/www.facebook.com\/inverseteams","http:\/\/instagram.com\/inverseteams","https:\/\/www.linkedin.com\/company\/inverse-cirosport-s-l-?trk=job_view_topcard_company_name","http:\/\/www.pinterest.com\/inverseteams\/","http:\/\/www.youtube.com\/user\/inverseteams?feature=watch"]}]}},"_links":{"self":[{"href":"https:\/\/www.inverseteams.com\/de\/wp-json\/wp\/v2\/product\/175744","targetHints":{"allow":["GET"]}}],"collection":[{"href":"https:\/\/www.inverseteams.com\/de\/wp-json\/wp\/v2\/product"}],"about":[{"href":"https:\/\/www.inverseteams.com\/de\/wp-json\/wp\/v2\/types\/product"}],"replies":[{"embeddable":true,"href":"https:\/\/www.inverseteams.com\/de\/wp-json\/wp\/v2\/comments?post=175744"}],"wp:featuredmedia":[{"embeddable":true,"href":"https:\/\/www.inverseteams.com\/de\/wp-json\/wp\/v2\/media\/164992"}],"wp:attachment":[{"href":"https:\/\/www.inverseteams.com\/de\/wp-json\/wp\/v2\/media?parent=175744"}],"wp:term":[{"taxonomy":"product_brand","embeddable":true,"href":"https:\/\/www.inverseteams.com\/de\/wp-json\/wp\/v2\/product_brand?post=175744"},{"taxonomy":"product_cat","embeddable":true,"href":"https:\/\/www.inverseteams.com\/de\/wp-json\/wp\/v2\/product_cat?post=175744"},{"taxonomy":"product_tag","embeddable":true,"href":"https:\/\/www.inverseteams.com\/de\/wp-json\/wp\/v2\/product_tag?post=175744"},{"taxonomy":"custom_category","embeddable":true,"href":"https:\/\/www.inverseteams.com\/de\/wp-json\/wp\/v2\/custom_category?post=175744"},{"taxonomy":"range","embeddable":true,"href":"https:\/\/www.inverseteams.com\/de\/wp-json\/wp\/v2\/range?post=175744"}],"curies":[{"name":"wp","href":"https:\/\/api.w.org\/{rel}","templated":true}]}}