{"id":174466,"date":"2022-12-13T13:24:39","date_gmt":"2022-12-13T13:30:41","guid":{"rendered":"https:\/\/www.inverseteams.com\/product\/arm-warmers\/"},"modified":"2024-02-05T15:24:57","modified_gmt":"2024-02-05T15:24:57","slug":"personalisiertes-armlinge","status":"publish","type":"product","link":"https:\/\/www.inverseteams.com\/de\/produkt\/personalisiertes-armlinge\/","title":{"rendered":"Personalisiertes Armlinge"},"content":{"rendered":"<p>Der Armw\u00e4rmer ist das ideale Zubeh\u00f6r, um die W\u00e4rme in Ihren Armen zu halten. Abh\u00e4ngig vom gew\u00e4hlten Stoff kann es unterschiedliche W\u00e4rmegrade liefern. Da es sehr eng ist, hilft es, die Muskelerm\u00fcdung im Arm zu verz\u00f6gern. An jedem Ende befindet sich ein hypoallergenes Silikonband, das verhindert, dass es sich verrutscht. Durch den Sublimationsprozess wird sichergestellt, dass die Farben bei Gebrauch und mit der Zeit nicht an Intensit\u00e4t verlieren. Bei der Individualisierung werden umweltfreundliche Farbstoffe verwendet.<\/p>\n","protected":false},"excerpt":{"rendered":"<p>Der Armw\u00e4rmer ist das ideale Zubeh\u00f6r, um die W\u00e4rme in Ihren Armen zu halten. Abh\u00e4ngig vom gew\u00e4hlten Stoff kann es unterschiedliche W\u00e4rmegrade liefern. Da es sehr eng ist, hilft es, die Muskelerm\u00fcdung im Arm zu verz\u00f6gern. An jedem Ende befindet sich ein hypoallergenes Silikonband, das verhindert, dass es sich verrutscht. Durch den Sublimationsprozess wird sichergestellt, dass die Farben bei Gebrauch und mit der Zeit nicht an Intensit\u00e4t verlieren. Bei der Individualisierung werden umweltfreundliche Farbstoffe verwendet.<\/p>\n","protected":false},"featured_media":160223,"comment_status":"closed","ping_status":"open","template":"","meta":{"_acf_changed":false},"product_brand":[],"product_cat":[11218],"product_tag":[],"custom_category":[11483,11240,11346],"range":[11484],"class_list":{"0":"post-174466","1":"product","2":"type-product","3":"status-publish","4":"has-post-thumbnail","6":"product_cat-uncategorized-de","7":"pa_climatologia-frio-de","8":"pa_climatologia-viento-de","9":"pa_deporte-ciclismo-de","10":"pa_deporte-trail-de","11":"pa_deporte-running-de","12":"pa_genero-hombre-de","13":"pa_genero-mujer-de","14":"pa_genero-infantil-de","15":"pa_patronaje-fit-de","16":"pa_tipo-de-prenda-manguitos-de","17":"custom_category-personalisierte-armlinge","18":"custom_category-sport","19":"custom_category-personalisiertes-sportzubehoer","20":"range-calentadores-de","22":"first","23":"instock","24":"product-type-custom"},"acf":[],"yoast_head":"<!-- This site is optimized with the Yoast SEO plugin v27.3 - https:\/\/yoast.com\/product\/yoast-seo-wordpress\/ -->\n<title>Personalisiertes Armlinge<\/title>\n<meta name=\"description\" content=\"Der Armw\u00e4rmer ist das ideale Zubeh\u00f6r, um die W\u00e4rme in Ihren Armen zu halten. Abh\u00e4ngig vom gew\u00e4hlten Stoff kann es unterschiedliche W\u00e4rmegrade liefern. Da es sehr eng ist, hilft es, die Muskelerm\u00fcdung im Arm zu verz\u00f6gern. An jedem Ende befindet sich ein hypoallergenes Silikonband, das verhindert, dass es sich verrutscht. Durch den Sublimationsprozess wird sichergestellt, dass die Farben bei Gebrauch und mit der Zeit nicht an Intensit\u00e4t verlieren. Bei der Individualisierung werden umweltfreundliche Farbstoffe verwendet.\" \/>\n<meta name=\"robots\" content=\"index, follow, max-snippet:-1, max-image-preview:large, max-video-preview:-1\" \/>\n<link rel=\"canonical\" href=\"https:\/\/www.inverseteams.com\/de\/produkt\/personalisiertes-armlinge\/\" \/>\n<meta property=\"og:locale\" content=\"de_DE\" \/>\n<meta property=\"og:type\" content=\"article\" \/>\n<meta property=\"og:title\" content=\"Personalisiertes Armlinge\" \/>\n<meta property=\"og:description\" content=\"Der Armw\u00e4rmer ist das ideale Zubeh\u00f6r, um die W\u00e4rme in Ihren Armen zu halten. Abh\u00e4ngig vom gew\u00e4hlten Stoff kann es unterschiedliche W\u00e4rmegrade liefern. Da es sehr eng ist, hilft es, die Muskelerm\u00fcdung im Arm zu verz\u00f6gern. An jedem Ende befindet sich ein hypoallergenes Silikonband, das verhindert, dass es sich verrutscht. Durch den Sublimationsprozess wird sichergestellt, dass die Farben bei Gebrauch und mit der Zeit nicht an Intensit\u00e4t verlieren. Bei der Individualisierung werden umweltfreundliche Farbstoffe verwendet.\" \/>\n<meta property=\"og:url\" content=\"https:\/\/www.inverseteams.com\/de\/produkt\/personalisiertes-armlinge\/\" \/>\n<meta property=\"og:site_name\" content=\"Inverseteams\" \/>\n<meta property=\"article:publisher\" content=\"https:\/\/www.facebook.com\/inverseteams\" \/>\n<meta property=\"article:modified_time\" content=\"2024-02-05T15:24:57+00:00\" \/>\n<meta property=\"og:image\" content=\"https:\/\/www.inverseteams.com\/wp-content\/uploads\/MANGUITOS-PERSONALIZABLES-1.jpg\" \/>\n\t<meta property=\"og:image:width\" content=\"3000\" \/>\n\t<meta property=\"og:image:height\" content=\"3223\" \/>\n\t<meta property=\"og:image:type\" content=\"image\/jpeg\" \/>\n<meta name=\"twitter:card\" content=\"summary_large_image\" \/>\n<meta name=\"twitter:label1\" content=\"Gesch\u00e4tzte Lesezeit\" \/>\n\t<meta name=\"twitter:data1\" content=\"1\u00a0Minute\" \/>\n<script type=\"application\/ld+json\" class=\"yoast-schema-graph\">{\"@context\":\"https:\\\/\\\/schema.org\",\"@graph\":[{\"@type\":\"WebPage\",\"@id\":\"https:\\\/\\\/www.inverseteams.com\\\/de\\\/produkt\\\/personalisiertes-armlinge\\\/\",\"url\":\"https:\\\/\\\/www.inverseteams.com\\\/de\\\/produkt\\\/personalisiertes-armlinge\\\/\",\"name\":\"Personalisiertes Armlinge\",\"isPartOf\":{\"@id\":\"https:\\\/\\\/www.inverseteams.com\\\/de\\\/#website\"},\"primaryImageOfPage\":{\"@id\":\"https:\\\/\\\/www.inverseteams.com\\\/de\\\/produkt\\\/personalisiertes-armlinge\\\/#primaryimage\"},\"image\":{\"@id\":\"https:\\\/\\\/www.inverseteams.com\\\/de\\\/produkt\\\/personalisiertes-armlinge\\\/#primaryimage\"},\"thumbnailUrl\":\"https:\\\/\\\/www.inverseteams.com\\\/wp-content\\\/uploads\\\/MANGUITOS-PERSONALIZABLES-1.jpg\",\"datePublished\":\"2022-12-13T13:30:41+00:00\",\"dateModified\":\"2024-02-05T15:24:57+00:00\",\"description\":\"Der Armw\u00e4rmer ist das ideale Zubeh\u00f6r, um die W\u00e4rme in Ihren Armen zu halten. Abh\u00e4ngig vom gew\u00e4hlten Stoff kann es unterschiedliche W\u00e4rmegrade liefern. Da es sehr eng ist, hilft es, die Muskelerm\u00fcdung im Arm zu verz\u00f6gern. An jedem Ende befindet sich ein hypoallergenes Silikonband, das verhindert, dass es sich verrutscht. Durch den Sublimationsprozess wird sichergestellt, dass die Farben bei Gebrauch und mit der Zeit nicht an Intensit\u00e4t verlieren. Bei der Individualisierung werden umweltfreundliche Farbstoffe verwendet.\",\"breadcrumb\":{\"@id\":\"https:\\\/\\\/www.inverseteams.com\\\/de\\\/produkt\\\/personalisiertes-armlinge\\\/#breadcrumb\"},\"inLanguage\":\"de\",\"potentialAction\":[{\"@type\":\"ReadAction\",\"target\":[\"https:\\\/\\\/www.inverseteams.com\\\/de\\\/produkt\\\/personalisiertes-armlinge\\\/\"]}]},{\"@type\":\"ImageObject\",\"inLanguage\":\"de\",\"@id\":\"https:\\\/\\\/www.inverseteams.com\\\/de\\\/produkt\\\/personalisiertes-armlinge\\\/#primaryimage\",\"url\":\"https:\\\/\\\/www.inverseteams.com\\\/wp-content\\\/uploads\\\/MANGUITOS-PERSONALIZABLES-1.jpg\",\"contentUrl\":\"https:\\\/\\\/www.inverseteams.com\\\/wp-content\\\/uploads\\\/MANGUITOS-PERSONALIZABLES-1.jpg\",\"width\":3000,\"height\":3223,\"caption\":\"Manguitos t\u00e9rmicos personalizados\"},{\"@type\":\"BreadcrumbList\",\"@id\":\"https:\\\/\\\/www.inverseteams.com\\\/de\\\/produkt\\\/personalisiertes-armlinge\\\/#breadcrumb\",\"itemListElement\":[{\"@type\":\"ListItem\",\"position\":1,\"name\":\"Portada\",\"item\":\"https:\\\/\\\/www.inverseteams.com\\\/de\\\/\"},{\"@type\":\"ListItem\",\"position\":2,\"name\":\"Speichern\",\"item\":\"https:\\\/\\\/www.inverseteams.com\\\/de\\\/speichern\\\/\"},{\"@type\":\"ListItem\",\"position\":3,\"name\":\"Personalisiertes Armlinge\"}]},{\"@type\":\"WebSite\",\"@id\":\"https:\\\/\\\/www.inverseteams.com\\\/de\\\/#website\",\"url\":\"https:\\\/\\\/www.inverseteams.com\\\/de\\\/\",\"name\":\"Inverseteams\",\"description\":\"Tu marca de ropa deportiva personalizada\",\"publisher\":{\"@id\":\"https:\\\/\\\/www.inverseteams.com\\\/de\\\/#organization\"},\"potentialAction\":[{\"@type\":\"SearchAction\",\"target\":{\"@type\":\"EntryPoint\",\"urlTemplate\":\"https:\\\/\\\/www.inverseteams.com\\\/de\\\/?s={search_term_string}\"},\"query-input\":{\"@type\":\"PropertyValueSpecification\",\"valueRequired\":true,\"valueName\":\"search_term_string\"}}],\"inLanguage\":\"de\"},{\"@type\":\"Organization\",\"@id\":\"https:\\\/\\\/www.inverseteams.com\\\/de\\\/#organization\",\"name\":\"Inverse Teams\",\"url\":\"https:\\\/\\\/www.inverseteams.com\\\/de\\\/\",\"logo\":{\"@type\":\"ImageObject\",\"inLanguage\":\"de\",\"@id\":\"https:\\\/\\\/www.inverseteams.com\\\/de\\\/#\\\/schema\\\/logo\\\/image\\\/\",\"url\":\"http:\\\/\\\/www.inverseteams.com\\\/wp-content\\\/uploads\\\/2021\\\/03\\\/logo-inverse-teams.png\",\"contentUrl\":\"http:\\\/\\\/www.inverseteams.com\\\/wp-content\\\/uploads\\\/2021\\\/03\\\/logo-inverse-teams.png\",\"width\":294,\"height\":99,\"caption\":\"Inverse Teams\"},\"image\":{\"@id\":\"https:\\\/\\\/www.inverseteams.com\\\/de\\\/#\\\/schema\\\/logo\\\/image\\\/\"},\"sameAs\":[\"https:\\\/\\\/www.facebook.com\\\/inverseteams\",\"http:\\\/\\\/instagram.com\\\/inverseteams\",\"https:\\\/\\\/www.linkedin.com\\\/company\\\/inverse-cirosport-s-l-?trk=job_view_topcard_company_name\",\"http:\\\/\\\/www.pinterest.com\\\/inverseteams\\\/\",\"http:\\\/\\\/www.youtube.com\\\/user\\\/inverseteams?feature=watch\"]}]}<\/script>\n<!-- \/ Yoast SEO plugin. -->","yoast_head_json":{"title":"Personalisiertes Armlinge","description":"Der Armw\u00e4rmer ist das ideale Zubeh\u00f6r, um die W\u00e4rme in Ihren Armen zu halten. Abh\u00e4ngig vom gew\u00e4hlten Stoff kann es unterschiedliche W\u00e4rmegrade liefern. Da es sehr eng ist, hilft es, die Muskelerm\u00fcdung im Arm zu verz\u00f6gern. An jedem Ende befindet sich ein hypoallergenes Silikonband, das verhindert, dass es sich verrutscht. Durch den Sublimationsprozess wird sichergestellt, dass die Farben bei Gebrauch und mit der Zeit nicht an Intensit\u00e4t verlieren. Bei der Individualisierung werden umweltfreundliche Farbstoffe verwendet.","robots":{"index":"index","follow":"follow","max-snippet":"max-snippet:-1","max-image-preview":"max-image-preview:large","max-video-preview":"max-video-preview:-1"},"canonical":"https:\/\/www.inverseteams.com\/de\/produkt\/personalisiertes-armlinge\/","og_locale":"de_DE","og_type":"article","og_title":"Personalisiertes Armlinge","og_description":"Der Armw\u00e4rmer ist das ideale Zubeh\u00f6r, um die W\u00e4rme in Ihren Armen zu halten. Abh\u00e4ngig vom gew\u00e4hlten Stoff kann es unterschiedliche W\u00e4rmegrade liefern. Da es sehr eng ist, hilft es, die Muskelerm\u00fcdung im Arm zu verz\u00f6gern. An jedem Ende befindet sich ein hypoallergenes Silikonband, das verhindert, dass es sich verrutscht. Durch den Sublimationsprozess wird sichergestellt, dass die Farben bei Gebrauch und mit der Zeit nicht an Intensit\u00e4t verlieren. Bei der Individualisierung werden umweltfreundliche Farbstoffe verwendet.","og_url":"https:\/\/www.inverseteams.com\/de\/produkt\/personalisiertes-armlinge\/","og_site_name":"Inverseteams","article_publisher":"https:\/\/www.facebook.com\/inverseteams","article_modified_time":"2024-02-05T15:24:57+00:00","og_image":[{"width":3000,"height":3223,"url":"https:\/\/www.inverseteams.com\/wp-content\/uploads\/MANGUITOS-PERSONALIZABLES-1.jpg","type":"image\/jpeg"}],"twitter_card":"summary_large_image","twitter_misc":{"Gesch\u00e4tzte Lesezeit":"1\u00a0Minute"},"schema":{"@context":"https:\/\/schema.org","@graph":[{"@type":"WebPage","@id":"https:\/\/www.inverseteams.com\/de\/produkt\/personalisiertes-armlinge\/","url":"https:\/\/www.inverseteams.com\/de\/produkt\/personalisiertes-armlinge\/","name":"Personalisiertes Armlinge","isPartOf":{"@id":"https:\/\/www.inverseteams.com\/de\/#website"},"primaryImageOfPage":{"@id":"https:\/\/www.inverseteams.com\/de\/produkt\/personalisiertes-armlinge\/#primaryimage"},"image":{"@id":"https:\/\/www.inverseteams.com\/de\/produkt\/personalisiertes-armlinge\/#primaryimage"},"thumbnailUrl":"https:\/\/www.inverseteams.com\/wp-content\/uploads\/MANGUITOS-PERSONALIZABLES-1.jpg","datePublished":"2022-12-13T13:30:41+00:00","dateModified":"2024-02-05T15:24:57+00:00","description":"Der Armw\u00e4rmer ist das ideale Zubeh\u00f6r, um die W\u00e4rme in Ihren Armen zu halten. Abh\u00e4ngig vom gew\u00e4hlten Stoff kann es unterschiedliche W\u00e4rmegrade liefern. Da es sehr eng ist, hilft es, die Muskelerm\u00fcdung im Arm zu verz\u00f6gern. An jedem Ende befindet sich ein hypoallergenes Silikonband, das verhindert, dass es sich verrutscht. Durch den Sublimationsprozess wird sichergestellt, dass die Farben bei Gebrauch und mit der Zeit nicht an Intensit\u00e4t verlieren. Bei der Individualisierung werden umweltfreundliche Farbstoffe verwendet.","breadcrumb":{"@id":"https:\/\/www.inverseteams.com\/de\/produkt\/personalisiertes-armlinge\/#breadcrumb"},"inLanguage":"de","potentialAction":[{"@type":"ReadAction","target":["https:\/\/www.inverseteams.com\/de\/produkt\/personalisiertes-armlinge\/"]}]},{"@type":"ImageObject","inLanguage":"de","@id":"https:\/\/www.inverseteams.com\/de\/produkt\/personalisiertes-armlinge\/#primaryimage","url":"https:\/\/www.inverseteams.com\/wp-content\/uploads\/MANGUITOS-PERSONALIZABLES-1.jpg","contentUrl":"https:\/\/www.inverseteams.com\/wp-content\/uploads\/MANGUITOS-PERSONALIZABLES-1.jpg","width":3000,"height":3223,"caption":"Manguitos t\u00e9rmicos personalizados"},{"@type":"BreadcrumbList","@id":"https:\/\/www.inverseteams.com\/de\/produkt\/personalisiertes-armlinge\/#breadcrumb","itemListElement":[{"@type":"ListItem","position":1,"name":"Portada","item":"https:\/\/www.inverseteams.com\/de\/"},{"@type":"ListItem","position":2,"name":"Speichern","item":"https:\/\/www.inverseteams.com\/de\/speichern\/"},{"@type":"ListItem","position":3,"name":"Personalisiertes Armlinge"}]},{"@type":"WebSite","@id":"https:\/\/www.inverseteams.com\/de\/#website","url":"https:\/\/www.inverseteams.com\/de\/","name":"Inverseteams","description":"Tu marca de ropa deportiva personalizada","publisher":{"@id":"https:\/\/www.inverseteams.com\/de\/#organization"},"potentialAction":[{"@type":"SearchAction","target":{"@type":"EntryPoint","urlTemplate":"https:\/\/www.inverseteams.com\/de\/?s={search_term_string}"},"query-input":{"@type":"PropertyValueSpecification","valueRequired":true,"valueName":"search_term_string"}}],"inLanguage":"de"},{"@type":"Organization","@id":"https:\/\/www.inverseteams.com\/de\/#organization","name":"Inverse Teams","url":"https:\/\/www.inverseteams.com\/de\/","logo":{"@type":"ImageObject","inLanguage":"de","@id":"https:\/\/www.inverseteams.com\/de\/#\/schema\/logo\/image\/","url":"https:\/\/www.inverseteams.com\/wp-content\/uploads\/2021\/03\/logo-inverse-teams.png","contentUrl":"https:\/\/www.inverseteams.com\/wp-content\/uploads\/2021\/03\/logo-inverse-teams.png","width":294,"height":99,"caption":"Inverse Teams"},"image":{"@id":"https:\/\/www.inverseteams.com\/de\/#\/schema\/logo\/image\/"},"sameAs":["https:\/\/www.facebook.com\/inverseteams","http:\/\/instagram.com\/inverseteams","https:\/\/www.linkedin.com\/company\/inverse-cirosport-s-l-?trk=job_view_topcard_company_name","http:\/\/www.pinterest.com\/inverseteams\/","http:\/\/www.youtube.com\/user\/inverseteams?feature=watch"]}]}},"_links":{"self":[{"href":"https:\/\/www.inverseteams.com\/de\/wp-json\/wp\/v2\/product\/174466","targetHints":{"allow":["GET"]}}],"collection":[{"href":"https:\/\/www.inverseteams.com\/de\/wp-json\/wp\/v2\/product"}],"about":[{"href":"https:\/\/www.inverseteams.com\/de\/wp-json\/wp\/v2\/types\/product"}],"replies":[{"embeddable":true,"href":"https:\/\/www.inverseteams.com\/de\/wp-json\/wp\/v2\/comments?post=174466"}],"wp:featuredmedia":[{"embeddable":true,"href":"https:\/\/www.inverseteams.com\/de\/wp-json\/wp\/v2\/media\/160223"}],"wp:attachment":[{"href":"https:\/\/www.inverseteams.com\/de\/wp-json\/wp\/v2\/media?parent=174466"}],"wp:term":[{"taxonomy":"product_brand","embeddable":true,"href":"https:\/\/www.inverseteams.com\/de\/wp-json\/wp\/v2\/product_brand?post=174466"},{"taxonomy":"product_cat","embeddable":true,"href":"https:\/\/www.inverseteams.com\/de\/wp-json\/wp\/v2\/product_cat?post=174466"},{"taxonomy":"product_tag","embeddable":true,"href":"https:\/\/www.inverseteams.com\/de\/wp-json\/wp\/v2\/product_tag?post=174466"},{"taxonomy":"custom_category","embeddable":true,"href":"https:\/\/www.inverseteams.com\/de\/wp-json\/wp\/v2\/custom_category?post=174466"},{"taxonomy":"range","embeddable":true,"href":"https:\/\/www.inverseteams.com\/de\/wp-json\/wp\/v2\/range?post=174466"}],"curies":[{"name":"wp","href":"https:\/\/api.w.org\/{rel}","templated":true}]}}