{"id":174441,"date":"2021-10-05T09:46:26","date_gmt":"2021-10-05T09:51:11","guid":{"rendered":"https:\/\/www.inverseteams.com\/product\/warming-tights-kairos\/"},"modified":"2024-12-12T12:25:30","modified_gmt":"2024-12-12T12:25:30","slug":"personalisiertes-waermende-hose-kairos","status":"publish","type":"product","link":"https:\/\/www.inverseteams.com\/de\/produkt\/personalisiertes-waermende-hose-kairos\/","title":{"rendered":"Personalisiertes W\u00e4rmende Hose KAIROS"},"content":{"rendered":"<p>Es verf\u00fcgt \u00fcber einen Rei\u00dfverschluss an jeder Seite, sodass Sie es einfach und schnell entfernen k\u00f6nnen.<br \/>\nDer hintere Bereich besteht aus einem nicht sublimierten Stoff, der sehr pillingbest\u00e4ndig ist. In der Taille befindet sich ein Kordelzug, sodass Sie die Passform regulieren k\u00f6nnen.<br \/>\nAufw\u00e4rmhosen k\u00f6nnen aus LYCRA SPORT oder SUPER ROUBAIX hergestellt werden, falls Sie eine bessere W\u00e4rmeisolierung w\u00fcnschen.<\/p>\n","protected":false},"excerpt":{"rendered":"<p>Es verf\u00fcgt \u00fcber einen Rei\u00dfverschluss an jeder Seite, sodass Sie es einfach und schnell entfernen k\u00f6nnen.<br \/>\nDer hintere Bereich besteht aus einem nicht sublimierten Stoff, der sehr pillingbest\u00e4ndig ist. In der Taille befindet sich ein Kordelzug, sodass Sie die Passform regulieren k\u00f6nnen.<br \/>\nAufw\u00e4rmhosen k\u00f6nnen aus LYCRA SPORT oder SUPER ROUBAIX hergestellt werden, falls Sie eine bessere W\u00e4rmeisolierung w\u00fcnschen.<\/p>\n","protected":false},"featured_media":223733,"comment_status":"closed","ping_status":"closed","template":"","meta":{"_acf_changed":false},"product_brand":[],"product_cat":[11218],"product_tag":[],"custom_category":[11237,11240,11290],"range":[11256],"class_list":{"0":"post-174441","1":"product","2":"type-product","3":"status-publish","4":"has-post-thumbnail","6":"product_cat-uncategorized-de","7":"pa_climatologia-frio-de","8":"pa_climatologia-temperatura-templada-de","9":"pa_deporte-ciclismo-de","10":"pa_genero-hombre-de","11":"pa_genero-mujer-de","12":"pa_patronaje-regular-de","13":"pa_tipo-de-prenda-pantalon-de","14":"custom_category-personalisierte-fahrradbekleidung","15":"custom_category-sport","16":"custom_category-personalisierte-radeinteiler","17":"range-kairos-de","19":"first","20":"instock","21":"product-type-custom"},"acf":[],"yoast_head":"<!-- This site is optimized with the Yoast SEO plugin v27.5 - https:\/\/yoast.com\/product\/yoast-seo-wordpress\/ -->\n<title>Personalisiertes W\u00e4rmende Hose KAIROS<\/title>\n<meta name=\"description\" content=\"Es verf\u00fcgt \u00fcber einen Rei\u00dfverschluss an jeder Seite, sodass Sie es einfach und schnell entfernen k\u00f6nnen. Der hintere Bereich besteht aus einem nicht sublimierten Stoff, der sehr pillingbest\u00e4ndig ist. In der Taille befindet sich ein Kordelzug, sodass Sie die Passform regulieren k\u00f6nnen. Aufw\u00e4rmhosen k\u00f6nnen aus LYCRA SPORT oder SUPER ROUBAIX hergestellt werden, falls Sie eine bessere W\u00e4rmeisolierung w\u00fcnschen.\" \/>\n<meta name=\"robots\" content=\"index, follow, max-snippet:-1, max-image-preview:large, max-video-preview:-1\" \/>\n<link rel=\"canonical\" href=\"https:\/\/www.inverseteams.com\/de\/produkt\/personalisiertes-waermende-hose-kairos\/\" \/>\n<meta property=\"og:locale\" content=\"de_DE\" \/>\n<meta property=\"og:type\" content=\"article\" \/>\n<meta property=\"og:title\" content=\"Personalisiertes W\u00e4rmende Hose KAIROS\" \/>\n<meta property=\"og:description\" content=\"Es verf\u00fcgt \u00fcber einen Rei\u00dfverschluss an jeder Seite, sodass Sie es einfach und schnell entfernen k\u00f6nnen. Der hintere Bereich besteht aus einem nicht sublimierten Stoff, der sehr pillingbest\u00e4ndig ist. In der Taille befindet sich ein Kordelzug, sodass Sie die Passform regulieren k\u00f6nnen. Aufw\u00e4rmhosen k\u00f6nnen aus LYCRA SPORT oder SUPER ROUBAIX hergestellt werden, falls Sie eine bessere W\u00e4rmeisolierung w\u00fcnschen.\" \/>\n<meta property=\"og:url\" content=\"https:\/\/www.inverseteams.com\/de\/produkt\/personalisiertes-waermende-hose-kairos\/\" \/>\n<meta property=\"og:site_name\" content=\"Inverseteams\" \/>\n<meta property=\"article:publisher\" content=\"https:\/\/www.facebook.com\/inverseteams\" \/>\n<meta property=\"article:modified_time\" content=\"2024-12-12T12:25:30+00:00\" \/>\n<meta property=\"og:image\" content=\"https:\/\/www.inverseteams.com\/wp-content\/uploads\/PANTALON-CALENTAMIENTO-PERSONALIZADO-KAIROS-1.jpg\" \/>\n\t<meta property=\"og:image:width\" content=\"1500\" \/>\n\t<meta property=\"og:image:height\" content=\"1612\" \/>\n\t<meta property=\"og:image:type\" content=\"image\/jpeg\" \/>\n<meta name=\"twitter:card\" content=\"summary_large_image\" \/>\n<meta name=\"twitter:label1\" content=\"Gesch\u00e4tzte Lesezeit\" \/>\n\t<meta name=\"twitter:data1\" content=\"1\u00a0Minute\" \/>\n<script type=\"application\/ld+json\" class=\"yoast-schema-graph\">{\"@context\":\"https:\\\/\\\/schema.org\",\"@graph\":[{\"@type\":\"WebPage\",\"@id\":\"https:\\\/\\\/www.inverseteams.com\\\/de\\\/produkt\\\/personalisiertes-waermende-hose-kairos\\\/\",\"url\":\"https:\\\/\\\/www.inverseteams.com\\\/de\\\/produkt\\\/personalisiertes-waermende-hose-kairos\\\/\",\"name\":\"Personalisiertes W\u00e4rmende Hose KAIROS\",\"isPartOf\":{\"@id\":\"https:\\\/\\\/www.inverseteams.com\\\/de\\\/#website\"},\"primaryImageOfPage\":{\"@id\":\"https:\\\/\\\/www.inverseteams.com\\\/de\\\/produkt\\\/personalisiertes-waermende-hose-kairos\\\/#primaryimage\"},\"image\":{\"@id\":\"https:\\\/\\\/www.inverseteams.com\\\/de\\\/produkt\\\/personalisiertes-waermende-hose-kairos\\\/#primaryimage\"},\"thumbnailUrl\":\"https:\\\/\\\/www.inverseteams.com\\\/wp-content\\\/uploads\\\/PANTALON-CALENTAMIENTO-PERSONALIZADO-KAIROS-1.jpg\",\"datePublished\":\"2021-10-05T09:51:11+00:00\",\"dateModified\":\"2024-12-12T12:25:30+00:00\",\"description\":\"Es verf\u00fcgt \u00fcber einen Rei\u00dfverschluss an jeder Seite, sodass Sie es einfach und schnell entfernen k\u00f6nnen. Der hintere Bereich besteht aus einem nicht sublimierten Stoff, der sehr pillingbest\u00e4ndig ist. In der Taille befindet sich ein Kordelzug, sodass Sie die Passform regulieren k\u00f6nnen. Aufw\u00e4rmhosen k\u00f6nnen aus LYCRA SPORT oder SUPER ROUBAIX hergestellt werden, falls Sie eine bessere W\u00e4rmeisolierung w\u00fcnschen.\",\"breadcrumb\":{\"@id\":\"https:\\\/\\\/www.inverseteams.com\\\/de\\\/produkt\\\/personalisiertes-waermende-hose-kairos\\\/#breadcrumb\"},\"inLanguage\":\"de\",\"potentialAction\":[{\"@type\":\"ReadAction\",\"target\":[\"https:\\\/\\\/www.inverseteams.com\\\/de\\\/produkt\\\/personalisiertes-waermende-hose-kairos\\\/\"]}]},{\"@type\":\"ImageObject\",\"inLanguage\":\"de\",\"@id\":\"https:\\\/\\\/www.inverseteams.com\\\/de\\\/produkt\\\/personalisiertes-waermende-hose-kairos\\\/#primaryimage\",\"url\":\"https:\\\/\\\/www.inverseteams.com\\\/wp-content\\\/uploads\\\/PANTALON-CALENTAMIENTO-PERSONALIZADO-KAIROS-1.jpg\",\"contentUrl\":\"https:\\\/\\\/www.inverseteams.com\\\/wp-content\\\/uploads\\\/PANTALON-CALENTAMIENTO-PERSONALIZADO-KAIROS-1.jpg\",\"width\":1500,\"height\":1612,\"caption\":\"pantalon ciclocross calentamiento personalizado\"},{\"@type\":\"BreadcrumbList\",\"@id\":\"https:\\\/\\\/www.inverseteams.com\\\/de\\\/produkt\\\/personalisiertes-waermende-hose-kairos\\\/#breadcrumb\",\"itemListElement\":[{\"@type\":\"ListItem\",\"position\":1,\"name\":\"Portada\",\"item\":\"https:\\\/\\\/www.inverseteams.com\\\/de\\\/\"},{\"@type\":\"ListItem\",\"position\":2,\"name\":\"Speichern\",\"item\":\"https:\\\/\\\/www.inverseteams.com\\\/de\\\/speichern\\\/\"},{\"@type\":\"ListItem\",\"position\":3,\"name\":\"Personalisiertes W\u00e4rmende Hose KAIROS\"}]},{\"@type\":\"WebSite\",\"@id\":\"https:\\\/\\\/www.inverseteams.com\\\/de\\\/#website\",\"url\":\"https:\\\/\\\/www.inverseteams.com\\\/de\\\/\",\"name\":\"Inverseteams\",\"description\":\"Tu marca de ropa deportiva personalizada\",\"publisher\":{\"@id\":\"https:\\\/\\\/www.inverseteams.com\\\/de\\\/#organization\"},\"potentialAction\":[{\"@type\":\"SearchAction\",\"target\":{\"@type\":\"EntryPoint\",\"urlTemplate\":\"https:\\\/\\\/www.inverseteams.com\\\/de\\\/?s={search_term_string}\"},\"query-input\":{\"@type\":\"PropertyValueSpecification\",\"valueRequired\":true,\"valueName\":\"search_term_string\"}}],\"inLanguage\":\"de\"},{\"@type\":\"Organization\",\"@id\":\"https:\\\/\\\/www.inverseteams.com\\\/de\\\/#organization\",\"name\":\"Inverse Teams\",\"url\":\"https:\\\/\\\/www.inverseteams.com\\\/de\\\/\",\"logo\":{\"@type\":\"ImageObject\",\"inLanguage\":\"de\",\"@id\":\"https:\\\/\\\/www.inverseteams.com\\\/de\\\/#\\\/schema\\\/logo\\\/image\\\/\",\"url\":\"https:\\\/\\\/www.inverseteams.com\\\/wp-content\\\/uploads\\\/2021\\\/03\\\/logo-inverse-teams.png\",\"contentUrl\":\"https:\\\/\\\/www.inverseteams.com\\\/wp-content\\\/uploads\\\/2021\\\/03\\\/logo-inverse-teams.png\",\"width\":294,\"height\":99,\"caption\":\"Inverse Teams\"},\"image\":{\"@id\":\"https:\\\/\\\/www.inverseteams.com\\\/de\\\/#\\\/schema\\\/logo\\\/image\\\/\"},\"sameAs\":[\"https:\\\/\\\/www.facebook.com\\\/inverseteams\",\"http:\\\/\\\/instagram.com\\\/inverseteams\",\"https:\\\/\\\/www.linkedin.com\\\/company\\\/inverse-cirosport-s-l-?trk=job_view_topcard_company_name\",\"http:\\\/\\\/www.pinterest.com\\\/inverseteams\\\/\",\"http:\\\/\\\/www.youtube.com\\\/user\\\/inverseteams?feature=watch\"]}]}<\/script>\n<!-- \/ Yoast SEO plugin. -->","yoast_head_json":{"title":"Personalisiertes W\u00e4rmende Hose KAIROS","description":"Es verf\u00fcgt \u00fcber einen Rei\u00dfverschluss an jeder Seite, sodass Sie es einfach und schnell entfernen k\u00f6nnen. Der hintere Bereich besteht aus einem nicht sublimierten Stoff, der sehr pillingbest\u00e4ndig ist. In der Taille befindet sich ein Kordelzug, sodass Sie die Passform regulieren k\u00f6nnen. Aufw\u00e4rmhosen k\u00f6nnen aus LYCRA SPORT oder SUPER ROUBAIX hergestellt werden, falls Sie eine bessere W\u00e4rmeisolierung w\u00fcnschen.","robots":{"index":"index","follow":"follow","max-snippet":"max-snippet:-1","max-image-preview":"max-image-preview:large","max-video-preview":"max-video-preview:-1"},"canonical":"https:\/\/www.inverseteams.com\/de\/produkt\/personalisiertes-waermende-hose-kairos\/","og_locale":"de_DE","og_type":"article","og_title":"Personalisiertes W\u00e4rmende Hose KAIROS","og_description":"Es verf\u00fcgt \u00fcber einen Rei\u00dfverschluss an jeder Seite, sodass Sie es einfach und schnell entfernen k\u00f6nnen. Der hintere Bereich besteht aus einem nicht sublimierten Stoff, der sehr pillingbest\u00e4ndig ist. In der Taille befindet sich ein Kordelzug, sodass Sie die Passform regulieren k\u00f6nnen. Aufw\u00e4rmhosen k\u00f6nnen aus LYCRA SPORT oder SUPER ROUBAIX hergestellt werden, falls Sie eine bessere W\u00e4rmeisolierung w\u00fcnschen.","og_url":"https:\/\/www.inverseteams.com\/de\/produkt\/personalisiertes-waermende-hose-kairos\/","og_site_name":"Inverseteams","article_publisher":"https:\/\/www.facebook.com\/inverseteams","article_modified_time":"2024-12-12T12:25:30+00:00","og_image":[{"width":1500,"height":1612,"url":"https:\/\/www.inverseteams.com\/wp-content\/uploads\/PANTALON-CALENTAMIENTO-PERSONALIZADO-KAIROS-1.jpg","type":"image\/jpeg"}],"twitter_card":"summary_large_image","twitter_misc":{"Gesch\u00e4tzte Lesezeit":"1\u00a0Minute"},"schema":{"@context":"https:\/\/schema.org","@graph":[{"@type":"WebPage","@id":"https:\/\/www.inverseteams.com\/de\/produkt\/personalisiertes-waermende-hose-kairos\/","url":"https:\/\/www.inverseteams.com\/de\/produkt\/personalisiertes-waermende-hose-kairos\/","name":"Personalisiertes W\u00e4rmende Hose KAIROS","isPartOf":{"@id":"https:\/\/www.inverseteams.com\/de\/#website"},"primaryImageOfPage":{"@id":"https:\/\/www.inverseteams.com\/de\/produkt\/personalisiertes-waermende-hose-kairos\/#primaryimage"},"image":{"@id":"https:\/\/www.inverseteams.com\/de\/produkt\/personalisiertes-waermende-hose-kairos\/#primaryimage"},"thumbnailUrl":"https:\/\/www.inverseteams.com\/wp-content\/uploads\/PANTALON-CALENTAMIENTO-PERSONALIZADO-KAIROS-1.jpg","datePublished":"2021-10-05T09:51:11+00:00","dateModified":"2024-12-12T12:25:30+00:00","description":"Es verf\u00fcgt \u00fcber einen Rei\u00dfverschluss an jeder Seite, sodass Sie es einfach und schnell entfernen k\u00f6nnen. Der hintere Bereich besteht aus einem nicht sublimierten Stoff, der sehr pillingbest\u00e4ndig ist. In der Taille befindet sich ein Kordelzug, sodass Sie die Passform regulieren k\u00f6nnen. Aufw\u00e4rmhosen k\u00f6nnen aus LYCRA SPORT oder SUPER ROUBAIX hergestellt werden, falls Sie eine bessere W\u00e4rmeisolierung w\u00fcnschen.","breadcrumb":{"@id":"https:\/\/www.inverseteams.com\/de\/produkt\/personalisiertes-waermende-hose-kairos\/#breadcrumb"},"inLanguage":"de","potentialAction":[{"@type":"ReadAction","target":["https:\/\/www.inverseteams.com\/de\/produkt\/personalisiertes-waermende-hose-kairos\/"]}]},{"@type":"ImageObject","inLanguage":"de","@id":"https:\/\/www.inverseteams.com\/de\/produkt\/personalisiertes-waermende-hose-kairos\/#primaryimage","url":"https:\/\/www.inverseteams.com\/wp-content\/uploads\/PANTALON-CALENTAMIENTO-PERSONALIZADO-KAIROS-1.jpg","contentUrl":"https:\/\/www.inverseteams.com\/wp-content\/uploads\/PANTALON-CALENTAMIENTO-PERSONALIZADO-KAIROS-1.jpg","width":1500,"height":1612,"caption":"pantalon ciclocross calentamiento personalizado"},{"@type":"BreadcrumbList","@id":"https:\/\/www.inverseteams.com\/de\/produkt\/personalisiertes-waermende-hose-kairos\/#breadcrumb","itemListElement":[{"@type":"ListItem","position":1,"name":"Portada","item":"https:\/\/www.inverseteams.com\/de\/"},{"@type":"ListItem","position":2,"name":"Speichern","item":"https:\/\/www.inverseteams.com\/de\/speichern\/"},{"@type":"ListItem","position":3,"name":"Personalisiertes W\u00e4rmende Hose KAIROS"}]},{"@type":"WebSite","@id":"https:\/\/www.inverseteams.com\/de\/#website","url":"https:\/\/www.inverseteams.com\/de\/","name":"Inverseteams","description":"Tu marca de ropa deportiva personalizada","publisher":{"@id":"https:\/\/www.inverseteams.com\/de\/#organization"},"potentialAction":[{"@type":"SearchAction","target":{"@type":"EntryPoint","urlTemplate":"https:\/\/www.inverseteams.com\/de\/?s={search_term_string}"},"query-input":{"@type":"PropertyValueSpecification","valueRequired":true,"valueName":"search_term_string"}}],"inLanguage":"de"},{"@type":"Organization","@id":"https:\/\/www.inverseteams.com\/de\/#organization","name":"Inverse Teams","url":"https:\/\/www.inverseteams.com\/de\/","logo":{"@type":"ImageObject","inLanguage":"de","@id":"https:\/\/www.inverseteams.com\/de\/#\/schema\/logo\/image\/","url":"https:\/\/www.inverseteams.com\/wp-content\/uploads\/2021\/03\/logo-inverse-teams.png","contentUrl":"https:\/\/www.inverseteams.com\/wp-content\/uploads\/2021\/03\/logo-inverse-teams.png","width":294,"height":99,"caption":"Inverse Teams"},"image":{"@id":"https:\/\/www.inverseteams.com\/de\/#\/schema\/logo\/image\/"},"sameAs":["https:\/\/www.facebook.com\/inverseteams","http:\/\/instagram.com\/inverseteams","https:\/\/www.linkedin.com\/company\/inverse-cirosport-s-l-?trk=job_view_topcard_company_name","http:\/\/www.pinterest.com\/inverseteams\/","http:\/\/www.youtube.com\/user\/inverseteams?feature=watch"]}]}},"_links":{"self":[{"href":"https:\/\/www.inverseteams.com\/de\/wp-json\/wp\/v2\/product\/174441","targetHints":{"allow":["GET"]}}],"collection":[{"href":"https:\/\/www.inverseteams.com\/de\/wp-json\/wp\/v2\/product"}],"about":[{"href":"https:\/\/www.inverseteams.com\/de\/wp-json\/wp\/v2\/types\/product"}],"replies":[{"embeddable":true,"href":"https:\/\/www.inverseteams.com\/de\/wp-json\/wp\/v2\/comments?post=174441"}],"wp:featuredmedia":[{"embeddable":true,"href":"https:\/\/www.inverseteams.com\/de\/wp-json\/wp\/v2\/media\/223733"}],"wp:attachment":[{"href":"https:\/\/www.inverseteams.com\/de\/wp-json\/wp\/v2\/media?parent=174441"}],"wp:term":[{"taxonomy":"product_brand","embeddable":true,"href":"https:\/\/www.inverseteams.com\/de\/wp-json\/wp\/v2\/product_brand?post=174441"},{"taxonomy":"product_cat","embeddable":true,"href":"https:\/\/www.inverseteams.com\/de\/wp-json\/wp\/v2\/product_cat?post=174441"},{"taxonomy":"product_tag","embeddable":true,"href":"https:\/\/www.inverseteams.com\/de\/wp-json\/wp\/v2\/product_tag?post=174441"},{"taxonomy":"custom_category","embeddable":true,"href":"https:\/\/www.inverseteams.com\/de\/wp-json\/wp\/v2\/custom_category?post=174441"},{"taxonomy":"range","embeddable":true,"href":"https:\/\/www.inverseteams.com\/de\/wp-json\/wp\/v2\/range?post=174441"}],"curies":[{"name":"wp","href":"https:\/\/api.w.org\/{rel}","templated":true}]}}