{"id":174419,"date":"2023-04-19T12:39:58","date_gmt":"2023-04-19T09:42:33","guid":{"rendered":"https:\/\/www.inverseteams.com\/product\/sweatshirt-toulouse\/"},"modified":"2025-05-22T00:02:00","modified_gmt":"2025-05-22T00:02:00","slug":"sweatshirt-toulouse","status":"publish","type":"product","link":"https:\/\/www.inverseteams.com\/de\/produkt\/sweatshirt-toulouse\/","title":{"rendered":"Sweatshirt TOULOUSE"},"content":{"rendered":"<p>Mit seiner weichen und sehr angenehmen Haptik ist es das ideale Sweatshirt f\u00fcr k\u00fchle Tage. Die ESSENSE\u2122-Technologie des Stoffes erm\u00f6glicht dank seiner guten Atmungsaktivit\u00e4t das Tragen sowohl beim Spaziergang als auch beim Sport.<br \/>\nDurch den elastischen Bund an der Taille passt sich das Kleidungsst\u00fcck perfekt an den K\u00f6rper an und verhindert das Eindringen von Luft und W\u00e4rmeverlust. Auf der Brust und im Lendenbereich befindet sich eine Rei\u00dfverschlusstasche aus abriebfestem und abriebfestem Stoff.<\/p>\n","protected":false},"excerpt":{"rendered":"<p>Mit seiner weichen und sehr angenehmen Haptik ist es das ideale Sweatshirt f\u00fcr k\u00fchle Tage. Die ESSENSE\u2122-Technologie des Stoffes erm\u00f6glicht dank seiner guten Atmungsaktivit\u00e4t das Tragen sowohl beim Spaziergang als auch beim Sport.<br \/>\nDurch den elastischen Bund an der Taille passt sich das Kleidungsst\u00fcck perfekt an den K\u00f6rper an und verhindert das Eindringen von Luft und W\u00e4rmeverlust. Auf der Brust und im Lendenbereich befindet sich eine Rei\u00dfverschlusstasche aus abriebfestem und abriebfestem Stoff.<\/p>\n","protected":false},"featured_media":162299,"comment_status":"closed","ping_status":"closed","template":"","meta":{"_acf_changed":false},"product_brand":[],"product_cat":[11153,11258,11467],"product_tag":[],"custom_category":[],"range":[],"class_list":{"0":"post-174419","1":"product","2":"type-product","3":"status-publish","4":"has-post-thumbnail","6":"product_cat-b2b-de","7":"product_cat-gravel-de","8":"product_cat-kapuzenpullover-de","9":"pa_climatologia-temperatura-templada-de","10":"pa_climatologia-frio-de","11":"pa_deporte-lifestyle-de","12":"pa_genero-hombre-de","13":"pa_patronaje-casual-de","14":"pa_talla-s-de","15":"pa_talla-3xl-de","16":"pa_talla-m-de","17":"pa_talla-l-de","18":"pa_talla-xl-de","19":"pa_talla-xxl-de","20":"pa_tipo-de-prenda-sudadera-de","22":"first","23":"outofstock","24":"taxable","25":"shipping-taxable","26":"product-type-variable","27":"has-default-attributes"},"acf":[],"yoast_head":"<!-- This site is optimized with the Yoast SEO plugin v27.3 - https:\/\/yoast.com\/product\/yoast-seo-wordpress\/ -->\n<title>Sweatshirt TOULOUSE | Inverseteams<\/title>\n<meta name=\"description\" content=\"Mit seiner weichen und sehr angenehmen Haptik ist es das ideale Sweatshirt f\u00fcr k\u00fchle Tage. Die ESSENSE\u2122-Technologie des Stoffes erm\u00f6glicht dank seiner guten Atmungsaktivit\u00e4t das Tragen sowohl beim Spaziergang als auch beim Sport. Durch den elastischen Bund an der Taille passt sich das Kleidungsst\u00fcck perfekt an den K\u00f6rper an und verhindert das Eindringen von Luft und W\u00e4rmeverlust. Auf der Brust und im Lendenbereich befindet sich eine Rei\u00dfverschlusstasche aus abriebfestem und abriebfestem Stoff.\" \/>\n<meta name=\"robots\" content=\"index, follow, max-snippet:-1, max-image-preview:large, max-video-preview:-1\" \/>\n<link rel=\"canonical\" href=\"https:\/\/www.inverseteams.com\/de\/produkt\/sweatshirt-toulouse\/\" \/>\n<meta property=\"og:locale\" content=\"de_DE\" \/>\n<meta property=\"og:type\" content=\"article\" \/>\n<meta property=\"og:title\" content=\"Sweatshirt TOULOUSE | Inverseteams\" \/>\n<meta property=\"og:description\" content=\"Mit seiner weichen und sehr angenehmen Haptik ist es das ideale Sweatshirt f\u00fcr k\u00fchle Tage. Die ESSENSE\u2122-Technologie des Stoffes erm\u00f6glicht dank seiner guten Atmungsaktivit\u00e4t das Tragen sowohl beim Spaziergang als auch beim Sport. Durch den elastischen Bund an der Taille passt sich das Kleidungsst\u00fcck perfekt an den K\u00f6rper an und verhindert das Eindringen von Luft und W\u00e4rmeverlust. Auf der Brust und im Lendenbereich befindet sich eine Rei\u00dfverschlusstasche aus abriebfestem und abriebfestem Stoff.\" \/>\n<meta property=\"og:url\" content=\"https:\/\/www.inverseteams.com\/de\/produkt\/sweatshirt-toulouse\/\" \/>\n<meta property=\"og:site_name\" content=\"Inverseteams\" \/>\n<meta property=\"article:publisher\" content=\"https:\/\/www.facebook.com\/inverseteams\" \/>\n<meta property=\"article:modified_time\" content=\"2025-05-22T00:02:00+00:00\" \/>\n<meta property=\"og:image\" content=\"https:\/\/www.inverseteams.com\/wp-content\/uploads\/SUDADERA-TOULOUSE-1.jpg\" \/>\n\t<meta property=\"og:image:width\" content=\"3000\" \/>\n\t<meta property=\"og:image:height\" content=\"3223\" \/>\n\t<meta property=\"og:image:type\" content=\"image\/jpeg\" \/>\n<meta name=\"twitter:card\" content=\"summary_large_image\" \/>\n<meta name=\"twitter:label1\" content=\"Gesch\u00e4tzte Lesezeit\" \/>\n\t<meta name=\"twitter:data1\" content=\"1\u00a0Minute\" \/>\n<script type=\"application\/ld+json\" class=\"yoast-schema-graph\">{\"@context\":\"https:\\\/\\\/schema.org\",\"@graph\":[{\"@type\":\"WebPage\",\"@id\":\"https:\\\/\\\/www.inverseteams.com\\\/de\\\/produkt\\\/sweatshirt-toulouse\\\/\",\"url\":\"https:\\\/\\\/www.inverseteams.com\\\/de\\\/produkt\\\/sweatshirt-toulouse\\\/\",\"name\":\"Sweatshirt TOULOUSE | Inverseteams\",\"isPartOf\":{\"@id\":\"https:\\\/\\\/www.inverseteams.com\\\/de\\\/#website\"},\"primaryImageOfPage\":{\"@id\":\"https:\\\/\\\/www.inverseteams.com\\\/de\\\/produkt\\\/sweatshirt-toulouse\\\/#primaryimage\"},\"image\":{\"@id\":\"https:\\\/\\\/www.inverseteams.com\\\/de\\\/produkt\\\/sweatshirt-toulouse\\\/#primaryimage\"},\"thumbnailUrl\":\"https:\\\/\\\/www.inverseteams.com\\\/wp-content\\\/uploads\\\/SUDADERA-TOULOUSE-1.jpg\",\"datePublished\":\"2023-04-19T09:42:33+00:00\",\"dateModified\":\"2025-05-22T00:02:00+00:00\",\"description\":\"Mit seiner weichen und sehr angenehmen Haptik ist es das ideale Sweatshirt f\u00fcr k\u00fchle Tage. Die ESSENSE\u2122-Technologie des Stoffes erm\u00f6glicht dank seiner guten Atmungsaktivit\u00e4t das Tragen sowohl beim Spaziergang als auch beim Sport. Durch den elastischen Bund an der Taille passt sich das Kleidungsst\u00fcck perfekt an den K\u00f6rper an und verhindert das Eindringen von Luft und W\u00e4rmeverlust. Auf der Brust und im Lendenbereich befindet sich eine Rei\u00dfverschlusstasche aus abriebfestem und abriebfestem Stoff.\",\"breadcrumb\":{\"@id\":\"https:\\\/\\\/www.inverseteams.com\\\/de\\\/produkt\\\/sweatshirt-toulouse\\\/#breadcrumb\"},\"inLanguage\":\"de\",\"potentialAction\":[{\"@type\":\"ReadAction\",\"target\":[\"https:\\\/\\\/www.inverseteams.com\\\/de\\\/produkt\\\/sweatshirt-toulouse\\\/\"]}]},{\"@type\":\"ImageObject\",\"inLanguage\":\"de\",\"@id\":\"https:\\\/\\\/www.inverseteams.com\\\/de\\\/produkt\\\/sweatshirt-toulouse\\\/#primaryimage\",\"url\":\"https:\\\/\\\/www.inverseteams.com\\\/wp-content\\\/uploads\\\/SUDADERA-TOULOUSE-1.jpg\",\"contentUrl\":\"https:\\\/\\\/www.inverseteams.com\\\/wp-content\\\/uploads\\\/SUDADERA-TOULOUSE-1.jpg\",\"width\":3000,\"height\":3223,\"caption\":\"Sudadera deportiva TOULOUSE\"},{\"@type\":\"BreadcrumbList\",\"@id\":\"https:\\\/\\\/www.inverseteams.com\\\/de\\\/produkt\\\/sweatshirt-toulouse\\\/#breadcrumb\",\"itemListElement\":[{\"@type\":\"ListItem\",\"position\":1,\"name\":\"Portada\",\"item\":\"https:\\\/\\\/www.inverseteams.com\\\/de\\\/\"},{\"@type\":\"ListItem\",\"position\":2,\"name\":\"Speichern\",\"item\":\"https:\\\/\\\/www.inverseteams.com\\\/de\\\/speichern\\\/\"},{\"@type\":\"ListItem\",\"position\":3,\"name\":\"Sweatshirt TOULOUSE\"}]},{\"@type\":\"WebSite\",\"@id\":\"https:\\\/\\\/www.inverseteams.com\\\/de\\\/#website\",\"url\":\"https:\\\/\\\/www.inverseteams.com\\\/de\\\/\",\"name\":\"Inverseteams\",\"description\":\"Tu marca de ropa deportiva personalizada\",\"publisher\":{\"@id\":\"https:\\\/\\\/www.inverseteams.com\\\/de\\\/#organization\"},\"potentialAction\":[{\"@type\":\"SearchAction\",\"target\":{\"@type\":\"EntryPoint\",\"urlTemplate\":\"https:\\\/\\\/www.inverseteams.com\\\/de\\\/?s={search_term_string}\"},\"query-input\":{\"@type\":\"PropertyValueSpecification\",\"valueRequired\":true,\"valueName\":\"search_term_string\"}}],\"inLanguage\":\"de\"},{\"@type\":\"Organization\",\"@id\":\"https:\\\/\\\/www.inverseteams.com\\\/de\\\/#organization\",\"name\":\"Inverse Teams\",\"url\":\"https:\\\/\\\/www.inverseteams.com\\\/de\\\/\",\"logo\":{\"@type\":\"ImageObject\",\"inLanguage\":\"de\",\"@id\":\"https:\\\/\\\/www.inverseteams.com\\\/de\\\/#\\\/schema\\\/logo\\\/image\\\/\",\"url\":\"http:\\\/\\\/www.inverseteams.com\\\/wp-content\\\/uploads\\\/2021\\\/03\\\/logo-inverse-teams.png\",\"contentUrl\":\"http:\\\/\\\/www.inverseteams.com\\\/wp-content\\\/uploads\\\/2021\\\/03\\\/logo-inverse-teams.png\",\"width\":294,\"height\":99,\"caption\":\"Inverse Teams\"},\"image\":{\"@id\":\"https:\\\/\\\/www.inverseteams.com\\\/de\\\/#\\\/schema\\\/logo\\\/image\\\/\"},\"sameAs\":[\"https:\\\/\\\/www.facebook.com\\\/inverseteams\",\"http:\\\/\\\/instagram.com\\\/inverseteams\",\"https:\\\/\\\/www.linkedin.com\\\/company\\\/inverse-cirosport-s-l-?trk=job_view_topcard_company_name\",\"http:\\\/\\\/www.pinterest.com\\\/inverseteams\\\/\",\"http:\\\/\\\/www.youtube.com\\\/user\\\/inverseteams?feature=watch\"]}]}<\/script>\n<!-- \/ Yoast SEO plugin. -->","yoast_head_json":{"title":"Sweatshirt TOULOUSE | Inverseteams","description":"Mit seiner weichen und sehr angenehmen Haptik ist es das ideale Sweatshirt f\u00fcr k\u00fchle Tage. Die ESSENSE\u2122-Technologie des Stoffes erm\u00f6glicht dank seiner guten Atmungsaktivit\u00e4t das Tragen sowohl beim Spaziergang als auch beim Sport. Durch den elastischen Bund an der Taille passt sich das Kleidungsst\u00fcck perfekt an den K\u00f6rper an und verhindert das Eindringen von Luft und W\u00e4rmeverlust. Auf der Brust und im Lendenbereich befindet sich eine Rei\u00dfverschlusstasche aus abriebfestem und abriebfestem Stoff.","robots":{"index":"index","follow":"follow","max-snippet":"max-snippet:-1","max-image-preview":"max-image-preview:large","max-video-preview":"max-video-preview:-1"},"canonical":"https:\/\/www.inverseteams.com\/de\/produkt\/sweatshirt-toulouse\/","og_locale":"de_DE","og_type":"article","og_title":"Sweatshirt TOULOUSE | Inverseteams","og_description":"Mit seiner weichen und sehr angenehmen Haptik ist es das ideale Sweatshirt f\u00fcr k\u00fchle Tage. Die ESSENSE\u2122-Technologie des Stoffes erm\u00f6glicht dank seiner guten Atmungsaktivit\u00e4t das Tragen sowohl beim Spaziergang als auch beim Sport. Durch den elastischen Bund an der Taille passt sich das Kleidungsst\u00fcck perfekt an den K\u00f6rper an und verhindert das Eindringen von Luft und W\u00e4rmeverlust. Auf der Brust und im Lendenbereich befindet sich eine Rei\u00dfverschlusstasche aus abriebfestem und abriebfestem Stoff.","og_url":"https:\/\/www.inverseteams.com\/de\/produkt\/sweatshirt-toulouse\/","og_site_name":"Inverseteams","article_publisher":"https:\/\/www.facebook.com\/inverseteams","article_modified_time":"2025-05-22T00:02:00+00:00","og_image":[{"width":3000,"height":3223,"url":"https:\/\/www.inverseteams.com\/wp-content\/uploads\/SUDADERA-TOULOUSE-1.jpg","type":"image\/jpeg"}],"twitter_card":"summary_large_image","twitter_misc":{"Gesch\u00e4tzte Lesezeit":"1\u00a0Minute"},"schema":{"@context":"https:\/\/schema.org","@graph":[{"@type":"WebPage","@id":"https:\/\/www.inverseteams.com\/de\/produkt\/sweatshirt-toulouse\/","url":"https:\/\/www.inverseteams.com\/de\/produkt\/sweatshirt-toulouse\/","name":"Sweatshirt TOULOUSE | Inverseteams","isPartOf":{"@id":"https:\/\/www.inverseteams.com\/de\/#website"},"primaryImageOfPage":{"@id":"https:\/\/www.inverseteams.com\/de\/produkt\/sweatshirt-toulouse\/#primaryimage"},"image":{"@id":"https:\/\/www.inverseteams.com\/de\/produkt\/sweatshirt-toulouse\/#primaryimage"},"thumbnailUrl":"https:\/\/www.inverseteams.com\/wp-content\/uploads\/SUDADERA-TOULOUSE-1.jpg","datePublished":"2023-04-19T09:42:33+00:00","dateModified":"2025-05-22T00:02:00+00:00","description":"Mit seiner weichen und sehr angenehmen Haptik ist es das ideale Sweatshirt f\u00fcr k\u00fchle Tage. Die ESSENSE\u2122-Technologie des Stoffes erm\u00f6glicht dank seiner guten Atmungsaktivit\u00e4t das Tragen sowohl beim Spaziergang als auch beim Sport. Durch den elastischen Bund an der Taille passt sich das Kleidungsst\u00fcck perfekt an den K\u00f6rper an und verhindert das Eindringen von Luft und W\u00e4rmeverlust. Auf der Brust und im Lendenbereich befindet sich eine Rei\u00dfverschlusstasche aus abriebfestem und abriebfestem Stoff.","breadcrumb":{"@id":"https:\/\/www.inverseteams.com\/de\/produkt\/sweatshirt-toulouse\/#breadcrumb"},"inLanguage":"de","potentialAction":[{"@type":"ReadAction","target":["https:\/\/www.inverseteams.com\/de\/produkt\/sweatshirt-toulouse\/"]}]},{"@type":"ImageObject","inLanguage":"de","@id":"https:\/\/www.inverseteams.com\/de\/produkt\/sweatshirt-toulouse\/#primaryimage","url":"https:\/\/www.inverseteams.com\/wp-content\/uploads\/SUDADERA-TOULOUSE-1.jpg","contentUrl":"https:\/\/www.inverseteams.com\/wp-content\/uploads\/SUDADERA-TOULOUSE-1.jpg","width":3000,"height":3223,"caption":"Sudadera deportiva TOULOUSE"},{"@type":"BreadcrumbList","@id":"https:\/\/www.inverseteams.com\/de\/produkt\/sweatshirt-toulouse\/#breadcrumb","itemListElement":[{"@type":"ListItem","position":1,"name":"Portada","item":"https:\/\/www.inverseteams.com\/de\/"},{"@type":"ListItem","position":2,"name":"Speichern","item":"https:\/\/www.inverseteams.com\/de\/speichern\/"},{"@type":"ListItem","position":3,"name":"Sweatshirt TOULOUSE"}]},{"@type":"WebSite","@id":"https:\/\/www.inverseteams.com\/de\/#website","url":"https:\/\/www.inverseteams.com\/de\/","name":"Inverseteams","description":"Tu marca de ropa deportiva personalizada","publisher":{"@id":"https:\/\/www.inverseteams.com\/de\/#organization"},"potentialAction":[{"@type":"SearchAction","target":{"@type":"EntryPoint","urlTemplate":"https:\/\/www.inverseteams.com\/de\/?s={search_term_string}"},"query-input":{"@type":"PropertyValueSpecification","valueRequired":true,"valueName":"search_term_string"}}],"inLanguage":"de"},{"@type":"Organization","@id":"https:\/\/www.inverseteams.com\/de\/#organization","name":"Inverse Teams","url":"https:\/\/www.inverseteams.com\/de\/","logo":{"@type":"ImageObject","inLanguage":"de","@id":"https:\/\/www.inverseteams.com\/de\/#\/schema\/logo\/image\/","url":"https:\/\/www.inverseteams.com\/wp-content\/uploads\/2021\/03\/logo-inverse-teams.png","contentUrl":"https:\/\/www.inverseteams.com\/wp-content\/uploads\/2021\/03\/logo-inverse-teams.png","width":294,"height":99,"caption":"Inverse Teams"},"image":{"@id":"https:\/\/www.inverseteams.com\/de\/#\/schema\/logo\/image\/"},"sameAs":["https:\/\/www.facebook.com\/inverseteams","http:\/\/instagram.com\/inverseteams","https:\/\/www.linkedin.com\/company\/inverse-cirosport-s-l-?trk=job_view_topcard_company_name","http:\/\/www.pinterest.com\/inverseteams\/","http:\/\/www.youtube.com\/user\/inverseteams?feature=watch"]}]}},"_links":{"self":[{"href":"https:\/\/www.inverseteams.com\/de\/wp-json\/wp\/v2\/product\/174419","targetHints":{"allow":["GET"]}}],"collection":[{"href":"https:\/\/www.inverseteams.com\/de\/wp-json\/wp\/v2\/product"}],"about":[{"href":"https:\/\/www.inverseteams.com\/de\/wp-json\/wp\/v2\/types\/product"}],"replies":[{"embeddable":true,"href":"https:\/\/www.inverseteams.com\/de\/wp-json\/wp\/v2\/comments?post=174419"}],"wp:featuredmedia":[{"embeddable":true,"href":"https:\/\/www.inverseteams.com\/de\/wp-json\/wp\/v2\/media\/162299"}],"wp:attachment":[{"href":"https:\/\/www.inverseteams.com\/de\/wp-json\/wp\/v2\/media?parent=174419"}],"wp:term":[{"taxonomy":"product_brand","embeddable":true,"href":"https:\/\/www.inverseteams.com\/de\/wp-json\/wp\/v2\/product_brand?post=174419"},{"taxonomy":"product_cat","embeddable":true,"href":"https:\/\/www.inverseteams.com\/de\/wp-json\/wp\/v2\/product_cat?post=174419"},{"taxonomy":"product_tag","embeddable":true,"href":"https:\/\/www.inverseteams.com\/de\/wp-json\/wp\/v2\/product_tag?post=174419"},{"taxonomy":"custom_category","embeddable":true,"href":"https:\/\/www.inverseteams.com\/de\/wp-json\/wp\/v2\/custom_category?post=174419"},{"taxonomy":"range","embeddable":true,"href":"https:\/\/www.inverseteams.com\/de\/wp-json\/wp\/v2\/range?post=174419"}],"curies":[{"name":"wp","href":"https:\/\/api.w.org\/{rel}","templated":true}]}}