{"id":174417,"date":"2021-05-10T08:31:29","date_gmt":"2021-05-10T09:18:27","guid":{"rendered":"https:\/\/www.inverseteams.com\/product\/running-shorts-pulse\/"},"modified":"2024-01-29T08:40:29","modified_gmt":"2024-01-29T08:40:29","slug":"personalisiertes-laufshorts-pulse","status":"publish","type":"product","link":"https:\/\/www.inverseteams.com\/de\/produkt\/personalisiertes-laufshorts-pulse\/","title":{"rendered":"Personalisiertes Laufshorts PULSE"},"content":{"rendered":"<p>Mit diesen superleichten Shorts k\u00f6nnen Sie an hei\u00dfen Tagen lange Trainingseinheiten genie\u00dfen.<br \/>\nDer elastische Bund schmiegt sich sehr gut an den K\u00f6rper an und h\u00e4lt das Kleidungsst\u00fcck fest, ohne zu st\u00f6ren. Im Inneren befindet sich ein schnell trocknendes Gitterfutter. Durch die seitlichen \u00d6ffnungen k\u00f6nnen Sie jede Bewegung ausf\u00fchren, ohne einen Widerstand zu sp\u00fcren.<\/p>\n","protected":false},"excerpt":{"rendered":"<p>Mit diesen superleichten Shorts k\u00f6nnen Sie an hei\u00dfen Tagen lange Trainingseinheiten genie\u00dfen.<br \/>\nDer elastische Bund schmiegt sich sehr gut an den K\u00f6rper an und h\u00e4lt das Kleidungsst\u00fcck fest, ohne zu st\u00f6ren. Im Inneren befindet sich ein schnell trocknendes Gitterfutter. Durch die seitlichen \u00d6ffnungen k\u00f6nnen Sie jede Bewegung ausf\u00fchren, ohne einen Widerstand zu sp\u00fcren.<\/p>\n","protected":false},"featured_media":165361,"comment_status":"closed","ping_status":"closed","template":"","meta":{"_acf_changed":false},"product_brand":[],"product_cat":[11218],"product_tag":[],"custom_category":[11244,11372,11240],"range":[11341],"class_list":{"0":"post-174417","1":"product","2":"type-product","3":"status-publish","4":"has-post-thumbnail","6":"product_cat-uncategorized-de","7":"pa_climatologia-calor-de","8":"pa_deporte-running-de","9":"pa_genero-mujer-de","10":"pa_genero-infantil-de","11":"pa_genero-hombre-de","12":"pa_patronaje-regular-de","13":"pa_tipo-de-prenda-pantalon-corto-de","14":"custom_category-personalisierte-laufbekleidung-de","15":"custom_category-personalisierte-laufshorts","16":"custom_category-sport","17":"range-pulse-de","19":"first","20":"instock","21":"product-type-custom"},"acf":[],"yoast_head":"<!-- This site is optimized with the Yoast SEO plugin v27.5 - https:\/\/yoast.com\/product\/yoast-seo-wordpress\/ -->\n<title>Personalisiertes Laufshorts PULSE<\/title>\n<meta name=\"description\" content=\"Mit diesen superleichten Shorts k\u00f6nnen Sie an hei\u00dfen Tagen lange Trainingseinheiten genie\u00dfen. Der elastische Bund schmiegt sich sehr gut an den K\u00f6rper an und h\u00e4lt das Kleidungsst\u00fcck fest, ohne zu st\u00f6ren. Im Inneren befindet sich ein schnell trocknendes Gitterfutter. Durch die seitlichen \u00d6ffnungen k\u00f6nnen Sie jede Bewegung ausf\u00fchren, ohne einen Widerstand zu sp\u00fcren.\" \/>\n<meta name=\"robots\" content=\"index, follow, max-snippet:-1, max-image-preview:large, max-video-preview:-1\" \/>\n<link rel=\"canonical\" href=\"https:\/\/www.inverseteams.com\/de\/produkt\/personalisiertes-laufshorts-pulse\/\" \/>\n<meta property=\"og:locale\" content=\"de_DE\" \/>\n<meta property=\"og:type\" content=\"article\" \/>\n<meta property=\"og:title\" content=\"Personalisiertes Laufshorts PULSE\" \/>\n<meta property=\"og:description\" content=\"Mit diesen superleichten Shorts k\u00f6nnen Sie an hei\u00dfen Tagen lange Trainingseinheiten genie\u00dfen. Der elastische Bund schmiegt sich sehr gut an den K\u00f6rper an und h\u00e4lt das Kleidungsst\u00fcck fest, ohne zu st\u00f6ren. Im Inneren befindet sich ein schnell trocknendes Gitterfutter. Durch die seitlichen \u00d6ffnungen k\u00f6nnen Sie jede Bewegung ausf\u00fchren, ohne einen Widerstand zu sp\u00fcren.\" \/>\n<meta property=\"og:url\" content=\"https:\/\/www.inverseteams.com\/de\/produkt\/personalisiertes-laufshorts-pulse\/\" \/>\n<meta property=\"og:site_name\" content=\"Inverseteams\" \/>\n<meta property=\"article:publisher\" content=\"https:\/\/www.facebook.com\/inverseteams\" \/>\n<meta property=\"article:modified_time\" content=\"2024-01-29T08:40:29+00:00\" \/>\n<meta property=\"og:image\" content=\"https:\/\/www.inverseteams.com\/wp-content\/uploads\/PANTALON-CORTO-PULSE-1.jpg\" \/>\n\t<meta property=\"og:image:width\" content=\"3222\" \/>\n\t<meta property=\"og:image:height\" content=\"3462\" \/>\n\t<meta property=\"og:image:type\" content=\"image\/jpeg\" \/>\n<meta name=\"twitter:card\" content=\"summary_large_image\" \/>\n<meta name=\"twitter:label1\" content=\"Gesch\u00e4tzte Lesezeit\" \/>\n\t<meta name=\"twitter:data1\" content=\"1\u00a0Minute\" \/>\n<script type=\"application\/ld+json\" class=\"yoast-schema-graph\">{\"@context\":\"https:\\\/\\\/schema.org\",\"@graph\":[{\"@type\":\"WebPage\",\"@id\":\"https:\\\/\\\/www.inverseteams.com\\\/de\\\/produkt\\\/personalisiertes-laufshorts-pulse\\\/\",\"url\":\"https:\\\/\\\/www.inverseteams.com\\\/de\\\/produkt\\\/personalisiertes-laufshorts-pulse\\\/\",\"name\":\"Personalisiertes Laufshorts PULSE\",\"isPartOf\":{\"@id\":\"https:\\\/\\\/www.inverseteams.com\\\/de\\\/#website\"},\"primaryImageOfPage\":{\"@id\":\"https:\\\/\\\/www.inverseteams.com\\\/de\\\/produkt\\\/personalisiertes-laufshorts-pulse\\\/#primaryimage\"},\"image\":{\"@id\":\"https:\\\/\\\/www.inverseteams.com\\\/de\\\/produkt\\\/personalisiertes-laufshorts-pulse\\\/#primaryimage\"},\"thumbnailUrl\":\"https:\\\/\\\/www.inverseteams.com\\\/wp-content\\\/uploads\\\/PANTALON-CORTO-PULSE-1.jpg\",\"datePublished\":\"2021-05-10T09:18:27+00:00\",\"dateModified\":\"2024-01-29T08:40:29+00:00\",\"description\":\"Mit diesen superleichten Shorts k\u00f6nnen Sie an hei\u00dfen Tagen lange Trainingseinheiten genie\u00dfen. Der elastische Bund schmiegt sich sehr gut an den K\u00f6rper an und h\u00e4lt das Kleidungsst\u00fcck fest, ohne zu st\u00f6ren. Im Inneren befindet sich ein schnell trocknendes Gitterfutter. Durch die seitlichen \u00d6ffnungen k\u00f6nnen Sie jede Bewegung ausf\u00fchren, ohne einen Widerstand zu sp\u00fcren.\",\"breadcrumb\":{\"@id\":\"https:\\\/\\\/www.inverseteams.com\\\/de\\\/produkt\\\/personalisiertes-laufshorts-pulse\\\/#breadcrumb\"},\"inLanguage\":\"de\",\"potentialAction\":[{\"@type\":\"ReadAction\",\"target\":[\"https:\\\/\\\/www.inverseteams.com\\\/de\\\/produkt\\\/personalisiertes-laufshorts-pulse\\\/\"]}]},{\"@type\":\"ImageObject\",\"inLanguage\":\"de\",\"@id\":\"https:\\\/\\\/www.inverseteams.com\\\/de\\\/produkt\\\/personalisiertes-laufshorts-pulse\\\/#primaryimage\",\"url\":\"https:\\\/\\\/www.inverseteams.com\\\/wp-content\\\/uploads\\\/PANTALON-CORTO-PULSE-1.jpg\",\"contentUrl\":\"https:\\\/\\\/www.inverseteams.com\\\/wp-content\\\/uploads\\\/PANTALON-CORTO-PULSE-1.jpg\",\"width\":3222,\"height\":3462,\"caption\":\"short running personalizado\"},{\"@type\":\"BreadcrumbList\",\"@id\":\"https:\\\/\\\/www.inverseteams.com\\\/de\\\/produkt\\\/personalisiertes-laufshorts-pulse\\\/#breadcrumb\",\"itemListElement\":[{\"@type\":\"ListItem\",\"position\":1,\"name\":\"Portada\",\"item\":\"https:\\\/\\\/www.inverseteams.com\\\/de\\\/\"},{\"@type\":\"ListItem\",\"position\":2,\"name\":\"Speichern\",\"item\":\"https:\\\/\\\/www.inverseteams.com\\\/de\\\/speichern\\\/\"},{\"@type\":\"ListItem\",\"position\":3,\"name\":\"Personalisiertes Laufshorts PULSE\"}]},{\"@type\":\"WebSite\",\"@id\":\"https:\\\/\\\/www.inverseteams.com\\\/de\\\/#website\",\"url\":\"https:\\\/\\\/www.inverseteams.com\\\/de\\\/\",\"name\":\"Inverseteams\",\"description\":\"Tu marca de ropa deportiva personalizada\",\"publisher\":{\"@id\":\"https:\\\/\\\/www.inverseteams.com\\\/de\\\/#organization\"},\"potentialAction\":[{\"@type\":\"SearchAction\",\"target\":{\"@type\":\"EntryPoint\",\"urlTemplate\":\"https:\\\/\\\/www.inverseteams.com\\\/de\\\/?s={search_term_string}\"},\"query-input\":{\"@type\":\"PropertyValueSpecification\",\"valueRequired\":true,\"valueName\":\"search_term_string\"}}],\"inLanguage\":\"de\"},{\"@type\":\"Organization\",\"@id\":\"https:\\\/\\\/www.inverseteams.com\\\/de\\\/#organization\",\"name\":\"Inverse Teams\",\"url\":\"https:\\\/\\\/www.inverseteams.com\\\/de\\\/\",\"logo\":{\"@type\":\"ImageObject\",\"inLanguage\":\"de\",\"@id\":\"https:\\\/\\\/www.inverseteams.com\\\/de\\\/#\\\/schema\\\/logo\\\/image\\\/\",\"url\":\"https:\\\/\\\/www.inverseteams.com\\\/wp-content\\\/uploads\\\/2021\\\/03\\\/logo-inverse-teams.png\",\"contentUrl\":\"https:\\\/\\\/www.inverseteams.com\\\/wp-content\\\/uploads\\\/2021\\\/03\\\/logo-inverse-teams.png\",\"width\":294,\"height\":99,\"caption\":\"Inverse Teams\"},\"image\":{\"@id\":\"https:\\\/\\\/www.inverseteams.com\\\/de\\\/#\\\/schema\\\/logo\\\/image\\\/\"},\"sameAs\":[\"https:\\\/\\\/www.facebook.com\\\/inverseteams\",\"http:\\\/\\\/instagram.com\\\/inverseteams\",\"https:\\\/\\\/www.linkedin.com\\\/company\\\/inverse-cirosport-s-l-?trk=job_view_topcard_company_name\",\"http:\\\/\\\/www.pinterest.com\\\/inverseteams\\\/\",\"http:\\\/\\\/www.youtube.com\\\/user\\\/inverseteams?feature=watch\"]}]}<\/script>\n<!-- \/ Yoast SEO plugin. -->","yoast_head_json":{"title":"Personalisiertes Laufshorts PULSE","description":"Mit diesen superleichten Shorts k\u00f6nnen Sie an hei\u00dfen Tagen lange Trainingseinheiten genie\u00dfen. Der elastische Bund schmiegt sich sehr gut an den K\u00f6rper an und h\u00e4lt das Kleidungsst\u00fcck fest, ohne zu st\u00f6ren. Im Inneren befindet sich ein schnell trocknendes Gitterfutter. Durch die seitlichen \u00d6ffnungen k\u00f6nnen Sie jede Bewegung ausf\u00fchren, ohne einen Widerstand zu sp\u00fcren.","robots":{"index":"index","follow":"follow","max-snippet":"max-snippet:-1","max-image-preview":"max-image-preview:large","max-video-preview":"max-video-preview:-1"},"canonical":"https:\/\/www.inverseteams.com\/de\/produkt\/personalisiertes-laufshorts-pulse\/","og_locale":"de_DE","og_type":"article","og_title":"Personalisiertes Laufshorts PULSE","og_description":"Mit diesen superleichten Shorts k\u00f6nnen Sie an hei\u00dfen Tagen lange Trainingseinheiten genie\u00dfen. Der elastische Bund schmiegt sich sehr gut an den K\u00f6rper an und h\u00e4lt das Kleidungsst\u00fcck fest, ohne zu st\u00f6ren. Im Inneren befindet sich ein schnell trocknendes Gitterfutter. Durch die seitlichen \u00d6ffnungen k\u00f6nnen Sie jede Bewegung ausf\u00fchren, ohne einen Widerstand zu sp\u00fcren.","og_url":"https:\/\/www.inverseteams.com\/de\/produkt\/personalisiertes-laufshorts-pulse\/","og_site_name":"Inverseteams","article_publisher":"https:\/\/www.facebook.com\/inverseteams","article_modified_time":"2024-01-29T08:40:29+00:00","og_image":[{"width":3222,"height":3462,"url":"https:\/\/www.inverseteams.com\/wp-content\/uploads\/PANTALON-CORTO-PULSE-1.jpg","type":"image\/jpeg"}],"twitter_card":"summary_large_image","twitter_misc":{"Gesch\u00e4tzte Lesezeit":"1\u00a0Minute"},"schema":{"@context":"https:\/\/schema.org","@graph":[{"@type":"WebPage","@id":"https:\/\/www.inverseteams.com\/de\/produkt\/personalisiertes-laufshorts-pulse\/","url":"https:\/\/www.inverseteams.com\/de\/produkt\/personalisiertes-laufshorts-pulse\/","name":"Personalisiertes Laufshorts PULSE","isPartOf":{"@id":"https:\/\/www.inverseteams.com\/de\/#website"},"primaryImageOfPage":{"@id":"https:\/\/www.inverseteams.com\/de\/produkt\/personalisiertes-laufshorts-pulse\/#primaryimage"},"image":{"@id":"https:\/\/www.inverseteams.com\/de\/produkt\/personalisiertes-laufshorts-pulse\/#primaryimage"},"thumbnailUrl":"https:\/\/www.inverseteams.com\/wp-content\/uploads\/PANTALON-CORTO-PULSE-1.jpg","datePublished":"2021-05-10T09:18:27+00:00","dateModified":"2024-01-29T08:40:29+00:00","description":"Mit diesen superleichten Shorts k\u00f6nnen Sie an hei\u00dfen Tagen lange Trainingseinheiten genie\u00dfen. Der elastische Bund schmiegt sich sehr gut an den K\u00f6rper an und h\u00e4lt das Kleidungsst\u00fcck fest, ohne zu st\u00f6ren. Im Inneren befindet sich ein schnell trocknendes Gitterfutter. Durch die seitlichen \u00d6ffnungen k\u00f6nnen Sie jede Bewegung ausf\u00fchren, ohne einen Widerstand zu sp\u00fcren.","breadcrumb":{"@id":"https:\/\/www.inverseteams.com\/de\/produkt\/personalisiertes-laufshorts-pulse\/#breadcrumb"},"inLanguage":"de","potentialAction":[{"@type":"ReadAction","target":["https:\/\/www.inverseteams.com\/de\/produkt\/personalisiertes-laufshorts-pulse\/"]}]},{"@type":"ImageObject","inLanguage":"de","@id":"https:\/\/www.inverseteams.com\/de\/produkt\/personalisiertes-laufshorts-pulse\/#primaryimage","url":"https:\/\/www.inverseteams.com\/wp-content\/uploads\/PANTALON-CORTO-PULSE-1.jpg","contentUrl":"https:\/\/www.inverseteams.com\/wp-content\/uploads\/PANTALON-CORTO-PULSE-1.jpg","width":3222,"height":3462,"caption":"short running personalizado"},{"@type":"BreadcrumbList","@id":"https:\/\/www.inverseteams.com\/de\/produkt\/personalisiertes-laufshorts-pulse\/#breadcrumb","itemListElement":[{"@type":"ListItem","position":1,"name":"Portada","item":"https:\/\/www.inverseteams.com\/de\/"},{"@type":"ListItem","position":2,"name":"Speichern","item":"https:\/\/www.inverseteams.com\/de\/speichern\/"},{"@type":"ListItem","position":3,"name":"Personalisiertes Laufshorts PULSE"}]},{"@type":"WebSite","@id":"https:\/\/www.inverseteams.com\/de\/#website","url":"https:\/\/www.inverseteams.com\/de\/","name":"Inverseteams","description":"Tu marca de ropa deportiva personalizada","publisher":{"@id":"https:\/\/www.inverseteams.com\/de\/#organization"},"potentialAction":[{"@type":"SearchAction","target":{"@type":"EntryPoint","urlTemplate":"https:\/\/www.inverseteams.com\/de\/?s={search_term_string}"},"query-input":{"@type":"PropertyValueSpecification","valueRequired":true,"valueName":"search_term_string"}}],"inLanguage":"de"},{"@type":"Organization","@id":"https:\/\/www.inverseteams.com\/de\/#organization","name":"Inverse Teams","url":"https:\/\/www.inverseteams.com\/de\/","logo":{"@type":"ImageObject","inLanguage":"de","@id":"https:\/\/www.inverseteams.com\/de\/#\/schema\/logo\/image\/","url":"https:\/\/www.inverseteams.com\/wp-content\/uploads\/2021\/03\/logo-inverse-teams.png","contentUrl":"https:\/\/www.inverseteams.com\/wp-content\/uploads\/2021\/03\/logo-inverse-teams.png","width":294,"height":99,"caption":"Inverse Teams"},"image":{"@id":"https:\/\/www.inverseteams.com\/de\/#\/schema\/logo\/image\/"},"sameAs":["https:\/\/www.facebook.com\/inverseteams","http:\/\/instagram.com\/inverseteams","https:\/\/www.linkedin.com\/company\/inverse-cirosport-s-l-?trk=job_view_topcard_company_name","http:\/\/www.pinterest.com\/inverseteams\/","http:\/\/www.youtube.com\/user\/inverseteams?feature=watch"]}]}},"_links":{"self":[{"href":"https:\/\/www.inverseteams.com\/de\/wp-json\/wp\/v2\/product\/174417","targetHints":{"allow":["GET"]}}],"collection":[{"href":"https:\/\/www.inverseteams.com\/de\/wp-json\/wp\/v2\/product"}],"about":[{"href":"https:\/\/www.inverseteams.com\/de\/wp-json\/wp\/v2\/types\/product"}],"replies":[{"embeddable":true,"href":"https:\/\/www.inverseteams.com\/de\/wp-json\/wp\/v2\/comments?post=174417"}],"wp:featuredmedia":[{"embeddable":true,"href":"https:\/\/www.inverseteams.com\/de\/wp-json\/wp\/v2\/media\/165361"}],"wp:attachment":[{"href":"https:\/\/www.inverseteams.com\/de\/wp-json\/wp\/v2\/media?parent=174417"}],"wp:term":[{"taxonomy":"product_brand","embeddable":true,"href":"https:\/\/www.inverseteams.com\/de\/wp-json\/wp\/v2\/product_brand?post=174417"},{"taxonomy":"product_cat","embeddable":true,"href":"https:\/\/www.inverseteams.com\/de\/wp-json\/wp\/v2\/product_cat?post=174417"},{"taxonomy":"product_tag","embeddable":true,"href":"https:\/\/www.inverseteams.com\/de\/wp-json\/wp\/v2\/product_tag?post=174417"},{"taxonomy":"custom_category","embeddable":true,"href":"https:\/\/www.inverseteams.com\/de\/wp-json\/wp\/v2\/custom_category?post=174417"},{"taxonomy":"range","embeddable":true,"href":"https:\/\/www.inverseteams.com\/de\/wp-json\/wp\/v2\/range?post=174417"}],"curies":[{"name":"wp","href":"https:\/\/api.w.org\/{rel}","templated":true}]}}