{"id":174416,"date":"2021-10-05T09:46:42","date_gmt":"2021-10-05T09:51:20","guid":{"rendered":"https:\/\/www.inverseteams.com\/product\/short-sleeve-cycling-skinsuit-kairos\/"},"modified":"2024-12-12T12:23:41","modified_gmt":"2024-12-12T12:23:41","slug":"short-sleeve-cycling-skinsuit-kairos","status":"publish","type":"product","link":"https:\/\/www.inverseteams.com\/de\/produkt\/short-sleeve-cycling-skinsuit-kairos\/","title":{"rendered":"Personalisiertes Kurzarm Einteiler KAIROS"},"content":{"rendered":"<p>Die Elastizit\u00e4t des Stoffes und die anatomische Form aller Eins\u00e4tze helfen dem KAIROS-Skinsuit, sich der Fahrposition anzupassen, ohne zu st\u00f6ren und das Eindringen von Luft zu verhindern. Dar\u00fcber hinaus garantiert die Struktur seiner Stoffe eine gute Windstr\u00f6mung, um die Aerodynamik zu erh\u00f6hen und alle Ihre Anstrengungen zu optimieren. Diese Paneele sind mit besonders widerstandsf\u00e4higen Flachn\u00e4hten gen\u00e4ht, die dem St\u00fcck auch ein attraktiveres Design verleihen.<br \/>\nAm Ende des lasergeschnittenen \u00c4rmels befinden sich hypoallergene Silikonpunkte, die f\u00fcr eine gute Befestigung am Arm sorgen.<br \/>\nAm Ende der Beine befindet sich ein mikroperforiertes Gummiband mit einem hypoallergenen Silikongriff im Inneren. Dies verhindert, dass das Schwitzen zunimmt und h\u00e4lt das St\u00fcck fest am Bein. Au\u00dfen verf\u00fcgt es \u00fcber 360\u00b0 reflektierende Linien, die Ihre Sicherheit erh\u00f6hen, da sie das Licht der Fahrzeuge reflektieren.<\/p>\n","protected":false},"excerpt":{"rendered":"<p>Die Elastizit\u00e4t des Stoffes und die anatomische Form aller Eins\u00e4tze helfen dem KAIROS-Skinsuit, sich der Fahrposition anzupassen, ohne zu st\u00f6ren und das Eindringen von Luft zu verhindern. Dar\u00fcber hinaus garantiert die Struktur seiner Stoffe eine gute Windstr\u00f6mung, um die Aerodynamik zu erh\u00f6hen und alle Ihre Anstrengungen zu optimieren. Diese Paneele sind mit besonders widerstandsf\u00e4higen Flachn\u00e4hten gen\u00e4ht, die dem St\u00fcck auch ein attraktiveres Design verleihen.<br \/>\nAm Ende des lasergeschnittenen \u00c4rmels befinden sich hypoallergene Silikonpunkte, die f\u00fcr eine gute Befestigung am Arm sorgen.<br \/>\nAm Ende der Beine befindet sich ein mikroperforiertes Gummiband mit einem hypoallergenen Silikongriff im Inneren. Dies verhindert, dass das Schwitzen zunimmt und h\u00e4lt das St\u00fcck fest am Bein. Au\u00dfen verf\u00fcgt es \u00fcber 360\u00b0 reflektierende Linien, die Ihre Sicherheit erh\u00f6hen, da sie das Licht der Fahrzeuge reflektieren.<\/p>\n","protected":false},"featured_media":223713,"comment_status":"closed","ping_status":"closed","template":"","meta":{"_acf_changed":false},"product_brand":[],"product_cat":[11218],"product_tag":[],"custom_category":[11237,11240,11290],"range":[11256],"class_list":{"0":"post-174416","1":"product","2":"type-product","3":"status-publish","4":"has-post-thumbnail","6":"product_cat-uncategorized-de","7":"pa_climatologia-temperatura-templada-de","8":"pa_climatologia-calor-de","9":"pa_deporte-ciclismo-de","10":"pa_genero-hombre-de","11":"pa_genero-mujer-de","12":"pa_patronaje-regular-de","13":"pa_tipo-de-prenda-mono-de","14":"custom_category-personalisierte-fahrradbekleidung","15":"custom_category-sport","16":"custom_category-personalisierte-radeinteiler","17":"range-kairos-de","19":"first","20":"instock","21":"product-type-custom"},"acf":[],"yoast_head":"<!-- This site is optimized with the Yoast SEO plugin v27.3 - https:\/\/yoast.com\/product\/yoast-seo-wordpress\/ -->\n<title>Personalisiertes Kurzarm Einteiler KAIROS<\/title>\n<meta name=\"description\" content=\"Die Elastizit\u00e4t des Stoffes und die anatomische Form aller Eins\u00e4tze helfen dem KAIROS-Skinsuit, sich der Fahrposition anzupassen, ohne zu st\u00f6ren und das Eindringen von Luft zu verhindern. Dar\u00fcber hinaus garantiert die Struktur seiner Stoffe eine gute Windstr\u00f6mung, um die Aerodynamik zu erh\u00f6hen und alle Ihre Anstrengungen zu optimieren. Diese Paneele sind mit besonders widerstandsf\u00e4higen Flachn\u00e4hten gen\u00e4ht, die dem St\u00fcck auch ein attraktiveres Design verleihen. Am Ende des lasergeschnittenen \u00c4rmels befinden sich hypoallergene Silikonpunkte, die f\u00fcr eine gute Befestigung am Arm sorgen. Am Ende der Beine befindet sich ein mikroperforiertes Gummiband mit einem hypoallergenen Silikongriff im Inneren. Dies verhindert, dass das Schwitzen zunimmt und h\u00e4lt das St\u00fcck fest am Bein. Au\u00dfen verf\u00fcgt es \u00fcber 360\u00b0 reflektierende Linien, die Ihre Sicherheit erh\u00f6hen, da sie das Licht der Fahrzeuge reflektieren.\" \/>\n<meta name=\"robots\" content=\"index, follow, max-snippet:-1, max-image-preview:large, max-video-preview:-1\" \/>\n<link rel=\"canonical\" href=\"https:\/\/www.inverseteams.com\/de\/produkt\/short-sleeve-cycling-skinsuit-kairos\/\" \/>\n<meta property=\"og:locale\" content=\"de_DE\" \/>\n<meta property=\"og:type\" content=\"article\" \/>\n<meta property=\"og:title\" content=\"Personalisiertes Kurzarm Einteiler KAIROS\" \/>\n<meta property=\"og:description\" content=\"Die Elastizit\u00e4t des Stoffes und die anatomische Form aller Eins\u00e4tze helfen dem KAIROS-Skinsuit, sich der Fahrposition anzupassen, ohne zu st\u00f6ren und das Eindringen von Luft zu verhindern. Dar\u00fcber hinaus garantiert die Struktur seiner Stoffe eine gute Windstr\u00f6mung, um die Aerodynamik zu erh\u00f6hen und alle Ihre Anstrengungen zu optimieren. Diese Paneele sind mit besonders widerstandsf\u00e4higen Flachn\u00e4hten gen\u00e4ht, die dem St\u00fcck auch ein attraktiveres Design verleihen. Am Ende des lasergeschnittenen \u00c4rmels befinden sich hypoallergene Silikonpunkte, die f\u00fcr eine gute Befestigung am Arm sorgen. Am Ende der Beine befindet sich ein mikroperforiertes Gummiband mit einem hypoallergenen Silikongriff im Inneren. Dies verhindert, dass das Schwitzen zunimmt und h\u00e4lt das St\u00fcck fest am Bein. Au\u00dfen verf\u00fcgt es \u00fcber 360\u00b0 reflektierende Linien, die Ihre Sicherheit erh\u00f6hen, da sie das Licht der Fahrzeuge reflektieren.\" \/>\n<meta property=\"og:url\" content=\"https:\/\/www.inverseteams.com\/de\/produkt\/short-sleeve-cycling-skinsuit-kairos\/\" \/>\n<meta property=\"og:site_name\" content=\"Inverseteams\" \/>\n<meta property=\"article:publisher\" content=\"https:\/\/www.facebook.com\/inverseteams\" \/>\n<meta property=\"article:modified_time\" content=\"2024-12-12T12:23:41+00:00\" \/>\n<meta property=\"og:image\" content=\"https:\/\/www.inverseteams.com\/wp-content\/uploads\/BUZO-CICLISMO-MANGA-CORTA-KAIROS-1.jpg\" \/>\n\t<meta property=\"og:image:width\" content=\"1500\" \/>\n\t<meta property=\"og:image:height\" content=\"1612\" \/>\n\t<meta property=\"og:image:type\" content=\"image\/jpeg\" \/>\n<meta name=\"twitter:card\" content=\"summary_large_image\" \/>\n<meta name=\"twitter:label1\" content=\"Gesch\u00e4tzte Lesezeit\" \/>\n\t<meta name=\"twitter:data1\" content=\"1\u00a0Minute\" \/>\n<script type=\"application\/ld+json\" class=\"yoast-schema-graph\">{\"@context\":\"https:\\\/\\\/schema.org\",\"@graph\":[{\"@type\":\"WebPage\",\"@id\":\"https:\\\/\\\/www.inverseteams.com\\\/de\\\/produkt\\\/short-sleeve-cycling-skinsuit-kairos\\\/\",\"url\":\"https:\\\/\\\/www.inverseteams.com\\\/de\\\/produkt\\\/short-sleeve-cycling-skinsuit-kairos\\\/\",\"name\":\"Personalisiertes Kurzarm Einteiler KAIROS\",\"isPartOf\":{\"@id\":\"https:\\\/\\\/www.inverseteams.com\\\/de\\\/#website\"},\"primaryImageOfPage\":{\"@id\":\"https:\\\/\\\/www.inverseteams.com\\\/de\\\/produkt\\\/short-sleeve-cycling-skinsuit-kairos\\\/#primaryimage\"},\"image\":{\"@id\":\"https:\\\/\\\/www.inverseteams.com\\\/de\\\/produkt\\\/short-sleeve-cycling-skinsuit-kairos\\\/#primaryimage\"},\"thumbnailUrl\":\"https:\\\/\\\/www.inverseteams.com\\\/wp-content\\\/uploads\\\/BUZO-CICLISMO-MANGA-CORTA-KAIROS-1.jpg\",\"datePublished\":\"2021-10-05T09:51:20+00:00\",\"dateModified\":\"2024-12-12T12:23:41+00:00\",\"description\":\"Die Elastizit\u00e4t des Stoffes und die anatomische Form aller Eins\u00e4tze helfen dem KAIROS-Skinsuit, sich der Fahrposition anzupassen, ohne zu st\u00f6ren und das Eindringen von Luft zu verhindern. Dar\u00fcber hinaus garantiert die Struktur seiner Stoffe eine gute Windstr\u00f6mung, um die Aerodynamik zu erh\u00f6hen und alle Ihre Anstrengungen zu optimieren. Diese Paneele sind mit besonders widerstandsf\u00e4higen Flachn\u00e4hten gen\u00e4ht, die dem St\u00fcck auch ein attraktiveres Design verleihen. Am Ende des lasergeschnittenen \u00c4rmels befinden sich hypoallergene Silikonpunkte, die f\u00fcr eine gute Befestigung am Arm sorgen. Am Ende der Beine befindet sich ein mikroperforiertes Gummiband mit einem hypoallergenen Silikongriff im Inneren. Dies verhindert, dass das Schwitzen zunimmt und h\u00e4lt das St\u00fcck fest am Bein. Au\u00dfen verf\u00fcgt es \u00fcber 360\u00b0 reflektierende Linien, die Ihre Sicherheit erh\u00f6hen, da sie das Licht der Fahrzeuge reflektieren.\",\"breadcrumb\":{\"@id\":\"https:\\\/\\\/www.inverseteams.com\\\/de\\\/produkt\\\/short-sleeve-cycling-skinsuit-kairos\\\/#breadcrumb\"},\"inLanguage\":\"de\",\"potentialAction\":[{\"@type\":\"ReadAction\",\"target\":[\"https:\\\/\\\/www.inverseteams.com\\\/de\\\/produkt\\\/short-sleeve-cycling-skinsuit-kairos\\\/\"]}]},{\"@type\":\"ImageObject\",\"inLanguage\":\"de\",\"@id\":\"https:\\\/\\\/www.inverseteams.com\\\/de\\\/produkt\\\/short-sleeve-cycling-skinsuit-kairos\\\/#primaryimage\",\"url\":\"https:\\\/\\\/www.inverseteams.com\\\/wp-content\\\/uploads\\\/BUZO-CICLISMO-MANGA-CORTA-KAIROS-1.jpg\",\"contentUrl\":\"https:\\\/\\\/www.inverseteams.com\\\/wp-content\\\/uploads\\\/BUZO-CICLISMO-MANGA-CORTA-KAIROS-1.jpg\",\"width\":1500,\"height\":1612,\"caption\":\"combinaison cyclisme personnalis\u00e9\"},{\"@type\":\"BreadcrumbList\",\"@id\":\"https:\\\/\\\/www.inverseteams.com\\\/de\\\/produkt\\\/short-sleeve-cycling-skinsuit-kairos\\\/#breadcrumb\",\"itemListElement\":[{\"@type\":\"ListItem\",\"position\":1,\"name\":\"Portada\",\"item\":\"https:\\\/\\\/www.inverseteams.com\\\/de\\\/\"},{\"@type\":\"ListItem\",\"position\":2,\"name\":\"Speichern\",\"item\":\"https:\\\/\\\/www.inverseteams.com\\\/de\\\/speichern\\\/\"},{\"@type\":\"ListItem\",\"position\":3,\"name\":\"Personalisiertes Kurzarm Einteiler KAIROS\"}]},{\"@type\":\"WebSite\",\"@id\":\"https:\\\/\\\/www.inverseteams.com\\\/de\\\/#website\",\"url\":\"https:\\\/\\\/www.inverseteams.com\\\/de\\\/\",\"name\":\"Inverseteams\",\"description\":\"Tu marca de ropa deportiva personalizada\",\"publisher\":{\"@id\":\"https:\\\/\\\/www.inverseteams.com\\\/de\\\/#organization\"},\"potentialAction\":[{\"@type\":\"SearchAction\",\"target\":{\"@type\":\"EntryPoint\",\"urlTemplate\":\"https:\\\/\\\/www.inverseteams.com\\\/de\\\/?s={search_term_string}\"},\"query-input\":{\"@type\":\"PropertyValueSpecification\",\"valueRequired\":true,\"valueName\":\"search_term_string\"}}],\"inLanguage\":\"de\"},{\"@type\":\"Organization\",\"@id\":\"https:\\\/\\\/www.inverseteams.com\\\/de\\\/#organization\",\"name\":\"Inverse Teams\",\"url\":\"https:\\\/\\\/www.inverseteams.com\\\/de\\\/\",\"logo\":{\"@type\":\"ImageObject\",\"inLanguage\":\"de\",\"@id\":\"https:\\\/\\\/www.inverseteams.com\\\/de\\\/#\\\/schema\\\/logo\\\/image\\\/\",\"url\":\"http:\\\/\\\/www.inverseteams.com\\\/wp-content\\\/uploads\\\/2021\\\/03\\\/logo-inverse-teams.png\",\"contentUrl\":\"http:\\\/\\\/www.inverseteams.com\\\/wp-content\\\/uploads\\\/2021\\\/03\\\/logo-inverse-teams.png\",\"width\":294,\"height\":99,\"caption\":\"Inverse Teams\"},\"image\":{\"@id\":\"https:\\\/\\\/www.inverseteams.com\\\/de\\\/#\\\/schema\\\/logo\\\/image\\\/\"},\"sameAs\":[\"https:\\\/\\\/www.facebook.com\\\/inverseteams\",\"http:\\\/\\\/instagram.com\\\/inverseteams\",\"https:\\\/\\\/www.linkedin.com\\\/company\\\/inverse-cirosport-s-l-?trk=job_view_topcard_company_name\",\"http:\\\/\\\/www.pinterest.com\\\/inverseteams\\\/\",\"http:\\\/\\\/www.youtube.com\\\/user\\\/inverseteams?feature=watch\"]}]}<\/script>\n<!-- \/ Yoast SEO plugin. -->","yoast_head_json":{"title":"Personalisiertes Kurzarm Einteiler KAIROS","description":"Die Elastizit\u00e4t des Stoffes und die anatomische Form aller Eins\u00e4tze helfen dem KAIROS-Skinsuit, sich der Fahrposition anzupassen, ohne zu st\u00f6ren und das Eindringen von Luft zu verhindern. Dar\u00fcber hinaus garantiert die Struktur seiner Stoffe eine gute Windstr\u00f6mung, um die Aerodynamik zu erh\u00f6hen und alle Ihre Anstrengungen zu optimieren. Diese Paneele sind mit besonders widerstandsf\u00e4higen Flachn\u00e4hten gen\u00e4ht, die dem St\u00fcck auch ein attraktiveres Design verleihen. Am Ende des lasergeschnittenen \u00c4rmels befinden sich hypoallergene Silikonpunkte, die f\u00fcr eine gute Befestigung am Arm sorgen. Am Ende der Beine befindet sich ein mikroperforiertes Gummiband mit einem hypoallergenen Silikongriff im Inneren. Dies verhindert, dass das Schwitzen zunimmt und h\u00e4lt das St\u00fcck fest am Bein. Au\u00dfen verf\u00fcgt es \u00fcber 360\u00b0 reflektierende Linien, die Ihre Sicherheit erh\u00f6hen, da sie das Licht der Fahrzeuge reflektieren.","robots":{"index":"index","follow":"follow","max-snippet":"max-snippet:-1","max-image-preview":"max-image-preview:large","max-video-preview":"max-video-preview:-1"},"canonical":"https:\/\/www.inverseteams.com\/de\/produkt\/short-sleeve-cycling-skinsuit-kairos\/","og_locale":"de_DE","og_type":"article","og_title":"Personalisiertes Kurzarm Einteiler KAIROS","og_description":"Die Elastizit\u00e4t des Stoffes und die anatomische Form aller Eins\u00e4tze helfen dem KAIROS-Skinsuit, sich der Fahrposition anzupassen, ohne zu st\u00f6ren und das Eindringen von Luft zu verhindern. Dar\u00fcber hinaus garantiert die Struktur seiner Stoffe eine gute Windstr\u00f6mung, um die Aerodynamik zu erh\u00f6hen und alle Ihre Anstrengungen zu optimieren. Diese Paneele sind mit besonders widerstandsf\u00e4higen Flachn\u00e4hten gen\u00e4ht, die dem St\u00fcck auch ein attraktiveres Design verleihen. Am Ende des lasergeschnittenen \u00c4rmels befinden sich hypoallergene Silikonpunkte, die f\u00fcr eine gute Befestigung am Arm sorgen. Am Ende der Beine befindet sich ein mikroperforiertes Gummiband mit einem hypoallergenen Silikongriff im Inneren. Dies verhindert, dass das Schwitzen zunimmt und h\u00e4lt das St\u00fcck fest am Bein. Au\u00dfen verf\u00fcgt es \u00fcber 360\u00b0 reflektierende Linien, die Ihre Sicherheit erh\u00f6hen, da sie das Licht der Fahrzeuge reflektieren.","og_url":"https:\/\/www.inverseteams.com\/de\/produkt\/short-sleeve-cycling-skinsuit-kairos\/","og_site_name":"Inverseteams","article_publisher":"https:\/\/www.facebook.com\/inverseteams","article_modified_time":"2024-12-12T12:23:41+00:00","og_image":[{"width":1500,"height":1612,"url":"https:\/\/www.inverseteams.com\/wp-content\/uploads\/BUZO-CICLISMO-MANGA-CORTA-KAIROS-1.jpg","type":"image\/jpeg"}],"twitter_card":"summary_large_image","twitter_misc":{"Gesch\u00e4tzte Lesezeit":"1\u00a0Minute"},"schema":{"@context":"https:\/\/schema.org","@graph":[{"@type":"WebPage","@id":"https:\/\/www.inverseteams.com\/de\/produkt\/short-sleeve-cycling-skinsuit-kairos\/","url":"https:\/\/www.inverseteams.com\/de\/produkt\/short-sleeve-cycling-skinsuit-kairos\/","name":"Personalisiertes Kurzarm Einteiler KAIROS","isPartOf":{"@id":"https:\/\/www.inverseteams.com\/de\/#website"},"primaryImageOfPage":{"@id":"https:\/\/www.inverseteams.com\/de\/produkt\/short-sleeve-cycling-skinsuit-kairos\/#primaryimage"},"image":{"@id":"https:\/\/www.inverseteams.com\/de\/produkt\/short-sleeve-cycling-skinsuit-kairos\/#primaryimage"},"thumbnailUrl":"https:\/\/www.inverseteams.com\/wp-content\/uploads\/BUZO-CICLISMO-MANGA-CORTA-KAIROS-1.jpg","datePublished":"2021-10-05T09:51:20+00:00","dateModified":"2024-12-12T12:23:41+00:00","description":"Die Elastizit\u00e4t des Stoffes und die anatomische Form aller Eins\u00e4tze helfen dem KAIROS-Skinsuit, sich der Fahrposition anzupassen, ohne zu st\u00f6ren und das Eindringen von Luft zu verhindern. Dar\u00fcber hinaus garantiert die Struktur seiner Stoffe eine gute Windstr\u00f6mung, um die Aerodynamik zu erh\u00f6hen und alle Ihre Anstrengungen zu optimieren. Diese Paneele sind mit besonders widerstandsf\u00e4higen Flachn\u00e4hten gen\u00e4ht, die dem St\u00fcck auch ein attraktiveres Design verleihen. Am Ende des lasergeschnittenen \u00c4rmels befinden sich hypoallergene Silikonpunkte, die f\u00fcr eine gute Befestigung am Arm sorgen. Am Ende der Beine befindet sich ein mikroperforiertes Gummiband mit einem hypoallergenen Silikongriff im Inneren. Dies verhindert, dass das Schwitzen zunimmt und h\u00e4lt das St\u00fcck fest am Bein. Au\u00dfen verf\u00fcgt es \u00fcber 360\u00b0 reflektierende Linien, die Ihre Sicherheit erh\u00f6hen, da sie das Licht der Fahrzeuge reflektieren.","breadcrumb":{"@id":"https:\/\/www.inverseteams.com\/de\/produkt\/short-sleeve-cycling-skinsuit-kairos\/#breadcrumb"},"inLanguage":"de","potentialAction":[{"@type":"ReadAction","target":["https:\/\/www.inverseteams.com\/de\/produkt\/short-sleeve-cycling-skinsuit-kairos\/"]}]},{"@type":"ImageObject","inLanguage":"de","@id":"https:\/\/www.inverseteams.com\/de\/produkt\/short-sleeve-cycling-skinsuit-kairos\/#primaryimage","url":"https:\/\/www.inverseteams.com\/wp-content\/uploads\/BUZO-CICLISMO-MANGA-CORTA-KAIROS-1.jpg","contentUrl":"https:\/\/www.inverseteams.com\/wp-content\/uploads\/BUZO-CICLISMO-MANGA-CORTA-KAIROS-1.jpg","width":1500,"height":1612,"caption":"combinaison cyclisme personnalis\u00e9"},{"@type":"BreadcrumbList","@id":"https:\/\/www.inverseteams.com\/de\/produkt\/short-sleeve-cycling-skinsuit-kairos\/#breadcrumb","itemListElement":[{"@type":"ListItem","position":1,"name":"Portada","item":"https:\/\/www.inverseteams.com\/de\/"},{"@type":"ListItem","position":2,"name":"Speichern","item":"https:\/\/www.inverseteams.com\/de\/speichern\/"},{"@type":"ListItem","position":3,"name":"Personalisiertes Kurzarm Einteiler KAIROS"}]},{"@type":"WebSite","@id":"https:\/\/www.inverseteams.com\/de\/#website","url":"https:\/\/www.inverseteams.com\/de\/","name":"Inverseteams","description":"Tu marca de ropa deportiva personalizada","publisher":{"@id":"https:\/\/www.inverseteams.com\/de\/#organization"},"potentialAction":[{"@type":"SearchAction","target":{"@type":"EntryPoint","urlTemplate":"https:\/\/www.inverseteams.com\/de\/?s={search_term_string}"},"query-input":{"@type":"PropertyValueSpecification","valueRequired":true,"valueName":"search_term_string"}}],"inLanguage":"de"},{"@type":"Organization","@id":"https:\/\/www.inverseteams.com\/de\/#organization","name":"Inverse Teams","url":"https:\/\/www.inverseteams.com\/de\/","logo":{"@type":"ImageObject","inLanguage":"de","@id":"https:\/\/www.inverseteams.com\/de\/#\/schema\/logo\/image\/","url":"https:\/\/www.inverseteams.com\/wp-content\/uploads\/2021\/03\/logo-inverse-teams.png","contentUrl":"https:\/\/www.inverseteams.com\/wp-content\/uploads\/2021\/03\/logo-inverse-teams.png","width":294,"height":99,"caption":"Inverse Teams"},"image":{"@id":"https:\/\/www.inverseteams.com\/de\/#\/schema\/logo\/image\/"},"sameAs":["https:\/\/www.facebook.com\/inverseteams","http:\/\/instagram.com\/inverseteams","https:\/\/www.linkedin.com\/company\/inverse-cirosport-s-l-?trk=job_view_topcard_company_name","http:\/\/www.pinterest.com\/inverseteams\/","http:\/\/www.youtube.com\/user\/inverseteams?feature=watch"]}]}},"_links":{"self":[{"href":"https:\/\/www.inverseteams.com\/de\/wp-json\/wp\/v2\/product\/174416","targetHints":{"allow":["GET"]}}],"collection":[{"href":"https:\/\/www.inverseteams.com\/de\/wp-json\/wp\/v2\/product"}],"about":[{"href":"https:\/\/www.inverseteams.com\/de\/wp-json\/wp\/v2\/types\/product"}],"replies":[{"embeddable":true,"href":"https:\/\/www.inverseteams.com\/de\/wp-json\/wp\/v2\/comments?post=174416"}],"wp:featuredmedia":[{"embeddable":true,"href":"https:\/\/www.inverseteams.com\/de\/wp-json\/wp\/v2\/media\/223713"}],"wp:attachment":[{"href":"https:\/\/www.inverseteams.com\/de\/wp-json\/wp\/v2\/media?parent=174416"}],"wp:term":[{"taxonomy":"product_brand","embeddable":true,"href":"https:\/\/www.inverseteams.com\/de\/wp-json\/wp\/v2\/product_brand?post=174416"},{"taxonomy":"product_cat","embeddable":true,"href":"https:\/\/www.inverseteams.com\/de\/wp-json\/wp\/v2\/product_cat?post=174416"},{"taxonomy":"product_tag","embeddable":true,"href":"https:\/\/www.inverseteams.com\/de\/wp-json\/wp\/v2\/product_tag?post=174416"},{"taxonomy":"custom_category","embeddable":true,"href":"https:\/\/www.inverseteams.com\/de\/wp-json\/wp\/v2\/custom_category?post=174416"},{"taxonomy":"range","embeddable":true,"href":"https:\/\/www.inverseteams.com\/de\/wp-json\/wp\/v2\/range?post=174416"}],"curies":[{"name":"wp","href":"https:\/\/api.w.org\/{rel}","templated":true}]}}