{"id":174407,"date":"2023-04-19T12:39:28","date_gmt":"2023-04-19T09:41:30","guid":{"rendered":"https:\/\/www.inverseteams.com\/product\/hoodie-denver\/"},"modified":"2025-05-22T00:02:00","modified_gmt":"2025-05-22T00:02:00","slug":"kapuzenpullover-denver","status":"publish","type":"product","link":"https:\/\/www.inverseteams.com\/de\/produkt\/kapuzenpullover-denver\/","title":{"rendered":"Kapuzenpullover DENVER"},"content":{"rendered":"<p>Seine ESSENSE\u2122-Technologie garantiert eine gute Atmungsaktivit\u00e4t und verhindert schlechte Ger\u00fcche. Sein Stoff f\u00fchlt sich sehr angenehm an und sorgt f\u00fcr die n\u00f6tige W\u00e4rme, um Sie an k\u00fchlen Tagen warm zu halten.<br \/>\nDer Stoff an B\u00fcndchen und Taille erm\u00f6glicht eine perfekte Anpassung des Kleidungsst\u00fccks an den K\u00f6rper und verhindert das Eindringen von Luft und W\u00e4rmeverlust. Dar\u00fcber hinaus k\u00f6nnen Sie sich so vor Wind und K\u00e4lte sch\u00fctzen. Es hat 2 klassische Vordertaschen. Im unteren R\u00fcckenbereich befinden sich 2 Taschen aus widerstandsf\u00e4higem und abriebfestem Stoff. Einer ist offen und der andere hat einen Rei\u00dfverschluss.<\/p>\n","protected":false},"excerpt":{"rendered":"<p>Seine ESSENSE\u2122-Technologie garantiert eine gute Atmungsaktivit\u00e4t und verhindert schlechte Ger\u00fcche. Sein Stoff f\u00fchlt sich sehr angenehm an und sorgt f\u00fcr die n\u00f6tige W\u00e4rme, um Sie an k\u00fchlen Tagen warm zu halten.<br \/>\nDer Stoff an B\u00fcndchen und Taille erm\u00f6glicht eine perfekte Anpassung des Kleidungsst\u00fccks an den K\u00f6rper und verhindert das Eindringen von Luft und W\u00e4rmeverlust. Dar\u00fcber hinaus k\u00f6nnen Sie sich so vor Wind und K\u00e4lte sch\u00fctzen. Es hat 2 klassische Vordertaschen. Im unteren R\u00fcckenbereich befinden sich 2 Taschen aus widerstandsf\u00e4higem und abriebfestem Stoff. Einer ist offen und der andere hat einen Rei\u00dfverschluss.<\/p>\n","protected":false},"featured_media":162272,"comment_status":"closed","ping_status":"closed","template":"","meta":{"_acf_changed":false},"product_brand":[],"product_cat":[11153,11467,11258],"product_tag":[],"custom_category":[],"range":[],"class_list":{"0":"post-174407","1":"product","2":"type-product","3":"status-publish","4":"has-post-thumbnail","6":"product_cat-b2b-de","7":"product_cat-kapuzenpullover-de","8":"product_cat-gravel-de","9":"pa_climatologia-temperatura-templada-de","10":"pa_climatologia-frio-de","11":"pa_deporte-lifestyle-de","12":"pa_genero-mujer-de","13":"pa_genero-hombre-de","14":"pa_patronaje-casual-de","15":"pa_talla-xxl-de","16":"pa_talla-xs-de","17":"pa_talla-s-de","18":"pa_talla-m-de","19":"pa_talla-l-de","20":"pa_talla-3xl-de","21":"pa_talla-xl-de","22":"pa_tipo-de-prenda-sudadera-de","24":"first","25":"outofstock","26":"taxable","27":"shipping-taxable","28":"product-type-variable","29":"has-default-attributes"},"acf":[],"yoast_head":"<!-- This site is optimized with the Yoast SEO plugin v27.3 - https:\/\/yoast.com\/product\/yoast-seo-wordpress\/ -->\n<title>Kapuzenpullover DENVER | Inverseteams<\/title>\n<meta name=\"description\" content=\"Seine ESSENSE\u2122-Technologie garantiert eine gute Atmungsaktivit\u00e4t und verhindert schlechte Ger\u00fcche. Sein Stoff f\u00fchlt sich sehr angenehm an und sorgt f\u00fcr die n\u00f6tige W\u00e4rme, um Sie an k\u00fchlen Tagen warm zu halten. Der Stoff an B\u00fcndchen und Taille erm\u00f6glicht eine perfekte Anpassung des Kleidungsst\u00fccks an den K\u00f6rper und verhindert das Eindringen von Luft und W\u00e4rmeverlust. Dar\u00fcber hinaus k\u00f6nnen Sie sich so vor Wind und K\u00e4lte sch\u00fctzen. Es hat 2 klassische Vordertaschen. Im unteren R\u00fcckenbereich befinden sich 2 Taschen aus widerstandsf\u00e4higem und abriebfestem Stoff. Einer ist offen und der andere hat einen Rei\u00dfverschluss.\" \/>\n<meta name=\"robots\" content=\"index, follow, max-snippet:-1, max-image-preview:large, max-video-preview:-1\" \/>\n<link rel=\"canonical\" href=\"https:\/\/www.inverseteams.com\/de\/produkt\/kapuzenpullover-denver\/\" \/>\n<meta property=\"og:locale\" content=\"de_DE\" \/>\n<meta property=\"og:type\" content=\"article\" \/>\n<meta property=\"og:title\" content=\"Kapuzenpullover DENVER | Inverseteams\" \/>\n<meta property=\"og:description\" content=\"Seine ESSENSE\u2122-Technologie garantiert eine gute Atmungsaktivit\u00e4t und verhindert schlechte Ger\u00fcche. Sein Stoff f\u00fchlt sich sehr angenehm an und sorgt f\u00fcr die n\u00f6tige W\u00e4rme, um Sie an k\u00fchlen Tagen warm zu halten. Der Stoff an B\u00fcndchen und Taille erm\u00f6glicht eine perfekte Anpassung des Kleidungsst\u00fccks an den K\u00f6rper und verhindert das Eindringen von Luft und W\u00e4rmeverlust. Dar\u00fcber hinaus k\u00f6nnen Sie sich so vor Wind und K\u00e4lte sch\u00fctzen. Es hat 2 klassische Vordertaschen. Im unteren R\u00fcckenbereich befinden sich 2 Taschen aus widerstandsf\u00e4higem und abriebfestem Stoff. Einer ist offen und der andere hat einen Rei\u00dfverschluss.\" \/>\n<meta property=\"og:url\" content=\"https:\/\/www.inverseteams.com\/de\/produkt\/kapuzenpullover-denver\/\" \/>\n<meta property=\"og:site_name\" content=\"Inverseteams\" \/>\n<meta property=\"article:publisher\" content=\"https:\/\/www.facebook.com\/inverseteams\" \/>\n<meta property=\"article:modified_time\" content=\"2025-05-22T00:02:00+00:00\" \/>\n<meta property=\"og:image\" content=\"https:\/\/www.inverseteams.com\/wp-content\/uploads\/SUDADERA-CON-CAPUCHA-DENVER-1.jpg\" \/>\n\t<meta property=\"og:image:width\" content=\"3000\" \/>\n\t<meta property=\"og:image:height\" content=\"3223\" \/>\n\t<meta property=\"og:image:type\" content=\"image\/jpeg\" \/>\n<meta name=\"twitter:card\" content=\"summary_large_image\" \/>\n<meta name=\"twitter:label1\" content=\"Gesch\u00e4tzte Lesezeit\" \/>\n\t<meta name=\"twitter:data1\" content=\"1\u00a0Minute\" \/>\n<script type=\"application\/ld+json\" class=\"yoast-schema-graph\">{\"@context\":\"https:\\\/\\\/schema.org\",\"@graph\":[{\"@type\":\"WebPage\",\"@id\":\"https:\\\/\\\/www.inverseteams.com\\\/de\\\/produkt\\\/kapuzenpullover-denver\\\/\",\"url\":\"https:\\\/\\\/www.inverseteams.com\\\/de\\\/produkt\\\/kapuzenpullover-denver\\\/\",\"name\":\"Kapuzenpullover DENVER | Inverseteams\",\"isPartOf\":{\"@id\":\"https:\\\/\\\/www.inverseteams.com\\\/de\\\/#website\"},\"primaryImageOfPage\":{\"@id\":\"https:\\\/\\\/www.inverseteams.com\\\/de\\\/produkt\\\/kapuzenpullover-denver\\\/#primaryimage\"},\"image\":{\"@id\":\"https:\\\/\\\/www.inverseteams.com\\\/de\\\/produkt\\\/kapuzenpullover-denver\\\/#primaryimage\"},\"thumbnailUrl\":\"https:\\\/\\\/www.inverseteams.com\\\/wp-content\\\/uploads\\\/SUDADERA-CON-CAPUCHA-DENVER-1.jpg\",\"datePublished\":\"2023-04-19T09:41:30+00:00\",\"dateModified\":\"2025-05-22T00:02:00+00:00\",\"description\":\"Seine ESSENSE\u2122-Technologie garantiert eine gute Atmungsaktivit\u00e4t und verhindert schlechte Ger\u00fcche. Sein Stoff f\u00fchlt sich sehr angenehm an und sorgt f\u00fcr die n\u00f6tige W\u00e4rme, um Sie an k\u00fchlen Tagen warm zu halten. Der Stoff an B\u00fcndchen und Taille erm\u00f6glicht eine perfekte Anpassung des Kleidungsst\u00fccks an den K\u00f6rper und verhindert das Eindringen von Luft und W\u00e4rmeverlust. Dar\u00fcber hinaus k\u00f6nnen Sie sich so vor Wind und K\u00e4lte sch\u00fctzen. Es hat 2 klassische Vordertaschen. Im unteren R\u00fcckenbereich befinden sich 2 Taschen aus widerstandsf\u00e4higem und abriebfestem Stoff. Einer ist offen und der andere hat einen Rei\u00dfverschluss.\",\"breadcrumb\":{\"@id\":\"https:\\\/\\\/www.inverseteams.com\\\/de\\\/produkt\\\/kapuzenpullover-denver\\\/#breadcrumb\"},\"inLanguage\":\"de\",\"potentialAction\":[{\"@type\":\"ReadAction\",\"target\":[\"https:\\\/\\\/www.inverseteams.com\\\/de\\\/produkt\\\/kapuzenpullover-denver\\\/\"]}]},{\"@type\":\"ImageObject\",\"inLanguage\":\"de\",\"@id\":\"https:\\\/\\\/www.inverseteams.com\\\/de\\\/produkt\\\/kapuzenpullover-denver\\\/#primaryimage\",\"url\":\"https:\\\/\\\/www.inverseteams.com\\\/wp-content\\\/uploads\\\/SUDADERA-CON-CAPUCHA-DENVER-1.jpg\",\"contentUrl\":\"https:\\\/\\\/www.inverseteams.com\\\/wp-content\\\/uploads\\\/SUDADERA-CON-CAPUCHA-DENVER-1.jpg\",\"width\":3000,\"height\":3223,\"caption\":\"Sudadera con capucha DENVER\"},{\"@type\":\"BreadcrumbList\",\"@id\":\"https:\\\/\\\/www.inverseteams.com\\\/de\\\/produkt\\\/kapuzenpullover-denver\\\/#breadcrumb\",\"itemListElement\":[{\"@type\":\"ListItem\",\"position\":1,\"name\":\"Portada\",\"item\":\"https:\\\/\\\/www.inverseteams.com\\\/de\\\/\"},{\"@type\":\"ListItem\",\"position\":2,\"name\":\"Speichern\",\"item\":\"https:\\\/\\\/www.inverseteams.com\\\/de\\\/speichern\\\/\"},{\"@type\":\"ListItem\",\"position\":3,\"name\":\"Kapuzenpullover DENVER\"}]},{\"@type\":\"WebSite\",\"@id\":\"https:\\\/\\\/www.inverseteams.com\\\/de\\\/#website\",\"url\":\"https:\\\/\\\/www.inverseteams.com\\\/de\\\/\",\"name\":\"Inverseteams\",\"description\":\"Tu marca de ropa deportiva personalizada\",\"publisher\":{\"@id\":\"https:\\\/\\\/www.inverseteams.com\\\/de\\\/#organization\"},\"potentialAction\":[{\"@type\":\"SearchAction\",\"target\":{\"@type\":\"EntryPoint\",\"urlTemplate\":\"https:\\\/\\\/www.inverseteams.com\\\/de\\\/?s={search_term_string}\"},\"query-input\":{\"@type\":\"PropertyValueSpecification\",\"valueRequired\":true,\"valueName\":\"search_term_string\"}}],\"inLanguage\":\"de\"},{\"@type\":\"Organization\",\"@id\":\"https:\\\/\\\/www.inverseteams.com\\\/de\\\/#organization\",\"name\":\"Inverse Teams\",\"url\":\"https:\\\/\\\/www.inverseteams.com\\\/de\\\/\",\"logo\":{\"@type\":\"ImageObject\",\"inLanguage\":\"de\",\"@id\":\"https:\\\/\\\/www.inverseteams.com\\\/de\\\/#\\\/schema\\\/logo\\\/image\\\/\",\"url\":\"https:\\\/\\\/www.inverseteams.com\\\/wp-content\\\/uploads\\\/2021\\\/03\\\/logo-inverse-teams.png\",\"contentUrl\":\"https:\\\/\\\/www.inverseteams.com\\\/wp-content\\\/uploads\\\/2021\\\/03\\\/logo-inverse-teams.png\",\"width\":294,\"height\":99,\"caption\":\"Inverse Teams\"},\"image\":{\"@id\":\"https:\\\/\\\/www.inverseteams.com\\\/de\\\/#\\\/schema\\\/logo\\\/image\\\/\"},\"sameAs\":[\"https:\\\/\\\/www.facebook.com\\\/inverseteams\",\"http:\\\/\\\/instagram.com\\\/inverseteams\",\"https:\\\/\\\/www.linkedin.com\\\/company\\\/inverse-cirosport-s-l-?trk=job_view_topcard_company_name\",\"http:\\\/\\\/www.pinterest.com\\\/inverseteams\\\/\",\"http:\\\/\\\/www.youtube.com\\\/user\\\/inverseteams?feature=watch\"]}]}<\/script>\n<!-- \/ Yoast SEO plugin. -->","yoast_head_json":{"title":"Kapuzenpullover DENVER | Inverseteams","description":"Seine ESSENSE\u2122-Technologie garantiert eine gute Atmungsaktivit\u00e4t und verhindert schlechte Ger\u00fcche. Sein Stoff f\u00fchlt sich sehr angenehm an und sorgt f\u00fcr die n\u00f6tige W\u00e4rme, um Sie an k\u00fchlen Tagen warm zu halten. Der Stoff an B\u00fcndchen und Taille erm\u00f6glicht eine perfekte Anpassung des Kleidungsst\u00fccks an den K\u00f6rper und verhindert das Eindringen von Luft und W\u00e4rmeverlust. Dar\u00fcber hinaus k\u00f6nnen Sie sich so vor Wind und K\u00e4lte sch\u00fctzen. Es hat 2 klassische Vordertaschen. Im unteren R\u00fcckenbereich befinden sich 2 Taschen aus widerstandsf\u00e4higem und abriebfestem Stoff. Einer ist offen und der andere hat einen Rei\u00dfverschluss.","robots":{"index":"index","follow":"follow","max-snippet":"max-snippet:-1","max-image-preview":"max-image-preview:large","max-video-preview":"max-video-preview:-1"},"canonical":"https:\/\/www.inverseteams.com\/de\/produkt\/kapuzenpullover-denver\/","og_locale":"de_DE","og_type":"article","og_title":"Kapuzenpullover DENVER | Inverseteams","og_description":"Seine ESSENSE\u2122-Technologie garantiert eine gute Atmungsaktivit\u00e4t und verhindert schlechte Ger\u00fcche. Sein Stoff f\u00fchlt sich sehr angenehm an und sorgt f\u00fcr die n\u00f6tige W\u00e4rme, um Sie an k\u00fchlen Tagen warm zu halten. Der Stoff an B\u00fcndchen und Taille erm\u00f6glicht eine perfekte Anpassung des Kleidungsst\u00fccks an den K\u00f6rper und verhindert das Eindringen von Luft und W\u00e4rmeverlust. Dar\u00fcber hinaus k\u00f6nnen Sie sich so vor Wind und K\u00e4lte sch\u00fctzen. Es hat 2 klassische Vordertaschen. Im unteren R\u00fcckenbereich befinden sich 2 Taschen aus widerstandsf\u00e4higem und abriebfestem Stoff. Einer ist offen und der andere hat einen Rei\u00dfverschluss.","og_url":"https:\/\/www.inverseteams.com\/de\/produkt\/kapuzenpullover-denver\/","og_site_name":"Inverseteams","article_publisher":"https:\/\/www.facebook.com\/inverseteams","article_modified_time":"2025-05-22T00:02:00+00:00","og_image":[{"width":3000,"height":3223,"url":"https:\/\/www.inverseteams.com\/wp-content\/uploads\/SUDADERA-CON-CAPUCHA-DENVER-1.jpg","type":"image\/jpeg"}],"twitter_card":"summary_large_image","twitter_misc":{"Gesch\u00e4tzte Lesezeit":"1\u00a0Minute"},"schema":{"@context":"https:\/\/schema.org","@graph":[{"@type":"WebPage","@id":"https:\/\/www.inverseteams.com\/de\/produkt\/kapuzenpullover-denver\/","url":"https:\/\/www.inverseteams.com\/de\/produkt\/kapuzenpullover-denver\/","name":"Kapuzenpullover DENVER | Inverseteams","isPartOf":{"@id":"https:\/\/www.inverseteams.com\/de\/#website"},"primaryImageOfPage":{"@id":"https:\/\/www.inverseteams.com\/de\/produkt\/kapuzenpullover-denver\/#primaryimage"},"image":{"@id":"https:\/\/www.inverseteams.com\/de\/produkt\/kapuzenpullover-denver\/#primaryimage"},"thumbnailUrl":"https:\/\/www.inverseteams.com\/wp-content\/uploads\/SUDADERA-CON-CAPUCHA-DENVER-1.jpg","datePublished":"2023-04-19T09:41:30+00:00","dateModified":"2025-05-22T00:02:00+00:00","description":"Seine ESSENSE\u2122-Technologie garantiert eine gute Atmungsaktivit\u00e4t und verhindert schlechte Ger\u00fcche. Sein Stoff f\u00fchlt sich sehr angenehm an und sorgt f\u00fcr die n\u00f6tige W\u00e4rme, um Sie an k\u00fchlen Tagen warm zu halten. Der Stoff an B\u00fcndchen und Taille erm\u00f6glicht eine perfekte Anpassung des Kleidungsst\u00fccks an den K\u00f6rper und verhindert das Eindringen von Luft und W\u00e4rmeverlust. Dar\u00fcber hinaus k\u00f6nnen Sie sich so vor Wind und K\u00e4lte sch\u00fctzen. Es hat 2 klassische Vordertaschen. Im unteren R\u00fcckenbereich befinden sich 2 Taschen aus widerstandsf\u00e4higem und abriebfestem Stoff. Einer ist offen und der andere hat einen Rei\u00dfverschluss.","breadcrumb":{"@id":"https:\/\/www.inverseteams.com\/de\/produkt\/kapuzenpullover-denver\/#breadcrumb"},"inLanguage":"de","potentialAction":[{"@type":"ReadAction","target":["https:\/\/www.inverseteams.com\/de\/produkt\/kapuzenpullover-denver\/"]}]},{"@type":"ImageObject","inLanguage":"de","@id":"https:\/\/www.inverseteams.com\/de\/produkt\/kapuzenpullover-denver\/#primaryimage","url":"https:\/\/www.inverseteams.com\/wp-content\/uploads\/SUDADERA-CON-CAPUCHA-DENVER-1.jpg","contentUrl":"https:\/\/www.inverseteams.com\/wp-content\/uploads\/SUDADERA-CON-CAPUCHA-DENVER-1.jpg","width":3000,"height":3223,"caption":"Sudadera con capucha DENVER"},{"@type":"BreadcrumbList","@id":"https:\/\/www.inverseteams.com\/de\/produkt\/kapuzenpullover-denver\/#breadcrumb","itemListElement":[{"@type":"ListItem","position":1,"name":"Portada","item":"https:\/\/www.inverseteams.com\/de\/"},{"@type":"ListItem","position":2,"name":"Speichern","item":"https:\/\/www.inverseteams.com\/de\/speichern\/"},{"@type":"ListItem","position":3,"name":"Kapuzenpullover DENVER"}]},{"@type":"WebSite","@id":"https:\/\/www.inverseteams.com\/de\/#website","url":"https:\/\/www.inverseteams.com\/de\/","name":"Inverseteams","description":"Tu marca de ropa deportiva personalizada","publisher":{"@id":"https:\/\/www.inverseteams.com\/de\/#organization"},"potentialAction":[{"@type":"SearchAction","target":{"@type":"EntryPoint","urlTemplate":"https:\/\/www.inverseteams.com\/de\/?s={search_term_string}"},"query-input":{"@type":"PropertyValueSpecification","valueRequired":true,"valueName":"search_term_string"}}],"inLanguage":"de"},{"@type":"Organization","@id":"https:\/\/www.inverseteams.com\/de\/#organization","name":"Inverse Teams","url":"https:\/\/www.inverseteams.com\/de\/","logo":{"@type":"ImageObject","inLanguage":"de","@id":"https:\/\/www.inverseteams.com\/de\/#\/schema\/logo\/image\/","url":"https:\/\/www.inverseteams.com\/wp-content\/uploads\/2021\/03\/logo-inverse-teams.png","contentUrl":"https:\/\/www.inverseteams.com\/wp-content\/uploads\/2021\/03\/logo-inverse-teams.png","width":294,"height":99,"caption":"Inverse Teams"},"image":{"@id":"https:\/\/www.inverseteams.com\/de\/#\/schema\/logo\/image\/"},"sameAs":["https:\/\/www.facebook.com\/inverseteams","http:\/\/instagram.com\/inverseteams","https:\/\/www.linkedin.com\/company\/inverse-cirosport-s-l-?trk=job_view_topcard_company_name","http:\/\/www.pinterest.com\/inverseteams\/","http:\/\/www.youtube.com\/user\/inverseteams?feature=watch"]}]}},"_links":{"self":[{"href":"https:\/\/www.inverseteams.com\/de\/wp-json\/wp\/v2\/product\/174407","targetHints":{"allow":["GET"]}}],"collection":[{"href":"https:\/\/www.inverseteams.com\/de\/wp-json\/wp\/v2\/product"}],"about":[{"href":"https:\/\/www.inverseteams.com\/de\/wp-json\/wp\/v2\/types\/product"}],"replies":[{"embeddable":true,"href":"https:\/\/www.inverseteams.com\/de\/wp-json\/wp\/v2\/comments?post=174407"}],"wp:featuredmedia":[{"embeddable":true,"href":"https:\/\/www.inverseteams.com\/de\/wp-json\/wp\/v2\/media\/162272"}],"wp:attachment":[{"href":"https:\/\/www.inverseteams.com\/de\/wp-json\/wp\/v2\/media?parent=174407"}],"wp:term":[{"taxonomy":"product_brand","embeddable":true,"href":"https:\/\/www.inverseteams.com\/de\/wp-json\/wp\/v2\/product_brand?post=174407"},{"taxonomy":"product_cat","embeddable":true,"href":"https:\/\/www.inverseteams.com\/de\/wp-json\/wp\/v2\/product_cat?post=174407"},{"taxonomy":"product_tag","embeddable":true,"href":"https:\/\/www.inverseteams.com\/de\/wp-json\/wp\/v2\/product_tag?post=174407"},{"taxonomy":"custom_category","embeddable":true,"href":"https:\/\/www.inverseteams.com\/de\/wp-json\/wp\/v2\/custom_category?post=174407"},{"taxonomy":"range","embeddable":true,"href":"https:\/\/www.inverseteams.com\/de\/wp-json\/wp\/v2\/range?post=174407"}],"curies":[{"name":"wp","href":"https:\/\/api.w.org\/{rel}","templated":true}]}}