{"id":174403,"date":"2022-12-13T13:25:11","date_gmt":"2022-12-13T13:32:13","guid":{"rendered":"https:\/\/www.inverseteams.com\/product\/thermal-headband\/"},"modified":"2024-02-05T14:03:14","modified_gmt":"2024-02-05T14:03:14","slug":"personalisiertes-thermo-stirnband","status":"publish","type":"product","link":"https:\/\/www.inverseteams.com\/de\/produkt\/personalisiertes-thermo-stirnband\/","title":{"rendered":"Personalisiertes Thermo-Stirnband"},"content":{"rendered":"<p>Das Thermo-Stirnband besteht aus SUPERROUBAIX und sch\u00fctzt die Ohren vor K\u00e4lte. Durch den Sublimationsprozess wird sichergestellt, dass die Farben bei Gebrauch und mit der Zeit nicht an Intensit\u00e4t verlieren. Bei der Individualisierung werden umweltfreundliche Farbstoffe verwendet.<\/p>\n","protected":false},"excerpt":{"rendered":"<p>Das Thermo-Stirnband besteht aus SUPERROUBAIX und sch\u00fctzt die Ohren vor K\u00e4lte. Durch den Sublimationsprozess wird sichergestellt, dass die Farben bei Gebrauch und mit der Zeit nicht an Intensit\u00e4t verlieren. Bei der Individualisierung werden umweltfreundliche Farbstoffe verwendet.<\/p>\n","protected":false},"featured_media":160297,"comment_status":"closed","ping_status":"open","template":"","meta":{"_acf_changed":false},"product_brand":[],"product_cat":[11218],"product_tag":[],"custom_category":[11240,11466,11346],"range":[11437],"class_list":{"0":"post-174403","1":"product","2":"type-product","3":"status-publish","4":"has-post-thumbnail","6":"product_cat-uncategorized-de","7":"pa_climatologia-frio-de","8":"pa_deporte-ciclismo-de","9":"pa_deporte-trail-de","10":"pa_deporte-running-de","11":"pa_deporte-esqui-de","12":"pa_genero-hombre-de","13":"pa_genero-mujer-de","14":"pa_genero-infantil-de","15":"pa_patronaje-regular-de","16":"pa_tipo-de-prenda-stirnband","17":"custom_category-sport","18":"custom_category-personalisierte-stirnband","19":"custom_category-personalisiertes-sportzubehoer","20":"range-fur-den-kopf","22":"first","23":"instock","24":"product-type-custom"},"acf":[],"yoast_head":"<!-- This site is optimized with the Yoast SEO plugin v27.2 - https:\/\/yoast.com\/product\/yoast-seo-wordpress\/ -->\n<title>Personalisiertes Thermo-Stirnband<\/title>\n<meta name=\"description\" content=\"Das Thermo-Stirnband besteht aus SUPERROUBAIX und sch\u00fctzt die Ohren vor K\u00e4lte. Durch den Sublimationsprozess wird sichergestellt, dass die Farben bei Gebrauch und mit der Zeit nicht an Intensit\u00e4t verlieren. Bei der Individualisierung werden umweltfreundliche Farbstoffe verwendet.\" \/>\n<meta name=\"robots\" content=\"index, follow, max-snippet:-1, max-image-preview:large, max-video-preview:-1\" \/>\n<link rel=\"canonical\" href=\"https:\/\/www.inverseteams.com\/de\/produkt\/personalisiertes-thermo-stirnband\/\" \/>\n<meta property=\"og:locale\" content=\"de_DE\" \/>\n<meta property=\"og:type\" content=\"article\" \/>\n<meta property=\"og:title\" content=\"Personalisiertes Thermo-Stirnband\" \/>\n<meta property=\"og:description\" content=\"Das Thermo-Stirnband besteht aus SUPERROUBAIX und sch\u00fctzt die Ohren vor K\u00e4lte. Durch den Sublimationsprozess wird sichergestellt, dass die Farben bei Gebrauch und mit der Zeit nicht an Intensit\u00e4t verlieren. Bei der Individualisierung werden umweltfreundliche Farbstoffe verwendet.\" \/>\n<meta property=\"og:url\" content=\"https:\/\/www.inverseteams.com\/de\/produkt\/personalisiertes-thermo-stirnband\/\" \/>\n<meta property=\"og:site_name\" content=\"Inverseteams\" \/>\n<meta property=\"article:publisher\" content=\"https:\/\/www.facebook.com\/inverseteams\" \/>\n<meta property=\"article:modified_time\" content=\"2024-02-05T14:03:14+00:00\" \/>\n<meta property=\"og:image\" content=\"https:\/\/www.inverseteams.com\/wp-content\/uploads\/CINTA-OREJERA-TERMICA-1.jpg\" \/>\n\t<meta property=\"og:image:width\" content=\"3000\" \/>\n\t<meta property=\"og:image:height\" content=\"3223\" \/>\n\t<meta property=\"og:image:type\" content=\"image\/jpeg\" \/>\n<meta name=\"twitter:card\" content=\"summary_large_image\" \/>\n<meta name=\"twitter:label1\" content=\"Gesch\u00e4tzte Lesezeit\" \/>\n\t<meta name=\"twitter:data1\" content=\"1\u00a0Minute\" \/>\n<script type=\"application\/ld+json\" class=\"yoast-schema-graph\">{\"@context\":\"https:\/\/schema.org\",\"@graph\":[{\"@type\":\"WebPage\",\"@id\":\"https:\/\/www.inverseteams.com\/de\/produkt\/personalisiertes-thermo-stirnband\/\",\"url\":\"https:\/\/www.inverseteams.com\/de\/produkt\/personalisiertes-thermo-stirnband\/\",\"name\":\"Personalisiertes Thermo-Stirnband\",\"isPartOf\":{\"@id\":\"https:\/\/www.inverseteams.com\/de\/#website\"},\"primaryImageOfPage\":{\"@id\":\"https:\/\/www.inverseteams.com\/de\/produkt\/personalisiertes-thermo-stirnband\/#primaryimage\"},\"image\":{\"@id\":\"https:\/\/www.inverseteams.com\/de\/produkt\/personalisiertes-thermo-stirnband\/#primaryimage\"},\"thumbnailUrl\":\"https:\/\/www.inverseteams.com\/wp-content\/uploads\/CINTA-OREJERA-TERMICA-1.jpg\",\"datePublished\":\"2022-12-13T13:32:13+00:00\",\"dateModified\":\"2024-02-05T14:03:14+00:00\",\"description\":\"Das Thermo-Stirnband besteht aus SUPERROUBAIX und sch\u00fctzt die Ohren vor K\u00e4lte. Durch den Sublimationsprozess wird sichergestellt, dass die Farben bei Gebrauch und mit der Zeit nicht an Intensit\u00e4t verlieren. Bei der Individualisierung werden umweltfreundliche Farbstoffe verwendet.\",\"breadcrumb\":{\"@id\":\"https:\/\/www.inverseteams.com\/de\/produkt\/personalisiertes-thermo-stirnband\/#breadcrumb\"},\"inLanguage\":\"de\",\"potentialAction\":[{\"@type\":\"ReadAction\",\"target\":[\"https:\/\/www.inverseteams.com\/de\/produkt\/personalisiertes-thermo-stirnband\/\"]}]},{\"@type\":\"ImageObject\",\"inLanguage\":\"de\",\"@id\":\"https:\/\/www.inverseteams.com\/de\/produkt\/personalisiertes-thermo-stirnband\/#primaryimage\",\"url\":\"https:\/\/www.inverseteams.com\/wp-content\/uploads\/CINTA-OREJERA-TERMICA-1.jpg\",\"contentUrl\":\"https:\/\/www.inverseteams.com\/wp-content\/uploads\/CINTA-OREJERA-TERMICA-1.jpg\",\"width\":3000,\"height\":3223,\"caption\":\"Cinta orejera t\u00e9rmica personalizable\"},{\"@type\":\"BreadcrumbList\",\"@id\":\"https:\/\/www.inverseteams.com\/de\/produkt\/personalisiertes-thermo-stirnband\/#breadcrumb\",\"itemListElement\":[{\"@type\":\"ListItem\",\"position\":1,\"name\":\"Portada\",\"item\":\"https:\/\/www.inverseteams.com\/de\/\"},{\"@type\":\"ListItem\",\"position\":2,\"name\":\"Speichern\",\"item\":\"https:\/\/www.inverseteams.com\/de\/speichern\/\"},{\"@type\":\"ListItem\",\"position\":3,\"name\":\"Personalisiertes Thermo-Stirnband\"}]},{\"@type\":\"WebSite\",\"@id\":\"https:\/\/www.inverseteams.com\/de\/#website\",\"url\":\"https:\/\/www.inverseteams.com\/de\/\",\"name\":\"Inverseteams\",\"description\":\"Tu marca de ropa deportiva personalizada\",\"publisher\":{\"@id\":\"https:\/\/www.inverseteams.com\/de\/#organization\"},\"potentialAction\":[{\"@type\":\"SearchAction\",\"target\":{\"@type\":\"EntryPoint\",\"urlTemplate\":\"https:\/\/www.inverseteams.com\/de\/?s={search_term_string}\"},\"query-input\":{\"@type\":\"PropertyValueSpecification\",\"valueRequired\":true,\"valueName\":\"search_term_string\"}}],\"inLanguage\":\"de\"},{\"@type\":\"Organization\",\"@id\":\"https:\/\/www.inverseteams.com\/de\/#organization\",\"name\":\"Inverse Teams\",\"url\":\"https:\/\/www.inverseteams.com\/de\/\",\"logo\":{\"@type\":\"ImageObject\",\"inLanguage\":\"de\",\"@id\":\"https:\/\/www.inverseteams.com\/de\/#\/schema\/logo\/image\/\",\"url\":\"https:\/\/www.inverseteams.com\/wp-content\/uploads\/2021\/03\/logo-inverse-teams.png\",\"contentUrl\":\"https:\/\/www.inverseteams.com\/wp-content\/uploads\/2021\/03\/logo-inverse-teams.png\",\"width\":294,\"height\":99,\"caption\":\"Inverse Teams\"},\"image\":{\"@id\":\"https:\/\/www.inverseteams.com\/de\/#\/schema\/logo\/image\/\"},\"sameAs\":[\"https:\/\/www.facebook.com\/inverseteams\",\"http:\/\/instagram.com\/inverseteams\",\"https:\/\/www.linkedin.com\/company\/inverse-cirosport-s-l-?trk=job_view_topcard_company_name\",\"http:\/\/www.pinterest.com\/inverseteams\/\",\"http:\/\/www.youtube.com\/user\/inverseteams?feature=watch\"]}]}<\/script>\n<!-- \/ Yoast SEO plugin. -->","yoast_head_json":{"title":"Personalisiertes Thermo-Stirnband","description":"Das Thermo-Stirnband besteht aus SUPERROUBAIX und sch\u00fctzt die Ohren vor K\u00e4lte. Durch den Sublimationsprozess wird sichergestellt, dass die Farben bei Gebrauch und mit der Zeit nicht an Intensit\u00e4t verlieren. Bei der Individualisierung werden umweltfreundliche Farbstoffe verwendet.","robots":{"index":"index","follow":"follow","max-snippet":"max-snippet:-1","max-image-preview":"max-image-preview:large","max-video-preview":"max-video-preview:-1"},"canonical":"https:\/\/www.inverseteams.com\/de\/produkt\/personalisiertes-thermo-stirnband\/","og_locale":"de_DE","og_type":"article","og_title":"Personalisiertes Thermo-Stirnband","og_description":"Das Thermo-Stirnband besteht aus SUPERROUBAIX und sch\u00fctzt die Ohren vor K\u00e4lte. Durch den Sublimationsprozess wird sichergestellt, dass die Farben bei Gebrauch und mit der Zeit nicht an Intensit\u00e4t verlieren. Bei der Individualisierung werden umweltfreundliche Farbstoffe verwendet.","og_url":"https:\/\/www.inverseteams.com\/de\/produkt\/personalisiertes-thermo-stirnband\/","og_site_name":"Inverseteams","article_publisher":"https:\/\/www.facebook.com\/inverseteams","article_modified_time":"2024-02-05T14:03:14+00:00","og_image":[{"width":3000,"height":3223,"url":"https:\/\/www.inverseteams.com\/wp-content\/uploads\/CINTA-OREJERA-TERMICA-1.jpg","type":"image\/jpeg"}],"twitter_card":"summary_large_image","twitter_misc":{"Gesch\u00e4tzte Lesezeit":"1\u00a0Minute"},"schema":{"@context":"https:\/\/schema.org","@graph":[{"@type":"WebPage","@id":"https:\/\/www.inverseteams.com\/de\/produkt\/personalisiertes-thermo-stirnband\/","url":"https:\/\/www.inverseteams.com\/de\/produkt\/personalisiertes-thermo-stirnband\/","name":"Personalisiertes Thermo-Stirnband","isPartOf":{"@id":"https:\/\/www.inverseteams.com\/de\/#website"},"primaryImageOfPage":{"@id":"https:\/\/www.inverseteams.com\/de\/produkt\/personalisiertes-thermo-stirnband\/#primaryimage"},"image":{"@id":"https:\/\/www.inverseteams.com\/de\/produkt\/personalisiertes-thermo-stirnband\/#primaryimage"},"thumbnailUrl":"https:\/\/www.inverseteams.com\/wp-content\/uploads\/CINTA-OREJERA-TERMICA-1.jpg","datePublished":"2022-12-13T13:32:13+00:00","dateModified":"2024-02-05T14:03:14+00:00","description":"Das Thermo-Stirnband besteht aus SUPERROUBAIX und sch\u00fctzt die Ohren vor K\u00e4lte. Durch den Sublimationsprozess wird sichergestellt, dass die Farben bei Gebrauch und mit der Zeit nicht an Intensit\u00e4t verlieren. Bei der Individualisierung werden umweltfreundliche Farbstoffe verwendet.","breadcrumb":{"@id":"https:\/\/www.inverseteams.com\/de\/produkt\/personalisiertes-thermo-stirnband\/#breadcrumb"},"inLanguage":"de","potentialAction":[{"@type":"ReadAction","target":["https:\/\/www.inverseteams.com\/de\/produkt\/personalisiertes-thermo-stirnband\/"]}]},{"@type":"ImageObject","inLanguage":"de","@id":"https:\/\/www.inverseteams.com\/de\/produkt\/personalisiertes-thermo-stirnband\/#primaryimage","url":"https:\/\/www.inverseteams.com\/wp-content\/uploads\/CINTA-OREJERA-TERMICA-1.jpg","contentUrl":"https:\/\/www.inverseteams.com\/wp-content\/uploads\/CINTA-OREJERA-TERMICA-1.jpg","width":3000,"height":3223,"caption":"Cinta orejera t\u00e9rmica personalizable"},{"@type":"BreadcrumbList","@id":"https:\/\/www.inverseteams.com\/de\/produkt\/personalisiertes-thermo-stirnband\/#breadcrumb","itemListElement":[{"@type":"ListItem","position":1,"name":"Portada","item":"https:\/\/www.inverseteams.com\/de\/"},{"@type":"ListItem","position":2,"name":"Speichern","item":"https:\/\/www.inverseteams.com\/de\/speichern\/"},{"@type":"ListItem","position":3,"name":"Personalisiertes Thermo-Stirnband"}]},{"@type":"WebSite","@id":"https:\/\/www.inverseteams.com\/de\/#website","url":"https:\/\/www.inverseteams.com\/de\/","name":"Inverseteams","description":"Tu marca de ropa deportiva personalizada","publisher":{"@id":"https:\/\/www.inverseteams.com\/de\/#organization"},"potentialAction":[{"@type":"SearchAction","target":{"@type":"EntryPoint","urlTemplate":"https:\/\/www.inverseteams.com\/de\/?s={search_term_string}"},"query-input":{"@type":"PropertyValueSpecification","valueRequired":true,"valueName":"search_term_string"}}],"inLanguage":"de"},{"@type":"Organization","@id":"https:\/\/www.inverseteams.com\/de\/#organization","name":"Inverse Teams","url":"https:\/\/www.inverseteams.com\/de\/","logo":{"@type":"ImageObject","inLanguage":"de","@id":"https:\/\/www.inverseteams.com\/de\/#\/schema\/logo\/image\/","url":"https:\/\/www.inverseteams.com\/wp-content\/uploads\/2021\/03\/logo-inverse-teams.png","contentUrl":"https:\/\/www.inverseteams.com\/wp-content\/uploads\/2021\/03\/logo-inverse-teams.png","width":294,"height":99,"caption":"Inverse Teams"},"image":{"@id":"https:\/\/www.inverseteams.com\/de\/#\/schema\/logo\/image\/"},"sameAs":["https:\/\/www.facebook.com\/inverseteams","http:\/\/instagram.com\/inverseteams","https:\/\/www.linkedin.com\/company\/inverse-cirosport-s-l-?trk=job_view_topcard_company_name","http:\/\/www.pinterest.com\/inverseteams\/","http:\/\/www.youtube.com\/user\/inverseteams?feature=watch"]}]}},"_links":{"self":[{"href":"https:\/\/www.inverseteams.com\/de\/wp-json\/wp\/v2\/product\/174403","targetHints":{"allow":["GET"]}}],"collection":[{"href":"https:\/\/www.inverseteams.com\/de\/wp-json\/wp\/v2\/product"}],"about":[{"href":"https:\/\/www.inverseteams.com\/de\/wp-json\/wp\/v2\/types\/product"}],"replies":[{"embeddable":true,"href":"https:\/\/www.inverseteams.com\/de\/wp-json\/wp\/v2\/comments?post=174403"}],"wp:featuredmedia":[{"embeddable":true,"href":"https:\/\/www.inverseteams.com\/de\/wp-json\/wp\/v2\/media\/160297"}],"wp:attachment":[{"href":"https:\/\/www.inverseteams.com\/de\/wp-json\/wp\/v2\/media?parent=174403"}],"wp:term":[{"taxonomy":"product_brand","embeddable":true,"href":"https:\/\/www.inverseteams.com\/de\/wp-json\/wp\/v2\/product_brand?post=174403"},{"taxonomy":"product_cat","embeddable":true,"href":"https:\/\/www.inverseteams.com\/de\/wp-json\/wp\/v2\/product_cat?post=174403"},{"taxonomy":"product_tag","embeddable":true,"href":"https:\/\/www.inverseteams.com\/de\/wp-json\/wp\/v2\/product_tag?post=174403"},{"taxonomy":"custom_category","embeddable":true,"href":"https:\/\/www.inverseteams.com\/de\/wp-json\/wp\/v2\/custom_category?post=174403"},{"taxonomy":"range","embeddable":true,"href":"https:\/\/www.inverseteams.com\/de\/wp-json\/wp\/v2\/range?post=174403"}],"curies":[{"name":"wp","href":"https:\/\/api.w.org\/{rel}","templated":true}]}}