{"id":174396,"date":"2023-04-19T12:38:59","date_gmt":"2023-04-19T09:41:30","guid":{"rendered":"https:\/\/www.inverseteams.com\/product\/waterproof-overshirt-detroit\/"},"modified":"2025-05-22T00:01:59","modified_gmt":"2025-05-22T00:01:59","slug":"wasserdichtes-uberhemd-detroit","status":"publish","type":"product","link":"https:\/\/www.inverseteams.com\/de\/produkt\/wasserdichtes-uberhemd-detroit\/","title":{"rendered":"Wasserdichtes \u00dcberhemd DETROIT"},"content":{"rendered":"<p>Modernste Stoffe und Eleganz vereint in diesem Sportshirt.<br \/>\nDas Membrangewebe ist wind- und wasserdicht. Es vermeidet den Verlust von K\u00f6rperw\u00e4rme und dank des Bel\u00fcftungsst\u00fccks unter der Achselh\u00f6hle kommt es nicht zu vermehrtem Schwitzen. Im unteren R\u00fcckenbereich befinden sich 3 gro\u00dfe Taschen, in denen Sie alles verstauen k\u00f6nnen, was Sie brauchen. Diese verf\u00fcgen \u00fcber eine Klappe, um das Eindringen von Wasser zu verhindern. Der elastische Bund an der Taille passt das Kleidungsst\u00fcck an den K\u00f6rper an und verhindert das Eindringen von Luft. Die Knopfverschl\u00fcsse an der Tasche und den Manschetten verleihen ihm den originellen und eleganten Touch, den Sie von ihm gewohnt sind<br \/>\nAuf der Suche nach.<\/p>\n","protected":false},"excerpt":{"rendered":"<p>Modernste Stoffe und Eleganz vereint in diesem Sportshirt.<br \/>\nDas Membrangewebe ist wind- und wasserdicht. Es vermeidet den Verlust von K\u00f6rperw\u00e4rme und dank des Bel\u00fcftungsst\u00fccks unter der Achselh\u00f6hle kommt es nicht zu vermehrtem Schwitzen. Im unteren R\u00fcckenbereich befinden sich 3 gro\u00dfe Taschen, in denen Sie alles verstauen k\u00f6nnen, was Sie brauchen. Diese verf\u00fcgen \u00fcber eine Klappe, um das Eindringen von Wasser zu verhindern. Der elastische Bund an der Taille passt das Kleidungsst\u00fcck an den K\u00f6rper an und verhindert das Eindringen von Luft. Die Knopfverschl\u00fcsse an der Tasche und den Manschetten verleihen ihm den originellen und eleganten Touch, den Sie von ihm gewohnt sind<br \/>\nAuf der Suche nach.<\/p>\n","protected":false},"featured_media":162247,"comment_status":"closed","ping_status":"closed","template":"","meta":{"_acf_changed":false},"product_brand":[],"product_cat":[11153,11462,11258],"product_tag":[],"custom_category":[],"range":[],"class_list":{"0":"post-174396","1":"product","2":"type-product","3":"status-publish","4":"has-post-thumbnail","6":"product_cat-b2b-de","7":"product_cat-uberhemd-de","8":"product_cat-gravel-de","9":"pa_climatologia-lluvia-de","10":"pa_climatologia-viento-de","11":"pa_climatologia-temperatura-templada-de","12":"pa_climatologia-frio-de","13":"pa_deporte-lifestyle-de","14":"pa_genero-hombre-de","15":"pa_patronaje-casual-de","16":"pa_talla-s-de","17":"pa_talla-m-de","18":"pa_talla-3xl-de","19":"pa_talla-l-de","20":"pa_talla-xl-de","21":"pa_talla-xxl-de","22":"pa_tipo-de-prenda-sobrecamisa-de","24":"first","25":"outofstock","26":"taxable","27":"shipping-taxable","28":"product-type-variable","29":"has-default-attributes"},"acf":[],"yoast_head":"<!-- This site is optimized with the Yoast SEO plugin v27.5 - https:\/\/yoast.com\/product\/yoast-seo-wordpress\/ -->\n<title>Wasserdichtes \u00dcberhemd DETROIT | Inverseteams<\/title>\n<meta name=\"description\" content=\"Ideales \u00dcberhemd zum Schutz vor Wind, Feuchtigkeit und Regen auf dem Weg zur Arbeit oder bei MTB- oder GRAVEL-Ausfl\u00fcgen.\" \/>\n<meta name=\"robots\" content=\"index, follow, max-snippet:-1, max-image-preview:large, max-video-preview:-1\" \/>\n<link rel=\"canonical\" href=\"https:\/\/www.inverseteams.com\/de\/produkt\/wasserdichtes-uberhemd-detroit\/\" \/>\n<meta property=\"og:locale\" content=\"de_DE\" \/>\n<meta property=\"og:type\" content=\"article\" \/>\n<meta property=\"og:title\" content=\"Wasserdichtes \u00dcberhemd DETROIT | Inverseteams\" \/>\n<meta property=\"og:description\" content=\"Ideales \u00dcberhemd zum Schutz vor Wind, Feuchtigkeit und Regen auf dem Weg zur Arbeit oder bei MTB- oder GRAVEL-Ausfl\u00fcgen.\" \/>\n<meta property=\"og:url\" content=\"https:\/\/www.inverseteams.com\/de\/produkt\/wasserdichtes-uberhemd-detroit\/\" \/>\n<meta property=\"og:site_name\" content=\"Inverseteams\" \/>\n<meta property=\"article:publisher\" content=\"https:\/\/www.facebook.com\/inverseteams\" \/>\n<meta property=\"article:modified_time\" content=\"2025-05-22T00:01:59+00:00\" \/>\n<meta property=\"og:image\" content=\"https:\/\/www.inverseteams.com\/wp-content\/uploads\/SOBRECAMISA-IMPERMEABLE-DETROIT-1.jpg\" \/>\n\t<meta property=\"og:image:width\" content=\"3000\" \/>\n\t<meta property=\"og:image:height\" content=\"3223\" \/>\n\t<meta property=\"og:image:type\" content=\"image\/jpeg\" \/>\n<meta name=\"twitter:card\" content=\"summary_large_image\" \/>\n<meta name=\"twitter:label1\" content=\"Gesch\u00e4tzte Lesezeit\" \/>\n\t<meta name=\"twitter:data1\" content=\"1\u00a0Minute\" \/>\n<script type=\"application\/ld+json\" class=\"yoast-schema-graph\">{\"@context\":\"https:\\\/\\\/schema.org\",\"@graph\":[{\"@type\":\"WebPage\",\"@id\":\"https:\\\/\\\/www.inverseteams.com\\\/de\\\/produkt\\\/wasserdichtes-uberhemd-detroit\\\/\",\"url\":\"https:\\\/\\\/www.inverseteams.com\\\/de\\\/produkt\\\/wasserdichtes-uberhemd-detroit\\\/\",\"name\":\"Wasserdichtes \u00dcberhemd DETROIT | Inverseteams\",\"isPartOf\":{\"@id\":\"https:\\\/\\\/www.inverseteams.com\\\/de\\\/#website\"},\"primaryImageOfPage\":{\"@id\":\"https:\\\/\\\/www.inverseteams.com\\\/de\\\/produkt\\\/wasserdichtes-uberhemd-detroit\\\/#primaryimage\"},\"image\":{\"@id\":\"https:\\\/\\\/www.inverseteams.com\\\/de\\\/produkt\\\/wasserdichtes-uberhemd-detroit\\\/#primaryimage\"},\"thumbnailUrl\":\"https:\\\/\\\/www.inverseteams.com\\\/wp-content\\\/uploads\\\/SOBRECAMISA-IMPERMEABLE-DETROIT-1.jpg\",\"datePublished\":\"2023-04-19T09:41:30+00:00\",\"dateModified\":\"2025-05-22T00:01:59+00:00\",\"description\":\"Ideales \u00dcberhemd zum Schutz vor Wind, Feuchtigkeit und Regen auf dem Weg zur Arbeit oder bei MTB- oder GRAVEL-Ausfl\u00fcgen.\",\"breadcrumb\":{\"@id\":\"https:\\\/\\\/www.inverseteams.com\\\/de\\\/produkt\\\/wasserdichtes-uberhemd-detroit\\\/#breadcrumb\"},\"inLanguage\":\"de\",\"potentialAction\":[{\"@type\":\"ReadAction\",\"target\":[\"https:\\\/\\\/www.inverseteams.com\\\/de\\\/produkt\\\/wasserdichtes-uberhemd-detroit\\\/\"]}]},{\"@type\":\"ImageObject\",\"inLanguage\":\"de\",\"@id\":\"https:\\\/\\\/www.inverseteams.com\\\/de\\\/produkt\\\/wasserdichtes-uberhemd-detroit\\\/#primaryimage\",\"url\":\"https:\\\/\\\/www.inverseteams.com\\\/wp-content\\\/uploads\\\/SOBRECAMISA-IMPERMEABLE-DETROIT-1.jpg\",\"contentUrl\":\"https:\\\/\\\/www.inverseteams.com\\\/wp-content\\\/uploads\\\/SOBRECAMISA-IMPERMEABLE-DETROIT-1.jpg\",\"width\":3000,\"height\":3223,\"caption\":\"Sobrecamisa impermeable DETROIT\"},{\"@type\":\"BreadcrumbList\",\"@id\":\"https:\\\/\\\/www.inverseteams.com\\\/de\\\/produkt\\\/wasserdichtes-uberhemd-detroit\\\/#breadcrumb\",\"itemListElement\":[{\"@type\":\"ListItem\",\"position\":1,\"name\":\"Portada\",\"item\":\"https:\\\/\\\/www.inverseteams.com\\\/de\\\/\"},{\"@type\":\"ListItem\",\"position\":2,\"name\":\"Speichern\",\"item\":\"https:\\\/\\\/www.inverseteams.com\\\/de\\\/speichern\\\/\"},{\"@type\":\"ListItem\",\"position\":3,\"name\":\"Wasserdichtes \u00dcberhemd DETROIT\"}]},{\"@type\":\"WebSite\",\"@id\":\"https:\\\/\\\/www.inverseteams.com\\\/de\\\/#website\",\"url\":\"https:\\\/\\\/www.inverseteams.com\\\/de\\\/\",\"name\":\"Inverseteams\",\"description\":\"Tu marca de ropa deportiva personalizada\",\"publisher\":{\"@id\":\"https:\\\/\\\/www.inverseteams.com\\\/de\\\/#organization\"},\"potentialAction\":[{\"@type\":\"SearchAction\",\"target\":{\"@type\":\"EntryPoint\",\"urlTemplate\":\"https:\\\/\\\/www.inverseteams.com\\\/de\\\/?s={search_term_string}\"},\"query-input\":{\"@type\":\"PropertyValueSpecification\",\"valueRequired\":true,\"valueName\":\"search_term_string\"}}],\"inLanguage\":\"de\"},{\"@type\":\"Organization\",\"@id\":\"https:\\\/\\\/www.inverseteams.com\\\/de\\\/#organization\",\"name\":\"Inverse Teams\",\"url\":\"https:\\\/\\\/www.inverseteams.com\\\/de\\\/\",\"logo\":{\"@type\":\"ImageObject\",\"inLanguage\":\"de\",\"@id\":\"https:\\\/\\\/www.inverseteams.com\\\/de\\\/#\\\/schema\\\/logo\\\/image\\\/\",\"url\":\"https:\\\/\\\/www.inverseteams.com\\\/wp-content\\\/uploads\\\/2021\\\/03\\\/logo-inverse-teams.png\",\"contentUrl\":\"https:\\\/\\\/www.inverseteams.com\\\/wp-content\\\/uploads\\\/2021\\\/03\\\/logo-inverse-teams.png\",\"width\":294,\"height\":99,\"caption\":\"Inverse Teams\"},\"image\":{\"@id\":\"https:\\\/\\\/www.inverseteams.com\\\/de\\\/#\\\/schema\\\/logo\\\/image\\\/\"},\"sameAs\":[\"https:\\\/\\\/www.facebook.com\\\/inverseteams\",\"http:\\\/\\\/instagram.com\\\/inverseteams\",\"https:\\\/\\\/www.linkedin.com\\\/company\\\/inverse-cirosport-s-l-?trk=job_view_topcard_company_name\",\"http:\\\/\\\/www.pinterest.com\\\/inverseteams\\\/\",\"http:\\\/\\\/www.youtube.com\\\/user\\\/inverseteams?feature=watch\"]}]}<\/script>\n<!-- \/ Yoast SEO plugin. -->","yoast_head_json":{"title":"Wasserdichtes \u00dcberhemd DETROIT | Inverseteams","description":"Ideales \u00dcberhemd zum Schutz vor Wind, Feuchtigkeit und Regen auf dem Weg zur Arbeit oder bei MTB- oder GRAVEL-Ausfl\u00fcgen.","robots":{"index":"index","follow":"follow","max-snippet":"max-snippet:-1","max-image-preview":"max-image-preview:large","max-video-preview":"max-video-preview:-1"},"canonical":"https:\/\/www.inverseteams.com\/de\/produkt\/wasserdichtes-uberhemd-detroit\/","og_locale":"de_DE","og_type":"article","og_title":"Wasserdichtes \u00dcberhemd DETROIT | Inverseteams","og_description":"Ideales \u00dcberhemd zum Schutz vor Wind, Feuchtigkeit und Regen auf dem Weg zur Arbeit oder bei MTB- oder GRAVEL-Ausfl\u00fcgen.","og_url":"https:\/\/www.inverseteams.com\/de\/produkt\/wasserdichtes-uberhemd-detroit\/","og_site_name":"Inverseteams","article_publisher":"https:\/\/www.facebook.com\/inverseteams","article_modified_time":"2025-05-22T00:01:59+00:00","og_image":[{"width":3000,"height":3223,"url":"https:\/\/www.inverseteams.com\/wp-content\/uploads\/SOBRECAMISA-IMPERMEABLE-DETROIT-1.jpg","type":"image\/jpeg"}],"twitter_card":"summary_large_image","twitter_misc":{"Gesch\u00e4tzte Lesezeit":"1\u00a0Minute"},"schema":{"@context":"https:\/\/schema.org","@graph":[{"@type":"WebPage","@id":"https:\/\/www.inverseteams.com\/de\/produkt\/wasserdichtes-uberhemd-detroit\/","url":"https:\/\/www.inverseteams.com\/de\/produkt\/wasserdichtes-uberhemd-detroit\/","name":"Wasserdichtes \u00dcberhemd DETROIT | Inverseteams","isPartOf":{"@id":"https:\/\/www.inverseteams.com\/de\/#website"},"primaryImageOfPage":{"@id":"https:\/\/www.inverseteams.com\/de\/produkt\/wasserdichtes-uberhemd-detroit\/#primaryimage"},"image":{"@id":"https:\/\/www.inverseteams.com\/de\/produkt\/wasserdichtes-uberhemd-detroit\/#primaryimage"},"thumbnailUrl":"https:\/\/www.inverseteams.com\/wp-content\/uploads\/SOBRECAMISA-IMPERMEABLE-DETROIT-1.jpg","datePublished":"2023-04-19T09:41:30+00:00","dateModified":"2025-05-22T00:01:59+00:00","description":"Ideales \u00dcberhemd zum Schutz vor Wind, Feuchtigkeit und Regen auf dem Weg zur Arbeit oder bei MTB- oder GRAVEL-Ausfl\u00fcgen.","breadcrumb":{"@id":"https:\/\/www.inverseteams.com\/de\/produkt\/wasserdichtes-uberhemd-detroit\/#breadcrumb"},"inLanguage":"de","potentialAction":[{"@type":"ReadAction","target":["https:\/\/www.inverseteams.com\/de\/produkt\/wasserdichtes-uberhemd-detroit\/"]}]},{"@type":"ImageObject","inLanguage":"de","@id":"https:\/\/www.inverseteams.com\/de\/produkt\/wasserdichtes-uberhemd-detroit\/#primaryimage","url":"https:\/\/www.inverseteams.com\/wp-content\/uploads\/SOBRECAMISA-IMPERMEABLE-DETROIT-1.jpg","contentUrl":"https:\/\/www.inverseteams.com\/wp-content\/uploads\/SOBRECAMISA-IMPERMEABLE-DETROIT-1.jpg","width":3000,"height":3223,"caption":"Sobrecamisa impermeable DETROIT"},{"@type":"BreadcrumbList","@id":"https:\/\/www.inverseteams.com\/de\/produkt\/wasserdichtes-uberhemd-detroit\/#breadcrumb","itemListElement":[{"@type":"ListItem","position":1,"name":"Portada","item":"https:\/\/www.inverseteams.com\/de\/"},{"@type":"ListItem","position":2,"name":"Speichern","item":"https:\/\/www.inverseteams.com\/de\/speichern\/"},{"@type":"ListItem","position":3,"name":"Wasserdichtes \u00dcberhemd DETROIT"}]},{"@type":"WebSite","@id":"https:\/\/www.inverseteams.com\/de\/#website","url":"https:\/\/www.inverseteams.com\/de\/","name":"Inverseteams","description":"Tu marca de ropa deportiva personalizada","publisher":{"@id":"https:\/\/www.inverseteams.com\/de\/#organization"},"potentialAction":[{"@type":"SearchAction","target":{"@type":"EntryPoint","urlTemplate":"https:\/\/www.inverseteams.com\/de\/?s={search_term_string}"},"query-input":{"@type":"PropertyValueSpecification","valueRequired":true,"valueName":"search_term_string"}}],"inLanguage":"de"},{"@type":"Organization","@id":"https:\/\/www.inverseteams.com\/de\/#organization","name":"Inverse Teams","url":"https:\/\/www.inverseteams.com\/de\/","logo":{"@type":"ImageObject","inLanguage":"de","@id":"https:\/\/www.inverseteams.com\/de\/#\/schema\/logo\/image\/","url":"https:\/\/www.inverseteams.com\/wp-content\/uploads\/2021\/03\/logo-inverse-teams.png","contentUrl":"https:\/\/www.inverseteams.com\/wp-content\/uploads\/2021\/03\/logo-inverse-teams.png","width":294,"height":99,"caption":"Inverse Teams"},"image":{"@id":"https:\/\/www.inverseteams.com\/de\/#\/schema\/logo\/image\/"},"sameAs":["https:\/\/www.facebook.com\/inverseteams","http:\/\/instagram.com\/inverseteams","https:\/\/www.linkedin.com\/company\/inverse-cirosport-s-l-?trk=job_view_topcard_company_name","http:\/\/www.pinterest.com\/inverseteams\/","http:\/\/www.youtube.com\/user\/inverseteams?feature=watch"]}]}},"_links":{"self":[{"href":"https:\/\/www.inverseteams.com\/de\/wp-json\/wp\/v2\/product\/174396","targetHints":{"allow":["GET"]}}],"collection":[{"href":"https:\/\/www.inverseteams.com\/de\/wp-json\/wp\/v2\/product"}],"about":[{"href":"https:\/\/www.inverseteams.com\/de\/wp-json\/wp\/v2\/types\/product"}],"replies":[{"embeddable":true,"href":"https:\/\/www.inverseteams.com\/de\/wp-json\/wp\/v2\/comments?post=174396"}],"wp:featuredmedia":[{"embeddable":true,"href":"https:\/\/www.inverseteams.com\/de\/wp-json\/wp\/v2\/media\/162247"}],"wp:attachment":[{"href":"https:\/\/www.inverseteams.com\/de\/wp-json\/wp\/v2\/media?parent=174396"}],"wp:term":[{"taxonomy":"product_brand","embeddable":true,"href":"https:\/\/www.inverseteams.com\/de\/wp-json\/wp\/v2\/product_brand?post=174396"},{"taxonomy":"product_cat","embeddable":true,"href":"https:\/\/www.inverseteams.com\/de\/wp-json\/wp\/v2\/product_cat?post=174396"},{"taxonomy":"product_tag","embeddable":true,"href":"https:\/\/www.inverseteams.com\/de\/wp-json\/wp\/v2\/product_tag?post=174396"},{"taxonomy":"custom_category","embeddable":true,"href":"https:\/\/www.inverseteams.com\/de\/wp-json\/wp\/v2\/custom_category?post=174396"},{"taxonomy":"range","embeddable":true,"href":"https:\/\/www.inverseteams.com\/de\/wp-json\/wp\/v2\/range?post=174396"}],"curies":[{"name":"wp","href":"https:\/\/api.w.org\/{rel}","templated":true}]}}