{"id":174281,"date":"2023-09-29T07:14:37","date_gmt":"2023-09-29T07:15:35","guid":{"rendered":"https:\/\/www.inverseteams.com\/product\/cycling-bib-tights-kairos\/"},"modified":"2024-12-12T11:29:47","modified_gmt":"2024-12-12T11:29:47","slug":"personalisiertes-lange-radhose-kairos","status":"publish","type":"product","link":"https:\/\/www.inverseteams.com\/de\/produkt\/personalisiertes-lange-radhose-kairos\/","title":{"rendered":"Personalisiertes Lange Radhose KAIROS"},"content":{"rendered":"<p>Diese aus SUPER ROUBAIX-Gewebe gefertigte Radhose passt sich perfekt Ihrem K\u00f6rper an und erm\u00f6glicht Ihnen gro\u00dfe Bewegungsfreiheit, ohne dass Sie dabei einen Widerstand sp\u00fcren. Die Panels sind so konzipiert, dass sie sich perfekt an die verschiedenen Positionen beim Radfahren anpassen.<br \/>\nDie sublimierten Tr\u00e4ger bestehen aus dem gleichen Stoff wie die Strumpfhosen und bieten Ihnen ein tolles Tragegef\u00fchl. Am Ende der Beine befindet sich ein Gummiband mit einem hypoallergenen Silikongriff im Inneren. Dadurch bleibt das Teil fest am Bein befestigt. Au\u00dfen verf\u00fcgt es \u00fcber 360\u00b0 reflektierende Linien, die Ihre Sicherheit erh\u00f6hen, da sie das Licht der Fahrzeuge reflektieren.<\/p>\n","protected":false},"excerpt":{"rendered":"<p>Diese aus SUPER ROUBAIX-Gewebe gefertigte Radhose passt sich perfekt Ihrem K\u00f6rper an und erm\u00f6glicht Ihnen gro\u00dfe Bewegungsfreiheit, ohne dass Sie dabei einen Widerstand sp\u00fcren. Die Panels sind so konzipiert, dass sie sich perfekt an die verschiedenen Positionen beim Radfahren anpassen.<br \/>\nDie sublimierten Tr\u00e4ger bestehen aus dem gleichen Stoff wie die Strumpfhosen und bieten Ihnen ein tolles Tragegef\u00fchl. Am Ende der Beine befindet sich ein Gummiband mit einem hypoallergenen Silikongriff im Inneren. Dadurch bleibt das Teil fest am Bein befestigt. Au\u00dfen verf\u00fcgt es \u00fcber 360\u00b0 reflektierende Linien, die Ihre Sicherheit erh\u00f6hen, da sie das Licht der Fahrzeuge reflektieren.<\/p>\n","protected":false},"featured_media":223703,"comment_status":"closed","ping_status":"closed","template":"","meta":{"_acf_changed":false},"product_brand":[],"product_cat":[11218],"product_tag":[],"custom_category":[11237,11378,11240],"range":[11256],"class_list":{"0":"post-174281","1":"product","2":"type-product","3":"status-publish","4":"has-post-thumbnail","6":"product_cat-uncategorized-de","7":"pa_climatologia-frio-de","8":"pa_climatologia-lluvia-de","9":"pa_climatologia-viento-de","10":"pa_deporte-ciclismo-de","11":"pa_genero-hombre-de","12":"pa_genero-mujer-de","13":"pa_genero-infantil-de","14":"pa_patronaje-fit-de","15":"pa_tipo-de-prenda-lange-radhose","16":"custom_category-personalisierte-fahrradbekleidung","17":"custom_category-personalisierte-radhosen","18":"custom_category-sport","19":"range-kairos-de","21":"first","22":"instock","23":"product-type-custom"},"acf":[],"yoast_head":"<!-- This site is optimized with the Yoast SEO plugin v27.5 - https:\/\/yoast.com\/product\/yoast-seo-wordpress\/ -->\n<title>Personalisiertes Lange Radhose KAIROS<\/title>\n<meta name=\"description\" content=\"Diese aus SUPER ROUBAIX-Gewebe gefertigte Radhose passt sich perfekt Ihrem K\u00f6rper an und erm\u00f6glicht Ihnen gro\u00dfe Bewegungsfreiheit, ohne dass Sie dabei einen Widerstand sp\u00fcren. Die Panels sind so konzipiert, dass sie sich perfekt an die verschiedenen Positionen beim Radfahren anpassen. Die sublimierten Tr\u00e4ger bestehen aus dem gleichen Stoff wie die Strumpfhosen und bieten Ihnen ein tolles Tragegef\u00fchl. Am Ende der Beine befindet sich ein Gummiband mit einem hypoallergenen Silikongriff im Inneren. Dadurch bleibt das Teil fest am Bein befestigt. Au\u00dfen verf\u00fcgt es \u00fcber 360\u00b0 reflektierende Linien, die Ihre Sicherheit erh\u00f6hen, da sie das Licht der Fahrzeuge reflektieren.\" \/>\n<meta name=\"robots\" content=\"index, follow, max-snippet:-1, max-image-preview:large, max-video-preview:-1\" \/>\n<link rel=\"canonical\" href=\"https:\/\/www.inverseteams.com\/de\/produkt\/personalisiertes-lange-radhose-kairos\/\" \/>\n<meta property=\"og:locale\" content=\"de_DE\" \/>\n<meta property=\"og:type\" content=\"article\" \/>\n<meta property=\"og:title\" content=\"Personalisiertes Lange Radhose KAIROS\" \/>\n<meta property=\"og:description\" content=\"Diese aus SUPER ROUBAIX-Gewebe gefertigte Radhose passt sich perfekt Ihrem K\u00f6rper an und erm\u00f6glicht Ihnen gro\u00dfe Bewegungsfreiheit, ohne dass Sie dabei einen Widerstand sp\u00fcren. Die Panels sind so konzipiert, dass sie sich perfekt an die verschiedenen Positionen beim Radfahren anpassen. Die sublimierten Tr\u00e4ger bestehen aus dem gleichen Stoff wie die Strumpfhosen und bieten Ihnen ein tolles Tragegef\u00fchl. Am Ende der Beine befindet sich ein Gummiband mit einem hypoallergenen Silikongriff im Inneren. Dadurch bleibt das Teil fest am Bein befestigt. Au\u00dfen verf\u00fcgt es \u00fcber 360\u00b0 reflektierende Linien, die Ihre Sicherheit erh\u00f6hen, da sie das Licht der Fahrzeuge reflektieren.\" \/>\n<meta property=\"og:url\" content=\"https:\/\/www.inverseteams.com\/de\/produkt\/personalisiertes-lange-radhose-kairos\/\" \/>\n<meta property=\"og:site_name\" content=\"Inverseteams\" \/>\n<meta property=\"article:publisher\" content=\"https:\/\/www.facebook.com\/inverseteams\" \/>\n<meta property=\"article:modified_time\" content=\"2024-12-12T11:29:47+00:00\" \/>\n<meta property=\"og:image\" content=\"https:\/\/www.inverseteams.com\/wp-content\/uploads\/CULOTTE-LARGO-CICLISMO-KAIROS-1.jpg\" \/>\n\t<meta property=\"og:image:width\" content=\"1500\" \/>\n\t<meta property=\"og:image:height\" content=\"1612\" \/>\n\t<meta property=\"og:image:type\" content=\"image\/jpeg\" \/>\n<meta name=\"twitter:card\" content=\"summary_large_image\" \/>\n<meta name=\"twitter:label1\" content=\"Gesch\u00e4tzte Lesezeit\" \/>\n\t<meta name=\"twitter:data1\" content=\"1\u00a0Minute\" \/>\n<script type=\"application\/ld+json\" class=\"yoast-schema-graph\">{\"@context\":\"https:\\\/\\\/schema.org\",\"@graph\":[{\"@type\":\"WebPage\",\"@id\":\"https:\\\/\\\/www.inverseteams.com\\\/de\\\/produkt\\\/personalisiertes-lange-radhose-kairos\\\/\",\"url\":\"https:\\\/\\\/www.inverseteams.com\\\/de\\\/produkt\\\/personalisiertes-lange-radhose-kairos\\\/\",\"name\":\"Personalisiertes Lange Radhose KAIROS\",\"isPartOf\":{\"@id\":\"https:\\\/\\\/www.inverseteams.com\\\/de\\\/#website\"},\"primaryImageOfPage\":{\"@id\":\"https:\\\/\\\/www.inverseteams.com\\\/de\\\/produkt\\\/personalisiertes-lange-radhose-kairos\\\/#primaryimage\"},\"image\":{\"@id\":\"https:\\\/\\\/www.inverseteams.com\\\/de\\\/produkt\\\/personalisiertes-lange-radhose-kairos\\\/#primaryimage\"},\"thumbnailUrl\":\"https:\\\/\\\/www.inverseteams.com\\\/wp-content\\\/uploads\\\/CULOTTE-LARGO-CICLISMO-KAIROS-1.jpg\",\"datePublished\":\"2023-09-29T07:15:35+00:00\",\"dateModified\":\"2024-12-12T11:29:47+00:00\",\"description\":\"Diese aus SUPER ROUBAIX-Gewebe gefertigte Radhose passt sich perfekt Ihrem K\u00f6rper an und erm\u00f6glicht Ihnen gro\u00dfe Bewegungsfreiheit, ohne dass Sie dabei einen Widerstand sp\u00fcren. Die Panels sind so konzipiert, dass sie sich perfekt an die verschiedenen Positionen beim Radfahren anpassen. Die sublimierten Tr\u00e4ger bestehen aus dem gleichen Stoff wie die Strumpfhosen und bieten Ihnen ein tolles Tragegef\u00fchl. Am Ende der Beine befindet sich ein Gummiband mit einem hypoallergenen Silikongriff im Inneren. Dadurch bleibt das Teil fest am Bein befestigt. Au\u00dfen verf\u00fcgt es \u00fcber 360\u00b0 reflektierende Linien, die Ihre Sicherheit erh\u00f6hen, da sie das Licht der Fahrzeuge reflektieren.\",\"breadcrumb\":{\"@id\":\"https:\\\/\\\/www.inverseteams.com\\\/de\\\/produkt\\\/personalisiertes-lange-radhose-kairos\\\/#breadcrumb\"},\"inLanguage\":\"de\",\"potentialAction\":[{\"@type\":\"ReadAction\",\"target\":[\"https:\\\/\\\/www.inverseteams.com\\\/de\\\/produkt\\\/personalisiertes-lange-radhose-kairos\\\/\"]}]},{\"@type\":\"ImageObject\",\"inLanguage\":\"de\",\"@id\":\"https:\\\/\\\/www.inverseteams.com\\\/de\\\/produkt\\\/personalisiertes-lange-radhose-kairos\\\/#primaryimage\",\"url\":\"https:\\\/\\\/www.inverseteams.com\\\/wp-content\\\/uploads\\\/CULOTTE-LARGO-CICLISMO-KAIROS-1.jpg\",\"contentUrl\":\"https:\\\/\\\/www.inverseteams.com\\\/wp-content\\\/uploads\\\/CULOTTE-LARGO-CICLISMO-KAIROS-1.jpg\",\"width\":1500,\"height\":1612,\"caption\":\"collant cyclisme personnalis\u00e9\"},{\"@type\":\"BreadcrumbList\",\"@id\":\"https:\\\/\\\/www.inverseteams.com\\\/de\\\/produkt\\\/personalisiertes-lange-radhose-kairos\\\/#breadcrumb\",\"itemListElement\":[{\"@type\":\"ListItem\",\"position\":1,\"name\":\"Portada\",\"item\":\"https:\\\/\\\/www.inverseteams.com\\\/de\\\/\"},{\"@type\":\"ListItem\",\"position\":2,\"name\":\"Speichern\",\"item\":\"https:\\\/\\\/www.inverseteams.com\\\/de\\\/speichern\\\/\"},{\"@type\":\"ListItem\",\"position\":3,\"name\":\"Personalisiertes Lange Radhose KAIROS\"}]},{\"@type\":\"WebSite\",\"@id\":\"https:\\\/\\\/www.inverseteams.com\\\/de\\\/#website\",\"url\":\"https:\\\/\\\/www.inverseteams.com\\\/de\\\/\",\"name\":\"Inverseteams\",\"description\":\"Tu marca de ropa deportiva personalizada\",\"publisher\":{\"@id\":\"https:\\\/\\\/www.inverseteams.com\\\/de\\\/#organization\"},\"potentialAction\":[{\"@type\":\"SearchAction\",\"target\":{\"@type\":\"EntryPoint\",\"urlTemplate\":\"https:\\\/\\\/www.inverseteams.com\\\/de\\\/?s={search_term_string}\"},\"query-input\":{\"@type\":\"PropertyValueSpecification\",\"valueRequired\":true,\"valueName\":\"search_term_string\"}}],\"inLanguage\":\"de\"},{\"@type\":\"Organization\",\"@id\":\"https:\\\/\\\/www.inverseteams.com\\\/de\\\/#organization\",\"name\":\"Inverse Teams\",\"url\":\"https:\\\/\\\/www.inverseteams.com\\\/de\\\/\",\"logo\":{\"@type\":\"ImageObject\",\"inLanguage\":\"de\",\"@id\":\"https:\\\/\\\/www.inverseteams.com\\\/de\\\/#\\\/schema\\\/logo\\\/image\\\/\",\"url\":\"https:\\\/\\\/www.inverseteams.com\\\/wp-content\\\/uploads\\\/2021\\\/03\\\/logo-inverse-teams.png\",\"contentUrl\":\"https:\\\/\\\/www.inverseteams.com\\\/wp-content\\\/uploads\\\/2021\\\/03\\\/logo-inverse-teams.png\",\"width\":294,\"height\":99,\"caption\":\"Inverse Teams\"},\"image\":{\"@id\":\"https:\\\/\\\/www.inverseteams.com\\\/de\\\/#\\\/schema\\\/logo\\\/image\\\/\"},\"sameAs\":[\"https:\\\/\\\/www.facebook.com\\\/inverseteams\",\"http:\\\/\\\/instagram.com\\\/inverseteams\",\"https:\\\/\\\/www.linkedin.com\\\/company\\\/inverse-cirosport-s-l-?trk=job_view_topcard_company_name\",\"http:\\\/\\\/www.pinterest.com\\\/inverseteams\\\/\",\"http:\\\/\\\/www.youtube.com\\\/user\\\/inverseteams?feature=watch\"]}]}<\/script>\n<!-- \/ Yoast SEO plugin. -->","yoast_head_json":{"title":"Personalisiertes Lange Radhose KAIROS","description":"Diese aus SUPER ROUBAIX-Gewebe gefertigte Radhose passt sich perfekt Ihrem K\u00f6rper an und erm\u00f6glicht Ihnen gro\u00dfe Bewegungsfreiheit, ohne dass Sie dabei einen Widerstand sp\u00fcren. Die Panels sind so konzipiert, dass sie sich perfekt an die verschiedenen Positionen beim Radfahren anpassen. Die sublimierten Tr\u00e4ger bestehen aus dem gleichen Stoff wie die Strumpfhosen und bieten Ihnen ein tolles Tragegef\u00fchl. Am Ende der Beine befindet sich ein Gummiband mit einem hypoallergenen Silikongriff im Inneren. Dadurch bleibt das Teil fest am Bein befestigt. Au\u00dfen verf\u00fcgt es \u00fcber 360\u00b0 reflektierende Linien, die Ihre Sicherheit erh\u00f6hen, da sie das Licht der Fahrzeuge reflektieren.","robots":{"index":"index","follow":"follow","max-snippet":"max-snippet:-1","max-image-preview":"max-image-preview:large","max-video-preview":"max-video-preview:-1"},"canonical":"https:\/\/www.inverseteams.com\/de\/produkt\/personalisiertes-lange-radhose-kairos\/","og_locale":"de_DE","og_type":"article","og_title":"Personalisiertes Lange Radhose KAIROS","og_description":"Diese aus SUPER ROUBAIX-Gewebe gefertigte Radhose passt sich perfekt Ihrem K\u00f6rper an und erm\u00f6glicht Ihnen gro\u00dfe Bewegungsfreiheit, ohne dass Sie dabei einen Widerstand sp\u00fcren. Die Panels sind so konzipiert, dass sie sich perfekt an die verschiedenen Positionen beim Radfahren anpassen. Die sublimierten Tr\u00e4ger bestehen aus dem gleichen Stoff wie die Strumpfhosen und bieten Ihnen ein tolles Tragegef\u00fchl. Am Ende der Beine befindet sich ein Gummiband mit einem hypoallergenen Silikongriff im Inneren. Dadurch bleibt das Teil fest am Bein befestigt. Au\u00dfen verf\u00fcgt es \u00fcber 360\u00b0 reflektierende Linien, die Ihre Sicherheit erh\u00f6hen, da sie das Licht der Fahrzeuge reflektieren.","og_url":"https:\/\/www.inverseteams.com\/de\/produkt\/personalisiertes-lange-radhose-kairos\/","og_site_name":"Inverseteams","article_publisher":"https:\/\/www.facebook.com\/inverseteams","article_modified_time":"2024-12-12T11:29:47+00:00","og_image":[{"width":1500,"height":1612,"url":"https:\/\/www.inverseteams.com\/wp-content\/uploads\/CULOTTE-LARGO-CICLISMO-KAIROS-1.jpg","type":"image\/jpeg"}],"twitter_card":"summary_large_image","twitter_misc":{"Gesch\u00e4tzte Lesezeit":"1\u00a0Minute"},"schema":{"@context":"https:\/\/schema.org","@graph":[{"@type":"WebPage","@id":"https:\/\/www.inverseteams.com\/de\/produkt\/personalisiertes-lange-radhose-kairos\/","url":"https:\/\/www.inverseteams.com\/de\/produkt\/personalisiertes-lange-radhose-kairos\/","name":"Personalisiertes Lange Radhose KAIROS","isPartOf":{"@id":"https:\/\/www.inverseteams.com\/de\/#website"},"primaryImageOfPage":{"@id":"https:\/\/www.inverseteams.com\/de\/produkt\/personalisiertes-lange-radhose-kairos\/#primaryimage"},"image":{"@id":"https:\/\/www.inverseteams.com\/de\/produkt\/personalisiertes-lange-radhose-kairos\/#primaryimage"},"thumbnailUrl":"https:\/\/www.inverseteams.com\/wp-content\/uploads\/CULOTTE-LARGO-CICLISMO-KAIROS-1.jpg","datePublished":"2023-09-29T07:15:35+00:00","dateModified":"2024-12-12T11:29:47+00:00","description":"Diese aus SUPER ROUBAIX-Gewebe gefertigte Radhose passt sich perfekt Ihrem K\u00f6rper an und erm\u00f6glicht Ihnen gro\u00dfe Bewegungsfreiheit, ohne dass Sie dabei einen Widerstand sp\u00fcren. Die Panels sind so konzipiert, dass sie sich perfekt an die verschiedenen Positionen beim Radfahren anpassen. Die sublimierten Tr\u00e4ger bestehen aus dem gleichen Stoff wie die Strumpfhosen und bieten Ihnen ein tolles Tragegef\u00fchl. Am Ende der Beine befindet sich ein Gummiband mit einem hypoallergenen Silikongriff im Inneren. Dadurch bleibt das Teil fest am Bein befestigt. Au\u00dfen verf\u00fcgt es \u00fcber 360\u00b0 reflektierende Linien, die Ihre Sicherheit erh\u00f6hen, da sie das Licht der Fahrzeuge reflektieren.","breadcrumb":{"@id":"https:\/\/www.inverseteams.com\/de\/produkt\/personalisiertes-lange-radhose-kairos\/#breadcrumb"},"inLanguage":"de","potentialAction":[{"@type":"ReadAction","target":["https:\/\/www.inverseteams.com\/de\/produkt\/personalisiertes-lange-radhose-kairos\/"]}]},{"@type":"ImageObject","inLanguage":"de","@id":"https:\/\/www.inverseteams.com\/de\/produkt\/personalisiertes-lange-radhose-kairos\/#primaryimage","url":"https:\/\/www.inverseteams.com\/wp-content\/uploads\/CULOTTE-LARGO-CICLISMO-KAIROS-1.jpg","contentUrl":"https:\/\/www.inverseteams.com\/wp-content\/uploads\/CULOTTE-LARGO-CICLISMO-KAIROS-1.jpg","width":1500,"height":1612,"caption":"collant cyclisme personnalis\u00e9"},{"@type":"BreadcrumbList","@id":"https:\/\/www.inverseteams.com\/de\/produkt\/personalisiertes-lange-radhose-kairos\/#breadcrumb","itemListElement":[{"@type":"ListItem","position":1,"name":"Portada","item":"https:\/\/www.inverseteams.com\/de\/"},{"@type":"ListItem","position":2,"name":"Speichern","item":"https:\/\/www.inverseteams.com\/de\/speichern\/"},{"@type":"ListItem","position":3,"name":"Personalisiertes Lange Radhose KAIROS"}]},{"@type":"WebSite","@id":"https:\/\/www.inverseteams.com\/de\/#website","url":"https:\/\/www.inverseteams.com\/de\/","name":"Inverseteams","description":"Tu marca de ropa deportiva personalizada","publisher":{"@id":"https:\/\/www.inverseteams.com\/de\/#organization"},"potentialAction":[{"@type":"SearchAction","target":{"@type":"EntryPoint","urlTemplate":"https:\/\/www.inverseteams.com\/de\/?s={search_term_string}"},"query-input":{"@type":"PropertyValueSpecification","valueRequired":true,"valueName":"search_term_string"}}],"inLanguage":"de"},{"@type":"Organization","@id":"https:\/\/www.inverseteams.com\/de\/#organization","name":"Inverse Teams","url":"https:\/\/www.inverseteams.com\/de\/","logo":{"@type":"ImageObject","inLanguage":"de","@id":"https:\/\/www.inverseteams.com\/de\/#\/schema\/logo\/image\/","url":"https:\/\/www.inverseteams.com\/wp-content\/uploads\/2021\/03\/logo-inverse-teams.png","contentUrl":"https:\/\/www.inverseteams.com\/wp-content\/uploads\/2021\/03\/logo-inverse-teams.png","width":294,"height":99,"caption":"Inverse Teams"},"image":{"@id":"https:\/\/www.inverseteams.com\/de\/#\/schema\/logo\/image\/"},"sameAs":["https:\/\/www.facebook.com\/inverseteams","http:\/\/instagram.com\/inverseteams","https:\/\/www.linkedin.com\/company\/inverse-cirosport-s-l-?trk=job_view_topcard_company_name","http:\/\/www.pinterest.com\/inverseteams\/","http:\/\/www.youtube.com\/user\/inverseteams?feature=watch"]}]}},"_links":{"self":[{"href":"https:\/\/www.inverseteams.com\/de\/wp-json\/wp\/v2\/product\/174281","targetHints":{"allow":["GET"]}}],"collection":[{"href":"https:\/\/www.inverseteams.com\/de\/wp-json\/wp\/v2\/product"}],"about":[{"href":"https:\/\/www.inverseteams.com\/de\/wp-json\/wp\/v2\/types\/product"}],"replies":[{"embeddable":true,"href":"https:\/\/www.inverseteams.com\/de\/wp-json\/wp\/v2\/comments?post=174281"}],"wp:featuredmedia":[{"embeddable":true,"href":"https:\/\/www.inverseteams.com\/de\/wp-json\/wp\/v2\/media\/223703"}],"wp:attachment":[{"href":"https:\/\/www.inverseteams.com\/de\/wp-json\/wp\/v2\/media?parent=174281"}],"wp:term":[{"taxonomy":"product_brand","embeddable":true,"href":"https:\/\/www.inverseteams.com\/de\/wp-json\/wp\/v2\/product_brand?post=174281"},{"taxonomy":"product_cat","embeddable":true,"href":"https:\/\/www.inverseteams.com\/de\/wp-json\/wp\/v2\/product_cat?post=174281"},{"taxonomy":"product_tag","embeddable":true,"href":"https:\/\/www.inverseteams.com\/de\/wp-json\/wp\/v2\/product_tag?post=174281"},{"taxonomy":"custom_category","embeddable":true,"href":"https:\/\/www.inverseteams.com\/de\/wp-json\/wp\/v2\/custom_category?post=174281"},{"taxonomy":"range","embeddable":true,"href":"https:\/\/www.inverseteams.com\/de\/wp-json\/wp\/v2\/range?post=174281"}],"curies":[{"name":"wp","href":"https:\/\/api.w.org\/{rel}","templated":true}]}}