{"id":174270,"date":"2021-10-05T09:46:26","date_gmt":"2021-10-05T09:51:11","guid":{"rendered":"https:\/\/www.inverseteams.com\/product\/cycling-bib-knickers-tempus\/"},"modified":"2024-12-13T12:06:29","modified_gmt":"2024-12-13T12:06:29","slug":"personalisiertes-3-4-radhose-tempus","status":"publish","type":"product","link":"https:\/\/www.inverseteams.com\/de\/produkt\/personalisiertes-3-4-radhose-tempus\/","title":{"rendered":"Personalisiertes 3\/4 Radhose TEMPUS"},"content":{"rendered":"<p>Seine Elastizit\u00e4t und Leichtigkeit erm\u00f6glichen Ihnen gro\u00dfe Bewegungsfreiheit. Es zeichnet sich durch seine gute Muskelkompression aus. Dieser Slip h\u00e4lt die Milchs\u00e4ure unter Kontrolle, verz\u00f6gert die Muskelerm\u00fcdung und tr\u00e4gt zur Sauerstoffversorgung des Blutes bei. Die Eins\u00e4tze der Radunterhosen sind so konzipiert, dass sie sich perfekt an die verschiedenen Positionen beim Radfahren anpassen. Sie werden keinen Widerstand bemerken.<br \/>\nSein Stoff ist so konzipiert, dass er die K\u00f6rperw\u00e4rme aufrechterh\u00e4lt und gleichzeitig den Schwei\u00df schnell nach au\u00dfen ableitet. Sie haben trockene Haut und vermeiden \u00dcberhitzung, um maximale Leistung zu erbringen.<br \/>\nMikroperforierte Tr\u00e4ger erm\u00f6glichen eine schnelle Ableitung des Schwei\u00dfes. Diese bestehen aus einem Mittelteil und zwei Seiten, die das Gewicht richtig verteilen, um Verletzungen zu vermeiden und Ihnen stundenlangen Fahrspa\u00df zu erm\u00f6glichen. Am Ende der Beine befindet sich ein mikroperforiertes Gummiband mit einem hypoallergenen Silikongriff im Inneren. Dies verhindert, dass das Schwitzen zunimmt und h\u00e4lt das St\u00fcck sicher am Bein. Au\u00dfen verf\u00fcgt es \u00fcber 360\u00b0 reflektierende Linien, die Ihre Sicherheit erh\u00f6hen, da sie das Licht der Fahrzeuge reflektieren.<\/p>\n","protected":false},"excerpt":{"rendered":"<p>Seine Elastizit\u00e4t und Leichtigkeit erm\u00f6glichen Ihnen gro\u00dfe Bewegungsfreiheit. Es zeichnet sich durch seine gute Muskelkompression aus. Dieser Slip h\u00e4lt die Milchs\u00e4ure unter Kontrolle, verz\u00f6gert die Muskelerm\u00fcdung und tr\u00e4gt zur Sauerstoffversorgung des Blutes bei. Die Eins\u00e4tze der Radunterhosen sind so konzipiert, dass sie sich perfekt an die verschiedenen Positionen beim Radfahren anpassen. Sie werden keinen Widerstand bemerken.<br \/>\nSein Stoff ist so konzipiert, dass er die K\u00f6rperw\u00e4rme aufrechterh\u00e4lt und gleichzeitig den Schwei\u00df schnell nach au\u00dfen ableitet. Sie haben trockene Haut und vermeiden \u00dcberhitzung, um maximale Leistung zu erbringen.<br \/>\nMikroperforierte Tr\u00e4ger erm\u00f6glichen eine schnelle Ableitung des Schwei\u00dfes. Diese bestehen aus einem Mittelteil und zwei Seiten, die das Gewicht richtig verteilen, um Verletzungen zu vermeiden und Ihnen stundenlangen Fahrspa\u00df zu erm\u00f6glichen. Am Ende der Beine befindet sich ein mikroperforiertes Gummiband mit einem hypoallergenen Silikongriff im Inneren. Dies verhindert, dass das Schwitzen zunimmt und h\u00e4lt das St\u00fcck sicher am Bein. Au\u00dfen verf\u00fcgt es \u00fcber 360\u00b0 reflektierende Linien, die Ihre Sicherheit erh\u00f6hen, da sie das Licht der Fahrzeuge reflektieren.<\/p>\n","protected":false},"featured_media":223835,"comment_status":"closed","ping_status":"closed","template":"","meta":{"_acf_changed":false},"product_brand":[],"product_cat":[11218],"product_tag":[],"custom_category":[11237,11378,11240],"range":[11275],"class_list":{"0":"post-174270","1":"product","2":"type-product","3":"status-publish","4":"has-post-thumbnail","6":"product_cat-uncategorized-de","7":"pa_climatologia-temperatura-templada-de","8":"pa_climatologia-frio-de","9":"pa_deporte-ciclismo-de","10":"pa_genero-infantil-de","11":"pa_genero-hombre-de","12":"pa_genero-mujer-de","13":"pa_patronaje-fit-de","14":"pa_tipo-de-prenda-3-4-radhose","15":"custom_category-personalisierte-fahrradbekleidung","16":"custom_category-personalisierte-radhosen","17":"custom_category-sport","18":"range-tempus-de","20":"first","21":"instock","22":"product-type-custom"},"acf":[],"yoast_head":"<!-- This site is optimized with the Yoast SEO plugin v27.3 - https:\/\/yoast.com\/product\/yoast-seo-wordpress\/ -->\n<title>Personalisiertes 3\/4 Radhose TEMPUS<\/title>\n<meta name=\"description\" content=\"Seine Elastizit\u00e4t und Leichtigkeit erm\u00f6glichen Ihnen gro\u00dfe Bewegungsfreiheit. Es zeichnet sich durch seine gute Muskelkompression aus. Dieser Slip h\u00e4lt die Milchs\u00e4ure unter Kontrolle, verz\u00f6gert die Muskelerm\u00fcdung und tr\u00e4gt zur Sauerstoffversorgung des Blutes bei. Die Eins\u00e4tze der Radunterhosen sind so konzipiert, dass sie sich perfekt an die verschiedenen Positionen beim Radfahren anpassen. Sie werden keinen Widerstand bemerken. Sein Stoff ist so konzipiert, dass er die K\u00f6rperw\u00e4rme aufrechterh\u00e4lt und gleichzeitig den Schwei\u00df schnell nach au\u00dfen ableitet. Sie haben trockene Haut und vermeiden \u00dcberhitzung, um maximale Leistung zu erbringen. Mikroperforierte Tr\u00e4ger erm\u00f6glichen eine schnelle Ableitung des Schwei\u00dfes. Diese bestehen aus einem Mittelteil und zwei Seiten, die das Gewicht richtig verteilen, um Verletzungen zu vermeiden und Ihnen stundenlangen Fahrspa\u00df zu erm\u00f6glichen. Am Ende der Beine befindet sich ein mikroperforiertes Gummiband mit einem hypoallergenen Silikongriff im Inneren. Dies verhindert, dass das Schwitzen zunimmt und h\u00e4lt das St\u00fcck sicher am Bein. Au\u00dfen verf\u00fcgt es \u00fcber 360\u00b0 reflektierende Linien, die Ihre Sicherheit erh\u00f6hen, da sie das Licht der Fahrzeuge reflektieren.\" \/>\n<meta name=\"robots\" content=\"index, follow, max-snippet:-1, max-image-preview:large, max-video-preview:-1\" \/>\n<link rel=\"canonical\" href=\"https:\/\/www.inverseteams.com\/de\/produkt\/personalisiertes-3-4-radhose-tempus\/\" \/>\n<meta property=\"og:locale\" content=\"de_DE\" \/>\n<meta property=\"og:type\" content=\"article\" \/>\n<meta property=\"og:title\" content=\"Personalisiertes 3\/4 Radhose TEMPUS\" \/>\n<meta property=\"og:description\" content=\"Seine Elastizit\u00e4t und Leichtigkeit erm\u00f6glichen Ihnen gro\u00dfe Bewegungsfreiheit. Es zeichnet sich durch seine gute Muskelkompression aus. Dieser Slip h\u00e4lt die Milchs\u00e4ure unter Kontrolle, verz\u00f6gert die Muskelerm\u00fcdung und tr\u00e4gt zur Sauerstoffversorgung des Blutes bei. Die Eins\u00e4tze der Radunterhosen sind so konzipiert, dass sie sich perfekt an die verschiedenen Positionen beim Radfahren anpassen. Sie werden keinen Widerstand bemerken. Sein Stoff ist so konzipiert, dass er die K\u00f6rperw\u00e4rme aufrechterh\u00e4lt und gleichzeitig den Schwei\u00df schnell nach au\u00dfen ableitet. Sie haben trockene Haut und vermeiden \u00dcberhitzung, um maximale Leistung zu erbringen. Mikroperforierte Tr\u00e4ger erm\u00f6glichen eine schnelle Ableitung des Schwei\u00dfes. Diese bestehen aus einem Mittelteil und zwei Seiten, die das Gewicht richtig verteilen, um Verletzungen zu vermeiden und Ihnen stundenlangen Fahrspa\u00df zu erm\u00f6glichen. Am Ende der Beine befindet sich ein mikroperforiertes Gummiband mit einem hypoallergenen Silikongriff im Inneren. Dies verhindert, dass das Schwitzen zunimmt und h\u00e4lt das St\u00fcck sicher am Bein. Au\u00dfen verf\u00fcgt es \u00fcber 360\u00b0 reflektierende Linien, die Ihre Sicherheit erh\u00f6hen, da sie das Licht der Fahrzeuge reflektieren.\" \/>\n<meta property=\"og:url\" content=\"https:\/\/www.inverseteams.com\/de\/produkt\/personalisiertes-3-4-radhose-tempus\/\" \/>\n<meta property=\"og:site_name\" content=\"Inverseteams\" \/>\n<meta property=\"article:publisher\" content=\"https:\/\/www.facebook.com\/inverseteams\" \/>\n<meta property=\"article:modified_time\" content=\"2024-12-13T12:06:29+00:00\" \/>\n<meta property=\"og:image\" content=\"https:\/\/www.inverseteams.com\/wp-content\/uploads\/PIRATA-CICLISMO-PERSONALIZADO-TEMPUS-1.jpg\" \/>\n\t<meta property=\"og:image:width\" content=\"1500\" \/>\n\t<meta property=\"og:image:height\" content=\"1612\" \/>\n\t<meta property=\"og:image:type\" content=\"image\/jpeg\" \/>\n<meta name=\"twitter:card\" content=\"summary_large_image\" \/>\n<meta name=\"twitter:label1\" content=\"Gesch\u00e4tzte Lesezeit\" \/>\n\t<meta name=\"twitter:data1\" content=\"1\u00a0Minute\" \/>\n<script type=\"application\/ld+json\" class=\"yoast-schema-graph\">{\"@context\":\"https:\\\/\\\/schema.org\",\"@graph\":[{\"@type\":\"WebPage\",\"@id\":\"https:\\\/\\\/www.inverseteams.com\\\/de\\\/produkt\\\/personalisiertes-3-4-radhose-tempus\\\/\",\"url\":\"https:\\\/\\\/www.inverseteams.com\\\/de\\\/produkt\\\/personalisiertes-3-4-radhose-tempus\\\/\",\"name\":\"Personalisiertes 3\\\/4 Radhose TEMPUS\",\"isPartOf\":{\"@id\":\"https:\\\/\\\/www.inverseteams.com\\\/de\\\/#website\"},\"primaryImageOfPage\":{\"@id\":\"https:\\\/\\\/www.inverseteams.com\\\/de\\\/produkt\\\/personalisiertes-3-4-radhose-tempus\\\/#primaryimage\"},\"image\":{\"@id\":\"https:\\\/\\\/www.inverseteams.com\\\/de\\\/produkt\\\/personalisiertes-3-4-radhose-tempus\\\/#primaryimage\"},\"thumbnailUrl\":\"https:\\\/\\\/www.inverseteams.com\\\/wp-content\\\/uploads\\\/PIRATA-CICLISMO-PERSONALIZADO-TEMPUS-1.jpg\",\"datePublished\":\"2021-10-05T09:51:11+00:00\",\"dateModified\":\"2024-12-13T12:06:29+00:00\",\"description\":\"Seine Elastizit\u00e4t und Leichtigkeit erm\u00f6glichen Ihnen gro\u00dfe Bewegungsfreiheit. Es zeichnet sich durch seine gute Muskelkompression aus. Dieser Slip h\u00e4lt die Milchs\u00e4ure unter Kontrolle, verz\u00f6gert die Muskelerm\u00fcdung und tr\u00e4gt zur Sauerstoffversorgung des Blutes bei. Die Eins\u00e4tze der Radunterhosen sind so konzipiert, dass sie sich perfekt an die verschiedenen Positionen beim Radfahren anpassen. Sie werden keinen Widerstand bemerken. Sein Stoff ist so konzipiert, dass er die K\u00f6rperw\u00e4rme aufrechterh\u00e4lt und gleichzeitig den Schwei\u00df schnell nach au\u00dfen ableitet. Sie haben trockene Haut und vermeiden \u00dcberhitzung, um maximale Leistung zu erbringen. Mikroperforierte Tr\u00e4ger erm\u00f6glichen eine schnelle Ableitung des Schwei\u00dfes. Diese bestehen aus einem Mittelteil und zwei Seiten, die das Gewicht richtig verteilen, um Verletzungen zu vermeiden und Ihnen stundenlangen Fahrspa\u00df zu erm\u00f6glichen. Am Ende der Beine befindet sich ein mikroperforiertes Gummiband mit einem hypoallergenen Silikongriff im Inneren. Dies verhindert, dass das Schwitzen zunimmt und h\u00e4lt das St\u00fcck sicher am Bein. Au\u00dfen verf\u00fcgt es \u00fcber 360\u00b0 reflektierende Linien, die Ihre Sicherheit erh\u00f6hen, da sie das Licht der Fahrzeuge reflektieren.\",\"breadcrumb\":{\"@id\":\"https:\\\/\\\/www.inverseteams.com\\\/de\\\/produkt\\\/personalisiertes-3-4-radhose-tempus\\\/#breadcrumb\"},\"inLanguage\":\"de\",\"potentialAction\":[{\"@type\":\"ReadAction\",\"target\":[\"https:\\\/\\\/www.inverseteams.com\\\/de\\\/produkt\\\/personalisiertes-3-4-radhose-tempus\\\/\"]}]},{\"@type\":\"ImageObject\",\"inLanguage\":\"de\",\"@id\":\"https:\\\/\\\/www.inverseteams.com\\\/de\\\/produkt\\\/personalisiertes-3-4-radhose-tempus\\\/#primaryimage\",\"url\":\"https:\\\/\\\/www.inverseteams.com\\\/wp-content\\\/uploads\\\/PIRATA-CICLISMO-PERSONALIZADO-TEMPUS-1.jpg\",\"contentUrl\":\"https:\\\/\\\/www.inverseteams.com\\\/wp-content\\\/uploads\\\/PIRATA-CICLISMO-PERSONALIZADO-TEMPUS-1.jpg\",\"width\":1500,\"height\":1612,\"caption\":\"corsaire v\u00e9lo personnalis\u00e9\"},{\"@type\":\"BreadcrumbList\",\"@id\":\"https:\\\/\\\/www.inverseteams.com\\\/de\\\/produkt\\\/personalisiertes-3-4-radhose-tempus\\\/#breadcrumb\",\"itemListElement\":[{\"@type\":\"ListItem\",\"position\":1,\"name\":\"Portada\",\"item\":\"https:\\\/\\\/www.inverseteams.com\\\/de\\\/\"},{\"@type\":\"ListItem\",\"position\":2,\"name\":\"Speichern\",\"item\":\"https:\\\/\\\/www.inverseteams.com\\\/de\\\/speichern\\\/\"},{\"@type\":\"ListItem\",\"position\":3,\"name\":\"Personalisiertes 3\\\/4 Radhose TEMPUS\"}]},{\"@type\":\"WebSite\",\"@id\":\"https:\\\/\\\/www.inverseteams.com\\\/de\\\/#website\",\"url\":\"https:\\\/\\\/www.inverseteams.com\\\/de\\\/\",\"name\":\"Inverseteams\",\"description\":\"Tu marca de ropa deportiva personalizada\",\"publisher\":{\"@id\":\"https:\\\/\\\/www.inverseteams.com\\\/de\\\/#organization\"},\"potentialAction\":[{\"@type\":\"SearchAction\",\"target\":{\"@type\":\"EntryPoint\",\"urlTemplate\":\"https:\\\/\\\/www.inverseteams.com\\\/de\\\/?s={search_term_string}\"},\"query-input\":{\"@type\":\"PropertyValueSpecification\",\"valueRequired\":true,\"valueName\":\"search_term_string\"}}],\"inLanguage\":\"de\"},{\"@type\":\"Organization\",\"@id\":\"https:\\\/\\\/www.inverseteams.com\\\/de\\\/#organization\",\"name\":\"Inverse Teams\",\"url\":\"https:\\\/\\\/www.inverseteams.com\\\/de\\\/\",\"logo\":{\"@type\":\"ImageObject\",\"inLanguage\":\"de\",\"@id\":\"https:\\\/\\\/www.inverseteams.com\\\/de\\\/#\\\/schema\\\/logo\\\/image\\\/\",\"url\":\"https:\\\/\\\/www.inverseteams.com\\\/wp-content\\\/uploads\\\/2021\\\/03\\\/logo-inverse-teams.png\",\"contentUrl\":\"https:\\\/\\\/www.inverseteams.com\\\/wp-content\\\/uploads\\\/2021\\\/03\\\/logo-inverse-teams.png\",\"width\":294,\"height\":99,\"caption\":\"Inverse Teams\"},\"image\":{\"@id\":\"https:\\\/\\\/www.inverseteams.com\\\/de\\\/#\\\/schema\\\/logo\\\/image\\\/\"},\"sameAs\":[\"https:\\\/\\\/www.facebook.com\\\/inverseteams\",\"http:\\\/\\\/instagram.com\\\/inverseteams\",\"https:\\\/\\\/www.linkedin.com\\\/company\\\/inverse-cirosport-s-l-?trk=job_view_topcard_company_name\",\"http:\\\/\\\/www.pinterest.com\\\/inverseteams\\\/\",\"http:\\\/\\\/www.youtube.com\\\/user\\\/inverseteams?feature=watch\"]}]}<\/script>\n<!-- \/ Yoast SEO plugin. -->","yoast_head_json":{"title":"Personalisiertes 3\/4 Radhose TEMPUS","description":"Seine Elastizit\u00e4t und Leichtigkeit erm\u00f6glichen Ihnen gro\u00dfe Bewegungsfreiheit. Es zeichnet sich durch seine gute Muskelkompression aus. Dieser Slip h\u00e4lt die Milchs\u00e4ure unter Kontrolle, verz\u00f6gert die Muskelerm\u00fcdung und tr\u00e4gt zur Sauerstoffversorgung des Blutes bei. Die Eins\u00e4tze der Radunterhosen sind so konzipiert, dass sie sich perfekt an die verschiedenen Positionen beim Radfahren anpassen. Sie werden keinen Widerstand bemerken. Sein Stoff ist so konzipiert, dass er die K\u00f6rperw\u00e4rme aufrechterh\u00e4lt und gleichzeitig den Schwei\u00df schnell nach au\u00dfen ableitet. Sie haben trockene Haut und vermeiden \u00dcberhitzung, um maximale Leistung zu erbringen. Mikroperforierte Tr\u00e4ger erm\u00f6glichen eine schnelle Ableitung des Schwei\u00dfes. Diese bestehen aus einem Mittelteil und zwei Seiten, die das Gewicht richtig verteilen, um Verletzungen zu vermeiden und Ihnen stundenlangen Fahrspa\u00df zu erm\u00f6glichen. Am Ende der Beine befindet sich ein mikroperforiertes Gummiband mit einem hypoallergenen Silikongriff im Inneren. Dies verhindert, dass das Schwitzen zunimmt und h\u00e4lt das St\u00fcck sicher am Bein. Au\u00dfen verf\u00fcgt es \u00fcber 360\u00b0 reflektierende Linien, die Ihre Sicherheit erh\u00f6hen, da sie das Licht der Fahrzeuge reflektieren.","robots":{"index":"index","follow":"follow","max-snippet":"max-snippet:-1","max-image-preview":"max-image-preview:large","max-video-preview":"max-video-preview:-1"},"canonical":"https:\/\/www.inverseteams.com\/de\/produkt\/personalisiertes-3-4-radhose-tempus\/","og_locale":"de_DE","og_type":"article","og_title":"Personalisiertes 3\/4 Radhose TEMPUS","og_description":"Seine Elastizit\u00e4t und Leichtigkeit erm\u00f6glichen Ihnen gro\u00dfe Bewegungsfreiheit. Es zeichnet sich durch seine gute Muskelkompression aus. Dieser Slip h\u00e4lt die Milchs\u00e4ure unter Kontrolle, verz\u00f6gert die Muskelerm\u00fcdung und tr\u00e4gt zur Sauerstoffversorgung des Blutes bei. Die Eins\u00e4tze der Radunterhosen sind so konzipiert, dass sie sich perfekt an die verschiedenen Positionen beim Radfahren anpassen. Sie werden keinen Widerstand bemerken. Sein Stoff ist so konzipiert, dass er die K\u00f6rperw\u00e4rme aufrechterh\u00e4lt und gleichzeitig den Schwei\u00df schnell nach au\u00dfen ableitet. Sie haben trockene Haut und vermeiden \u00dcberhitzung, um maximale Leistung zu erbringen. Mikroperforierte Tr\u00e4ger erm\u00f6glichen eine schnelle Ableitung des Schwei\u00dfes. Diese bestehen aus einem Mittelteil und zwei Seiten, die das Gewicht richtig verteilen, um Verletzungen zu vermeiden und Ihnen stundenlangen Fahrspa\u00df zu erm\u00f6glichen. Am Ende der Beine befindet sich ein mikroperforiertes Gummiband mit einem hypoallergenen Silikongriff im Inneren. Dies verhindert, dass das Schwitzen zunimmt und h\u00e4lt das St\u00fcck sicher am Bein. Au\u00dfen verf\u00fcgt es \u00fcber 360\u00b0 reflektierende Linien, die Ihre Sicherheit erh\u00f6hen, da sie das Licht der Fahrzeuge reflektieren.","og_url":"https:\/\/www.inverseteams.com\/de\/produkt\/personalisiertes-3-4-radhose-tempus\/","og_site_name":"Inverseteams","article_publisher":"https:\/\/www.facebook.com\/inverseteams","article_modified_time":"2024-12-13T12:06:29+00:00","og_image":[{"width":1500,"height":1612,"url":"https:\/\/www.inverseteams.com\/wp-content\/uploads\/PIRATA-CICLISMO-PERSONALIZADO-TEMPUS-1.jpg","type":"image\/jpeg"}],"twitter_card":"summary_large_image","twitter_misc":{"Gesch\u00e4tzte Lesezeit":"1\u00a0Minute"},"schema":{"@context":"https:\/\/schema.org","@graph":[{"@type":"WebPage","@id":"https:\/\/www.inverseteams.com\/de\/produkt\/personalisiertes-3-4-radhose-tempus\/","url":"https:\/\/www.inverseteams.com\/de\/produkt\/personalisiertes-3-4-radhose-tempus\/","name":"Personalisiertes 3\/4 Radhose TEMPUS","isPartOf":{"@id":"https:\/\/www.inverseteams.com\/de\/#website"},"primaryImageOfPage":{"@id":"https:\/\/www.inverseteams.com\/de\/produkt\/personalisiertes-3-4-radhose-tempus\/#primaryimage"},"image":{"@id":"https:\/\/www.inverseteams.com\/de\/produkt\/personalisiertes-3-4-radhose-tempus\/#primaryimage"},"thumbnailUrl":"https:\/\/www.inverseteams.com\/wp-content\/uploads\/PIRATA-CICLISMO-PERSONALIZADO-TEMPUS-1.jpg","datePublished":"2021-10-05T09:51:11+00:00","dateModified":"2024-12-13T12:06:29+00:00","description":"Seine Elastizit\u00e4t und Leichtigkeit erm\u00f6glichen Ihnen gro\u00dfe Bewegungsfreiheit. Es zeichnet sich durch seine gute Muskelkompression aus. Dieser Slip h\u00e4lt die Milchs\u00e4ure unter Kontrolle, verz\u00f6gert die Muskelerm\u00fcdung und tr\u00e4gt zur Sauerstoffversorgung des Blutes bei. Die Eins\u00e4tze der Radunterhosen sind so konzipiert, dass sie sich perfekt an die verschiedenen Positionen beim Radfahren anpassen. Sie werden keinen Widerstand bemerken. Sein Stoff ist so konzipiert, dass er die K\u00f6rperw\u00e4rme aufrechterh\u00e4lt und gleichzeitig den Schwei\u00df schnell nach au\u00dfen ableitet. Sie haben trockene Haut und vermeiden \u00dcberhitzung, um maximale Leistung zu erbringen. Mikroperforierte Tr\u00e4ger erm\u00f6glichen eine schnelle Ableitung des Schwei\u00dfes. Diese bestehen aus einem Mittelteil und zwei Seiten, die das Gewicht richtig verteilen, um Verletzungen zu vermeiden und Ihnen stundenlangen Fahrspa\u00df zu erm\u00f6glichen. Am Ende der Beine befindet sich ein mikroperforiertes Gummiband mit einem hypoallergenen Silikongriff im Inneren. Dies verhindert, dass das Schwitzen zunimmt und h\u00e4lt das St\u00fcck sicher am Bein. Au\u00dfen verf\u00fcgt es \u00fcber 360\u00b0 reflektierende Linien, die Ihre Sicherheit erh\u00f6hen, da sie das Licht der Fahrzeuge reflektieren.","breadcrumb":{"@id":"https:\/\/www.inverseteams.com\/de\/produkt\/personalisiertes-3-4-radhose-tempus\/#breadcrumb"},"inLanguage":"de","potentialAction":[{"@type":"ReadAction","target":["https:\/\/www.inverseteams.com\/de\/produkt\/personalisiertes-3-4-radhose-tempus\/"]}]},{"@type":"ImageObject","inLanguage":"de","@id":"https:\/\/www.inverseteams.com\/de\/produkt\/personalisiertes-3-4-radhose-tempus\/#primaryimage","url":"https:\/\/www.inverseteams.com\/wp-content\/uploads\/PIRATA-CICLISMO-PERSONALIZADO-TEMPUS-1.jpg","contentUrl":"https:\/\/www.inverseteams.com\/wp-content\/uploads\/PIRATA-CICLISMO-PERSONALIZADO-TEMPUS-1.jpg","width":1500,"height":1612,"caption":"corsaire v\u00e9lo personnalis\u00e9"},{"@type":"BreadcrumbList","@id":"https:\/\/www.inverseteams.com\/de\/produkt\/personalisiertes-3-4-radhose-tempus\/#breadcrumb","itemListElement":[{"@type":"ListItem","position":1,"name":"Portada","item":"https:\/\/www.inverseteams.com\/de\/"},{"@type":"ListItem","position":2,"name":"Speichern","item":"https:\/\/www.inverseteams.com\/de\/speichern\/"},{"@type":"ListItem","position":3,"name":"Personalisiertes 3\/4 Radhose TEMPUS"}]},{"@type":"WebSite","@id":"https:\/\/www.inverseteams.com\/de\/#website","url":"https:\/\/www.inverseteams.com\/de\/","name":"Inverseteams","description":"Tu marca de ropa deportiva personalizada","publisher":{"@id":"https:\/\/www.inverseteams.com\/de\/#organization"},"potentialAction":[{"@type":"SearchAction","target":{"@type":"EntryPoint","urlTemplate":"https:\/\/www.inverseteams.com\/de\/?s={search_term_string}"},"query-input":{"@type":"PropertyValueSpecification","valueRequired":true,"valueName":"search_term_string"}}],"inLanguage":"de"},{"@type":"Organization","@id":"https:\/\/www.inverseteams.com\/de\/#organization","name":"Inverse Teams","url":"https:\/\/www.inverseteams.com\/de\/","logo":{"@type":"ImageObject","inLanguage":"de","@id":"https:\/\/www.inverseteams.com\/de\/#\/schema\/logo\/image\/","url":"https:\/\/www.inverseteams.com\/wp-content\/uploads\/2021\/03\/logo-inverse-teams.png","contentUrl":"https:\/\/www.inverseteams.com\/wp-content\/uploads\/2021\/03\/logo-inverse-teams.png","width":294,"height":99,"caption":"Inverse Teams"},"image":{"@id":"https:\/\/www.inverseteams.com\/de\/#\/schema\/logo\/image\/"},"sameAs":["https:\/\/www.facebook.com\/inverseteams","http:\/\/instagram.com\/inverseteams","https:\/\/www.linkedin.com\/company\/inverse-cirosport-s-l-?trk=job_view_topcard_company_name","http:\/\/www.pinterest.com\/inverseteams\/","http:\/\/www.youtube.com\/user\/inverseteams?feature=watch"]}]}},"_links":{"self":[{"href":"https:\/\/www.inverseteams.com\/de\/wp-json\/wp\/v2\/product\/174270","targetHints":{"allow":["GET"]}}],"collection":[{"href":"https:\/\/www.inverseteams.com\/de\/wp-json\/wp\/v2\/product"}],"about":[{"href":"https:\/\/www.inverseteams.com\/de\/wp-json\/wp\/v2\/types\/product"}],"replies":[{"embeddable":true,"href":"https:\/\/www.inverseteams.com\/de\/wp-json\/wp\/v2\/comments?post=174270"}],"wp:featuredmedia":[{"embeddable":true,"href":"https:\/\/www.inverseteams.com\/de\/wp-json\/wp\/v2\/media\/223835"}],"wp:attachment":[{"href":"https:\/\/www.inverseteams.com\/de\/wp-json\/wp\/v2\/media?parent=174270"}],"wp:term":[{"taxonomy":"product_brand","embeddable":true,"href":"https:\/\/www.inverseteams.com\/de\/wp-json\/wp\/v2\/product_brand?post=174270"},{"taxonomy":"product_cat","embeddable":true,"href":"https:\/\/www.inverseteams.com\/de\/wp-json\/wp\/v2\/product_cat?post=174270"},{"taxonomy":"product_tag","embeddable":true,"href":"https:\/\/www.inverseteams.com\/de\/wp-json\/wp\/v2\/product_tag?post=174270"},{"taxonomy":"custom_category","embeddable":true,"href":"https:\/\/www.inverseteams.com\/de\/wp-json\/wp\/v2\/custom_category?post=174270"},{"taxonomy":"range","embeddable":true,"href":"https:\/\/www.inverseteams.com\/de\/wp-json\/wp\/v2\/range?post=174270"}],"curies":[{"name":"wp","href":"https:\/\/api.w.org\/{rel}","templated":true}]}}