{"id":174254,"date":"2021-05-10T08:30:57","date_gmt":"2021-05-10T09:17:55","guid":{"rendered":"https:\/\/www.inverseteams.com\/product\/triathlon-swimsuit-terram\/"},"modified":"2024-02-06T09:22:27","modified_gmt":"2024-02-06T09:22:27","slug":"personalisiertes-triathlon-badeanzug-terram","status":"publish","type":"product","link":"https:\/\/www.inverseteams.com\/de\/produkt\/personalisiertes-triathlon-badeanzug-terram\/","title":{"rendered":"Personalisiertes Triathlon-Badeanzug TERRAM"},"content":{"rendered":"<p>Thanks to its good adaptation and the structure of the fabric this swimsuit offers an excellent slip on the water. Inside it incorporates a very fine lining of pleasant touch that avoids scratches and possible transparencies. It is a triathlon swimsuit ideal for daily and intense use.<\/p>\n","protected":false},"excerpt":{"rendered":"<p>Dank seiner guten Anpassung und der Struktur des Stoffes bietet dieser Badeanzug einen hervorragenden Rutsch auf dem Wasser. Im Inneren befindet sich ein sehr feines Futter mit angenehmer Haptik, das Kratzer und m\u00f6gliche Transparenzen vermeidet. Es handelt sich um einen Triathlon-Badeanzug, der sich ideal f\u00fcr den t\u00e4glichen und intensiven Gebrauch eignet.<\/p>\n","protected":false},"featured_media":165411,"comment_status":"closed","ping_status":"closed","template":"","meta":{"_acf_changed":false},"product_brand":[],"product_cat":[11218],"product_tag":[],"custom_category":[11338,11240,11443],"range":[11343],"class_list":{"0":"post-174254","1":"product","2":"type-product","3":"status-publish","4":"has-post-thumbnail","6":"product_cat-uncategorized-de","7":"pa_climatologia-calor-de","8":"pa_deporte-triatlon-de","9":"pa_genero-mujer-de","10":"pa_patronaje-fit-de","11":"pa_tipo-de-prenda-banador-de","12":"custom_category-personalisierte-triathlonbekleidung","13":"custom_category-sport","14":"custom_category-personalisierte-triathlon-badeanzug","15":"range-terram-de","17":"first","18":"instock","19":"product-type-custom"},"acf":[],"yoast_head":"<!-- This site is optimized with the Yoast SEO plugin v27.3 - https:\/\/yoast.com\/product\/yoast-seo-wordpress\/ -->\n<title>Personalisiertes Triathlon-Badeanzug TERRAM<\/title>\n<meta name=\"description\" content=\"Dank seiner guten Anpassung und der Struktur des Stoffes bietet dieser Badeanzug einen hervorragenden Rutsch auf dem Wasser. Im Inneren befindet sich ein sehr feines Futter mit angenehmer Haptik, das Kratzer und m\u00f6gliche Transparenzen vermeidet. Es handelt sich um einen Triathlon-Badeanzug, der sich ideal f\u00fcr den t\u00e4glichen und intensiven Gebrauch eignet.\" \/>\n<meta name=\"robots\" content=\"index, follow, max-snippet:-1, max-image-preview:large, max-video-preview:-1\" \/>\n<link rel=\"canonical\" href=\"https:\/\/www.inverseteams.com\/de\/produkt\/personalisiertes-triathlon-badeanzug-terram\/\" \/>\n<meta property=\"og:locale\" content=\"de_DE\" \/>\n<meta property=\"og:type\" content=\"article\" \/>\n<meta property=\"og:title\" content=\"Personalisiertes Triathlon-Badeanzug TERRAM\" \/>\n<meta property=\"og:description\" content=\"Dank seiner guten Anpassung und der Struktur des Stoffes bietet dieser Badeanzug einen hervorragenden Rutsch auf dem Wasser. Im Inneren befindet sich ein sehr feines Futter mit angenehmer Haptik, das Kratzer und m\u00f6gliche Transparenzen vermeidet. Es handelt sich um einen Triathlon-Badeanzug, der sich ideal f\u00fcr den t\u00e4glichen und intensiven Gebrauch eignet.\" \/>\n<meta property=\"og:url\" content=\"https:\/\/www.inverseteams.com\/de\/produkt\/personalisiertes-triathlon-badeanzug-terram\/\" \/>\n<meta property=\"og:site_name\" content=\"Inverseteams\" \/>\n<meta property=\"article:publisher\" content=\"https:\/\/www.facebook.com\/inverseteams\" \/>\n<meta property=\"article:modified_time\" content=\"2024-02-06T09:22:27+00:00\" \/>\n<meta property=\"og:image\" content=\"https:\/\/www.inverseteams.com\/wp-content\/uploads\/BANADOR-TRIATLON-MUJER-TERRAM-1-1.jpg\" \/>\n\t<meta property=\"og:image:width\" content=\"3222\" \/>\n\t<meta property=\"og:image:height\" content=\"3462\" \/>\n\t<meta property=\"og:image:type\" content=\"image\/jpeg\" \/>\n<meta name=\"twitter:card\" content=\"summary_large_image\" \/>\n<meta name=\"twitter:label1\" content=\"Gesch\u00e4tzte Lesezeit\" \/>\n\t<meta name=\"twitter:data1\" content=\"1\u00a0Minute\" \/>\n<script type=\"application\/ld+json\" class=\"yoast-schema-graph\">{\"@context\":\"https:\\\/\\\/schema.org\",\"@graph\":[{\"@type\":\"WebPage\",\"@id\":\"https:\\\/\\\/www.inverseteams.com\\\/de\\\/produkt\\\/personalisiertes-triathlon-badeanzug-terram\\\/\",\"url\":\"https:\\\/\\\/www.inverseteams.com\\\/de\\\/produkt\\\/personalisiertes-triathlon-badeanzug-terram\\\/\",\"name\":\"Personalisiertes Triathlon-Badeanzug TERRAM\",\"isPartOf\":{\"@id\":\"https:\\\/\\\/www.inverseteams.com\\\/de\\\/#website\"},\"primaryImageOfPage\":{\"@id\":\"https:\\\/\\\/www.inverseteams.com\\\/de\\\/produkt\\\/personalisiertes-triathlon-badeanzug-terram\\\/#primaryimage\"},\"image\":{\"@id\":\"https:\\\/\\\/www.inverseteams.com\\\/de\\\/produkt\\\/personalisiertes-triathlon-badeanzug-terram\\\/#primaryimage\"},\"thumbnailUrl\":\"https:\\\/\\\/www.inverseteams.com\\\/wp-content\\\/uploads\\\/BANADOR-TRIATLON-MUJER-TERRAM-1-1.jpg\",\"datePublished\":\"2021-05-10T09:17:55+00:00\",\"dateModified\":\"2024-02-06T09:22:27+00:00\",\"description\":\"Dank seiner guten Anpassung und der Struktur des Stoffes bietet dieser Badeanzug einen hervorragenden Rutsch auf dem Wasser. Im Inneren befindet sich ein sehr feines Futter mit angenehmer Haptik, das Kratzer und m\u00f6gliche Transparenzen vermeidet. Es handelt sich um einen Triathlon-Badeanzug, der sich ideal f\u00fcr den t\u00e4glichen und intensiven Gebrauch eignet.\",\"breadcrumb\":{\"@id\":\"https:\\\/\\\/www.inverseteams.com\\\/de\\\/produkt\\\/personalisiertes-triathlon-badeanzug-terram\\\/#breadcrumb\"},\"inLanguage\":\"de\",\"potentialAction\":[{\"@type\":\"ReadAction\",\"target\":[\"https:\\\/\\\/www.inverseteams.com\\\/de\\\/produkt\\\/personalisiertes-triathlon-badeanzug-terram\\\/\"]}]},{\"@type\":\"ImageObject\",\"inLanguage\":\"de\",\"@id\":\"https:\\\/\\\/www.inverseteams.com\\\/de\\\/produkt\\\/personalisiertes-triathlon-badeanzug-terram\\\/#primaryimage\",\"url\":\"https:\\\/\\\/www.inverseteams.com\\\/wp-content\\\/uploads\\\/BANADOR-TRIATLON-MUJER-TERRAM-1-1.jpg\",\"contentUrl\":\"https:\\\/\\\/www.inverseteams.com\\\/wp-content\\\/uploads\\\/BANADOR-TRIATLON-MUJER-TERRAM-1-1.jpg\",\"width\":3222,\"height\":3462},{\"@type\":\"BreadcrumbList\",\"@id\":\"https:\\\/\\\/www.inverseteams.com\\\/de\\\/produkt\\\/personalisiertes-triathlon-badeanzug-terram\\\/#breadcrumb\",\"itemListElement\":[{\"@type\":\"ListItem\",\"position\":1,\"name\":\"Portada\",\"item\":\"https:\\\/\\\/www.inverseteams.com\\\/de\\\/\"},{\"@type\":\"ListItem\",\"position\":2,\"name\":\"Speichern\",\"item\":\"https:\\\/\\\/www.inverseteams.com\\\/de\\\/speichern\\\/\"},{\"@type\":\"ListItem\",\"position\":3,\"name\":\"Personalisiertes Triathlon-Badeanzug TERRAM\"}]},{\"@type\":\"WebSite\",\"@id\":\"https:\\\/\\\/www.inverseteams.com\\\/de\\\/#website\",\"url\":\"https:\\\/\\\/www.inverseteams.com\\\/de\\\/\",\"name\":\"Inverseteams\",\"description\":\"Tu marca de ropa deportiva personalizada\",\"publisher\":{\"@id\":\"https:\\\/\\\/www.inverseteams.com\\\/de\\\/#organization\"},\"potentialAction\":[{\"@type\":\"SearchAction\",\"target\":{\"@type\":\"EntryPoint\",\"urlTemplate\":\"https:\\\/\\\/www.inverseteams.com\\\/de\\\/?s={search_term_string}\"},\"query-input\":{\"@type\":\"PropertyValueSpecification\",\"valueRequired\":true,\"valueName\":\"search_term_string\"}}],\"inLanguage\":\"de\"},{\"@type\":\"Organization\",\"@id\":\"https:\\\/\\\/www.inverseteams.com\\\/de\\\/#organization\",\"name\":\"Inverse Teams\",\"url\":\"https:\\\/\\\/www.inverseteams.com\\\/de\\\/\",\"logo\":{\"@type\":\"ImageObject\",\"inLanguage\":\"de\",\"@id\":\"https:\\\/\\\/www.inverseteams.com\\\/de\\\/#\\\/schema\\\/logo\\\/image\\\/\",\"url\":\"http:\\\/\\\/www.inverseteams.com\\\/wp-content\\\/uploads\\\/2021\\\/03\\\/logo-inverse-teams.png\",\"contentUrl\":\"http:\\\/\\\/www.inverseteams.com\\\/wp-content\\\/uploads\\\/2021\\\/03\\\/logo-inverse-teams.png\",\"width\":294,\"height\":99,\"caption\":\"Inverse Teams\"},\"image\":{\"@id\":\"https:\\\/\\\/www.inverseteams.com\\\/de\\\/#\\\/schema\\\/logo\\\/image\\\/\"},\"sameAs\":[\"https:\\\/\\\/www.facebook.com\\\/inverseteams\",\"http:\\\/\\\/instagram.com\\\/inverseteams\",\"https:\\\/\\\/www.linkedin.com\\\/company\\\/inverse-cirosport-s-l-?trk=job_view_topcard_company_name\",\"http:\\\/\\\/www.pinterest.com\\\/inverseteams\\\/\",\"http:\\\/\\\/www.youtube.com\\\/user\\\/inverseteams?feature=watch\"]}]}<\/script>\n<!-- \/ Yoast SEO plugin. -->","yoast_head_json":{"title":"Personalisiertes Triathlon-Badeanzug TERRAM","description":"Dank seiner guten Anpassung und der Struktur des Stoffes bietet dieser Badeanzug einen hervorragenden Rutsch auf dem Wasser. Im Inneren befindet sich ein sehr feines Futter mit angenehmer Haptik, das Kratzer und m\u00f6gliche Transparenzen vermeidet. Es handelt sich um einen Triathlon-Badeanzug, der sich ideal f\u00fcr den t\u00e4glichen und intensiven Gebrauch eignet.","robots":{"index":"index","follow":"follow","max-snippet":"max-snippet:-1","max-image-preview":"max-image-preview:large","max-video-preview":"max-video-preview:-1"},"canonical":"https:\/\/www.inverseteams.com\/de\/produkt\/personalisiertes-triathlon-badeanzug-terram\/","og_locale":"de_DE","og_type":"article","og_title":"Personalisiertes Triathlon-Badeanzug TERRAM","og_description":"Dank seiner guten Anpassung und der Struktur des Stoffes bietet dieser Badeanzug einen hervorragenden Rutsch auf dem Wasser. Im Inneren befindet sich ein sehr feines Futter mit angenehmer Haptik, das Kratzer und m\u00f6gliche Transparenzen vermeidet. Es handelt sich um einen Triathlon-Badeanzug, der sich ideal f\u00fcr den t\u00e4glichen und intensiven Gebrauch eignet.","og_url":"https:\/\/www.inverseteams.com\/de\/produkt\/personalisiertes-triathlon-badeanzug-terram\/","og_site_name":"Inverseteams","article_publisher":"https:\/\/www.facebook.com\/inverseteams","article_modified_time":"2024-02-06T09:22:27+00:00","og_image":[{"width":3222,"height":3462,"url":"https:\/\/www.inverseteams.com\/wp-content\/uploads\/BANADOR-TRIATLON-MUJER-TERRAM-1-1.jpg","type":"image\/jpeg"}],"twitter_card":"summary_large_image","twitter_misc":{"Gesch\u00e4tzte Lesezeit":"1\u00a0Minute"},"schema":{"@context":"https:\/\/schema.org","@graph":[{"@type":"WebPage","@id":"https:\/\/www.inverseteams.com\/de\/produkt\/personalisiertes-triathlon-badeanzug-terram\/","url":"https:\/\/www.inverseteams.com\/de\/produkt\/personalisiertes-triathlon-badeanzug-terram\/","name":"Personalisiertes Triathlon-Badeanzug TERRAM","isPartOf":{"@id":"https:\/\/www.inverseteams.com\/de\/#website"},"primaryImageOfPage":{"@id":"https:\/\/www.inverseteams.com\/de\/produkt\/personalisiertes-triathlon-badeanzug-terram\/#primaryimage"},"image":{"@id":"https:\/\/www.inverseteams.com\/de\/produkt\/personalisiertes-triathlon-badeanzug-terram\/#primaryimage"},"thumbnailUrl":"https:\/\/www.inverseteams.com\/wp-content\/uploads\/BANADOR-TRIATLON-MUJER-TERRAM-1-1.jpg","datePublished":"2021-05-10T09:17:55+00:00","dateModified":"2024-02-06T09:22:27+00:00","description":"Dank seiner guten Anpassung und der Struktur des Stoffes bietet dieser Badeanzug einen hervorragenden Rutsch auf dem Wasser. Im Inneren befindet sich ein sehr feines Futter mit angenehmer Haptik, das Kratzer und m\u00f6gliche Transparenzen vermeidet. Es handelt sich um einen Triathlon-Badeanzug, der sich ideal f\u00fcr den t\u00e4glichen und intensiven Gebrauch eignet.","breadcrumb":{"@id":"https:\/\/www.inverseteams.com\/de\/produkt\/personalisiertes-triathlon-badeanzug-terram\/#breadcrumb"},"inLanguage":"de","potentialAction":[{"@type":"ReadAction","target":["https:\/\/www.inverseteams.com\/de\/produkt\/personalisiertes-triathlon-badeanzug-terram\/"]}]},{"@type":"ImageObject","inLanguage":"de","@id":"https:\/\/www.inverseteams.com\/de\/produkt\/personalisiertes-triathlon-badeanzug-terram\/#primaryimage","url":"https:\/\/www.inverseteams.com\/wp-content\/uploads\/BANADOR-TRIATLON-MUJER-TERRAM-1-1.jpg","contentUrl":"https:\/\/www.inverseteams.com\/wp-content\/uploads\/BANADOR-TRIATLON-MUJER-TERRAM-1-1.jpg","width":3222,"height":3462},{"@type":"BreadcrumbList","@id":"https:\/\/www.inverseteams.com\/de\/produkt\/personalisiertes-triathlon-badeanzug-terram\/#breadcrumb","itemListElement":[{"@type":"ListItem","position":1,"name":"Portada","item":"https:\/\/www.inverseteams.com\/de\/"},{"@type":"ListItem","position":2,"name":"Speichern","item":"https:\/\/www.inverseteams.com\/de\/speichern\/"},{"@type":"ListItem","position":3,"name":"Personalisiertes Triathlon-Badeanzug TERRAM"}]},{"@type":"WebSite","@id":"https:\/\/www.inverseteams.com\/de\/#website","url":"https:\/\/www.inverseteams.com\/de\/","name":"Inverseteams","description":"Tu marca de ropa deportiva personalizada","publisher":{"@id":"https:\/\/www.inverseteams.com\/de\/#organization"},"potentialAction":[{"@type":"SearchAction","target":{"@type":"EntryPoint","urlTemplate":"https:\/\/www.inverseteams.com\/de\/?s={search_term_string}"},"query-input":{"@type":"PropertyValueSpecification","valueRequired":true,"valueName":"search_term_string"}}],"inLanguage":"de"},{"@type":"Organization","@id":"https:\/\/www.inverseteams.com\/de\/#organization","name":"Inverse Teams","url":"https:\/\/www.inverseteams.com\/de\/","logo":{"@type":"ImageObject","inLanguage":"de","@id":"https:\/\/www.inverseteams.com\/de\/#\/schema\/logo\/image\/","url":"https:\/\/www.inverseteams.com\/wp-content\/uploads\/2021\/03\/logo-inverse-teams.png","contentUrl":"https:\/\/www.inverseteams.com\/wp-content\/uploads\/2021\/03\/logo-inverse-teams.png","width":294,"height":99,"caption":"Inverse Teams"},"image":{"@id":"https:\/\/www.inverseteams.com\/de\/#\/schema\/logo\/image\/"},"sameAs":["https:\/\/www.facebook.com\/inverseteams","http:\/\/instagram.com\/inverseteams","https:\/\/www.linkedin.com\/company\/inverse-cirosport-s-l-?trk=job_view_topcard_company_name","http:\/\/www.pinterest.com\/inverseteams\/","http:\/\/www.youtube.com\/user\/inverseteams?feature=watch"]}]}},"_links":{"self":[{"href":"https:\/\/www.inverseteams.com\/de\/wp-json\/wp\/v2\/product\/174254","targetHints":{"allow":["GET"]}}],"collection":[{"href":"https:\/\/www.inverseteams.com\/de\/wp-json\/wp\/v2\/product"}],"about":[{"href":"https:\/\/www.inverseteams.com\/de\/wp-json\/wp\/v2\/types\/product"}],"replies":[{"embeddable":true,"href":"https:\/\/www.inverseteams.com\/de\/wp-json\/wp\/v2\/comments?post=174254"}],"wp:featuredmedia":[{"embeddable":true,"href":"https:\/\/www.inverseteams.com\/de\/wp-json\/wp\/v2\/media\/165411"}],"wp:attachment":[{"href":"https:\/\/www.inverseteams.com\/de\/wp-json\/wp\/v2\/media?parent=174254"}],"wp:term":[{"taxonomy":"product_brand","embeddable":true,"href":"https:\/\/www.inverseteams.com\/de\/wp-json\/wp\/v2\/product_brand?post=174254"},{"taxonomy":"product_cat","embeddable":true,"href":"https:\/\/www.inverseteams.com\/de\/wp-json\/wp\/v2\/product_cat?post=174254"},{"taxonomy":"product_tag","embeddable":true,"href":"https:\/\/www.inverseteams.com\/de\/wp-json\/wp\/v2\/product_tag?post=174254"},{"taxonomy":"custom_category","embeddable":true,"href":"https:\/\/www.inverseteams.com\/de\/wp-json\/wp\/v2\/custom_category?post=174254"},{"taxonomy":"range","embeddable":true,"href":"https:\/\/www.inverseteams.com\/de\/wp-json\/wp\/v2\/range?post=174254"}],"curies":[{"name":"wp","href":"https:\/\/api.w.org\/{rel}","templated":true}]}}