{"id":174251,"date":"2021-05-10T08:32:26","date_gmt":"2021-05-10T09:19:16","guid":{"rendered":"https:\/\/www.inverseteams.com\/product\/fitness-knickers-work-out\/"},"modified":"2024-01-31T10:44:11","modified_gmt":"2024-01-31T10:44:11","slug":"personalisiertes-3-4-fitness-hose-work-out","status":"publish","type":"product","link":"https:\/\/www.inverseteams.com\/de\/produkt\/personalisiertes-3-4-fitness-hose-work-out\/","title":{"rendered":"Personalisiertes 3\/4 Fitness hose WORK OUT"},"content":{"rendered":"<p>Mit den neuen Kompressions 3\/4 hosen erzielst Du Deine H\u00f6chstleistung. Durch die Elastizit\u00e4t des Stoffes passt er sich perfekt an Ihre Beine an. Au\u00dferdem haben sie eine sehr angenehme Haptik, damit Sie sich auch bei langen Trainingseinheiten wohl f\u00fchlen.<br \/>\nDie eingearbeiteten Flachn\u00e4hte sind sehr widerstandsf\u00e4hig und verhindern Reibungen oder Hautirritationen. Der elastische Bund schmiegt sich sehr gut an den K\u00f6rper an und h\u00e4lt das Kleidungsst\u00fcck fest, ohne zu st\u00f6ren.<br \/>\nAm Ende der Beine befindet sich ein mikroperforiertes Gummiband mit einem hypoallergenen Silikongriff im Inneren. Dies verhindert, dass das Schwitzen zunimmt und h\u00e4lt das St\u00fcck sicher am Bein. Au\u00dfen verf\u00fcgt es \u00fcber 360\u00b0 reflektierende Linien, die Ihre Sicherheit erh\u00f6hen, da sie das Licht der Fahrzeuge reflektieren.<\/p>\n","protected":false},"excerpt":{"rendered":"<p>Mit den neuen Kompressions 3\/4 hosen erzielst Du Deine H\u00f6chstleistung. Durch die Elastizit\u00e4t des Stoffes passt er sich perfekt an Ihre Beine an. Au\u00dferdem haben sie eine sehr angenehme Haptik, damit Sie sich auch bei langen Trainingseinheiten wohl f\u00fchlen.<br \/>\nDie eingearbeiteten Flachn\u00e4hte sind sehr widerstandsf\u00e4hig und verhindern Reibungen oder Hautirritationen. Der elastische Bund schmiegt sich sehr gut an den K\u00f6rper an und h\u00e4lt das Kleidungsst\u00fcck fest, ohne zu st\u00f6ren.<br \/>\nAm Ende der Beine befindet sich ein mikroperforiertes Gummiband mit einem hypoallergenen Silikongriff im Inneren. Dies verhindert, dass das Schwitzen zunimmt und h\u00e4lt das St\u00fcck sicher am Bein. Au\u00dfen verf\u00fcgt es \u00fcber 360\u00b0 reflektierende Linien, die Ihre Sicherheit erh\u00f6hen, da sie das Licht der Fahrzeuge reflektieren.<\/p>\n","protected":false},"featured_media":165092,"comment_status":"closed","ping_status":"closed","template":"","meta":{"_acf_changed":false},"product_brand":[],"product_cat":[11218],"product_tag":[],"custom_category":[11240,11441,11308],"range":[11309],"class_list":{"0":"post-174251","1":"product","2":"type-product","3":"status-publish","4":"has-post-thumbnail","6":"product_cat-uncategorized-de","7":"pa_climatologia-temperatura-templada-de","8":"pa_climatologia-calor-de","9":"pa_deporte-fitness-de","10":"pa_genero-hombre-de","11":"pa_genero-mujer-de","12":"pa_genero-infantil-de","13":"pa_patronaje-fit-de","14":"pa_tipo-de-prenda-malla-pirata-de","15":"custom_category-sport","16":"custom_category-personalisierte-fitness-shorts","17":"custom_category-personalisierte-fitness-bekleidung","18":"range-work-out-de","20":"first","21":"instock","22":"product-type-custom"},"acf":[],"yoast_head":"<!-- This site is optimized with the Yoast SEO plugin v27.2 - https:\/\/yoast.com\/product\/yoast-seo-wordpress\/ -->\n<title>Personalisiertes 3\/4 Fitness hose WORK OUT<\/title>\n<meta name=\"description\" content=\"Mit den neuen Kompressions 3\/4 hosen erzielst Du Deine H\u00f6chstleistung. Durch die Elastizit\u00e4t des Stoffes passt er sich perfekt an Ihre Beine an. Au\u00dferdem haben sie eine sehr angenehme Haptik, damit Sie sich auch bei langen Trainingseinheiten wohl f\u00fchlen. Die eingearbeiteten Flachn\u00e4hte sind sehr widerstandsf\u00e4hig und verhindern Reibungen oder Hautirritationen. Der elastische Bund schmiegt sich sehr gut an den K\u00f6rper an und h\u00e4lt das Kleidungsst\u00fcck fest, ohne zu st\u00f6ren. Am Ende der Beine befindet sich ein mikroperforiertes Gummiband mit einem hypoallergenen Silikongriff im Inneren. Dies verhindert, dass das Schwitzen zunimmt und h\u00e4lt das St\u00fcck sicher am Bein. Au\u00dfen verf\u00fcgt es \u00fcber 360\u00b0 reflektierende Linien, die Ihre Sicherheit erh\u00f6hen, da sie das Licht der Fahrzeuge reflektieren.\" \/>\n<meta name=\"robots\" content=\"index, follow, max-snippet:-1, max-image-preview:large, max-video-preview:-1\" \/>\n<link rel=\"canonical\" href=\"https:\/\/www.inverseteams.com\/de\/produkt\/personalisiertes-3-4-fitness-hose-work-out\/\" \/>\n<meta property=\"og:locale\" content=\"de_DE\" \/>\n<meta property=\"og:type\" content=\"article\" \/>\n<meta property=\"og:title\" content=\"Personalisiertes 3\/4 Fitness hose WORK OUT\" \/>\n<meta property=\"og:description\" content=\"Mit den neuen Kompressions 3\/4 hosen erzielst Du Deine H\u00f6chstleistung. Durch die Elastizit\u00e4t des Stoffes passt er sich perfekt an Ihre Beine an. Au\u00dferdem haben sie eine sehr angenehme Haptik, damit Sie sich auch bei langen Trainingseinheiten wohl f\u00fchlen. Die eingearbeiteten Flachn\u00e4hte sind sehr widerstandsf\u00e4hig und verhindern Reibungen oder Hautirritationen. Der elastische Bund schmiegt sich sehr gut an den K\u00f6rper an und h\u00e4lt das Kleidungsst\u00fcck fest, ohne zu st\u00f6ren. Am Ende der Beine befindet sich ein mikroperforiertes Gummiband mit einem hypoallergenen Silikongriff im Inneren. Dies verhindert, dass das Schwitzen zunimmt und h\u00e4lt das St\u00fcck sicher am Bein. Au\u00dfen verf\u00fcgt es \u00fcber 360\u00b0 reflektierende Linien, die Ihre Sicherheit erh\u00f6hen, da sie das Licht der Fahrzeuge reflektieren.\" \/>\n<meta property=\"og:url\" content=\"https:\/\/www.inverseteams.com\/de\/produkt\/personalisiertes-3-4-fitness-hose-work-out\/\" \/>\n<meta property=\"og:site_name\" content=\"Inverseteams\" \/>\n<meta property=\"article:publisher\" content=\"https:\/\/www.facebook.com\/inverseteams\" \/>\n<meta property=\"article:modified_time\" content=\"2024-01-31T10:44:11+00:00\" \/>\n<meta property=\"og:image\" content=\"https:\/\/www.inverseteams.com\/wp-content\/uploads\/MALLA-PIRATA-WORK-OUT-1.jpg\" \/>\n\t<meta property=\"og:image:width\" content=\"3222\" \/>\n\t<meta property=\"og:image:height\" content=\"3462\" \/>\n\t<meta property=\"og:image:type\" content=\"image\/jpeg\" \/>\n<meta name=\"twitter:card\" content=\"summary_large_image\" \/>\n<meta name=\"twitter:label1\" content=\"Gesch\u00e4tzte Lesezeit\" \/>\n\t<meta name=\"twitter:data1\" content=\"1\u00a0Minute\" \/>\n<script type=\"application\/ld+json\" class=\"yoast-schema-graph\">{\"@context\":\"https:\/\/schema.org\",\"@graph\":[{\"@type\":\"WebPage\",\"@id\":\"https:\/\/www.inverseteams.com\/de\/produkt\/personalisiertes-3-4-fitness-hose-work-out\/\",\"url\":\"https:\/\/www.inverseteams.com\/de\/produkt\/personalisiertes-3-4-fitness-hose-work-out\/\",\"name\":\"Personalisiertes 3\/4 Fitness hose WORK OUT\",\"isPartOf\":{\"@id\":\"https:\/\/www.inverseteams.com\/de\/#website\"},\"primaryImageOfPage\":{\"@id\":\"https:\/\/www.inverseteams.com\/de\/produkt\/personalisiertes-3-4-fitness-hose-work-out\/#primaryimage\"},\"image\":{\"@id\":\"https:\/\/www.inverseteams.com\/de\/produkt\/personalisiertes-3-4-fitness-hose-work-out\/#primaryimage\"},\"thumbnailUrl\":\"https:\/\/www.inverseteams.com\/wp-content\/uploads\/MALLA-PIRATA-WORK-OUT-1.jpg\",\"datePublished\":\"2021-05-10T09:19:16+00:00\",\"dateModified\":\"2024-01-31T10:44:11+00:00\",\"description\":\"Mit den neuen Kompressions 3\/4 hosen erzielst Du Deine H\u00f6chstleistung. Durch die Elastizit\u00e4t des Stoffes passt er sich perfekt an Ihre Beine an. Au\u00dferdem haben sie eine sehr angenehme Haptik, damit Sie sich auch bei langen Trainingseinheiten wohl f\u00fchlen. Die eingearbeiteten Flachn\u00e4hte sind sehr widerstandsf\u00e4hig und verhindern Reibungen oder Hautirritationen. Der elastische Bund schmiegt sich sehr gut an den K\u00f6rper an und h\u00e4lt das Kleidungsst\u00fcck fest, ohne zu st\u00f6ren. Am Ende der Beine befindet sich ein mikroperforiertes Gummiband mit einem hypoallergenen Silikongriff im Inneren. Dies verhindert, dass das Schwitzen zunimmt und h\u00e4lt das St\u00fcck sicher am Bein. Au\u00dfen verf\u00fcgt es \u00fcber 360\u00b0 reflektierende Linien, die Ihre Sicherheit erh\u00f6hen, da sie das Licht der Fahrzeuge reflektieren.\",\"breadcrumb\":{\"@id\":\"https:\/\/www.inverseteams.com\/de\/produkt\/personalisiertes-3-4-fitness-hose-work-out\/#breadcrumb\"},\"inLanguage\":\"de\",\"potentialAction\":[{\"@type\":\"ReadAction\",\"target\":[\"https:\/\/www.inverseteams.com\/de\/produkt\/personalisiertes-3-4-fitness-hose-work-out\/\"]}]},{\"@type\":\"ImageObject\",\"inLanguage\":\"de\",\"@id\":\"https:\/\/www.inverseteams.com\/de\/produkt\/personalisiertes-3-4-fitness-hose-work-out\/#primaryimage\",\"url\":\"https:\/\/www.inverseteams.com\/wp-content\/uploads\/MALLA-PIRATA-WORK-OUT-1.jpg\",\"contentUrl\":\"https:\/\/www.inverseteams.com\/wp-content\/uploads\/MALLA-PIRATA-WORK-OUT-1.jpg\",\"width\":3222,\"height\":3462,\"caption\":\"malla pirata fitness personalizada\"},{\"@type\":\"BreadcrumbList\",\"@id\":\"https:\/\/www.inverseteams.com\/de\/produkt\/personalisiertes-3-4-fitness-hose-work-out\/#breadcrumb\",\"itemListElement\":[{\"@type\":\"ListItem\",\"position\":1,\"name\":\"Portada\",\"item\":\"https:\/\/www.inverseteams.com\/de\/\"},{\"@type\":\"ListItem\",\"position\":2,\"name\":\"Speichern\",\"item\":\"https:\/\/www.inverseteams.com\/de\/speichern\/\"},{\"@type\":\"ListItem\",\"position\":3,\"name\":\"Personalisiertes 3\/4 Fitness hose WORK OUT\"}]},{\"@type\":\"WebSite\",\"@id\":\"https:\/\/www.inverseteams.com\/de\/#website\",\"url\":\"https:\/\/www.inverseteams.com\/de\/\",\"name\":\"Inverseteams\",\"description\":\"Tu marca de ropa deportiva personalizada\",\"publisher\":{\"@id\":\"https:\/\/www.inverseteams.com\/de\/#organization\"},\"potentialAction\":[{\"@type\":\"SearchAction\",\"target\":{\"@type\":\"EntryPoint\",\"urlTemplate\":\"https:\/\/www.inverseteams.com\/de\/?s={search_term_string}\"},\"query-input\":{\"@type\":\"PropertyValueSpecification\",\"valueRequired\":true,\"valueName\":\"search_term_string\"}}],\"inLanguage\":\"de\"},{\"@type\":\"Organization\",\"@id\":\"https:\/\/www.inverseteams.com\/de\/#organization\",\"name\":\"Inverse Teams\",\"url\":\"https:\/\/www.inverseteams.com\/de\/\",\"logo\":{\"@type\":\"ImageObject\",\"inLanguage\":\"de\",\"@id\":\"https:\/\/www.inverseteams.com\/de\/#\/schema\/logo\/image\/\",\"url\":\"https:\/\/www.inverseteams.com\/wp-content\/uploads\/2021\/03\/logo-inverse-teams.png\",\"contentUrl\":\"https:\/\/www.inverseteams.com\/wp-content\/uploads\/2021\/03\/logo-inverse-teams.png\",\"width\":294,\"height\":99,\"caption\":\"Inverse Teams\"},\"image\":{\"@id\":\"https:\/\/www.inverseteams.com\/de\/#\/schema\/logo\/image\/\"},\"sameAs\":[\"https:\/\/www.facebook.com\/inverseteams\",\"http:\/\/instagram.com\/inverseteams\",\"https:\/\/www.linkedin.com\/company\/inverse-cirosport-s-l-?trk=job_view_topcard_company_name\",\"http:\/\/www.pinterest.com\/inverseteams\/\",\"http:\/\/www.youtube.com\/user\/inverseteams?feature=watch\"]}]}<\/script>\n<!-- \/ Yoast SEO plugin. -->","yoast_head_json":{"title":"Personalisiertes 3\/4 Fitness hose WORK OUT","description":"Mit den neuen Kompressions 3\/4 hosen erzielst Du Deine H\u00f6chstleistung. Durch die Elastizit\u00e4t des Stoffes passt er sich perfekt an Ihre Beine an. Au\u00dferdem haben sie eine sehr angenehme Haptik, damit Sie sich auch bei langen Trainingseinheiten wohl f\u00fchlen. Die eingearbeiteten Flachn\u00e4hte sind sehr widerstandsf\u00e4hig und verhindern Reibungen oder Hautirritationen. Der elastische Bund schmiegt sich sehr gut an den K\u00f6rper an und h\u00e4lt das Kleidungsst\u00fcck fest, ohne zu st\u00f6ren. Am Ende der Beine befindet sich ein mikroperforiertes Gummiband mit einem hypoallergenen Silikongriff im Inneren. Dies verhindert, dass das Schwitzen zunimmt und h\u00e4lt das St\u00fcck sicher am Bein. Au\u00dfen verf\u00fcgt es \u00fcber 360\u00b0 reflektierende Linien, die Ihre Sicherheit erh\u00f6hen, da sie das Licht der Fahrzeuge reflektieren.","robots":{"index":"index","follow":"follow","max-snippet":"max-snippet:-1","max-image-preview":"max-image-preview:large","max-video-preview":"max-video-preview:-1"},"canonical":"https:\/\/www.inverseteams.com\/de\/produkt\/personalisiertes-3-4-fitness-hose-work-out\/","og_locale":"de_DE","og_type":"article","og_title":"Personalisiertes 3\/4 Fitness hose WORK OUT","og_description":"Mit den neuen Kompressions 3\/4 hosen erzielst Du Deine H\u00f6chstleistung. Durch die Elastizit\u00e4t des Stoffes passt er sich perfekt an Ihre Beine an. Au\u00dferdem haben sie eine sehr angenehme Haptik, damit Sie sich auch bei langen Trainingseinheiten wohl f\u00fchlen. Die eingearbeiteten Flachn\u00e4hte sind sehr widerstandsf\u00e4hig und verhindern Reibungen oder Hautirritationen. Der elastische Bund schmiegt sich sehr gut an den K\u00f6rper an und h\u00e4lt das Kleidungsst\u00fcck fest, ohne zu st\u00f6ren. Am Ende der Beine befindet sich ein mikroperforiertes Gummiband mit einem hypoallergenen Silikongriff im Inneren. Dies verhindert, dass das Schwitzen zunimmt und h\u00e4lt das St\u00fcck sicher am Bein. Au\u00dfen verf\u00fcgt es \u00fcber 360\u00b0 reflektierende Linien, die Ihre Sicherheit erh\u00f6hen, da sie das Licht der Fahrzeuge reflektieren.","og_url":"https:\/\/www.inverseteams.com\/de\/produkt\/personalisiertes-3-4-fitness-hose-work-out\/","og_site_name":"Inverseteams","article_publisher":"https:\/\/www.facebook.com\/inverseteams","article_modified_time":"2024-01-31T10:44:11+00:00","og_image":[{"width":3222,"height":3462,"url":"https:\/\/www.inverseteams.com\/wp-content\/uploads\/MALLA-PIRATA-WORK-OUT-1.jpg","type":"image\/jpeg"}],"twitter_card":"summary_large_image","twitter_misc":{"Gesch\u00e4tzte Lesezeit":"1\u00a0Minute"},"schema":{"@context":"https:\/\/schema.org","@graph":[{"@type":"WebPage","@id":"https:\/\/www.inverseteams.com\/de\/produkt\/personalisiertes-3-4-fitness-hose-work-out\/","url":"https:\/\/www.inverseteams.com\/de\/produkt\/personalisiertes-3-4-fitness-hose-work-out\/","name":"Personalisiertes 3\/4 Fitness hose WORK OUT","isPartOf":{"@id":"https:\/\/www.inverseteams.com\/de\/#website"},"primaryImageOfPage":{"@id":"https:\/\/www.inverseteams.com\/de\/produkt\/personalisiertes-3-4-fitness-hose-work-out\/#primaryimage"},"image":{"@id":"https:\/\/www.inverseteams.com\/de\/produkt\/personalisiertes-3-4-fitness-hose-work-out\/#primaryimage"},"thumbnailUrl":"https:\/\/www.inverseteams.com\/wp-content\/uploads\/MALLA-PIRATA-WORK-OUT-1.jpg","datePublished":"2021-05-10T09:19:16+00:00","dateModified":"2024-01-31T10:44:11+00:00","description":"Mit den neuen Kompressions 3\/4 hosen erzielst Du Deine H\u00f6chstleistung. Durch die Elastizit\u00e4t des Stoffes passt er sich perfekt an Ihre Beine an. Au\u00dferdem haben sie eine sehr angenehme Haptik, damit Sie sich auch bei langen Trainingseinheiten wohl f\u00fchlen. Die eingearbeiteten Flachn\u00e4hte sind sehr widerstandsf\u00e4hig und verhindern Reibungen oder Hautirritationen. Der elastische Bund schmiegt sich sehr gut an den K\u00f6rper an und h\u00e4lt das Kleidungsst\u00fcck fest, ohne zu st\u00f6ren. Am Ende der Beine befindet sich ein mikroperforiertes Gummiband mit einem hypoallergenen Silikongriff im Inneren. Dies verhindert, dass das Schwitzen zunimmt und h\u00e4lt das St\u00fcck sicher am Bein. Au\u00dfen verf\u00fcgt es \u00fcber 360\u00b0 reflektierende Linien, die Ihre Sicherheit erh\u00f6hen, da sie das Licht der Fahrzeuge reflektieren.","breadcrumb":{"@id":"https:\/\/www.inverseteams.com\/de\/produkt\/personalisiertes-3-4-fitness-hose-work-out\/#breadcrumb"},"inLanguage":"de","potentialAction":[{"@type":"ReadAction","target":["https:\/\/www.inverseteams.com\/de\/produkt\/personalisiertes-3-4-fitness-hose-work-out\/"]}]},{"@type":"ImageObject","inLanguage":"de","@id":"https:\/\/www.inverseteams.com\/de\/produkt\/personalisiertes-3-4-fitness-hose-work-out\/#primaryimage","url":"https:\/\/www.inverseteams.com\/wp-content\/uploads\/MALLA-PIRATA-WORK-OUT-1.jpg","contentUrl":"https:\/\/www.inverseteams.com\/wp-content\/uploads\/MALLA-PIRATA-WORK-OUT-1.jpg","width":3222,"height":3462,"caption":"malla pirata fitness personalizada"},{"@type":"BreadcrumbList","@id":"https:\/\/www.inverseteams.com\/de\/produkt\/personalisiertes-3-4-fitness-hose-work-out\/#breadcrumb","itemListElement":[{"@type":"ListItem","position":1,"name":"Portada","item":"https:\/\/www.inverseteams.com\/de\/"},{"@type":"ListItem","position":2,"name":"Speichern","item":"https:\/\/www.inverseteams.com\/de\/speichern\/"},{"@type":"ListItem","position":3,"name":"Personalisiertes 3\/4 Fitness hose WORK OUT"}]},{"@type":"WebSite","@id":"https:\/\/www.inverseteams.com\/de\/#website","url":"https:\/\/www.inverseteams.com\/de\/","name":"Inverseteams","description":"Tu marca de ropa deportiva personalizada","publisher":{"@id":"https:\/\/www.inverseteams.com\/de\/#organization"},"potentialAction":[{"@type":"SearchAction","target":{"@type":"EntryPoint","urlTemplate":"https:\/\/www.inverseteams.com\/de\/?s={search_term_string}"},"query-input":{"@type":"PropertyValueSpecification","valueRequired":true,"valueName":"search_term_string"}}],"inLanguage":"de"},{"@type":"Organization","@id":"https:\/\/www.inverseteams.com\/de\/#organization","name":"Inverse Teams","url":"https:\/\/www.inverseteams.com\/de\/","logo":{"@type":"ImageObject","inLanguage":"de","@id":"https:\/\/www.inverseteams.com\/de\/#\/schema\/logo\/image\/","url":"https:\/\/www.inverseteams.com\/wp-content\/uploads\/2021\/03\/logo-inverse-teams.png","contentUrl":"https:\/\/www.inverseteams.com\/wp-content\/uploads\/2021\/03\/logo-inverse-teams.png","width":294,"height":99,"caption":"Inverse Teams"},"image":{"@id":"https:\/\/www.inverseteams.com\/de\/#\/schema\/logo\/image\/"},"sameAs":["https:\/\/www.facebook.com\/inverseteams","http:\/\/instagram.com\/inverseteams","https:\/\/www.linkedin.com\/company\/inverse-cirosport-s-l-?trk=job_view_topcard_company_name","http:\/\/www.pinterest.com\/inverseteams\/","http:\/\/www.youtube.com\/user\/inverseteams?feature=watch"]}]}},"_links":{"self":[{"href":"https:\/\/www.inverseteams.com\/de\/wp-json\/wp\/v2\/product\/174251","targetHints":{"allow":["GET"]}}],"collection":[{"href":"https:\/\/www.inverseteams.com\/de\/wp-json\/wp\/v2\/product"}],"about":[{"href":"https:\/\/www.inverseteams.com\/de\/wp-json\/wp\/v2\/types\/product"}],"replies":[{"embeddable":true,"href":"https:\/\/www.inverseteams.com\/de\/wp-json\/wp\/v2\/comments?post=174251"}],"wp:featuredmedia":[{"embeddable":true,"href":"https:\/\/www.inverseteams.com\/de\/wp-json\/wp\/v2\/media\/165092"}],"wp:attachment":[{"href":"https:\/\/www.inverseteams.com\/de\/wp-json\/wp\/v2\/media?parent=174251"}],"wp:term":[{"taxonomy":"product_brand","embeddable":true,"href":"https:\/\/www.inverseteams.com\/de\/wp-json\/wp\/v2\/product_brand?post=174251"},{"taxonomy":"product_cat","embeddable":true,"href":"https:\/\/www.inverseteams.com\/de\/wp-json\/wp\/v2\/product_cat?post=174251"},{"taxonomy":"product_tag","embeddable":true,"href":"https:\/\/www.inverseteams.com\/de\/wp-json\/wp\/v2\/product_tag?post=174251"},{"taxonomy":"custom_category","embeddable":true,"href":"https:\/\/www.inverseteams.com\/de\/wp-json\/wp\/v2\/custom_category?post=174251"},{"taxonomy":"range","embeddable":true,"href":"https:\/\/www.inverseteams.com\/de\/wp-json\/wp\/v2\/range?post=174251"}],"curies":[{"name":"wp","href":"https:\/\/api.w.org\/{rel}","templated":true}]}}