{"id":174232,"date":"2021-05-10T08:31:14","date_gmt":"2021-05-10T09:18:03","guid":{"rendered":"https:\/\/www.inverseteams.com\/product\/triathlon-swimming-trunk-aqua\/"},"modified":"2024-02-06T09:32:11","modified_gmt":"2024-02-06T09:32:11","slug":"personalisiertes-triathlon-badehose-aqua","status":"publish","type":"product","link":"https:\/\/www.inverseteams.com\/de\/produkt\/personalisiertes-triathlon-badehose-aqua\/","title":{"rendered":"Personalisiertes Triathlon-Badehose AQUA"},"content":{"rendered":"<p>Seine Gewebebehandlung weist Wasser ab und sorgt daf\u00fcr, dass Sie beim Schwimmen leichter gleiten und schneller trocknen. Zur Regulierung der Passform verf\u00fcgt es \u00fcber eine Kordel in der Taille. Im Inneren befindet sich ein sehr feines Futter mit angenehmer Haptik, das Kratzer und m\u00f6gliche Transparenzen vermeidet. Es ist ein ideales Kleidungsst\u00fcck f\u00fcr den t\u00e4glichen und intensiven Gebrauch.<\/p>\n","protected":false},"excerpt":{"rendered":"<p>Seine Gewebebehandlung weist Wasser ab und sorgt daf\u00fcr, dass Sie beim Schwimmen leichter gleiten und schneller trocknen. Zur Regulierung der Passform verf\u00fcgt es \u00fcber eine Kordel in der Taille. Im Inneren befindet sich ein sehr feines Futter mit angenehmer Haptik, das Kratzer und m\u00f6gliche Transparenzen vermeidet. Es ist ein ideales Kleidungsst\u00fcck f\u00fcr den t\u00e4glichen und intensiven Gebrauch.<\/p>\n","protected":false},"featured_media":165460,"comment_status":"closed","ping_status":"closed","template":"","meta":{"_acf_changed":false},"product_brand":[],"product_cat":[11218],"product_tag":[],"custom_category":[11240,11338,11443],"range":[11342],"class_list":{"0":"post-174232","1":"product","2":"type-product","3":"status-publish","4":"has-post-thumbnail","6":"product_cat-uncategorized-de","7":"pa_climatologia-calor-de","8":"pa_deporte-triatlon-de","9":"pa_genero-hombre-de","10":"pa_patronaje-fit-de","11":"pa_tipo-de-prenda-banador-de","12":"custom_category-sport","13":"custom_category-personalisierte-triathlonbekleidung","14":"custom_category-personalisierte-triathlon-badeanzug","15":"range-aqua-de","17":"first","18":"instock","19":"product-type-custom"},"acf":[],"yoast_head":"<!-- This site is optimized with the Yoast SEO plugin v27.3 - https:\/\/yoast.com\/product\/yoast-seo-wordpress\/ -->\n<title>Personalisiertes Triathlon-Badehose AQUA<\/title>\n<meta name=\"description\" content=\"Seine Gewebebehandlung weist Wasser ab und sorgt daf\u00fcr, dass Sie beim Schwimmen leichter gleiten und schneller trocknen. Zur Regulierung der Passform verf\u00fcgt es \u00fcber eine Kordel in der Taille. Im Inneren befindet sich ein sehr feines Futter mit angenehmer Haptik, das Kratzer und m\u00f6gliche Transparenzen vermeidet. Es ist ein ideales Kleidungsst\u00fcck f\u00fcr den t\u00e4glichen und intensiven Gebrauch.\" \/>\n<meta name=\"robots\" content=\"index, follow, max-snippet:-1, max-image-preview:large, max-video-preview:-1\" \/>\n<link rel=\"canonical\" href=\"https:\/\/www.inverseteams.com\/de\/produkt\/personalisiertes-triathlon-badehose-aqua\/\" \/>\n<meta property=\"og:locale\" content=\"de_DE\" \/>\n<meta property=\"og:type\" content=\"article\" \/>\n<meta property=\"og:title\" content=\"Personalisiertes Triathlon-Badehose AQUA\" \/>\n<meta property=\"og:description\" content=\"Seine Gewebebehandlung weist Wasser ab und sorgt daf\u00fcr, dass Sie beim Schwimmen leichter gleiten und schneller trocknen. Zur Regulierung der Passform verf\u00fcgt es \u00fcber eine Kordel in der Taille. Im Inneren befindet sich ein sehr feines Futter mit angenehmer Haptik, das Kratzer und m\u00f6gliche Transparenzen vermeidet. Es ist ein ideales Kleidungsst\u00fcck f\u00fcr den t\u00e4glichen und intensiven Gebrauch.\" \/>\n<meta property=\"og:url\" content=\"https:\/\/www.inverseteams.com\/de\/produkt\/personalisiertes-triathlon-badehose-aqua\/\" \/>\n<meta property=\"og:site_name\" content=\"Inverseteams\" \/>\n<meta property=\"article:publisher\" content=\"https:\/\/www.facebook.com\/inverseteams\" \/>\n<meta property=\"article:modified_time\" content=\"2024-02-06T09:32:11+00:00\" \/>\n<meta property=\"og:image\" content=\"https:\/\/www.inverseteams.com\/wp-content\/uploads\/BANADOR-TRIATLON-SLIP-AQUA-1-1.jpg\" \/>\n\t<meta property=\"og:image:width\" content=\"3222\" \/>\n\t<meta property=\"og:image:height\" content=\"3462\" \/>\n\t<meta property=\"og:image:type\" content=\"image\/jpeg\" \/>\n<meta name=\"twitter:card\" content=\"summary_large_image\" \/>\n<meta name=\"twitter:label1\" content=\"Gesch\u00e4tzte Lesezeit\" \/>\n\t<meta name=\"twitter:data1\" content=\"1\u00a0Minute\" \/>\n<script type=\"application\/ld+json\" class=\"yoast-schema-graph\">{\"@context\":\"https:\\\/\\\/schema.org\",\"@graph\":[{\"@type\":\"WebPage\",\"@id\":\"https:\\\/\\\/www.inverseteams.com\\\/de\\\/produkt\\\/personalisiertes-triathlon-badehose-aqua\\\/\",\"url\":\"https:\\\/\\\/www.inverseteams.com\\\/de\\\/produkt\\\/personalisiertes-triathlon-badehose-aqua\\\/\",\"name\":\"Personalisiertes Triathlon-Badehose AQUA\",\"isPartOf\":{\"@id\":\"https:\\\/\\\/www.inverseteams.com\\\/de\\\/#website\"},\"primaryImageOfPage\":{\"@id\":\"https:\\\/\\\/www.inverseteams.com\\\/de\\\/produkt\\\/personalisiertes-triathlon-badehose-aqua\\\/#primaryimage\"},\"image\":{\"@id\":\"https:\\\/\\\/www.inverseteams.com\\\/de\\\/produkt\\\/personalisiertes-triathlon-badehose-aqua\\\/#primaryimage\"},\"thumbnailUrl\":\"https:\\\/\\\/www.inverseteams.com\\\/wp-content\\\/uploads\\\/BANADOR-TRIATLON-SLIP-AQUA-1-1.jpg\",\"datePublished\":\"2021-05-10T09:18:03+00:00\",\"dateModified\":\"2024-02-06T09:32:11+00:00\",\"description\":\"Seine Gewebebehandlung weist Wasser ab und sorgt daf\u00fcr, dass Sie beim Schwimmen leichter gleiten und schneller trocknen. Zur Regulierung der Passform verf\u00fcgt es \u00fcber eine Kordel in der Taille. Im Inneren befindet sich ein sehr feines Futter mit angenehmer Haptik, das Kratzer und m\u00f6gliche Transparenzen vermeidet. Es ist ein ideales Kleidungsst\u00fcck f\u00fcr den t\u00e4glichen und intensiven Gebrauch.\",\"breadcrumb\":{\"@id\":\"https:\\\/\\\/www.inverseteams.com\\\/de\\\/produkt\\\/personalisiertes-triathlon-badehose-aqua\\\/#breadcrumb\"},\"inLanguage\":\"de\",\"potentialAction\":[{\"@type\":\"ReadAction\",\"target\":[\"https:\\\/\\\/www.inverseteams.com\\\/de\\\/produkt\\\/personalisiertes-triathlon-badehose-aqua\\\/\"]}]},{\"@type\":\"ImageObject\",\"inLanguage\":\"de\",\"@id\":\"https:\\\/\\\/www.inverseteams.com\\\/de\\\/produkt\\\/personalisiertes-triathlon-badehose-aqua\\\/#primaryimage\",\"url\":\"https:\\\/\\\/www.inverseteams.com\\\/wp-content\\\/uploads\\\/BANADOR-TRIATLON-SLIP-AQUA-1-1.jpg\",\"contentUrl\":\"https:\\\/\\\/www.inverseteams.com\\\/wp-content\\\/uploads\\\/BANADOR-TRIATLON-SLIP-AQUA-1-1.jpg\",\"width\":3222,\"height\":3462,\"caption\":\"slip triatlon aqua personalizado\"},{\"@type\":\"BreadcrumbList\",\"@id\":\"https:\\\/\\\/www.inverseteams.com\\\/de\\\/produkt\\\/personalisiertes-triathlon-badehose-aqua\\\/#breadcrumb\",\"itemListElement\":[{\"@type\":\"ListItem\",\"position\":1,\"name\":\"Portada\",\"item\":\"https:\\\/\\\/www.inverseteams.com\\\/de\\\/\"},{\"@type\":\"ListItem\",\"position\":2,\"name\":\"Speichern\",\"item\":\"https:\\\/\\\/www.inverseteams.com\\\/de\\\/speichern\\\/\"},{\"@type\":\"ListItem\",\"position\":3,\"name\":\"Personalisiertes Triathlon-Badehose AQUA\"}]},{\"@type\":\"WebSite\",\"@id\":\"https:\\\/\\\/www.inverseteams.com\\\/de\\\/#website\",\"url\":\"https:\\\/\\\/www.inverseteams.com\\\/de\\\/\",\"name\":\"Inverseteams\",\"description\":\"Tu marca de ropa deportiva personalizada\",\"publisher\":{\"@id\":\"https:\\\/\\\/www.inverseteams.com\\\/de\\\/#organization\"},\"potentialAction\":[{\"@type\":\"SearchAction\",\"target\":{\"@type\":\"EntryPoint\",\"urlTemplate\":\"https:\\\/\\\/www.inverseteams.com\\\/de\\\/?s={search_term_string}\"},\"query-input\":{\"@type\":\"PropertyValueSpecification\",\"valueRequired\":true,\"valueName\":\"search_term_string\"}}],\"inLanguage\":\"de\"},{\"@type\":\"Organization\",\"@id\":\"https:\\\/\\\/www.inverseteams.com\\\/de\\\/#organization\",\"name\":\"Inverse Teams\",\"url\":\"https:\\\/\\\/www.inverseteams.com\\\/de\\\/\",\"logo\":{\"@type\":\"ImageObject\",\"inLanguage\":\"de\",\"@id\":\"https:\\\/\\\/www.inverseteams.com\\\/de\\\/#\\\/schema\\\/logo\\\/image\\\/\",\"url\":\"http:\\\/\\\/www.inverseteams.com\\\/wp-content\\\/uploads\\\/2021\\\/03\\\/logo-inverse-teams.png\",\"contentUrl\":\"http:\\\/\\\/www.inverseteams.com\\\/wp-content\\\/uploads\\\/2021\\\/03\\\/logo-inverse-teams.png\",\"width\":294,\"height\":99,\"caption\":\"Inverse Teams\"},\"image\":{\"@id\":\"https:\\\/\\\/www.inverseteams.com\\\/de\\\/#\\\/schema\\\/logo\\\/image\\\/\"},\"sameAs\":[\"https:\\\/\\\/www.facebook.com\\\/inverseteams\",\"http:\\\/\\\/instagram.com\\\/inverseteams\",\"https:\\\/\\\/www.linkedin.com\\\/company\\\/inverse-cirosport-s-l-?trk=job_view_topcard_company_name\",\"http:\\\/\\\/www.pinterest.com\\\/inverseteams\\\/\",\"http:\\\/\\\/www.youtube.com\\\/user\\\/inverseteams?feature=watch\"]}]}<\/script>\n<!-- \/ Yoast SEO plugin. -->","yoast_head_json":{"title":"Personalisiertes Triathlon-Badehose AQUA","description":"Seine Gewebebehandlung weist Wasser ab und sorgt daf\u00fcr, dass Sie beim Schwimmen leichter gleiten und schneller trocknen. Zur Regulierung der Passform verf\u00fcgt es \u00fcber eine Kordel in der Taille. Im Inneren befindet sich ein sehr feines Futter mit angenehmer Haptik, das Kratzer und m\u00f6gliche Transparenzen vermeidet. Es ist ein ideales Kleidungsst\u00fcck f\u00fcr den t\u00e4glichen und intensiven Gebrauch.","robots":{"index":"index","follow":"follow","max-snippet":"max-snippet:-1","max-image-preview":"max-image-preview:large","max-video-preview":"max-video-preview:-1"},"canonical":"https:\/\/www.inverseteams.com\/de\/produkt\/personalisiertes-triathlon-badehose-aqua\/","og_locale":"de_DE","og_type":"article","og_title":"Personalisiertes Triathlon-Badehose AQUA","og_description":"Seine Gewebebehandlung weist Wasser ab und sorgt daf\u00fcr, dass Sie beim Schwimmen leichter gleiten und schneller trocknen. Zur Regulierung der Passform verf\u00fcgt es \u00fcber eine Kordel in der Taille. Im Inneren befindet sich ein sehr feines Futter mit angenehmer Haptik, das Kratzer und m\u00f6gliche Transparenzen vermeidet. Es ist ein ideales Kleidungsst\u00fcck f\u00fcr den t\u00e4glichen und intensiven Gebrauch.","og_url":"https:\/\/www.inverseteams.com\/de\/produkt\/personalisiertes-triathlon-badehose-aqua\/","og_site_name":"Inverseteams","article_publisher":"https:\/\/www.facebook.com\/inverseteams","article_modified_time":"2024-02-06T09:32:11+00:00","og_image":[{"width":3222,"height":3462,"url":"https:\/\/www.inverseteams.com\/wp-content\/uploads\/BANADOR-TRIATLON-SLIP-AQUA-1-1.jpg","type":"image\/jpeg"}],"twitter_card":"summary_large_image","twitter_misc":{"Gesch\u00e4tzte Lesezeit":"1\u00a0Minute"},"schema":{"@context":"https:\/\/schema.org","@graph":[{"@type":"WebPage","@id":"https:\/\/www.inverseteams.com\/de\/produkt\/personalisiertes-triathlon-badehose-aqua\/","url":"https:\/\/www.inverseteams.com\/de\/produkt\/personalisiertes-triathlon-badehose-aqua\/","name":"Personalisiertes Triathlon-Badehose AQUA","isPartOf":{"@id":"https:\/\/www.inverseteams.com\/de\/#website"},"primaryImageOfPage":{"@id":"https:\/\/www.inverseteams.com\/de\/produkt\/personalisiertes-triathlon-badehose-aqua\/#primaryimage"},"image":{"@id":"https:\/\/www.inverseteams.com\/de\/produkt\/personalisiertes-triathlon-badehose-aqua\/#primaryimage"},"thumbnailUrl":"https:\/\/www.inverseteams.com\/wp-content\/uploads\/BANADOR-TRIATLON-SLIP-AQUA-1-1.jpg","datePublished":"2021-05-10T09:18:03+00:00","dateModified":"2024-02-06T09:32:11+00:00","description":"Seine Gewebebehandlung weist Wasser ab und sorgt daf\u00fcr, dass Sie beim Schwimmen leichter gleiten und schneller trocknen. Zur Regulierung der Passform verf\u00fcgt es \u00fcber eine Kordel in der Taille. Im Inneren befindet sich ein sehr feines Futter mit angenehmer Haptik, das Kratzer und m\u00f6gliche Transparenzen vermeidet. Es ist ein ideales Kleidungsst\u00fcck f\u00fcr den t\u00e4glichen und intensiven Gebrauch.","breadcrumb":{"@id":"https:\/\/www.inverseteams.com\/de\/produkt\/personalisiertes-triathlon-badehose-aqua\/#breadcrumb"},"inLanguage":"de","potentialAction":[{"@type":"ReadAction","target":["https:\/\/www.inverseteams.com\/de\/produkt\/personalisiertes-triathlon-badehose-aqua\/"]}]},{"@type":"ImageObject","inLanguage":"de","@id":"https:\/\/www.inverseteams.com\/de\/produkt\/personalisiertes-triathlon-badehose-aqua\/#primaryimage","url":"https:\/\/www.inverseteams.com\/wp-content\/uploads\/BANADOR-TRIATLON-SLIP-AQUA-1-1.jpg","contentUrl":"https:\/\/www.inverseteams.com\/wp-content\/uploads\/BANADOR-TRIATLON-SLIP-AQUA-1-1.jpg","width":3222,"height":3462,"caption":"slip triatlon aqua personalizado"},{"@type":"BreadcrumbList","@id":"https:\/\/www.inverseteams.com\/de\/produkt\/personalisiertes-triathlon-badehose-aqua\/#breadcrumb","itemListElement":[{"@type":"ListItem","position":1,"name":"Portada","item":"https:\/\/www.inverseteams.com\/de\/"},{"@type":"ListItem","position":2,"name":"Speichern","item":"https:\/\/www.inverseteams.com\/de\/speichern\/"},{"@type":"ListItem","position":3,"name":"Personalisiertes Triathlon-Badehose AQUA"}]},{"@type":"WebSite","@id":"https:\/\/www.inverseteams.com\/de\/#website","url":"https:\/\/www.inverseteams.com\/de\/","name":"Inverseteams","description":"Tu marca de ropa deportiva personalizada","publisher":{"@id":"https:\/\/www.inverseteams.com\/de\/#organization"},"potentialAction":[{"@type":"SearchAction","target":{"@type":"EntryPoint","urlTemplate":"https:\/\/www.inverseteams.com\/de\/?s={search_term_string}"},"query-input":{"@type":"PropertyValueSpecification","valueRequired":true,"valueName":"search_term_string"}}],"inLanguage":"de"},{"@type":"Organization","@id":"https:\/\/www.inverseteams.com\/de\/#organization","name":"Inverse Teams","url":"https:\/\/www.inverseteams.com\/de\/","logo":{"@type":"ImageObject","inLanguage":"de","@id":"https:\/\/www.inverseteams.com\/de\/#\/schema\/logo\/image\/","url":"https:\/\/www.inverseteams.com\/wp-content\/uploads\/2021\/03\/logo-inverse-teams.png","contentUrl":"https:\/\/www.inverseteams.com\/wp-content\/uploads\/2021\/03\/logo-inverse-teams.png","width":294,"height":99,"caption":"Inverse Teams"},"image":{"@id":"https:\/\/www.inverseteams.com\/de\/#\/schema\/logo\/image\/"},"sameAs":["https:\/\/www.facebook.com\/inverseteams","http:\/\/instagram.com\/inverseteams","https:\/\/www.linkedin.com\/company\/inverse-cirosport-s-l-?trk=job_view_topcard_company_name","http:\/\/www.pinterest.com\/inverseteams\/","http:\/\/www.youtube.com\/user\/inverseteams?feature=watch"]}]}},"_links":{"self":[{"href":"https:\/\/www.inverseteams.com\/de\/wp-json\/wp\/v2\/product\/174232","targetHints":{"allow":["GET"]}}],"collection":[{"href":"https:\/\/www.inverseteams.com\/de\/wp-json\/wp\/v2\/product"}],"about":[{"href":"https:\/\/www.inverseteams.com\/de\/wp-json\/wp\/v2\/types\/product"}],"replies":[{"embeddable":true,"href":"https:\/\/www.inverseteams.com\/de\/wp-json\/wp\/v2\/comments?post=174232"}],"wp:featuredmedia":[{"embeddable":true,"href":"https:\/\/www.inverseteams.com\/de\/wp-json\/wp\/v2\/media\/165460"}],"wp:attachment":[{"href":"https:\/\/www.inverseteams.com\/de\/wp-json\/wp\/v2\/media?parent=174232"}],"wp:term":[{"taxonomy":"product_brand","embeddable":true,"href":"https:\/\/www.inverseteams.com\/de\/wp-json\/wp\/v2\/product_brand?post=174232"},{"taxonomy":"product_cat","embeddable":true,"href":"https:\/\/www.inverseteams.com\/de\/wp-json\/wp\/v2\/product_cat?post=174232"},{"taxonomy":"product_tag","embeddable":true,"href":"https:\/\/www.inverseteams.com\/de\/wp-json\/wp\/v2\/product_tag?post=174232"},{"taxonomy":"custom_category","embeddable":true,"href":"https:\/\/www.inverseteams.com\/de\/wp-json\/wp\/v2\/custom_category?post=174232"},{"taxonomy":"range","embeddable":true,"href":"https:\/\/www.inverseteams.com\/de\/wp-json\/wp\/v2\/range?post=174232"}],"curies":[{"name":"wp","href":"https:\/\/api.w.org\/{rel}","templated":true}]}}