{"id":174228,"date":"2021-10-12T09:46:48","date_gmt":"2021-10-12T09:48:15","guid":{"rendered":"https:\/\/www.inverseteams.com\/product\/short-sleeve-skinsuit-ultra\/"},"modified":"2024-01-29T14:14:49","modified_gmt":"2024-01-29T14:14:49","slug":"personalisiertes-kurzarm-trailrunning-skinsuit-ultra","status":"publish","type":"product","link":"https:\/\/www.inverseteams.com\/de\/produkt\/personalisiertes-kurzarm-trailrunning-skinsuit-ultra\/","title":{"rendered":"Personalisiertes Kurzarm Trailrunning Skinsuit ULTRA"},"content":{"rendered":"<p>Der obere Bereich verf\u00fcgt \u00fcber einen integrierten Rei\u00dfverschluss, mit dem Sie den Skinsuit vollst\u00e4ndig \u00f6ffnen k\u00f6nnen. Auf diese Weise k\u00f6nnen Sie die Bel\u00fcftung regulieren und profitieren von den aerodynamischen Vorteilen eines Skinsuits und den Komfortvorteilen eines separaten T-Shirts und einer Shorts.<br \/>\nDas THINK-Gewebe des K\u00f6rpers ist sehr leicht, elastisch und atmungsaktiv. Es erm\u00f6glicht eine schnelle Ableitung des Schwei\u00dfes, um die Haut trocken zu halten und eine \u00dcberhitzung zu vermeiden. Dadurch k\u00f6nnen Sie l\u00e4nger die volle Leistung erbringen. Am Ende des lasergeschnittenen \u00c4rmels befindet sich ein innerer Silikongriff, der ihn fest am Arm h\u00e4lt und das Eindringen von Luft verhindert. Die Struktur seines Gewebes garantiert eine gute Windstr\u00f6mung, um die Aerodynamik zu erh\u00f6hen und alle Ihre Anstrengungen zu optimieren.<br \/>\nAn der Innenseite der Beine befindet sich au\u00dferdem ein Griff, der verhindert, dass das Kleidungsst\u00fcck w\u00e4hrend des Trainings hochrutscht. Um Ihre Taille herum befinden sich 5 offene Taschen mit dem neuen ISP-Sicherheitssystem \u2013 Inverse Safe Pocket \u2013 in denen Sie jeden Gegenstand aufbewahren k\u00f6nnen, ohne bef\u00fcrchten zu m\u00fcssen, ihn zu verlieren. Au\u00dferdem verf\u00fcgt es \u00fcber eine Rei\u00dfverschlusstasche im Lendenbereich.<br \/>\nDer neue Trailrunning-Skinsuit ULTRA ist perfekt f\u00fcr die anspruchsvollsten Rennen.<\/p>\n","protected":false},"excerpt":{"rendered":"<p>Der obere Bereich verf\u00fcgt \u00fcber einen integrierten Rei\u00dfverschluss, mit dem Sie den Skinsuit vollst\u00e4ndig \u00f6ffnen k\u00f6nnen. Auf diese Weise k\u00f6nnen Sie die Bel\u00fcftung regulieren und profitieren von den aerodynamischen Vorteilen eines Skinsuits und den Komfortvorteilen eines separaten T-Shirts und einer Shorts.<br \/>\nDas THINK-Gewebe des K\u00f6rpers ist sehr leicht, elastisch und atmungsaktiv. Es erm\u00f6glicht eine schnelle Ableitung des Schwei\u00dfes, um die Haut trocken zu halten und eine \u00dcberhitzung zu vermeiden. Dadurch k\u00f6nnen Sie l\u00e4nger die volle Leistung erbringen. Am Ende des lasergeschnittenen \u00c4rmels befindet sich ein innerer Silikongriff, der ihn fest am Arm h\u00e4lt und das Eindringen von Luft verhindert. Die Struktur seines Gewebes garantiert eine gute Windstr\u00f6mung, um die Aerodynamik zu erh\u00f6hen und alle Ihre Anstrengungen zu optimieren.<br \/>\nAn der Innenseite der Beine befindet sich au\u00dferdem ein Griff, der verhindert, dass das Kleidungsst\u00fcck w\u00e4hrend des Trainings hochrutscht. Um Ihre Taille herum befinden sich 5 offene Taschen mit dem neuen ISP-Sicherheitssystem \u2013 Inverse Safe Pocket \u2013 in denen Sie jeden Gegenstand aufbewahren k\u00f6nnen, ohne bef\u00fcrchten zu m\u00fcssen, ihn zu verlieren. Au\u00dferdem verf\u00fcgt es \u00fcber eine Rei\u00dfverschlusstasche im Lendenbereich.<br \/>\nDer neue Trailrunning-Skinsuit ULTRA ist perfekt f\u00fcr die anspruchsvollsten Rennen.<\/p>\n","protected":false},"featured_media":165404,"comment_status":"closed","ping_status":"closed","template":"","meta":{"_acf_changed":false},"product_brand":[],"product_cat":[11218],"product_tag":[],"custom_category":[11240,11328,13293],"range":[11332],"class_list":{"0":"post-174228","1":"product","2":"type-product","3":"status-publish","4":"has-post-thumbnail","6":"product_cat-uncategorized-de","7":"pa_climatologia-calor-de","8":"pa_deporte-trail-de","9":"pa_genero-hombre-de","10":"pa_genero-mujer-de","11":"pa_patronaje-fit-de","12":"pa_tipo-de-prenda-mono-de","13":"custom_category-sport","14":"custom_category-personalisierte-trailrunningbekleidung","15":"custom_category-personalisierte-trailrunning-anzug","16":"range-ultra-de","18":"first","19":"instock","20":"product-type-custom"},"acf":[],"yoast_head":"<!-- This site is optimized with the Yoast SEO plugin v27.5 - https:\/\/yoast.com\/product\/yoast-seo-wordpress\/ -->\n<title>Personalisiertes Kurzarm Trailrunning Skinsuit ULTRA<\/title>\n<meta name=\"description\" content=\"Der obere Bereich verf\u00fcgt \u00fcber einen integrierten Rei\u00dfverschluss, mit dem Sie den Skinsuit vollst\u00e4ndig \u00f6ffnen k\u00f6nnen. Auf diese Weise k\u00f6nnen Sie die Bel\u00fcftung regulieren und profitieren von den aerodynamischen Vorteilen eines Skinsuits und den Komfortvorteilen eines separaten T-Shirts und einer Shorts. Das THINK-Gewebe des K\u00f6rpers ist sehr leicht, elastisch und atmungsaktiv. Es erm\u00f6glicht eine schnelle Ableitung des Schwei\u00dfes, um die Haut trocken zu halten und eine \u00dcberhitzung zu vermeiden. Dadurch k\u00f6nnen Sie l\u00e4nger die volle Leistung erbringen. Am Ende des lasergeschnittenen \u00c4rmels befindet sich ein innerer Silikongriff, der ihn fest am Arm h\u00e4lt und das Eindringen von Luft verhindert. Die Struktur seines Gewebes garantiert eine gute Windstr\u00f6mung, um die Aerodynamik zu erh\u00f6hen und alle Ihre Anstrengungen zu optimieren. An der Innenseite der Beine befindet sich au\u00dferdem ein Griff, der verhindert, dass das Kleidungsst\u00fcck w\u00e4hrend des Trainings hochrutscht. Um Ihre Taille herum befinden sich 5 offene Taschen mit dem neuen ISP-Sicherheitssystem \u2013 Inverse Safe Pocket \u2013 in denen Sie jeden Gegenstand aufbewahren k\u00f6nnen, ohne bef\u00fcrchten zu m\u00fcssen, ihn zu verlieren. Au\u00dferdem verf\u00fcgt es \u00fcber eine Rei\u00dfverschlusstasche im Lendenbereich. Der neue Trailrunning-Skinsuit ULTRA ist perfekt f\u00fcr die anspruchsvollsten Rennen.\" \/>\n<meta name=\"robots\" content=\"index, follow, max-snippet:-1, max-image-preview:large, max-video-preview:-1\" \/>\n<link rel=\"canonical\" href=\"https:\/\/www.inverseteams.com\/de\/produkt\/personalisiertes-kurzarm-trailrunning-skinsuit-ultra\/\" \/>\n<meta property=\"og:locale\" content=\"de_DE\" \/>\n<meta property=\"og:type\" content=\"article\" \/>\n<meta property=\"og:title\" content=\"Personalisiertes Kurzarm Trailrunning Skinsuit ULTRA\" \/>\n<meta property=\"og:description\" content=\"Der obere Bereich verf\u00fcgt \u00fcber einen integrierten Rei\u00dfverschluss, mit dem Sie den Skinsuit vollst\u00e4ndig \u00f6ffnen k\u00f6nnen. Auf diese Weise k\u00f6nnen Sie die Bel\u00fcftung regulieren und profitieren von den aerodynamischen Vorteilen eines Skinsuits und den Komfortvorteilen eines separaten T-Shirts und einer Shorts. Das THINK-Gewebe des K\u00f6rpers ist sehr leicht, elastisch und atmungsaktiv. Es erm\u00f6glicht eine schnelle Ableitung des Schwei\u00dfes, um die Haut trocken zu halten und eine \u00dcberhitzung zu vermeiden. Dadurch k\u00f6nnen Sie l\u00e4nger die volle Leistung erbringen. Am Ende des lasergeschnittenen \u00c4rmels befindet sich ein innerer Silikongriff, der ihn fest am Arm h\u00e4lt und das Eindringen von Luft verhindert. Die Struktur seines Gewebes garantiert eine gute Windstr\u00f6mung, um die Aerodynamik zu erh\u00f6hen und alle Ihre Anstrengungen zu optimieren. An der Innenseite der Beine befindet sich au\u00dferdem ein Griff, der verhindert, dass das Kleidungsst\u00fcck w\u00e4hrend des Trainings hochrutscht. Um Ihre Taille herum befinden sich 5 offene Taschen mit dem neuen ISP-Sicherheitssystem \u2013 Inverse Safe Pocket \u2013 in denen Sie jeden Gegenstand aufbewahren k\u00f6nnen, ohne bef\u00fcrchten zu m\u00fcssen, ihn zu verlieren. Au\u00dferdem verf\u00fcgt es \u00fcber eine Rei\u00dfverschlusstasche im Lendenbereich. Der neue Trailrunning-Skinsuit ULTRA ist perfekt f\u00fcr die anspruchsvollsten Rennen.\" \/>\n<meta property=\"og:url\" content=\"https:\/\/www.inverseteams.com\/de\/produkt\/personalisiertes-kurzarm-trailrunning-skinsuit-ultra\/\" \/>\n<meta property=\"og:site_name\" content=\"Inverseteams\" \/>\n<meta property=\"article:publisher\" content=\"https:\/\/www.facebook.com\/inverseteams\" \/>\n<meta property=\"article:modified_time\" content=\"2024-01-29T14:14:49+00:00\" \/>\n<meta property=\"og:image\" content=\"https:\/\/www.inverseteams.com\/wp-content\/uploads\/MONO-MC-ULTRA-1.jpg\" \/>\n\t<meta property=\"og:image:width\" content=\"3222\" \/>\n\t<meta property=\"og:image:height\" content=\"3462\" \/>\n\t<meta property=\"og:image:type\" content=\"image\/jpeg\" \/>\n<meta name=\"twitter:card\" content=\"summary_large_image\" \/>\n<meta name=\"twitter:label1\" content=\"Gesch\u00e4tzte Lesezeit\" \/>\n\t<meta name=\"twitter:data1\" content=\"1\u00a0Minute\" \/>\n<script type=\"application\/ld+json\" class=\"yoast-schema-graph\">{\"@context\":\"https:\\\/\\\/schema.org\",\"@graph\":[{\"@type\":\"WebPage\",\"@id\":\"https:\\\/\\\/www.inverseteams.com\\\/de\\\/produkt\\\/personalisiertes-kurzarm-trailrunning-skinsuit-ultra\\\/\",\"url\":\"https:\\\/\\\/www.inverseteams.com\\\/de\\\/produkt\\\/personalisiertes-kurzarm-trailrunning-skinsuit-ultra\\\/\",\"name\":\"Personalisiertes Kurzarm Trailrunning Skinsuit ULTRA\",\"isPartOf\":{\"@id\":\"https:\\\/\\\/www.inverseteams.com\\\/de\\\/#website\"},\"primaryImageOfPage\":{\"@id\":\"https:\\\/\\\/www.inverseteams.com\\\/de\\\/produkt\\\/personalisiertes-kurzarm-trailrunning-skinsuit-ultra\\\/#primaryimage\"},\"image\":{\"@id\":\"https:\\\/\\\/www.inverseteams.com\\\/de\\\/produkt\\\/personalisiertes-kurzarm-trailrunning-skinsuit-ultra\\\/#primaryimage\"},\"thumbnailUrl\":\"https:\\\/\\\/www.inverseteams.com\\\/wp-content\\\/uploads\\\/MONO-MC-ULTRA-1.jpg\",\"datePublished\":\"2021-10-12T09:48:15+00:00\",\"dateModified\":\"2024-01-29T14:14:49+00:00\",\"description\":\"Der obere Bereich verf\u00fcgt \u00fcber einen integrierten Rei\u00dfverschluss, mit dem Sie den Skinsuit vollst\u00e4ndig \u00f6ffnen k\u00f6nnen. Auf diese Weise k\u00f6nnen Sie die Bel\u00fcftung regulieren und profitieren von den aerodynamischen Vorteilen eines Skinsuits und den Komfortvorteilen eines separaten T-Shirts und einer Shorts. Das THINK-Gewebe des K\u00f6rpers ist sehr leicht, elastisch und atmungsaktiv. Es erm\u00f6glicht eine schnelle Ableitung des Schwei\u00dfes, um die Haut trocken zu halten und eine \u00dcberhitzung zu vermeiden. Dadurch k\u00f6nnen Sie l\u00e4nger die volle Leistung erbringen. Am Ende des lasergeschnittenen \u00c4rmels befindet sich ein innerer Silikongriff, der ihn fest am Arm h\u00e4lt und das Eindringen von Luft verhindert. Die Struktur seines Gewebes garantiert eine gute Windstr\u00f6mung, um die Aerodynamik zu erh\u00f6hen und alle Ihre Anstrengungen zu optimieren. An der Innenseite der Beine befindet sich au\u00dferdem ein Griff, der verhindert, dass das Kleidungsst\u00fcck w\u00e4hrend des Trainings hochrutscht. Um Ihre Taille herum befinden sich 5 offene Taschen mit dem neuen ISP-Sicherheitssystem \u2013 Inverse Safe Pocket \u2013 in denen Sie jeden Gegenstand aufbewahren k\u00f6nnen, ohne bef\u00fcrchten zu m\u00fcssen, ihn zu verlieren. Au\u00dferdem verf\u00fcgt es \u00fcber eine Rei\u00dfverschlusstasche im Lendenbereich. Der neue Trailrunning-Skinsuit ULTRA ist perfekt f\u00fcr die anspruchsvollsten Rennen.\",\"breadcrumb\":{\"@id\":\"https:\\\/\\\/www.inverseteams.com\\\/de\\\/produkt\\\/personalisiertes-kurzarm-trailrunning-skinsuit-ultra\\\/#breadcrumb\"},\"inLanguage\":\"de\",\"potentialAction\":[{\"@type\":\"ReadAction\",\"target\":[\"https:\\\/\\\/www.inverseteams.com\\\/de\\\/produkt\\\/personalisiertes-kurzarm-trailrunning-skinsuit-ultra\\\/\"]}]},{\"@type\":\"ImageObject\",\"inLanguage\":\"de\",\"@id\":\"https:\\\/\\\/www.inverseteams.com\\\/de\\\/produkt\\\/personalisiertes-kurzarm-trailrunning-skinsuit-ultra\\\/#primaryimage\",\"url\":\"https:\\\/\\\/www.inverseteams.com\\\/wp-content\\\/uploads\\\/MONO-MC-ULTRA-1.jpg\",\"contentUrl\":\"https:\\\/\\\/www.inverseteams.com\\\/wp-content\\\/uploads\\\/MONO-MC-ULTRA-1.jpg\",\"width\":3222,\"height\":3462,\"caption\":\"mono trail running personalizado\"},{\"@type\":\"BreadcrumbList\",\"@id\":\"https:\\\/\\\/www.inverseteams.com\\\/de\\\/produkt\\\/personalisiertes-kurzarm-trailrunning-skinsuit-ultra\\\/#breadcrumb\",\"itemListElement\":[{\"@type\":\"ListItem\",\"position\":1,\"name\":\"Portada\",\"item\":\"https:\\\/\\\/www.inverseteams.com\\\/de\\\/\"},{\"@type\":\"ListItem\",\"position\":2,\"name\":\"Speichern\",\"item\":\"https:\\\/\\\/www.inverseteams.com\\\/de\\\/speichern\\\/\"},{\"@type\":\"ListItem\",\"position\":3,\"name\":\"Personalisiertes Kurzarm Trailrunning Skinsuit ULTRA\"}]},{\"@type\":\"WebSite\",\"@id\":\"https:\\\/\\\/www.inverseteams.com\\\/de\\\/#website\",\"url\":\"https:\\\/\\\/www.inverseteams.com\\\/de\\\/\",\"name\":\"Inverseteams\",\"description\":\"Tu marca de ropa deportiva personalizada\",\"publisher\":{\"@id\":\"https:\\\/\\\/www.inverseteams.com\\\/de\\\/#organization\"},\"potentialAction\":[{\"@type\":\"SearchAction\",\"target\":{\"@type\":\"EntryPoint\",\"urlTemplate\":\"https:\\\/\\\/www.inverseteams.com\\\/de\\\/?s={search_term_string}\"},\"query-input\":{\"@type\":\"PropertyValueSpecification\",\"valueRequired\":true,\"valueName\":\"search_term_string\"}}],\"inLanguage\":\"de\"},{\"@type\":\"Organization\",\"@id\":\"https:\\\/\\\/www.inverseteams.com\\\/de\\\/#organization\",\"name\":\"Inverse Teams\",\"url\":\"https:\\\/\\\/www.inverseteams.com\\\/de\\\/\",\"logo\":{\"@type\":\"ImageObject\",\"inLanguage\":\"de\",\"@id\":\"https:\\\/\\\/www.inverseteams.com\\\/de\\\/#\\\/schema\\\/logo\\\/image\\\/\",\"url\":\"https:\\\/\\\/www.inverseteams.com\\\/wp-content\\\/uploads\\\/2021\\\/03\\\/logo-inverse-teams.png\",\"contentUrl\":\"https:\\\/\\\/www.inverseteams.com\\\/wp-content\\\/uploads\\\/2021\\\/03\\\/logo-inverse-teams.png\",\"width\":294,\"height\":99,\"caption\":\"Inverse Teams\"},\"image\":{\"@id\":\"https:\\\/\\\/www.inverseteams.com\\\/de\\\/#\\\/schema\\\/logo\\\/image\\\/\"},\"sameAs\":[\"https:\\\/\\\/www.facebook.com\\\/inverseteams\",\"http:\\\/\\\/instagram.com\\\/inverseteams\",\"https:\\\/\\\/www.linkedin.com\\\/company\\\/inverse-cirosport-s-l-?trk=job_view_topcard_company_name\",\"http:\\\/\\\/www.pinterest.com\\\/inverseteams\\\/\",\"http:\\\/\\\/www.youtube.com\\\/user\\\/inverseteams?feature=watch\"]}]}<\/script>\n<!-- \/ Yoast SEO plugin. -->","yoast_head_json":{"title":"Personalisiertes Kurzarm Trailrunning Skinsuit ULTRA","description":"Der obere Bereich verf\u00fcgt \u00fcber einen integrierten Rei\u00dfverschluss, mit dem Sie den Skinsuit vollst\u00e4ndig \u00f6ffnen k\u00f6nnen. Auf diese Weise k\u00f6nnen Sie die Bel\u00fcftung regulieren und profitieren von den aerodynamischen Vorteilen eines Skinsuits und den Komfortvorteilen eines separaten T-Shirts und einer Shorts. Das THINK-Gewebe des K\u00f6rpers ist sehr leicht, elastisch und atmungsaktiv. Es erm\u00f6glicht eine schnelle Ableitung des Schwei\u00dfes, um die Haut trocken zu halten und eine \u00dcberhitzung zu vermeiden. Dadurch k\u00f6nnen Sie l\u00e4nger die volle Leistung erbringen. Am Ende des lasergeschnittenen \u00c4rmels befindet sich ein innerer Silikongriff, der ihn fest am Arm h\u00e4lt und das Eindringen von Luft verhindert. Die Struktur seines Gewebes garantiert eine gute Windstr\u00f6mung, um die Aerodynamik zu erh\u00f6hen und alle Ihre Anstrengungen zu optimieren. An der Innenseite der Beine befindet sich au\u00dferdem ein Griff, der verhindert, dass das Kleidungsst\u00fcck w\u00e4hrend des Trainings hochrutscht. Um Ihre Taille herum befinden sich 5 offene Taschen mit dem neuen ISP-Sicherheitssystem \u2013 Inverse Safe Pocket \u2013 in denen Sie jeden Gegenstand aufbewahren k\u00f6nnen, ohne bef\u00fcrchten zu m\u00fcssen, ihn zu verlieren. Au\u00dferdem verf\u00fcgt es \u00fcber eine Rei\u00dfverschlusstasche im Lendenbereich. Der neue Trailrunning-Skinsuit ULTRA ist perfekt f\u00fcr die anspruchsvollsten Rennen.","robots":{"index":"index","follow":"follow","max-snippet":"max-snippet:-1","max-image-preview":"max-image-preview:large","max-video-preview":"max-video-preview:-1"},"canonical":"https:\/\/www.inverseteams.com\/de\/produkt\/personalisiertes-kurzarm-trailrunning-skinsuit-ultra\/","og_locale":"de_DE","og_type":"article","og_title":"Personalisiertes Kurzarm Trailrunning Skinsuit ULTRA","og_description":"Der obere Bereich verf\u00fcgt \u00fcber einen integrierten Rei\u00dfverschluss, mit dem Sie den Skinsuit vollst\u00e4ndig \u00f6ffnen k\u00f6nnen. Auf diese Weise k\u00f6nnen Sie die Bel\u00fcftung regulieren und profitieren von den aerodynamischen Vorteilen eines Skinsuits und den Komfortvorteilen eines separaten T-Shirts und einer Shorts. Das THINK-Gewebe des K\u00f6rpers ist sehr leicht, elastisch und atmungsaktiv. Es erm\u00f6glicht eine schnelle Ableitung des Schwei\u00dfes, um die Haut trocken zu halten und eine \u00dcberhitzung zu vermeiden. Dadurch k\u00f6nnen Sie l\u00e4nger die volle Leistung erbringen. Am Ende des lasergeschnittenen \u00c4rmels befindet sich ein innerer Silikongriff, der ihn fest am Arm h\u00e4lt und das Eindringen von Luft verhindert. Die Struktur seines Gewebes garantiert eine gute Windstr\u00f6mung, um die Aerodynamik zu erh\u00f6hen und alle Ihre Anstrengungen zu optimieren. An der Innenseite der Beine befindet sich au\u00dferdem ein Griff, der verhindert, dass das Kleidungsst\u00fcck w\u00e4hrend des Trainings hochrutscht. Um Ihre Taille herum befinden sich 5 offene Taschen mit dem neuen ISP-Sicherheitssystem \u2013 Inverse Safe Pocket \u2013 in denen Sie jeden Gegenstand aufbewahren k\u00f6nnen, ohne bef\u00fcrchten zu m\u00fcssen, ihn zu verlieren. Au\u00dferdem verf\u00fcgt es \u00fcber eine Rei\u00dfverschlusstasche im Lendenbereich. Der neue Trailrunning-Skinsuit ULTRA ist perfekt f\u00fcr die anspruchsvollsten Rennen.","og_url":"https:\/\/www.inverseteams.com\/de\/produkt\/personalisiertes-kurzarm-trailrunning-skinsuit-ultra\/","og_site_name":"Inverseteams","article_publisher":"https:\/\/www.facebook.com\/inverseteams","article_modified_time":"2024-01-29T14:14:49+00:00","og_image":[{"width":3222,"height":3462,"url":"https:\/\/www.inverseteams.com\/wp-content\/uploads\/MONO-MC-ULTRA-1.jpg","type":"image\/jpeg"}],"twitter_card":"summary_large_image","twitter_misc":{"Gesch\u00e4tzte Lesezeit":"1\u00a0Minute"},"schema":{"@context":"https:\/\/schema.org","@graph":[{"@type":"WebPage","@id":"https:\/\/www.inverseteams.com\/de\/produkt\/personalisiertes-kurzarm-trailrunning-skinsuit-ultra\/","url":"https:\/\/www.inverseteams.com\/de\/produkt\/personalisiertes-kurzarm-trailrunning-skinsuit-ultra\/","name":"Personalisiertes Kurzarm Trailrunning Skinsuit ULTRA","isPartOf":{"@id":"https:\/\/www.inverseteams.com\/de\/#website"},"primaryImageOfPage":{"@id":"https:\/\/www.inverseteams.com\/de\/produkt\/personalisiertes-kurzarm-trailrunning-skinsuit-ultra\/#primaryimage"},"image":{"@id":"https:\/\/www.inverseteams.com\/de\/produkt\/personalisiertes-kurzarm-trailrunning-skinsuit-ultra\/#primaryimage"},"thumbnailUrl":"https:\/\/www.inverseteams.com\/wp-content\/uploads\/MONO-MC-ULTRA-1.jpg","datePublished":"2021-10-12T09:48:15+00:00","dateModified":"2024-01-29T14:14:49+00:00","description":"Der obere Bereich verf\u00fcgt \u00fcber einen integrierten Rei\u00dfverschluss, mit dem Sie den Skinsuit vollst\u00e4ndig \u00f6ffnen k\u00f6nnen. Auf diese Weise k\u00f6nnen Sie die Bel\u00fcftung regulieren und profitieren von den aerodynamischen Vorteilen eines Skinsuits und den Komfortvorteilen eines separaten T-Shirts und einer Shorts. Das THINK-Gewebe des K\u00f6rpers ist sehr leicht, elastisch und atmungsaktiv. Es erm\u00f6glicht eine schnelle Ableitung des Schwei\u00dfes, um die Haut trocken zu halten und eine \u00dcberhitzung zu vermeiden. Dadurch k\u00f6nnen Sie l\u00e4nger die volle Leistung erbringen. Am Ende des lasergeschnittenen \u00c4rmels befindet sich ein innerer Silikongriff, der ihn fest am Arm h\u00e4lt und das Eindringen von Luft verhindert. Die Struktur seines Gewebes garantiert eine gute Windstr\u00f6mung, um die Aerodynamik zu erh\u00f6hen und alle Ihre Anstrengungen zu optimieren. An der Innenseite der Beine befindet sich au\u00dferdem ein Griff, der verhindert, dass das Kleidungsst\u00fcck w\u00e4hrend des Trainings hochrutscht. Um Ihre Taille herum befinden sich 5 offene Taschen mit dem neuen ISP-Sicherheitssystem \u2013 Inverse Safe Pocket \u2013 in denen Sie jeden Gegenstand aufbewahren k\u00f6nnen, ohne bef\u00fcrchten zu m\u00fcssen, ihn zu verlieren. Au\u00dferdem verf\u00fcgt es \u00fcber eine Rei\u00dfverschlusstasche im Lendenbereich. Der neue Trailrunning-Skinsuit ULTRA ist perfekt f\u00fcr die anspruchsvollsten Rennen.","breadcrumb":{"@id":"https:\/\/www.inverseteams.com\/de\/produkt\/personalisiertes-kurzarm-trailrunning-skinsuit-ultra\/#breadcrumb"},"inLanguage":"de","potentialAction":[{"@type":"ReadAction","target":["https:\/\/www.inverseteams.com\/de\/produkt\/personalisiertes-kurzarm-trailrunning-skinsuit-ultra\/"]}]},{"@type":"ImageObject","inLanguage":"de","@id":"https:\/\/www.inverseteams.com\/de\/produkt\/personalisiertes-kurzarm-trailrunning-skinsuit-ultra\/#primaryimage","url":"https:\/\/www.inverseteams.com\/wp-content\/uploads\/MONO-MC-ULTRA-1.jpg","contentUrl":"https:\/\/www.inverseteams.com\/wp-content\/uploads\/MONO-MC-ULTRA-1.jpg","width":3222,"height":3462,"caption":"mono trail running personalizado"},{"@type":"BreadcrumbList","@id":"https:\/\/www.inverseteams.com\/de\/produkt\/personalisiertes-kurzarm-trailrunning-skinsuit-ultra\/#breadcrumb","itemListElement":[{"@type":"ListItem","position":1,"name":"Portada","item":"https:\/\/www.inverseteams.com\/de\/"},{"@type":"ListItem","position":2,"name":"Speichern","item":"https:\/\/www.inverseteams.com\/de\/speichern\/"},{"@type":"ListItem","position":3,"name":"Personalisiertes Kurzarm Trailrunning Skinsuit ULTRA"}]},{"@type":"WebSite","@id":"https:\/\/www.inverseteams.com\/de\/#website","url":"https:\/\/www.inverseteams.com\/de\/","name":"Inverseteams","description":"Tu marca de ropa deportiva personalizada","publisher":{"@id":"https:\/\/www.inverseteams.com\/de\/#organization"},"potentialAction":[{"@type":"SearchAction","target":{"@type":"EntryPoint","urlTemplate":"https:\/\/www.inverseteams.com\/de\/?s={search_term_string}"},"query-input":{"@type":"PropertyValueSpecification","valueRequired":true,"valueName":"search_term_string"}}],"inLanguage":"de"},{"@type":"Organization","@id":"https:\/\/www.inverseteams.com\/de\/#organization","name":"Inverse Teams","url":"https:\/\/www.inverseteams.com\/de\/","logo":{"@type":"ImageObject","inLanguage":"de","@id":"https:\/\/www.inverseteams.com\/de\/#\/schema\/logo\/image\/","url":"https:\/\/www.inverseteams.com\/wp-content\/uploads\/2021\/03\/logo-inverse-teams.png","contentUrl":"https:\/\/www.inverseteams.com\/wp-content\/uploads\/2021\/03\/logo-inverse-teams.png","width":294,"height":99,"caption":"Inverse Teams"},"image":{"@id":"https:\/\/www.inverseteams.com\/de\/#\/schema\/logo\/image\/"},"sameAs":["https:\/\/www.facebook.com\/inverseteams","http:\/\/instagram.com\/inverseteams","https:\/\/www.linkedin.com\/company\/inverse-cirosport-s-l-?trk=job_view_topcard_company_name","http:\/\/www.pinterest.com\/inverseteams\/","http:\/\/www.youtube.com\/user\/inverseteams?feature=watch"]}]}},"_links":{"self":[{"href":"https:\/\/www.inverseteams.com\/de\/wp-json\/wp\/v2\/product\/174228","targetHints":{"allow":["GET"]}}],"collection":[{"href":"https:\/\/www.inverseteams.com\/de\/wp-json\/wp\/v2\/product"}],"about":[{"href":"https:\/\/www.inverseteams.com\/de\/wp-json\/wp\/v2\/types\/product"}],"replies":[{"embeddable":true,"href":"https:\/\/www.inverseteams.com\/de\/wp-json\/wp\/v2\/comments?post=174228"}],"wp:featuredmedia":[{"embeddable":true,"href":"https:\/\/www.inverseteams.com\/de\/wp-json\/wp\/v2\/media\/165404"}],"wp:attachment":[{"href":"https:\/\/www.inverseteams.com\/de\/wp-json\/wp\/v2\/media?parent=174228"}],"wp:term":[{"taxonomy":"product_brand","embeddable":true,"href":"https:\/\/www.inverseteams.com\/de\/wp-json\/wp\/v2\/product_brand?post=174228"},{"taxonomy":"product_cat","embeddable":true,"href":"https:\/\/www.inverseteams.com\/de\/wp-json\/wp\/v2\/product_cat?post=174228"},{"taxonomy":"product_tag","embeddable":true,"href":"https:\/\/www.inverseteams.com\/de\/wp-json\/wp\/v2\/product_tag?post=174228"},{"taxonomy":"custom_category","embeddable":true,"href":"https:\/\/www.inverseteams.com\/de\/wp-json\/wp\/v2\/custom_category?post=174228"},{"taxonomy":"range","embeddable":true,"href":"https:\/\/www.inverseteams.com\/de\/wp-json\/wp\/v2\/range?post=174228"}],"curies":[{"name":"wp","href":"https:\/\/api.w.org\/{rel}","templated":true}]}}