{"id":174176,"date":"2022-12-13T13:25:11","date_gmt":"2022-12-13T13:25:11","guid":{"rendered":"https:\/\/www.inverseteams.com\/product\/5-pieces-cycling-cap\/"},"modified":"2026-01-27T17:43:55","modified_gmt":"2026-01-27T16:43:55","slug":"personalisiertes-5-stueck-radmuetze","status":"publish","type":"product","link":"https:\/\/www.inverseteams.com\/de\/produkt\/personalisiertes-5-stueck-radmuetze\/","title":{"rendered":"Personalisiertes 5 St\u00fcck Radm\u00fctze"},"content":{"rendered":"<p>Die Radm\u00fctze sch\u00fctzt Ihren Kopf vor Sonnenstrahlen und verhindert, dass Schwei\u00df \u00fcber Ihre Stirn und in Ihre Augen l\u00e4uft. Wenn es kalt ist, verhindert es W\u00e4rmeverluste und sch\u00fctzt Sie au\u00dferdem vor Wind und Feuchtigkeit.<\/p>\n","protected":false},"excerpt":{"rendered":"<p>Die Radm\u00fctze sch\u00fctzt Ihren Kopf vor Sonnenstrahlen und verhindert, dass Schwei\u00df \u00fcber Ihre Stirn und in Ihre Augen l\u00e4uft. Wenn es kalt ist, verhindert es W\u00e4rmeverluste und sch\u00fctzt Sie au\u00dferdem vor Wind und Feuchtigkeit.<\/p>\n","protected":false},"featured_media":160301,"comment_status":"closed","ping_status":"closed","template":"","meta":{"_acf_changed":false},"product_brand":[],"product_cat":[11218],"product_tag":[],"custom_category":[11240,13406,11346],"range":[11437],"class_list":{"0":"post-174176","1":"product","2":"type-product","3":"status-publish","4":"has-post-thumbnail","6":"product_cat-uncategorized-de","7":"pa_climatologia-temperatura-templada-de","8":"pa_climatologia-frio-de","9":"pa_deporte-ciclismo-de","10":"pa_genero-mujer-de","11":"pa_genero-infantil-de","12":"pa_genero-hombre-de","13":"pa_patronaje-regular-de","14":"pa_tipo-de-prenda-gorra-de","15":"custom_category-sport","16":"custom_category-personalisierte-fahrrad-kappe","17":"custom_category-personalisiertes-sportzubehoer","18":"range-fur-den-kopf","20":"first","21":"instock","22":"product-type-custom"},"acf":[],"yoast_head":"<!-- This site is optimized with the Yoast SEO plugin v27.3 - https:\/\/yoast.com\/product\/yoast-seo-wordpress\/ -->\n<title>Personalisiertes 5 St\u00fcck Fahrradkappe<\/title>\n<meta name=\"description\" content=\"Die Radm\u00fctze sch\u00fctzt Ihren Kopf vor Sonnenstrahlen und verhindert, dass Schwei\u00df \u00fcber Ihre Stirn und in Ihre Augen l\u00e4uft. Wenn es kalt ist, verhindert es W\u00e4rmeverluste und sch\u00fctzt Sie au\u00dferdem vor Wind und Feuchtigkeit.\" \/>\n<meta name=\"robots\" content=\"index, follow, max-snippet:-1, max-image-preview:large, max-video-preview:-1\" \/>\n<link rel=\"canonical\" href=\"https:\/\/www.inverseteams.com\/de\/produkt\/personalisiertes-5-stueck-radmuetze\/\" \/>\n<meta property=\"og:locale\" content=\"de_DE\" \/>\n<meta property=\"og:type\" content=\"article\" \/>\n<meta property=\"og:title\" content=\"Personalisiertes 5 St\u00fcck Fahrradkappe\" \/>\n<meta property=\"og:description\" content=\"Die Radm\u00fctze sch\u00fctzt Ihren Kopf vor Sonnenstrahlen und verhindert, dass Schwei\u00df \u00fcber Ihre Stirn und in Ihre Augen l\u00e4uft. Wenn es kalt ist, verhindert es W\u00e4rmeverluste und sch\u00fctzt Sie au\u00dferdem vor Wind und Feuchtigkeit.\" \/>\n<meta property=\"og:url\" content=\"https:\/\/www.inverseteams.com\/de\/produkt\/personalisiertes-5-stueck-radmuetze\/\" \/>\n<meta property=\"og:site_name\" content=\"Inverseteams\" \/>\n<meta property=\"article:publisher\" content=\"https:\/\/www.facebook.com\/inverseteams\" \/>\n<meta property=\"article:modified_time\" content=\"2026-01-27T16:43:55+00:00\" \/>\n<meta property=\"og:image\" content=\"https:\/\/www.inverseteams.com\/wp-content\/uploads\/GORRA-CICLISTA-5-PIEZAS-PERSONALIZADA-1.jpg\" \/>\n\t<meta property=\"og:image:width\" content=\"3000\" \/>\n\t<meta property=\"og:image:height\" content=\"3223\" \/>\n\t<meta property=\"og:image:type\" content=\"image\/jpeg\" \/>\n<meta name=\"twitter:card\" content=\"summary_large_image\" \/>\n<meta name=\"twitter:label1\" content=\"Gesch\u00e4tzte Lesezeit\" \/>\n\t<meta name=\"twitter:data1\" content=\"1\u00a0Minute\" \/>\n<script type=\"application\/ld+json\" class=\"yoast-schema-graph\">{\"@context\":\"https:\\\/\\\/schema.org\",\"@graph\":[{\"@type\":\"WebPage\",\"@id\":\"https:\\\/\\\/www.inverseteams.com\\\/de\\\/produkt\\\/personalisiertes-5-stueck-radmuetze\\\/\",\"url\":\"https:\\\/\\\/www.inverseteams.com\\\/de\\\/produkt\\\/personalisiertes-5-stueck-radmuetze\\\/\",\"name\":\"Personalisiertes 5 St\u00fcck Fahrradkappe\",\"isPartOf\":{\"@id\":\"https:\\\/\\\/www.inverseteams.com\\\/de\\\/#website\"},\"primaryImageOfPage\":{\"@id\":\"https:\\\/\\\/www.inverseteams.com\\\/de\\\/produkt\\\/personalisiertes-5-stueck-radmuetze\\\/#primaryimage\"},\"image\":{\"@id\":\"https:\\\/\\\/www.inverseteams.com\\\/de\\\/produkt\\\/personalisiertes-5-stueck-radmuetze\\\/#primaryimage\"},\"thumbnailUrl\":\"https:\\\/\\\/www.inverseteams.com\\\/wp-content\\\/uploads\\\/GORRA-CICLISTA-5-PIEZAS-PERSONALIZADA-1.jpg\",\"datePublished\":\"2022-12-13T13:25:11+00:00\",\"dateModified\":\"2026-01-27T16:43:55+00:00\",\"description\":\"Die Radm\u00fctze sch\u00fctzt Ihren Kopf vor Sonnenstrahlen und verhindert, dass Schwei\u00df \u00fcber Ihre Stirn und in Ihre Augen l\u00e4uft. Wenn es kalt ist, verhindert es W\u00e4rmeverluste und sch\u00fctzt Sie au\u00dferdem vor Wind und Feuchtigkeit.\",\"breadcrumb\":{\"@id\":\"https:\\\/\\\/www.inverseteams.com\\\/de\\\/produkt\\\/personalisiertes-5-stueck-radmuetze\\\/#breadcrumb\"},\"inLanguage\":\"de\",\"potentialAction\":[{\"@type\":\"ReadAction\",\"target\":[\"https:\\\/\\\/www.inverseteams.com\\\/de\\\/produkt\\\/personalisiertes-5-stueck-radmuetze\\\/\"]}]},{\"@type\":\"ImageObject\",\"inLanguage\":\"de\",\"@id\":\"https:\\\/\\\/www.inverseteams.com\\\/de\\\/produkt\\\/personalisiertes-5-stueck-radmuetze\\\/#primaryimage\",\"url\":\"https:\\\/\\\/www.inverseteams.com\\\/wp-content\\\/uploads\\\/GORRA-CICLISTA-5-PIEZAS-PERSONALIZADA-1.jpg\",\"contentUrl\":\"https:\\\/\\\/www.inverseteams.com\\\/wp-content\\\/uploads\\\/GORRA-CICLISTA-5-PIEZAS-PERSONALIZADA-1.jpg\",\"width\":3000,\"height\":3223,\"caption\":\"Gorra ciclista 5 piezas personalizada\"},{\"@type\":\"BreadcrumbList\",\"@id\":\"https:\\\/\\\/www.inverseteams.com\\\/de\\\/produkt\\\/personalisiertes-5-stueck-radmuetze\\\/#breadcrumb\",\"itemListElement\":[{\"@type\":\"ListItem\",\"position\":1,\"name\":\"Portada\",\"item\":\"https:\\\/\\\/www.inverseteams.com\\\/de\\\/\"},{\"@type\":\"ListItem\",\"position\":2,\"name\":\"Speichern\",\"item\":\"https:\\\/\\\/www.inverseteams.com\\\/de\\\/speichern\\\/\"},{\"@type\":\"ListItem\",\"position\":3,\"name\":\"Personalisiertes 5 St\u00fcck Radm\u00fctze\"}]},{\"@type\":\"WebSite\",\"@id\":\"https:\\\/\\\/www.inverseteams.com\\\/de\\\/#website\",\"url\":\"https:\\\/\\\/www.inverseteams.com\\\/de\\\/\",\"name\":\"Inverseteams\",\"description\":\"Tu marca de ropa deportiva personalizada\",\"publisher\":{\"@id\":\"https:\\\/\\\/www.inverseteams.com\\\/de\\\/#organization\"},\"potentialAction\":[{\"@type\":\"SearchAction\",\"target\":{\"@type\":\"EntryPoint\",\"urlTemplate\":\"https:\\\/\\\/www.inverseteams.com\\\/de\\\/?s={search_term_string}\"},\"query-input\":{\"@type\":\"PropertyValueSpecification\",\"valueRequired\":true,\"valueName\":\"search_term_string\"}}],\"inLanguage\":\"de\"},{\"@type\":\"Organization\",\"@id\":\"https:\\\/\\\/www.inverseteams.com\\\/de\\\/#organization\",\"name\":\"Inverse Teams\",\"url\":\"https:\\\/\\\/www.inverseteams.com\\\/de\\\/\",\"logo\":{\"@type\":\"ImageObject\",\"inLanguage\":\"de\",\"@id\":\"https:\\\/\\\/www.inverseteams.com\\\/de\\\/#\\\/schema\\\/logo\\\/image\\\/\",\"url\":\"https:\\\/\\\/www.inverseteams.com\\\/wp-content\\\/uploads\\\/2021\\\/03\\\/logo-inverse-teams.png\",\"contentUrl\":\"https:\\\/\\\/www.inverseteams.com\\\/wp-content\\\/uploads\\\/2021\\\/03\\\/logo-inverse-teams.png\",\"width\":294,\"height\":99,\"caption\":\"Inverse Teams\"},\"image\":{\"@id\":\"https:\\\/\\\/www.inverseteams.com\\\/de\\\/#\\\/schema\\\/logo\\\/image\\\/\"},\"sameAs\":[\"https:\\\/\\\/www.facebook.com\\\/inverseteams\",\"http:\\\/\\\/instagram.com\\\/inverseteams\",\"https:\\\/\\\/www.linkedin.com\\\/company\\\/inverse-cirosport-s-l-?trk=job_view_topcard_company_name\",\"http:\\\/\\\/www.pinterest.com\\\/inverseteams\\\/\",\"http:\\\/\\\/www.youtube.com\\\/user\\\/inverseteams?feature=watch\"]}]}<\/script>\n<!-- \/ Yoast SEO plugin. -->","yoast_head_json":{"title":"Personalisiertes 5 St\u00fcck Fahrradkappe","description":"Die Radm\u00fctze sch\u00fctzt Ihren Kopf vor Sonnenstrahlen und verhindert, dass Schwei\u00df \u00fcber Ihre Stirn und in Ihre Augen l\u00e4uft. Wenn es kalt ist, verhindert es W\u00e4rmeverluste und sch\u00fctzt Sie au\u00dferdem vor Wind und Feuchtigkeit.","robots":{"index":"index","follow":"follow","max-snippet":"max-snippet:-1","max-image-preview":"max-image-preview:large","max-video-preview":"max-video-preview:-1"},"canonical":"https:\/\/www.inverseteams.com\/de\/produkt\/personalisiertes-5-stueck-radmuetze\/","og_locale":"de_DE","og_type":"article","og_title":"Personalisiertes 5 St\u00fcck Fahrradkappe","og_description":"Die Radm\u00fctze sch\u00fctzt Ihren Kopf vor Sonnenstrahlen und verhindert, dass Schwei\u00df \u00fcber Ihre Stirn und in Ihre Augen l\u00e4uft. Wenn es kalt ist, verhindert es W\u00e4rmeverluste und sch\u00fctzt Sie au\u00dferdem vor Wind und Feuchtigkeit.","og_url":"https:\/\/www.inverseteams.com\/de\/produkt\/personalisiertes-5-stueck-radmuetze\/","og_site_name":"Inverseteams","article_publisher":"https:\/\/www.facebook.com\/inverseteams","article_modified_time":"2026-01-27T16:43:55+00:00","og_image":[{"width":3000,"height":3223,"url":"https:\/\/www.inverseteams.com\/wp-content\/uploads\/GORRA-CICLISTA-5-PIEZAS-PERSONALIZADA-1.jpg","type":"image\/jpeg"}],"twitter_card":"summary_large_image","twitter_misc":{"Gesch\u00e4tzte Lesezeit":"1\u00a0Minute"},"schema":{"@context":"https:\/\/schema.org","@graph":[{"@type":"WebPage","@id":"https:\/\/www.inverseteams.com\/de\/produkt\/personalisiertes-5-stueck-radmuetze\/","url":"https:\/\/www.inverseteams.com\/de\/produkt\/personalisiertes-5-stueck-radmuetze\/","name":"Personalisiertes 5 St\u00fcck Fahrradkappe","isPartOf":{"@id":"https:\/\/www.inverseteams.com\/de\/#website"},"primaryImageOfPage":{"@id":"https:\/\/www.inverseteams.com\/de\/produkt\/personalisiertes-5-stueck-radmuetze\/#primaryimage"},"image":{"@id":"https:\/\/www.inverseteams.com\/de\/produkt\/personalisiertes-5-stueck-radmuetze\/#primaryimage"},"thumbnailUrl":"https:\/\/www.inverseteams.com\/wp-content\/uploads\/GORRA-CICLISTA-5-PIEZAS-PERSONALIZADA-1.jpg","datePublished":"2022-12-13T13:25:11+00:00","dateModified":"2026-01-27T16:43:55+00:00","description":"Die Radm\u00fctze sch\u00fctzt Ihren Kopf vor Sonnenstrahlen und verhindert, dass Schwei\u00df \u00fcber Ihre Stirn und in Ihre Augen l\u00e4uft. Wenn es kalt ist, verhindert es W\u00e4rmeverluste und sch\u00fctzt Sie au\u00dferdem vor Wind und Feuchtigkeit.","breadcrumb":{"@id":"https:\/\/www.inverseteams.com\/de\/produkt\/personalisiertes-5-stueck-radmuetze\/#breadcrumb"},"inLanguage":"de","potentialAction":[{"@type":"ReadAction","target":["https:\/\/www.inverseteams.com\/de\/produkt\/personalisiertes-5-stueck-radmuetze\/"]}]},{"@type":"ImageObject","inLanguage":"de","@id":"https:\/\/www.inverseteams.com\/de\/produkt\/personalisiertes-5-stueck-radmuetze\/#primaryimage","url":"https:\/\/www.inverseteams.com\/wp-content\/uploads\/GORRA-CICLISTA-5-PIEZAS-PERSONALIZADA-1.jpg","contentUrl":"https:\/\/www.inverseteams.com\/wp-content\/uploads\/GORRA-CICLISTA-5-PIEZAS-PERSONALIZADA-1.jpg","width":3000,"height":3223,"caption":"Gorra ciclista 5 piezas personalizada"},{"@type":"BreadcrumbList","@id":"https:\/\/www.inverseteams.com\/de\/produkt\/personalisiertes-5-stueck-radmuetze\/#breadcrumb","itemListElement":[{"@type":"ListItem","position":1,"name":"Portada","item":"https:\/\/www.inverseteams.com\/de\/"},{"@type":"ListItem","position":2,"name":"Speichern","item":"https:\/\/www.inverseteams.com\/de\/speichern\/"},{"@type":"ListItem","position":3,"name":"Personalisiertes 5 St\u00fcck Radm\u00fctze"}]},{"@type":"WebSite","@id":"https:\/\/www.inverseteams.com\/de\/#website","url":"https:\/\/www.inverseteams.com\/de\/","name":"Inverseteams","description":"Tu marca de ropa deportiva personalizada","publisher":{"@id":"https:\/\/www.inverseteams.com\/de\/#organization"},"potentialAction":[{"@type":"SearchAction","target":{"@type":"EntryPoint","urlTemplate":"https:\/\/www.inverseteams.com\/de\/?s={search_term_string}"},"query-input":{"@type":"PropertyValueSpecification","valueRequired":true,"valueName":"search_term_string"}}],"inLanguage":"de"},{"@type":"Organization","@id":"https:\/\/www.inverseteams.com\/de\/#organization","name":"Inverse Teams","url":"https:\/\/www.inverseteams.com\/de\/","logo":{"@type":"ImageObject","inLanguage":"de","@id":"https:\/\/www.inverseteams.com\/de\/#\/schema\/logo\/image\/","url":"https:\/\/www.inverseteams.com\/wp-content\/uploads\/2021\/03\/logo-inverse-teams.png","contentUrl":"https:\/\/www.inverseteams.com\/wp-content\/uploads\/2021\/03\/logo-inverse-teams.png","width":294,"height":99,"caption":"Inverse Teams"},"image":{"@id":"https:\/\/www.inverseteams.com\/de\/#\/schema\/logo\/image\/"},"sameAs":["https:\/\/www.facebook.com\/inverseteams","http:\/\/instagram.com\/inverseteams","https:\/\/www.linkedin.com\/company\/inverse-cirosport-s-l-?trk=job_view_topcard_company_name","http:\/\/www.pinterest.com\/inverseteams\/","http:\/\/www.youtube.com\/user\/inverseteams?feature=watch"]}]}},"_links":{"self":[{"href":"https:\/\/www.inverseteams.com\/de\/wp-json\/wp\/v2\/product\/174176","targetHints":{"allow":["GET"]}}],"collection":[{"href":"https:\/\/www.inverseteams.com\/de\/wp-json\/wp\/v2\/product"}],"about":[{"href":"https:\/\/www.inverseteams.com\/de\/wp-json\/wp\/v2\/types\/product"}],"replies":[{"embeddable":true,"href":"https:\/\/www.inverseteams.com\/de\/wp-json\/wp\/v2\/comments?post=174176"}],"wp:featuredmedia":[{"embeddable":true,"href":"https:\/\/www.inverseteams.com\/de\/wp-json\/wp\/v2\/media\/160301"}],"wp:attachment":[{"href":"https:\/\/www.inverseteams.com\/de\/wp-json\/wp\/v2\/media?parent=174176"}],"wp:term":[{"taxonomy":"product_brand","embeddable":true,"href":"https:\/\/www.inverseteams.com\/de\/wp-json\/wp\/v2\/product_brand?post=174176"},{"taxonomy":"product_cat","embeddable":true,"href":"https:\/\/www.inverseteams.com\/de\/wp-json\/wp\/v2\/product_cat?post=174176"},{"taxonomy":"product_tag","embeddable":true,"href":"https:\/\/www.inverseteams.com\/de\/wp-json\/wp\/v2\/product_tag?post=174176"},{"taxonomy":"custom_category","embeddable":true,"href":"https:\/\/www.inverseteams.com\/de\/wp-json\/wp\/v2\/custom_category?post=174176"},{"taxonomy":"range","embeddable":true,"href":"https:\/\/www.inverseteams.com\/de\/wp-json\/wp\/v2\/range?post=174176"}],"curies":[{"name":"wp","href":"https:\/\/api.w.org\/{rel}","templated":true}]}}