{"id":174169,"date":"2023-04-19T12:37:12","date_gmt":"2023-04-19T09:39:50","guid":{"rendered":"https:\/\/www.inverseteams.com\/product\/long-sleeve-t-shirt-oslo-ocre\/"},"modified":"2024-04-17T08:22:08","modified_gmt":"2024-04-17T08:22:08","slug":"langarm-t-shirt-oslo-ocker","status":"publish","type":"product","link":"https:\/\/www.inverseteams.com\/de\/produkt\/langarm-t-shirt-oslo-ocker\/","title":{"rendered":"Langarm T-shirt OSLO OCKER"},"content":{"rendered":"<p>OSLO, ein vielseitiges Langarmshirt. Perfekt f\u00fcr eine gem\u00fctliche Radtour durch die Stadt, zum Entdecken neuer Trails oder f\u00fcr die riskantesten Abfahrten.<br \/>\nDer \u00c4rmel besteht aus einem abriebfesten und abbl\u00e4tternden Stoff, der ein Verrutschen verhindert. Der Rest des Trikots kombiniert 2 elastische und hoch atmungsaktive Stoffe, die sich beim Treten perfekt an alle Positionen anpassen. Der Stoff an den Seiten und an der Innenseite der \u00c4rmel hat eine offene Struktur, die Schwei\u00df schnell ableitet, sodass Ihre Haut immer frisch und trocken ist.<\/p>\n","protected":false},"excerpt":{"rendered":"<p>OSLO, ein vielseitiges Langarmshirt. Perfekt f\u00fcr eine gem\u00fctliche Radtour durch die Stadt, zum Entdecken neuer Trails oder f\u00fcr die riskantesten Abfahrten.<br \/>\nDer \u00c4rmel besteht aus einem abriebfesten und abbl\u00e4tternden Stoff, der ein Verrutschen verhindert. Der Rest des Trikots kombiniert 2 elastische und hoch atmungsaktive Stoffe, die sich beim Treten perfekt an alle Positionen anpassen. Der Stoff an den Seiten und an der Innenseite der \u00c4rmel hat eine offene Struktur, die Schwei\u00df schnell ableitet, sodass Ihre Haut immer frisch und trocken ist.<\/p>\n","protected":false},"featured_media":162577,"comment_status":"closed","ping_status":"closed","template":"","meta":{"_acf_changed":false},"product_brand":[],"product_cat":[11257,11153,11258],"product_tag":[],"custom_category":[],"range":[],"class_list":{"0":"post-174169","1":"product","2":"type-product","3":"status-publish","4":"has-post-thumbnail","6":"product_cat-t-shirt-de","7":"product_cat-b2b-de","8":"product_cat-gravel-de","9":"pa_climatologia-calor-de","10":"pa_deporte-lifestyle-de","11":"pa_genero-hombre-de","12":"pa_patronaje-casual-de","13":"pa_talla-m-de","14":"pa_talla-3xl-de","15":"pa_talla-l-de","16":"pa_talla-xl-de","17":"pa_talla-xxl-de","18":"pa_talla-s-de","19":"pa_tipo-de-prenda-camiseta-de","21":"first","22":"instock","23":"taxable","24":"shipping-taxable","25":"purchasable","26":"product-type-variable","27":"has-default-attributes"},"acf":[],"yoast_head":"<!-- This site is optimized with the Yoast SEO plugin v27.3 - https:\/\/yoast.com\/product\/yoast-seo-wordpress\/ -->\n<title>Langarm T-shirt OSLO OCKER | Inverseteams<\/title>\n<meta name=\"description\" content=\"Perfektes Langarmshirt f\u00fcr Gravel-, Enduro- und Mountainbike-Touren. Hergestellt aus atmungsaktiven und abriebfesten Stoffen.\" \/>\n<meta name=\"robots\" content=\"index, follow, max-snippet:-1, max-image-preview:large, max-video-preview:-1\" \/>\n<link rel=\"canonical\" href=\"https:\/\/www.inverseteams.com\/de\/produkt\/langarm-t-shirt-oslo-ocker\/\" \/>\n<meta property=\"og:locale\" content=\"de_DE\" \/>\n<meta property=\"og:type\" content=\"article\" \/>\n<meta property=\"og:title\" content=\"Langarm T-shirt OSLO OCKER | Inverseteams\" \/>\n<meta property=\"og:description\" content=\"Perfektes Langarmshirt f\u00fcr Gravel-, Enduro- und Mountainbike-Touren. Hergestellt aus atmungsaktiven und abriebfesten Stoffen.\" \/>\n<meta property=\"og:url\" content=\"https:\/\/www.inverseteams.com\/de\/produkt\/langarm-t-shirt-oslo-ocker\/\" \/>\n<meta property=\"og:site_name\" content=\"Inverseteams\" \/>\n<meta property=\"article:publisher\" content=\"https:\/\/www.facebook.com\/inverseteams\" \/>\n<meta property=\"article:modified_time\" content=\"2024-04-17T08:22:08+00:00\" \/>\n<meta property=\"og:image\" content=\"https:\/\/www.inverseteams.com\/wp-content\/uploads\/CAMISETA-GRAVEL-ENDURO-OSLO-OCRE-1-1.jpg\" \/>\n\t<meta property=\"og:image:width\" content=\"3000\" \/>\n\t<meta property=\"og:image:height\" content=\"3223\" \/>\n\t<meta property=\"og:image:type\" content=\"image\/jpeg\" \/>\n<meta name=\"twitter:card\" content=\"summary_large_image\" \/>\n<meta name=\"twitter:label1\" content=\"Gesch\u00e4tzte Lesezeit\" \/>\n\t<meta name=\"twitter:data1\" content=\"1\u00a0Minute\" \/>\n<script type=\"application\/ld+json\" class=\"yoast-schema-graph\">{\"@context\":\"https:\\\/\\\/schema.org\",\"@graph\":[{\"@type\":\"WebPage\",\"@id\":\"https:\\\/\\\/www.inverseteams.com\\\/de\\\/produkt\\\/langarm-t-shirt-oslo-ocker\\\/\",\"url\":\"https:\\\/\\\/www.inverseteams.com\\\/de\\\/produkt\\\/langarm-t-shirt-oslo-ocker\\\/\",\"name\":\"Langarm T-shirt OSLO OCKER | Inverseteams\",\"isPartOf\":{\"@id\":\"https:\\\/\\\/www.inverseteams.com\\\/de\\\/#website\"},\"primaryImageOfPage\":{\"@id\":\"https:\\\/\\\/www.inverseteams.com\\\/de\\\/produkt\\\/langarm-t-shirt-oslo-ocker\\\/#primaryimage\"},\"image\":{\"@id\":\"https:\\\/\\\/www.inverseteams.com\\\/de\\\/produkt\\\/langarm-t-shirt-oslo-ocker\\\/#primaryimage\"},\"thumbnailUrl\":\"https:\\\/\\\/www.inverseteams.com\\\/wp-content\\\/uploads\\\/CAMISETA-GRAVEL-ENDURO-OSLO-OCRE-1-1.jpg\",\"datePublished\":\"2023-04-19T09:39:50+00:00\",\"dateModified\":\"2024-04-17T08:22:08+00:00\",\"description\":\"Perfektes Langarmshirt f\u00fcr Gravel-, Enduro- und Mountainbike-Touren. Hergestellt aus atmungsaktiven und abriebfesten Stoffen.\",\"breadcrumb\":{\"@id\":\"https:\\\/\\\/www.inverseteams.com\\\/de\\\/produkt\\\/langarm-t-shirt-oslo-ocker\\\/#breadcrumb\"},\"inLanguage\":\"de\",\"potentialAction\":[{\"@type\":\"ReadAction\",\"target\":[\"https:\\\/\\\/www.inverseteams.com\\\/de\\\/produkt\\\/langarm-t-shirt-oslo-ocker\\\/\"]}]},{\"@type\":\"ImageObject\",\"inLanguage\":\"de\",\"@id\":\"https:\\\/\\\/www.inverseteams.com\\\/de\\\/produkt\\\/langarm-t-shirt-oslo-ocker\\\/#primaryimage\",\"url\":\"https:\\\/\\\/www.inverseteams.com\\\/wp-content\\\/uploads\\\/CAMISETA-GRAVEL-ENDURO-OSLO-OCRE-1-1.jpg\",\"contentUrl\":\"https:\\\/\\\/www.inverseteams.com\\\/wp-content\\\/uploads\\\/CAMISETA-GRAVEL-ENDURO-OSLO-OCRE-1-1.jpg\",\"width\":3000,\"height\":3223,\"caption\":\"camiseta manga larga gravel inverse\"},{\"@type\":\"BreadcrumbList\",\"@id\":\"https:\\\/\\\/www.inverseteams.com\\\/de\\\/produkt\\\/langarm-t-shirt-oslo-ocker\\\/#breadcrumb\",\"itemListElement\":[{\"@type\":\"ListItem\",\"position\":1,\"name\":\"Portada\",\"item\":\"https:\\\/\\\/www.inverseteams.com\\\/de\\\/\"},{\"@type\":\"ListItem\",\"position\":2,\"name\":\"Speichern\",\"item\":\"https:\\\/\\\/www.inverseteams.com\\\/de\\\/speichern\\\/\"},{\"@type\":\"ListItem\",\"position\":3,\"name\":\"Langarm T-shirt OSLO OCKER\"}]},{\"@type\":\"WebSite\",\"@id\":\"https:\\\/\\\/www.inverseteams.com\\\/de\\\/#website\",\"url\":\"https:\\\/\\\/www.inverseteams.com\\\/de\\\/\",\"name\":\"Inverseteams\",\"description\":\"Tu marca de ropa deportiva personalizada\",\"publisher\":{\"@id\":\"https:\\\/\\\/www.inverseteams.com\\\/de\\\/#organization\"},\"potentialAction\":[{\"@type\":\"SearchAction\",\"target\":{\"@type\":\"EntryPoint\",\"urlTemplate\":\"https:\\\/\\\/www.inverseteams.com\\\/de\\\/?s={search_term_string}\"},\"query-input\":{\"@type\":\"PropertyValueSpecification\",\"valueRequired\":true,\"valueName\":\"search_term_string\"}}],\"inLanguage\":\"de\"},{\"@type\":\"Organization\",\"@id\":\"https:\\\/\\\/www.inverseteams.com\\\/de\\\/#organization\",\"name\":\"Inverse Teams\",\"url\":\"https:\\\/\\\/www.inverseteams.com\\\/de\\\/\",\"logo\":{\"@type\":\"ImageObject\",\"inLanguage\":\"de\",\"@id\":\"https:\\\/\\\/www.inverseteams.com\\\/de\\\/#\\\/schema\\\/logo\\\/image\\\/\",\"url\":\"http:\\\/\\\/www.inverseteams.com\\\/wp-content\\\/uploads\\\/2021\\\/03\\\/logo-inverse-teams.png\",\"contentUrl\":\"http:\\\/\\\/www.inverseteams.com\\\/wp-content\\\/uploads\\\/2021\\\/03\\\/logo-inverse-teams.png\",\"width\":294,\"height\":99,\"caption\":\"Inverse Teams\"},\"image\":{\"@id\":\"https:\\\/\\\/www.inverseteams.com\\\/de\\\/#\\\/schema\\\/logo\\\/image\\\/\"},\"sameAs\":[\"https:\\\/\\\/www.facebook.com\\\/inverseteams\",\"http:\\\/\\\/instagram.com\\\/inverseteams\",\"https:\\\/\\\/www.linkedin.com\\\/company\\\/inverse-cirosport-s-l-?trk=job_view_topcard_company_name\",\"http:\\\/\\\/www.pinterest.com\\\/inverseteams\\\/\",\"http:\\\/\\\/www.youtube.com\\\/user\\\/inverseteams?feature=watch\"]}]}<\/script>\n<!-- \/ Yoast SEO plugin. -->","yoast_head_json":{"title":"Langarm T-shirt OSLO OCKER | Inverseteams","description":"Perfektes Langarmshirt f\u00fcr Gravel-, Enduro- und Mountainbike-Touren. Hergestellt aus atmungsaktiven und abriebfesten Stoffen.","robots":{"index":"index","follow":"follow","max-snippet":"max-snippet:-1","max-image-preview":"max-image-preview:large","max-video-preview":"max-video-preview:-1"},"canonical":"https:\/\/www.inverseteams.com\/de\/produkt\/langarm-t-shirt-oslo-ocker\/","og_locale":"de_DE","og_type":"article","og_title":"Langarm T-shirt OSLO OCKER | Inverseteams","og_description":"Perfektes Langarmshirt f\u00fcr Gravel-, Enduro- und Mountainbike-Touren. Hergestellt aus atmungsaktiven und abriebfesten Stoffen.","og_url":"https:\/\/www.inverseteams.com\/de\/produkt\/langarm-t-shirt-oslo-ocker\/","og_site_name":"Inverseteams","article_publisher":"https:\/\/www.facebook.com\/inverseteams","article_modified_time":"2024-04-17T08:22:08+00:00","og_image":[{"width":3000,"height":3223,"url":"https:\/\/www.inverseteams.com\/wp-content\/uploads\/CAMISETA-GRAVEL-ENDURO-OSLO-OCRE-1-1.jpg","type":"image\/jpeg"}],"twitter_card":"summary_large_image","twitter_misc":{"Gesch\u00e4tzte Lesezeit":"1\u00a0Minute"},"schema":{"@context":"https:\/\/schema.org","@graph":[{"@type":"WebPage","@id":"https:\/\/www.inverseteams.com\/de\/produkt\/langarm-t-shirt-oslo-ocker\/","url":"https:\/\/www.inverseteams.com\/de\/produkt\/langarm-t-shirt-oslo-ocker\/","name":"Langarm T-shirt OSLO OCKER | Inverseteams","isPartOf":{"@id":"https:\/\/www.inverseteams.com\/de\/#website"},"primaryImageOfPage":{"@id":"https:\/\/www.inverseteams.com\/de\/produkt\/langarm-t-shirt-oslo-ocker\/#primaryimage"},"image":{"@id":"https:\/\/www.inverseteams.com\/de\/produkt\/langarm-t-shirt-oslo-ocker\/#primaryimage"},"thumbnailUrl":"https:\/\/www.inverseteams.com\/wp-content\/uploads\/CAMISETA-GRAVEL-ENDURO-OSLO-OCRE-1-1.jpg","datePublished":"2023-04-19T09:39:50+00:00","dateModified":"2024-04-17T08:22:08+00:00","description":"Perfektes Langarmshirt f\u00fcr Gravel-, Enduro- und Mountainbike-Touren. Hergestellt aus atmungsaktiven und abriebfesten Stoffen.","breadcrumb":{"@id":"https:\/\/www.inverseteams.com\/de\/produkt\/langarm-t-shirt-oslo-ocker\/#breadcrumb"},"inLanguage":"de","potentialAction":[{"@type":"ReadAction","target":["https:\/\/www.inverseteams.com\/de\/produkt\/langarm-t-shirt-oslo-ocker\/"]}]},{"@type":"ImageObject","inLanguage":"de","@id":"https:\/\/www.inverseteams.com\/de\/produkt\/langarm-t-shirt-oslo-ocker\/#primaryimage","url":"https:\/\/www.inverseteams.com\/wp-content\/uploads\/CAMISETA-GRAVEL-ENDURO-OSLO-OCRE-1-1.jpg","contentUrl":"https:\/\/www.inverseteams.com\/wp-content\/uploads\/CAMISETA-GRAVEL-ENDURO-OSLO-OCRE-1-1.jpg","width":3000,"height":3223,"caption":"camiseta manga larga gravel inverse"},{"@type":"BreadcrumbList","@id":"https:\/\/www.inverseteams.com\/de\/produkt\/langarm-t-shirt-oslo-ocker\/#breadcrumb","itemListElement":[{"@type":"ListItem","position":1,"name":"Portada","item":"https:\/\/www.inverseteams.com\/de\/"},{"@type":"ListItem","position":2,"name":"Speichern","item":"https:\/\/www.inverseteams.com\/de\/speichern\/"},{"@type":"ListItem","position":3,"name":"Langarm T-shirt OSLO OCKER"}]},{"@type":"WebSite","@id":"https:\/\/www.inverseteams.com\/de\/#website","url":"https:\/\/www.inverseteams.com\/de\/","name":"Inverseteams","description":"Tu marca de ropa deportiva personalizada","publisher":{"@id":"https:\/\/www.inverseteams.com\/de\/#organization"},"potentialAction":[{"@type":"SearchAction","target":{"@type":"EntryPoint","urlTemplate":"https:\/\/www.inverseteams.com\/de\/?s={search_term_string}"},"query-input":{"@type":"PropertyValueSpecification","valueRequired":true,"valueName":"search_term_string"}}],"inLanguage":"de"},{"@type":"Organization","@id":"https:\/\/www.inverseteams.com\/de\/#organization","name":"Inverse Teams","url":"https:\/\/www.inverseteams.com\/de\/","logo":{"@type":"ImageObject","inLanguage":"de","@id":"https:\/\/www.inverseteams.com\/de\/#\/schema\/logo\/image\/","url":"https:\/\/www.inverseteams.com\/wp-content\/uploads\/2021\/03\/logo-inverse-teams.png","contentUrl":"https:\/\/www.inverseteams.com\/wp-content\/uploads\/2021\/03\/logo-inverse-teams.png","width":294,"height":99,"caption":"Inverse Teams"},"image":{"@id":"https:\/\/www.inverseteams.com\/de\/#\/schema\/logo\/image\/"},"sameAs":["https:\/\/www.facebook.com\/inverseteams","http:\/\/instagram.com\/inverseteams","https:\/\/www.linkedin.com\/company\/inverse-cirosport-s-l-?trk=job_view_topcard_company_name","http:\/\/www.pinterest.com\/inverseteams\/","http:\/\/www.youtube.com\/user\/inverseteams?feature=watch"]}]}},"_links":{"self":[{"href":"https:\/\/www.inverseteams.com\/de\/wp-json\/wp\/v2\/product\/174169","targetHints":{"allow":["GET"]}}],"collection":[{"href":"https:\/\/www.inverseteams.com\/de\/wp-json\/wp\/v2\/product"}],"about":[{"href":"https:\/\/www.inverseteams.com\/de\/wp-json\/wp\/v2\/types\/product"}],"replies":[{"embeddable":true,"href":"https:\/\/www.inverseteams.com\/de\/wp-json\/wp\/v2\/comments?post=174169"}],"wp:featuredmedia":[{"embeddable":true,"href":"https:\/\/www.inverseteams.com\/de\/wp-json\/wp\/v2\/media\/162577"}],"wp:attachment":[{"href":"https:\/\/www.inverseteams.com\/de\/wp-json\/wp\/v2\/media?parent=174169"}],"wp:term":[{"taxonomy":"product_brand","embeddable":true,"href":"https:\/\/www.inverseteams.com\/de\/wp-json\/wp\/v2\/product_brand?post=174169"},{"taxonomy":"product_cat","embeddable":true,"href":"https:\/\/www.inverseteams.com\/de\/wp-json\/wp\/v2\/product_cat?post=174169"},{"taxonomy":"product_tag","embeddable":true,"href":"https:\/\/www.inverseteams.com\/de\/wp-json\/wp\/v2\/product_tag?post=174169"},{"taxonomy":"custom_category","embeddable":true,"href":"https:\/\/www.inverseteams.com\/de\/wp-json\/wp\/v2\/custom_category?post=174169"},{"taxonomy":"range","embeddable":true,"href":"https:\/\/www.inverseteams.com\/de\/wp-json\/wp\/v2\/range?post=174169"}],"curies":[{"name":"wp","href":"https:\/\/api.w.org\/{rel}","templated":true}]}}