{"id":174164,"date":"2021-05-10T08:31:14","date_gmt":"2021-05-10T09:18:03","guid":{"rendered":"https:\/\/www.inverseteams.com\/product\/triathlon-short-aqua\/"},"modified":"2024-02-06T09:31:58","modified_gmt":"2024-02-06T09:31:58","slug":"personalisiertes-triathlon-short-aqua","status":"publish","type":"product","link":"https:\/\/www.inverseteams.com\/de\/produkt\/personalisiertes-triathlon-short-aqua\/","title":{"rendered":"Personalisiertes Triathlon-short AQUA"},"content":{"rendered":"<p>Die Stoffbehandlung weist Wasser ab und hilft Ihnen, beim Schwimmen leichter zu gleiten und beim \u00dcbergang schnell zu trocknen. Diese Eigenschaft ist ideal f\u00fcr Tests, bei denen kein Neopren verwendet wird. Perfekter Trishort f\u00fcr die anspruchsvollsten Tests. Die Elastizit\u00e4t und Leichtigkeit des Stoffes erm\u00f6glichen Ihnen v\u00f6llige Bewegungsfreiheit und Sie werden w\u00e4hrend der verschiedenen Phasen des Triathlons kein Unbehagen versp\u00fcren. In der Taille befindet sich ein Gummiband, um das Kleidungsst\u00fcck fest am K\u00f6rper zu halten, ohne dass es zu Beschwerden kommt.<br \/>\nAm Ende der Beine befindet sich ein mikroperforiertes Gummiband mit einem hypoallergenen Silikongriff im Inneren. Dies verhindert, dass das Schwitzen zunimmt und das Kleidungsst\u00fcck fest am Bein sitzt.<br \/>\nAlle Panels, aus denen es besteht, wurden so konzipiert, dass sie in alle Positionen passen und Ihre Leistung optimieren. Die flachen N\u00e4hte, die sie verbinden, sind sehr widerstandsf\u00e4hig und verleihen dem Kleidungsst\u00fcck zudem ein sehr attraktives Design.<\/p>\n","protected":false},"excerpt":{"rendered":"<p>Die Stoffbehandlung weist Wasser ab und hilft Ihnen, beim Schwimmen leichter zu gleiten und beim \u00dcbergang schnell zu trocknen. Diese Eigenschaft ist ideal f\u00fcr Tests, bei denen kein Neopren verwendet wird. Perfekter Trishort f\u00fcr die anspruchsvollsten Tests. Die Elastizit\u00e4t und Leichtigkeit des Stoffes erm\u00f6glichen Ihnen v\u00f6llige Bewegungsfreiheit und Sie werden w\u00e4hrend der verschiedenen Phasen des Triathlons kein Unbehagen versp\u00fcren. In der Taille befindet sich ein Gummiband, um das Kleidungsst\u00fcck fest am K\u00f6rper zu halten, ohne dass es zu Beschwerden kommt.<br \/>\nAm Ende der Beine befindet sich ein mikroperforiertes Gummiband mit einem hypoallergenen Silikongriff im Inneren. Dies verhindert, dass das Schwitzen zunimmt und das Kleidungsst\u00fcck fest am Bein sitzt.<br \/>\nAlle Panels, aus denen es besteht, wurden so konzipiert, dass sie in alle Positionen passen und Ihre Leistung optimieren. Die flachen N\u00e4hte, die sie verbinden, sind sehr widerstandsf\u00e4hig und verleihen dem Kleidungsst\u00fcck zudem ein sehr attraktives Design.<\/p>\n","protected":false},"featured_media":165484,"comment_status":"closed","ping_status":"closed","template":"","meta":{"_acf_changed":false},"product_brand":[],"product_cat":[11218],"product_tag":[],"custom_category":[11240,11338,11435],"range":[11342],"class_list":{"0":"post-174164","1":"product","2":"type-product","3":"status-publish","4":"has-post-thumbnail","6":"product_cat-uncategorized-de","7":"pa_climatologia-calor-de","8":"pa_deporte-triatlon-de","9":"pa_genero-hombre-de","10":"pa_patronaje-fit-de","11":"pa_tipo-de-prenda-trishort-de","12":"custom_category-sport","13":"custom_category-personalisierte-triathlonbekleidung","14":"custom_category-personalisierte-triathlon-short","15":"range-aqua-de","17":"first","18":"instock","19":"product-type-custom"},"acf":[],"yoast_head":"<!-- This site is optimized with the Yoast SEO plugin v27.5 - https:\/\/yoast.com\/product\/yoast-seo-wordpress\/ -->\n<title>Personalisiertes Triathlon-short AQUA<\/title>\n<meta name=\"description\" content=\"Die Stoffbehandlung weist Wasser ab und hilft Ihnen, beim Schwimmen leichter zu gleiten und beim \u00dcbergang schnell zu trocknen. Diese Eigenschaft ist ideal f\u00fcr Tests, bei denen kein Neopren verwendet wird. Perfekter Trishort f\u00fcr die anspruchsvollsten Tests. Die Elastizit\u00e4t und Leichtigkeit des Stoffes erm\u00f6glichen Ihnen v\u00f6llige Bewegungsfreiheit und Sie werden w\u00e4hrend der verschiedenen Phasen des Triathlons kein Unbehagen versp\u00fcren. In der Taille befindet sich ein Gummiband, um das Kleidungsst\u00fcck fest am K\u00f6rper zu halten, ohne dass es zu Beschwerden kommt. Am Ende der Beine befindet sich ein mikroperforiertes Gummiband mit einem hypoallergenen Silikongriff im Inneren. Dies verhindert, dass das Schwitzen zunimmt und das Kleidungsst\u00fcck fest am Bein sitzt. Alle Panels, aus denen es besteht, wurden so konzipiert, dass sie in alle Positionen passen und Ihre Leistung optimieren. Die flachen N\u00e4hte, die sie verbinden, sind sehr widerstandsf\u00e4hig und verleihen dem Kleidungsst\u00fcck zudem ein sehr attraktives Design.\" \/>\n<meta name=\"robots\" content=\"index, follow, max-snippet:-1, max-image-preview:large, max-video-preview:-1\" \/>\n<link rel=\"canonical\" href=\"https:\/\/www.inverseteams.com\/de\/produkt\/personalisiertes-triathlon-short-aqua\/\" \/>\n<meta property=\"og:locale\" content=\"de_DE\" \/>\n<meta property=\"og:type\" content=\"article\" \/>\n<meta property=\"og:title\" content=\"Personalisiertes Triathlon-short AQUA\" \/>\n<meta property=\"og:description\" content=\"Die Stoffbehandlung weist Wasser ab und hilft Ihnen, beim Schwimmen leichter zu gleiten und beim \u00dcbergang schnell zu trocknen. Diese Eigenschaft ist ideal f\u00fcr Tests, bei denen kein Neopren verwendet wird. Perfekter Trishort f\u00fcr die anspruchsvollsten Tests. Die Elastizit\u00e4t und Leichtigkeit des Stoffes erm\u00f6glichen Ihnen v\u00f6llige Bewegungsfreiheit und Sie werden w\u00e4hrend der verschiedenen Phasen des Triathlons kein Unbehagen versp\u00fcren. In der Taille befindet sich ein Gummiband, um das Kleidungsst\u00fcck fest am K\u00f6rper zu halten, ohne dass es zu Beschwerden kommt. Am Ende der Beine befindet sich ein mikroperforiertes Gummiband mit einem hypoallergenen Silikongriff im Inneren. Dies verhindert, dass das Schwitzen zunimmt und das Kleidungsst\u00fcck fest am Bein sitzt. Alle Panels, aus denen es besteht, wurden so konzipiert, dass sie in alle Positionen passen und Ihre Leistung optimieren. Die flachen N\u00e4hte, die sie verbinden, sind sehr widerstandsf\u00e4hig und verleihen dem Kleidungsst\u00fcck zudem ein sehr attraktives Design.\" \/>\n<meta property=\"og:url\" content=\"https:\/\/www.inverseteams.com\/de\/produkt\/personalisiertes-triathlon-short-aqua\/\" \/>\n<meta property=\"og:site_name\" content=\"Inverseteams\" \/>\n<meta property=\"article:publisher\" content=\"https:\/\/www.facebook.com\/inverseteams\" \/>\n<meta property=\"article:modified_time\" content=\"2024-02-06T09:31:58+00:00\" \/>\n<meta property=\"og:image\" content=\"https:\/\/www.inverseteams.com\/wp-content\/uploads\/TRISHORT-AQUA-1-1.jpg\" \/>\n\t<meta property=\"og:image:width\" content=\"3222\" \/>\n\t<meta property=\"og:image:height\" content=\"3462\" \/>\n\t<meta property=\"og:image:type\" content=\"image\/jpeg\" \/>\n<meta name=\"twitter:card\" content=\"summary_large_image\" \/>\n<meta name=\"twitter:label1\" content=\"Gesch\u00e4tzte Lesezeit\" \/>\n\t<meta name=\"twitter:data1\" content=\"1\u00a0Minute\" \/>\n<script type=\"application\/ld+json\" class=\"yoast-schema-graph\">{\"@context\":\"https:\\\/\\\/schema.org\",\"@graph\":[{\"@type\":\"WebPage\",\"@id\":\"https:\\\/\\\/www.inverseteams.com\\\/de\\\/produkt\\\/personalisiertes-triathlon-short-aqua\\\/\",\"url\":\"https:\\\/\\\/www.inverseteams.com\\\/de\\\/produkt\\\/personalisiertes-triathlon-short-aqua\\\/\",\"name\":\"Personalisiertes Triathlon-short AQUA\",\"isPartOf\":{\"@id\":\"https:\\\/\\\/www.inverseteams.com\\\/de\\\/#website\"},\"primaryImageOfPage\":{\"@id\":\"https:\\\/\\\/www.inverseteams.com\\\/de\\\/produkt\\\/personalisiertes-triathlon-short-aqua\\\/#primaryimage\"},\"image\":{\"@id\":\"https:\\\/\\\/www.inverseteams.com\\\/de\\\/produkt\\\/personalisiertes-triathlon-short-aqua\\\/#primaryimage\"},\"thumbnailUrl\":\"https:\\\/\\\/www.inverseteams.com\\\/wp-content\\\/uploads\\\/TRISHORT-AQUA-1-1.jpg\",\"datePublished\":\"2021-05-10T09:18:03+00:00\",\"dateModified\":\"2024-02-06T09:31:58+00:00\",\"description\":\"Die Stoffbehandlung weist Wasser ab und hilft Ihnen, beim Schwimmen leichter zu gleiten und beim \u00dcbergang schnell zu trocknen. Diese Eigenschaft ist ideal f\u00fcr Tests, bei denen kein Neopren verwendet wird. Perfekter Trishort f\u00fcr die anspruchsvollsten Tests. Die Elastizit\u00e4t und Leichtigkeit des Stoffes erm\u00f6glichen Ihnen v\u00f6llige Bewegungsfreiheit und Sie werden w\u00e4hrend der verschiedenen Phasen des Triathlons kein Unbehagen versp\u00fcren. In der Taille befindet sich ein Gummiband, um das Kleidungsst\u00fcck fest am K\u00f6rper zu halten, ohne dass es zu Beschwerden kommt. Am Ende der Beine befindet sich ein mikroperforiertes Gummiband mit einem hypoallergenen Silikongriff im Inneren. Dies verhindert, dass das Schwitzen zunimmt und das Kleidungsst\u00fcck fest am Bein sitzt. Alle Panels, aus denen es besteht, wurden so konzipiert, dass sie in alle Positionen passen und Ihre Leistung optimieren. Die flachen N\u00e4hte, die sie verbinden, sind sehr widerstandsf\u00e4hig und verleihen dem Kleidungsst\u00fcck zudem ein sehr attraktives Design.\",\"breadcrumb\":{\"@id\":\"https:\\\/\\\/www.inverseteams.com\\\/de\\\/produkt\\\/personalisiertes-triathlon-short-aqua\\\/#breadcrumb\"},\"inLanguage\":\"de\",\"potentialAction\":[{\"@type\":\"ReadAction\",\"target\":[\"https:\\\/\\\/www.inverseteams.com\\\/de\\\/produkt\\\/personalisiertes-triathlon-short-aqua\\\/\"]}]},{\"@type\":\"ImageObject\",\"inLanguage\":\"de\",\"@id\":\"https:\\\/\\\/www.inverseteams.com\\\/de\\\/produkt\\\/personalisiertes-triathlon-short-aqua\\\/#primaryimage\",\"url\":\"https:\\\/\\\/www.inverseteams.com\\\/wp-content\\\/uploads\\\/TRISHORT-AQUA-1-1.jpg\",\"contentUrl\":\"https:\\\/\\\/www.inverseteams.com\\\/wp-content\\\/uploads\\\/TRISHORT-AQUA-1-1.jpg\",\"width\":3222,\"height\":3462,\"caption\":\"short triatlon aqua personalizado\"},{\"@type\":\"BreadcrumbList\",\"@id\":\"https:\\\/\\\/www.inverseteams.com\\\/de\\\/produkt\\\/personalisiertes-triathlon-short-aqua\\\/#breadcrumb\",\"itemListElement\":[{\"@type\":\"ListItem\",\"position\":1,\"name\":\"Portada\",\"item\":\"https:\\\/\\\/www.inverseteams.com\\\/de\\\/\"},{\"@type\":\"ListItem\",\"position\":2,\"name\":\"Speichern\",\"item\":\"https:\\\/\\\/www.inverseteams.com\\\/de\\\/speichern\\\/\"},{\"@type\":\"ListItem\",\"position\":3,\"name\":\"Personalisiertes Triathlon-short AQUA\"}]},{\"@type\":\"WebSite\",\"@id\":\"https:\\\/\\\/www.inverseteams.com\\\/de\\\/#website\",\"url\":\"https:\\\/\\\/www.inverseteams.com\\\/de\\\/\",\"name\":\"Inverseteams\",\"description\":\"Tu marca de ropa deportiva personalizada\",\"publisher\":{\"@id\":\"https:\\\/\\\/www.inverseteams.com\\\/de\\\/#organization\"},\"potentialAction\":[{\"@type\":\"SearchAction\",\"target\":{\"@type\":\"EntryPoint\",\"urlTemplate\":\"https:\\\/\\\/www.inverseteams.com\\\/de\\\/?s={search_term_string}\"},\"query-input\":{\"@type\":\"PropertyValueSpecification\",\"valueRequired\":true,\"valueName\":\"search_term_string\"}}],\"inLanguage\":\"de\"},{\"@type\":\"Organization\",\"@id\":\"https:\\\/\\\/www.inverseteams.com\\\/de\\\/#organization\",\"name\":\"Inverse Teams\",\"url\":\"https:\\\/\\\/www.inverseteams.com\\\/de\\\/\",\"logo\":{\"@type\":\"ImageObject\",\"inLanguage\":\"de\",\"@id\":\"https:\\\/\\\/www.inverseteams.com\\\/de\\\/#\\\/schema\\\/logo\\\/image\\\/\",\"url\":\"https:\\\/\\\/www.inverseteams.com\\\/wp-content\\\/uploads\\\/2021\\\/03\\\/logo-inverse-teams.png\",\"contentUrl\":\"https:\\\/\\\/www.inverseteams.com\\\/wp-content\\\/uploads\\\/2021\\\/03\\\/logo-inverse-teams.png\",\"width\":294,\"height\":99,\"caption\":\"Inverse Teams\"},\"image\":{\"@id\":\"https:\\\/\\\/www.inverseteams.com\\\/de\\\/#\\\/schema\\\/logo\\\/image\\\/\"},\"sameAs\":[\"https:\\\/\\\/www.facebook.com\\\/inverseteams\",\"http:\\\/\\\/instagram.com\\\/inverseteams\",\"https:\\\/\\\/www.linkedin.com\\\/company\\\/inverse-cirosport-s-l-?trk=job_view_topcard_company_name\",\"http:\\\/\\\/www.pinterest.com\\\/inverseteams\\\/\",\"http:\\\/\\\/www.youtube.com\\\/user\\\/inverseteams?feature=watch\"]}]}<\/script>\n<!-- \/ Yoast SEO plugin. -->","yoast_head_json":{"title":"Personalisiertes Triathlon-short AQUA","description":"Die Stoffbehandlung weist Wasser ab und hilft Ihnen, beim Schwimmen leichter zu gleiten und beim \u00dcbergang schnell zu trocknen. Diese Eigenschaft ist ideal f\u00fcr Tests, bei denen kein Neopren verwendet wird. Perfekter Trishort f\u00fcr die anspruchsvollsten Tests. Die Elastizit\u00e4t und Leichtigkeit des Stoffes erm\u00f6glichen Ihnen v\u00f6llige Bewegungsfreiheit und Sie werden w\u00e4hrend der verschiedenen Phasen des Triathlons kein Unbehagen versp\u00fcren. In der Taille befindet sich ein Gummiband, um das Kleidungsst\u00fcck fest am K\u00f6rper zu halten, ohne dass es zu Beschwerden kommt. Am Ende der Beine befindet sich ein mikroperforiertes Gummiband mit einem hypoallergenen Silikongriff im Inneren. Dies verhindert, dass das Schwitzen zunimmt und das Kleidungsst\u00fcck fest am Bein sitzt. Alle Panels, aus denen es besteht, wurden so konzipiert, dass sie in alle Positionen passen und Ihre Leistung optimieren. Die flachen N\u00e4hte, die sie verbinden, sind sehr widerstandsf\u00e4hig und verleihen dem Kleidungsst\u00fcck zudem ein sehr attraktives Design.","robots":{"index":"index","follow":"follow","max-snippet":"max-snippet:-1","max-image-preview":"max-image-preview:large","max-video-preview":"max-video-preview:-1"},"canonical":"https:\/\/www.inverseteams.com\/de\/produkt\/personalisiertes-triathlon-short-aqua\/","og_locale":"de_DE","og_type":"article","og_title":"Personalisiertes Triathlon-short AQUA","og_description":"Die Stoffbehandlung weist Wasser ab und hilft Ihnen, beim Schwimmen leichter zu gleiten und beim \u00dcbergang schnell zu trocknen. Diese Eigenschaft ist ideal f\u00fcr Tests, bei denen kein Neopren verwendet wird. Perfekter Trishort f\u00fcr die anspruchsvollsten Tests. Die Elastizit\u00e4t und Leichtigkeit des Stoffes erm\u00f6glichen Ihnen v\u00f6llige Bewegungsfreiheit und Sie werden w\u00e4hrend der verschiedenen Phasen des Triathlons kein Unbehagen versp\u00fcren. In der Taille befindet sich ein Gummiband, um das Kleidungsst\u00fcck fest am K\u00f6rper zu halten, ohne dass es zu Beschwerden kommt. Am Ende der Beine befindet sich ein mikroperforiertes Gummiband mit einem hypoallergenen Silikongriff im Inneren. Dies verhindert, dass das Schwitzen zunimmt und das Kleidungsst\u00fcck fest am Bein sitzt. Alle Panels, aus denen es besteht, wurden so konzipiert, dass sie in alle Positionen passen und Ihre Leistung optimieren. Die flachen N\u00e4hte, die sie verbinden, sind sehr widerstandsf\u00e4hig und verleihen dem Kleidungsst\u00fcck zudem ein sehr attraktives Design.","og_url":"https:\/\/www.inverseteams.com\/de\/produkt\/personalisiertes-triathlon-short-aqua\/","og_site_name":"Inverseteams","article_publisher":"https:\/\/www.facebook.com\/inverseteams","article_modified_time":"2024-02-06T09:31:58+00:00","og_image":[{"width":3222,"height":3462,"url":"https:\/\/www.inverseteams.com\/wp-content\/uploads\/TRISHORT-AQUA-1-1.jpg","type":"image\/jpeg"}],"twitter_card":"summary_large_image","twitter_misc":{"Gesch\u00e4tzte Lesezeit":"1\u00a0Minute"},"schema":{"@context":"https:\/\/schema.org","@graph":[{"@type":"WebPage","@id":"https:\/\/www.inverseteams.com\/de\/produkt\/personalisiertes-triathlon-short-aqua\/","url":"https:\/\/www.inverseteams.com\/de\/produkt\/personalisiertes-triathlon-short-aqua\/","name":"Personalisiertes Triathlon-short AQUA","isPartOf":{"@id":"https:\/\/www.inverseteams.com\/de\/#website"},"primaryImageOfPage":{"@id":"https:\/\/www.inverseteams.com\/de\/produkt\/personalisiertes-triathlon-short-aqua\/#primaryimage"},"image":{"@id":"https:\/\/www.inverseteams.com\/de\/produkt\/personalisiertes-triathlon-short-aqua\/#primaryimage"},"thumbnailUrl":"https:\/\/www.inverseteams.com\/wp-content\/uploads\/TRISHORT-AQUA-1-1.jpg","datePublished":"2021-05-10T09:18:03+00:00","dateModified":"2024-02-06T09:31:58+00:00","description":"Die Stoffbehandlung weist Wasser ab und hilft Ihnen, beim Schwimmen leichter zu gleiten und beim \u00dcbergang schnell zu trocknen. Diese Eigenschaft ist ideal f\u00fcr Tests, bei denen kein Neopren verwendet wird. Perfekter Trishort f\u00fcr die anspruchsvollsten Tests. Die Elastizit\u00e4t und Leichtigkeit des Stoffes erm\u00f6glichen Ihnen v\u00f6llige Bewegungsfreiheit und Sie werden w\u00e4hrend der verschiedenen Phasen des Triathlons kein Unbehagen versp\u00fcren. In der Taille befindet sich ein Gummiband, um das Kleidungsst\u00fcck fest am K\u00f6rper zu halten, ohne dass es zu Beschwerden kommt. Am Ende der Beine befindet sich ein mikroperforiertes Gummiband mit einem hypoallergenen Silikongriff im Inneren. Dies verhindert, dass das Schwitzen zunimmt und das Kleidungsst\u00fcck fest am Bein sitzt. Alle Panels, aus denen es besteht, wurden so konzipiert, dass sie in alle Positionen passen und Ihre Leistung optimieren. Die flachen N\u00e4hte, die sie verbinden, sind sehr widerstandsf\u00e4hig und verleihen dem Kleidungsst\u00fcck zudem ein sehr attraktives Design.","breadcrumb":{"@id":"https:\/\/www.inverseteams.com\/de\/produkt\/personalisiertes-triathlon-short-aqua\/#breadcrumb"},"inLanguage":"de","potentialAction":[{"@type":"ReadAction","target":["https:\/\/www.inverseteams.com\/de\/produkt\/personalisiertes-triathlon-short-aqua\/"]}]},{"@type":"ImageObject","inLanguage":"de","@id":"https:\/\/www.inverseteams.com\/de\/produkt\/personalisiertes-triathlon-short-aqua\/#primaryimage","url":"https:\/\/www.inverseteams.com\/wp-content\/uploads\/TRISHORT-AQUA-1-1.jpg","contentUrl":"https:\/\/www.inverseteams.com\/wp-content\/uploads\/TRISHORT-AQUA-1-1.jpg","width":3222,"height":3462,"caption":"short triatlon aqua personalizado"},{"@type":"BreadcrumbList","@id":"https:\/\/www.inverseteams.com\/de\/produkt\/personalisiertes-triathlon-short-aqua\/#breadcrumb","itemListElement":[{"@type":"ListItem","position":1,"name":"Portada","item":"https:\/\/www.inverseteams.com\/de\/"},{"@type":"ListItem","position":2,"name":"Speichern","item":"https:\/\/www.inverseteams.com\/de\/speichern\/"},{"@type":"ListItem","position":3,"name":"Personalisiertes Triathlon-short AQUA"}]},{"@type":"WebSite","@id":"https:\/\/www.inverseteams.com\/de\/#website","url":"https:\/\/www.inverseteams.com\/de\/","name":"Inverseteams","description":"Tu marca de ropa deportiva personalizada","publisher":{"@id":"https:\/\/www.inverseteams.com\/de\/#organization"},"potentialAction":[{"@type":"SearchAction","target":{"@type":"EntryPoint","urlTemplate":"https:\/\/www.inverseteams.com\/de\/?s={search_term_string}"},"query-input":{"@type":"PropertyValueSpecification","valueRequired":true,"valueName":"search_term_string"}}],"inLanguage":"de"},{"@type":"Organization","@id":"https:\/\/www.inverseteams.com\/de\/#organization","name":"Inverse Teams","url":"https:\/\/www.inverseteams.com\/de\/","logo":{"@type":"ImageObject","inLanguage":"de","@id":"https:\/\/www.inverseteams.com\/de\/#\/schema\/logo\/image\/","url":"https:\/\/www.inverseteams.com\/wp-content\/uploads\/2021\/03\/logo-inverse-teams.png","contentUrl":"https:\/\/www.inverseteams.com\/wp-content\/uploads\/2021\/03\/logo-inverse-teams.png","width":294,"height":99,"caption":"Inverse Teams"},"image":{"@id":"https:\/\/www.inverseteams.com\/de\/#\/schema\/logo\/image\/"},"sameAs":["https:\/\/www.facebook.com\/inverseteams","http:\/\/instagram.com\/inverseteams","https:\/\/www.linkedin.com\/company\/inverse-cirosport-s-l-?trk=job_view_topcard_company_name","http:\/\/www.pinterest.com\/inverseteams\/","http:\/\/www.youtube.com\/user\/inverseteams?feature=watch"]}]}},"_links":{"self":[{"href":"https:\/\/www.inverseteams.com\/de\/wp-json\/wp\/v2\/product\/174164","targetHints":{"allow":["GET"]}}],"collection":[{"href":"https:\/\/www.inverseteams.com\/de\/wp-json\/wp\/v2\/product"}],"about":[{"href":"https:\/\/www.inverseteams.com\/de\/wp-json\/wp\/v2\/types\/product"}],"replies":[{"embeddable":true,"href":"https:\/\/www.inverseteams.com\/de\/wp-json\/wp\/v2\/comments?post=174164"}],"wp:featuredmedia":[{"embeddable":true,"href":"https:\/\/www.inverseteams.com\/de\/wp-json\/wp\/v2\/media\/165484"}],"wp:attachment":[{"href":"https:\/\/www.inverseteams.com\/de\/wp-json\/wp\/v2\/media?parent=174164"}],"wp:term":[{"taxonomy":"product_brand","embeddable":true,"href":"https:\/\/www.inverseteams.com\/de\/wp-json\/wp\/v2\/product_brand?post=174164"},{"taxonomy":"product_cat","embeddable":true,"href":"https:\/\/www.inverseteams.com\/de\/wp-json\/wp\/v2\/product_cat?post=174164"},{"taxonomy":"product_tag","embeddable":true,"href":"https:\/\/www.inverseteams.com\/de\/wp-json\/wp\/v2\/product_tag?post=174164"},{"taxonomy":"custom_category","embeddable":true,"href":"https:\/\/www.inverseteams.com\/de\/wp-json\/wp\/v2\/custom_category?post=174164"},{"taxonomy":"range","embeddable":true,"href":"https:\/\/www.inverseteams.com\/de\/wp-json\/wp\/v2\/range?post=174164"}],"curies":[{"name":"wp","href":"https:\/\/api.w.org\/{rel}","templated":true}]}}