{"id":174163,"date":"2021-05-10T08:31:22","date_gmt":"2021-05-10T09:18:19","guid":{"rendered":"https:\/\/www.inverseteams.com\/product\/running-windstopper-pulse\/"},"modified":"2024-01-29T08:23:49","modified_gmt":"2024-01-29T08:23:49","slug":"personalisiertes-lauf-windjacke-pulse","status":"publish","type":"product","link":"https:\/\/www.inverseteams.com\/de\/produkt\/personalisiertes-lauf-windjacke-pulse\/","title":{"rendered":"Personalisiertes Lauf-Windjacke PULSE"},"content":{"rendered":"<p>Dank des leichten Stoffes k\u00f6nnen Sie die Jacke problemlos verstauen, wenn Sie sie nicht ben\u00f6tigen. Die Jacke passt sich sehr gut dem K\u00f6rper an, ohne einzuengen, sodass Sie frei laufen k\u00f6nnen, ohne dass Sie einen Widerstand durch das Kleidungsst\u00fcck sp\u00fcren. Am Ende des \u00c4rmels befindet sich ein elastischer Besatz zum Befestigen am Daumen. So rollen sich die \u00c4rmel beim Training nie hoch und Sie f\u00fchlen sich immer warm.<br \/>\nEs ist ideal f\u00fcr windige Tage und um Sie vor Feuchtigkeit oder feinem Regen zu sch\u00fctzen.<\/p>\n","protected":false},"excerpt":{"rendered":"<p>Dank des leichten Stoffes k\u00f6nnen Sie die Jacke problemlos verstauen, wenn Sie sie nicht ben\u00f6tigen. Die Jacke passt sich sehr gut dem K\u00f6rper an, ohne einzuengen, sodass Sie frei laufen k\u00f6nnen, ohne dass Sie einen Widerstand durch das Kleidungsst\u00fcck sp\u00fcren. Am Ende des \u00c4rmels befindet sich ein elastischer Besatz zum Befestigen am Daumen. So rollen sich die \u00c4rmel beim Training nie hoch und Sie f\u00fchlen sich immer warm.<br \/>\nEs ist ideal f\u00fcr windige Tage und um Sie vor Feuchtigkeit oder feinem Regen zu sch\u00fctzen.<\/p>\n","protected":false},"featured_media":165340,"comment_status":"closed","ping_status":"closed","template":"","meta":{"_acf_changed":false},"product_brand":[],"product_cat":[11218],"product_tag":[],"custom_category":[11244,11240,11286],"range":[11341],"class_list":{"0":"post-174163","1":"product","2":"type-product","3":"status-publish","4":"has-post-thumbnail","6":"product_cat-uncategorized-de","7":"pa_climatologia-viento-de","8":"pa_climatologia-temperatura-templada-de","9":"pa_deporte-running-de","10":"pa_genero-infantil-de","11":"pa_genero-hombre-de","12":"pa_genero-mujer-de","13":"pa_patronaje-regular-de","14":"pa_tipo-de-prenda-cortavientos-de","15":"custom_category-personalisierte-laufbekleidung-de","16":"custom_category-sport","17":"custom_category-personalisierte-laufjacken","18":"range-pulse-de","20":"first","21":"instock","22":"product-type-custom"},"acf":[],"yoast_head":"<!-- This site is optimized with the Yoast SEO plugin v27.3 - https:\/\/yoast.com\/product\/yoast-seo-wordpress\/ -->\n<title>Personalisiertes Lauf-Windjacke PULSE<\/title>\n<meta name=\"description\" content=\"Dank des leichten Stoffes k\u00f6nnen Sie die Jacke problemlos verstauen, wenn Sie sie nicht ben\u00f6tigen. Die Jacke passt sich sehr gut dem K\u00f6rper an, ohne einzuengen, sodass Sie frei laufen k\u00f6nnen, ohne dass Sie einen Widerstand durch das Kleidungsst\u00fcck sp\u00fcren. Am Ende des \u00c4rmels befindet sich ein elastischer Besatz zum Befestigen am Daumen. So rollen sich die \u00c4rmel beim Training nie hoch und Sie f\u00fchlen sich immer warm. Es ist ideal f\u00fcr windige Tage und um Sie vor Feuchtigkeit oder feinem Regen zu sch\u00fctzen.\" \/>\n<meta name=\"robots\" content=\"index, follow, max-snippet:-1, max-image-preview:large, max-video-preview:-1\" \/>\n<link rel=\"canonical\" href=\"https:\/\/www.inverseteams.com\/de\/produkt\/personalisiertes-lauf-windjacke-pulse\/\" \/>\n<meta property=\"og:locale\" content=\"de_DE\" \/>\n<meta property=\"og:type\" content=\"article\" \/>\n<meta property=\"og:title\" content=\"Personalisiertes Lauf-Windjacke PULSE\" \/>\n<meta property=\"og:description\" content=\"Dank des leichten Stoffes k\u00f6nnen Sie die Jacke problemlos verstauen, wenn Sie sie nicht ben\u00f6tigen. Die Jacke passt sich sehr gut dem K\u00f6rper an, ohne einzuengen, sodass Sie frei laufen k\u00f6nnen, ohne dass Sie einen Widerstand durch das Kleidungsst\u00fcck sp\u00fcren. Am Ende des \u00c4rmels befindet sich ein elastischer Besatz zum Befestigen am Daumen. So rollen sich die \u00c4rmel beim Training nie hoch und Sie f\u00fchlen sich immer warm. Es ist ideal f\u00fcr windige Tage und um Sie vor Feuchtigkeit oder feinem Regen zu sch\u00fctzen.\" \/>\n<meta property=\"og:url\" content=\"https:\/\/www.inverseteams.com\/de\/produkt\/personalisiertes-lauf-windjacke-pulse\/\" \/>\n<meta property=\"og:site_name\" content=\"Inverseteams\" \/>\n<meta property=\"article:publisher\" content=\"https:\/\/www.facebook.com\/inverseteams\" \/>\n<meta property=\"article:modified_time\" content=\"2024-01-29T08:23:49+00:00\" \/>\n<meta property=\"og:image\" content=\"https:\/\/www.inverseteams.com\/wp-content\/uploads\/CORTAVIENTOS-PULSE-1-3.jpg\" \/>\n\t<meta property=\"og:image:width\" content=\"3222\" \/>\n\t<meta property=\"og:image:height\" content=\"3462\" \/>\n\t<meta property=\"og:image:type\" content=\"image\/jpeg\" \/>\n<meta name=\"twitter:card\" content=\"summary_large_image\" \/>\n<meta name=\"twitter:label1\" content=\"Gesch\u00e4tzte Lesezeit\" \/>\n\t<meta name=\"twitter:data1\" content=\"1\u00a0Minute\" \/>\n<script type=\"application\/ld+json\" class=\"yoast-schema-graph\">{\"@context\":\"https:\\\/\\\/schema.org\",\"@graph\":[{\"@type\":\"WebPage\",\"@id\":\"https:\\\/\\\/www.inverseteams.com\\\/de\\\/produkt\\\/personalisiertes-lauf-windjacke-pulse\\\/\",\"url\":\"https:\\\/\\\/www.inverseteams.com\\\/de\\\/produkt\\\/personalisiertes-lauf-windjacke-pulse\\\/\",\"name\":\"Personalisiertes Lauf-Windjacke PULSE\",\"isPartOf\":{\"@id\":\"https:\\\/\\\/www.inverseteams.com\\\/de\\\/#website\"},\"primaryImageOfPage\":{\"@id\":\"https:\\\/\\\/www.inverseteams.com\\\/de\\\/produkt\\\/personalisiertes-lauf-windjacke-pulse\\\/#primaryimage\"},\"image\":{\"@id\":\"https:\\\/\\\/www.inverseteams.com\\\/de\\\/produkt\\\/personalisiertes-lauf-windjacke-pulse\\\/#primaryimage\"},\"thumbnailUrl\":\"https:\\\/\\\/www.inverseteams.com\\\/wp-content\\\/uploads\\\/CORTAVIENTOS-PULSE-1-3.jpg\",\"datePublished\":\"2021-05-10T09:18:19+00:00\",\"dateModified\":\"2024-01-29T08:23:49+00:00\",\"description\":\"Dank des leichten Stoffes k\u00f6nnen Sie die Jacke problemlos verstauen, wenn Sie sie nicht ben\u00f6tigen. Die Jacke passt sich sehr gut dem K\u00f6rper an, ohne einzuengen, sodass Sie frei laufen k\u00f6nnen, ohne dass Sie einen Widerstand durch das Kleidungsst\u00fcck sp\u00fcren. Am Ende des \u00c4rmels befindet sich ein elastischer Besatz zum Befestigen am Daumen. So rollen sich die \u00c4rmel beim Training nie hoch und Sie f\u00fchlen sich immer warm. Es ist ideal f\u00fcr windige Tage und um Sie vor Feuchtigkeit oder feinem Regen zu sch\u00fctzen.\",\"breadcrumb\":{\"@id\":\"https:\\\/\\\/www.inverseteams.com\\\/de\\\/produkt\\\/personalisiertes-lauf-windjacke-pulse\\\/#breadcrumb\"},\"inLanguage\":\"de\",\"potentialAction\":[{\"@type\":\"ReadAction\",\"target\":[\"https:\\\/\\\/www.inverseteams.com\\\/de\\\/produkt\\\/personalisiertes-lauf-windjacke-pulse\\\/\"]}]},{\"@type\":\"ImageObject\",\"inLanguage\":\"de\",\"@id\":\"https:\\\/\\\/www.inverseteams.com\\\/de\\\/produkt\\\/personalisiertes-lauf-windjacke-pulse\\\/#primaryimage\",\"url\":\"https:\\\/\\\/www.inverseteams.com\\\/wp-content\\\/uploads\\\/CORTAVIENTOS-PULSE-1-3.jpg\",\"contentUrl\":\"https:\\\/\\\/www.inverseteams.com\\\/wp-content\\\/uploads\\\/CORTAVIENTOS-PULSE-1-3.jpg\",\"width\":3222,\"height\":3462,\"caption\":\"cortavientos running personalizable\"},{\"@type\":\"BreadcrumbList\",\"@id\":\"https:\\\/\\\/www.inverseteams.com\\\/de\\\/produkt\\\/personalisiertes-lauf-windjacke-pulse\\\/#breadcrumb\",\"itemListElement\":[{\"@type\":\"ListItem\",\"position\":1,\"name\":\"Portada\",\"item\":\"https:\\\/\\\/www.inverseteams.com\\\/de\\\/\"},{\"@type\":\"ListItem\",\"position\":2,\"name\":\"Speichern\",\"item\":\"https:\\\/\\\/www.inverseteams.com\\\/de\\\/speichern\\\/\"},{\"@type\":\"ListItem\",\"position\":3,\"name\":\"Personalisiertes Lauf-Windjacke PULSE\"}]},{\"@type\":\"WebSite\",\"@id\":\"https:\\\/\\\/www.inverseteams.com\\\/de\\\/#website\",\"url\":\"https:\\\/\\\/www.inverseteams.com\\\/de\\\/\",\"name\":\"Inverseteams\",\"description\":\"Tu marca de ropa deportiva personalizada\",\"publisher\":{\"@id\":\"https:\\\/\\\/www.inverseteams.com\\\/de\\\/#organization\"},\"potentialAction\":[{\"@type\":\"SearchAction\",\"target\":{\"@type\":\"EntryPoint\",\"urlTemplate\":\"https:\\\/\\\/www.inverseteams.com\\\/de\\\/?s={search_term_string}\"},\"query-input\":{\"@type\":\"PropertyValueSpecification\",\"valueRequired\":true,\"valueName\":\"search_term_string\"}}],\"inLanguage\":\"de\"},{\"@type\":\"Organization\",\"@id\":\"https:\\\/\\\/www.inverseteams.com\\\/de\\\/#organization\",\"name\":\"Inverse Teams\",\"url\":\"https:\\\/\\\/www.inverseteams.com\\\/de\\\/\",\"logo\":{\"@type\":\"ImageObject\",\"inLanguage\":\"de\",\"@id\":\"https:\\\/\\\/www.inverseteams.com\\\/de\\\/#\\\/schema\\\/logo\\\/image\\\/\",\"url\":\"https:\\\/\\\/www.inverseteams.com\\\/wp-content\\\/uploads\\\/2021\\\/03\\\/logo-inverse-teams.png\",\"contentUrl\":\"https:\\\/\\\/www.inverseteams.com\\\/wp-content\\\/uploads\\\/2021\\\/03\\\/logo-inverse-teams.png\",\"width\":294,\"height\":99,\"caption\":\"Inverse Teams\"},\"image\":{\"@id\":\"https:\\\/\\\/www.inverseteams.com\\\/de\\\/#\\\/schema\\\/logo\\\/image\\\/\"},\"sameAs\":[\"https:\\\/\\\/www.facebook.com\\\/inverseteams\",\"http:\\\/\\\/instagram.com\\\/inverseteams\",\"https:\\\/\\\/www.linkedin.com\\\/company\\\/inverse-cirosport-s-l-?trk=job_view_topcard_company_name\",\"http:\\\/\\\/www.pinterest.com\\\/inverseteams\\\/\",\"http:\\\/\\\/www.youtube.com\\\/user\\\/inverseteams?feature=watch\"]}]}<\/script>\n<!-- \/ Yoast SEO plugin. -->","yoast_head_json":{"title":"Personalisiertes Lauf-Windjacke PULSE","description":"Dank des leichten Stoffes k\u00f6nnen Sie die Jacke problemlos verstauen, wenn Sie sie nicht ben\u00f6tigen. Die Jacke passt sich sehr gut dem K\u00f6rper an, ohne einzuengen, sodass Sie frei laufen k\u00f6nnen, ohne dass Sie einen Widerstand durch das Kleidungsst\u00fcck sp\u00fcren. Am Ende des \u00c4rmels befindet sich ein elastischer Besatz zum Befestigen am Daumen. So rollen sich die \u00c4rmel beim Training nie hoch und Sie f\u00fchlen sich immer warm. Es ist ideal f\u00fcr windige Tage und um Sie vor Feuchtigkeit oder feinem Regen zu sch\u00fctzen.","robots":{"index":"index","follow":"follow","max-snippet":"max-snippet:-1","max-image-preview":"max-image-preview:large","max-video-preview":"max-video-preview:-1"},"canonical":"https:\/\/www.inverseteams.com\/de\/produkt\/personalisiertes-lauf-windjacke-pulse\/","og_locale":"de_DE","og_type":"article","og_title":"Personalisiertes Lauf-Windjacke PULSE","og_description":"Dank des leichten Stoffes k\u00f6nnen Sie die Jacke problemlos verstauen, wenn Sie sie nicht ben\u00f6tigen. Die Jacke passt sich sehr gut dem K\u00f6rper an, ohne einzuengen, sodass Sie frei laufen k\u00f6nnen, ohne dass Sie einen Widerstand durch das Kleidungsst\u00fcck sp\u00fcren. Am Ende des \u00c4rmels befindet sich ein elastischer Besatz zum Befestigen am Daumen. So rollen sich die \u00c4rmel beim Training nie hoch und Sie f\u00fchlen sich immer warm. Es ist ideal f\u00fcr windige Tage und um Sie vor Feuchtigkeit oder feinem Regen zu sch\u00fctzen.","og_url":"https:\/\/www.inverseteams.com\/de\/produkt\/personalisiertes-lauf-windjacke-pulse\/","og_site_name":"Inverseteams","article_publisher":"https:\/\/www.facebook.com\/inverseteams","article_modified_time":"2024-01-29T08:23:49+00:00","og_image":[{"width":3222,"height":3462,"url":"https:\/\/www.inverseteams.com\/wp-content\/uploads\/CORTAVIENTOS-PULSE-1-3.jpg","type":"image\/jpeg"}],"twitter_card":"summary_large_image","twitter_misc":{"Gesch\u00e4tzte Lesezeit":"1\u00a0Minute"},"schema":{"@context":"https:\/\/schema.org","@graph":[{"@type":"WebPage","@id":"https:\/\/www.inverseteams.com\/de\/produkt\/personalisiertes-lauf-windjacke-pulse\/","url":"https:\/\/www.inverseteams.com\/de\/produkt\/personalisiertes-lauf-windjacke-pulse\/","name":"Personalisiertes Lauf-Windjacke PULSE","isPartOf":{"@id":"https:\/\/www.inverseteams.com\/de\/#website"},"primaryImageOfPage":{"@id":"https:\/\/www.inverseteams.com\/de\/produkt\/personalisiertes-lauf-windjacke-pulse\/#primaryimage"},"image":{"@id":"https:\/\/www.inverseteams.com\/de\/produkt\/personalisiertes-lauf-windjacke-pulse\/#primaryimage"},"thumbnailUrl":"https:\/\/www.inverseteams.com\/wp-content\/uploads\/CORTAVIENTOS-PULSE-1-3.jpg","datePublished":"2021-05-10T09:18:19+00:00","dateModified":"2024-01-29T08:23:49+00:00","description":"Dank des leichten Stoffes k\u00f6nnen Sie die Jacke problemlos verstauen, wenn Sie sie nicht ben\u00f6tigen. Die Jacke passt sich sehr gut dem K\u00f6rper an, ohne einzuengen, sodass Sie frei laufen k\u00f6nnen, ohne dass Sie einen Widerstand durch das Kleidungsst\u00fcck sp\u00fcren. Am Ende des \u00c4rmels befindet sich ein elastischer Besatz zum Befestigen am Daumen. So rollen sich die \u00c4rmel beim Training nie hoch und Sie f\u00fchlen sich immer warm. Es ist ideal f\u00fcr windige Tage und um Sie vor Feuchtigkeit oder feinem Regen zu sch\u00fctzen.","breadcrumb":{"@id":"https:\/\/www.inverseteams.com\/de\/produkt\/personalisiertes-lauf-windjacke-pulse\/#breadcrumb"},"inLanguage":"de","potentialAction":[{"@type":"ReadAction","target":["https:\/\/www.inverseteams.com\/de\/produkt\/personalisiertes-lauf-windjacke-pulse\/"]}]},{"@type":"ImageObject","inLanguage":"de","@id":"https:\/\/www.inverseteams.com\/de\/produkt\/personalisiertes-lauf-windjacke-pulse\/#primaryimage","url":"https:\/\/www.inverseteams.com\/wp-content\/uploads\/CORTAVIENTOS-PULSE-1-3.jpg","contentUrl":"https:\/\/www.inverseteams.com\/wp-content\/uploads\/CORTAVIENTOS-PULSE-1-3.jpg","width":3222,"height":3462,"caption":"cortavientos running personalizable"},{"@type":"BreadcrumbList","@id":"https:\/\/www.inverseteams.com\/de\/produkt\/personalisiertes-lauf-windjacke-pulse\/#breadcrumb","itemListElement":[{"@type":"ListItem","position":1,"name":"Portada","item":"https:\/\/www.inverseteams.com\/de\/"},{"@type":"ListItem","position":2,"name":"Speichern","item":"https:\/\/www.inverseteams.com\/de\/speichern\/"},{"@type":"ListItem","position":3,"name":"Personalisiertes Lauf-Windjacke PULSE"}]},{"@type":"WebSite","@id":"https:\/\/www.inverseteams.com\/de\/#website","url":"https:\/\/www.inverseteams.com\/de\/","name":"Inverseteams","description":"Tu marca de ropa deportiva personalizada","publisher":{"@id":"https:\/\/www.inverseteams.com\/de\/#organization"},"potentialAction":[{"@type":"SearchAction","target":{"@type":"EntryPoint","urlTemplate":"https:\/\/www.inverseteams.com\/de\/?s={search_term_string}"},"query-input":{"@type":"PropertyValueSpecification","valueRequired":true,"valueName":"search_term_string"}}],"inLanguage":"de"},{"@type":"Organization","@id":"https:\/\/www.inverseteams.com\/de\/#organization","name":"Inverse Teams","url":"https:\/\/www.inverseteams.com\/de\/","logo":{"@type":"ImageObject","inLanguage":"de","@id":"https:\/\/www.inverseteams.com\/de\/#\/schema\/logo\/image\/","url":"https:\/\/www.inverseteams.com\/wp-content\/uploads\/2021\/03\/logo-inverse-teams.png","contentUrl":"https:\/\/www.inverseteams.com\/wp-content\/uploads\/2021\/03\/logo-inverse-teams.png","width":294,"height":99,"caption":"Inverse Teams"},"image":{"@id":"https:\/\/www.inverseteams.com\/de\/#\/schema\/logo\/image\/"},"sameAs":["https:\/\/www.facebook.com\/inverseteams","http:\/\/instagram.com\/inverseteams","https:\/\/www.linkedin.com\/company\/inverse-cirosport-s-l-?trk=job_view_topcard_company_name","http:\/\/www.pinterest.com\/inverseteams\/","http:\/\/www.youtube.com\/user\/inverseteams?feature=watch"]}]}},"_links":{"self":[{"href":"https:\/\/www.inverseteams.com\/de\/wp-json\/wp\/v2\/product\/174163","targetHints":{"allow":["GET"]}}],"collection":[{"href":"https:\/\/www.inverseteams.com\/de\/wp-json\/wp\/v2\/product"}],"about":[{"href":"https:\/\/www.inverseteams.com\/de\/wp-json\/wp\/v2\/types\/product"}],"replies":[{"embeddable":true,"href":"https:\/\/www.inverseteams.com\/de\/wp-json\/wp\/v2\/comments?post=174163"}],"wp:featuredmedia":[{"embeddable":true,"href":"https:\/\/www.inverseteams.com\/de\/wp-json\/wp\/v2\/media\/165340"}],"wp:attachment":[{"href":"https:\/\/www.inverseteams.com\/de\/wp-json\/wp\/v2\/media?parent=174163"}],"wp:term":[{"taxonomy":"product_brand","embeddable":true,"href":"https:\/\/www.inverseteams.com\/de\/wp-json\/wp\/v2\/product_brand?post=174163"},{"taxonomy":"product_cat","embeddable":true,"href":"https:\/\/www.inverseteams.com\/de\/wp-json\/wp\/v2\/product_cat?post=174163"},{"taxonomy":"product_tag","embeddable":true,"href":"https:\/\/www.inverseteams.com\/de\/wp-json\/wp\/v2\/product_tag?post=174163"},{"taxonomy":"custom_category","embeddable":true,"href":"https:\/\/www.inverseteams.com\/de\/wp-json\/wp\/v2\/custom_category?post=174163"},{"taxonomy":"range","embeddable":true,"href":"https:\/\/www.inverseteams.com\/de\/wp-json\/wp\/v2\/range?post=174163"}],"curies":[{"name":"wp","href":"https:\/\/api.w.org\/{rel}","templated":true}]}}