{"id":174162,"date":"2021-05-10T08:31:43","date_gmt":"2021-05-10T09:18:34","guid":{"rendered":"https:\/\/www.inverseteams.com\/product\/trail-running-skirt-ultra-2\/"},"modified":"2024-01-29T14:07:27","modified_gmt":"2024-01-29T14:07:27","slug":"personalisiertes-trailrunning-rock-ultra","status":"publish","type":"product","link":"https:\/\/www.inverseteams.com\/de\/produkt\/personalisiertes-trailrunning-rock-ultra\/","title":{"rendered":"Personalisiertes Trailrunning Rock ULTRA"},"content":{"rendered":"<p>Der Rock ULTRA besteht aus einem leichten und abriebfesten Stoff und ist ideal f\u00fcr das Laufen in den Bergen bei langen Trainingseinheiten oder Wettk\u00e4mpfen. Im hinteren Bereich befinden sich 2 elastische Netztaschen und 1 Rei\u00dfverschlusstasche, in denen Sie jeden Gegenstand verstauen k\u00f6nnen, ohne bef\u00fcrchten zu m\u00fcssen, ihn zu verlieren. Sie k\u00f6nnen ohne Sorgen laufen. Dar\u00fcber hinaus verf\u00fcgt es in der Taille \u00fcber einen Gummizug, der sich sehr gut an den K\u00f6rper anpasst und das Kleidungsst\u00fcck fest anliegt, ohne zu st\u00f6ren. Die innere Kompressionsshorts aus einem Stoff mit offener Struktur h\u00e4lt Sie immer gut in den Beinen und sorgt daf\u00fcr, dass Sie sich jederzeit wohl f\u00fchlen.<\/p>\n","protected":false},"excerpt":{"rendered":"<p>Der Rock ULTRA besteht aus einem leichten und abriebfesten Stoff und ist ideal f\u00fcr das Laufen in den Bergen bei langen Trainingseinheiten oder Wettk\u00e4mpfen. Im hinteren Bereich befinden sich 2 elastische Netztaschen und 1 Rei\u00dfverschlusstasche, in denen Sie jeden Gegenstand verstauen k\u00f6nnen, ohne bef\u00fcrchten zu m\u00fcssen, ihn zu verlieren. Sie k\u00f6nnen ohne Sorgen laufen. Dar\u00fcber hinaus verf\u00fcgt es in der Taille \u00fcber einen Gummizug, der sich sehr gut an den K\u00f6rper anpasst und das Kleidungsst\u00fcck fest anliegt, ohne zu st\u00f6ren. Die innere Kompressionsshorts aus einem Stoff mit offener Struktur h\u00e4lt Sie immer gut in den Beinen und sorgt daf\u00fcr, dass Sie sich jederzeit wohl f\u00fchlen.<\/p>\n","protected":false},"featured_media":165396,"comment_status":"closed","ping_status":"closed","template":"","meta":{"_acf_changed":false},"product_brand":[],"product_cat":[11218],"product_tag":[],"custom_category":[11429,11240,11328],"range":[11332],"class_list":{"0":"post-174162","1":"product","2":"type-product","3":"status-publish","4":"has-post-thumbnail","6":"product_cat-uncategorized-de","7":"pa_climatologia-calor-de","8":"pa_deporte-trail-de","9":"pa_genero-mujer-de","10":"pa_patronaje-regular-de","11":"pa_tipo-de-prenda-falda-de","12":"custom_category-personalisierte-trailrunningrock","13":"custom_category-sport","14":"custom_category-personalisierte-trailrunningbekleidung","15":"range-ultra-de","17":"first","18":"instock","19":"product-type-custom"},"acf":[],"yoast_head":"<!-- This site is optimized with the Yoast SEO plugin v27.5 - https:\/\/yoast.com\/product\/yoast-seo-wordpress\/ -->\n<title>Personalisiertes Trailrunning Rock ULTRA<\/title>\n<meta name=\"description\" content=\"Der Rock ULTRA besteht aus einem leichten und abriebfesten Stoff und ist ideal f\u00fcr das Laufen in den Bergen bei langen Trainingseinheiten oder Wettk\u00e4mpfen. Im hinteren Bereich befinden sich 2 elastische Netztaschen und 1 Rei\u00dfverschlusstasche, in denen Sie jeden Gegenstand verstauen k\u00f6nnen, ohne bef\u00fcrchten zu m\u00fcssen, ihn zu verlieren. Sie k\u00f6nnen ohne Sorgen laufen. Dar\u00fcber hinaus verf\u00fcgt es in der Taille \u00fcber einen Gummizug, der sich sehr gut an den K\u00f6rper anpasst und das Kleidungsst\u00fcck fest anliegt, ohne zu st\u00f6ren. Die innere Kompressionsshorts aus einem Stoff mit offener Struktur h\u00e4lt Sie immer gut in den Beinen und sorgt daf\u00fcr, dass Sie sich jederzeit wohl f\u00fchlen.\" \/>\n<meta name=\"robots\" content=\"index, follow, max-snippet:-1, max-image-preview:large, max-video-preview:-1\" \/>\n<link rel=\"canonical\" href=\"https:\/\/www.inverseteams.com\/de\/produkt\/personalisiertes-trailrunning-rock-ultra\/\" \/>\n<meta property=\"og:locale\" content=\"de_DE\" \/>\n<meta property=\"og:type\" content=\"article\" \/>\n<meta property=\"og:title\" content=\"Personalisiertes Trailrunning Rock ULTRA\" \/>\n<meta property=\"og:description\" content=\"Der Rock ULTRA besteht aus einem leichten und abriebfesten Stoff und ist ideal f\u00fcr das Laufen in den Bergen bei langen Trainingseinheiten oder Wettk\u00e4mpfen. Im hinteren Bereich befinden sich 2 elastische Netztaschen und 1 Rei\u00dfverschlusstasche, in denen Sie jeden Gegenstand verstauen k\u00f6nnen, ohne bef\u00fcrchten zu m\u00fcssen, ihn zu verlieren. Sie k\u00f6nnen ohne Sorgen laufen. Dar\u00fcber hinaus verf\u00fcgt es in der Taille \u00fcber einen Gummizug, der sich sehr gut an den K\u00f6rper anpasst und das Kleidungsst\u00fcck fest anliegt, ohne zu st\u00f6ren. Die innere Kompressionsshorts aus einem Stoff mit offener Struktur h\u00e4lt Sie immer gut in den Beinen und sorgt daf\u00fcr, dass Sie sich jederzeit wohl f\u00fchlen.\" \/>\n<meta property=\"og:url\" content=\"https:\/\/www.inverseteams.com\/de\/produkt\/personalisiertes-trailrunning-rock-ultra\/\" \/>\n<meta property=\"og:site_name\" content=\"Inverseteams\" \/>\n<meta property=\"article:publisher\" content=\"https:\/\/www.facebook.com\/inverseteams\" \/>\n<meta property=\"article:modified_time\" content=\"2024-01-29T14:07:27+00:00\" \/>\n<meta property=\"og:image\" content=\"https:\/\/www.inverseteams.com\/wp-content\/uploads\/FALDA-ULTRA-1-4.jpg\" \/>\n\t<meta property=\"og:image:width\" content=\"3222\" \/>\n\t<meta property=\"og:image:height\" content=\"3462\" \/>\n\t<meta property=\"og:image:type\" content=\"image\/jpeg\" \/>\n<meta name=\"twitter:card\" content=\"summary_large_image\" \/>\n<meta name=\"twitter:label1\" content=\"Gesch\u00e4tzte Lesezeit\" \/>\n\t<meta name=\"twitter:data1\" content=\"1\u00a0Minute\" \/>\n<script type=\"application\/ld+json\" class=\"yoast-schema-graph\">{\"@context\":\"https:\\\/\\\/schema.org\",\"@graph\":[{\"@type\":\"WebPage\",\"@id\":\"https:\\\/\\\/www.inverseteams.com\\\/de\\\/produkt\\\/personalisiertes-trailrunning-rock-ultra\\\/\",\"url\":\"https:\\\/\\\/www.inverseteams.com\\\/de\\\/produkt\\\/personalisiertes-trailrunning-rock-ultra\\\/\",\"name\":\"Personalisiertes Trailrunning Rock ULTRA\",\"isPartOf\":{\"@id\":\"https:\\\/\\\/www.inverseteams.com\\\/de\\\/#website\"},\"primaryImageOfPage\":{\"@id\":\"https:\\\/\\\/www.inverseteams.com\\\/de\\\/produkt\\\/personalisiertes-trailrunning-rock-ultra\\\/#primaryimage\"},\"image\":{\"@id\":\"https:\\\/\\\/www.inverseteams.com\\\/de\\\/produkt\\\/personalisiertes-trailrunning-rock-ultra\\\/#primaryimage\"},\"thumbnailUrl\":\"https:\\\/\\\/www.inverseteams.com\\\/wp-content\\\/uploads\\\/FALDA-ULTRA-1-4.jpg\",\"datePublished\":\"2021-05-10T09:18:34+00:00\",\"dateModified\":\"2024-01-29T14:07:27+00:00\",\"description\":\"Der Rock ULTRA besteht aus einem leichten und abriebfesten Stoff und ist ideal f\u00fcr das Laufen in den Bergen bei langen Trainingseinheiten oder Wettk\u00e4mpfen. Im hinteren Bereich befinden sich 2 elastische Netztaschen und 1 Rei\u00dfverschlusstasche, in denen Sie jeden Gegenstand verstauen k\u00f6nnen, ohne bef\u00fcrchten zu m\u00fcssen, ihn zu verlieren. Sie k\u00f6nnen ohne Sorgen laufen. Dar\u00fcber hinaus verf\u00fcgt es in der Taille \u00fcber einen Gummizug, der sich sehr gut an den K\u00f6rper anpasst und das Kleidungsst\u00fcck fest anliegt, ohne zu st\u00f6ren. Die innere Kompressionsshorts aus einem Stoff mit offener Struktur h\u00e4lt Sie immer gut in den Beinen und sorgt daf\u00fcr, dass Sie sich jederzeit wohl f\u00fchlen.\",\"breadcrumb\":{\"@id\":\"https:\\\/\\\/www.inverseteams.com\\\/de\\\/produkt\\\/personalisiertes-trailrunning-rock-ultra\\\/#breadcrumb\"},\"inLanguage\":\"de\",\"potentialAction\":[{\"@type\":\"ReadAction\",\"target\":[\"https:\\\/\\\/www.inverseteams.com\\\/de\\\/produkt\\\/personalisiertes-trailrunning-rock-ultra\\\/\"]}]},{\"@type\":\"ImageObject\",\"inLanguage\":\"de\",\"@id\":\"https:\\\/\\\/www.inverseteams.com\\\/de\\\/produkt\\\/personalisiertes-trailrunning-rock-ultra\\\/#primaryimage\",\"url\":\"https:\\\/\\\/www.inverseteams.com\\\/wp-content\\\/uploads\\\/FALDA-ULTRA-1-4.jpg\",\"contentUrl\":\"https:\\\/\\\/www.inverseteams.com\\\/wp-content\\\/uploads\\\/FALDA-ULTRA-1-4.jpg\",\"width\":3222,\"height\":3462,\"caption\":\"falda trail running personalizada\"},{\"@type\":\"BreadcrumbList\",\"@id\":\"https:\\\/\\\/www.inverseteams.com\\\/de\\\/produkt\\\/personalisiertes-trailrunning-rock-ultra\\\/#breadcrumb\",\"itemListElement\":[{\"@type\":\"ListItem\",\"position\":1,\"name\":\"Portada\",\"item\":\"https:\\\/\\\/www.inverseteams.com\\\/de\\\/\"},{\"@type\":\"ListItem\",\"position\":2,\"name\":\"Speichern\",\"item\":\"https:\\\/\\\/www.inverseteams.com\\\/de\\\/speichern\\\/\"},{\"@type\":\"ListItem\",\"position\":3,\"name\":\"Personalisiertes Trailrunning Rock ULTRA\"}]},{\"@type\":\"WebSite\",\"@id\":\"https:\\\/\\\/www.inverseteams.com\\\/de\\\/#website\",\"url\":\"https:\\\/\\\/www.inverseteams.com\\\/de\\\/\",\"name\":\"Inverseteams\",\"description\":\"Tu marca de ropa deportiva personalizada\",\"publisher\":{\"@id\":\"https:\\\/\\\/www.inverseteams.com\\\/de\\\/#organization\"},\"potentialAction\":[{\"@type\":\"SearchAction\",\"target\":{\"@type\":\"EntryPoint\",\"urlTemplate\":\"https:\\\/\\\/www.inverseteams.com\\\/de\\\/?s={search_term_string}\"},\"query-input\":{\"@type\":\"PropertyValueSpecification\",\"valueRequired\":true,\"valueName\":\"search_term_string\"}}],\"inLanguage\":\"de\"},{\"@type\":\"Organization\",\"@id\":\"https:\\\/\\\/www.inverseteams.com\\\/de\\\/#organization\",\"name\":\"Inverse Teams\",\"url\":\"https:\\\/\\\/www.inverseteams.com\\\/de\\\/\",\"logo\":{\"@type\":\"ImageObject\",\"inLanguage\":\"de\",\"@id\":\"https:\\\/\\\/www.inverseteams.com\\\/de\\\/#\\\/schema\\\/logo\\\/image\\\/\",\"url\":\"https:\\\/\\\/www.inverseteams.com\\\/wp-content\\\/uploads\\\/2021\\\/03\\\/logo-inverse-teams.png\",\"contentUrl\":\"https:\\\/\\\/www.inverseteams.com\\\/wp-content\\\/uploads\\\/2021\\\/03\\\/logo-inverse-teams.png\",\"width\":294,\"height\":99,\"caption\":\"Inverse Teams\"},\"image\":{\"@id\":\"https:\\\/\\\/www.inverseteams.com\\\/de\\\/#\\\/schema\\\/logo\\\/image\\\/\"},\"sameAs\":[\"https:\\\/\\\/www.facebook.com\\\/inverseteams\",\"http:\\\/\\\/instagram.com\\\/inverseteams\",\"https:\\\/\\\/www.linkedin.com\\\/company\\\/inverse-cirosport-s-l-?trk=job_view_topcard_company_name\",\"http:\\\/\\\/www.pinterest.com\\\/inverseteams\\\/\",\"http:\\\/\\\/www.youtube.com\\\/user\\\/inverseteams?feature=watch\"]}]}<\/script>\n<!-- \/ Yoast SEO plugin. -->","yoast_head_json":{"title":"Personalisiertes Trailrunning Rock ULTRA","description":"Der Rock ULTRA besteht aus einem leichten und abriebfesten Stoff und ist ideal f\u00fcr das Laufen in den Bergen bei langen Trainingseinheiten oder Wettk\u00e4mpfen. Im hinteren Bereich befinden sich 2 elastische Netztaschen und 1 Rei\u00dfverschlusstasche, in denen Sie jeden Gegenstand verstauen k\u00f6nnen, ohne bef\u00fcrchten zu m\u00fcssen, ihn zu verlieren. Sie k\u00f6nnen ohne Sorgen laufen. Dar\u00fcber hinaus verf\u00fcgt es in der Taille \u00fcber einen Gummizug, der sich sehr gut an den K\u00f6rper anpasst und das Kleidungsst\u00fcck fest anliegt, ohne zu st\u00f6ren. Die innere Kompressionsshorts aus einem Stoff mit offener Struktur h\u00e4lt Sie immer gut in den Beinen und sorgt daf\u00fcr, dass Sie sich jederzeit wohl f\u00fchlen.","robots":{"index":"index","follow":"follow","max-snippet":"max-snippet:-1","max-image-preview":"max-image-preview:large","max-video-preview":"max-video-preview:-1"},"canonical":"https:\/\/www.inverseteams.com\/de\/produkt\/personalisiertes-trailrunning-rock-ultra\/","og_locale":"de_DE","og_type":"article","og_title":"Personalisiertes Trailrunning Rock ULTRA","og_description":"Der Rock ULTRA besteht aus einem leichten und abriebfesten Stoff und ist ideal f\u00fcr das Laufen in den Bergen bei langen Trainingseinheiten oder Wettk\u00e4mpfen. Im hinteren Bereich befinden sich 2 elastische Netztaschen und 1 Rei\u00dfverschlusstasche, in denen Sie jeden Gegenstand verstauen k\u00f6nnen, ohne bef\u00fcrchten zu m\u00fcssen, ihn zu verlieren. Sie k\u00f6nnen ohne Sorgen laufen. Dar\u00fcber hinaus verf\u00fcgt es in der Taille \u00fcber einen Gummizug, der sich sehr gut an den K\u00f6rper anpasst und das Kleidungsst\u00fcck fest anliegt, ohne zu st\u00f6ren. Die innere Kompressionsshorts aus einem Stoff mit offener Struktur h\u00e4lt Sie immer gut in den Beinen und sorgt daf\u00fcr, dass Sie sich jederzeit wohl f\u00fchlen.","og_url":"https:\/\/www.inverseteams.com\/de\/produkt\/personalisiertes-trailrunning-rock-ultra\/","og_site_name":"Inverseteams","article_publisher":"https:\/\/www.facebook.com\/inverseteams","article_modified_time":"2024-01-29T14:07:27+00:00","og_image":[{"width":3222,"height":3462,"url":"https:\/\/www.inverseteams.com\/wp-content\/uploads\/FALDA-ULTRA-1-4.jpg","type":"image\/jpeg"}],"twitter_card":"summary_large_image","twitter_misc":{"Gesch\u00e4tzte Lesezeit":"1\u00a0Minute"},"schema":{"@context":"https:\/\/schema.org","@graph":[{"@type":"WebPage","@id":"https:\/\/www.inverseteams.com\/de\/produkt\/personalisiertes-trailrunning-rock-ultra\/","url":"https:\/\/www.inverseteams.com\/de\/produkt\/personalisiertes-trailrunning-rock-ultra\/","name":"Personalisiertes Trailrunning Rock ULTRA","isPartOf":{"@id":"https:\/\/www.inverseteams.com\/de\/#website"},"primaryImageOfPage":{"@id":"https:\/\/www.inverseteams.com\/de\/produkt\/personalisiertes-trailrunning-rock-ultra\/#primaryimage"},"image":{"@id":"https:\/\/www.inverseteams.com\/de\/produkt\/personalisiertes-trailrunning-rock-ultra\/#primaryimage"},"thumbnailUrl":"https:\/\/www.inverseteams.com\/wp-content\/uploads\/FALDA-ULTRA-1-4.jpg","datePublished":"2021-05-10T09:18:34+00:00","dateModified":"2024-01-29T14:07:27+00:00","description":"Der Rock ULTRA besteht aus einem leichten und abriebfesten Stoff und ist ideal f\u00fcr das Laufen in den Bergen bei langen Trainingseinheiten oder Wettk\u00e4mpfen. Im hinteren Bereich befinden sich 2 elastische Netztaschen und 1 Rei\u00dfverschlusstasche, in denen Sie jeden Gegenstand verstauen k\u00f6nnen, ohne bef\u00fcrchten zu m\u00fcssen, ihn zu verlieren. Sie k\u00f6nnen ohne Sorgen laufen. Dar\u00fcber hinaus verf\u00fcgt es in der Taille \u00fcber einen Gummizug, der sich sehr gut an den K\u00f6rper anpasst und das Kleidungsst\u00fcck fest anliegt, ohne zu st\u00f6ren. Die innere Kompressionsshorts aus einem Stoff mit offener Struktur h\u00e4lt Sie immer gut in den Beinen und sorgt daf\u00fcr, dass Sie sich jederzeit wohl f\u00fchlen.","breadcrumb":{"@id":"https:\/\/www.inverseteams.com\/de\/produkt\/personalisiertes-trailrunning-rock-ultra\/#breadcrumb"},"inLanguage":"de","potentialAction":[{"@type":"ReadAction","target":["https:\/\/www.inverseteams.com\/de\/produkt\/personalisiertes-trailrunning-rock-ultra\/"]}]},{"@type":"ImageObject","inLanguage":"de","@id":"https:\/\/www.inverseteams.com\/de\/produkt\/personalisiertes-trailrunning-rock-ultra\/#primaryimage","url":"https:\/\/www.inverseteams.com\/wp-content\/uploads\/FALDA-ULTRA-1-4.jpg","contentUrl":"https:\/\/www.inverseteams.com\/wp-content\/uploads\/FALDA-ULTRA-1-4.jpg","width":3222,"height":3462,"caption":"falda trail running personalizada"},{"@type":"BreadcrumbList","@id":"https:\/\/www.inverseteams.com\/de\/produkt\/personalisiertes-trailrunning-rock-ultra\/#breadcrumb","itemListElement":[{"@type":"ListItem","position":1,"name":"Portada","item":"https:\/\/www.inverseteams.com\/de\/"},{"@type":"ListItem","position":2,"name":"Speichern","item":"https:\/\/www.inverseteams.com\/de\/speichern\/"},{"@type":"ListItem","position":3,"name":"Personalisiertes Trailrunning Rock ULTRA"}]},{"@type":"WebSite","@id":"https:\/\/www.inverseteams.com\/de\/#website","url":"https:\/\/www.inverseteams.com\/de\/","name":"Inverseteams","description":"Tu marca de ropa deportiva personalizada","publisher":{"@id":"https:\/\/www.inverseteams.com\/de\/#organization"},"potentialAction":[{"@type":"SearchAction","target":{"@type":"EntryPoint","urlTemplate":"https:\/\/www.inverseteams.com\/de\/?s={search_term_string}"},"query-input":{"@type":"PropertyValueSpecification","valueRequired":true,"valueName":"search_term_string"}}],"inLanguage":"de"},{"@type":"Organization","@id":"https:\/\/www.inverseteams.com\/de\/#organization","name":"Inverse Teams","url":"https:\/\/www.inverseteams.com\/de\/","logo":{"@type":"ImageObject","inLanguage":"de","@id":"https:\/\/www.inverseteams.com\/de\/#\/schema\/logo\/image\/","url":"https:\/\/www.inverseteams.com\/wp-content\/uploads\/2021\/03\/logo-inverse-teams.png","contentUrl":"https:\/\/www.inverseteams.com\/wp-content\/uploads\/2021\/03\/logo-inverse-teams.png","width":294,"height":99,"caption":"Inverse Teams"},"image":{"@id":"https:\/\/www.inverseteams.com\/de\/#\/schema\/logo\/image\/"},"sameAs":["https:\/\/www.facebook.com\/inverseteams","http:\/\/instagram.com\/inverseteams","https:\/\/www.linkedin.com\/company\/inverse-cirosport-s-l-?trk=job_view_topcard_company_name","http:\/\/www.pinterest.com\/inverseteams\/","http:\/\/www.youtube.com\/user\/inverseteams?feature=watch"]}]}},"_links":{"self":[{"href":"https:\/\/www.inverseteams.com\/de\/wp-json\/wp\/v2\/product\/174162","targetHints":{"allow":["GET"]}}],"collection":[{"href":"https:\/\/www.inverseteams.com\/de\/wp-json\/wp\/v2\/product"}],"about":[{"href":"https:\/\/www.inverseteams.com\/de\/wp-json\/wp\/v2\/types\/product"}],"replies":[{"embeddable":true,"href":"https:\/\/www.inverseteams.com\/de\/wp-json\/wp\/v2\/comments?post=174162"}],"wp:featuredmedia":[{"embeddable":true,"href":"https:\/\/www.inverseteams.com\/de\/wp-json\/wp\/v2\/media\/165396"}],"wp:attachment":[{"href":"https:\/\/www.inverseteams.com\/de\/wp-json\/wp\/v2\/media?parent=174162"}],"wp:term":[{"taxonomy":"product_brand","embeddable":true,"href":"https:\/\/www.inverseteams.com\/de\/wp-json\/wp\/v2\/product_brand?post=174162"},{"taxonomy":"product_cat","embeddable":true,"href":"https:\/\/www.inverseteams.com\/de\/wp-json\/wp\/v2\/product_cat?post=174162"},{"taxonomy":"product_tag","embeddable":true,"href":"https:\/\/www.inverseteams.com\/de\/wp-json\/wp\/v2\/product_tag?post=174162"},{"taxonomy":"custom_category","embeddable":true,"href":"https:\/\/www.inverseteams.com\/de\/wp-json\/wp\/v2\/custom_category?post=174162"},{"taxonomy":"range","embeddable":true,"href":"https:\/\/www.inverseteams.com\/de\/wp-json\/wp\/v2\/range?post=174162"}],"curies":[{"name":"wp","href":"https:\/\/api.w.org\/{rel}","templated":true}]}}