{"id":174161,"date":"2021-05-10T08:32:05","date_gmt":"2021-05-10T09:18:54","guid":{"rendered":"https:\/\/www.inverseteams.com\/product\/athletics-shorts-veloce\/"},"modified":"2024-01-29T14:50:44","modified_gmt":"2024-01-29T14:50:44","slug":"personalisiertes-leichtathletikshorts-veloce","status":"publish","type":"product","link":"https:\/\/www.inverseteams.com\/de\/produkt\/personalisiertes-leichtathletikshorts-veloce\/","title":{"rendered":"Personalisiertes Leichtathletikshorts VELOCE"},"content":{"rendered":"<p>Mit diesem leichten Sportshorts k\u00f6nnen Sie auch an hei\u00dfen Tagen lange Trainingseinheiten genie\u00dfen. Durch die seitlichen \u00d6ffnungen k\u00f6nnen Sie jede Bewegung ausf\u00fchren, ohne einen Widerstand zu sp\u00fcren.<br \/>\nDas elastische Taillenband schmiegt sich sehr gut an den K\u00f6rper an und sorgt daf\u00fcr, dass das Kleidungsst\u00fcck fest sitzt, ohne zu st\u00f6ren. Im Inneren befindet sich ein schnell trocknendes Gitterfutter.<\/p>\n","protected":false},"excerpt":{"rendered":"<p>Mit diesem leichten Sportshorts k\u00f6nnen Sie auch an hei\u00dfen Tagen lange Trainingseinheiten genie\u00dfen. Durch die seitlichen \u00d6ffnungen k\u00f6nnen Sie jede Bewegung ausf\u00fchren, ohne einen Widerstand zu sp\u00fcren.<br \/>\nDas elastische Taillenband schmiegt sich sehr gut an den K\u00f6rper an und sorgt daf\u00fcr, dass das Kleidungsst\u00fcck fest sitzt, ohne zu st\u00f6ren. Im Inneren befindet sich ein schnell trocknendes Gitterfutter.<\/p>\n","protected":false},"featured_media":165120,"comment_status":"closed","ping_status":"closed","template":"","meta":{"_acf_changed":false},"product_brand":[],"product_cat":[11218],"product_tag":[],"custom_category":[11240,11426,11322],"range":[11323],"class_list":{"0":"post-174161","1":"product","2":"type-product","3":"status-publish","4":"has-post-thumbnail","6":"product_cat-uncategorized-de","7":"pa_climatologia-calor-de","8":"pa_deporte-atletismo-de","9":"pa_genero-hombre-de","10":"pa_genero-mujer-de","11":"pa_genero-infantil-de","12":"pa_patronaje-regular-de","13":"pa_tipo-de-prenda-pantalon-corto-de","14":"custom_category-sport","15":"custom_category-personalisierte-leichtathletik-short","16":"custom_category-personalisierte-leichtathletikbekleidung","17":"range-veloce-de","19":"first","20":"instock","21":"product-type-custom"},"acf":[],"yoast_head":"<!-- This site is optimized with the Yoast SEO plugin v27.3 - https:\/\/yoast.com\/product\/yoast-seo-wordpress\/ -->\n<title>Personalisiertes Leichtathletikshorts VELOCE<\/title>\n<meta name=\"description\" content=\"Mit diesem leichten Sportshorts k\u00f6nnen Sie auch an hei\u00dfen Tagen lange Trainingseinheiten genie\u00dfen. Durch die seitlichen \u00d6ffnungen k\u00f6nnen Sie jede Bewegung ausf\u00fchren, ohne einen Widerstand zu sp\u00fcren. Das elastische Taillenband schmiegt sich sehr gut an den K\u00f6rper an und sorgt daf\u00fcr, dass das Kleidungsst\u00fcck fest sitzt, ohne zu st\u00f6ren. Im Inneren befindet sich ein schnell trocknendes Gitterfutter.\" \/>\n<meta name=\"robots\" content=\"index, follow, max-snippet:-1, max-image-preview:large, max-video-preview:-1\" \/>\n<link rel=\"canonical\" href=\"https:\/\/www.inverseteams.com\/de\/produkt\/personalisiertes-leichtathletikshorts-veloce\/\" \/>\n<meta property=\"og:locale\" content=\"de_DE\" \/>\n<meta property=\"og:type\" content=\"article\" \/>\n<meta property=\"og:title\" content=\"Personalisiertes Leichtathletikshorts VELOCE\" \/>\n<meta property=\"og:description\" content=\"Mit diesem leichten Sportshorts k\u00f6nnen Sie auch an hei\u00dfen Tagen lange Trainingseinheiten genie\u00dfen. Durch die seitlichen \u00d6ffnungen k\u00f6nnen Sie jede Bewegung ausf\u00fchren, ohne einen Widerstand zu sp\u00fcren. Das elastische Taillenband schmiegt sich sehr gut an den K\u00f6rper an und sorgt daf\u00fcr, dass das Kleidungsst\u00fcck fest sitzt, ohne zu st\u00f6ren. Im Inneren befindet sich ein schnell trocknendes Gitterfutter.\" \/>\n<meta property=\"og:url\" content=\"https:\/\/www.inverseteams.com\/de\/produkt\/personalisiertes-leichtathletikshorts-veloce\/\" \/>\n<meta property=\"og:site_name\" content=\"Inverseteams\" \/>\n<meta property=\"article:publisher\" content=\"https:\/\/www.facebook.com\/inverseteams\" \/>\n<meta property=\"article:modified_time\" content=\"2024-01-29T14:50:44+00:00\" \/>\n<meta property=\"og:image\" content=\"https:\/\/www.inverseteams.com\/wp-content\/uploads\/PANTALON-CORTO-VELOCE-1.jpg\" \/>\n\t<meta property=\"og:image:width\" content=\"3222\" \/>\n\t<meta property=\"og:image:height\" content=\"3462\" \/>\n\t<meta property=\"og:image:type\" content=\"image\/jpeg\" \/>\n<meta name=\"twitter:card\" content=\"summary_large_image\" \/>\n<meta name=\"twitter:label1\" content=\"Gesch\u00e4tzte Lesezeit\" \/>\n\t<meta name=\"twitter:data1\" content=\"1\u00a0Minute\" \/>\n<script type=\"application\/ld+json\" class=\"yoast-schema-graph\">{\"@context\":\"https:\\\/\\\/schema.org\",\"@graph\":[{\"@type\":\"WebPage\",\"@id\":\"https:\\\/\\\/www.inverseteams.com\\\/de\\\/produkt\\\/personalisiertes-leichtathletikshorts-veloce\\\/\",\"url\":\"https:\\\/\\\/www.inverseteams.com\\\/de\\\/produkt\\\/personalisiertes-leichtathletikshorts-veloce\\\/\",\"name\":\"Personalisiertes Leichtathletikshorts VELOCE\",\"isPartOf\":{\"@id\":\"https:\\\/\\\/www.inverseteams.com\\\/de\\\/#website\"},\"primaryImageOfPage\":{\"@id\":\"https:\\\/\\\/www.inverseteams.com\\\/de\\\/produkt\\\/personalisiertes-leichtathletikshorts-veloce\\\/#primaryimage\"},\"image\":{\"@id\":\"https:\\\/\\\/www.inverseteams.com\\\/de\\\/produkt\\\/personalisiertes-leichtathletikshorts-veloce\\\/#primaryimage\"},\"thumbnailUrl\":\"https:\\\/\\\/www.inverseteams.com\\\/wp-content\\\/uploads\\\/PANTALON-CORTO-VELOCE-1.jpg\",\"datePublished\":\"2021-05-10T09:18:54+00:00\",\"dateModified\":\"2024-01-29T14:50:44+00:00\",\"description\":\"Mit diesem leichten Sportshorts k\u00f6nnen Sie auch an hei\u00dfen Tagen lange Trainingseinheiten genie\u00dfen. Durch die seitlichen \u00d6ffnungen k\u00f6nnen Sie jede Bewegung ausf\u00fchren, ohne einen Widerstand zu sp\u00fcren. Das elastische Taillenband schmiegt sich sehr gut an den K\u00f6rper an und sorgt daf\u00fcr, dass das Kleidungsst\u00fcck fest sitzt, ohne zu st\u00f6ren. Im Inneren befindet sich ein schnell trocknendes Gitterfutter.\",\"breadcrumb\":{\"@id\":\"https:\\\/\\\/www.inverseteams.com\\\/de\\\/produkt\\\/personalisiertes-leichtathletikshorts-veloce\\\/#breadcrumb\"},\"inLanguage\":\"de\",\"potentialAction\":[{\"@type\":\"ReadAction\",\"target\":[\"https:\\\/\\\/www.inverseteams.com\\\/de\\\/produkt\\\/personalisiertes-leichtathletikshorts-veloce\\\/\"]}]},{\"@type\":\"ImageObject\",\"inLanguage\":\"de\",\"@id\":\"https:\\\/\\\/www.inverseteams.com\\\/de\\\/produkt\\\/personalisiertes-leichtathletikshorts-veloce\\\/#primaryimage\",\"url\":\"https:\\\/\\\/www.inverseteams.com\\\/wp-content\\\/uploads\\\/PANTALON-CORTO-VELOCE-1.jpg\",\"contentUrl\":\"https:\\\/\\\/www.inverseteams.com\\\/wp-content\\\/uploads\\\/PANTALON-CORTO-VELOCE-1.jpg\",\"width\":3222,\"height\":3462,\"caption\":\"pantalon corto atletismo personalizado\"},{\"@type\":\"BreadcrumbList\",\"@id\":\"https:\\\/\\\/www.inverseteams.com\\\/de\\\/produkt\\\/personalisiertes-leichtathletikshorts-veloce\\\/#breadcrumb\",\"itemListElement\":[{\"@type\":\"ListItem\",\"position\":1,\"name\":\"Portada\",\"item\":\"https:\\\/\\\/www.inverseteams.com\\\/de\\\/\"},{\"@type\":\"ListItem\",\"position\":2,\"name\":\"Speichern\",\"item\":\"https:\\\/\\\/www.inverseteams.com\\\/de\\\/speichern\\\/\"},{\"@type\":\"ListItem\",\"position\":3,\"name\":\"Personalisiertes Leichtathletikshorts VELOCE\"}]},{\"@type\":\"WebSite\",\"@id\":\"https:\\\/\\\/www.inverseteams.com\\\/de\\\/#website\",\"url\":\"https:\\\/\\\/www.inverseteams.com\\\/de\\\/\",\"name\":\"Inverseteams\",\"description\":\"Tu marca de ropa deportiva personalizada\",\"publisher\":{\"@id\":\"https:\\\/\\\/www.inverseteams.com\\\/de\\\/#organization\"},\"potentialAction\":[{\"@type\":\"SearchAction\",\"target\":{\"@type\":\"EntryPoint\",\"urlTemplate\":\"https:\\\/\\\/www.inverseteams.com\\\/de\\\/?s={search_term_string}\"},\"query-input\":{\"@type\":\"PropertyValueSpecification\",\"valueRequired\":true,\"valueName\":\"search_term_string\"}}],\"inLanguage\":\"de\"},{\"@type\":\"Organization\",\"@id\":\"https:\\\/\\\/www.inverseteams.com\\\/de\\\/#organization\",\"name\":\"Inverse Teams\",\"url\":\"https:\\\/\\\/www.inverseteams.com\\\/de\\\/\",\"logo\":{\"@type\":\"ImageObject\",\"inLanguage\":\"de\",\"@id\":\"https:\\\/\\\/www.inverseteams.com\\\/de\\\/#\\\/schema\\\/logo\\\/image\\\/\",\"url\":\"http:\\\/\\\/www.inverseteams.com\\\/wp-content\\\/uploads\\\/2021\\\/03\\\/logo-inverse-teams.png\",\"contentUrl\":\"http:\\\/\\\/www.inverseteams.com\\\/wp-content\\\/uploads\\\/2021\\\/03\\\/logo-inverse-teams.png\",\"width\":294,\"height\":99,\"caption\":\"Inverse Teams\"},\"image\":{\"@id\":\"https:\\\/\\\/www.inverseteams.com\\\/de\\\/#\\\/schema\\\/logo\\\/image\\\/\"},\"sameAs\":[\"https:\\\/\\\/www.facebook.com\\\/inverseteams\",\"http:\\\/\\\/instagram.com\\\/inverseteams\",\"https:\\\/\\\/www.linkedin.com\\\/company\\\/inverse-cirosport-s-l-?trk=job_view_topcard_company_name\",\"http:\\\/\\\/www.pinterest.com\\\/inverseteams\\\/\",\"http:\\\/\\\/www.youtube.com\\\/user\\\/inverseteams?feature=watch\"]}]}<\/script>\n<!-- \/ Yoast SEO plugin. -->","yoast_head_json":{"title":"Personalisiertes Leichtathletikshorts VELOCE","description":"Mit diesem leichten Sportshorts k\u00f6nnen Sie auch an hei\u00dfen Tagen lange Trainingseinheiten genie\u00dfen. Durch die seitlichen \u00d6ffnungen k\u00f6nnen Sie jede Bewegung ausf\u00fchren, ohne einen Widerstand zu sp\u00fcren. Das elastische Taillenband schmiegt sich sehr gut an den K\u00f6rper an und sorgt daf\u00fcr, dass das Kleidungsst\u00fcck fest sitzt, ohne zu st\u00f6ren. Im Inneren befindet sich ein schnell trocknendes Gitterfutter.","robots":{"index":"index","follow":"follow","max-snippet":"max-snippet:-1","max-image-preview":"max-image-preview:large","max-video-preview":"max-video-preview:-1"},"canonical":"https:\/\/www.inverseteams.com\/de\/produkt\/personalisiertes-leichtathletikshorts-veloce\/","og_locale":"de_DE","og_type":"article","og_title":"Personalisiertes Leichtathletikshorts VELOCE","og_description":"Mit diesem leichten Sportshorts k\u00f6nnen Sie auch an hei\u00dfen Tagen lange Trainingseinheiten genie\u00dfen. Durch die seitlichen \u00d6ffnungen k\u00f6nnen Sie jede Bewegung ausf\u00fchren, ohne einen Widerstand zu sp\u00fcren. Das elastische Taillenband schmiegt sich sehr gut an den K\u00f6rper an und sorgt daf\u00fcr, dass das Kleidungsst\u00fcck fest sitzt, ohne zu st\u00f6ren. Im Inneren befindet sich ein schnell trocknendes Gitterfutter.","og_url":"https:\/\/www.inverseteams.com\/de\/produkt\/personalisiertes-leichtathletikshorts-veloce\/","og_site_name":"Inverseteams","article_publisher":"https:\/\/www.facebook.com\/inverseteams","article_modified_time":"2024-01-29T14:50:44+00:00","og_image":[{"width":3222,"height":3462,"url":"https:\/\/www.inverseteams.com\/wp-content\/uploads\/PANTALON-CORTO-VELOCE-1.jpg","type":"image\/jpeg"}],"twitter_card":"summary_large_image","twitter_misc":{"Gesch\u00e4tzte Lesezeit":"1\u00a0Minute"},"schema":{"@context":"https:\/\/schema.org","@graph":[{"@type":"WebPage","@id":"https:\/\/www.inverseteams.com\/de\/produkt\/personalisiertes-leichtathletikshorts-veloce\/","url":"https:\/\/www.inverseteams.com\/de\/produkt\/personalisiertes-leichtathletikshorts-veloce\/","name":"Personalisiertes Leichtathletikshorts VELOCE","isPartOf":{"@id":"https:\/\/www.inverseteams.com\/de\/#website"},"primaryImageOfPage":{"@id":"https:\/\/www.inverseteams.com\/de\/produkt\/personalisiertes-leichtathletikshorts-veloce\/#primaryimage"},"image":{"@id":"https:\/\/www.inverseteams.com\/de\/produkt\/personalisiertes-leichtathletikshorts-veloce\/#primaryimage"},"thumbnailUrl":"https:\/\/www.inverseteams.com\/wp-content\/uploads\/PANTALON-CORTO-VELOCE-1.jpg","datePublished":"2021-05-10T09:18:54+00:00","dateModified":"2024-01-29T14:50:44+00:00","description":"Mit diesem leichten Sportshorts k\u00f6nnen Sie auch an hei\u00dfen Tagen lange Trainingseinheiten genie\u00dfen. Durch die seitlichen \u00d6ffnungen k\u00f6nnen Sie jede Bewegung ausf\u00fchren, ohne einen Widerstand zu sp\u00fcren. Das elastische Taillenband schmiegt sich sehr gut an den K\u00f6rper an und sorgt daf\u00fcr, dass das Kleidungsst\u00fcck fest sitzt, ohne zu st\u00f6ren. Im Inneren befindet sich ein schnell trocknendes Gitterfutter.","breadcrumb":{"@id":"https:\/\/www.inverseteams.com\/de\/produkt\/personalisiertes-leichtathletikshorts-veloce\/#breadcrumb"},"inLanguage":"de","potentialAction":[{"@type":"ReadAction","target":["https:\/\/www.inverseteams.com\/de\/produkt\/personalisiertes-leichtathletikshorts-veloce\/"]}]},{"@type":"ImageObject","inLanguage":"de","@id":"https:\/\/www.inverseteams.com\/de\/produkt\/personalisiertes-leichtathletikshorts-veloce\/#primaryimage","url":"https:\/\/www.inverseteams.com\/wp-content\/uploads\/PANTALON-CORTO-VELOCE-1.jpg","contentUrl":"https:\/\/www.inverseteams.com\/wp-content\/uploads\/PANTALON-CORTO-VELOCE-1.jpg","width":3222,"height":3462,"caption":"pantalon corto atletismo personalizado"},{"@type":"BreadcrumbList","@id":"https:\/\/www.inverseteams.com\/de\/produkt\/personalisiertes-leichtathletikshorts-veloce\/#breadcrumb","itemListElement":[{"@type":"ListItem","position":1,"name":"Portada","item":"https:\/\/www.inverseteams.com\/de\/"},{"@type":"ListItem","position":2,"name":"Speichern","item":"https:\/\/www.inverseteams.com\/de\/speichern\/"},{"@type":"ListItem","position":3,"name":"Personalisiertes Leichtathletikshorts VELOCE"}]},{"@type":"WebSite","@id":"https:\/\/www.inverseteams.com\/de\/#website","url":"https:\/\/www.inverseteams.com\/de\/","name":"Inverseteams","description":"Tu marca de ropa deportiva personalizada","publisher":{"@id":"https:\/\/www.inverseteams.com\/de\/#organization"},"potentialAction":[{"@type":"SearchAction","target":{"@type":"EntryPoint","urlTemplate":"https:\/\/www.inverseteams.com\/de\/?s={search_term_string}"},"query-input":{"@type":"PropertyValueSpecification","valueRequired":true,"valueName":"search_term_string"}}],"inLanguage":"de"},{"@type":"Organization","@id":"https:\/\/www.inverseteams.com\/de\/#organization","name":"Inverse Teams","url":"https:\/\/www.inverseteams.com\/de\/","logo":{"@type":"ImageObject","inLanguage":"de","@id":"https:\/\/www.inverseteams.com\/de\/#\/schema\/logo\/image\/","url":"https:\/\/www.inverseteams.com\/wp-content\/uploads\/2021\/03\/logo-inverse-teams.png","contentUrl":"https:\/\/www.inverseteams.com\/wp-content\/uploads\/2021\/03\/logo-inverse-teams.png","width":294,"height":99,"caption":"Inverse Teams"},"image":{"@id":"https:\/\/www.inverseteams.com\/de\/#\/schema\/logo\/image\/"},"sameAs":["https:\/\/www.facebook.com\/inverseteams","http:\/\/instagram.com\/inverseteams","https:\/\/www.linkedin.com\/company\/inverse-cirosport-s-l-?trk=job_view_topcard_company_name","http:\/\/www.pinterest.com\/inverseteams\/","http:\/\/www.youtube.com\/user\/inverseteams?feature=watch"]}]}},"_links":{"self":[{"href":"https:\/\/www.inverseteams.com\/de\/wp-json\/wp\/v2\/product\/174161","targetHints":{"allow":["GET"]}}],"collection":[{"href":"https:\/\/www.inverseteams.com\/de\/wp-json\/wp\/v2\/product"}],"about":[{"href":"https:\/\/www.inverseteams.com\/de\/wp-json\/wp\/v2\/types\/product"}],"replies":[{"embeddable":true,"href":"https:\/\/www.inverseteams.com\/de\/wp-json\/wp\/v2\/comments?post=174161"}],"wp:featuredmedia":[{"embeddable":true,"href":"https:\/\/www.inverseteams.com\/de\/wp-json\/wp\/v2\/media\/165120"}],"wp:attachment":[{"href":"https:\/\/www.inverseteams.com\/de\/wp-json\/wp\/v2\/media?parent=174161"}],"wp:term":[{"taxonomy":"product_brand","embeddable":true,"href":"https:\/\/www.inverseteams.com\/de\/wp-json\/wp\/v2\/product_brand?post=174161"},{"taxonomy":"product_cat","embeddable":true,"href":"https:\/\/www.inverseteams.com\/de\/wp-json\/wp\/v2\/product_cat?post=174161"},{"taxonomy":"product_tag","embeddable":true,"href":"https:\/\/www.inverseteams.com\/de\/wp-json\/wp\/v2\/product_tag?post=174161"},{"taxonomy":"custom_category","embeddable":true,"href":"https:\/\/www.inverseteams.com\/de\/wp-json\/wp\/v2\/custom_category?post=174161"},{"taxonomy":"range","embeddable":true,"href":"https:\/\/www.inverseteams.com\/de\/wp-json\/wp\/v2\/range?post=174161"}],"curies":[{"name":"wp","href":"https:\/\/api.w.org\/{rel}","templated":true}]}}