{"id":174160,"date":"2021-05-10T08:32:12","date_gmt":"2021-05-10T09:19:08","guid":{"rendered":"https:\/\/www.inverseteams.com\/product\/crosstraining-tights-hard\/"},"modified":"2024-01-31T10:15:20","modified_gmt":"2024-01-31T10:15:20","slug":"personalisiertes-lange-crosstraining-leggings-hard","status":"publish","type":"product","link":"https:\/\/www.inverseteams.com\/de\/produkt\/personalisiertes-lange-crosstraining-leggings-hard\/","title":{"rendered":"Personalisiertes Lange Crosstraining Leggings HARD"},"content":{"rendered":"<p>Con las nuevas mallas de compresi\u00f3n podr\u00e1s alcanzar tu m\u00e1ximo rendimiento. La elasticidad del tejido hace que se adapte perfectamente a tus piernas. Adem\u00e1s tienen un tacto muy agradable, por lo que te sentir\u00e1s c\u00f3modo incluso durante largas sesiones de entrenamiento.<br \/>\nLas costuras planas incorporadas son muy duraderas y evitan roces o irritaciones de la piel. La cinturilla el\u00e1stica se ci\u00f1e muy bien al cuerpo y sujeta la prenda en su sitio sin provocar ninguna molestia.<br \/>\nEn el extremo de las piernas hay una banda el\u00e1stica microperforada con un asa de silicona hipoalerg\u00e9nica en su interior. Esto evita que aumente la sudoraci\u00f3n y mantiene la prenda segura en la pierna. En el exterior cuenta con l\u00edneas reflectantes de 360\u00b0 que aumentan tu seguridad ya que reflejan la luz de los veh\u00edculos.<\/p>\n","protected":false},"excerpt":{"rendered":"<p>Con las nuevas mallas de compresi\u00f3n podr\u00e1s alcanzar tu m\u00e1ximo rendimiento. La elasticidad del tejido hace que se adapte perfectamente a tus piernas. Adem\u00e1s tienen un tacto muy agradable, por lo que te sentir\u00e1s c\u00f3modo incluso durante largas sesiones de entrenamiento.<br \/>\nLas costuras planas incorporadas son muy duraderas y evitan roces o irritaciones de la piel. La cinturilla el\u00e1stica se ci\u00f1e muy bien al cuerpo y sujeta la prenda en su sitio sin provocar ninguna molestia.<br \/>\nEn el extremo de las piernas hay una banda el\u00e1stica microperforada con un asa de silicona hipoalerg\u00e9nica en su interior. Esto evita que aumente la sudoraci\u00f3n y mantiene la prenda segura en la pierna. En el exterior cuenta con l\u00edneas reflectantes de 360\u00b0 que aumentan tu seguridad ya que reflejan la luz de los veh\u00edculos.<\/p>\n","protected":false},"featured_media":165048,"comment_status":"closed","ping_status":"closed","template":"","meta":{"_acf_changed":false},"product_brand":[],"product_cat":[11218],"product_tag":[],"custom_category":[11402,11240,11363],"range":[11364],"class_list":{"0":"post-174160","1":"product","2":"type-product","3":"status-publish","4":"has-post-thumbnail","6":"product_cat-uncategorized-de","7":"pa_climatologia-temperatura-templada-de","8":"pa_deporte-crosstraining-de","9":"pa_genero-hombre-de","10":"pa_genero-mujer-de","11":"pa_genero-infantil-de","12":"pa_patronaje-fit-de","13":"pa_tipo-de-prenda-malla-larga-de","14":"custom_category-personalisierte-crosstraining-shorts","15":"custom_category-sport","16":"custom_category-ropa-de-crosstraining-personalizada-de","17":"range-hard-de","19":"first","20":"instock","21":"product-type-custom"},"acf":[],"yoast_head":"<!-- This site is optimized with the Yoast SEO plugin v27.5 - https:\/\/yoast.com\/product\/yoast-seo-wordpress\/ -->\n<title>Personalisiertes Lange Crosstraining Leggings HARD<\/title>\n<meta name=\"description\" content=\"Con las nuevas mallas de compresi\u00f3n podr\u00e1s alcanzar tu m\u00e1ximo rendimiento. La elasticidad del tejido hace que se adapte perfectamente a tus piernas. Adem\u00e1s tienen un tacto muy agradable, por lo que te sentir\u00e1s c\u00f3modo incluso durante largas sesiones de entrenamiento. Las costuras planas incorporadas son muy duraderas y evitan roces o irritaciones de la piel. La cinturilla el\u00e1stica se ci\u00f1e muy bien al cuerpo y sujeta la prenda en su sitio sin provocar ninguna molestia. En el extremo de las piernas hay una banda el\u00e1stica microperforada con un asa de silicona hipoalerg\u00e9nica en su interior. Esto evita que aumente la sudoraci\u00f3n y mantiene la prenda segura en la pierna. En el exterior cuenta con l\u00edneas reflectantes de 360\u00b0 que aumentan tu seguridad ya que reflejan la luz de los veh\u00edculos.\" \/>\n<meta name=\"robots\" content=\"index, follow, max-snippet:-1, max-image-preview:large, max-video-preview:-1\" \/>\n<link rel=\"canonical\" href=\"https:\/\/www.inverseteams.com\/de\/produkt\/personalisiertes-lange-crosstraining-leggings-hard\/\" \/>\n<meta property=\"og:locale\" content=\"de_DE\" \/>\n<meta property=\"og:type\" content=\"article\" \/>\n<meta property=\"og:title\" content=\"Personalisiertes Lange Crosstraining Leggings HARD\" \/>\n<meta property=\"og:description\" content=\"Con las nuevas mallas de compresi\u00f3n podr\u00e1s alcanzar tu m\u00e1ximo rendimiento. La elasticidad del tejido hace que se adapte perfectamente a tus piernas. Adem\u00e1s tienen un tacto muy agradable, por lo que te sentir\u00e1s c\u00f3modo incluso durante largas sesiones de entrenamiento. Las costuras planas incorporadas son muy duraderas y evitan roces o irritaciones de la piel. La cinturilla el\u00e1stica se ci\u00f1e muy bien al cuerpo y sujeta la prenda en su sitio sin provocar ninguna molestia. En el extremo de las piernas hay una banda el\u00e1stica microperforada con un asa de silicona hipoalerg\u00e9nica en su interior. Esto evita que aumente la sudoraci\u00f3n y mantiene la prenda segura en la pierna. En el exterior cuenta con l\u00edneas reflectantes de 360\u00b0 que aumentan tu seguridad ya que reflejan la luz de los veh\u00edculos.\" \/>\n<meta property=\"og:url\" content=\"https:\/\/www.inverseteams.com\/de\/produkt\/personalisiertes-lange-crosstraining-leggings-hard\/\" \/>\n<meta property=\"og:site_name\" content=\"Inverseteams\" \/>\n<meta property=\"article:publisher\" content=\"https:\/\/www.facebook.com\/inverseteams\" \/>\n<meta property=\"article:modified_time\" content=\"2024-01-31T10:15:20+00:00\" \/>\n<meta property=\"og:image\" content=\"https:\/\/www.inverseteams.com\/wp-content\/uploads\/MALLA-LARGA-HARD-1.jpg\" \/>\n\t<meta property=\"og:image:width\" content=\"3222\" \/>\n\t<meta property=\"og:image:height\" content=\"3462\" \/>\n\t<meta property=\"og:image:type\" content=\"image\/jpeg\" \/>\n<meta name=\"twitter:card\" content=\"summary_large_image\" \/>\n<meta name=\"twitter:label1\" content=\"Gesch\u00e4tzte Lesezeit\" \/>\n\t<meta name=\"twitter:data1\" content=\"1\u00a0Minute\" \/>\n<script type=\"application\/ld+json\" class=\"yoast-schema-graph\">{\"@context\":\"https:\\\/\\\/schema.org\",\"@graph\":[{\"@type\":\"WebPage\",\"@id\":\"https:\\\/\\\/www.inverseteams.com\\\/de\\\/produkt\\\/personalisiertes-lange-crosstraining-leggings-hard\\\/\",\"url\":\"https:\\\/\\\/www.inverseteams.com\\\/de\\\/produkt\\\/personalisiertes-lange-crosstraining-leggings-hard\\\/\",\"name\":\"Personalisiertes Lange Crosstraining Leggings HARD\",\"isPartOf\":{\"@id\":\"https:\\\/\\\/www.inverseteams.com\\\/de\\\/#website\"},\"primaryImageOfPage\":{\"@id\":\"https:\\\/\\\/www.inverseteams.com\\\/de\\\/produkt\\\/personalisiertes-lange-crosstraining-leggings-hard\\\/#primaryimage\"},\"image\":{\"@id\":\"https:\\\/\\\/www.inverseteams.com\\\/de\\\/produkt\\\/personalisiertes-lange-crosstraining-leggings-hard\\\/#primaryimage\"},\"thumbnailUrl\":\"https:\\\/\\\/www.inverseteams.com\\\/wp-content\\\/uploads\\\/MALLA-LARGA-HARD-1.jpg\",\"datePublished\":\"2021-05-10T09:19:08+00:00\",\"dateModified\":\"2024-01-31T10:15:20+00:00\",\"description\":\"Con las nuevas mallas de compresi\u00f3n podr\u00e1s alcanzar tu m\u00e1ximo rendimiento. La elasticidad del tejido hace que se adapte perfectamente a tus piernas. Adem\u00e1s tienen un tacto muy agradable, por lo que te sentir\u00e1s c\u00f3modo incluso durante largas sesiones de entrenamiento. Las costuras planas incorporadas son muy duraderas y evitan roces o irritaciones de la piel. La cinturilla el\u00e1stica se ci\u00f1e muy bien al cuerpo y sujeta la prenda en su sitio sin provocar ninguna molestia. En el extremo de las piernas hay una banda el\u00e1stica microperforada con un asa de silicona hipoalerg\u00e9nica en su interior. Esto evita que aumente la sudoraci\u00f3n y mantiene la prenda segura en la pierna. En el exterior cuenta con l\u00edneas reflectantes de 360\u00b0 que aumentan tu seguridad ya que reflejan la luz de los veh\u00edculos.\",\"breadcrumb\":{\"@id\":\"https:\\\/\\\/www.inverseteams.com\\\/de\\\/produkt\\\/personalisiertes-lange-crosstraining-leggings-hard\\\/#breadcrumb\"},\"inLanguage\":\"de\",\"potentialAction\":[{\"@type\":\"ReadAction\",\"target\":[\"https:\\\/\\\/www.inverseteams.com\\\/de\\\/produkt\\\/personalisiertes-lange-crosstraining-leggings-hard\\\/\"]}]},{\"@type\":\"ImageObject\",\"inLanguage\":\"de\",\"@id\":\"https:\\\/\\\/www.inverseteams.com\\\/de\\\/produkt\\\/personalisiertes-lange-crosstraining-leggings-hard\\\/#primaryimage\",\"url\":\"https:\\\/\\\/www.inverseteams.com\\\/wp-content\\\/uploads\\\/MALLA-LARGA-HARD-1.jpg\",\"contentUrl\":\"https:\\\/\\\/www.inverseteams.com\\\/wp-content\\\/uploads\\\/MALLA-LARGA-HARD-1.jpg\",\"width\":3222,\"height\":3462,\"caption\":\"malla larga crosstraining personalizada\"},{\"@type\":\"BreadcrumbList\",\"@id\":\"https:\\\/\\\/www.inverseteams.com\\\/de\\\/produkt\\\/personalisiertes-lange-crosstraining-leggings-hard\\\/#breadcrumb\",\"itemListElement\":[{\"@type\":\"ListItem\",\"position\":1,\"name\":\"Portada\",\"item\":\"https:\\\/\\\/www.inverseteams.com\\\/de\\\/\"},{\"@type\":\"ListItem\",\"position\":2,\"name\":\"Speichern\",\"item\":\"https:\\\/\\\/www.inverseteams.com\\\/de\\\/speichern\\\/\"},{\"@type\":\"ListItem\",\"position\":3,\"name\":\"Personalisiertes Lange Crosstraining Leggings HARD\"}]},{\"@type\":\"WebSite\",\"@id\":\"https:\\\/\\\/www.inverseteams.com\\\/de\\\/#website\",\"url\":\"https:\\\/\\\/www.inverseteams.com\\\/de\\\/\",\"name\":\"Inverseteams\",\"description\":\"Tu marca de ropa deportiva personalizada\",\"publisher\":{\"@id\":\"https:\\\/\\\/www.inverseteams.com\\\/de\\\/#organization\"},\"potentialAction\":[{\"@type\":\"SearchAction\",\"target\":{\"@type\":\"EntryPoint\",\"urlTemplate\":\"https:\\\/\\\/www.inverseteams.com\\\/de\\\/?s={search_term_string}\"},\"query-input\":{\"@type\":\"PropertyValueSpecification\",\"valueRequired\":true,\"valueName\":\"search_term_string\"}}],\"inLanguage\":\"de\"},{\"@type\":\"Organization\",\"@id\":\"https:\\\/\\\/www.inverseteams.com\\\/de\\\/#organization\",\"name\":\"Inverse Teams\",\"url\":\"https:\\\/\\\/www.inverseteams.com\\\/de\\\/\",\"logo\":{\"@type\":\"ImageObject\",\"inLanguage\":\"de\",\"@id\":\"https:\\\/\\\/www.inverseteams.com\\\/de\\\/#\\\/schema\\\/logo\\\/image\\\/\",\"url\":\"https:\\\/\\\/www.inverseteams.com\\\/wp-content\\\/uploads\\\/2021\\\/03\\\/logo-inverse-teams.png\",\"contentUrl\":\"https:\\\/\\\/www.inverseteams.com\\\/wp-content\\\/uploads\\\/2021\\\/03\\\/logo-inverse-teams.png\",\"width\":294,\"height\":99,\"caption\":\"Inverse Teams\"},\"image\":{\"@id\":\"https:\\\/\\\/www.inverseteams.com\\\/de\\\/#\\\/schema\\\/logo\\\/image\\\/\"},\"sameAs\":[\"https:\\\/\\\/www.facebook.com\\\/inverseteams\",\"http:\\\/\\\/instagram.com\\\/inverseteams\",\"https:\\\/\\\/www.linkedin.com\\\/company\\\/inverse-cirosport-s-l-?trk=job_view_topcard_company_name\",\"http:\\\/\\\/www.pinterest.com\\\/inverseteams\\\/\",\"http:\\\/\\\/www.youtube.com\\\/user\\\/inverseteams?feature=watch\"]}]}<\/script>\n<!-- \/ Yoast SEO plugin. -->","yoast_head_json":{"title":"Personalisiertes Lange Crosstraining Leggings HARD","description":"Con las nuevas mallas de compresi\u00f3n podr\u00e1s alcanzar tu m\u00e1ximo rendimiento. La elasticidad del tejido hace que se adapte perfectamente a tus piernas. Adem\u00e1s tienen un tacto muy agradable, por lo que te sentir\u00e1s c\u00f3modo incluso durante largas sesiones de entrenamiento. Las costuras planas incorporadas son muy duraderas y evitan roces o irritaciones de la piel. La cinturilla el\u00e1stica se ci\u00f1e muy bien al cuerpo y sujeta la prenda en su sitio sin provocar ninguna molestia. En el extremo de las piernas hay una banda el\u00e1stica microperforada con un asa de silicona hipoalerg\u00e9nica en su interior. Esto evita que aumente la sudoraci\u00f3n y mantiene la prenda segura en la pierna. En el exterior cuenta con l\u00edneas reflectantes de 360\u00b0 que aumentan tu seguridad ya que reflejan la luz de los veh\u00edculos.","robots":{"index":"index","follow":"follow","max-snippet":"max-snippet:-1","max-image-preview":"max-image-preview:large","max-video-preview":"max-video-preview:-1"},"canonical":"https:\/\/www.inverseteams.com\/de\/produkt\/personalisiertes-lange-crosstraining-leggings-hard\/","og_locale":"de_DE","og_type":"article","og_title":"Personalisiertes Lange Crosstraining Leggings HARD","og_description":"Con las nuevas mallas de compresi\u00f3n podr\u00e1s alcanzar tu m\u00e1ximo rendimiento. La elasticidad del tejido hace que se adapte perfectamente a tus piernas. Adem\u00e1s tienen un tacto muy agradable, por lo que te sentir\u00e1s c\u00f3modo incluso durante largas sesiones de entrenamiento. Las costuras planas incorporadas son muy duraderas y evitan roces o irritaciones de la piel. La cinturilla el\u00e1stica se ci\u00f1e muy bien al cuerpo y sujeta la prenda en su sitio sin provocar ninguna molestia. En el extremo de las piernas hay una banda el\u00e1stica microperforada con un asa de silicona hipoalerg\u00e9nica en su interior. Esto evita que aumente la sudoraci\u00f3n y mantiene la prenda segura en la pierna. En el exterior cuenta con l\u00edneas reflectantes de 360\u00b0 que aumentan tu seguridad ya que reflejan la luz de los veh\u00edculos.","og_url":"https:\/\/www.inverseteams.com\/de\/produkt\/personalisiertes-lange-crosstraining-leggings-hard\/","og_site_name":"Inverseteams","article_publisher":"https:\/\/www.facebook.com\/inverseteams","article_modified_time":"2024-01-31T10:15:20+00:00","og_image":[{"width":3222,"height":3462,"url":"https:\/\/www.inverseteams.com\/wp-content\/uploads\/MALLA-LARGA-HARD-1.jpg","type":"image\/jpeg"}],"twitter_card":"summary_large_image","twitter_misc":{"Gesch\u00e4tzte Lesezeit":"1\u00a0Minute"},"schema":{"@context":"https:\/\/schema.org","@graph":[{"@type":"WebPage","@id":"https:\/\/www.inverseteams.com\/de\/produkt\/personalisiertes-lange-crosstraining-leggings-hard\/","url":"https:\/\/www.inverseteams.com\/de\/produkt\/personalisiertes-lange-crosstraining-leggings-hard\/","name":"Personalisiertes Lange Crosstraining Leggings HARD","isPartOf":{"@id":"https:\/\/www.inverseteams.com\/de\/#website"},"primaryImageOfPage":{"@id":"https:\/\/www.inverseteams.com\/de\/produkt\/personalisiertes-lange-crosstraining-leggings-hard\/#primaryimage"},"image":{"@id":"https:\/\/www.inverseteams.com\/de\/produkt\/personalisiertes-lange-crosstraining-leggings-hard\/#primaryimage"},"thumbnailUrl":"https:\/\/www.inverseteams.com\/wp-content\/uploads\/MALLA-LARGA-HARD-1.jpg","datePublished":"2021-05-10T09:19:08+00:00","dateModified":"2024-01-31T10:15:20+00:00","description":"Con las nuevas mallas de compresi\u00f3n podr\u00e1s alcanzar tu m\u00e1ximo rendimiento. La elasticidad del tejido hace que se adapte perfectamente a tus piernas. Adem\u00e1s tienen un tacto muy agradable, por lo que te sentir\u00e1s c\u00f3modo incluso durante largas sesiones de entrenamiento. Las costuras planas incorporadas son muy duraderas y evitan roces o irritaciones de la piel. La cinturilla el\u00e1stica se ci\u00f1e muy bien al cuerpo y sujeta la prenda en su sitio sin provocar ninguna molestia. En el extremo de las piernas hay una banda el\u00e1stica microperforada con un asa de silicona hipoalerg\u00e9nica en su interior. Esto evita que aumente la sudoraci\u00f3n y mantiene la prenda segura en la pierna. En el exterior cuenta con l\u00edneas reflectantes de 360\u00b0 que aumentan tu seguridad ya que reflejan la luz de los veh\u00edculos.","breadcrumb":{"@id":"https:\/\/www.inverseteams.com\/de\/produkt\/personalisiertes-lange-crosstraining-leggings-hard\/#breadcrumb"},"inLanguage":"de","potentialAction":[{"@type":"ReadAction","target":["https:\/\/www.inverseteams.com\/de\/produkt\/personalisiertes-lange-crosstraining-leggings-hard\/"]}]},{"@type":"ImageObject","inLanguage":"de","@id":"https:\/\/www.inverseteams.com\/de\/produkt\/personalisiertes-lange-crosstraining-leggings-hard\/#primaryimage","url":"https:\/\/www.inverseteams.com\/wp-content\/uploads\/MALLA-LARGA-HARD-1.jpg","contentUrl":"https:\/\/www.inverseteams.com\/wp-content\/uploads\/MALLA-LARGA-HARD-1.jpg","width":3222,"height":3462,"caption":"malla larga crosstraining personalizada"},{"@type":"BreadcrumbList","@id":"https:\/\/www.inverseteams.com\/de\/produkt\/personalisiertes-lange-crosstraining-leggings-hard\/#breadcrumb","itemListElement":[{"@type":"ListItem","position":1,"name":"Portada","item":"https:\/\/www.inverseteams.com\/de\/"},{"@type":"ListItem","position":2,"name":"Speichern","item":"https:\/\/www.inverseteams.com\/de\/speichern\/"},{"@type":"ListItem","position":3,"name":"Personalisiertes Lange Crosstraining Leggings HARD"}]},{"@type":"WebSite","@id":"https:\/\/www.inverseteams.com\/de\/#website","url":"https:\/\/www.inverseteams.com\/de\/","name":"Inverseteams","description":"Tu marca de ropa deportiva personalizada","publisher":{"@id":"https:\/\/www.inverseteams.com\/de\/#organization"},"potentialAction":[{"@type":"SearchAction","target":{"@type":"EntryPoint","urlTemplate":"https:\/\/www.inverseteams.com\/de\/?s={search_term_string}"},"query-input":{"@type":"PropertyValueSpecification","valueRequired":true,"valueName":"search_term_string"}}],"inLanguage":"de"},{"@type":"Organization","@id":"https:\/\/www.inverseteams.com\/de\/#organization","name":"Inverse Teams","url":"https:\/\/www.inverseteams.com\/de\/","logo":{"@type":"ImageObject","inLanguage":"de","@id":"https:\/\/www.inverseteams.com\/de\/#\/schema\/logo\/image\/","url":"https:\/\/www.inverseteams.com\/wp-content\/uploads\/2021\/03\/logo-inverse-teams.png","contentUrl":"https:\/\/www.inverseteams.com\/wp-content\/uploads\/2021\/03\/logo-inverse-teams.png","width":294,"height":99,"caption":"Inverse Teams"},"image":{"@id":"https:\/\/www.inverseteams.com\/de\/#\/schema\/logo\/image\/"},"sameAs":["https:\/\/www.facebook.com\/inverseteams","http:\/\/instagram.com\/inverseteams","https:\/\/www.linkedin.com\/company\/inverse-cirosport-s-l-?trk=job_view_topcard_company_name","http:\/\/www.pinterest.com\/inverseteams\/","http:\/\/www.youtube.com\/user\/inverseteams?feature=watch"]}]}},"_links":{"self":[{"href":"https:\/\/www.inverseteams.com\/de\/wp-json\/wp\/v2\/product\/174160","targetHints":{"allow":["GET"]}}],"collection":[{"href":"https:\/\/www.inverseteams.com\/de\/wp-json\/wp\/v2\/product"}],"about":[{"href":"https:\/\/www.inverseteams.com\/de\/wp-json\/wp\/v2\/types\/product"}],"replies":[{"embeddable":true,"href":"https:\/\/www.inverseteams.com\/de\/wp-json\/wp\/v2\/comments?post=174160"}],"wp:featuredmedia":[{"embeddable":true,"href":"https:\/\/www.inverseteams.com\/de\/wp-json\/wp\/v2\/media\/165048"}],"wp:attachment":[{"href":"https:\/\/www.inverseteams.com\/de\/wp-json\/wp\/v2\/media?parent=174160"}],"wp:term":[{"taxonomy":"product_brand","embeddable":true,"href":"https:\/\/www.inverseteams.com\/de\/wp-json\/wp\/v2\/product_brand?post=174160"},{"taxonomy":"product_cat","embeddable":true,"href":"https:\/\/www.inverseteams.com\/de\/wp-json\/wp\/v2\/product_cat?post=174160"},{"taxonomy":"product_tag","embeddable":true,"href":"https:\/\/www.inverseteams.com\/de\/wp-json\/wp\/v2\/product_tag?post=174160"},{"taxonomy":"custom_category","embeddable":true,"href":"https:\/\/www.inverseteams.com\/de\/wp-json\/wp\/v2\/custom_category?post=174160"},{"taxonomy":"range","embeddable":true,"href":"https:\/\/www.inverseteams.com\/de\/wp-json\/wp\/v2\/range?post=174160"}],"curies":[{"name":"wp","href":"https:\/\/api.w.org\/{rel}","templated":true}]}}