{"id":174151,"date":"2022-07-21T07:46:36","date_gmt":"2022-07-21T07:51:08","guid":{"rendered":"https:\/\/www.inverseteams.com\/product\/skiing-vest-nordique\/"},"modified":"2024-02-05T13:22:14","modified_gmt":"2024-02-05T13:22:14","slug":"personalisiertes-ski-weste-nordique","status":"publish","type":"product","link":"https:\/\/www.inverseteams.com\/de\/produkt\/personalisiertes-ski-weste-nordique\/","title":{"rendered":"Personalisiertes Ski Weste NORDIQUE"},"content":{"rendered":"<p>Weste f\u00fcr Langlauf und Wintersport. Es eignet sich perfekt zum Training oder zum Aufw\u00e4rmen vor dem Wettkampf. Sein Membrangewebe sch\u00fctzt vor Wind, K\u00e4lte und Feuchtigkeit, leitet Schwei\u00df nach au\u00dfen ab und reguliert die K\u00f6rpertemperatur. Es verf\u00fcgt \u00fcber 2 Rei\u00dfverschlusstaschen zur sicheren Aufbewahrung aller Gegenst\u00e4nde. Um die Skiweste au\u00dferdem gut an den K\u00f6rper anzupassen, verf\u00fcgt sie \u00fcber Spanner an der Taille. Es besteht die M\u00f6glichkeit, eine Brusttasche mit Rei\u00dfverschluss hinzuzuf\u00fcgen.<\/p>\n","protected":false},"excerpt":{"rendered":"<p>Weste f\u00fcr Langlauf und Wintersport. Es eignet sich perfekt zum Training oder zum Aufw\u00e4rmen vor dem Wettkampf. Sein Membrangewebe sch\u00fctzt vor Wind, K\u00e4lte und Feuchtigkeit, leitet Schwei\u00df nach au\u00dfen ab und reguliert die K\u00f6rpertemperatur. Es verf\u00fcgt \u00fcber 2 Rei\u00dfverschlusstaschen zur sicheren Aufbewahrung aller Gegenst\u00e4nde. Um die Skiweste au\u00dferdem gut an den K\u00f6rper anzupassen, verf\u00fcgt sie \u00fcber Spanner an der Taille. Es besteht die M\u00f6glichkeit, eine Brusttasche mit Rei\u00dfverschluss hinzuzuf\u00fcgen.<\/p>\n","protected":false},"featured_media":157516,"comment_status":"closed","ping_status":"closed","template":"","meta":{"_acf_changed":false},"product_brand":[],"product_cat":[11218],"product_tag":[],"custom_category":[11240,11422,11270],"range":[11274],"class_list":{"0":"post-174151","1":"product","2":"type-product","3":"status-publish","4":"has-post-thumbnail","6":"product_cat-uncategorized-de","7":"pa_climatologia-frio-de","8":"pa_deporte-esqui-de","9":"pa_genero-infantil-de","10":"pa_genero-hombre-de","11":"pa_genero-mujer-de","12":"pa_patronaje-regular-de","13":"pa_tipo-de-prenda-chaleco-de","14":"custom_category-sport","15":"custom_category-personalisierte-skiweste","16":"custom_category-personalisierte-skibekleidung","17":"range-nordique-de","19":"first","20":"instock","21":"product-type-custom"},"acf":[],"yoast_head":"<!-- This site is optimized with the Yoast SEO plugin v27.3 - https:\/\/yoast.com\/product\/yoast-seo-wordpress\/ -->\n<title>Personalisiertes Ski Weste NORDIQUE<\/title>\n<meta name=\"description\" content=\"Weste f\u00fcr Langlauf und Wintersport. Es eignet sich perfekt zum Training oder zum Aufw\u00e4rmen vor dem Wettkampf. Sein Membrangewebe sch\u00fctzt vor Wind, K\u00e4lte und Feuchtigkeit, leitet Schwei\u00df nach au\u00dfen ab und reguliert die K\u00f6rpertemperatur. Es verf\u00fcgt \u00fcber 2 Rei\u00dfverschlusstaschen zur sicheren Aufbewahrung aller Gegenst\u00e4nde. Um die Skiweste au\u00dferdem gut an den K\u00f6rper anzupassen, verf\u00fcgt sie \u00fcber Spanner an der Taille. Es besteht die M\u00f6glichkeit, eine Brusttasche mit Rei\u00dfverschluss hinzuzuf\u00fcgen.\" \/>\n<meta name=\"robots\" content=\"index, follow, max-snippet:-1, max-image-preview:large, max-video-preview:-1\" \/>\n<link rel=\"canonical\" href=\"https:\/\/www.inverseteams.com\/de\/produkt\/personalisiertes-ski-weste-nordique\/\" \/>\n<meta property=\"og:locale\" content=\"de_DE\" \/>\n<meta property=\"og:type\" content=\"article\" \/>\n<meta property=\"og:title\" content=\"Personalisiertes Ski Weste NORDIQUE\" \/>\n<meta property=\"og:description\" content=\"Weste f\u00fcr Langlauf und Wintersport. Es eignet sich perfekt zum Training oder zum Aufw\u00e4rmen vor dem Wettkampf. Sein Membrangewebe sch\u00fctzt vor Wind, K\u00e4lte und Feuchtigkeit, leitet Schwei\u00df nach au\u00dfen ab und reguliert die K\u00f6rpertemperatur. Es verf\u00fcgt \u00fcber 2 Rei\u00dfverschlusstaschen zur sicheren Aufbewahrung aller Gegenst\u00e4nde. Um die Skiweste au\u00dferdem gut an den K\u00f6rper anzupassen, verf\u00fcgt sie \u00fcber Spanner an der Taille. Es besteht die M\u00f6glichkeit, eine Brusttasche mit Rei\u00dfverschluss hinzuzuf\u00fcgen.\" \/>\n<meta property=\"og:url\" content=\"https:\/\/www.inverseteams.com\/de\/produkt\/personalisiertes-ski-weste-nordique\/\" \/>\n<meta property=\"og:site_name\" content=\"Inverseteams\" \/>\n<meta property=\"article:publisher\" content=\"https:\/\/www.facebook.com\/inverseteams\" \/>\n<meta property=\"article:modified_time\" content=\"2024-02-05T13:22:14+00:00\" \/>\n<meta property=\"og:image\" content=\"https:\/\/www.inverseteams.com\/wp-content\/uploads\/CHALECO-ESQUI-NORDIQUE-1.jpg\" \/>\n\t<meta property=\"og:image:width\" content=\"3222\" \/>\n\t<meta property=\"og:image:height\" content=\"3462\" \/>\n\t<meta property=\"og:image:type\" content=\"image\/jpeg\" \/>\n<meta name=\"twitter:card\" content=\"summary_large_image\" \/>\n<meta name=\"twitter:label1\" content=\"Gesch\u00e4tzte Lesezeit\" \/>\n\t<meta name=\"twitter:data1\" content=\"1\u00a0Minute\" \/>\n<script type=\"application\/ld+json\" class=\"yoast-schema-graph\">{\"@context\":\"https:\\\/\\\/schema.org\",\"@graph\":[{\"@type\":\"WebPage\",\"@id\":\"https:\\\/\\\/www.inverseteams.com\\\/de\\\/produkt\\\/personalisiertes-ski-weste-nordique\\\/\",\"url\":\"https:\\\/\\\/www.inverseteams.com\\\/de\\\/produkt\\\/personalisiertes-ski-weste-nordique\\\/\",\"name\":\"Personalisiertes Ski Weste NORDIQUE\",\"isPartOf\":{\"@id\":\"https:\\\/\\\/www.inverseteams.com\\\/de\\\/#website\"},\"primaryImageOfPage\":{\"@id\":\"https:\\\/\\\/www.inverseteams.com\\\/de\\\/produkt\\\/personalisiertes-ski-weste-nordique\\\/#primaryimage\"},\"image\":{\"@id\":\"https:\\\/\\\/www.inverseteams.com\\\/de\\\/produkt\\\/personalisiertes-ski-weste-nordique\\\/#primaryimage\"},\"thumbnailUrl\":\"https:\\\/\\\/www.inverseteams.com\\\/wp-content\\\/uploads\\\/CHALECO-ESQUI-NORDIQUE-1.jpg\",\"datePublished\":\"2022-07-21T07:51:08+00:00\",\"dateModified\":\"2024-02-05T13:22:14+00:00\",\"description\":\"Weste f\u00fcr Langlauf und Wintersport. Es eignet sich perfekt zum Training oder zum Aufw\u00e4rmen vor dem Wettkampf. Sein Membrangewebe sch\u00fctzt vor Wind, K\u00e4lte und Feuchtigkeit, leitet Schwei\u00df nach au\u00dfen ab und reguliert die K\u00f6rpertemperatur. Es verf\u00fcgt \u00fcber 2 Rei\u00dfverschlusstaschen zur sicheren Aufbewahrung aller Gegenst\u00e4nde. Um die Skiweste au\u00dferdem gut an den K\u00f6rper anzupassen, verf\u00fcgt sie \u00fcber Spanner an der Taille. Es besteht die M\u00f6glichkeit, eine Brusttasche mit Rei\u00dfverschluss hinzuzuf\u00fcgen.\",\"breadcrumb\":{\"@id\":\"https:\\\/\\\/www.inverseteams.com\\\/de\\\/produkt\\\/personalisiertes-ski-weste-nordique\\\/#breadcrumb\"},\"inLanguage\":\"de\",\"potentialAction\":[{\"@type\":\"ReadAction\",\"target\":[\"https:\\\/\\\/www.inverseteams.com\\\/de\\\/produkt\\\/personalisiertes-ski-weste-nordique\\\/\"]}]},{\"@type\":\"ImageObject\",\"inLanguage\":\"de\",\"@id\":\"https:\\\/\\\/www.inverseteams.com\\\/de\\\/produkt\\\/personalisiertes-ski-weste-nordique\\\/#primaryimage\",\"url\":\"https:\\\/\\\/www.inverseteams.com\\\/wp-content\\\/uploads\\\/CHALECO-ESQUI-NORDIQUE-1.jpg\",\"contentUrl\":\"https:\\\/\\\/www.inverseteams.com\\\/wp-content\\\/uploads\\\/CHALECO-ESQUI-NORDIQUE-1.jpg\",\"width\":3222,\"height\":3462,\"caption\":\"Chaleco esqu\u00ed de fondo\"},{\"@type\":\"BreadcrumbList\",\"@id\":\"https:\\\/\\\/www.inverseteams.com\\\/de\\\/produkt\\\/personalisiertes-ski-weste-nordique\\\/#breadcrumb\",\"itemListElement\":[{\"@type\":\"ListItem\",\"position\":1,\"name\":\"Portada\",\"item\":\"https:\\\/\\\/www.inverseteams.com\\\/de\\\/\"},{\"@type\":\"ListItem\",\"position\":2,\"name\":\"Speichern\",\"item\":\"https:\\\/\\\/www.inverseteams.com\\\/de\\\/speichern\\\/\"},{\"@type\":\"ListItem\",\"position\":3,\"name\":\"Personalisiertes Ski Weste NORDIQUE\"}]},{\"@type\":\"WebSite\",\"@id\":\"https:\\\/\\\/www.inverseteams.com\\\/de\\\/#website\",\"url\":\"https:\\\/\\\/www.inverseteams.com\\\/de\\\/\",\"name\":\"Inverseteams\",\"description\":\"Tu marca de ropa deportiva personalizada\",\"publisher\":{\"@id\":\"https:\\\/\\\/www.inverseteams.com\\\/de\\\/#organization\"},\"potentialAction\":[{\"@type\":\"SearchAction\",\"target\":{\"@type\":\"EntryPoint\",\"urlTemplate\":\"https:\\\/\\\/www.inverseteams.com\\\/de\\\/?s={search_term_string}\"},\"query-input\":{\"@type\":\"PropertyValueSpecification\",\"valueRequired\":true,\"valueName\":\"search_term_string\"}}],\"inLanguage\":\"de\"},{\"@type\":\"Organization\",\"@id\":\"https:\\\/\\\/www.inverseteams.com\\\/de\\\/#organization\",\"name\":\"Inverse Teams\",\"url\":\"https:\\\/\\\/www.inverseteams.com\\\/de\\\/\",\"logo\":{\"@type\":\"ImageObject\",\"inLanguage\":\"de\",\"@id\":\"https:\\\/\\\/www.inverseteams.com\\\/de\\\/#\\\/schema\\\/logo\\\/image\\\/\",\"url\":\"http:\\\/\\\/www.inverseteams.com\\\/wp-content\\\/uploads\\\/2021\\\/03\\\/logo-inverse-teams.png\",\"contentUrl\":\"http:\\\/\\\/www.inverseteams.com\\\/wp-content\\\/uploads\\\/2021\\\/03\\\/logo-inverse-teams.png\",\"width\":294,\"height\":99,\"caption\":\"Inverse Teams\"},\"image\":{\"@id\":\"https:\\\/\\\/www.inverseteams.com\\\/de\\\/#\\\/schema\\\/logo\\\/image\\\/\"},\"sameAs\":[\"https:\\\/\\\/www.facebook.com\\\/inverseteams\",\"http:\\\/\\\/instagram.com\\\/inverseteams\",\"https:\\\/\\\/www.linkedin.com\\\/company\\\/inverse-cirosport-s-l-?trk=job_view_topcard_company_name\",\"http:\\\/\\\/www.pinterest.com\\\/inverseteams\\\/\",\"http:\\\/\\\/www.youtube.com\\\/user\\\/inverseteams?feature=watch\"]}]}<\/script>\n<!-- \/ Yoast SEO plugin. -->","yoast_head_json":{"title":"Personalisiertes Ski Weste NORDIQUE","description":"Weste f\u00fcr Langlauf und Wintersport. Es eignet sich perfekt zum Training oder zum Aufw\u00e4rmen vor dem Wettkampf. Sein Membrangewebe sch\u00fctzt vor Wind, K\u00e4lte und Feuchtigkeit, leitet Schwei\u00df nach au\u00dfen ab und reguliert die K\u00f6rpertemperatur. Es verf\u00fcgt \u00fcber 2 Rei\u00dfverschlusstaschen zur sicheren Aufbewahrung aller Gegenst\u00e4nde. Um die Skiweste au\u00dferdem gut an den K\u00f6rper anzupassen, verf\u00fcgt sie \u00fcber Spanner an der Taille. Es besteht die M\u00f6glichkeit, eine Brusttasche mit Rei\u00dfverschluss hinzuzuf\u00fcgen.","robots":{"index":"index","follow":"follow","max-snippet":"max-snippet:-1","max-image-preview":"max-image-preview:large","max-video-preview":"max-video-preview:-1"},"canonical":"https:\/\/www.inverseteams.com\/de\/produkt\/personalisiertes-ski-weste-nordique\/","og_locale":"de_DE","og_type":"article","og_title":"Personalisiertes Ski Weste NORDIQUE","og_description":"Weste f\u00fcr Langlauf und Wintersport. Es eignet sich perfekt zum Training oder zum Aufw\u00e4rmen vor dem Wettkampf. Sein Membrangewebe sch\u00fctzt vor Wind, K\u00e4lte und Feuchtigkeit, leitet Schwei\u00df nach au\u00dfen ab und reguliert die K\u00f6rpertemperatur. Es verf\u00fcgt \u00fcber 2 Rei\u00dfverschlusstaschen zur sicheren Aufbewahrung aller Gegenst\u00e4nde. Um die Skiweste au\u00dferdem gut an den K\u00f6rper anzupassen, verf\u00fcgt sie \u00fcber Spanner an der Taille. Es besteht die M\u00f6glichkeit, eine Brusttasche mit Rei\u00dfverschluss hinzuzuf\u00fcgen.","og_url":"https:\/\/www.inverseteams.com\/de\/produkt\/personalisiertes-ski-weste-nordique\/","og_site_name":"Inverseteams","article_publisher":"https:\/\/www.facebook.com\/inverseteams","article_modified_time":"2024-02-05T13:22:14+00:00","og_image":[{"width":3222,"height":3462,"url":"https:\/\/www.inverseteams.com\/wp-content\/uploads\/CHALECO-ESQUI-NORDIQUE-1.jpg","type":"image\/jpeg"}],"twitter_card":"summary_large_image","twitter_misc":{"Gesch\u00e4tzte Lesezeit":"1\u00a0Minute"},"schema":{"@context":"https:\/\/schema.org","@graph":[{"@type":"WebPage","@id":"https:\/\/www.inverseteams.com\/de\/produkt\/personalisiertes-ski-weste-nordique\/","url":"https:\/\/www.inverseteams.com\/de\/produkt\/personalisiertes-ski-weste-nordique\/","name":"Personalisiertes Ski Weste NORDIQUE","isPartOf":{"@id":"https:\/\/www.inverseteams.com\/de\/#website"},"primaryImageOfPage":{"@id":"https:\/\/www.inverseteams.com\/de\/produkt\/personalisiertes-ski-weste-nordique\/#primaryimage"},"image":{"@id":"https:\/\/www.inverseteams.com\/de\/produkt\/personalisiertes-ski-weste-nordique\/#primaryimage"},"thumbnailUrl":"https:\/\/www.inverseteams.com\/wp-content\/uploads\/CHALECO-ESQUI-NORDIQUE-1.jpg","datePublished":"2022-07-21T07:51:08+00:00","dateModified":"2024-02-05T13:22:14+00:00","description":"Weste f\u00fcr Langlauf und Wintersport. Es eignet sich perfekt zum Training oder zum Aufw\u00e4rmen vor dem Wettkampf. Sein Membrangewebe sch\u00fctzt vor Wind, K\u00e4lte und Feuchtigkeit, leitet Schwei\u00df nach au\u00dfen ab und reguliert die K\u00f6rpertemperatur. Es verf\u00fcgt \u00fcber 2 Rei\u00dfverschlusstaschen zur sicheren Aufbewahrung aller Gegenst\u00e4nde. Um die Skiweste au\u00dferdem gut an den K\u00f6rper anzupassen, verf\u00fcgt sie \u00fcber Spanner an der Taille. Es besteht die M\u00f6glichkeit, eine Brusttasche mit Rei\u00dfverschluss hinzuzuf\u00fcgen.","breadcrumb":{"@id":"https:\/\/www.inverseteams.com\/de\/produkt\/personalisiertes-ski-weste-nordique\/#breadcrumb"},"inLanguage":"de","potentialAction":[{"@type":"ReadAction","target":["https:\/\/www.inverseteams.com\/de\/produkt\/personalisiertes-ski-weste-nordique\/"]}]},{"@type":"ImageObject","inLanguage":"de","@id":"https:\/\/www.inverseteams.com\/de\/produkt\/personalisiertes-ski-weste-nordique\/#primaryimage","url":"https:\/\/www.inverseteams.com\/wp-content\/uploads\/CHALECO-ESQUI-NORDIQUE-1.jpg","contentUrl":"https:\/\/www.inverseteams.com\/wp-content\/uploads\/CHALECO-ESQUI-NORDIQUE-1.jpg","width":3222,"height":3462,"caption":"Chaleco esqu\u00ed de fondo"},{"@type":"BreadcrumbList","@id":"https:\/\/www.inverseteams.com\/de\/produkt\/personalisiertes-ski-weste-nordique\/#breadcrumb","itemListElement":[{"@type":"ListItem","position":1,"name":"Portada","item":"https:\/\/www.inverseteams.com\/de\/"},{"@type":"ListItem","position":2,"name":"Speichern","item":"https:\/\/www.inverseteams.com\/de\/speichern\/"},{"@type":"ListItem","position":3,"name":"Personalisiertes Ski Weste NORDIQUE"}]},{"@type":"WebSite","@id":"https:\/\/www.inverseteams.com\/de\/#website","url":"https:\/\/www.inverseteams.com\/de\/","name":"Inverseteams","description":"Tu marca de ropa deportiva personalizada","publisher":{"@id":"https:\/\/www.inverseteams.com\/de\/#organization"},"potentialAction":[{"@type":"SearchAction","target":{"@type":"EntryPoint","urlTemplate":"https:\/\/www.inverseteams.com\/de\/?s={search_term_string}"},"query-input":{"@type":"PropertyValueSpecification","valueRequired":true,"valueName":"search_term_string"}}],"inLanguage":"de"},{"@type":"Organization","@id":"https:\/\/www.inverseteams.com\/de\/#organization","name":"Inverse Teams","url":"https:\/\/www.inverseteams.com\/de\/","logo":{"@type":"ImageObject","inLanguage":"de","@id":"https:\/\/www.inverseteams.com\/de\/#\/schema\/logo\/image\/","url":"https:\/\/www.inverseteams.com\/wp-content\/uploads\/2021\/03\/logo-inverse-teams.png","contentUrl":"https:\/\/www.inverseteams.com\/wp-content\/uploads\/2021\/03\/logo-inverse-teams.png","width":294,"height":99,"caption":"Inverse Teams"},"image":{"@id":"https:\/\/www.inverseteams.com\/de\/#\/schema\/logo\/image\/"},"sameAs":["https:\/\/www.facebook.com\/inverseteams","http:\/\/instagram.com\/inverseteams","https:\/\/www.linkedin.com\/company\/inverse-cirosport-s-l-?trk=job_view_topcard_company_name","http:\/\/www.pinterest.com\/inverseteams\/","http:\/\/www.youtube.com\/user\/inverseteams?feature=watch"]}]}},"_links":{"self":[{"href":"https:\/\/www.inverseteams.com\/de\/wp-json\/wp\/v2\/product\/174151","targetHints":{"allow":["GET"]}}],"collection":[{"href":"https:\/\/www.inverseteams.com\/de\/wp-json\/wp\/v2\/product"}],"about":[{"href":"https:\/\/www.inverseteams.com\/de\/wp-json\/wp\/v2\/types\/product"}],"replies":[{"embeddable":true,"href":"https:\/\/www.inverseteams.com\/de\/wp-json\/wp\/v2\/comments?post=174151"}],"wp:featuredmedia":[{"embeddable":true,"href":"https:\/\/www.inverseteams.com\/de\/wp-json\/wp\/v2\/media\/157516"}],"wp:attachment":[{"href":"https:\/\/www.inverseteams.com\/de\/wp-json\/wp\/v2\/media?parent=174151"}],"wp:term":[{"taxonomy":"product_brand","embeddable":true,"href":"https:\/\/www.inverseteams.com\/de\/wp-json\/wp\/v2\/product_brand?post=174151"},{"taxonomy":"product_cat","embeddable":true,"href":"https:\/\/www.inverseteams.com\/de\/wp-json\/wp\/v2\/product_cat?post=174151"},{"taxonomy":"product_tag","embeddable":true,"href":"https:\/\/www.inverseteams.com\/de\/wp-json\/wp\/v2\/product_tag?post=174151"},{"taxonomy":"custom_category","embeddable":true,"href":"https:\/\/www.inverseteams.com\/de\/wp-json\/wp\/v2\/custom_category?post=174151"},{"taxonomy":"range","embeddable":true,"href":"https:\/\/www.inverseteams.com\/de\/wp-json\/wp\/v2\/range?post=174151"}],"curies":[{"name":"wp","href":"https:\/\/api.w.org\/{rel}","templated":true}]}}