{"id":174143,"date":"2021-05-10T08:30:11","date_gmt":"2021-05-10T09:17:13","guid":{"rendered":"https:\/\/www.inverseteams.com\/product\/cycling-jacket-kairos\/"},"modified":"2024-12-11T16:50:39","modified_gmt":"2024-12-11T16:50:39","slug":"personalisiertes-wasserdichte-radjacke-kairos","status":"publish","type":"product","link":"https:\/\/www.inverseteams.com\/de\/produkt\/personalisiertes-wasserdichte-radjacke-kairos\/","title":{"rendered":"Personalisiertes Wasserdichte Radjacke KAIROS"},"content":{"rendered":"<p>Die Jacke ist beim Radfahren bei K\u00e4lte und widrigen Wetterbedingungen sehr wichtig. Dieses Modell besteht aus 3 verschiedenen Stoffen.<br \/>\nDas AEROTECH-Gewebe besteht aus 3 Membranen. Die \u00e4u\u00dfere Schicht fungiert als Barriere, um das Eindringen von Wasser zu verhindern. Die innere Schicht hilft, Schwei\u00df abzuleiten und die K\u00f6rperw\u00e4rme aufrechtzuerhalten. Sie haben trockene Haut und vermeiden \u00dcberhitzung, um maximale Leistung zu erbringen. Die Struktur des R\u00fcckengewebes ist atmungsaktiv und hilft zudem, \u00fcbersch\u00fcssige W\u00e4rme abzuleiten.<br \/>\nDie Seiten aus SPIRIT-THERMAL sind elastisch und passen sich ohne Widerstand jeder Position auf dem Fahrrad an.<br \/>\nDer anatomische Hals passt sich sehr gut dem K\u00f6rper an, ohne Beschwerden zu verursachen und verhindert das Eindringen von Luft. Die Radjacke KAIROS vereint verschiedene Technologien, sodass sie immer in der idealen Position bleibt. Am Ende der \u00c4rmel befindet sich eine doppellagige, lasergeschnittene Manschette, die sich sehr gut an den Arm anpasst und das Eindringen von Luft verhindert. Diese sind mit superbest\u00e4ndigen Flachn\u00e4hten gen\u00e4ht. An der Taille befindet sich ein Besatz, der sich Ihrem K\u00f6rper anpasst. Dazu geh\u00f6ren 360\u00b0 reflektierende Linien, die Ihre Sicherheit erh\u00f6hen, da sie das Licht der Fahrzeuge reflektieren.<br \/>\nIm Lendenbereich sind 3 Taschen mit dem neuen ISP-Sicherheitssystem \u2013 Inverse Safe Pocket \u2013 integriert, in denen Sie jeden Gegenstand aufbewahren k\u00f6nnen, ohne bef\u00fcrchten zu m\u00fcssen, ihn zu verlieren. Genie\u00dfen Sie das Radfahren ohne Sorgen.<\/p>\n","protected":false},"excerpt":{"rendered":"<p>Die Jacke ist beim Radfahren bei K\u00e4lte und widrigen Wetterbedingungen sehr wichtig. Dieses Modell besteht aus 3 verschiedenen Stoffen.<br \/>\nDas AEROTECH-Gewebe besteht aus 3 Membranen. Die \u00e4u\u00dfere Schicht fungiert als Barriere, um das Eindringen von Wasser zu verhindern. Die innere Schicht hilft, Schwei\u00df abzuleiten und die K\u00f6rperw\u00e4rme aufrechtzuerhalten. Sie haben trockene Haut und vermeiden \u00dcberhitzung, um maximale Leistung zu erbringen. Die Struktur des R\u00fcckengewebes ist atmungsaktiv und hilft zudem, \u00fcbersch\u00fcssige W\u00e4rme abzuleiten.<br \/>\nDie Seiten aus SPIRIT-THERMAL sind elastisch und passen sich ohne Widerstand jeder Position auf dem Fahrrad an.<br \/>\nDer anatomische Hals passt sich sehr gut dem K\u00f6rper an, ohne Beschwerden zu verursachen und verhindert das Eindringen von Luft. Die Radjacke KAIROS vereint verschiedene Technologien, sodass sie immer in der idealen Position bleibt. Am Ende der \u00c4rmel befindet sich eine doppellagige, lasergeschnittene Manschette, die sich sehr gut an den Arm anpasst und das Eindringen von Luft verhindert. Diese sind mit superbest\u00e4ndigen Flachn\u00e4hten gen\u00e4ht. An der Taille befindet sich ein Besatz, der sich Ihrem K\u00f6rper anpasst. Dazu geh\u00f6ren 360\u00b0 reflektierende Linien, die Ihre Sicherheit erh\u00f6hen, da sie das Licht der Fahrzeuge reflektieren.<br \/>\nIm Lendenbereich sind 3 Taschen mit dem neuen ISP-Sicherheitssystem \u2013 Inverse Safe Pocket \u2013 integriert, in denen Sie jeden Gegenstand aufbewahren k\u00f6nnen, ohne bef\u00fcrchten zu m\u00fcssen, ihn zu verlieren. Genie\u00dfen Sie das Radfahren ohne Sorgen.<\/p>\n","protected":false},"featured_media":223683,"comment_status":"closed","ping_status":"closed","template":"","meta":{"_acf_changed":false},"product_brand":[],"product_cat":[11218],"product_tag":[],"custom_category":[11237,11240,11375],"range":[11256],"class_list":{"0":"post-174143","1":"product","2":"type-product","3":"status-publish","4":"has-post-thumbnail","6":"product_cat-uncategorized-de","7":"pa_climatologia-lluvia-de","8":"pa_climatologia-viento-de","9":"pa_climatologia-frio-de","10":"pa_deporte-ciclismo-de","11":"pa_genero-mujer-de","12":"pa_genero-infantil-de","13":"pa_genero-hombre-de","14":"pa_patronaje-fit-de","15":"pa_patronaje-regular-de","16":"pa_tipo-de-prenda-chaqueta-de","17":"custom_category-personalisierte-fahrradbekleidung","18":"custom_category-sport","19":"custom_category-personalisierte-radjacken","20":"range-kairos-de","22":"first","23":"instock","24":"product-type-custom"},"acf":[],"yoast_head":"<!-- This site is optimized with the Yoast SEO plugin v27.3 - https:\/\/yoast.com\/product\/yoast-seo-wordpress\/ -->\n<title>Personalisiertes Wasserdichte Radjacke KAIROS<\/title>\n<meta name=\"description\" content=\"Custom cycling jacket. Combination of 3 technical fabrics. Delivery in 4 weeks, design included! Request a quotation.\" \/>\n<meta name=\"robots\" content=\"index, follow, max-snippet:-1, max-image-preview:large, max-video-preview:-1\" \/>\n<link rel=\"canonical\" href=\"https:\/\/www.inverseteams.com\/de\/produkt\/personalisiertes-wasserdichte-radjacke-kairos\/\" \/>\n<meta property=\"og:locale\" content=\"de_DE\" \/>\n<meta property=\"og:type\" content=\"article\" \/>\n<meta property=\"og:title\" content=\"Personalisiertes Wasserdichte Radjacke KAIROS\" \/>\n<meta property=\"og:description\" content=\"Custom cycling jacket. Combination of 3 technical fabrics. Delivery in 4 weeks, design included! Request a quotation.\" \/>\n<meta property=\"og:url\" content=\"https:\/\/www.inverseteams.com\/de\/produkt\/personalisiertes-wasserdichte-radjacke-kairos\/\" \/>\n<meta property=\"og:site_name\" content=\"Inverseteams\" \/>\n<meta property=\"article:publisher\" content=\"https:\/\/www.facebook.com\/inverseteams\" \/>\n<meta property=\"article:modified_time\" content=\"2024-12-11T16:50:39+00:00\" \/>\n<meta property=\"og:image\" content=\"https:\/\/www.inverseteams.com\/wp-content\/uploads\/CHAQUETA-CICLISMO-PERSONALIZADA-KAIROS-1.jpg\" \/>\n\t<meta property=\"og:image:width\" content=\"1500\" \/>\n\t<meta property=\"og:image:height\" content=\"1612\" \/>\n\t<meta property=\"og:image:type\" content=\"image\/jpeg\" \/>\n<meta name=\"twitter:card\" content=\"summary_large_image\" \/>\n<meta name=\"twitter:label1\" content=\"Gesch\u00e4tzte Lesezeit\" \/>\n\t<meta name=\"twitter:data1\" content=\"2\u00a0Minute\" \/>\n<script type=\"application\/ld+json\" class=\"yoast-schema-graph\">{\"@context\":\"https:\\\/\\\/schema.org\",\"@graph\":[{\"@type\":\"WebPage\",\"@id\":\"https:\\\/\\\/www.inverseteams.com\\\/de\\\/produkt\\\/personalisiertes-wasserdichte-radjacke-kairos\\\/\",\"url\":\"https:\\\/\\\/www.inverseteams.com\\\/de\\\/produkt\\\/personalisiertes-wasserdichte-radjacke-kairos\\\/\",\"name\":\"Personalisiertes Wasserdichte Radjacke KAIROS\",\"isPartOf\":{\"@id\":\"https:\\\/\\\/www.inverseteams.com\\\/de\\\/#website\"},\"primaryImageOfPage\":{\"@id\":\"https:\\\/\\\/www.inverseteams.com\\\/de\\\/produkt\\\/personalisiertes-wasserdichte-radjacke-kairos\\\/#primaryimage\"},\"image\":{\"@id\":\"https:\\\/\\\/www.inverseteams.com\\\/de\\\/produkt\\\/personalisiertes-wasserdichte-radjacke-kairos\\\/#primaryimage\"},\"thumbnailUrl\":\"https:\\\/\\\/www.inverseteams.com\\\/wp-content\\\/uploads\\\/CHAQUETA-CICLISMO-PERSONALIZADA-KAIROS-1.jpg\",\"datePublished\":\"2021-05-10T09:17:13+00:00\",\"dateModified\":\"2024-12-11T16:50:39+00:00\",\"description\":\"Custom cycling jacket. Combination of 3 technical fabrics. Delivery in 4 weeks, design included! Request a quotation.\",\"breadcrumb\":{\"@id\":\"https:\\\/\\\/www.inverseteams.com\\\/de\\\/produkt\\\/personalisiertes-wasserdichte-radjacke-kairos\\\/#breadcrumb\"},\"inLanguage\":\"de\",\"potentialAction\":[{\"@type\":\"ReadAction\",\"target\":[\"https:\\\/\\\/www.inverseteams.com\\\/de\\\/produkt\\\/personalisiertes-wasserdichte-radjacke-kairos\\\/\"]}]},{\"@type\":\"ImageObject\",\"inLanguage\":\"de\",\"@id\":\"https:\\\/\\\/www.inverseteams.com\\\/de\\\/produkt\\\/personalisiertes-wasserdichte-radjacke-kairos\\\/#primaryimage\",\"url\":\"https:\\\/\\\/www.inverseteams.com\\\/wp-content\\\/uploads\\\/CHAQUETA-CICLISMO-PERSONALIZADA-KAIROS-1.jpg\",\"contentUrl\":\"https:\\\/\\\/www.inverseteams.com\\\/wp-content\\\/uploads\\\/CHAQUETA-CICLISMO-PERSONALIZADA-KAIROS-1.jpg\",\"width\":1500,\"height\":1612,\"caption\":\"chaqueta ciclista personalizada\"},{\"@type\":\"BreadcrumbList\",\"@id\":\"https:\\\/\\\/www.inverseteams.com\\\/de\\\/produkt\\\/personalisiertes-wasserdichte-radjacke-kairos\\\/#breadcrumb\",\"itemListElement\":[{\"@type\":\"ListItem\",\"position\":1,\"name\":\"Portada\",\"item\":\"https:\\\/\\\/www.inverseteams.com\\\/de\\\/\"},{\"@type\":\"ListItem\",\"position\":2,\"name\":\"Speichern\",\"item\":\"https:\\\/\\\/www.inverseteams.com\\\/de\\\/speichern\\\/\"},{\"@type\":\"ListItem\",\"position\":3,\"name\":\"Personalisiertes Wasserdichte Radjacke KAIROS\"}]},{\"@type\":\"WebSite\",\"@id\":\"https:\\\/\\\/www.inverseteams.com\\\/de\\\/#website\",\"url\":\"https:\\\/\\\/www.inverseteams.com\\\/de\\\/\",\"name\":\"Inverseteams\",\"description\":\"Tu marca de ropa deportiva personalizada\",\"publisher\":{\"@id\":\"https:\\\/\\\/www.inverseteams.com\\\/de\\\/#organization\"},\"potentialAction\":[{\"@type\":\"SearchAction\",\"target\":{\"@type\":\"EntryPoint\",\"urlTemplate\":\"https:\\\/\\\/www.inverseteams.com\\\/de\\\/?s={search_term_string}\"},\"query-input\":{\"@type\":\"PropertyValueSpecification\",\"valueRequired\":true,\"valueName\":\"search_term_string\"}}],\"inLanguage\":\"de\"},{\"@type\":\"Organization\",\"@id\":\"https:\\\/\\\/www.inverseteams.com\\\/de\\\/#organization\",\"name\":\"Inverse Teams\",\"url\":\"https:\\\/\\\/www.inverseteams.com\\\/de\\\/\",\"logo\":{\"@type\":\"ImageObject\",\"inLanguage\":\"de\",\"@id\":\"https:\\\/\\\/www.inverseteams.com\\\/de\\\/#\\\/schema\\\/logo\\\/image\\\/\",\"url\":\"https:\\\/\\\/www.inverseteams.com\\\/wp-content\\\/uploads\\\/2021\\\/03\\\/logo-inverse-teams.png\",\"contentUrl\":\"https:\\\/\\\/www.inverseteams.com\\\/wp-content\\\/uploads\\\/2021\\\/03\\\/logo-inverse-teams.png\",\"width\":294,\"height\":99,\"caption\":\"Inverse Teams\"},\"image\":{\"@id\":\"https:\\\/\\\/www.inverseteams.com\\\/de\\\/#\\\/schema\\\/logo\\\/image\\\/\"},\"sameAs\":[\"https:\\\/\\\/www.facebook.com\\\/inverseteams\",\"http:\\\/\\\/instagram.com\\\/inverseteams\",\"https:\\\/\\\/www.linkedin.com\\\/company\\\/inverse-cirosport-s-l-?trk=job_view_topcard_company_name\",\"http:\\\/\\\/www.pinterest.com\\\/inverseteams\\\/\",\"http:\\\/\\\/www.youtube.com\\\/user\\\/inverseteams?feature=watch\"]}]}<\/script>\n<!-- \/ Yoast SEO plugin. -->","yoast_head_json":{"title":"Personalisiertes Wasserdichte Radjacke KAIROS","description":"Custom cycling jacket. Combination of 3 technical fabrics. Delivery in 4 weeks, design included! Request a quotation.","robots":{"index":"index","follow":"follow","max-snippet":"max-snippet:-1","max-image-preview":"max-image-preview:large","max-video-preview":"max-video-preview:-1"},"canonical":"https:\/\/www.inverseteams.com\/de\/produkt\/personalisiertes-wasserdichte-radjacke-kairos\/","og_locale":"de_DE","og_type":"article","og_title":"Personalisiertes Wasserdichte Radjacke KAIROS","og_description":"Custom cycling jacket. Combination of 3 technical fabrics. Delivery in 4 weeks, design included! Request a quotation.","og_url":"https:\/\/www.inverseteams.com\/de\/produkt\/personalisiertes-wasserdichte-radjacke-kairos\/","og_site_name":"Inverseteams","article_publisher":"https:\/\/www.facebook.com\/inverseteams","article_modified_time":"2024-12-11T16:50:39+00:00","og_image":[{"width":1500,"height":1612,"url":"https:\/\/www.inverseteams.com\/wp-content\/uploads\/CHAQUETA-CICLISMO-PERSONALIZADA-KAIROS-1.jpg","type":"image\/jpeg"}],"twitter_card":"summary_large_image","twitter_misc":{"Gesch\u00e4tzte Lesezeit":"2\u00a0Minute"},"schema":{"@context":"https:\/\/schema.org","@graph":[{"@type":"WebPage","@id":"https:\/\/www.inverseteams.com\/de\/produkt\/personalisiertes-wasserdichte-radjacke-kairos\/","url":"https:\/\/www.inverseteams.com\/de\/produkt\/personalisiertes-wasserdichte-radjacke-kairos\/","name":"Personalisiertes Wasserdichte Radjacke KAIROS","isPartOf":{"@id":"https:\/\/www.inverseteams.com\/de\/#website"},"primaryImageOfPage":{"@id":"https:\/\/www.inverseteams.com\/de\/produkt\/personalisiertes-wasserdichte-radjacke-kairos\/#primaryimage"},"image":{"@id":"https:\/\/www.inverseteams.com\/de\/produkt\/personalisiertes-wasserdichte-radjacke-kairos\/#primaryimage"},"thumbnailUrl":"https:\/\/www.inverseteams.com\/wp-content\/uploads\/CHAQUETA-CICLISMO-PERSONALIZADA-KAIROS-1.jpg","datePublished":"2021-05-10T09:17:13+00:00","dateModified":"2024-12-11T16:50:39+00:00","description":"Custom cycling jacket. Combination of 3 technical fabrics. Delivery in 4 weeks, design included! Request a quotation.","breadcrumb":{"@id":"https:\/\/www.inverseteams.com\/de\/produkt\/personalisiertes-wasserdichte-radjacke-kairos\/#breadcrumb"},"inLanguage":"de","potentialAction":[{"@type":"ReadAction","target":["https:\/\/www.inverseteams.com\/de\/produkt\/personalisiertes-wasserdichte-radjacke-kairos\/"]}]},{"@type":"ImageObject","inLanguage":"de","@id":"https:\/\/www.inverseteams.com\/de\/produkt\/personalisiertes-wasserdichte-radjacke-kairos\/#primaryimage","url":"https:\/\/www.inverseteams.com\/wp-content\/uploads\/CHAQUETA-CICLISMO-PERSONALIZADA-KAIROS-1.jpg","contentUrl":"https:\/\/www.inverseteams.com\/wp-content\/uploads\/CHAQUETA-CICLISMO-PERSONALIZADA-KAIROS-1.jpg","width":1500,"height":1612,"caption":"chaqueta ciclista personalizada"},{"@type":"BreadcrumbList","@id":"https:\/\/www.inverseteams.com\/de\/produkt\/personalisiertes-wasserdichte-radjacke-kairos\/#breadcrumb","itemListElement":[{"@type":"ListItem","position":1,"name":"Portada","item":"https:\/\/www.inverseteams.com\/de\/"},{"@type":"ListItem","position":2,"name":"Speichern","item":"https:\/\/www.inverseteams.com\/de\/speichern\/"},{"@type":"ListItem","position":3,"name":"Personalisiertes Wasserdichte Radjacke KAIROS"}]},{"@type":"WebSite","@id":"https:\/\/www.inverseteams.com\/de\/#website","url":"https:\/\/www.inverseteams.com\/de\/","name":"Inverseteams","description":"Tu marca de ropa deportiva personalizada","publisher":{"@id":"https:\/\/www.inverseteams.com\/de\/#organization"},"potentialAction":[{"@type":"SearchAction","target":{"@type":"EntryPoint","urlTemplate":"https:\/\/www.inverseteams.com\/de\/?s={search_term_string}"},"query-input":{"@type":"PropertyValueSpecification","valueRequired":true,"valueName":"search_term_string"}}],"inLanguage":"de"},{"@type":"Organization","@id":"https:\/\/www.inverseteams.com\/de\/#organization","name":"Inverse Teams","url":"https:\/\/www.inverseteams.com\/de\/","logo":{"@type":"ImageObject","inLanguage":"de","@id":"https:\/\/www.inverseteams.com\/de\/#\/schema\/logo\/image\/","url":"https:\/\/www.inverseteams.com\/wp-content\/uploads\/2021\/03\/logo-inverse-teams.png","contentUrl":"https:\/\/www.inverseteams.com\/wp-content\/uploads\/2021\/03\/logo-inverse-teams.png","width":294,"height":99,"caption":"Inverse Teams"},"image":{"@id":"https:\/\/www.inverseteams.com\/de\/#\/schema\/logo\/image\/"},"sameAs":["https:\/\/www.facebook.com\/inverseteams","http:\/\/instagram.com\/inverseteams","https:\/\/www.linkedin.com\/company\/inverse-cirosport-s-l-?trk=job_view_topcard_company_name","http:\/\/www.pinterest.com\/inverseteams\/","http:\/\/www.youtube.com\/user\/inverseteams?feature=watch"]}]}},"_links":{"self":[{"href":"https:\/\/www.inverseteams.com\/de\/wp-json\/wp\/v2\/product\/174143","targetHints":{"allow":["GET"]}}],"collection":[{"href":"https:\/\/www.inverseteams.com\/de\/wp-json\/wp\/v2\/product"}],"about":[{"href":"https:\/\/www.inverseteams.com\/de\/wp-json\/wp\/v2\/types\/product"}],"replies":[{"embeddable":true,"href":"https:\/\/www.inverseteams.com\/de\/wp-json\/wp\/v2\/comments?post=174143"}],"wp:featuredmedia":[{"embeddable":true,"href":"https:\/\/www.inverseteams.com\/de\/wp-json\/wp\/v2\/media\/223683"}],"wp:attachment":[{"href":"https:\/\/www.inverseteams.com\/de\/wp-json\/wp\/v2\/media?parent=174143"}],"wp:term":[{"taxonomy":"product_brand","embeddable":true,"href":"https:\/\/www.inverseteams.com\/de\/wp-json\/wp\/v2\/product_brand?post=174143"},{"taxonomy":"product_cat","embeddable":true,"href":"https:\/\/www.inverseteams.com\/de\/wp-json\/wp\/v2\/product_cat?post=174143"},{"taxonomy":"product_tag","embeddable":true,"href":"https:\/\/www.inverseteams.com\/de\/wp-json\/wp\/v2\/product_tag?post=174143"},{"taxonomy":"custom_category","embeddable":true,"href":"https:\/\/www.inverseteams.com\/de\/wp-json\/wp\/v2\/custom_category?post=174143"},{"taxonomy":"range","embeddable":true,"href":"https:\/\/www.inverseteams.com\/de\/wp-json\/wp\/v2\/range?post=174143"}],"curies":[{"name":"wp","href":"https:\/\/api.w.org\/{rel}","templated":true}]}}