{"id":174136,"date":"2021-05-10T08:32:26","date_gmt":"2021-05-10T09:19:16","guid":{"rendered":"https:\/\/www.inverseteams.com\/product\/fitness-bra-work-out\/"},"modified":"2024-01-31T10:36:29","modified_gmt":"2024-01-31T10:36:29","slug":"personalisiertes-fitness-bh-work-out","status":"publish","type":"product","link":"https:\/\/www.inverseteams.com\/de\/produkt\/personalisiertes-fitness-bh-work-out\/","title":{"rendered":"Personalisiertes Fitness BH WORK OUT"},"content":{"rendered":"<p>Der Stoff, aus dem es besteht, hat eine gro\u00dfe F\u00e4higkeit, Feuchtigkeit aufzunehmen und abzuleiten, sodass die Haut trocken und frisch bleibt. Durch seine Elastizit\u00e4t passt es sich perfekt Ihrem K\u00f6rper an und passt sich allen Positionen an.<br \/>\nDie elastischen Tr\u00e4ger halten das Oberteil fest, sodass Sie bequem trainieren k\u00f6nnen. Seine flache Form vermeidet Kratzer. In der Taille befindet sich ein Gummiband, das daf\u00fcr sorgt, dass das Kleidungsst\u00fcck gut h\u00e4lt und nicht klebt.<\/p>\n","protected":false},"excerpt":{"rendered":"<p>Der Stoff, aus dem es besteht, hat eine gro\u00dfe F\u00e4higkeit, Feuchtigkeit aufzunehmen und abzuleiten, sodass die Haut trocken und frisch bleibt. Durch seine Elastizit\u00e4t passt es sich perfekt Ihrem K\u00f6rper an und passt sich allen Positionen an.<br \/>\nDie elastischen Tr\u00e4ger halten das Oberteil fest, sodass Sie bequem trainieren k\u00f6nnen. Seine flache Form vermeidet Kratzer. In der Taille befindet sich ein Gummiband, das daf\u00fcr sorgt, dass das Kleidungsst\u00fcck gut h\u00e4lt und nicht klebt.<\/p>\n","protected":false},"featured_media":165096,"comment_status":"closed","ping_status":"closed","template":"","meta":{"_acf_changed":false},"product_brand":[],"product_cat":[11218],"product_tag":[],"custom_category":[11416,11240,11308],"range":[11309],"class_list":{"0":"post-174136","1":"product","2":"type-product","3":"status-publish","4":"has-post-thumbnail","6":"product_cat-uncategorized-de","7":"pa_climatologia-calor-de","8":"pa_deporte-fitness-de","9":"pa_genero-mujer-de","10":"pa_patronaje-fit-de","11":"pa_tipo-de-prenda-top-de","12":"custom_category-personalisierte-fitness-top","13":"custom_category-sport","14":"custom_category-personalisierte-fitness-bekleidung","15":"range-work-out-de","17":"first","18":"instock","19":"product-type-custom"},"acf":[],"yoast_head":"<!-- This site is optimized with the Yoast SEO plugin v27.5 - https:\/\/yoast.com\/product\/yoast-seo-wordpress\/ -->\n<title>Personalisiertes Fitness BH WORK OUT<\/title>\n<meta name=\"description\" content=\"Der Stoff, aus dem es besteht, hat eine gro\u00dfe F\u00e4higkeit, Feuchtigkeit aufzunehmen und abzuleiten, sodass die Haut trocken und frisch bleibt. Durch seine Elastizit\u00e4t passt es sich perfekt Ihrem K\u00f6rper an und passt sich allen Positionen an. Die elastischen Tr\u00e4ger halten das Oberteil fest, sodass Sie bequem trainieren k\u00f6nnen. Seine flache Form vermeidet Kratzer. In der Taille befindet sich ein Gummiband, das daf\u00fcr sorgt, dass das Kleidungsst\u00fcck gut h\u00e4lt und nicht klebt.\" \/>\n<meta name=\"robots\" content=\"index, follow, max-snippet:-1, max-image-preview:large, max-video-preview:-1\" \/>\n<link rel=\"canonical\" href=\"https:\/\/www.inverseteams.com\/de\/produkt\/personalisiertes-fitness-bh-work-out\/\" \/>\n<meta property=\"og:locale\" content=\"de_DE\" \/>\n<meta property=\"og:type\" content=\"article\" \/>\n<meta property=\"og:title\" content=\"Personalisiertes Fitness BH WORK OUT\" \/>\n<meta property=\"og:description\" content=\"Der Stoff, aus dem es besteht, hat eine gro\u00dfe F\u00e4higkeit, Feuchtigkeit aufzunehmen und abzuleiten, sodass die Haut trocken und frisch bleibt. Durch seine Elastizit\u00e4t passt es sich perfekt Ihrem K\u00f6rper an und passt sich allen Positionen an. Die elastischen Tr\u00e4ger halten das Oberteil fest, sodass Sie bequem trainieren k\u00f6nnen. Seine flache Form vermeidet Kratzer. In der Taille befindet sich ein Gummiband, das daf\u00fcr sorgt, dass das Kleidungsst\u00fcck gut h\u00e4lt und nicht klebt.\" \/>\n<meta property=\"og:url\" content=\"https:\/\/www.inverseteams.com\/de\/produkt\/personalisiertes-fitness-bh-work-out\/\" \/>\n<meta property=\"og:site_name\" content=\"Inverseteams\" \/>\n<meta property=\"article:publisher\" content=\"https:\/\/www.facebook.com\/inverseteams\" \/>\n<meta property=\"article:modified_time\" content=\"2024-01-31T10:36:29+00:00\" \/>\n<meta property=\"og:image\" content=\"https:\/\/www.inverseteams.com\/wp-content\/uploads\/TOP-WORK-OUT-1.jpg\" \/>\n\t<meta property=\"og:image:width\" content=\"3222\" \/>\n\t<meta property=\"og:image:height\" content=\"3462\" \/>\n\t<meta property=\"og:image:type\" content=\"image\/jpeg\" \/>\n<meta name=\"twitter:card\" content=\"summary_large_image\" \/>\n<meta name=\"twitter:label1\" content=\"Gesch\u00e4tzte Lesezeit\" \/>\n\t<meta name=\"twitter:data1\" content=\"1\u00a0Minute\" \/>\n<script type=\"application\/ld+json\" class=\"yoast-schema-graph\">{\"@context\":\"https:\\\/\\\/schema.org\",\"@graph\":[{\"@type\":\"WebPage\",\"@id\":\"https:\\\/\\\/www.inverseteams.com\\\/de\\\/produkt\\\/personalisiertes-fitness-bh-work-out\\\/\",\"url\":\"https:\\\/\\\/www.inverseteams.com\\\/de\\\/produkt\\\/personalisiertes-fitness-bh-work-out\\\/\",\"name\":\"Personalisiertes Fitness BH WORK OUT\",\"isPartOf\":{\"@id\":\"https:\\\/\\\/www.inverseteams.com\\\/de\\\/#website\"},\"primaryImageOfPage\":{\"@id\":\"https:\\\/\\\/www.inverseteams.com\\\/de\\\/produkt\\\/personalisiertes-fitness-bh-work-out\\\/#primaryimage\"},\"image\":{\"@id\":\"https:\\\/\\\/www.inverseteams.com\\\/de\\\/produkt\\\/personalisiertes-fitness-bh-work-out\\\/#primaryimage\"},\"thumbnailUrl\":\"https:\\\/\\\/www.inverseteams.com\\\/wp-content\\\/uploads\\\/TOP-WORK-OUT-1.jpg\",\"datePublished\":\"2021-05-10T09:19:16+00:00\",\"dateModified\":\"2024-01-31T10:36:29+00:00\",\"description\":\"Der Stoff, aus dem es besteht, hat eine gro\u00dfe F\u00e4higkeit, Feuchtigkeit aufzunehmen und abzuleiten, sodass die Haut trocken und frisch bleibt. Durch seine Elastizit\u00e4t passt es sich perfekt Ihrem K\u00f6rper an und passt sich allen Positionen an. Die elastischen Tr\u00e4ger halten das Oberteil fest, sodass Sie bequem trainieren k\u00f6nnen. Seine flache Form vermeidet Kratzer. In der Taille befindet sich ein Gummiband, das daf\u00fcr sorgt, dass das Kleidungsst\u00fcck gut h\u00e4lt und nicht klebt.\",\"breadcrumb\":{\"@id\":\"https:\\\/\\\/www.inverseteams.com\\\/de\\\/produkt\\\/personalisiertes-fitness-bh-work-out\\\/#breadcrumb\"},\"inLanguage\":\"de\",\"potentialAction\":[{\"@type\":\"ReadAction\",\"target\":[\"https:\\\/\\\/www.inverseteams.com\\\/de\\\/produkt\\\/personalisiertes-fitness-bh-work-out\\\/\"]}]},{\"@type\":\"ImageObject\",\"inLanguage\":\"de\",\"@id\":\"https:\\\/\\\/www.inverseteams.com\\\/de\\\/produkt\\\/personalisiertes-fitness-bh-work-out\\\/#primaryimage\",\"url\":\"https:\\\/\\\/www.inverseteams.com\\\/wp-content\\\/uploads\\\/TOP-WORK-OUT-1.jpg\",\"contentUrl\":\"https:\\\/\\\/www.inverseteams.com\\\/wp-content\\\/uploads\\\/TOP-WORK-OUT-1.jpg\",\"width\":3222,\"height\":3462,\"caption\":\"top fitness personalizado\"},{\"@type\":\"BreadcrumbList\",\"@id\":\"https:\\\/\\\/www.inverseteams.com\\\/de\\\/produkt\\\/personalisiertes-fitness-bh-work-out\\\/#breadcrumb\",\"itemListElement\":[{\"@type\":\"ListItem\",\"position\":1,\"name\":\"Portada\",\"item\":\"https:\\\/\\\/www.inverseteams.com\\\/de\\\/\"},{\"@type\":\"ListItem\",\"position\":2,\"name\":\"Speichern\",\"item\":\"https:\\\/\\\/www.inverseteams.com\\\/de\\\/speichern\\\/\"},{\"@type\":\"ListItem\",\"position\":3,\"name\":\"Personalisiertes Fitness BH WORK OUT\"}]},{\"@type\":\"WebSite\",\"@id\":\"https:\\\/\\\/www.inverseteams.com\\\/de\\\/#website\",\"url\":\"https:\\\/\\\/www.inverseteams.com\\\/de\\\/\",\"name\":\"Inverseteams\",\"description\":\"Tu marca de ropa deportiva personalizada\",\"publisher\":{\"@id\":\"https:\\\/\\\/www.inverseteams.com\\\/de\\\/#organization\"},\"potentialAction\":[{\"@type\":\"SearchAction\",\"target\":{\"@type\":\"EntryPoint\",\"urlTemplate\":\"https:\\\/\\\/www.inverseteams.com\\\/de\\\/?s={search_term_string}\"},\"query-input\":{\"@type\":\"PropertyValueSpecification\",\"valueRequired\":true,\"valueName\":\"search_term_string\"}}],\"inLanguage\":\"de\"},{\"@type\":\"Organization\",\"@id\":\"https:\\\/\\\/www.inverseteams.com\\\/de\\\/#organization\",\"name\":\"Inverse Teams\",\"url\":\"https:\\\/\\\/www.inverseteams.com\\\/de\\\/\",\"logo\":{\"@type\":\"ImageObject\",\"inLanguage\":\"de\",\"@id\":\"https:\\\/\\\/www.inverseteams.com\\\/de\\\/#\\\/schema\\\/logo\\\/image\\\/\",\"url\":\"https:\\\/\\\/www.inverseteams.com\\\/wp-content\\\/uploads\\\/2021\\\/03\\\/logo-inverse-teams.png\",\"contentUrl\":\"https:\\\/\\\/www.inverseteams.com\\\/wp-content\\\/uploads\\\/2021\\\/03\\\/logo-inverse-teams.png\",\"width\":294,\"height\":99,\"caption\":\"Inverse Teams\"},\"image\":{\"@id\":\"https:\\\/\\\/www.inverseteams.com\\\/de\\\/#\\\/schema\\\/logo\\\/image\\\/\"},\"sameAs\":[\"https:\\\/\\\/www.facebook.com\\\/inverseteams\",\"http:\\\/\\\/instagram.com\\\/inverseteams\",\"https:\\\/\\\/www.linkedin.com\\\/company\\\/inverse-cirosport-s-l-?trk=job_view_topcard_company_name\",\"http:\\\/\\\/www.pinterest.com\\\/inverseteams\\\/\",\"http:\\\/\\\/www.youtube.com\\\/user\\\/inverseteams?feature=watch\"]}]}<\/script>\n<!-- \/ Yoast SEO plugin. -->","yoast_head_json":{"title":"Personalisiertes Fitness BH WORK OUT","description":"Der Stoff, aus dem es besteht, hat eine gro\u00dfe F\u00e4higkeit, Feuchtigkeit aufzunehmen und abzuleiten, sodass die Haut trocken und frisch bleibt. Durch seine Elastizit\u00e4t passt es sich perfekt Ihrem K\u00f6rper an und passt sich allen Positionen an. Die elastischen Tr\u00e4ger halten das Oberteil fest, sodass Sie bequem trainieren k\u00f6nnen. Seine flache Form vermeidet Kratzer. In der Taille befindet sich ein Gummiband, das daf\u00fcr sorgt, dass das Kleidungsst\u00fcck gut h\u00e4lt und nicht klebt.","robots":{"index":"index","follow":"follow","max-snippet":"max-snippet:-1","max-image-preview":"max-image-preview:large","max-video-preview":"max-video-preview:-1"},"canonical":"https:\/\/www.inverseteams.com\/de\/produkt\/personalisiertes-fitness-bh-work-out\/","og_locale":"de_DE","og_type":"article","og_title":"Personalisiertes Fitness BH WORK OUT","og_description":"Der Stoff, aus dem es besteht, hat eine gro\u00dfe F\u00e4higkeit, Feuchtigkeit aufzunehmen und abzuleiten, sodass die Haut trocken und frisch bleibt. Durch seine Elastizit\u00e4t passt es sich perfekt Ihrem K\u00f6rper an und passt sich allen Positionen an. Die elastischen Tr\u00e4ger halten das Oberteil fest, sodass Sie bequem trainieren k\u00f6nnen. Seine flache Form vermeidet Kratzer. In der Taille befindet sich ein Gummiband, das daf\u00fcr sorgt, dass das Kleidungsst\u00fcck gut h\u00e4lt und nicht klebt.","og_url":"https:\/\/www.inverseteams.com\/de\/produkt\/personalisiertes-fitness-bh-work-out\/","og_site_name":"Inverseteams","article_publisher":"https:\/\/www.facebook.com\/inverseteams","article_modified_time":"2024-01-31T10:36:29+00:00","og_image":[{"width":3222,"height":3462,"url":"https:\/\/www.inverseteams.com\/wp-content\/uploads\/TOP-WORK-OUT-1.jpg","type":"image\/jpeg"}],"twitter_card":"summary_large_image","twitter_misc":{"Gesch\u00e4tzte Lesezeit":"1\u00a0Minute"},"schema":{"@context":"https:\/\/schema.org","@graph":[{"@type":"WebPage","@id":"https:\/\/www.inverseteams.com\/de\/produkt\/personalisiertes-fitness-bh-work-out\/","url":"https:\/\/www.inverseteams.com\/de\/produkt\/personalisiertes-fitness-bh-work-out\/","name":"Personalisiertes Fitness BH WORK OUT","isPartOf":{"@id":"https:\/\/www.inverseteams.com\/de\/#website"},"primaryImageOfPage":{"@id":"https:\/\/www.inverseteams.com\/de\/produkt\/personalisiertes-fitness-bh-work-out\/#primaryimage"},"image":{"@id":"https:\/\/www.inverseteams.com\/de\/produkt\/personalisiertes-fitness-bh-work-out\/#primaryimage"},"thumbnailUrl":"https:\/\/www.inverseteams.com\/wp-content\/uploads\/TOP-WORK-OUT-1.jpg","datePublished":"2021-05-10T09:19:16+00:00","dateModified":"2024-01-31T10:36:29+00:00","description":"Der Stoff, aus dem es besteht, hat eine gro\u00dfe F\u00e4higkeit, Feuchtigkeit aufzunehmen und abzuleiten, sodass die Haut trocken und frisch bleibt. Durch seine Elastizit\u00e4t passt es sich perfekt Ihrem K\u00f6rper an und passt sich allen Positionen an. Die elastischen Tr\u00e4ger halten das Oberteil fest, sodass Sie bequem trainieren k\u00f6nnen. Seine flache Form vermeidet Kratzer. In der Taille befindet sich ein Gummiband, das daf\u00fcr sorgt, dass das Kleidungsst\u00fcck gut h\u00e4lt und nicht klebt.","breadcrumb":{"@id":"https:\/\/www.inverseteams.com\/de\/produkt\/personalisiertes-fitness-bh-work-out\/#breadcrumb"},"inLanguage":"de","potentialAction":[{"@type":"ReadAction","target":["https:\/\/www.inverseteams.com\/de\/produkt\/personalisiertes-fitness-bh-work-out\/"]}]},{"@type":"ImageObject","inLanguage":"de","@id":"https:\/\/www.inverseteams.com\/de\/produkt\/personalisiertes-fitness-bh-work-out\/#primaryimage","url":"https:\/\/www.inverseteams.com\/wp-content\/uploads\/TOP-WORK-OUT-1.jpg","contentUrl":"https:\/\/www.inverseteams.com\/wp-content\/uploads\/TOP-WORK-OUT-1.jpg","width":3222,"height":3462,"caption":"top fitness personalizado"},{"@type":"BreadcrumbList","@id":"https:\/\/www.inverseteams.com\/de\/produkt\/personalisiertes-fitness-bh-work-out\/#breadcrumb","itemListElement":[{"@type":"ListItem","position":1,"name":"Portada","item":"https:\/\/www.inverseteams.com\/de\/"},{"@type":"ListItem","position":2,"name":"Speichern","item":"https:\/\/www.inverseteams.com\/de\/speichern\/"},{"@type":"ListItem","position":3,"name":"Personalisiertes Fitness BH WORK OUT"}]},{"@type":"WebSite","@id":"https:\/\/www.inverseteams.com\/de\/#website","url":"https:\/\/www.inverseteams.com\/de\/","name":"Inverseteams","description":"Tu marca de ropa deportiva personalizada","publisher":{"@id":"https:\/\/www.inverseteams.com\/de\/#organization"},"potentialAction":[{"@type":"SearchAction","target":{"@type":"EntryPoint","urlTemplate":"https:\/\/www.inverseteams.com\/de\/?s={search_term_string}"},"query-input":{"@type":"PropertyValueSpecification","valueRequired":true,"valueName":"search_term_string"}}],"inLanguage":"de"},{"@type":"Organization","@id":"https:\/\/www.inverseteams.com\/de\/#organization","name":"Inverse Teams","url":"https:\/\/www.inverseteams.com\/de\/","logo":{"@type":"ImageObject","inLanguage":"de","@id":"https:\/\/www.inverseteams.com\/de\/#\/schema\/logo\/image\/","url":"https:\/\/www.inverseteams.com\/wp-content\/uploads\/2021\/03\/logo-inverse-teams.png","contentUrl":"https:\/\/www.inverseteams.com\/wp-content\/uploads\/2021\/03\/logo-inverse-teams.png","width":294,"height":99,"caption":"Inverse Teams"},"image":{"@id":"https:\/\/www.inverseteams.com\/de\/#\/schema\/logo\/image\/"},"sameAs":["https:\/\/www.facebook.com\/inverseteams","http:\/\/instagram.com\/inverseteams","https:\/\/www.linkedin.com\/company\/inverse-cirosport-s-l-?trk=job_view_topcard_company_name","http:\/\/www.pinterest.com\/inverseteams\/","http:\/\/www.youtube.com\/user\/inverseteams?feature=watch"]}]}},"_links":{"self":[{"href":"https:\/\/www.inverseteams.com\/de\/wp-json\/wp\/v2\/product\/174136","targetHints":{"allow":["GET"]}}],"collection":[{"href":"https:\/\/www.inverseteams.com\/de\/wp-json\/wp\/v2\/product"}],"about":[{"href":"https:\/\/www.inverseteams.com\/de\/wp-json\/wp\/v2\/types\/product"}],"replies":[{"embeddable":true,"href":"https:\/\/www.inverseteams.com\/de\/wp-json\/wp\/v2\/comments?post=174136"}],"wp:featuredmedia":[{"embeddable":true,"href":"https:\/\/www.inverseteams.com\/de\/wp-json\/wp\/v2\/media\/165096"}],"wp:attachment":[{"href":"https:\/\/www.inverseteams.com\/de\/wp-json\/wp\/v2\/media?parent=174136"}],"wp:term":[{"taxonomy":"product_brand","embeddable":true,"href":"https:\/\/www.inverseteams.com\/de\/wp-json\/wp\/v2\/product_brand?post=174136"},{"taxonomy":"product_cat","embeddable":true,"href":"https:\/\/www.inverseteams.com\/de\/wp-json\/wp\/v2\/product_cat?post=174136"},{"taxonomy":"product_tag","embeddable":true,"href":"https:\/\/www.inverseteams.com\/de\/wp-json\/wp\/v2\/product_tag?post=174136"},{"taxonomy":"custom_category","embeddable":true,"href":"https:\/\/www.inverseteams.com\/de\/wp-json\/wp\/v2\/custom_category?post=174136"},{"taxonomy":"range","embeddable":true,"href":"https:\/\/www.inverseteams.com\/de\/wp-json\/wp\/v2\/range?post=174136"}],"curies":[{"name":"wp","href":"https:\/\/api.w.org\/{rel}","templated":true}]}}