{"id":174135,"date":"2021-10-29T09:59:16","date_gmt":"2021-10-29T10:00:37","guid":{"rendered":"https:\/\/www.inverseteams.com\/product\/thermal-cycling-vest-tempus\/"},"modified":"2024-12-13T10:24:42","modified_gmt":"2024-12-13T10:24:42","slug":"personalisiertes-thermo-radweste-tempus","status":"publish","type":"product","link":"https:\/\/www.inverseteams.com\/de\/produkt\/personalisiertes-thermo-radweste-tempus\/","title":{"rendered":"Personalisiertes Thermo-Radweste TEMPUS"},"content":{"rendered":"<p>Es besteht aus einem Dreifachmembrangewebe zur Bek\u00e4mpfung von K\u00e4lte. Die \u00e4u\u00dfere Schicht fungiert als Barriere, um das Eindringen von Wasser zu verhindern. Die innere Schicht hilft, Schwei\u00df abzuleiten und die K\u00f6rperw\u00e4rme aufrechtzuerhalten. Sie haben trockene Haut und vermeiden \u00dcberhitzung, um maximale Leistung zu erbringen.<br \/>\nDie Taille und die Arml\u00f6cher sind mit einem elastischen Besatz versehen, der daf\u00fcr sorgt, dass die Weste eng am K\u00f6rper anliegt und das Eindringen von Luft verhindert. Der Taillenbesatz ist mit 360\u00b0-reflektierenden Linien versehen, die Ihre Sicherheit erh\u00f6hen, da sie das Licht der Fahrzeuge reflektieren.<br \/>\nIm Lendenbereich sind 3 Taschen mit dem neuen ISP-Sicherheitssystem \u2013 Inverse Safe Pocket \u2013 integriert, in denen Sie jeden Gegenstand aufbewahren k\u00f6nnen, ohne bef\u00fcrchten zu m\u00fcssen, ihn zu verlieren. Genie\u00dfen Sie das Radfahren ohne Sorgen. Die anatomische Form des Halses erm\u00f6glicht eine st\u00f6rungsfreie Anpassung an die Fahrposition und vermeidet Lufteintritt und W\u00e4rmeverlust.<\/p>\n","protected":false},"excerpt":{"rendered":"<p>Es besteht aus einem Dreifachmembrangewebe zur Bek\u00e4mpfung von K\u00e4lte. Die \u00e4u\u00dfere Schicht fungiert als Barriere, um das Eindringen von Wasser zu verhindern. Die innere Schicht hilft, Schwei\u00df abzuleiten und die K\u00f6rperw\u00e4rme aufrechtzuerhalten. Sie haben trockene Haut und vermeiden \u00dcberhitzung, um maximale Leistung zu erbringen.<br \/>\nDie Taille und die Arml\u00f6cher sind mit einem elastischen Besatz versehen, der daf\u00fcr sorgt, dass die Weste eng am K\u00f6rper anliegt und das Eindringen von Luft verhindert. Der Taillenbesatz ist mit 360\u00b0-reflektierenden Linien versehen, die Ihre Sicherheit erh\u00f6hen, da sie das Licht der Fahrzeuge reflektieren.<br \/>\nIm Lendenbereich sind 3 Taschen mit dem neuen ISP-Sicherheitssystem \u2013 Inverse Safe Pocket \u2013 integriert, in denen Sie jeden Gegenstand aufbewahren k\u00f6nnen, ohne bef\u00fcrchten zu m\u00fcssen, ihn zu verlieren. Genie\u00dfen Sie das Radfahren ohne Sorgen. Die anatomische Form des Halses erm\u00f6glicht eine st\u00f6rungsfreie Anpassung an die Fahrposition und vermeidet Lufteintritt und W\u00e4rmeverlust.<\/p>\n","protected":false},"featured_media":223825,"comment_status":"closed","ping_status":"closed","template":"","meta":{"_acf_changed":false},"product_brand":[],"product_cat":[11218],"product_tag":[],"custom_category":[11237,11240,11395,11381],"range":[11275],"class_list":{"0":"post-174135","1":"product","2":"type-product","3":"status-publish","4":"has-post-thumbnail","6":"product_cat-uncategorized-de","7":"pa_climatologia-temperatura-templada-de","8":"pa_climatologia-frio-de","9":"pa_climatologia-lluvia-de","10":"pa_climatologia-viento-de","11":"pa_deporte-ciclismo-de","12":"pa_genero-infantil-de","13":"pa_genero-hombre-de","14":"pa_genero-mujer-de","15":"pa_patronaje-regular-de","16":"pa_patronaje-fit-de","17":"pa_tipo-de-prenda-chaleco-de","18":"custom_category-personalisierte-fahrradbekleidung","19":"custom_category-sport","20":"custom_category-personalisierte-radwesten","21":"custom_category-personalisierte-wasserdichte-jacke","22":"range-tempus-de","24":"first","25":"instock","26":"product-type-custom"},"acf":[],"yoast_head":"<!-- This site is optimized with the Yoast SEO plugin v27.3 - https:\/\/yoast.com\/product\/yoast-seo-wordpress\/ -->\n<title>Personalisiertes Thermo-Radweste TEMPUS<\/title>\n<meta name=\"description\" content=\"Es besteht aus einem Dreifachmembrangewebe zur Bek\u00e4mpfung von K\u00e4lte. Die \u00e4u\u00dfere Schicht fungiert als Barriere, um das Eindringen von Wasser zu verhindern. Die innere Schicht hilft, Schwei\u00df abzuleiten und die K\u00f6rperw\u00e4rme aufrechtzuerhalten. Sie haben trockene Haut und vermeiden \u00dcberhitzung, um maximale Leistung zu erbringen. Die Taille und die Arml\u00f6cher sind mit einem elastischen Besatz versehen, der daf\u00fcr sorgt, dass die Weste eng am K\u00f6rper anliegt und das Eindringen von Luft verhindert. Der Taillenbesatz ist mit 360\u00b0-reflektierenden Linien versehen, die Ihre Sicherheit erh\u00f6hen, da sie das Licht der Fahrzeuge reflektieren. Im Lendenbereich sind 3 Taschen mit dem neuen ISP-Sicherheitssystem \u2013 Inverse Safe Pocket \u2013 integriert, in denen Sie jeden Gegenstand aufbewahren k\u00f6nnen, ohne bef\u00fcrchten zu m\u00fcssen, ihn zu verlieren. Genie\u00dfen Sie das Radfahren ohne Sorgen. Die anatomische Form des Halses erm\u00f6glicht eine st\u00f6rungsfreie Anpassung an die Fahrposition und vermeidet Lufteintritt und W\u00e4rmeverlust.\" \/>\n<meta name=\"robots\" content=\"index, follow, max-snippet:-1, max-image-preview:large, max-video-preview:-1\" \/>\n<link rel=\"canonical\" href=\"https:\/\/www.inverseteams.com\/de\/produkt\/personalisiertes-thermo-radweste-tempus\/\" \/>\n<meta property=\"og:locale\" content=\"de_DE\" \/>\n<meta property=\"og:type\" content=\"article\" \/>\n<meta property=\"og:title\" content=\"Personalisiertes Thermo-Radweste TEMPUS\" \/>\n<meta property=\"og:description\" content=\"Es besteht aus einem Dreifachmembrangewebe zur Bek\u00e4mpfung von K\u00e4lte. Die \u00e4u\u00dfere Schicht fungiert als Barriere, um das Eindringen von Wasser zu verhindern. Die innere Schicht hilft, Schwei\u00df abzuleiten und die K\u00f6rperw\u00e4rme aufrechtzuerhalten. Sie haben trockene Haut und vermeiden \u00dcberhitzung, um maximale Leistung zu erbringen. Die Taille und die Arml\u00f6cher sind mit einem elastischen Besatz versehen, der daf\u00fcr sorgt, dass die Weste eng am K\u00f6rper anliegt und das Eindringen von Luft verhindert. Der Taillenbesatz ist mit 360\u00b0-reflektierenden Linien versehen, die Ihre Sicherheit erh\u00f6hen, da sie das Licht der Fahrzeuge reflektieren. Im Lendenbereich sind 3 Taschen mit dem neuen ISP-Sicherheitssystem \u2013 Inverse Safe Pocket \u2013 integriert, in denen Sie jeden Gegenstand aufbewahren k\u00f6nnen, ohne bef\u00fcrchten zu m\u00fcssen, ihn zu verlieren. Genie\u00dfen Sie das Radfahren ohne Sorgen. Die anatomische Form des Halses erm\u00f6glicht eine st\u00f6rungsfreie Anpassung an die Fahrposition und vermeidet Lufteintritt und W\u00e4rmeverlust.\" \/>\n<meta property=\"og:url\" content=\"https:\/\/www.inverseteams.com\/de\/produkt\/personalisiertes-thermo-radweste-tempus\/\" \/>\n<meta property=\"og:site_name\" content=\"Inverseteams\" \/>\n<meta property=\"article:publisher\" content=\"https:\/\/www.facebook.com\/inverseteams\" \/>\n<meta property=\"article:modified_time\" content=\"2024-12-13T10:24:42+00:00\" \/>\n<meta property=\"og:image\" content=\"https:\/\/www.inverseteams.com\/wp-content\/uploads\/CHALECO-CICLISMO-TERMICO-PERSONALIZADO-TEMPUS-1.jpg\" \/>\n\t<meta property=\"og:image:width\" content=\"1500\" \/>\n\t<meta property=\"og:image:height\" content=\"1612\" \/>\n\t<meta property=\"og:image:type\" content=\"image\/jpeg\" \/>\n<meta name=\"twitter:card\" content=\"summary_large_image\" \/>\n<meta name=\"twitter:label1\" content=\"Gesch\u00e4tzte Lesezeit\" \/>\n\t<meta name=\"twitter:data1\" content=\"1\u00a0Minute\" \/>\n<script type=\"application\/ld+json\" class=\"yoast-schema-graph\">{\"@context\":\"https:\\\/\\\/schema.org\",\"@graph\":[{\"@type\":\"WebPage\",\"@id\":\"https:\\\/\\\/www.inverseteams.com\\\/de\\\/produkt\\\/personalisiertes-thermo-radweste-tempus\\\/\",\"url\":\"https:\\\/\\\/www.inverseteams.com\\\/de\\\/produkt\\\/personalisiertes-thermo-radweste-tempus\\\/\",\"name\":\"Personalisiertes Thermo-Radweste TEMPUS\",\"isPartOf\":{\"@id\":\"https:\\\/\\\/www.inverseteams.com\\\/de\\\/#website\"},\"primaryImageOfPage\":{\"@id\":\"https:\\\/\\\/www.inverseteams.com\\\/de\\\/produkt\\\/personalisiertes-thermo-radweste-tempus\\\/#primaryimage\"},\"image\":{\"@id\":\"https:\\\/\\\/www.inverseteams.com\\\/de\\\/produkt\\\/personalisiertes-thermo-radweste-tempus\\\/#primaryimage\"},\"thumbnailUrl\":\"https:\\\/\\\/www.inverseteams.com\\\/wp-content\\\/uploads\\\/CHALECO-CICLISMO-TERMICO-PERSONALIZADO-TEMPUS-1.jpg\",\"datePublished\":\"2021-10-29T10:00:37+00:00\",\"dateModified\":\"2024-12-13T10:24:42+00:00\",\"description\":\"Es besteht aus einem Dreifachmembrangewebe zur Bek\u00e4mpfung von K\u00e4lte. Die \u00e4u\u00dfere Schicht fungiert als Barriere, um das Eindringen von Wasser zu verhindern. Die innere Schicht hilft, Schwei\u00df abzuleiten und die K\u00f6rperw\u00e4rme aufrechtzuerhalten. Sie haben trockene Haut und vermeiden \u00dcberhitzung, um maximale Leistung zu erbringen. Die Taille und die Arml\u00f6cher sind mit einem elastischen Besatz versehen, der daf\u00fcr sorgt, dass die Weste eng am K\u00f6rper anliegt und das Eindringen von Luft verhindert. Der Taillenbesatz ist mit 360\u00b0-reflektierenden Linien versehen, die Ihre Sicherheit erh\u00f6hen, da sie das Licht der Fahrzeuge reflektieren. Im Lendenbereich sind 3 Taschen mit dem neuen ISP-Sicherheitssystem \u2013 Inverse Safe Pocket \u2013 integriert, in denen Sie jeden Gegenstand aufbewahren k\u00f6nnen, ohne bef\u00fcrchten zu m\u00fcssen, ihn zu verlieren. Genie\u00dfen Sie das Radfahren ohne Sorgen. Die anatomische Form des Halses erm\u00f6glicht eine st\u00f6rungsfreie Anpassung an die Fahrposition und vermeidet Lufteintritt und W\u00e4rmeverlust.\",\"breadcrumb\":{\"@id\":\"https:\\\/\\\/www.inverseteams.com\\\/de\\\/produkt\\\/personalisiertes-thermo-radweste-tempus\\\/#breadcrumb\"},\"inLanguage\":\"de\",\"potentialAction\":[{\"@type\":\"ReadAction\",\"target\":[\"https:\\\/\\\/www.inverseteams.com\\\/de\\\/produkt\\\/personalisiertes-thermo-radweste-tempus\\\/\"]}]},{\"@type\":\"ImageObject\",\"inLanguage\":\"de\",\"@id\":\"https:\\\/\\\/www.inverseteams.com\\\/de\\\/produkt\\\/personalisiertes-thermo-radweste-tempus\\\/#primaryimage\",\"url\":\"https:\\\/\\\/www.inverseteams.com\\\/wp-content\\\/uploads\\\/CHALECO-CICLISMO-TERMICO-PERSONALIZADO-TEMPUS-1.jpg\",\"contentUrl\":\"https:\\\/\\\/www.inverseteams.com\\\/wp-content\\\/uploads\\\/CHALECO-CICLISMO-TERMICO-PERSONALIZADO-TEMPUS-1.jpg\",\"width\":1500,\"height\":1612,\"caption\":\"custom thermal cycling vest inverse\"},{\"@type\":\"BreadcrumbList\",\"@id\":\"https:\\\/\\\/www.inverseteams.com\\\/de\\\/produkt\\\/personalisiertes-thermo-radweste-tempus\\\/#breadcrumb\",\"itemListElement\":[{\"@type\":\"ListItem\",\"position\":1,\"name\":\"Portada\",\"item\":\"https:\\\/\\\/www.inverseteams.com\\\/de\\\/\"},{\"@type\":\"ListItem\",\"position\":2,\"name\":\"Speichern\",\"item\":\"https:\\\/\\\/www.inverseteams.com\\\/de\\\/speichern\\\/\"},{\"@type\":\"ListItem\",\"position\":3,\"name\":\"Personalisiertes Thermo-Radweste TEMPUS\"}]},{\"@type\":\"WebSite\",\"@id\":\"https:\\\/\\\/www.inverseteams.com\\\/de\\\/#website\",\"url\":\"https:\\\/\\\/www.inverseteams.com\\\/de\\\/\",\"name\":\"Inverseteams\",\"description\":\"Tu marca de ropa deportiva personalizada\",\"publisher\":{\"@id\":\"https:\\\/\\\/www.inverseteams.com\\\/de\\\/#organization\"},\"potentialAction\":[{\"@type\":\"SearchAction\",\"target\":{\"@type\":\"EntryPoint\",\"urlTemplate\":\"https:\\\/\\\/www.inverseteams.com\\\/de\\\/?s={search_term_string}\"},\"query-input\":{\"@type\":\"PropertyValueSpecification\",\"valueRequired\":true,\"valueName\":\"search_term_string\"}}],\"inLanguage\":\"de\"},{\"@type\":\"Organization\",\"@id\":\"https:\\\/\\\/www.inverseteams.com\\\/de\\\/#organization\",\"name\":\"Inverse Teams\",\"url\":\"https:\\\/\\\/www.inverseteams.com\\\/de\\\/\",\"logo\":{\"@type\":\"ImageObject\",\"inLanguage\":\"de\",\"@id\":\"https:\\\/\\\/www.inverseteams.com\\\/de\\\/#\\\/schema\\\/logo\\\/image\\\/\",\"url\":\"https:\\\/\\\/www.inverseteams.com\\\/wp-content\\\/uploads\\\/2021\\\/03\\\/logo-inverse-teams.png\",\"contentUrl\":\"https:\\\/\\\/www.inverseteams.com\\\/wp-content\\\/uploads\\\/2021\\\/03\\\/logo-inverse-teams.png\",\"width\":294,\"height\":99,\"caption\":\"Inverse Teams\"},\"image\":{\"@id\":\"https:\\\/\\\/www.inverseteams.com\\\/de\\\/#\\\/schema\\\/logo\\\/image\\\/\"},\"sameAs\":[\"https:\\\/\\\/www.facebook.com\\\/inverseteams\",\"http:\\\/\\\/instagram.com\\\/inverseteams\",\"https:\\\/\\\/www.linkedin.com\\\/company\\\/inverse-cirosport-s-l-?trk=job_view_topcard_company_name\",\"http:\\\/\\\/www.pinterest.com\\\/inverseteams\\\/\",\"http:\\\/\\\/www.youtube.com\\\/user\\\/inverseteams?feature=watch\"]}]}<\/script>\n<!-- \/ Yoast SEO plugin. -->","yoast_head_json":{"title":"Personalisiertes Thermo-Radweste TEMPUS","description":"Es besteht aus einem Dreifachmembrangewebe zur Bek\u00e4mpfung von K\u00e4lte. Die \u00e4u\u00dfere Schicht fungiert als Barriere, um das Eindringen von Wasser zu verhindern. Die innere Schicht hilft, Schwei\u00df abzuleiten und die K\u00f6rperw\u00e4rme aufrechtzuerhalten. Sie haben trockene Haut und vermeiden \u00dcberhitzung, um maximale Leistung zu erbringen. Die Taille und die Arml\u00f6cher sind mit einem elastischen Besatz versehen, der daf\u00fcr sorgt, dass die Weste eng am K\u00f6rper anliegt und das Eindringen von Luft verhindert. Der Taillenbesatz ist mit 360\u00b0-reflektierenden Linien versehen, die Ihre Sicherheit erh\u00f6hen, da sie das Licht der Fahrzeuge reflektieren. Im Lendenbereich sind 3 Taschen mit dem neuen ISP-Sicherheitssystem \u2013 Inverse Safe Pocket \u2013 integriert, in denen Sie jeden Gegenstand aufbewahren k\u00f6nnen, ohne bef\u00fcrchten zu m\u00fcssen, ihn zu verlieren. Genie\u00dfen Sie das Radfahren ohne Sorgen. Die anatomische Form des Halses erm\u00f6glicht eine st\u00f6rungsfreie Anpassung an die Fahrposition und vermeidet Lufteintritt und W\u00e4rmeverlust.","robots":{"index":"index","follow":"follow","max-snippet":"max-snippet:-1","max-image-preview":"max-image-preview:large","max-video-preview":"max-video-preview:-1"},"canonical":"https:\/\/www.inverseteams.com\/de\/produkt\/personalisiertes-thermo-radweste-tempus\/","og_locale":"de_DE","og_type":"article","og_title":"Personalisiertes Thermo-Radweste TEMPUS","og_description":"Es besteht aus einem Dreifachmembrangewebe zur Bek\u00e4mpfung von K\u00e4lte. Die \u00e4u\u00dfere Schicht fungiert als Barriere, um das Eindringen von Wasser zu verhindern. Die innere Schicht hilft, Schwei\u00df abzuleiten und die K\u00f6rperw\u00e4rme aufrechtzuerhalten. Sie haben trockene Haut und vermeiden \u00dcberhitzung, um maximale Leistung zu erbringen. Die Taille und die Arml\u00f6cher sind mit einem elastischen Besatz versehen, der daf\u00fcr sorgt, dass die Weste eng am K\u00f6rper anliegt und das Eindringen von Luft verhindert. Der Taillenbesatz ist mit 360\u00b0-reflektierenden Linien versehen, die Ihre Sicherheit erh\u00f6hen, da sie das Licht der Fahrzeuge reflektieren. Im Lendenbereich sind 3 Taschen mit dem neuen ISP-Sicherheitssystem \u2013 Inverse Safe Pocket \u2013 integriert, in denen Sie jeden Gegenstand aufbewahren k\u00f6nnen, ohne bef\u00fcrchten zu m\u00fcssen, ihn zu verlieren. Genie\u00dfen Sie das Radfahren ohne Sorgen. Die anatomische Form des Halses erm\u00f6glicht eine st\u00f6rungsfreie Anpassung an die Fahrposition und vermeidet Lufteintritt und W\u00e4rmeverlust.","og_url":"https:\/\/www.inverseteams.com\/de\/produkt\/personalisiertes-thermo-radweste-tempus\/","og_site_name":"Inverseteams","article_publisher":"https:\/\/www.facebook.com\/inverseteams","article_modified_time":"2024-12-13T10:24:42+00:00","og_image":[{"width":1500,"height":1612,"url":"https:\/\/www.inverseteams.com\/wp-content\/uploads\/CHALECO-CICLISMO-TERMICO-PERSONALIZADO-TEMPUS-1.jpg","type":"image\/jpeg"}],"twitter_card":"summary_large_image","twitter_misc":{"Gesch\u00e4tzte Lesezeit":"1\u00a0Minute"},"schema":{"@context":"https:\/\/schema.org","@graph":[{"@type":"WebPage","@id":"https:\/\/www.inverseteams.com\/de\/produkt\/personalisiertes-thermo-radweste-tempus\/","url":"https:\/\/www.inverseteams.com\/de\/produkt\/personalisiertes-thermo-radweste-tempus\/","name":"Personalisiertes Thermo-Radweste TEMPUS","isPartOf":{"@id":"https:\/\/www.inverseteams.com\/de\/#website"},"primaryImageOfPage":{"@id":"https:\/\/www.inverseteams.com\/de\/produkt\/personalisiertes-thermo-radweste-tempus\/#primaryimage"},"image":{"@id":"https:\/\/www.inverseteams.com\/de\/produkt\/personalisiertes-thermo-radweste-tempus\/#primaryimage"},"thumbnailUrl":"https:\/\/www.inverseteams.com\/wp-content\/uploads\/CHALECO-CICLISMO-TERMICO-PERSONALIZADO-TEMPUS-1.jpg","datePublished":"2021-10-29T10:00:37+00:00","dateModified":"2024-12-13T10:24:42+00:00","description":"Es besteht aus einem Dreifachmembrangewebe zur Bek\u00e4mpfung von K\u00e4lte. Die \u00e4u\u00dfere Schicht fungiert als Barriere, um das Eindringen von Wasser zu verhindern. Die innere Schicht hilft, Schwei\u00df abzuleiten und die K\u00f6rperw\u00e4rme aufrechtzuerhalten. Sie haben trockene Haut und vermeiden \u00dcberhitzung, um maximale Leistung zu erbringen. Die Taille und die Arml\u00f6cher sind mit einem elastischen Besatz versehen, der daf\u00fcr sorgt, dass die Weste eng am K\u00f6rper anliegt und das Eindringen von Luft verhindert. Der Taillenbesatz ist mit 360\u00b0-reflektierenden Linien versehen, die Ihre Sicherheit erh\u00f6hen, da sie das Licht der Fahrzeuge reflektieren. Im Lendenbereich sind 3 Taschen mit dem neuen ISP-Sicherheitssystem \u2013 Inverse Safe Pocket \u2013 integriert, in denen Sie jeden Gegenstand aufbewahren k\u00f6nnen, ohne bef\u00fcrchten zu m\u00fcssen, ihn zu verlieren. Genie\u00dfen Sie das Radfahren ohne Sorgen. Die anatomische Form des Halses erm\u00f6glicht eine st\u00f6rungsfreie Anpassung an die Fahrposition und vermeidet Lufteintritt und W\u00e4rmeverlust.","breadcrumb":{"@id":"https:\/\/www.inverseteams.com\/de\/produkt\/personalisiertes-thermo-radweste-tempus\/#breadcrumb"},"inLanguage":"de","potentialAction":[{"@type":"ReadAction","target":["https:\/\/www.inverseteams.com\/de\/produkt\/personalisiertes-thermo-radweste-tempus\/"]}]},{"@type":"ImageObject","inLanguage":"de","@id":"https:\/\/www.inverseteams.com\/de\/produkt\/personalisiertes-thermo-radweste-tempus\/#primaryimage","url":"https:\/\/www.inverseteams.com\/wp-content\/uploads\/CHALECO-CICLISMO-TERMICO-PERSONALIZADO-TEMPUS-1.jpg","contentUrl":"https:\/\/www.inverseteams.com\/wp-content\/uploads\/CHALECO-CICLISMO-TERMICO-PERSONALIZADO-TEMPUS-1.jpg","width":1500,"height":1612,"caption":"custom thermal cycling vest inverse"},{"@type":"BreadcrumbList","@id":"https:\/\/www.inverseteams.com\/de\/produkt\/personalisiertes-thermo-radweste-tempus\/#breadcrumb","itemListElement":[{"@type":"ListItem","position":1,"name":"Portada","item":"https:\/\/www.inverseteams.com\/de\/"},{"@type":"ListItem","position":2,"name":"Speichern","item":"https:\/\/www.inverseteams.com\/de\/speichern\/"},{"@type":"ListItem","position":3,"name":"Personalisiertes Thermo-Radweste TEMPUS"}]},{"@type":"WebSite","@id":"https:\/\/www.inverseteams.com\/de\/#website","url":"https:\/\/www.inverseteams.com\/de\/","name":"Inverseteams","description":"Tu marca de ropa deportiva personalizada","publisher":{"@id":"https:\/\/www.inverseteams.com\/de\/#organization"},"potentialAction":[{"@type":"SearchAction","target":{"@type":"EntryPoint","urlTemplate":"https:\/\/www.inverseteams.com\/de\/?s={search_term_string}"},"query-input":{"@type":"PropertyValueSpecification","valueRequired":true,"valueName":"search_term_string"}}],"inLanguage":"de"},{"@type":"Organization","@id":"https:\/\/www.inverseteams.com\/de\/#organization","name":"Inverse Teams","url":"https:\/\/www.inverseteams.com\/de\/","logo":{"@type":"ImageObject","inLanguage":"de","@id":"https:\/\/www.inverseteams.com\/de\/#\/schema\/logo\/image\/","url":"https:\/\/www.inverseteams.com\/wp-content\/uploads\/2021\/03\/logo-inverse-teams.png","contentUrl":"https:\/\/www.inverseteams.com\/wp-content\/uploads\/2021\/03\/logo-inverse-teams.png","width":294,"height":99,"caption":"Inverse Teams"},"image":{"@id":"https:\/\/www.inverseteams.com\/de\/#\/schema\/logo\/image\/"},"sameAs":["https:\/\/www.facebook.com\/inverseteams","http:\/\/instagram.com\/inverseteams","https:\/\/www.linkedin.com\/company\/inverse-cirosport-s-l-?trk=job_view_topcard_company_name","http:\/\/www.pinterest.com\/inverseteams\/","http:\/\/www.youtube.com\/user\/inverseteams?feature=watch"]}]}},"_links":{"self":[{"href":"https:\/\/www.inverseteams.com\/de\/wp-json\/wp\/v2\/product\/174135","targetHints":{"allow":["GET"]}}],"collection":[{"href":"https:\/\/www.inverseteams.com\/de\/wp-json\/wp\/v2\/product"}],"about":[{"href":"https:\/\/www.inverseteams.com\/de\/wp-json\/wp\/v2\/types\/product"}],"replies":[{"embeddable":true,"href":"https:\/\/www.inverseteams.com\/de\/wp-json\/wp\/v2\/comments?post=174135"}],"wp:featuredmedia":[{"embeddable":true,"href":"https:\/\/www.inverseteams.com\/de\/wp-json\/wp\/v2\/media\/223825"}],"wp:attachment":[{"href":"https:\/\/www.inverseteams.com\/de\/wp-json\/wp\/v2\/media?parent=174135"}],"wp:term":[{"taxonomy":"product_brand","embeddable":true,"href":"https:\/\/www.inverseteams.com\/de\/wp-json\/wp\/v2\/product_brand?post=174135"},{"taxonomy":"product_cat","embeddable":true,"href":"https:\/\/www.inverseteams.com\/de\/wp-json\/wp\/v2\/product_cat?post=174135"},{"taxonomy":"product_tag","embeddable":true,"href":"https:\/\/www.inverseteams.com\/de\/wp-json\/wp\/v2\/product_tag?post=174135"},{"taxonomy":"custom_category","embeddable":true,"href":"https:\/\/www.inverseteams.com\/de\/wp-json\/wp\/v2\/custom_category?post=174135"},{"taxonomy":"range","embeddable":true,"href":"https:\/\/www.inverseteams.com\/de\/wp-json\/wp\/v2\/range?post=174135"}],"curies":[{"name":"wp","href":"https:\/\/api.w.org\/{rel}","templated":true}]}}