{"id":173981,"date":"2021-05-10T08:30:11","date_gmt":"2021-05-10T09:17:04","guid":{"rendered":"https:\/\/www.inverseteams.com\/product\/open-back-cycling-vest-kairos\/"},"modified":"2024-12-11T16:49:17","modified_gmt":"2024-12-11T16:49:17","slug":"personalisiertes-radweste-kairos","status":"publish","type":"product","link":"https:\/\/www.inverseteams.com\/de\/produkt\/personalisiertes-radweste-kairos\/","title":{"rendered":"Personalisiertes Radweste KAIROS"},"content":{"rendered":"<p>Sie k\u00f6nnen es problemlos in Ihrer Trikottasche aufbewahren, wenn Sie es nicht ben\u00f6tigen. Der vordere Teil besteht aus einem sehr n\u00fctzlichen Windschutzstoff, um die K\u00f6rpertemperatur nicht zu verlieren. Die R\u00fcckseite ist mit einem Gitter versehen, um die Ableitung von Feuchtigkeit zu erleichtern. Sie halten Ihre Haut jederzeit trocken und vermeiden eine \u00dcberhitzung. So k\u00f6nnen Sie die volle Leistung erbringen.<br \/>\nEs verf\u00fcgt \u00fcber 2 \u00d6ffnungen im Lendenbereich f\u00fcr einfachen Zugriff auf die Trikottaschen. Die Taille und die Arml\u00f6cher sind mit einem elastischen Besatz versehen, der die Weste am K\u00f6rper anpasst und das Eindringen von Luft verhindert. An der Taille befindet sich ein weiterer elastischer Besatz, der die Weste an Ihren K\u00f6rper anpasst.<\/p>\n","protected":false},"excerpt":{"rendered":"<p>Sie k\u00f6nnen es problemlos in Ihrer Trikottasche aufbewahren, wenn Sie es nicht ben\u00f6tigen. Der vordere Teil besteht aus einem sehr n\u00fctzlichen Windschutzstoff, um die K\u00f6rpertemperatur nicht zu verlieren. Die R\u00fcckseite ist mit einem Gitter versehen, um die Ableitung von Feuchtigkeit zu erleichtern. Sie halten Ihre Haut jederzeit trocken und vermeiden eine \u00dcberhitzung. So k\u00f6nnen Sie die volle Leistung erbringen.<br \/>\nEs verf\u00fcgt \u00fcber 2 \u00d6ffnungen im Lendenbereich f\u00fcr einfachen Zugriff auf die Trikottaschen. Die Taille und die Arml\u00f6cher sind mit einem elastischen Besatz versehen, der die Weste am K\u00f6rper anpasst und das Eindringen von Luft verhindert. An der Taille befindet sich ein weiterer elastischer Besatz, der die Weste an Ihren K\u00f6rper anpasst.<\/p>\n","protected":false},"featured_media":223663,"comment_status":"closed","ping_status":"closed","template":"","meta":{"_acf_changed":false},"product_brand":[],"product_cat":[11218],"product_tag":[],"custom_category":[11237,11395,11240],"range":[11256],"class_list":{"0":"post-173981","1":"product","2":"type-product","3":"status-publish","4":"has-post-thumbnail","6":"product_cat-uncategorized-de","7":"pa_climatologia-viento-de","8":"pa_climatologia-temperatura-templada-de","9":"pa_deporte-ciclismo-de","10":"pa_genero-mujer-de","11":"pa_genero-infantil-de","12":"pa_genero-hombre-de","13":"pa_patronaje-regular-de","14":"pa_patronaje-fit-de","15":"pa_tipo-de-prenda-chaleco-de","16":"custom_category-personalisierte-fahrradbekleidung","17":"custom_category-personalisierte-radwesten","18":"custom_category-sport","19":"range-kairos-de","21":"first","22":"instock","23":"product-type-custom"},"acf":[],"yoast_head":"<!-- This site is optimized with the Yoast SEO plugin v27.3 - https:\/\/yoast.com\/product\/yoast-seo-wordpress\/ -->\n<title>Personalisiertes Radweste KAIROS<\/title>\n<meta name=\"description\" content=\"Custom cycling vest. Windproof fabric and mesh back to evacuate moisture. Delivery in just 4 weeks! Request a quote.\" \/>\n<meta name=\"robots\" content=\"index, follow, max-snippet:-1, max-image-preview:large, max-video-preview:-1\" \/>\n<link rel=\"canonical\" href=\"https:\/\/www.inverseteams.com\/de\/produkt\/personalisiertes-radweste-kairos\/\" \/>\n<meta property=\"og:locale\" content=\"de_DE\" \/>\n<meta property=\"og:type\" content=\"article\" \/>\n<meta property=\"og:title\" content=\"Personalisiertes Radweste KAIROS\" \/>\n<meta property=\"og:description\" content=\"Custom cycling vest. Windproof fabric and mesh back to evacuate moisture. Delivery in just 4 weeks! Request a quote.\" \/>\n<meta property=\"og:url\" content=\"https:\/\/www.inverseteams.com\/de\/produkt\/personalisiertes-radweste-kairos\/\" \/>\n<meta property=\"og:site_name\" content=\"Inverseteams\" \/>\n<meta property=\"article:publisher\" content=\"https:\/\/www.facebook.com\/inverseteams\" \/>\n<meta property=\"article:modified_time\" content=\"2024-12-11T16:49:17+00:00\" \/>\n<meta property=\"og:image\" content=\"https:\/\/www.inverseteams.com\/wp-content\/uploads\/CHALECO-CORTAVIENTOS-CICLISMO-KAIROS-1.jpg\" \/>\n\t<meta property=\"og:image:width\" content=\"1500\" \/>\n\t<meta property=\"og:image:height\" content=\"1612\" \/>\n\t<meta property=\"og:image:type\" content=\"image\/jpeg\" \/>\n<meta name=\"twitter:card\" content=\"summary_large_image\" \/>\n<meta name=\"twitter:label1\" content=\"Gesch\u00e4tzte Lesezeit\" \/>\n\t<meta name=\"twitter:data1\" content=\"1\u00a0Minute\" \/>\n<script type=\"application\/ld+json\" class=\"yoast-schema-graph\">{\"@context\":\"https:\\\/\\\/schema.org\",\"@graph\":[{\"@type\":\"WebPage\",\"@id\":\"https:\\\/\\\/www.inverseteams.com\\\/de\\\/produkt\\\/personalisiertes-radweste-kairos\\\/\",\"url\":\"https:\\\/\\\/www.inverseteams.com\\\/de\\\/produkt\\\/personalisiertes-radweste-kairos\\\/\",\"name\":\"Personalisiertes Radweste KAIROS\",\"isPartOf\":{\"@id\":\"https:\\\/\\\/www.inverseteams.com\\\/de\\\/#website\"},\"primaryImageOfPage\":{\"@id\":\"https:\\\/\\\/www.inverseteams.com\\\/de\\\/produkt\\\/personalisiertes-radweste-kairos\\\/#primaryimage\"},\"image\":{\"@id\":\"https:\\\/\\\/www.inverseteams.com\\\/de\\\/produkt\\\/personalisiertes-radweste-kairos\\\/#primaryimage\"},\"thumbnailUrl\":\"https:\\\/\\\/www.inverseteams.com\\\/wp-content\\\/uploads\\\/CHALECO-CORTAVIENTOS-CICLISMO-KAIROS-1.jpg\",\"datePublished\":\"2021-05-10T09:17:04+00:00\",\"dateModified\":\"2024-12-11T16:49:17+00:00\",\"description\":\"Custom cycling vest. Windproof fabric and mesh back to evacuate moisture. Delivery in just 4 weeks! Request a quote.\",\"breadcrumb\":{\"@id\":\"https:\\\/\\\/www.inverseteams.com\\\/de\\\/produkt\\\/personalisiertes-radweste-kairos\\\/#breadcrumb\"},\"inLanguage\":\"de\",\"potentialAction\":[{\"@type\":\"ReadAction\",\"target\":[\"https:\\\/\\\/www.inverseteams.com\\\/de\\\/produkt\\\/personalisiertes-radweste-kairos\\\/\"]}]},{\"@type\":\"ImageObject\",\"inLanguage\":\"de\",\"@id\":\"https:\\\/\\\/www.inverseteams.com\\\/de\\\/produkt\\\/personalisiertes-radweste-kairos\\\/#primaryimage\",\"url\":\"https:\\\/\\\/www.inverseteams.com\\\/wp-content\\\/uploads\\\/CHALECO-CORTAVIENTOS-CICLISMO-KAIROS-1.jpg\",\"contentUrl\":\"https:\\\/\\\/www.inverseteams.com\\\/wp-content\\\/uploads\\\/CHALECO-CORTAVIENTOS-CICLISMO-KAIROS-1.jpg\",\"width\":1500,\"height\":1612,\"caption\":\"gilet cyclisme personnalis\u00e9\"},{\"@type\":\"BreadcrumbList\",\"@id\":\"https:\\\/\\\/www.inverseteams.com\\\/de\\\/produkt\\\/personalisiertes-radweste-kairos\\\/#breadcrumb\",\"itemListElement\":[{\"@type\":\"ListItem\",\"position\":1,\"name\":\"Portada\",\"item\":\"https:\\\/\\\/www.inverseteams.com\\\/de\\\/\"},{\"@type\":\"ListItem\",\"position\":2,\"name\":\"Speichern\",\"item\":\"https:\\\/\\\/www.inverseteams.com\\\/de\\\/speichern\\\/\"},{\"@type\":\"ListItem\",\"position\":3,\"name\":\"Personalisiertes Radweste KAIROS\"}]},{\"@type\":\"WebSite\",\"@id\":\"https:\\\/\\\/www.inverseteams.com\\\/de\\\/#website\",\"url\":\"https:\\\/\\\/www.inverseteams.com\\\/de\\\/\",\"name\":\"Inverseteams\",\"description\":\"Tu marca de ropa deportiva personalizada\",\"publisher\":{\"@id\":\"https:\\\/\\\/www.inverseteams.com\\\/de\\\/#organization\"},\"potentialAction\":[{\"@type\":\"SearchAction\",\"target\":{\"@type\":\"EntryPoint\",\"urlTemplate\":\"https:\\\/\\\/www.inverseteams.com\\\/de\\\/?s={search_term_string}\"},\"query-input\":{\"@type\":\"PropertyValueSpecification\",\"valueRequired\":true,\"valueName\":\"search_term_string\"}}],\"inLanguage\":\"de\"},{\"@type\":\"Organization\",\"@id\":\"https:\\\/\\\/www.inverseteams.com\\\/de\\\/#organization\",\"name\":\"Inverse Teams\",\"url\":\"https:\\\/\\\/www.inverseteams.com\\\/de\\\/\",\"logo\":{\"@type\":\"ImageObject\",\"inLanguage\":\"de\",\"@id\":\"https:\\\/\\\/www.inverseteams.com\\\/de\\\/#\\\/schema\\\/logo\\\/image\\\/\",\"url\":\"http:\\\/\\\/www.inverseteams.com\\\/wp-content\\\/uploads\\\/2021\\\/03\\\/logo-inverse-teams.png\",\"contentUrl\":\"http:\\\/\\\/www.inverseteams.com\\\/wp-content\\\/uploads\\\/2021\\\/03\\\/logo-inverse-teams.png\",\"width\":294,\"height\":99,\"caption\":\"Inverse Teams\"},\"image\":{\"@id\":\"https:\\\/\\\/www.inverseteams.com\\\/de\\\/#\\\/schema\\\/logo\\\/image\\\/\"},\"sameAs\":[\"https:\\\/\\\/www.facebook.com\\\/inverseteams\",\"http:\\\/\\\/instagram.com\\\/inverseteams\",\"https:\\\/\\\/www.linkedin.com\\\/company\\\/inverse-cirosport-s-l-?trk=job_view_topcard_company_name\",\"http:\\\/\\\/www.pinterest.com\\\/inverseteams\\\/\",\"http:\\\/\\\/www.youtube.com\\\/user\\\/inverseteams?feature=watch\"]}]}<\/script>\n<!-- \/ Yoast SEO plugin. -->","yoast_head_json":{"title":"Personalisiertes Radweste KAIROS","description":"Custom cycling vest. Windproof fabric and mesh back to evacuate moisture. Delivery in just 4 weeks! Request a quote.","robots":{"index":"index","follow":"follow","max-snippet":"max-snippet:-1","max-image-preview":"max-image-preview:large","max-video-preview":"max-video-preview:-1"},"canonical":"https:\/\/www.inverseteams.com\/de\/produkt\/personalisiertes-radweste-kairos\/","og_locale":"de_DE","og_type":"article","og_title":"Personalisiertes Radweste KAIROS","og_description":"Custom cycling vest. Windproof fabric and mesh back to evacuate moisture. Delivery in just 4 weeks! Request a quote.","og_url":"https:\/\/www.inverseteams.com\/de\/produkt\/personalisiertes-radweste-kairos\/","og_site_name":"Inverseteams","article_publisher":"https:\/\/www.facebook.com\/inverseteams","article_modified_time":"2024-12-11T16:49:17+00:00","og_image":[{"width":1500,"height":1612,"url":"https:\/\/www.inverseteams.com\/wp-content\/uploads\/CHALECO-CORTAVIENTOS-CICLISMO-KAIROS-1.jpg","type":"image\/jpeg"}],"twitter_card":"summary_large_image","twitter_misc":{"Gesch\u00e4tzte Lesezeit":"1\u00a0Minute"},"schema":{"@context":"https:\/\/schema.org","@graph":[{"@type":"WebPage","@id":"https:\/\/www.inverseteams.com\/de\/produkt\/personalisiertes-radweste-kairos\/","url":"https:\/\/www.inverseteams.com\/de\/produkt\/personalisiertes-radweste-kairos\/","name":"Personalisiertes Radweste KAIROS","isPartOf":{"@id":"https:\/\/www.inverseteams.com\/de\/#website"},"primaryImageOfPage":{"@id":"https:\/\/www.inverseteams.com\/de\/produkt\/personalisiertes-radweste-kairos\/#primaryimage"},"image":{"@id":"https:\/\/www.inverseteams.com\/de\/produkt\/personalisiertes-radweste-kairos\/#primaryimage"},"thumbnailUrl":"https:\/\/www.inverseteams.com\/wp-content\/uploads\/CHALECO-CORTAVIENTOS-CICLISMO-KAIROS-1.jpg","datePublished":"2021-05-10T09:17:04+00:00","dateModified":"2024-12-11T16:49:17+00:00","description":"Custom cycling vest. Windproof fabric and mesh back to evacuate moisture. Delivery in just 4 weeks! Request a quote.","breadcrumb":{"@id":"https:\/\/www.inverseteams.com\/de\/produkt\/personalisiertes-radweste-kairos\/#breadcrumb"},"inLanguage":"de","potentialAction":[{"@type":"ReadAction","target":["https:\/\/www.inverseteams.com\/de\/produkt\/personalisiertes-radweste-kairos\/"]}]},{"@type":"ImageObject","inLanguage":"de","@id":"https:\/\/www.inverseteams.com\/de\/produkt\/personalisiertes-radweste-kairos\/#primaryimage","url":"https:\/\/www.inverseteams.com\/wp-content\/uploads\/CHALECO-CORTAVIENTOS-CICLISMO-KAIROS-1.jpg","contentUrl":"https:\/\/www.inverseteams.com\/wp-content\/uploads\/CHALECO-CORTAVIENTOS-CICLISMO-KAIROS-1.jpg","width":1500,"height":1612,"caption":"gilet cyclisme personnalis\u00e9"},{"@type":"BreadcrumbList","@id":"https:\/\/www.inverseteams.com\/de\/produkt\/personalisiertes-radweste-kairos\/#breadcrumb","itemListElement":[{"@type":"ListItem","position":1,"name":"Portada","item":"https:\/\/www.inverseteams.com\/de\/"},{"@type":"ListItem","position":2,"name":"Speichern","item":"https:\/\/www.inverseteams.com\/de\/speichern\/"},{"@type":"ListItem","position":3,"name":"Personalisiertes Radweste KAIROS"}]},{"@type":"WebSite","@id":"https:\/\/www.inverseteams.com\/de\/#website","url":"https:\/\/www.inverseteams.com\/de\/","name":"Inverseteams","description":"Tu marca de ropa deportiva personalizada","publisher":{"@id":"https:\/\/www.inverseteams.com\/de\/#organization"},"potentialAction":[{"@type":"SearchAction","target":{"@type":"EntryPoint","urlTemplate":"https:\/\/www.inverseteams.com\/de\/?s={search_term_string}"},"query-input":{"@type":"PropertyValueSpecification","valueRequired":true,"valueName":"search_term_string"}}],"inLanguage":"de"},{"@type":"Organization","@id":"https:\/\/www.inverseteams.com\/de\/#organization","name":"Inverse Teams","url":"https:\/\/www.inverseteams.com\/de\/","logo":{"@type":"ImageObject","inLanguage":"de","@id":"https:\/\/www.inverseteams.com\/de\/#\/schema\/logo\/image\/","url":"https:\/\/www.inverseteams.com\/wp-content\/uploads\/2021\/03\/logo-inverse-teams.png","contentUrl":"https:\/\/www.inverseteams.com\/wp-content\/uploads\/2021\/03\/logo-inverse-teams.png","width":294,"height":99,"caption":"Inverse Teams"},"image":{"@id":"https:\/\/www.inverseteams.com\/de\/#\/schema\/logo\/image\/"},"sameAs":["https:\/\/www.facebook.com\/inverseteams","http:\/\/instagram.com\/inverseteams","https:\/\/www.linkedin.com\/company\/inverse-cirosport-s-l-?trk=job_view_topcard_company_name","http:\/\/www.pinterest.com\/inverseteams\/","http:\/\/www.youtube.com\/user\/inverseteams?feature=watch"]}]}},"_links":{"self":[{"href":"https:\/\/www.inverseteams.com\/de\/wp-json\/wp\/v2\/product\/173981","targetHints":{"allow":["GET"]}}],"collection":[{"href":"https:\/\/www.inverseteams.com\/de\/wp-json\/wp\/v2\/product"}],"about":[{"href":"https:\/\/www.inverseteams.com\/de\/wp-json\/wp\/v2\/types\/product"}],"replies":[{"embeddable":true,"href":"https:\/\/www.inverseteams.com\/de\/wp-json\/wp\/v2\/comments?post=173981"}],"wp:featuredmedia":[{"embeddable":true,"href":"https:\/\/www.inverseteams.com\/de\/wp-json\/wp\/v2\/media\/223663"}],"wp:attachment":[{"href":"https:\/\/www.inverseteams.com\/de\/wp-json\/wp\/v2\/media?parent=173981"}],"wp:term":[{"taxonomy":"product_brand","embeddable":true,"href":"https:\/\/www.inverseteams.com\/de\/wp-json\/wp\/v2\/product_brand?post=173981"},{"taxonomy":"product_cat","embeddable":true,"href":"https:\/\/www.inverseteams.com\/de\/wp-json\/wp\/v2\/product_cat?post=173981"},{"taxonomy":"product_tag","embeddable":true,"href":"https:\/\/www.inverseteams.com\/de\/wp-json\/wp\/v2\/product_tag?post=173981"},{"taxonomy":"custom_category","embeddable":true,"href":"https:\/\/www.inverseteams.com\/de\/wp-json\/wp\/v2\/custom_category?post=173981"},{"taxonomy":"range","embeddable":true,"href":"https:\/\/www.inverseteams.com\/de\/wp-json\/wp\/v2\/range?post=173981"}],"curies":[{"name":"wp","href":"https:\/\/api.w.org\/{rel}","templated":true}]}}