{"id":173980,"date":"2021-05-10T08:30:31","date_gmt":"2021-05-10T09:17:24","guid":{"rendered":"https:\/\/www.inverseteams.com\/product\/open-back-cycling-vest-tempus\/"},"modified":"2024-12-13T10:23:47","modified_gmt":"2024-12-13T10:23:47","slug":"personalisiertes-radweste-tempus","status":"publish","type":"product","link":"https:\/\/www.inverseteams.com\/de\/produkt\/personalisiertes-radweste-tempus\/","title":{"rendered":"Personalisiertes Radweste TEMPUS"},"content":{"rendered":"<p>Diese ultraleichte Weste l\u00e4sst sich ganz einfach in der Trikottasche verstauen, wenn Sie sie nicht ben\u00f6tigen. Die Vorderseite besteht aus einem wasserdichten Dreifachmembrangewebe. Die \u00e4u\u00dfere Schicht fungiert als Barriere, um das Eindringen von Wasser zu verhindern. Die innere Schicht hilft, Schwei\u00df abzuleiten und die Haut trocken zu halten. Die R\u00fcckseite ist mit einem Gitter versehen, um eine \u00dcberhitzung zu vermeiden. So k\u00f6nnen Sie die volle Leistung erbringen.<br \/>\nEs verf\u00fcgt \u00fcber 2 \u00d6ffnungen im Lendenbereich, um einfachen Zugriff auf die Taschen des Trikots zu erm\u00f6glichen. Die Taille und die Arml\u00f6cher sind mit einem elastischen Besatz versehen, der daf\u00fcr sorgt, dass die Weste eng am K\u00f6rper anliegt und das Eindringen von Luft verhindert. An der Taille befindet sich ein weiterer elastischer Besatz, der das Trikot an Ihren K\u00f6rper anpasst. Dazu geh\u00f6ren 360\u00b0 reflektierende Linien, die Ihre Sicherheit erh\u00f6hen, da sie das Licht der Fahrzeuge reflektieren.<\/p>\n","protected":false},"excerpt":{"rendered":"<p>Diese ultraleichte Weste l\u00e4sst sich ganz einfach in der Trikottasche verstauen, wenn Sie sie nicht ben\u00f6tigen. Die Vorderseite besteht aus einem wasserdichten Dreifachmembrangewebe. Die \u00e4u\u00dfere Schicht fungiert als Barriere, um das Eindringen von Wasser zu verhindern. Die innere Schicht hilft, Schwei\u00df abzuleiten und die Haut trocken zu halten. Die R\u00fcckseite ist mit einem Gitter versehen, um eine \u00dcberhitzung zu vermeiden. So k\u00f6nnen Sie die volle Leistung erbringen.<br \/>\nEs verf\u00fcgt \u00fcber 2 \u00d6ffnungen im Lendenbereich, um einfachen Zugriff auf die Taschen des Trikots zu erm\u00f6glichen. Die Taille und die Arml\u00f6cher sind mit einem elastischen Besatz versehen, der daf\u00fcr sorgt, dass die Weste eng am K\u00f6rper anliegt und das Eindringen von Luft verhindert. An der Taille befindet sich ein weiterer elastischer Besatz, der das Trikot an Ihren K\u00f6rper anpasst. Dazu geh\u00f6ren 360\u00b0 reflektierende Linien, die Ihre Sicherheit erh\u00f6hen, da sie das Licht der Fahrzeuge reflektieren.<\/p>\n","protected":false},"featured_media":223795,"comment_status":"closed","ping_status":"closed","template":"","meta":{"_acf_changed":false},"product_brand":[],"product_cat":[11218],"product_tag":[],"custom_category":[11237,11395,11240],"range":[11275],"class_list":{"0":"post-173980","1":"product","2":"type-product","3":"status-publish","4":"has-post-thumbnail","6":"product_cat-uncategorized-de","7":"pa_climatologia-viento-de","8":"pa_climatologia-temperatura-templada-de","9":"pa_deporte-ciclismo-de","10":"pa_genero-mujer-de","11":"pa_genero-infantil-de","12":"pa_genero-hombre-de","13":"pa_patronaje-fit-de","14":"pa_patronaje-regular-de","15":"pa_tipo-de-prenda-chaleco-de","16":"custom_category-personalisierte-fahrradbekleidung","17":"custom_category-personalisierte-radwesten","18":"custom_category-sport","19":"range-tempus-de","21":"first","22":"instock","23":"product-type-custom"},"acf":[],"yoast_head":"<!-- This site is optimized with the Yoast SEO plugin v27.5 - https:\/\/yoast.com\/product\/yoast-seo-wordpress\/ -->\n<title>Personalisiertes Radweste TEMPUS<\/title>\n<meta name=\"description\" content=\"Diese ultraleichte Weste l\u00e4sst sich ganz einfach in der Trikottasche verstauen, wenn Sie sie nicht ben\u00f6tigen. Die Vorderseite besteht aus einem wasserdichten Dreifachmembrangewebe. Die \u00e4u\u00dfere Schicht fungiert als Barriere, um das Eindringen von Wasser zu verhindern. Die innere Schicht hilft, Schwei\u00df abzuleiten und die Haut trocken zu halten. Die R\u00fcckseite ist mit einem Gitter versehen, um eine \u00dcberhitzung zu vermeiden. So k\u00f6nnen Sie die volle Leistung erbringen. Es verf\u00fcgt \u00fcber 2 \u00d6ffnungen im Lendenbereich, um einfachen Zugriff auf die Taschen des Trikots zu erm\u00f6glichen. Die Taille und die Arml\u00f6cher sind mit einem elastischen Besatz versehen, der daf\u00fcr sorgt, dass die Weste eng am K\u00f6rper anliegt und das Eindringen von Luft verhindert. An der Taille befindet sich ein weiterer elastischer Besatz, der das Trikot an Ihren K\u00f6rper anpasst. Dazu geh\u00f6ren 360\u00b0 reflektierende Linien, die Ihre Sicherheit erh\u00f6hen, da sie das Licht der Fahrzeuge reflektieren.\" \/>\n<meta name=\"robots\" content=\"index, follow, max-snippet:-1, max-image-preview:large, max-video-preview:-1\" \/>\n<link rel=\"canonical\" href=\"https:\/\/www.inverseteams.com\/de\/produkt\/personalisiertes-radweste-tempus\/\" \/>\n<meta property=\"og:locale\" content=\"de_DE\" \/>\n<meta property=\"og:type\" content=\"article\" \/>\n<meta property=\"og:title\" content=\"Personalisiertes Radweste TEMPUS\" \/>\n<meta property=\"og:description\" content=\"Diese ultraleichte Weste l\u00e4sst sich ganz einfach in der Trikottasche verstauen, wenn Sie sie nicht ben\u00f6tigen. Die Vorderseite besteht aus einem wasserdichten Dreifachmembrangewebe. Die \u00e4u\u00dfere Schicht fungiert als Barriere, um das Eindringen von Wasser zu verhindern. Die innere Schicht hilft, Schwei\u00df abzuleiten und die Haut trocken zu halten. Die R\u00fcckseite ist mit einem Gitter versehen, um eine \u00dcberhitzung zu vermeiden. So k\u00f6nnen Sie die volle Leistung erbringen. Es verf\u00fcgt \u00fcber 2 \u00d6ffnungen im Lendenbereich, um einfachen Zugriff auf die Taschen des Trikots zu erm\u00f6glichen. Die Taille und die Arml\u00f6cher sind mit einem elastischen Besatz versehen, der daf\u00fcr sorgt, dass die Weste eng am K\u00f6rper anliegt und das Eindringen von Luft verhindert. An der Taille befindet sich ein weiterer elastischer Besatz, der das Trikot an Ihren K\u00f6rper anpasst. Dazu geh\u00f6ren 360\u00b0 reflektierende Linien, die Ihre Sicherheit erh\u00f6hen, da sie das Licht der Fahrzeuge reflektieren.\" \/>\n<meta property=\"og:url\" content=\"https:\/\/www.inverseteams.com\/de\/produkt\/personalisiertes-radweste-tempus\/\" \/>\n<meta property=\"og:site_name\" content=\"Inverseteams\" \/>\n<meta property=\"article:publisher\" content=\"https:\/\/www.facebook.com\/inverseteams\" \/>\n<meta property=\"article:modified_time\" content=\"2024-12-13T10:23:47+00:00\" \/>\n<meta property=\"og:image\" content=\"https:\/\/www.inverseteams.com\/wp-content\/uploads\/CHALECO-CICLISMO-IMPERMEABLE-PERSONALIZADO-TEMPUS-1.jpg\" \/>\n\t<meta property=\"og:image:width\" content=\"1500\" \/>\n\t<meta property=\"og:image:height\" content=\"1612\" \/>\n\t<meta property=\"og:image:type\" content=\"image\/jpeg\" \/>\n<meta name=\"twitter:card\" content=\"summary_large_image\" \/>\n<meta name=\"twitter:label1\" content=\"Gesch\u00e4tzte Lesezeit\" \/>\n\t<meta name=\"twitter:data1\" content=\"1\u00a0Minute\" \/>\n<script type=\"application\/ld+json\" class=\"yoast-schema-graph\">{\"@context\":\"https:\\\/\\\/schema.org\",\"@graph\":[{\"@type\":\"WebPage\",\"@id\":\"https:\\\/\\\/www.inverseteams.com\\\/de\\\/produkt\\\/personalisiertes-radweste-tempus\\\/\",\"url\":\"https:\\\/\\\/www.inverseteams.com\\\/de\\\/produkt\\\/personalisiertes-radweste-tempus\\\/\",\"name\":\"Personalisiertes Radweste TEMPUS\",\"isPartOf\":{\"@id\":\"https:\\\/\\\/www.inverseteams.com\\\/de\\\/#website\"},\"primaryImageOfPage\":{\"@id\":\"https:\\\/\\\/www.inverseteams.com\\\/de\\\/produkt\\\/personalisiertes-radweste-tempus\\\/#primaryimage\"},\"image\":{\"@id\":\"https:\\\/\\\/www.inverseteams.com\\\/de\\\/produkt\\\/personalisiertes-radweste-tempus\\\/#primaryimage\"},\"thumbnailUrl\":\"https:\\\/\\\/www.inverseteams.com\\\/wp-content\\\/uploads\\\/CHALECO-CICLISMO-IMPERMEABLE-PERSONALIZADO-TEMPUS-1.jpg\",\"datePublished\":\"2021-05-10T09:17:24+00:00\",\"dateModified\":\"2024-12-13T10:23:47+00:00\",\"description\":\"Diese ultraleichte Weste l\u00e4sst sich ganz einfach in der Trikottasche verstauen, wenn Sie sie nicht ben\u00f6tigen. Die Vorderseite besteht aus einem wasserdichten Dreifachmembrangewebe. Die \u00e4u\u00dfere Schicht fungiert als Barriere, um das Eindringen von Wasser zu verhindern. Die innere Schicht hilft, Schwei\u00df abzuleiten und die Haut trocken zu halten. Die R\u00fcckseite ist mit einem Gitter versehen, um eine \u00dcberhitzung zu vermeiden. So k\u00f6nnen Sie die volle Leistung erbringen. Es verf\u00fcgt \u00fcber 2 \u00d6ffnungen im Lendenbereich, um einfachen Zugriff auf die Taschen des Trikots zu erm\u00f6glichen. Die Taille und die Arml\u00f6cher sind mit einem elastischen Besatz versehen, der daf\u00fcr sorgt, dass die Weste eng am K\u00f6rper anliegt und das Eindringen von Luft verhindert. An der Taille befindet sich ein weiterer elastischer Besatz, der das Trikot an Ihren K\u00f6rper anpasst. Dazu geh\u00f6ren 360\u00b0 reflektierende Linien, die Ihre Sicherheit erh\u00f6hen, da sie das Licht der Fahrzeuge reflektieren.\",\"breadcrumb\":{\"@id\":\"https:\\\/\\\/www.inverseteams.com\\\/de\\\/produkt\\\/personalisiertes-radweste-tempus\\\/#breadcrumb\"},\"inLanguage\":\"de\",\"potentialAction\":[{\"@type\":\"ReadAction\",\"target\":[\"https:\\\/\\\/www.inverseteams.com\\\/de\\\/produkt\\\/personalisiertes-radweste-tempus\\\/\"]}]},{\"@type\":\"ImageObject\",\"inLanguage\":\"de\",\"@id\":\"https:\\\/\\\/www.inverseteams.com\\\/de\\\/produkt\\\/personalisiertes-radweste-tempus\\\/#primaryimage\",\"url\":\"https:\\\/\\\/www.inverseteams.com\\\/wp-content\\\/uploads\\\/CHALECO-CICLISMO-IMPERMEABLE-PERSONALIZADO-TEMPUS-1.jpg\",\"contentUrl\":\"https:\\\/\\\/www.inverseteams.com\\\/wp-content\\\/uploads\\\/CHALECO-CICLISMO-IMPERMEABLE-PERSONALIZADO-TEMPUS-1.jpg\",\"width\":1500,\"height\":1612,\"caption\":\"veste imperm\u00e9able v\u00e9lo personnalis\u00e9\"},{\"@type\":\"BreadcrumbList\",\"@id\":\"https:\\\/\\\/www.inverseteams.com\\\/de\\\/produkt\\\/personalisiertes-radweste-tempus\\\/#breadcrumb\",\"itemListElement\":[{\"@type\":\"ListItem\",\"position\":1,\"name\":\"Portada\",\"item\":\"https:\\\/\\\/www.inverseteams.com\\\/de\\\/\"},{\"@type\":\"ListItem\",\"position\":2,\"name\":\"Speichern\",\"item\":\"https:\\\/\\\/www.inverseteams.com\\\/de\\\/speichern\\\/\"},{\"@type\":\"ListItem\",\"position\":3,\"name\":\"Personalisiertes Radweste TEMPUS\"}]},{\"@type\":\"WebSite\",\"@id\":\"https:\\\/\\\/www.inverseteams.com\\\/de\\\/#website\",\"url\":\"https:\\\/\\\/www.inverseteams.com\\\/de\\\/\",\"name\":\"Inverseteams\",\"description\":\"Tu marca de ropa deportiva personalizada\",\"publisher\":{\"@id\":\"https:\\\/\\\/www.inverseteams.com\\\/de\\\/#organization\"},\"potentialAction\":[{\"@type\":\"SearchAction\",\"target\":{\"@type\":\"EntryPoint\",\"urlTemplate\":\"https:\\\/\\\/www.inverseteams.com\\\/de\\\/?s={search_term_string}\"},\"query-input\":{\"@type\":\"PropertyValueSpecification\",\"valueRequired\":true,\"valueName\":\"search_term_string\"}}],\"inLanguage\":\"de\"},{\"@type\":\"Organization\",\"@id\":\"https:\\\/\\\/www.inverseteams.com\\\/de\\\/#organization\",\"name\":\"Inverse Teams\",\"url\":\"https:\\\/\\\/www.inverseteams.com\\\/de\\\/\",\"logo\":{\"@type\":\"ImageObject\",\"inLanguage\":\"de\",\"@id\":\"https:\\\/\\\/www.inverseteams.com\\\/de\\\/#\\\/schema\\\/logo\\\/image\\\/\",\"url\":\"https:\\\/\\\/www.inverseteams.com\\\/wp-content\\\/uploads\\\/2021\\\/03\\\/logo-inverse-teams.png\",\"contentUrl\":\"https:\\\/\\\/www.inverseteams.com\\\/wp-content\\\/uploads\\\/2021\\\/03\\\/logo-inverse-teams.png\",\"width\":294,\"height\":99,\"caption\":\"Inverse Teams\"},\"image\":{\"@id\":\"https:\\\/\\\/www.inverseteams.com\\\/de\\\/#\\\/schema\\\/logo\\\/image\\\/\"},\"sameAs\":[\"https:\\\/\\\/www.facebook.com\\\/inverseteams\",\"http:\\\/\\\/instagram.com\\\/inverseteams\",\"https:\\\/\\\/www.linkedin.com\\\/company\\\/inverse-cirosport-s-l-?trk=job_view_topcard_company_name\",\"http:\\\/\\\/www.pinterest.com\\\/inverseteams\\\/\",\"http:\\\/\\\/www.youtube.com\\\/user\\\/inverseteams?feature=watch\"]}]}<\/script>\n<!-- \/ Yoast SEO plugin. -->","yoast_head_json":{"title":"Personalisiertes Radweste TEMPUS","description":"Diese ultraleichte Weste l\u00e4sst sich ganz einfach in der Trikottasche verstauen, wenn Sie sie nicht ben\u00f6tigen. Die Vorderseite besteht aus einem wasserdichten Dreifachmembrangewebe. Die \u00e4u\u00dfere Schicht fungiert als Barriere, um das Eindringen von Wasser zu verhindern. Die innere Schicht hilft, Schwei\u00df abzuleiten und die Haut trocken zu halten. Die R\u00fcckseite ist mit einem Gitter versehen, um eine \u00dcberhitzung zu vermeiden. So k\u00f6nnen Sie die volle Leistung erbringen. Es verf\u00fcgt \u00fcber 2 \u00d6ffnungen im Lendenbereich, um einfachen Zugriff auf die Taschen des Trikots zu erm\u00f6glichen. Die Taille und die Arml\u00f6cher sind mit einem elastischen Besatz versehen, der daf\u00fcr sorgt, dass die Weste eng am K\u00f6rper anliegt und das Eindringen von Luft verhindert. An der Taille befindet sich ein weiterer elastischer Besatz, der das Trikot an Ihren K\u00f6rper anpasst. Dazu geh\u00f6ren 360\u00b0 reflektierende Linien, die Ihre Sicherheit erh\u00f6hen, da sie das Licht der Fahrzeuge reflektieren.","robots":{"index":"index","follow":"follow","max-snippet":"max-snippet:-1","max-image-preview":"max-image-preview:large","max-video-preview":"max-video-preview:-1"},"canonical":"https:\/\/www.inverseteams.com\/de\/produkt\/personalisiertes-radweste-tempus\/","og_locale":"de_DE","og_type":"article","og_title":"Personalisiertes Radweste TEMPUS","og_description":"Diese ultraleichte Weste l\u00e4sst sich ganz einfach in der Trikottasche verstauen, wenn Sie sie nicht ben\u00f6tigen. Die Vorderseite besteht aus einem wasserdichten Dreifachmembrangewebe. Die \u00e4u\u00dfere Schicht fungiert als Barriere, um das Eindringen von Wasser zu verhindern. Die innere Schicht hilft, Schwei\u00df abzuleiten und die Haut trocken zu halten. Die R\u00fcckseite ist mit einem Gitter versehen, um eine \u00dcberhitzung zu vermeiden. So k\u00f6nnen Sie die volle Leistung erbringen. Es verf\u00fcgt \u00fcber 2 \u00d6ffnungen im Lendenbereich, um einfachen Zugriff auf die Taschen des Trikots zu erm\u00f6glichen. Die Taille und die Arml\u00f6cher sind mit einem elastischen Besatz versehen, der daf\u00fcr sorgt, dass die Weste eng am K\u00f6rper anliegt und das Eindringen von Luft verhindert. An der Taille befindet sich ein weiterer elastischer Besatz, der das Trikot an Ihren K\u00f6rper anpasst. Dazu geh\u00f6ren 360\u00b0 reflektierende Linien, die Ihre Sicherheit erh\u00f6hen, da sie das Licht der Fahrzeuge reflektieren.","og_url":"https:\/\/www.inverseteams.com\/de\/produkt\/personalisiertes-radweste-tempus\/","og_site_name":"Inverseteams","article_publisher":"https:\/\/www.facebook.com\/inverseteams","article_modified_time":"2024-12-13T10:23:47+00:00","og_image":[{"width":1500,"height":1612,"url":"https:\/\/www.inverseteams.com\/wp-content\/uploads\/CHALECO-CICLISMO-IMPERMEABLE-PERSONALIZADO-TEMPUS-1.jpg","type":"image\/jpeg"}],"twitter_card":"summary_large_image","twitter_misc":{"Gesch\u00e4tzte Lesezeit":"1\u00a0Minute"},"schema":{"@context":"https:\/\/schema.org","@graph":[{"@type":"WebPage","@id":"https:\/\/www.inverseteams.com\/de\/produkt\/personalisiertes-radweste-tempus\/","url":"https:\/\/www.inverseteams.com\/de\/produkt\/personalisiertes-radweste-tempus\/","name":"Personalisiertes Radweste TEMPUS","isPartOf":{"@id":"https:\/\/www.inverseteams.com\/de\/#website"},"primaryImageOfPage":{"@id":"https:\/\/www.inverseteams.com\/de\/produkt\/personalisiertes-radweste-tempus\/#primaryimage"},"image":{"@id":"https:\/\/www.inverseteams.com\/de\/produkt\/personalisiertes-radweste-tempus\/#primaryimage"},"thumbnailUrl":"https:\/\/www.inverseteams.com\/wp-content\/uploads\/CHALECO-CICLISMO-IMPERMEABLE-PERSONALIZADO-TEMPUS-1.jpg","datePublished":"2021-05-10T09:17:24+00:00","dateModified":"2024-12-13T10:23:47+00:00","description":"Diese ultraleichte Weste l\u00e4sst sich ganz einfach in der Trikottasche verstauen, wenn Sie sie nicht ben\u00f6tigen. Die Vorderseite besteht aus einem wasserdichten Dreifachmembrangewebe. Die \u00e4u\u00dfere Schicht fungiert als Barriere, um das Eindringen von Wasser zu verhindern. Die innere Schicht hilft, Schwei\u00df abzuleiten und die Haut trocken zu halten. Die R\u00fcckseite ist mit einem Gitter versehen, um eine \u00dcberhitzung zu vermeiden. So k\u00f6nnen Sie die volle Leistung erbringen. Es verf\u00fcgt \u00fcber 2 \u00d6ffnungen im Lendenbereich, um einfachen Zugriff auf die Taschen des Trikots zu erm\u00f6glichen. Die Taille und die Arml\u00f6cher sind mit einem elastischen Besatz versehen, der daf\u00fcr sorgt, dass die Weste eng am K\u00f6rper anliegt und das Eindringen von Luft verhindert. An der Taille befindet sich ein weiterer elastischer Besatz, der das Trikot an Ihren K\u00f6rper anpasst. Dazu geh\u00f6ren 360\u00b0 reflektierende Linien, die Ihre Sicherheit erh\u00f6hen, da sie das Licht der Fahrzeuge reflektieren.","breadcrumb":{"@id":"https:\/\/www.inverseteams.com\/de\/produkt\/personalisiertes-radweste-tempus\/#breadcrumb"},"inLanguage":"de","potentialAction":[{"@type":"ReadAction","target":["https:\/\/www.inverseteams.com\/de\/produkt\/personalisiertes-radweste-tempus\/"]}]},{"@type":"ImageObject","inLanguage":"de","@id":"https:\/\/www.inverseteams.com\/de\/produkt\/personalisiertes-radweste-tempus\/#primaryimage","url":"https:\/\/www.inverseteams.com\/wp-content\/uploads\/CHALECO-CICLISMO-IMPERMEABLE-PERSONALIZADO-TEMPUS-1.jpg","contentUrl":"https:\/\/www.inverseteams.com\/wp-content\/uploads\/CHALECO-CICLISMO-IMPERMEABLE-PERSONALIZADO-TEMPUS-1.jpg","width":1500,"height":1612,"caption":"veste imperm\u00e9able v\u00e9lo personnalis\u00e9"},{"@type":"BreadcrumbList","@id":"https:\/\/www.inverseteams.com\/de\/produkt\/personalisiertes-radweste-tempus\/#breadcrumb","itemListElement":[{"@type":"ListItem","position":1,"name":"Portada","item":"https:\/\/www.inverseteams.com\/de\/"},{"@type":"ListItem","position":2,"name":"Speichern","item":"https:\/\/www.inverseteams.com\/de\/speichern\/"},{"@type":"ListItem","position":3,"name":"Personalisiertes Radweste TEMPUS"}]},{"@type":"WebSite","@id":"https:\/\/www.inverseteams.com\/de\/#website","url":"https:\/\/www.inverseteams.com\/de\/","name":"Inverseteams","description":"Tu marca de ropa deportiva personalizada","publisher":{"@id":"https:\/\/www.inverseteams.com\/de\/#organization"},"potentialAction":[{"@type":"SearchAction","target":{"@type":"EntryPoint","urlTemplate":"https:\/\/www.inverseteams.com\/de\/?s={search_term_string}"},"query-input":{"@type":"PropertyValueSpecification","valueRequired":true,"valueName":"search_term_string"}}],"inLanguage":"de"},{"@type":"Organization","@id":"https:\/\/www.inverseteams.com\/de\/#organization","name":"Inverse Teams","url":"https:\/\/www.inverseteams.com\/de\/","logo":{"@type":"ImageObject","inLanguage":"de","@id":"https:\/\/www.inverseteams.com\/de\/#\/schema\/logo\/image\/","url":"https:\/\/www.inverseteams.com\/wp-content\/uploads\/2021\/03\/logo-inverse-teams.png","contentUrl":"https:\/\/www.inverseteams.com\/wp-content\/uploads\/2021\/03\/logo-inverse-teams.png","width":294,"height":99,"caption":"Inverse Teams"},"image":{"@id":"https:\/\/www.inverseteams.com\/de\/#\/schema\/logo\/image\/"},"sameAs":["https:\/\/www.facebook.com\/inverseteams","http:\/\/instagram.com\/inverseteams","https:\/\/www.linkedin.com\/company\/inverse-cirosport-s-l-?trk=job_view_topcard_company_name","http:\/\/www.pinterest.com\/inverseteams\/","http:\/\/www.youtube.com\/user\/inverseteams?feature=watch"]}]}},"_links":{"self":[{"href":"https:\/\/www.inverseteams.com\/de\/wp-json\/wp\/v2\/product\/173980","targetHints":{"allow":["GET"]}}],"collection":[{"href":"https:\/\/www.inverseteams.com\/de\/wp-json\/wp\/v2\/product"}],"about":[{"href":"https:\/\/www.inverseteams.com\/de\/wp-json\/wp\/v2\/types\/product"}],"replies":[{"embeddable":true,"href":"https:\/\/www.inverseteams.com\/de\/wp-json\/wp\/v2\/comments?post=173980"}],"wp:featuredmedia":[{"embeddable":true,"href":"https:\/\/www.inverseteams.com\/de\/wp-json\/wp\/v2\/media\/223795"}],"wp:attachment":[{"href":"https:\/\/www.inverseteams.com\/de\/wp-json\/wp\/v2\/media?parent=173980"}],"wp:term":[{"taxonomy":"product_brand","embeddable":true,"href":"https:\/\/www.inverseteams.com\/de\/wp-json\/wp\/v2\/product_brand?post=173980"},{"taxonomy":"product_cat","embeddable":true,"href":"https:\/\/www.inverseteams.com\/de\/wp-json\/wp\/v2\/product_cat?post=173980"},{"taxonomy":"product_tag","embeddable":true,"href":"https:\/\/www.inverseteams.com\/de\/wp-json\/wp\/v2\/product_tag?post=173980"},{"taxonomy":"custom_category","embeddable":true,"href":"https:\/\/www.inverseteams.com\/de\/wp-json\/wp\/v2\/custom_category?post=173980"},{"taxonomy":"range","embeddable":true,"href":"https:\/\/www.inverseteams.com\/de\/wp-json\/wp\/v2\/range?post=173980"}],"curies":[{"name":"wp","href":"https:\/\/api.w.org\/{rel}","templated":true}]}}