{"id":173978,"date":"2021-05-10T08:31:06","date_gmt":"2021-05-10T09:17:55","guid":{"rendered":"https:\/\/www.inverseteams.com\/product\/triathlon-top-aqua\/"},"modified":"2024-02-06T09:31:35","modified_gmt":"2024-02-06T09:31:35","slug":"personalisiertes-triathlon-top-aqua","status":"publish","type":"product","link":"https:\/\/www.inverseteams.com\/de\/produkt\/personalisiertes-triathlon-top-aqua\/","title":{"rendered":"Personalisiertes Triathlon-top AQUA"},"content":{"rendered":"<p>Die Stoffbehandlung weist Wasser ab und hilft Ihnen, beim Schwimmen leichter zu gleiten und beim \u00dcbergang schnell zu trocknen. Diese Eigenschaft ist ideal f\u00fcr Tests, bei denen kein Neopren verwendet wird. Perfektes Tritop f\u00fcr die anspruchsvollsten Tests. Die Elastizit\u00e4t und Leichtigkeit des Stoffes erm\u00f6glichen Ihnen v\u00f6llige Bewegungsfreiheit und Sie werden w\u00e4hrend der verschiedenen Phasen des Triathlons kein Unbehagen versp\u00fcren.<br \/>\nDer Hals und die Hosentr\u00e4ger sind mit dem Evolution-Besatz versehen. Es ist fein und glatt und verursacht keine Kratzer. Dar\u00fcber hinaus ist es elastisch und passt sich perfekt dem K\u00f6rper an, um m\u00f6glichst viel Wasser beim Schwimmen oder Luft beim Radfahren zu verhindern.<br \/>\nDer elastische Rei\u00dfverschluss passt sich allen Positionen an, ohne Sie zu st\u00f6ren. Im Lendenbereich befindet sich eine elastische Gittertasche, die Wasser schnell ableitet und sich sehr gut zur Aufbewahrung der N\u00e4hrstoffriegel eignet.<br \/>\nAlle Panels, aus denen es besteht, wurden so konzipiert, dass sie in alle Positionen passen und Ihre Leistung optimieren. Die flachen N\u00e4hte, die sie verbinden, sind sehr widerstandsf\u00e4hig und verleihen dem St\u00fcck zudem ein sehr attraktives Design.<\/p>\n","protected":false},"excerpt":{"rendered":"<p>Die Stoffbehandlung weist Wasser ab und hilft Ihnen, beim Schwimmen leichter zu gleiten und beim \u00dcbergang schnell zu trocknen. Diese Eigenschaft ist ideal f\u00fcr Tests, bei denen kein Neopren verwendet wird. Perfektes Tritop f\u00fcr die anspruchsvollsten Tests. Die Elastizit\u00e4t und Leichtigkeit des Stoffes erm\u00f6glichen Ihnen v\u00f6llige Bewegungsfreiheit und Sie werden w\u00e4hrend der verschiedenen Phasen des Triathlons kein Unbehagen versp\u00fcren.<br \/>\nDer Hals und die Hosentr\u00e4ger sind mit dem Evolution-Besatz versehen. Es ist fein und glatt und verursacht keine Kratzer. Dar\u00fcber hinaus ist es elastisch und passt sich perfekt dem K\u00f6rper an, um m\u00f6glichst viel Wasser beim Schwimmen oder Luft beim Radfahren zu verhindern.<br \/>\nDer elastische Rei\u00dfverschluss passt sich allen Positionen an, ohne Sie zu st\u00f6ren. Im Lendenbereich befindet sich eine elastische Gittertasche, die Wasser schnell ableitet und sich sehr gut zur Aufbewahrung der N\u00e4hrstoffriegel eignet.<br \/>\nAlle Panels, aus denen es besteht, wurden so konzipiert, dass sie in alle Positionen passen und Ihre Leistung optimieren. Die flachen N\u00e4hte, die sie verbinden, sind sehr widerstandsf\u00e4hig und verleihen dem St\u00fcck zudem ein sehr attraktives Design.<\/p>\n","protected":false},"featured_media":165490,"comment_status":"closed","ping_status":"closed","template":"","meta":{"_acf_changed":false},"product_brand":[],"product_cat":[11218],"product_tag":[],"custom_category":[11411,11338,11240],"range":[11342],"class_list":{"0":"post-173978","1":"product","2":"type-product","3":"status-publish","4":"has-post-thumbnail","6":"product_cat-uncategorized-de","7":"pa_climatologia-calor-de","8":"pa_deporte-triatlon-de","9":"pa_genero-hombre-de","10":"pa_patronaje-fit-de","11":"pa_tipo-de-prenda-tritop-de","12":"custom_category-personalisierte-triathlon-top","13":"custom_category-personalisierte-triathlonbekleidung","14":"custom_category-sport","15":"range-aqua-de","17":"first","18":"instock","19":"product-type-custom"},"acf":[],"yoast_head":"<!-- This site is optimized with the Yoast SEO plugin v27.3 - https:\/\/yoast.com\/product\/yoast-seo-wordpress\/ -->\n<title>Personalisiertes Triathlon-top AQUA<\/title>\n<meta name=\"description\" content=\"Die Stoffbehandlung weist Wasser ab und hilft Ihnen, beim Schwimmen leichter zu gleiten und beim \u00dcbergang schnell zu trocknen. Diese Eigenschaft ist ideal f\u00fcr Tests, bei denen kein Neopren verwendet wird. Perfektes Tritop f\u00fcr die anspruchsvollsten Tests. Die Elastizit\u00e4t und Leichtigkeit des Stoffes erm\u00f6glichen Ihnen v\u00f6llige Bewegungsfreiheit und Sie werden w\u00e4hrend der verschiedenen Phasen des Triathlons kein Unbehagen versp\u00fcren. Der Hals und die Hosentr\u00e4ger sind mit dem Evolution-Besatz versehen. Es ist fein und glatt und verursacht keine Kratzer. Dar\u00fcber hinaus ist es elastisch und passt sich perfekt dem K\u00f6rper an, um m\u00f6glichst viel Wasser beim Schwimmen oder Luft beim Radfahren zu verhindern. Der elastische Rei\u00dfverschluss passt sich allen Positionen an, ohne Sie zu st\u00f6ren. Im Lendenbereich befindet sich eine elastische Gittertasche, die Wasser schnell ableitet und sich sehr gut zur Aufbewahrung der N\u00e4hrstoffriegel eignet. Alle Panels, aus denen es besteht, wurden so konzipiert, dass sie in alle Positionen passen und Ihre Leistung optimieren. Die flachen N\u00e4hte, die sie verbinden, sind sehr widerstandsf\u00e4hig und verleihen dem St\u00fcck zudem ein sehr attraktives Design.\" \/>\n<meta name=\"robots\" content=\"index, follow, max-snippet:-1, max-image-preview:large, max-video-preview:-1\" \/>\n<link rel=\"canonical\" href=\"https:\/\/www.inverseteams.com\/de\/produkt\/personalisiertes-triathlon-top-aqua\/\" \/>\n<meta property=\"og:locale\" content=\"de_DE\" \/>\n<meta property=\"og:type\" content=\"article\" \/>\n<meta property=\"og:title\" content=\"Personalisiertes Triathlon-top AQUA\" \/>\n<meta property=\"og:description\" content=\"Die Stoffbehandlung weist Wasser ab und hilft Ihnen, beim Schwimmen leichter zu gleiten und beim \u00dcbergang schnell zu trocknen. Diese Eigenschaft ist ideal f\u00fcr Tests, bei denen kein Neopren verwendet wird. Perfektes Tritop f\u00fcr die anspruchsvollsten Tests. Die Elastizit\u00e4t und Leichtigkeit des Stoffes erm\u00f6glichen Ihnen v\u00f6llige Bewegungsfreiheit und Sie werden w\u00e4hrend der verschiedenen Phasen des Triathlons kein Unbehagen versp\u00fcren. Der Hals und die Hosentr\u00e4ger sind mit dem Evolution-Besatz versehen. Es ist fein und glatt und verursacht keine Kratzer. Dar\u00fcber hinaus ist es elastisch und passt sich perfekt dem K\u00f6rper an, um m\u00f6glichst viel Wasser beim Schwimmen oder Luft beim Radfahren zu verhindern. Der elastische Rei\u00dfverschluss passt sich allen Positionen an, ohne Sie zu st\u00f6ren. Im Lendenbereich befindet sich eine elastische Gittertasche, die Wasser schnell ableitet und sich sehr gut zur Aufbewahrung der N\u00e4hrstoffriegel eignet. Alle Panels, aus denen es besteht, wurden so konzipiert, dass sie in alle Positionen passen und Ihre Leistung optimieren. Die flachen N\u00e4hte, die sie verbinden, sind sehr widerstandsf\u00e4hig und verleihen dem St\u00fcck zudem ein sehr attraktives Design.\" \/>\n<meta property=\"og:url\" content=\"https:\/\/www.inverseteams.com\/de\/produkt\/personalisiertes-triathlon-top-aqua\/\" \/>\n<meta property=\"og:site_name\" content=\"Inverseteams\" \/>\n<meta property=\"article:publisher\" content=\"https:\/\/www.facebook.com\/inverseteams\" \/>\n<meta property=\"article:modified_time\" content=\"2024-02-06T09:31:35+00:00\" \/>\n<meta property=\"og:image\" content=\"https:\/\/www.inverseteams.com\/wp-content\/uploads\/TRITOP-AQUA-1-1.jpg\" \/>\n\t<meta property=\"og:image:width\" content=\"3222\" \/>\n\t<meta property=\"og:image:height\" content=\"3462\" \/>\n\t<meta property=\"og:image:type\" content=\"image\/jpeg\" \/>\n<meta name=\"twitter:card\" content=\"summary_large_image\" \/>\n<meta name=\"twitter:label1\" content=\"Gesch\u00e4tzte Lesezeit\" \/>\n\t<meta name=\"twitter:data1\" content=\"1\u00a0Minute\" \/>\n<script type=\"application\/ld+json\" class=\"yoast-schema-graph\">{\"@context\":\"https:\\\/\\\/schema.org\",\"@graph\":[{\"@type\":\"WebPage\",\"@id\":\"https:\\\/\\\/www.inverseteams.com\\\/de\\\/produkt\\\/personalisiertes-triathlon-top-aqua\\\/\",\"url\":\"https:\\\/\\\/www.inverseteams.com\\\/de\\\/produkt\\\/personalisiertes-triathlon-top-aqua\\\/\",\"name\":\"Personalisiertes Triathlon-top AQUA\",\"isPartOf\":{\"@id\":\"https:\\\/\\\/www.inverseteams.com\\\/de\\\/#website\"},\"primaryImageOfPage\":{\"@id\":\"https:\\\/\\\/www.inverseteams.com\\\/de\\\/produkt\\\/personalisiertes-triathlon-top-aqua\\\/#primaryimage\"},\"image\":{\"@id\":\"https:\\\/\\\/www.inverseteams.com\\\/de\\\/produkt\\\/personalisiertes-triathlon-top-aqua\\\/#primaryimage\"},\"thumbnailUrl\":\"https:\\\/\\\/www.inverseteams.com\\\/wp-content\\\/uploads\\\/TRITOP-AQUA-1-1.jpg\",\"datePublished\":\"2021-05-10T09:17:55+00:00\",\"dateModified\":\"2024-02-06T09:31:35+00:00\",\"description\":\"Die Stoffbehandlung weist Wasser ab und hilft Ihnen, beim Schwimmen leichter zu gleiten und beim \u00dcbergang schnell zu trocknen. Diese Eigenschaft ist ideal f\u00fcr Tests, bei denen kein Neopren verwendet wird. Perfektes Tritop f\u00fcr die anspruchsvollsten Tests. Die Elastizit\u00e4t und Leichtigkeit des Stoffes erm\u00f6glichen Ihnen v\u00f6llige Bewegungsfreiheit und Sie werden w\u00e4hrend der verschiedenen Phasen des Triathlons kein Unbehagen versp\u00fcren. Der Hals und die Hosentr\u00e4ger sind mit dem Evolution-Besatz versehen. Es ist fein und glatt und verursacht keine Kratzer. Dar\u00fcber hinaus ist es elastisch und passt sich perfekt dem K\u00f6rper an, um m\u00f6glichst viel Wasser beim Schwimmen oder Luft beim Radfahren zu verhindern. Der elastische Rei\u00dfverschluss passt sich allen Positionen an, ohne Sie zu st\u00f6ren. Im Lendenbereich befindet sich eine elastische Gittertasche, die Wasser schnell ableitet und sich sehr gut zur Aufbewahrung der N\u00e4hrstoffriegel eignet. Alle Panels, aus denen es besteht, wurden so konzipiert, dass sie in alle Positionen passen und Ihre Leistung optimieren. Die flachen N\u00e4hte, die sie verbinden, sind sehr widerstandsf\u00e4hig und verleihen dem St\u00fcck zudem ein sehr attraktives Design.\",\"breadcrumb\":{\"@id\":\"https:\\\/\\\/www.inverseteams.com\\\/de\\\/produkt\\\/personalisiertes-triathlon-top-aqua\\\/#breadcrumb\"},\"inLanguage\":\"de\",\"potentialAction\":[{\"@type\":\"ReadAction\",\"target\":[\"https:\\\/\\\/www.inverseteams.com\\\/de\\\/produkt\\\/personalisiertes-triathlon-top-aqua\\\/\"]}]},{\"@type\":\"ImageObject\",\"inLanguage\":\"de\",\"@id\":\"https:\\\/\\\/www.inverseteams.com\\\/de\\\/produkt\\\/personalisiertes-triathlon-top-aqua\\\/#primaryimage\",\"url\":\"https:\\\/\\\/www.inverseteams.com\\\/wp-content\\\/uploads\\\/TRITOP-AQUA-1-1.jpg\",\"contentUrl\":\"https:\\\/\\\/www.inverseteams.com\\\/wp-content\\\/uploads\\\/TRITOP-AQUA-1-1.jpg\",\"width\":3222,\"height\":3462,\"caption\":\"top triatlon aqua personalizado\"},{\"@type\":\"BreadcrumbList\",\"@id\":\"https:\\\/\\\/www.inverseteams.com\\\/de\\\/produkt\\\/personalisiertes-triathlon-top-aqua\\\/#breadcrumb\",\"itemListElement\":[{\"@type\":\"ListItem\",\"position\":1,\"name\":\"Portada\",\"item\":\"https:\\\/\\\/www.inverseteams.com\\\/de\\\/\"},{\"@type\":\"ListItem\",\"position\":2,\"name\":\"Speichern\",\"item\":\"https:\\\/\\\/www.inverseteams.com\\\/de\\\/speichern\\\/\"},{\"@type\":\"ListItem\",\"position\":3,\"name\":\"Personalisiertes Triathlon-top AQUA\"}]},{\"@type\":\"WebSite\",\"@id\":\"https:\\\/\\\/www.inverseteams.com\\\/de\\\/#website\",\"url\":\"https:\\\/\\\/www.inverseteams.com\\\/de\\\/\",\"name\":\"Inverseteams\",\"description\":\"Tu marca de ropa deportiva personalizada\",\"publisher\":{\"@id\":\"https:\\\/\\\/www.inverseteams.com\\\/de\\\/#organization\"},\"potentialAction\":[{\"@type\":\"SearchAction\",\"target\":{\"@type\":\"EntryPoint\",\"urlTemplate\":\"https:\\\/\\\/www.inverseteams.com\\\/de\\\/?s={search_term_string}\"},\"query-input\":{\"@type\":\"PropertyValueSpecification\",\"valueRequired\":true,\"valueName\":\"search_term_string\"}}],\"inLanguage\":\"de\"},{\"@type\":\"Organization\",\"@id\":\"https:\\\/\\\/www.inverseteams.com\\\/de\\\/#organization\",\"name\":\"Inverse Teams\",\"url\":\"https:\\\/\\\/www.inverseteams.com\\\/de\\\/\",\"logo\":{\"@type\":\"ImageObject\",\"inLanguage\":\"de\",\"@id\":\"https:\\\/\\\/www.inverseteams.com\\\/de\\\/#\\\/schema\\\/logo\\\/image\\\/\",\"url\":\"https:\\\/\\\/www.inverseteams.com\\\/wp-content\\\/uploads\\\/2021\\\/03\\\/logo-inverse-teams.png\",\"contentUrl\":\"https:\\\/\\\/www.inverseteams.com\\\/wp-content\\\/uploads\\\/2021\\\/03\\\/logo-inverse-teams.png\",\"width\":294,\"height\":99,\"caption\":\"Inverse Teams\"},\"image\":{\"@id\":\"https:\\\/\\\/www.inverseteams.com\\\/de\\\/#\\\/schema\\\/logo\\\/image\\\/\"},\"sameAs\":[\"https:\\\/\\\/www.facebook.com\\\/inverseteams\",\"http:\\\/\\\/instagram.com\\\/inverseteams\",\"https:\\\/\\\/www.linkedin.com\\\/company\\\/inverse-cirosport-s-l-?trk=job_view_topcard_company_name\",\"http:\\\/\\\/www.pinterest.com\\\/inverseteams\\\/\",\"http:\\\/\\\/www.youtube.com\\\/user\\\/inverseteams?feature=watch\"]}]}<\/script>\n<!-- \/ Yoast SEO plugin. -->","yoast_head_json":{"title":"Personalisiertes Triathlon-top AQUA","description":"Die Stoffbehandlung weist Wasser ab und hilft Ihnen, beim Schwimmen leichter zu gleiten und beim \u00dcbergang schnell zu trocknen. Diese Eigenschaft ist ideal f\u00fcr Tests, bei denen kein Neopren verwendet wird. Perfektes Tritop f\u00fcr die anspruchsvollsten Tests. Die Elastizit\u00e4t und Leichtigkeit des Stoffes erm\u00f6glichen Ihnen v\u00f6llige Bewegungsfreiheit und Sie werden w\u00e4hrend der verschiedenen Phasen des Triathlons kein Unbehagen versp\u00fcren. Der Hals und die Hosentr\u00e4ger sind mit dem Evolution-Besatz versehen. Es ist fein und glatt und verursacht keine Kratzer. Dar\u00fcber hinaus ist es elastisch und passt sich perfekt dem K\u00f6rper an, um m\u00f6glichst viel Wasser beim Schwimmen oder Luft beim Radfahren zu verhindern. Der elastische Rei\u00dfverschluss passt sich allen Positionen an, ohne Sie zu st\u00f6ren. Im Lendenbereich befindet sich eine elastische Gittertasche, die Wasser schnell ableitet und sich sehr gut zur Aufbewahrung der N\u00e4hrstoffriegel eignet. Alle Panels, aus denen es besteht, wurden so konzipiert, dass sie in alle Positionen passen und Ihre Leistung optimieren. Die flachen N\u00e4hte, die sie verbinden, sind sehr widerstandsf\u00e4hig und verleihen dem St\u00fcck zudem ein sehr attraktives Design.","robots":{"index":"index","follow":"follow","max-snippet":"max-snippet:-1","max-image-preview":"max-image-preview:large","max-video-preview":"max-video-preview:-1"},"canonical":"https:\/\/www.inverseteams.com\/de\/produkt\/personalisiertes-triathlon-top-aqua\/","og_locale":"de_DE","og_type":"article","og_title":"Personalisiertes Triathlon-top AQUA","og_description":"Die Stoffbehandlung weist Wasser ab und hilft Ihnen, beim Schwimmen leichter zu gleiten und beim \u00dcbergang schnell zu trocknen. Diese Eigenschaft ist ideal f\u00fcr Tests, bei denen kein Neopren verwendet wird. Perfektes Tritop f\u00fcr die anspruchsvollsten Tests. Die Elastizit\u00e4t und Leichtigkeit des Stoffes erm\u00f6glichen Ihnen v\u00f6llige Bewegungsfreiheit und Sie werden w\u00e4hrend der verschiedenen Phasen des Triathlons kein Unbehagen versp\u00fcren. Der Hals und die Hosentr\u00e4ger sind mit dem Evolution-Besatz versehen. Es ist fein und glatt und verursacht keine Kratzer. Dar\u00fcber hinaus ist es elastisch und passt sich perfekt dem K\u00f6rper an, um m\u00f6glichst viel Wasser beim Schwimmen oder Luft beim Radfahren zu verhindern. Der elastische Rei\u00dfverschluss passt sich allen Positionen an, ohne Sie zu st\u00f6ren. Im Lendenbereich befindet sich eine elastische Gittertasche, die Wasser schnell ableitet und sich sehr gut zur Aufbewahrung der N\u00e4hrstoffriegel eignet. Alle Panels, aus denen es besteht, wurden so konzipiert, dass sie in alle Positionen passen und Ihre Leistung optimieren. Die flachen N\u00e4hte, die sie verbinden, sind sehr widerstandsf\u00e4hig und verleihen dem St\u00fcck zudem ein sehr attraktives Design.","og_url":"https:\/\/www.inverseteams.com\/de\/produkt\/personalisiertes-triathlon-top-aqua\/","og_site_name":"Inverseteams","article_publisher":"https:\/\/www.facebook.com\/inverseteams","article_modified_time":"2024-02-06T09:31:35+00:00","og_image":[{"width":3222,"height":3462,"url":"https:\/\/www.inverseteams.com\/wp-content\/uploads\/TRITOP-AQUA-1-1.jpg","type":"image\/jpeg"}],"twitter_card":"summary_large_image","twitter_misc":{"Gesch\u00e4tzte Lesezeit":"1\u00a0Minute"},"schema":{"@context":"https:\/\/schema.org","@graph":[{"@type":"WebPage","@id":"https:\/\/www.inverseteams.com\/de\/produkt\/personalisiertes-triathlon-top-aqua\/","url":"https:\/\/www.inverseteams.com\/de\/produkt\/personalisiertes-triathlon-top-aqua\/","name":"Personalisiertes Triathlon-top AQUA","isPartOf":{"@id":"https:\/\/www.inverseteams.com\/de\/#website"},"primaryImageOfPage":{"@id":"https:\/\/www.inverseteams.com\/de\/produkt\/personalisiertes-triathlon-top-aqua\/#primaryimage"},"image":{"@id":"https:\/\/www.inverseteams.com\/de\/produkt\/personalisiertes-triathlon-top-aqua\/#primaryimage"},"thumbnailUrl":"https:\/\/www.inverseteams.com\/wp-content\/uploads\/TRITOP-AQUA-1-1.jpg","datePublished":"2021-05-10T09:17:55+00:00","dateModified":"2024-02-06T09:31:35+00:00","description":"Die Stoffbehandlung weist Wasser ab und hilft Ihnen, beim Schwimmen leichter zu gleiten und beim \u00dcbergang schnell zu trocknen. Diese Eigenschaft ist ideal f\u00fcr Tests, bei denen kein Neopren verwendet wird. Perfektes Tritop f\u00fcr die anspruchsvollsten Tests. Die Elastizit\u00e4t und Leichtigkeit des Stoffes erm\u00f6glichen Ihnen v\u00f6llige Bewegungsfreiheit und Sie werden w\u00e4hrend der verschiedenen Phasen des Triathlons kein Unbehagen versp\u00fcren. Der Hals und die Hosentr\u00e4ger sind mit dem Evolution-Besatz versehen. Es ist fein und glatt und verursacht keine Kratzer. Dar\u00fcber hinaus ist es elastisch und passt sich perfekt dem K\u00f6rper an, um m\u00f6glichst viel Wasser beim Schwimmen oder Luft beim Radfahren zu verhindern. Der elastische Rei\u00dfverschluss passt sich allen Positionen an, ohne Sie zu st\u00f6ren. Im Lendenbereich befindet sich eine elastische Gittertasche, die Wasser schnell ableitet und sich sehr gut zur Aufbewahrung der N\u00e4hrstoffriegel eignet. Alle Panels, aus denen es besteht, wurden so konzipiert, dass sie in alle Positionen passen und Ihre Leistung optimieren. Die flachen N\u00e4hte, die sie verbinden, sind sehr widerstandsf\u00e4hig und verleihen dem St\u00fcck zudem ein sehr attraktives Design.","breadcrumb":{"@id":"https:\/\/www.inverseteams.com\/de\/produkt\/personalisiertes-triathlon-top-aqua\/#breadcrumb"},"inLanguage":"de","potentialAction":[{"@type":"ReadAction","target":["https:\/\/www.inverseteams.com\/de\/produkt\/personalisiertes-triathlon-top-aqua\/"]}]},{"@type":"ImageObject","inLanguage":"de","@id":"https:\/\/www.inverseteams.com\/de\/produkt\/personalisiertes-triathlon-top-aqua\/#primaryimage","url":"https:\/\/www.inverseteams.com\/wp-content\/uploads\/TRITOP-AQUA-1-1.jpg","contentUrl":"https:\/\/www.inverseteams.com\/wp-content\/uploads\/TRITOP-AQUA-1-1.jpg","width":3222,"height":3462,"caption":"top triatlon aqua personalizado"},{"@type":"BreadcrumbList","@id":"https:\/\/www.inverseteams.com\/de\/produkt\/personalisiertes-triathlon-top-aqua\/#breadcrumb","itemListElement":[{"@type":"ListItem","position":1,"name":"Portada","item":"https:\/\/www.inverseteams.com\/de\/"},{"@type":"ListItem","position":2,"name":"Speichern","item":"https:\/\/www.inverseteams.com\/de\/speichern\/"},{"@type":"ListItem","position":3,"name":"Personalisiertes Triathlon-top AQUA"}]},{"@type":"WebSite","@id":"https:\/\/www.inverseteams.com\/de\/#website","url":"https:\/\/www.inverseteams.com\/de\/","name":"Inverseteams","description":"Tu marca de ropa deportiva personalizada","publisher":{"@id":"https:\/\/www.inverseteams.com\/de\/#organization"},"potentialAction":[{"@type":"SearchAction","target":{"@type":"EntryPoint","urlTemplate":"https:\/\/www.inverseteams.com\/de\/?s={search_term_string}"},"query-input":{"@type":"PropertyValueSpecification","valueRequired":true,"valueName":"search_term_string"}}],"inLanguage":"de"},{"@type":"Organization","@id":"https:\/\/www.inverseteams.com\/de\/#organization","name":"Inverse Teams","url":"https:\/\/www.inverseteams.com\/de\/","logo":{"@type":"ImageObject","inLanguage":"de","@id":"https:\/\/www.inverseteams.com\/de\/#\/schema\/logo\/image\/","url":"https:\/\/www.inverseteams.com\/wp-content\/uploads\/2021\/03\/logo-inverse-teams.png","contentUrl":"https:\/\/www.inverseteams.com\/wp-content\/uploads\/2021\/03\/logo-inverse-teams.png","width":294,"height":99,"caption":"Inverse Teams"},"image":{"@id":"https:\/\/www.inverseteams.com\/de\/#\/schema\/logo\/image\/"},"sameAs":["https:\/\/www.facebook.com\/inverseteams","http:\/\/instagram.com\/inverseteams","https:\/\/www.linkedin.com\/company\/inverse-cirosport-s-l-?trk=job_view_topcard_company_name","http:\/\/www.pinterest.com\/inverseteams\/","http:\/\/www.youtube.com\/user\/inverseteams?feature=watch"]}]}},"_links":{"self":[{"href":"https:\/\/www.inverseteams.com\/de\/wp-json\/wp\/v2\/product\/173978","targetHints":{"allow":["GET"]}}],"collection":[{"href":"https:\/\/www.inverseteams.com\/de\/wp-json\/wp\/v2\/product"}],"about":[{"href":"https:\/\/www.inverseteams.com\/de\/wp-json\/wp\/v2\/types\/product"}],"replies":[{"embeddable":true,"href":"https:\/\/www.inverseteams.com\/de\/wp-json\/wp\/v2\/comments?post=173978"}],"wp:featuredmedia":[{"embeddable":true,"href":"https:\/\/www.inverseteams.com\/de\/wp-json\/wp\/v2\/media\/165490"}],"wp:attachment":[{"href":"https:\/\/www.inverseteams.com\/de\/wp-json\/wp\/v2\/media?parent=173978"}],"wp:term":[{"taxonomy":"product_brand","embeddable":true,"href":"https:\/\/www.inverseteams.com\/de\/wp-json\/wp\/v2\/product_brand?post=173978"},{"taxonomy":"product_cat","embeddable":true,"href":"https:\/\/www.inverseteams.com\/de\/wp-json\/wp\/v2\/product_cat?post=173978"},{"taxonomy":"product_tag","embeddable":true,"href":"https:\/\/www.inverseteams.com\/de\/wp-json\/wp\/v2\/product_tag?post=173978"},{"taxonomy":"custom_category","embeddable":true,"href":"https:\/\/www.inverseteams.com\/de\/wp-json\/wp\/v2\/custom_category?post=173978"},{"taxonomy":"range","embeddable":true,"href":"https:\/\/www.inverseteams.com\/de\/wp-json\/wp\/v2\/range?post=173978"}],"curies":[{"name":"wp","href":"https:\/\/api.w.org\/{rel}","templated":true}]}}