{"id":173976,"date":"2021-05-10T08:31:43","date_gmt":"2021-05-10T09:18:34","guid":{"rendered":"https:\/\/www.inverseteams.com\/product\/hooded-raincoat-ultra\/"},"modified":"2024-01-29T12:28:32","modified_gmt":"2024-01-29T12:28:32","slug":"personalisiertes-kapuzen-trailrunning-regenjacke-ultra","status":"publish","type":"product","link":"https:\/\/www.inverseteams.com\/de\/produkt\/personalisiertes-kapuzen-trailrunning-regenjacke-ultra\/","title":{"rendered":"Personalisiertes Kapuzen Trailrunning Regenjacke ULTRA"},"content":{"rendered":"<p>Diese ultraleichte wasserdichte Jacke ist ideal gegen Wind und Regen. Es ist so d\u00fcnn und leicht, dass es problemlos in einer Tasche oder in der Rei\u00dfverschlusstasche auf der Brust verstaut werden kann. Dies dient auch als Tasche zur Aufbewahrung aller Gegenst\u00e4nde, die Sie w\u00e4hrend des Trainings mit sich f\u00fchren.<br \/>\nDie Haube sitzt perfekt am Kopf und ist so konzipiert, dass sie bis zum Mund reicht. In der Manschette befindet sich ein elastischer Besatz zum Durchgreifen des Daumens. Auf diese Weise verliert der \u00c4rmel seine Position nicht und Sie k\u00f6nnen mit vollem Komfort laufen.<\/p>\n","protected":false},"excerpt":{"rendered":"<p>Diese ultraleichte wasserdichte Jacke ist ideal gegen Wind und Regen. Es ist so d\u00fcnn und leicht, dass es problemlos in einer Tasche oder in der Rei\u00dfverschlusstasche auf der Brust verstaut werden kann. Dies dient auch als Tasche zur Aufbewahrung aller Gegenst\u00e4nde, die Sie w\u00e4hrend des Trainings mit sich f\u00fchren.<br \/>\nDie Haube sitzt perfekt am Kopf und ist so konzipiert, dass sie bis zum Mund reicht. In der Manschette befindet sich ein elastischer Besatz zum Durchgreifen des Daumens. Auf diese Weise verliert der \u00c4rmel seine Position nicht und Sie k\u00f6nnen mit vollem Komfort laufen.<\/p>\n","protected":false},"featured_media":165400,"comment_status":"closed","ping_status":"closed","template":"","meta":{"_acf_changed":false},"product_brand":[],"product_cat":[11218],"product_tag":[],"custom_category":[11240,11328,11407],"range":[11332],"class_list":{"0":"post-173976","1":"product","2":"type-product","3":"status-publish","4":"has-post-thumbnail","6":"product_cat-uncategorized-de","7":"pa_climatologia-temperatura-templada-de","8":"pa_climatologia-lluvia-de","9":"pa_climatologia-viento-de","10":"pa_deporte-trail-de","11":"pa_genero-infantil-de","12":"pa_genero-hombre-de","13":"pa_genero-mujer-de","14":"pa_patronaje-regular-de","15":"pa_tipo-de-prenda-impermeable-de","16":"custom_category-sport","17":"custom_category-personalisierte-trailrunningbekleidung","18":"custom_category-personalisierte-trailrunningjacken","19":"range-ultra-de","21":"first","22":"instock","23":"product-type-custom"},"acf":[],"yoast_head":"<!-- This site is optimized with the Yoast SEO plugin v27.5 - https:\/\/yoast.com\/product\/yoast-seo-wordpress\/ -->\n<title>Personalisiertes Kapuzen Trailrunning Regenjacke ULTRA<\/title>\n<meta name=\"description\" content=\"Diese ultraleichte wasserdichte Jacke ist ideal gegen Wind und Regen. Es ist so d\u00fcnn und leicht, dass es problemlos in einer Tasche oder in der Rei\u00dfverschlusstasche auf der Brust verstaut werden kann. Dies dient auch als Tasche zur Aufbewahrung aller Gegenst\u00e4nde, die Sie w\u00e4hrend des Trainings mit sich f\u00fchren. Die Haube sitzt perfekt am Kopf und ist so konzipiert, dass sie bis zum Mund reicht. In der Manschette befindet sich ein elastischer Besatz zum Durchgreifen des Daumens. Auf diese Weise verliert der \u00c4rmel seine Position nicht und Sie k\u00f6nnen mit vollem Komfort laufen.\" \/>\n<meta name=\"robots\" content=\"index, follow, max-snippet:-1, max-image-preview:large, max-video-preview:-1\" \/>\n<link rel=\"canonical\" href=\"https:\/\/www.inverseteams.com\/de\/produkt\/personalisiertes-kapuzen-trailrunning-regenjacke-ultra\/\" \/>\n<meta property=\"og:locale\" content=\"de_DE\" \/>\n<meta property=\"og:type\" content=\"article\" \/>\n<meta property=\"og:title\" content=\"Personalisiertes Kapuzen Trailrunning Regenjacke ULTRA\" \/>\n<meta property=\"og:description\" content=\"Diese ultraleichte wasserdichte Jacke ist ideal gegen Wind und Regen. Es ist so d\u00fcnn und leicht, dass es problemlos in einer Tasche oder in der Rei\u00dfverschlusstasche auf der Brust verstaut werden kann. Dies dient auch als Tasche zur Aufbewahrung aller Gegenst\u00e4nde, die Sie w\u00e4hrend des Trainings mit sich f\u00fchren. Die Haube sitzt perfekt am Kopf und ist so konzipiert, dass sie bis zum Mund reicht. In der Manschette befindet sich ein elastischer Besatz zum Durchgreifen des Daumens. Auf diese Weise verliert der \u00c4rmel seine Position nicht und Sie k\u00f6nnen mit vollem Komfort laufen.\" \/>\n<meta property=\"og:url\" content=\"https:\/\/www.inverseteams.com\/de\/produkt\/personalisiertes-kapuzen-trailrunning-regenjacke-ultra\/\" \/>\n<meta property=\"og:site_name\" content=\"Inverseteams\" \/>\n<meta property=\"article:publisher\" content=\"https:\/\/www.facebook.com\/inverseteams\" \/>\n<meta property=\"article:modified_time\" content=\"2024-01-29T12:28:32+00:00\" \/>\n<meta property=\"og:image\" content=\"https:\/\/www.inverseteams.com\/wp-content\/uploads\/IMPERMEABLE-ULTRA-1.jpg\" \/>\n\t<meta property=\"og:image:width\" content=\"3222\" \/>\n\t<meta property=\"og:image:height\" content=\"3462\" \/>\n\t<meta property=\"og:image:type\" content=\"image\/jpeg\" \/>\n<meta name=\"twitter:card\" content=\"summary_large_image\" \/>\n<meta name=\"twitter:label1\" content=\"Gesch\u00e4tzte Lesezeit\" \/>\n\t<meta name=\"twitter:data1\" content=\"1\u00a0Minute\" \/>\n<script type=\"application\/ld+json\" class=\"yoast-schema-graph\">{\"@context\":\"https:\\\/\\\/schema.org\",\"@graph\":[{\"@type\":\"WebPage\",\"@id\":\"https:\\\/\\\/www.inverseteams.com\\\/de\\\/produkt\\\/personalisiertes-kapuzen-trailrunning-regenjacke-ultra\\\/\",\"url\":\"https:\\\/\\\/www.inverseteams.com\\\/de\\\/produkt\\\/personalisiertes-kapuzen-trailrunning-regenjacke-ultra\\\/\",\"name\":\"Personalisiertes Kapuzen Trailrunning Regenjacke ULTRA\",\"isPartOf\":{\"@id\":\"https:\\\/\\\/www.inverseteams.com\\\/de\\\/#website\"},\"primaryImageOfPage\":{\"@id\":\"https:\\\/\\\/www.inverseteams.com\\\/de\\\/produkt\\\/personalisiertes-kapuzen-trailrunning-regenjacke-ultra\\\/#primaryimage\"},\"image\":{\"@id\":\"https:\\\/\\\/www.inverseteams.com\\\/de\\\/produkt\\\/personalisiertes-kapuzen-trailrunning-regenjacke-ultra\\\/#primaryimage\"},\"thumbnailUrl\":\"https:\\\/\\\/www.inverseteams.com\\\/wp-content\\\/uploads\\\/IMPERMEABLE-ULTRA-1.jpg\",\"datePublished\":\"2021-05-10T09:18:34+00:00\",\"dateModified\":\"2024-01-29T12:28:32+00:00\",\"description\":\"Diese ultraleichte wasserdichte Jacke ist ideal gegen Wind und Regen. Es ist so d\u00fcnn und leicht, dass es problemlos in einer Tasche oder in der Rei\u00dfverschlusstasche auf der Brust verstaut werden kann. Dies dient auch als Tasche zur Aufbewahrung aller Gegenst\u00e4nde, die Sie w\u00e4hrend des Trainings mit sich f\u00fchren. Die Haube sitzt perfekt am Kopf und ist so konzipiert, dass sie bis zum Mund reicht. In der Manschette befindet sich ein elastischer Besatz zum Durchgreifen des Daumens. Auf diese Weise verliert der \u00c4rmel seine Position nicht und Sie k\u00f6nnen mit vollem Komfort laufen.\",\"breadcrumb\":{\"@id\":\"https:\\\/\\\/www.inverseteams.com\\\/de\\\/produkt\\\/personalisiertes-kapuzen-trailrunning-regenjacke-ultra\\\/#breadcrumb\"},\"inLanguage\":\"de\",\"potentialAction\":[{\"@type\":\"ReadAction\",\"target\":[\"https:\\\/\\\/www.inverseteams.com\\\/de\\\/produkt\\\/personalisiertes-kapuzen-trailrunning-regenjacke-ultra\\\/\"]}]},{\"@type\":\"ImageObject\",\"inLanguage\":\"de\",\"@id\":\"https:\\\/\\\/www.inverseteams.com\\\/de\\\/produkt\\\/personalisiertes-kapuzen-trailrunning-regenjacke-ultra\\\/#primaryimage\",\"url\":\"https:\\\/\\\/www.inverseteams.com\\\/wp-content\\\/uploads\\\/IMPERMEABLE-ULTRA-1.jpg\",\"contentUrl\":\"https:\\\/\\\/www.inverseteams.com\\\/wp-content\\\/uploads\\\/IMPERMEABLE-ULTRA-1.jpg\",\"width\":3222,\"height\":3462,\"caption\":\"impermeable con capucha trail running personalizable\"},{\"@type\":\"BreadcrumbList\",\"@id\":\"https:\\\/\\\/www.inverseteams.com\\\/de\\\/produkt\\\/personalisiertes-kapuzen-trailrunning-regenjacke-ultra\\\/#breadcrumb\",\"itemListElement\":[{\"@type\":\"ListItem\",\"position\":1,\"name\":\"Portada\",\"item\":\"https:\\\/\\\/www.inverseteams.com\\\/de\\\/\"},{\"@type\":\"ListItem\",\"position\":2,\"name\":\"Speichern\",\"item\":\"https:\\\/\\\/www.inverseteams.com\\\/de\\\/speichern\\\/\"},{\"@type\":\"ListItem\",\"position\":3,\"name\":\"Personalisiertes Kapuzen Trailrunning Regenjacke ULTRA\"}]},{\"@type\":\"WebSite\",\"@id\":\"https:\\\/\\\/www.inverseteams.com\\\/de\\\/#website\",\"url\":\"https:\\\/\\\/www.inverseteams.com\\\/de\\\/\",\"name\":\"Inverseteams\",\"description\":\"Tu marca de ropa deportiva personalizada\",\"publisher\":{\"@id\":\"https:\\\/\\\/www.inverseteams.com\\\/de\\\/#organization\"},\"potentialAction\":[{\"@type\":\"SearchAction\",\"target\":{\"@type\":\"EntryPoint\",\"urlTemplate\":\"https:\\\/\\\/www.inverseteams.com\\\/de\\\/?s={search_term_string}\"},\"query-input\":{\"@type\":\"PropertyValueSpecification\",\"valueRequired\":true,\"valueName\":\"search_term_string\"}}],\"inLanguage\":\"de\"},{\"@type\":\"Organization\",\"@id\":\"https:\\\/\\\/www.inverseteams.com\\\/de\\\/#organization\",\"name\":\"Inverse Teams\",\"url\":\"https:\\\/\\\/www.inverseteams.com\\\/de\\\/\",\"logo\":{\"@type\":\"ImageObject\",\"inLanguage\":\"de\",\"@id\":\"https:\\\/\\\/www.inverseteams.com\\\/de\\\/#\\\/schema\\\/logo\\\/image\\\/\",\"url\":\"https:\\\/\\\/www.inverseteams.com\\\/wp-content\\\/uploads\\\/2021\\\/03\\\/logo-inverse-teams.png\",\"contentUrl\":\"https:\\\/\\\/www.inverseteams.com\\\/wp-content\\\/uploads\\\/2021\\\/03\\\/logo-inverse-teams.png\",\"width\":294,\"height\":99,\"caption\":\"Inverse Teams\"},\"image\":{\"@id\":\"https:\\\/\\\/www.inverseteams.com\\\/de\\\/#\\\/schema\\\/logo\\\/image\\\/\"},\"sameAs\":[\"https:\\\/\\\/www.facebook.com\\\/inverseteams\",\"http:\\\/\\\/instagram.com\\\/inverseteams\",\"https:\\\/\\\/www.linkedin.com\\\/company\\\/inverse-cirosport-s-l-?trk=job_view_topcard_company_name\",\"http:\\\/\\\/www.pinterest.com\\\/inverseteams\\\/\",\"http:\\\/\\\/www.youtube.com\\\/user\\\/inverseteams?feature=watch\"]}]}<\/script>\n<!-- \/ Yoast SEO plugin. -->","yoast_head_json":{"title":"Personalisiertes Kapuzen Trailrunning Regenjacke ULTRA","description":"Diese ultraleichte wasserdichte Jacke ist ideal gegen Wind und Regen. Es ist so d\u00fcnn und leicht, dass es problemlos in einer Tasche oder in der Rei\u00dfverschlusstasche auf der Brust verstaut werden kann. Dies dient auch als Tasche zur Aufbewahrung aller Gegenst\u00e4nde, die Sie w\u00e4hrend des Trainings mit sich f\u00fchren. Die Haube sitzt perfekt am Kopf und ist so konzipiert, dass sie bis zum Mund reicht. In der Manschette befindet sich ein elastischer Besatz zum Durchgreifen des Daumens. Auf diese Weise verliert der \u00c4rmel seine Position nicht und Sie k\u00f6nnen mit vollem Komfort laufen.","robots":{"index":"index","follow":"follow","max-snippet":"max-snippet:-1","max-image-preview":"max-image-preview:large","max-video-preview":"max-video-preview:-1"},"canonical":"https:\/\/www.inverseteams.com\/de\/produkt\/personalisiertes-kapuzen-trailrunning-regenjacke-ultra\/","og_locale":"de_DE","og_type":"article","og_title":"Personalisiertes Kapuzen Trailrunning Regenjacke ULTRA","og_description":"Diese ultraleichte wasserdichte Jacke ist ideal gegen Wind und Regen. Es ist so d\u00fcnn und leicht, dass es problemlos in einer Tasche oder in der Rei\u00dfverschlusstasche auf der Brust verstaut werden kann. Dies dient auch als Tasche zur Aufbewahrung aller Gegenst\u00e4nde, die Sie w\u00e4hrend des Trainings mit sich f\u00fchren. Die Haube sitzt perfekt am Kopf und ist so konzipiert, dass sie bis zum Mund reicht. In der Manschette befindet sich ein elastischer Besatz zum Durchgreifen des Daumens. Auf diese Weise verliert der \u00c4rmel seine Position nicht und Sie k\u00f6nnen mit vollem Komfort laufen.","og_url":"https:\/\/www.inverseteams.com\/de\/produkt\/personalisiertes-kapuzen-trailrunning-regenjacke-ultra\/","og_site_name":"Inverseteams","article_publisher":"https:\/\/www.facebook.com\/inverseteams","article_modified_time":"2024-01-29T12:28:32+00:00","og_image":[{"width":3222,"height":3462,"url":"https:\/\/www.inverseteams.com\/wp-content\/uploads\/IMPERMEABLE-ULTRA-1.jpg","type":"image\/jpeg"}],"twitter_card":"summary_large_image","twitter_misc":{"Gesch\u00e4tzte Lesezeit":"1\u00a0Minute"},"schema":{"@context":"https:\/\/schema.org","@graph":[{"@type":"WebPage","@id":"https:\/\/www.inverseteams.com\/de\/produkt\/personalisiertes-kapuzen-trailrunning-regenjacke-ultra\/","url":"https:\/\/www.inverseteams.com\/de\/produkt\/personalisiertes-kapuzen-trailrunning-regenjacke-ultra\/","name":"Personalisiertes Kapuzen Trailrunning Regenjacke ULTRA","isPartOf":{"@id":"https:\/\/www.inverseteams.com\/de\/#website"},"primaryImageOfPage":{"@id":"https:\/\/www.inverseteams.com\/de\/produkt\/personalisiertes-kapuzen-trailrunning-regenjacke-ultra\/#primaryimage"},"image":{"@id":"https:\/\/www.inverseteams.com\/de\/produkt\/personalisiertes-kapuzen-trailrunning-regenjacke-ultra\/#primaryimage"},"thumbnailUrl":"https:\/\/www.inverseteams.com\/wp-content\/uploads\/IMPERMEABLE-ULTRA-1.jpg","datePublished":"2021-05-10T09:18:34+00:00","dateModified":"2024-01-29T12:28:32+00:00","description":"Diese ultraleichte wasserdichte Jacke ist ideal gegen Wind und Regen. Es ist so d\u00fcnn und leicht, dass es problemlos in einer Tasche oder in der Rei\u00dfverschlusstasche auf der Brust verstaut werden kann. Dies dient auch als Tasche zur Aufbewahrung aller Gegenst\u00e4nde, die Sie w\u00e4hrend des Trainings mit sich f\u00fchren. Die Haube sitzt perfekt am Kopf und ist so konzipiert, dass sie bis zum Mund reicht. In der Manschette befindet sich ein elastischer Besatz zum Durchgreifen des Daumens. Auf diese Weise verliert der \u00c4rmel seine Position nicht und Sie k\u00f6nnen mit vollem Komfort laufen.","breadcrumb":{"@id":"https:\/\/www.inverseteams.com\/de\/produkt\/personalisiertes-kapuzen-trailrunning-regenjacke-ultra\/#breadcrumb"},"inLanguage":"de","potentialAction":[{"@type":"ReadAction","target":["https:\/\/www.inverseteams.com\/de\/produkt\/personalisiertes-kapuzen-trailrunning-regenjacke-ultra\/"]}]},{"@type":"ImageObject","inLanguage":"de","@id":"https:\/\/www.inverseteams.com\/de\/produkt\/personalisiertes-kapuzen-trailrunning-regenjacke-ultra\/#primaryimage","url":"https:\/\/www.inverseteams.com\/wp-content\/uploads\/IMPERMEABLE-ULTRA-1.jpg","contentUrl":"https:\/\/www.inverseteams.com\/wp-content\/uploads\/IMPERMEABLE-ULTRA-1.jpg","width":3222,"height":3462,"caption":"impermeable con capucha trail running personalizable"},{"@type":"BreadcrumbList","@id":"https:\/\/www.inverseteams.com\/de\/produkt\/personalisiertes-kapuzen-trailrunning-regenjacke-ultra\/#breadcrumb","itemListElement":[{"@type":"ListItem","position":1,"name":"Portada","item":"https:\/\/www.inverseteams.com\/de\/"},{"@type":"ListItem","position":2,"name":"Speichern","item":"https:\/\/www.inverseteams.com\/de\/speichern\/"},{"@type":"ListItem","position":3,"name":"Personalisiertes Kapuzen Trailrunning Regenjacke ULTRA"}]},{"@type":"WebSite","@id":"https:\/\/www.inverseteams.com\/de\/#website","url":"https:\/\/www.inverseteams.com\/de\/","name":"Inverseteams","description":"Tu marca de ropa deportiva personalizada","publisher":{"@id":"https:\/\/www.inverseteams.com\/de\/#organization"},"potentialAction":[{"@type":"SearchAction","target":{"@type":"EntryPoint","urlTemplate":"https:\/\/www.inverseteams.com\/de\/?s={search_term_string}"},"query-input":{"@type":"PropertyValueSpecification","valueRequired":true,"valueName":"search_term_string"}}],"inLanguage":"de"},{"@type":"Organization","@id":"https:\/\/www.inverseteams.com\/de\/#organization","name":"Inverse Teams","url":"https:\/\/www.inverseteams.com\/de\/","logo":{"@type":"ImageObject","inLanguage":"de","@id":"https:\/\/www.inverseteams.com\/de\/#\/schema\/logo\/image\/","url":"https:\/\/www.inverseteams.com\/wp-content\/uploads\/2021\/03\/logo-inverse-teams.png","contentUrl":"https:\/\/www.inverseteams.com\/wp-content\/uploads\/2021\/03\/logo-inverse-teams.png","width":294,"height":99,"caption":"Inverse Teams"},"image":{"@id":"https:\/\/www.inverseteams.com\/de\/#\/schema\/logo\/image\/"},"sameAs":["https:\/\/www.facebook.com\/inverseteams","http:\/\/instagram.com\/inverseteams","https:\/\/www.linkedin.com\/company\/inverse-cirosport-s-l-?trk=job_view_topcard_company_name","http:\/\/www.pinterest.com\/inverseteams\/","http:\/\/www.youtube.com\/user\/inverseteams?feature=watch"]}]}},"_links":{"self":[{"href":"https:\/\/www.inverseteams.com\/de\/wp-json\/wp\/v2\/product\/173976","targetHints":{"allow":["GET"]}}],"collection":[{"href":"https:\/\/www.inverseteams.com\/de\/wp-json\/wp\/v2\/product"}],"about":[{"href":"https:\/\/www.inverseteams.com\/de\/wp-json\/wp\/v2\/types\/product"}],"replies":[{"embeddable":true,"href":"https:\/\/www.inverseteams.com\/de\/wp-json\/wp\/v2\/comments?post=173976"}],"wp:featuredmedia":[{"embeddable":true,"href":"https:\/\/www.inverseteams.com\/de\/wp-json\/wp\/v2\/media\/165400"}],"wp:attachment":[{"href":"https:\/\/www.inverseteams.com\/de\/wp-json\/wp\/v2\/media?parent=173976"}],"wp:term":[{"taxonomy":"product_brand","embeddable":true,"href":"https:\/\/www.inverseteams.com\/de\/wp-json\/wp\/v2\/product_brand?post=173976"},{"taxonomy":"product_cat","embeddable":true,"href":"https:\/\/www.inverseteams.com\/de\/wp-json\/wp\/v2\/product_cat?post=173976"},{"taxonomy":"product_tag","embeddable":true,"href":"https:\/\/www.inverseteams.com\/de\/wp-json\/wp\/v2\/product_tag?post=173976"},{"taxonomy":"custom_category","embeddable":true,"href":"https:\/\/www.inverseteams.com\/de\/wp-json\/wp\/v2\/custom_category?post=173976"},{"taxonomy":"range","embeddable":true,"href":"https:\/\/www.inverseteams.com\/de\/wp-json\/wp\/v2\/range?post=173976"}],"curies":[{"name":"wp","href":"https:\/\/api.w.org\/{rel}","templated":true}]}}