{"id":173972,"date":"2021-05-10T08:32:20","date_gmt":"2021-05-10T09:19:16","guid":{"rendered":"https:\/\/www.inverseteams.com\/product\/long-sleeve-fitness-t-shirt-work-out\/"},"modified":"2024-01-31T10:32:14","modified_gmt":"2024-01-31T10:32:14","slug":"personalisiertes-langarm-fitness-shirt-work-out","status":"publish","type":"product","link":"https:\/\/www.inverseteams.com\/de\/produkt\/personalisiertes-langarm-fitness-shirt-work-out\/","title":{"rendered":"Personalisiertes Langarm Fitness Shirt WORK OUT"},"content":{"rendered":"<p>Der Stoff h\u00e4lt die K\u00f6rperw\u00e4rme aufrecht und erm\u00f6glicht es Ihnen au\u00dferdem, Schwei\u00df schnell nach au\u00dfen abzuleiten, um Ihre Haut trocken zu halten. Das neue lang\u00e4rmlige Fitness-Top hilft Ihnen, Ihre Anstrengungen zu optimieren und den Outdoor-Sport zu genie\u00dfen.<br \/>\nDank seiner Elastizit\u00e4t, Leichtigkeit und Weichheit f\u00fchlen Sie sich beim Training sehr wohl.<\/p>\n","protected":false},"excerpt":{"rendered":"<p>Der Stoff h\u00e4lt die K\u00f6rperw\u00e4rme aufrecht und erm\u00f6glicht es Ihnen au\u00dferdem, Schwei\u00df schnell nach au\u00dfen abzuleiten, um Ihre Haut trocken zu halten. Das neue lang\u00e4rmlige Fitness-Top hilft Ihnen, Ihre Anstrengungen zu optimieren und den Outdoor-Sport zu genie\u00dfen.<br \/>\nDank seiner Elastizit\u00e4t, Leichtigkeit und Weichheit f\u00fchlen Sie sich beim Training sehr wohl.<\/p>\n","protected":false},"featured_media":165069,"comment_status":"closed","ping_status":"closed","template":"","meta":{"_acf_changed":false},"product_brand":[],"product_cat":[11218],"product_tag":[],"custom_category":[11305,11240,11308],"range":[11309],"class_list":{"0":"post-173972","1":"product","2":"type-product","3":"status-publish","4":"has-post-thumbnail","6":"product_cat-uncategorized-de","7":"pa_climatologia-temperatura-templada-de","8":"pa_climatologia-frio-de","9":"pa_deporte-fitness-de","10":"pa_genero-mujer-de","11":"pa_genero-infantil-de","12":"pa_genero-hombre-de","13":"pa_patronaje-regular-de","14":"pa_tipo-de-prenda-camiseta-de","15":"custom_category-personalisierte-fitness-shirts","16":"custom_category-sport","17":"custom_category-personalisierte-fitness-bekleidung","18":"range-work-out-de","20":"first","21":"instock","22":"product-type-custom"},"acf":[],"yoast_head":"<!-- This site is optimized with the Yoast SEO plugin v27.3 - https:\/\/yoast.com\/product\/yoast-seo-wordpress\/ -->\n<title>Personalisiertes Langarm Fitness Shirt WORK OUT<\/title>\n<meta name=\"description\" content=\"Der Stoff h\u00e4lt die K\u00f6rperw\u00e4rme aufrecht und erm\u00f6glicht es Ihnen au\u00dferdem, Schwei\u00df schnell nach au\u00dfen abzuleiten, um Ihre Haut trocken zu halten. Das neue lang\u00e4rmlige Fitness-Top hilft Ihnen, Ihre Anstrengungen zu optimieren und den Outdoor-Sport zu genie\u00dfen. Dank seiner Elastizit\u00e4t, Leichtigkeit und Weichheit f\u00fchlen Sie sich beim Training sehr wohl.\" \/>\n<meta name=\"robots\" content=\"index, follow, max-snippet:-1, max-image-preview:large, max-video-preview:-1\" \/>\n<link rel=\"canonical\" href=\"https:\/\/www.inverseteams.com\/de\/produkt\/personalisiertes-langarm-fitness-shirt-work-out\/\" \/>\n<meta property=\"og:locale\" content=\"de_DE\" \/>\n<meta property=\"og:type\" content=\"article\" \/>\n<meta property=\"og:title\" content=\"Personalisiertes Langarm Fitness Shirt WORK OUT\" \/>\n<meta property=\"og:description\" content=\"Der Stoff h\u00e4lt die K\u00f6rperw\u00e4rme aufrecht und erm\u00f6glicht es Ihnen au\u00dferdem, Schwei\u00df schnell nach au\u00dfen abzuleiten, um Ihre Haut trocken zu halten. Das neue lang\u00e4rmlige Fitness-Top hilft Ihnen, Ihre Anstrengungen zu optimieren und den Outdoor-Sport zu genie\u00dfen. Dank seiner Elastizit\u00e4t, Leichtigkeit und Weichheit f\u00fchlen Sie sich beim Training sehr wohl.\" \/>\n<meta property=\"og:url\" content=\"https:\/\/www.inverseteams.com\/de\/produkt\/personalisiertes-langarm-fitness-shirt-work-out\/\" \/>\n<meta property=\"og:site_name\" content=\"Inverseteams\" \/>\n<meta property=\"article:publisher\" content=\"https:\/\/www.facebook.com\/inverseteams\" \/>\n<meta property=\"article:modified_time\" content=\"2024-01-31T10:32:14+00:00\" \/>\n<meta property=\"og:image\" content=\"https:\/\/www.inverseteams.com\/wp-content\/uploads\/CAMISETA-ML-WORK-OUT-1.jpg\" \/>\n\t<meta property=\"og:image:width\" content=\"3222\" \/>\n\t<meta property=\"og:image:height\" content=\"3462\" \/>\n\t<meta property=\"og:image:type\" content=\"image\/jpeg\" \/>\n<meta name=\"twitter:card\" content=\"summary_large_image\" \/>\n<meta name=\"twitter:label1\" content=\"Gesch\u00e4tzte Lesezeit\" \/>\n\t<meta name=\"twitter:data1\" content=\"1\u00a0Minute\" \/>\n<script type=\"application\/ld+json\" class=\"yoast-schema-graph\">{\"@context\":\"https:\\\/\\\/schema.org\",\"@graph\":[{\"@type\":\"WebPage\",\"@id\":\"https:\\\/\\\/www.inverseteams.com\\\/de\\\/produkt\\\/personalisiertes-langarm-fitness-shirt-work-out\\\/\",\"url\":\"https:\\\/\\\/www.inverseteams.com\\\/de\\\/produkt\\\/personalisiertes-langarm-fitness-shirt-work-out\\\/\",\"name\":\"Personalisiertes Langarm Fitness Shirt WORK OUT\",\"isPartOf\":{\"@id\":\"https:\\\/\\\/www.inverseteams.com\\\/de\\\/#website\"},\"primaryImageOfPage\":{\"@id\":\"https:\\\/\\\/www.inverseteams.com\\\/de\\\/produkt\\\/personalisiertes-langarm-fitness-shirt-work-out\\\/#primaryimage\"},\"image\":{\"@id\":\"https:\\\/\\\/www.inverseteams.com\\\/de\\\/produkt\\\/personalisiertes-langarm-fitness-shirt-work-out\\\/#primaryimage\"},\"thumbnailUrl\":\"https:\\\/\\\/www.inverseteams.com\\\/wp-content\\\/uploads\\\/CAMISETA-ML-WORK-OUT-1.jpg\",\"datePublished\":\"2021-05-10T09:19:16+00:00\",\"dateModified\":\"2024-01-31T10:32:14+00:00\",\"description\":\"Der Stoff h\u00e4lt die K\u00f6rperw\u00e4rme aufrecht und erm\u00f6glicht es Ihnen au\u00dferdem, Schwei\u00df schnell nach au\u00dfen abzuleiten, um Ihre Haut trocken zu halten. Das neue lang\u00e4rmlige Fitness-Top hilft Ihnen, Ihre Anstrengungen zu optimieren und den Outdoor-Sport zu genie\u00dfen. Dank seiner Elastizit\u00e4t, Leichtigkeit und Weichheit f\u00fchlen Sie sich beim Training sehr wohl.\",\"breadcrumb\":{\"@id\":\"https:\\\/\\\/www.inverseteams.com\\\/de\\\/produkt\\\/personalisiertes-langarm-fitness-shirt-work-out\\\/#breadcrumb\"},\"inLanguage\":\"de\",\"potentialAction\":[{\"@type\":\"ReadAction\",\"target\":[\"https:\\\/\\\/www.inverseteams.com\\\/de\\\/produkt\\\/personalisiertes-langarm-fitness-shirt-work-out\\\/\"]}]},{\"@type\":\"ImageObject\",\"inLanguage\":\"de\",\"@id\":\"https:\\\/\\\/www.inverseteams.com\\\/de\\\/produkt\\\/personalisiertes-langarm-fitness-shirt-work-out\\\/#primaryimage\",\"url\":\"https:\\\/\\\/www.inverseteams.com\\\/wp-content\\\/uploads\\\/CAMISETA-ML-WORK-OUT-1.jpg\",\"contentUrl\":\"https:\\\/\\\/www.inverseteams.com\\\/wp-content\\\/uploads\\\/CAMISETA-ML-WORK-OUT-1.jpg\",\"width\":3222,\"height\":3462,\"caption\":\"camiseta fitness manga larga personalizada\"},{\"@type\":\"BreadcrumbList\",\"@id\":\"https:\\\/\\\/www.inverseteams.com\\\/de\\\/produkt\\\/personalisiertes-langarm-fitness-shirt-work-out\\\/#breadcrumb\",\"itemListElement\":[{\"@type\":\"ListItem\",\"position\":1,\"name\":\"Portada\",\"item\":\"https:\\\/\\\/www.inverseteams.com\\\/de\\\/\"},{\"@type\":\"ListItem\",\"position\":2,\"name\":\"Speichern\",\"item\":\"https:\\\/\\\/www.inverseteams.com\\\/de\\\/speichern\\\/\"},{\"@type\":\"ListItem\",\"position\":3,\"name\":\"Personalisiertes Langarm Fitness Shirt WORK OUT\"}]},{\"@type\":\"WebSite\",\"@id\":\"https:\\\/\\\/www.inverseteams.com\\\/de\\\/#website\",\"url\":\"https:\\\/\\\/www.inverseteams.com\\\/de\\\/\",\"name\":\"Inverseteams\",\"description\":\"Tu marca de ropa deportiva personalizada\",\"publisher\":{\"@id\":\"https:\\\/\\\/www.inverseteams.com\\\/de\\\/#organization\"},\"potentialAction\":[{\"@type\":\"SearchAction\",\"target\":{\"@type\":\"EntryPoint\",\"urlTemplate\":\"https:\\\/\\\/www.inverseteams.com\\\/de\\\/?s={search_term_string}\"},\"query-input\":{\"@type\":\"PropertyValueSpecification\",\"valueRequired\":true,\"valueName\":\"search_term_string\"}}],\"inLanguage\":\"de\"},{\"@type\":\"Organization\",\"@id\":\"https:\\\/\\\/www.inverseteams.com\\\/de\\\/#organization\",\"name\":\"Inverse Teams\",\"url\":\"https:\\\/\\\/www.inverseteams.com\\\/de\\\/\",\"logo\":{\"@type\":\"ImageObject\",\"inLanguage\":\"de\",\"@id\":\"https:\\\/\\\/www.inverseteams.com\\\/de\\\/#\\\/schema\\\/logo\\\/image\\\/\",\"url\":\"http:\\\/\\\/www.inverseteams.com\\\/wp-content\\\/uploads\\\/2021\\\/03\\\/logo-inverse-teams.png\",\"contentUrl\":\"http:\\\/\\\/www.inverseteams.com\\\/wp-content\\\/uploads\\\/2021\\\/03\\\/logo-inverse-teams.png\",\"width\":294,\"height\":99,\"caption\":\"Inverse Teams\"},\"image\":{\"@id\":\"https:\\\/\\\/www.inverseteams.com\\\/de\\\/#\\\/schema\\\/logo\\\/image\\\/\"},\"sameAs\":[\"https:\\\/\\\/www.facebook.com\\\/inverseteams\",\"http:\\\/\\\/instagram.com\\\/inverseteams\",\"https:\\\/\\\/www.linkedin.com\\\/company\\\/inverse-cirosport-s-l-?trk=job_view_topcard_company_name\",\"http:\\\/\\\/www.pinterest.com\\\/inverseteams\\\/\",\"http:\\\/\\\/www.youtube.com\\\/user\\\/inverseteams?feature=watch\"]}]}<\/script>\n<!-- \/ Yoast SEO plugin. -->","yoast_head_json":{"title":"Personalisiertes Langarm Fitness Shirt WORK OUT","description":"Der Stoff h\u00e4lt die K\u00f6rperw\u00e4rme aufrecht und erm\u00f6glicht es Ihnen au\u00dferdem, Schwei\u00df schnell nach au\u00dfen abzuleiten, um Ihre Haut trocken zu halten. Das neue lang\u00e4rmlige Fitness-Top hilft Ihnen, Ihre Anstrengungen zu optimieren und den Outdoor-Sport zu genie\u00dfen. Dank seiner Elastizit\u00e4t, Leichtigkeit und Weichheit f\u00fchlen Sie sich beim Training sehr wohl.","robots":{"index":"index","follow":"follow","max-snippet":"max-snippet:-1","max-image-preview":"max-image-preview:large","max-video-preview":"max-video-preview:-1"},"canonical":"https:\/\/www.inverseteams.com\/de\/produkt\/personalisiertes-langarm-fitness-shirt-work-out\/","og_locale":"de_DE","og_type":"article","og_title":"Personalisiertes Langarm Fitness Shirt WORK OUT","og_description":"Der Stoff h\u00e4lt die K\u00f6rperw\u00e4rme aufrecht und erm\u00f6glicht es Ihnen au\u00dferdem, Schwei\u00df schnell nach au\u00dfen abzuleiten, um Ihre Haut trocken zu halten. Das neue lang\u00e4rmlige Fitness-Top hilft Ihnen, Ihre Anstrengungen zu optimieren und den Outdoor-Sport zu genie\u00dfen. Dank seiner Elastizit\u00e4t, Leichtigkeit und Weichheit f\u00fchlen Sie sich beim Training sehr wohl.","og_url":"https:\/\/www.inverseteams.com\/de\/produkt\/personalisiertes-langarm-fitness-shirt-work-out\/","og_site_name":"Inverseteams","article_publisher":"https:\/\/www.facebook.com\/inverseteams","article_modified_time":"2024-01-31T10:32:14+00:00","og_image":[{"width":3222,"height":3462,"url":"https:\/\/www.inverseteams.com\/wp-content\/uploads\/CAMISETA-ML-WORK-OUT-1.jpg","type":"image\/jpeg"}],"twitter_card":"summary_large_image","twitter_misc":{"Gesch\u00e4tzte Lesezeit":"1\u00a0Minute"},"schema":{"@context":"https:\/\/schema.org","@graph":[{"@type":"WebPage","@id":"https:\/\/www.inverseteams.com\/de\/produkt\/personalisiertes-langarm-fitness-shirt-work-out\/","url":"https:\/\/www.inverseteams.com\/de\/produkt\/personalisiertes-langarm-fitness-shirt-work-out\/","name":"Personalisiertes Langarm Fitness Shirt WORK OUT","isPartOf":{"@id":"https:\/\/www.inverseteams.com\/de\/#website"},"primaryImageOfPage":{"@id":"https:\/\/www.inverseteams.com\/de\/produkt\/personalisiertes-langarm-fitness-shirt-work-out\/#primaryimage"},"image":{"@id":"https:\/\/www.inverseteams.com\/de\/produkt\/personalisiertes-langarm-fitness-shirt-work-out\/#primaryimage"},"thumbnailUrl":"https:\/\/www.inverseteams.com\/wp-content\/uploads\/CAMISETA-ML-WORK-OUT-1.jpg","datePublished":"2021-05-10T09:19:16+00:00","dateModified":"2024-01-31T10:32:14+00:00","description":"Der Stoff h\u00e4lt die K\u00f6rperw\u00e4rme aufrecht und erm\u00f6glicht es Ihnen au\u00dferdem, Schwei\u00df schnell nach au\u00dfen abzuleiten, um Ihre Haut trocken zu halten. Das neue lang\u00e4rmlige Fitness-Top hilft Ihnen, Ihre Anstrengungen zu optimieren und den Outdoor-Sport zu genie\u00dfen. Dank seiner Elastizit\u00e4t, Leichtigkeit und Weichheit f\u00fchlen Sie sich beim Training sehr wohl.","breadcrumb":{"@id":"https:\/\/www.inverseteams.com\/de\/produkt\/personalisiertes-langarm-fitness-shirt-work-out\/#breadcrumb"},"inLanguage":"de","potentialAction":[{"@type":"ReadAction","target":["https:\/\/www.inverseteams.com\/de\/produkt\/personalisiertes-langarm-fitness-shirt-work-out\/"]}]},{"@type":"ImageObject","inLanguage":"de","@id":"https:\/\/www.inverseteams.com\/de\/produkt\/personalisiertes-langarm-fitness-shirt-work-out\/#primaryimage","url":"https:\/\/www.inverseteams.com\/wp-content\/uploads\/CAMISETA-ML-WORK-OUT-1.jpg","contentUrl":"https:\/\/www.inverseteams.com\/wp-content\/uploads\/CAMISETA-ML-WORK-OUT-1.jpg","width":3222,"height":3462,"caption":"camiseta fitness manga larga personalizada"},{"@type":"BreadcrumbList","@id":"https:\/\/www.inverseteams.com\/de\/produkt\/personalisiertes-langarm-fitness-shirt-work-out\/#breadcrumb","itemListElement":[{"@type":"ListItem","position":1,"name":"Portada","item":"https:\/\/www.inverseteams.com\/de\/"},{"@type":"ListItem","position":2,"name":"Speichern","item":"https:\/\/www.inverseteams.com\/de\/speichern\/"},{"@type":"ListItem","position":3,"name":"Personalisiertes Langarm Fitness Shirt WORK OUT"}]},{"@type":"WebSite","@id":"https:\/\/www.inverseteams.com\/de\/#website","url":"https:\/\/www.inverseteams.com\/de\/","name":"Inverseteams","description":"Tu marca de ropa deportiva personalizada","publisher":{"@id":"https:\/\/www.inverseteams.com\/de\/#organization"},"potentialAction":[{"@type":"SearchAction","target":{"@type":"EntryPoint","urlTemplate":"https:\/\/www.inverseteams.com\/de\/?s={search_term_string}"},"query-input":{"@type":"PropertyValueSpecification","valueRequired":true,"valueName":"search_term_string"}}],"inLanguage":"de"},{"@type":"Organization","@id":"https:\/\/www.inverseteams.com\/de\/#organization","name":"Inverse Teams","url":"https:\/\/www.inverseteams.com\/de\/","logo":{"@type":"ImageObject","inLanguage":"de","@id":"https:\/\/www.inverseteams.com\/de\/#\/schema\/logo\/image\/","url":"https:\/\/www.inverseteams.com\/wp-content\/uploads\/2021\/03\/logo-inverse-teams.png","contentUrl":"https:\/\/www.inverseteams.com\/wp-content\/uploads\/2021\/03\/logo-inverse-teams.png","width":294,"height":99,"caption":"Inverse Teams"},"image":{"@id":"https:\/\/www.inverseteams.com\/de\/#\/schema\/logo\/image\/"},"sameAs":["https:\/\/www.facebook.com\/inverseteams","http:\/\/instagram.com\/inverseteams","https:\/\/www.linkedin.com\/company\/inverse-cirosport-s-l-?trk=job_view_topcard_company_name","http:\/\/www.pinterest.com\/inverseteams\/","http:\/\/www.youtube.com\/user\/inverseteams?feature=watch"]}]}},"_links":{"self":[{"href":"https:\/\/www.inverseteams.com\/de\/wp-json\/wp\/v2\/product\/173972","targetHints":{"allow":["GET"]}}],"collection":[{"href":"https:\/\/www.inverseteams.com\/de\/wp-json\/wp\/v2\/product"}],"about":[{"href":"https:\/\/www.inverseteams.com\/de\/wp-json\/wp\/v2\/types\/product"}],"replies":[{"embeddable":true,"href":"https:\/\/www.inverseteams.com\/de\/wp-json\/wp\/v2\/comments?post=173972"}],"wp:featuredmedia":[{"embeddable":true,"href":"https:\/\/www.inverseteams.com\/de\/wp-json\/wp\/v2\/media\/165069"}],"wp:attachment":[{"href":"https:\/\/www.inverseteams.com\/de\/wp-json\/wp\/v2\/media?parent=173972"}],"wp:term":[{"taxonomy":"product_brand","embeddable":true,"href":"https:\/\/www.inverseteams.com\/de\/wp-json\/wp\/v2\/product_brand?post=173972"},{"taxonomy":"product_cat","embeddable":true,"href":"https:\/\/www.inverseteams.com\/de\/wp-json\/wp\/v2\/product_cat?post=173972"},{"taxonomy":"product_tag","embeddable":true,"href":"https:\/\/www.inverseteams.com\/de\/wp-json\/wp\/v2\/product_tag?post=173972"},{"taxonomy":"custom_category","embeddable":true,"href":"https:\/\/www.inverseteams.com\/de\/wp-json\/wp\/v2\/custom_category?post=173972"},{"taxonomy":"range","embeddable":true,"href":"https:\/\/www.inverseteams.com\/de\/wp-json\/wp\/v2\/range?post=173972"}],"curies":[{"name":"wp","href":"https:\/\/api.w.org\/{rel}","templated":true}]}}