{"id":173953,"date":"2023-11-09T13:19:16","date_gmt":"2023-11-09T13:22:06","guid":{"rendered":"https:\/\/www.inverseteams.com\/product\/sleeveless-running-top-offroad-men\/"},"modified":"2024-01-29T08:53:53","modified_gmt":"2024-01-29T08:53:53","slug":"personalisiertes-aermelloses-laufshirt-offroad-herren","status":"publish","type":"product","link":"https:\/\/www.inverseteams.com\/de\/produkt\/personalisiertes-aermelloses-laufshirt-offroad-herren\/","title":{"rendered":"Personalisiertes \u00c4rmelloses Laufshirt OFFROAD (HERREN)"},"content":{"rendered":"<p>Sein Stoff mit offener Struktur sorgt f\u00fcr einen schnellen Abtransport der K\u00f6rperfeuchtigkeit und h\u00e4lt die Haut trocken und frisch. Dar\u00fcber hinaus verf\u00fcgt es \u00fcber eine hohe Trocknungskapazit\u00e4t und Sie k\u00f6nnen bequem laufen. Dieser Stoff zeichnet sich auch durch seine Widerstandsf\u00e4higkeit gegen Rei\u00dfen aus. Sie k\u00f6nnen den Sport sowohl auf dem Asphalt als auch in den Bergen genie\u00dfen.<br \/>\nSein Muster, seine Leichtigkeit und Weichheit sorgen daf\u00fcr, dass Sie sich beim Training oder Wettkampf sehr wohl f\u00fchlen. Das neue Laufshirt hilft Ihnen dabei, Ihre Anstrengungen zu optimieren und den Outdoor-Sport zu genie\u00dfen.<\/p>\n","protected":false},"excerpt":{"rendered":"<p>Sein Stoff mit offener Struktur sorgt f\u00fcr einen schnellen Abtransport der K\u00f6rperfeuchtigkeit und h\u00e4lt die Haut trocken und frisch. Dar\u00fcber hinaus verf\u00fcgt es \u00fcber eine hohe Trocknungskapazit\u00e4t und Sie k\u00f6nnen bequem laufen. Dieser Stoff zeichnet sich auch durch seine Widerstandsf\u00e4higkeit gegen Rei\u00dfen aus. Sie k\u00f6nnen den Sport sowohl auf dem Asphalt als auch in den Bergen genie\u00dfen.<br \/>\nSein Muster, seine Leichtigkeit und Weichheit sorgen daf\u00fcr, dass Sie sich beim Training oder Wettkampf sehr wohl f\u00fchlen. Das neue Laufshirt hilft Ihnen dabei, Ihre Anstrengungen zu optimieren und den Outdoor-Sport zu genie\u00dfen.<\/p>\n","protected":false},"featured_media":168085,"comment_status":"closed","ping_status":"closed","template":"","meta":{"_acf_changed":false},"product_brand":[],"product_cat":[11218],"product_tag":[],"custom_category":[11340,11244,11240],"range":[11247],"class_list":{"0":"post-173953","1":"product","2":"type-product","3":"status-publish","4":"has-post-thumbnail","6":"product_cat-uncategorized-de","7":"pa_climatologia-calor-de","8":"pa_deporte-running-de","9":"pa_genero-hombre-de","10":"pa_patronaje-regular-de","11":"pa_tipo-de-prenda-camiseta-de","12":"custom_category-personalisierte-laufshirts","13":"custom_category-personalisierte-laufbekleidung-de","14":"custom_category-sport","15":"range-offroad-de","17":"first","18":"instock","19":"product-type-custom"},"acf":[],"yoast_head":"<!-- This site is optimized with the Yoast SEO plugin v27.3 - https:\/\/yoast.com\/product\/yoast-seo-wordpress\/ -->\n<title>Personalisiertes \u00c4rmelloses Laufshirt OFFROAD (HERREN)<\/title>\n<meta name=\"description\" content=\"Sein Stoff mit offener Struktur sorgt f\u00fcr einen schnellen Abtransport der K\u00f6rperfeuchtigkeit und h\u00e4lt die Haut trocken und frisch. Dar\u00fcber hinaus verf\u00fcgt es \u00fcber eine hohe Trocknungskapazit\u00e4t und Sie k\u00f6nnen bequem laufen. Dieser Stoff zeichnet sich auch durch seine Widerstandsf\u00e4higkeit gegen Rei\u00dfen aus. Sie k\u00f6nnen den Sport sowohl auf dem Asphalt als auch in den Bergen genie\u00dfen. Sein Muster, seine Leichtigkeit und Weichheit sorgen daf\u00fcr, dass Sie sich beim Training oder Wettkampf sehr wohl f\u00fchlen. Das neue Laufshirt hilft Ihnen dabei, Ihre Anstrengungen zu optimieren und den Outdoor-Sport zu genie\u00dfen.\" \/>\n<meta name=\"robots\" content=\"index, follow, max-snippet:-1, max-image-preview:large, max-video-preview:-1\" \/>\n<link rel=\"canonical\" href=\"https:\/\/www.inverseteams.com\/de\/produkt\/personalisiertes-aermelloses-laufshirt-offroad-herren\/\" \/>\n<meta property=\"og:locale\" content=\"de_DE\" \/>\n<meta property=\"og:type\" content=\"article\" \/>\n<meta property=\"og:title\" content=\"Personalisiertes \u00c4rmelloses Laufshirt OFFROAD (HERREN)\" \/>\n<meta property=\"og:description\" content=\"Sein Stoff mit offener Struktur sorgt f\u00fcr einen schnellen Abtransport der K\u00f6rperfeuchtigkeit und h\u00e4lt die Haut trocken und frisch. Dar\u00fcber hinaus verf\u00fcgt es \u00fcber eine hohe Trocknungskapazit\u00e4t und Sie k\u00f6nnen bequem laufen. Dieser Stoff zeichnet sich auch durch seine Widerstandsf\u00e4higkeit gegen Rei\u00dfen aus. Sie k\u00f6nnen den Sport sowohl auf dem Asphalt als auch in den Bergen genie\u00dfen. Sein Muster, seine Leichtigkeit und Weichheit sorgen daf\u00fcr, dass Sie sich beim Training oder Wettkampf sehr wohl f\u00fchlen. Das neue Laufshirt hilft Ihnen dabei, Ihre Anstrengungen zu optimieren und den Outdoor-Sport zu genie\u00dfen.\" \/>\n<meta property=\"og:url\" content=\"https:\/\/www.inverseteams.com\/de\/produkt\/personalisiertes-aermelloses-laufshirt-offroad-herren\/\" \/>\n<meta property=\"og:site_name\" content=\"Inverseteams\" \/>\n<meta property=\"article:publisher\" content=\"https:\/\/www.facebook.com\/inverseteams\" \/>\n<meta property=\"article:modified_time\" content=\"2024-01-29T08:53:53+00:00\" \/>\n<meta property=\"og:image\" content=\"https:\/\/www.inverseteams.com\/wp-content\/uploads\/CAMISETA-SM-OFFROAD-1.jpg\" \/>\n\t<meta property=\"og:image:width\" content=\"3222\" \/>\n\t<meta property=\"og:image:height\" content=\"3462\" \/>\n\t<meta property=\"og:image:type\" content=\"image\/jpeg\" \/>\n<meta name=\"twitter:card\" content=\"summary_large_image\" \/>\n<meta name=\"twitter:label1\" content=\"Gesch\u00e4tzte Lesezeit\" \/>\n\t<meta name=\"twitter:data1\" content=\"1\u00a0Minute\" \/>\n<script type=\"application\/ld+json\" class=\"yoast-schema-graph\">{\"@context\":\"https:\\\/\\\/schema.org\",\"@graph\":[{\"@type\":\"WebPage\",\"@id\":\"https:\\\/\\\/www.inverseteams.com\\\/de\\\/produkt\\\/personalisiertes-aermelloses-laufshirt-offroad-herren\\\/\",\"url\":\"https:\\\/\\\/www.inverseteams.com\\\/de\\\/produkt\\\/personalisiertes-aermelloses-laufshirt-offroad-herren\\\/\",\"name\":\"Personalisiertes \u00c4rmelloses Laufshirt OFFROAD (HERREN)\",\"isPartOf\":{\"@id\":\"https:\\\/\\\/www.inverseteams.com\\\/de\\\/#website\"},\"primaryImageOfPage\":{\"@id\":\"https:\\\/\\\/www.inverseteams.com\\\/de\\\/produkt\\\/personalisiertes-aermelloses-laufshirt-offroad-herren\\\/#primaryimage\"},\"image\":{\"@id\":\"https:\\\/\\\/www.inverseteams.com\\\/de\\\/produkt\\\/personalisiertes-aermelloses-laufshirt-offroad-herren\\\/#primaryimage\"},\"thumbnailUrl\":\"https:\\\/\\\/www.inverseteams.com\\\/wp-content\\\/uploads\\\/CAMISETA-SM-OFFROAD-1.jpg\",\"datePublished\":\"2023-11-09T13:22:06+00:00\",\"dateModified\":\"2024-01-29T08:53:53+00:00\",\"description\":\"Sein Stoff mit offener Struktur sorgt f\u00fcr einen schnellen Abtransport der K\u00f6rperfeuchtigkeit und h\u00e4lt die Haut trocken und frisch. Dar\u00fcber hinaus verf\u00fcgt es \u00fcber eine hohe Trocknungskapazit\u00e4t und Sie k\u00f6nnen bequem laufen. Dieser Stoff zeichnet sich auch durch seine Widerstandsf\u00e4higkeit gegen Rei\u00dfen aus. Sie k\u00f6nnen den Sport sowohl auf dem Asphalt als auch in den Bergen genie\u00dfen. Sein Muster, seine Leichtigkeit und Weichheit sorgen daf\u00fcr, dass Sie sich beim Training oder Wettkampf sehr wohl f\u00fchlen. Das neue Laufshirt hilft Ihnen dabei, Ihre Anstrengungen zu optimieren und den Outdoor-Sport zu genie\u00dfen.\",\"breadcrumb\":{\"@id\":\"https:\\\/\\\/www.inverseteams.com\\\/de\\\/produkt\\\/personalisiertes-aermelloses-laufshirt-offroad-herren\\\/#breadcrumb\"},\"inLanguage\":\"de\",\"potentialAction\":[{\"@type\":\"ReadAction\",\"target\":[\"https:\\\/\\\/www.inverseteams.com\\\/de\\\/produkt\\\/personalisiertes-aermelloses-laufshirt-offroad-herren\\\/\"]}]},{\"@type\":\"ImageObject\",\"inLanguage\":\"de\",\"@id\":\"https:\\\/\\\/www.inverseteams.com\\\/de\\\/produkt\\\/personalisiertes-aermelloses-laufshirt-offroad-herren\\\/#primaryimage\",\"url\":\"https:\\\/\\\/www.inverseteams.com\\\/wp-content\\\/uploads\\\/CAMISETA-SM-OFFROAD-1.jpg\",\"contentUrl\":\"https:\\\/\\\/www.inverseteams.com\\\/wp-content\\\/uploads\\\/CAMISETA-SM-OFFROAD-1.jpg\",\"width\":3222,\"height\":3462},{\"@type\":\"BreadcrumbList\",\"@id\":\"https:\\\/\\\/www.inverseteams.com\\\/de\\\/produkt\\\/personalisiertes-aermelloses-laufshirt-offroad-herren\\\/#breadcrumb\",\"itemListElement\":[{\"@type\":\"ListItem\",\"position\":1,\"name\":\"Portada\",\"item\":\"https:\\\/\\\/www.inverseteams.com\\\/de\\\/\"},{\"@type\":\"ListItem\",\"position\":2,\"name\":\"Speichern\",\"item\":\"https:\\\/\\\/www.inverseteams.com\\\/de\\\/speichern\\\/\"},{\"@type\":\"ListItem\",\"position\":3,\"name\":\"Personalisiertes \u00c4rmelloses Laufshirt OFFROAD (HERREN)\"}]},{\"@type\":\"WebSite\",\"@id\":\"https:\\\/\\\/www.inverseteams.com\\\/de\\\/#website\",\"url\":\"https:\\\/\\\/www.inverseteams.com\\\/de\\\/\",\"name\":\"Inverseteams\",\"description\":\"Tu marca de ropa deportiva personalizada\",\"publisher\":{\"@id\":\"https:\\\/\\\/www.inverseteams.com\\\/de\\\/#organization\"},\"potentialAction\":[{\"@type\":\"SearchAction\",\"target\":{\"@type\":\"EntryPoint\",\"urlTemplate\":\"https:\\\/\\\/www.inverseteams.com\\\/de\\\/?s={search_term_string}\"},\"query-input\":{\"@type\":\"PropertyValueSpecification\",\"valueRequired\":true,\"valueName\":\"search_term_string\"}}],\"inLanguage\":\"de\"},{\"@type\":\"Organization\",\"@id\":\"https:\\\/\\\/www.inverseteams.com\\\/de\\\/#organization\",\"name\":\"Inverse Teams\",\"url\":\"https:\\\/\\\/www.inverseteams.com\\\/de\\\/\",\"logo\":{\"@type\":\"ImageObject\",\"inLanguage\":\"de\",\"@id\":\"https:\\\/\\\/www.inverseteams.com\\\/de\\\/#\\\/schema\\\/logo\\\/image\\\/\",\"url\":\"http:\\\/\\\/www.inverseteams.com\\\/wp-content\\\/uploads\\\/2021\\\/03\\\/logo-inverse-teams.png\",\"contentUrl\":\"http:\\\/\\\/www.inverseteams.com\\\/wp-content\\\/uploads\\\/2021\\\/03\\\/logo-inverse-teams.png\",\"width\":294,\"height\":99,\"caption\":\"Inverse Teams\"},\"image\":{\"@id\":\"https:\\\/\\\/www.inverseteams.com\\\/de\\\/#\\\/schema\\\/logo\\\/image\\\/\"},\"sameAs\":[\"https:\\\/\\\/www.facebook.com\\\/inverseteams\",\"http:\\\/\\\/instagram.com\\\/inverseteams\",\"https:\\\/\\\/www.linkedin.com\\\/company\\\/inverse-cirosport-s-l-?trk=job_view_topcard_company_name\",\"http:\\\/\\\/www.pinterest.com\\\/inverseteams\\\/\",\"http:\\\/\\\/www.youtube.com\\\/user\\\/inverseteams?feature=watch\"]}]}<\/script>\n<!-- \/ Yoast SEO plugin. -->","yoast_head_json":{"title":"Personalisiertes \u00c4rmelloses Laufshirt OFFROAD (HERREN)","description":"Sein Stoff mit offener Struktur sorgt f\u00fcr einen schnellen Abtransport der K\u00f6rperfeuchtigkeit und h\u00e4lt die Haut trocken und frisch. Dar\u00fcber hinaus verf\u00fcgt es \u00fcber eine hohe Trocknungskapazit\u00e4t und Sie k\u00f6nnen bequem laufen. Dieser Stoff zeichnet sich auch durch seine Widerstandsf\u00e4higkeit gegen Rei\u00dfen aus. Sie k\u00f6nnen den Sport sowohl auf dem Asphalt als auch in den Bergen genie\u00dfen. Sein Muster, seine Leichtigkeit und Weichheit sorgen daf\u00fcr, dass Sie sich beim Training oder Wettkampf sehr wohl f\u00fchlen. Das neue Laufshirt hilft Ihnen dabei, Ihre Anstrengungen zu optimieren und den Outdoor-Sport zu genie\u00dfen.","robots":{"index":"index","follow":"follow","max-snippet":"max-snippet:-1","max-image-preview":"max-image-preview:large","max-video-preview":"max-video-preview:-1"},"canonical":"https:\/\/www.inverseteams.com\/de\/produkt\/personalisiertes-aermelloses-laufshirt-offroad-herren\/","og_locale":"de_DE","og_type":"article","og_title":"Personalisiertes \u00c4rmelloses Laufshirt OFFROAD (HERREN)","og_description":"Sein Stoff mit offener Struktur sorgt f\u00fcr einen schnellen Abtransport der K\u00f6rperfeuchtigkeit und h\u00e4lt die Haut trocken und frisch. Dar\u00fcber hinaus verf\u00fcgt es \u00fcber eine hohe Trocknungskapazit\u00e4t und Sie k\u00f6nnen bequem laufen. Dieser Stoff zeichnet sich auch durch seine Widerstandsf\u00e4higkeit gegen Rei\u00dfen aus. Sie k\u00f6nnen den Sport sowohl auf dem Asphalt als auch in den Bergen genie\u00dfen. Sein Muster, seine Leichtigkeit und Weichheit sorgen daf\u00fcr, dass Sie sich beim Training oder Wettkampf sehr wohl f\u00fchlen. Das neue Laufshirt hilft Ihnen dabei, Ihre Anstrengungen zu optimieren und den Outdoor-Sport zu genie\u00dfen.","og_url":"https:\/\/www.inverseteams.com\/de\/produkt\/personalisiertes-aermelloses-laufshirt-offroad-herren\/","og_site_name":"Inverseteams","article_publisher":"https:\/\/www.facebook.com\/inverseteams","article_modified_time":"2024-01-29T08:53:53+00:00","og_image":[{"width":3222,"height":3462,"url":"https:\/\/www.inverseteams.com\/wp-content\/uploads\/CAMISETA-SM-OFFROAD-1.jpg","type":"image\/jpeg"}],"twitter_card":"summary_large_image","twitter_misc":{"Gesch\u00e4tzte Lesezeit":"1\u00a0Minute"},"schema":{"@context":"https:\/\/schema.org","@graph":[{"@type":"WebPage","@id":"https:\/\/www.inverseteams.com\/de\/produkt\/personalisiertes-aermelloses-laufshirt-offroad-herren\/","url":"https:\/\/www.inverseteams.com\/de\/produkt\/personalisiertes-aermelloses-laufshirt-offroad-herren\/","name":"Personalisiertes \u00c4rmelloses Laufshirt OFFROAD (HERREN)","isPartOf":{"@id":"https:\/\/www.inverseteams.com\/de\/#website"},"primaryImageOfPage":{"@id":"https:\/\/www.inverseteams.com\/de\/produkt\/personalisiertes-aermelloses-laufshirt-offroad-herren\/#primaryimage"},"image":{"@id":"https:\/\/www.inverseteams.com\/de\/produkt\/personalisiertes-aermelloses-laufshirt-offroad-herren\/#primaryimage"},"thumbnailUrl":"https:\/\/www.inverseteams.com\/wp-content\/uploads\/CAMISETA-SM-OFFROAD-1.jpg","datePublished":"2023-11-09T13:22:06+00:00","dateModified":"2024-01-29T08:53:53+00:00","description":"Sein Stoff mit offener Struktur sorgt f\u00fcr einen schnellen Abtransport der K\u00f6rperfeuchtigkeit und h\u00e4lt die Haut trocken und frisch. Dar\u00fcber hinaus verf\u00fcgt es \u00fcber eine hohe Trocknungskapazit\u00e4t und Sie k\u00f6nnen bequem laufen. Dieser Stoff zeichnet sich auch durch seine Widerstandsf\u00e4higkeit gegen Rei\u00dfen aus. Sie k\u00f6nnen den Sport sowohl auf dem Asphalt als auch in den Bergen genie\u00dfen. Sein Muster, seine Leichtigkeit und Weichheit sorgen daf\u00fcr, dass Sie sich beim Training oder Wettkampf sehr wohl f\u00fchlen. Das neue Laufshirt hilft Ihnen dabei, Ihre Anstrengungen zu optimieren und den Outdoor-Sport zu genie\u00dfen.","breadcrumb":{"@id":"https:\/\/www.inverseteams.com\/de\/produkt\/personalisiertes-aermelloses-laufshirt-offroad-herren\/#breadcrumb"},"inLanguage":"de","potentialAction":[{"@type":"ReadAction","target":["https:\/\/www.inverseteams.com\/de\/produkt\/personalisiertes-aermelloses-laufshirt-offroad-herren\/"]}]},{"@type":"ImageObject","inLanguage":"de","@id":"https:\/\/www.inverseteams.com\/de\/produkt\/personalisiertes-aermelloses-laufshirt-offroad-herren\/#primaryimage","url":"https:\/\/www.inverseteams.com\/wp-content\/uploads\/CAMISETA-SM-OFFROAD-1.jpg","contentUrl":"https:\/\/www.inverseteams.com\/wp-content\/uploads\/CAMISETA-SM-OFFROAD-1.jpg","width":3222,"height":3462},{"@type":"BreadcrumbList","@id":"https:\/\/www.inverseteams.com\/de\/produkt\/personalisiertes-aermelloses-laufshirt-offroad-herren\/#breadcrumb","itemListElement":[{"@type":"ListItem","position":1,"name":"Portada","item":"https:\/\/www.inverseteams.com\/de\/"},{"@type":"ListItem","position":2,"name":"Speichern","item":"https:\/\/www.inverseteams.com\/de\/speichern\/"},{"@type":"ListItem","position":3,"name":"Personalisiertes \u00c4rmelloses Laufshirt OFFROAD (HERREN)"}]},{"@type":"WebSite","@id":"https:\/\/www.inverseteams.com\/de\/#website","url":"https:\/\/www.inverseteams.com\/de\/","name":"Inverseteams","description":"Tu marca de ropa deportiva personalizada","publisher":{"@id":"https:\/\/www.inverseteams.com\/de\/#organization"},"potentialAction":[{"@type":"SearchAction","target":{"@type":"EntryPoint","urlTemplate":"https:\/\/www.inverseteams.com\/de\/?s={search_term_string}"},"query-input":{"@type":"PropertyValueSpecification","valueRequired":true,"valueName":"search_term_string"}}],"inLanguage":"de"},{"@type":"Organization","@id":"https:\/\/www.inverseteams.com\/de\/#organization","name":"Inverse Teams","url":"https:\/\/www.inverseteams.com\/de\/","logo":{"@type":"ImageObject","inLanguage":"de","@id":"https:\/\/www.inverseteams.com\/de\/#\/schema\/logo\/image\/","url":"https:\/\/www.inverseteams.com\/wp-content\/uploads\/2021\/03\/logo-inverse-teams.png","contentUrl":"https:\/\/www.inverseteams.com\/wp-content\/uploads\/2021\/03\/logo-inverse-teams.png","width":294,"height":99,"caption":"Inverse Teams"},"image":{"@id":"https:\/\/www.inverseteams.com\/de\/#\/schema\/logo\/image\/"},"sameAs":["https:\/\/www.facebook.com\/inverseteams","http:\/\/instagram.com\/inverseteams","https:\/\/www.linkedin.com\/company\/inverse-cirosport-s-l-?trk=job_view_topcard_company_name","http:\/\/www.pinterest.com\/inverseteams\/","http:\/\/www.youtube.com\/user\/inverseteams?feature=watch"]}]}},"_links":{"self":[{"href":"https:\/\/www.inverseteams.com\/de\/wp-json\/wp\/v2\/product\/173953","targetHints":{"allow":["GET"]}}],"collection":[{"href":"https:\/\/www.inverseteams.com\/de\/wp-json\/wp\/v2\/product"}],"about":[{"href":"https:\/\/www.inverseteams.com\/de\/wp-json\/wp\/v2\/types\/product"}],"replies":[{"embeddable":true,"href":"https:\/\/www.inverseteams.com\/de\/wp-json\/wp\/v2\/comments?post=173953"}],"wp:featuredmedia":[{"embeddable":true,"href":"https:\/\/www.inverseteams.com\/de\/wp-json\/wp\/v2\/media\/168085"}],"wp:attachment":[{"href":"https:\/\/www.inverseteams.com\/de\/wp-json\/wp\/v2\/media?parent=173953"}],"wp:term":[{"taxonomy":"product_brand","embeddable":true,"href":"https:\/\/www.inverseteams.com\/de\/wp-json\/wp\/v2\/product_brand?post=173953"},{"taxonomy":"product_cat","embeddable":true,"href":"https:\/\/www.inverseteams.com\/de\/wp-json\/wp\/v2\/product_cat?post=173953"},{"taxonomy":"product_tag","embeddable":true,"href":"https:\/\/www.inverseteams.com\/de\/wp-json\/wp\/v2\/product_tag?post=173953"},{"taxonomy":"custom_category","embeddable":true,"href":"https:\/\/www.inverseteams.com\/de\/wp-json\/wp\/v2\/custom_category?post=173953"},{"taxonomy":"range","embeddable":true,"href":"https:\/\/www.inverseteams.com\/de\/wp-json\/wp\/v2\/range?post=173953"}],"curies":[{"name":"wp","href":"https:\/\/api.w.org\/{rel}","templated":true}]}}