{"id":173947,"date":"2021-05-10T08:31:50","date_gmt":"2021-05-10T09:18:40","guid":{"rendered":"https:\/\/www.inverseteams.com\/product\/trail-running-compression-shorts-extrem\/"},"modified":"2024-01-29T14:25:03","modified_gmt":"2024-01-29T14:25:03","slug":"personalisiertes-kurze-trailrunning-leggings-extrem","status":"publish","type":"product","link":"https:\/\/www.inverseteams.com\/de\/produkt\/personalisiertes-kurze-trailrunning-leggings-extrem\/","title":{"rendered":"Personalisiertes Kurze Trailrunning Leggings EXTREM"},"content":{"rendered":"<p>Mit der neuen Short EXTREM erzielst Du Deine maximale Leistung. Das Gewebe zeichnet sich durch eine gute Muskelkompression aus. Es schafft es, die Milchs\u00e4ure unter Kontrolle zu halten, verz\u00f6gert die Muskelerm\u00fcdung und hilft, das Blut mit Sauerstoff zu versorgen. Am Ende der Beine befindet sich ein mikroperforiertes Gummiband mit einem hypoallergenen Silikongriff im Inneren. Dies verhindert, dass das Schwitzen zunimmt und h\u00e4lt das St\u00fcck sicher am Bein. Au\u00dfen verf\u00fcgt es \u00fcber 360\u00b0 reflektierende Linien, die Ihre Sicherheit erh\u00f6hen, da sie das Licht der Fahrzeuge reflektieren.<br \/>\nIm Lendenbereich finden Sie eine tolle Rei\u00dfverschlusstasche, in der Sie w\u00e4hrend des Trainings einige Wertsachen verstauen k\u00f6nnen. Auf beiden Seiten befindet sich eine Netztasche, in der Sie Nahrungsriegel mitnehmen k\u00f6nnen.<br \/>\nDie eingearbeiteten Flachn\u00e4hte sind sehr widerstandsf\u00e4hig und verhindern Reibungen oder Hautirritationen. Der Gummizug der Taille schmiegt sich sehr gut an den K\u00f6rper an und h\u00e4lt das Netz fest, ohne zu st\u00f6ren.<\/p>\n","protected":false},"excerpt":{"rendered":"<p>Mit der neuen Short EXTREM erzielst Du Deine maximale Leistung. Das Gewebe zeichnet sich durch eine gute Muskelkompression aus. Es schafft es, die Milchs\u00e4ure unter Kontrolle zu halten, verz\u00f6gert die Muskelerm\u00fcdung und hilft, das Blut mit Sauerstoff zu versorgen. Am Ende der Beine befindet sich ein mikroperforiertes Gummiband mit einem hypoallergenen Silikongriff im Inneren. Dies verhindert, dass das Schwitzen zunimmt und h\u00e4lt das St\u00fcck sicher am Bein. Au\u00dfen verf\u00fcgt es \u00fcber 360\u00b0 reflektierende Linien, die Ihre Sicherheit erh\u00f6hen, da sie das Licht der Fahrzeuge reflektieren.<br \/>\nIm Lendenbereich finden Sie eine tolle Rei\u00dfverschlusstasche, in der Sie w\u00e4hrend des Trainings einige Wertsachen verstauen k\u00f6nnen. Auf beiden Seiten befindet sich eine Netztasche, in der Sie Nahrungsriegel mitnehmen k\u00f6nnen.<br \/>\nDie eingearbeiteten Flachn\u00e4hte sind sehr widerstandsf\u00e4hig und verhindern Reibungen oder Hautirritationen. Der Gummizug der Taille schmiegt sich sehr gut an den K\u00f6rper an und h\u00e4lt das Netz fest, ohne zu st\u00f6ren.<\/p>\n","protected":false},"featured_media":165387,"comment_status":"closed","ping_status":"closed","template":"","meta":{"_acf_changed":false},"product_brand":[],"product_cat":[11218],"product_tag":[],"custom_category":[11392,11240,11328],"range":[11331],"class_list":{"0":"post-173947","1":"product","2":"type-product","3":"status-publish","4":"has-post-thumbnail","6":"product_cat-uncategorized-de","7":"pa_climatologia-calor-de","8":"pa_deporte-trail-de","9":"pa_genero-mujer-de","10":"pa_genero-infantil-de","11":"pa_genero-hombre-de","12":"pa_patronaje-fit-de","13":"pa_tipo-de-prenda-malla-corta-de","14":"custom_category-personalisierte-trailrunningshorts","15":"custom_category-sport","16":"custom_category-personalisierte-trailrunningbekleidung","17":"range-extrem-de","19":"first","20":"instock","21":"product-type-custom"},"acf":[],"yoast_head":"<!-- This site is optimized with the Yoast SEO plugin v27.3 - https:\/\/yoast.com\/product\/yoast-seo-wordpress\/ -->\n<title>Personalisiertes Kurze Trailrunning Leggings EXTREM<\/title>\n<meta name=\"description\" content=\"Mit der neuen Short EXTREM erzielst Du Deine maximale Leistung. Das Gewebe zeichnet sich durch eine gute Muskelkompression aus. Es schafft es, die Milchs\u00e4ure unter Kontrolle zu halten, verz\u00f6gert die Muskelerm\u00fcdung und hilft, das Blut mit Sauerstoff zu versorgen. Am Ende der Beine befindet sich ein mikroperforiertes Gummiband mit einem hypoallergenen Silikongriff im Inneren. Dies verhindert, dass das Schwitzen zunimmt und h\u00e4lt das St\u00fcck sicher am Bein. Au\u00dfen verf\u00fcgt es \u00fcber 360\u00b0 reflektierende Linien, die Ihre Sicherheit erh\u00f6hen, da sie das Licht der Fahrzeuge reflektieren. Im Lendenbereich finden Sie eine tolle Rei\u00dfverschlusstasche, in der Sie w\u00e4hrend des Trainings einige Wertsachen verstauen k\u00f6nnen. Auf beiden Seiten befindet sich eine Netztasche, in der Sie Nahrungsriegel mitnehmen k\u00f6nnen. Die eingearbeiteten Flachn\u00e4hte sind sehr widerstandsf\u00e4hig und verhindern Reibungen oder Hautirritationen. Der Gummizug der Taille schmiegt sich sehr gut an den K\u00f6rper an und h\u00e4lt das Netz fest, ohne zu st\u00f6ren.\" \/>\n<meta name=\"robots\" content=\"index, follow, max-snippet:-1, max-image-preview:large, max-video-preview:-1\" \/>\n<link rel=\"canonical\" href=\"https:\/\/www.inverseteams.com\/de\/produkt\/personalisiertes-kurze-trailrunning-leggings-extrem\/\" \/>\n<meta property=\"og:locale\" content=\"de_DE\" \/>\n<meta property=\"og:type\" content=\"article\" \/>\n<meta property=\"og:title\" content=\"Personalisiertes Kurze Trailrunning Leggings EXTREM\" \/>\n<meta property=\"og:description\" content=\"Mit der neuen Short EXTREM erzielst Du Deine maximale Leistung. Das Gewebe zeichnet sich durch eine gute Muskelkompression aus. Es schafft es, die Milchs\u00e4ure unter Kontrolle zu halten, verz\u00f6gert die Muskelerm\u00fcdung und hilft, das Blut mit Sauerstoff zu versorgen. Am Ende der Beine befindet sich ein mikroperforiertes Gummiband mit einem hypoallergenen Silikongriff im Inneren. Dies verhindert, dass das Schwitzen zunimmt und h\u00e4lt das St\u00fcck sicher am Bein. Au\u00dfen verf\u00fcgt es \u00fcber 360\u00b0 reflektierende Linien, die Ihre Sicherheit erh\u00f6hen, da sie das Licht der Fahrzeuge reflektieren. Im Lendenbereich finden Sie eine tolle Rei\u00dfverschlusstasche, in der Sie w\u00e4hrend des Trainings einige Wertsachen verstauen k\u00f6nnen. Auf beiden Seiten befindet sich eine Netztasche, in der Sie Nahrungsriegel mitnehmen k\u00f6nnen. Die eingearbeiteten Flachn\u00e4hte sind sehr widerstandsf\u00e4hig und verhindern Reibungen oder Hautirritationen. Der Gummizug der Taille schmiegt sich sehr gut an den K\u00f6rper an und h\u00e4lt das Netz fest, ohne zu st\u00f6ren.\" \/>\n<meta property=\"og:url\" content=\"https:\/\/www.inverseteams.com\/de\/produkt\/personalisiertes-kurze-trailrunning-leggings-extrem\/\" \/>\n<meta property=\"og:site_name\" content=\"Inverseteams\" \/>\n<meta property=\"article:publisher\" content=\"https:\/\/www.facebook.com\/inverseteams\" \/>\n<meta property=\"article:modified_time\" content=\"2024-01-29T14:25:03+00:00\" \/>\n<meta property=\"og:image\" content=\"https:\/\/www.inverseteams.com\/wp-content\/uploads\/MALLA-CORTA-EXTREM-1.jpg\" \/>\n\t<meta property=\"og:image:width\" content=\"3222\" \/>\n\t<meta property=\"og:image:height\" content=\"3462\" \/>\n\t<meta property=\"og:image:type\" content=\"image\/jpeg\" \/>\n<meta name=\"twitter:card\" content=\"summary_large_image\" \/>\n<meta name=\"twitter:label1\" content=\"Gesch\u00e4tzte Lesezeit\" \/>\n\t<meta name=\"twitter:data1\" content=\"1\u00a0Minute\" \/>\n<script type=\"application\/ld+json\" class=\"yoast-schema-graph\">{\"@context\":\"https:\\\/\\\/schema.org\",\"@graph\":[{\"@type\":\"WebPage\",\"@id\":\"https:\\\/\\\/www.inverseteams.com\\\/de\\\/produkt\\\/personalisiertes-kurze-trailrunning-leggings-extrem\\\/\",\"url\":\"https:\\\/\\\/www.inverseteams.com\\\/de\\\/produkt\\\/personalisiertes-kurze-trailrunning-leggings-extrem\\\/\",\"name\":\"Personalisiertes Kurze Trailrunning Leggings EXTREM\",\"isPartOf\":{\"@id\":\"https:\\\/\\\/www.inverseteams.com\\\/de\\\/#website\"},\"primaryImageOfPage\":{\"@id\":\"https:\\\/\\\/www.inverseteams.com\\\/de\\\/produkt\\\/personalisiertes-kurze-trailrunning-leggings-extrem\\\/#primaryimage\"},\"image\":{\"@id\":\"https:\\\/\\\/www.inverseteams.com\\\/de\\\/produkt\\\/personalisiertes-kurze-trailrunning-leggings-extrem\\\/#primaryimage\"},\"thumbnailUrl\":\"https:\\\/\\\/www.inverseteams.com\\\/wp-content\\\/uploads\\\/MALLA-CORTA-EXTREM-1.jpg\",\"datePublished\":\"2021-05-10T09:18:40+00:00\",\"dateModified\":\"2024-01-29T14:25:03+00:00\",\"description\":\"Mit der neuen Short EXTREM erzielst Du Deine maximale Leistung. Das Gewebe zeichnet sich durch eine gute Muskelkompression aus. Es schafft es, die Milchs\u00e4ure unter Kontrolle zu halten, verz\u00f6gert die Muskelerm\u00fcdung und hilft, das Blut mit Sauerstoff zu versorgen. Am Ende der Beine befindet sich ein mikroperforiertes Gummiband mit einem hypoallergenen Silikongriff im Inneren. Dies verhindert, dass das Schwitzen zunimmt und h\u00e4lt das St\u00fcck sicher am Bein. Au\u00dfen verf\u00fcgt es \u00fcber 360\u00b0 reflektierende Linien, die Ihre Sicherheit erh\u00f6hen, da sie das Licht der Fahrzeuge reflektieren. Im Lendenbereich finden Sie eine tolle Rei\u00dfverschlusstasche, in der Sie w\u00e4hrend des Trainings einige Wertsachen verstauen k\u00f6nnen. Auf beiden Seiten befindet sich eine Netztasche, in der Sie Nahrungsriegel mitnehmen k\u00f6nnen. Die eingearbeiteten Flachn\u00e4hte sind sehr widerstandsf\u00e4hig und verhindern Reibungen oder Hautirritationen. Der Gummizug der Taille schmiegt sich sehr gut an den K\u00f6rper an und h\u00e4lt das Netz fest, ohne zu st\u00f6ren.\",\"breadcrumb\":{\"@id\":\"https:\\\/\\\/www.inverseteams.com\\\/de\\\/produkt\\\/personalisiertes-kurze-trailrunning-leggings-extrem\\\/#breadcrumb\"},\"inLanguage\":\"de\",\"potentialAction\":[{\"@type\":\"ReadAction\",\"target\":[\"https:\\\/\\\/www.inverseteams.com\\\/de\\\/produkt\\\/personalisiertes-kurze-trailrunning-leggings-extrem\\\/\"]}]},{\"@type\":\"ImageObject\",\"inLanguage\":\"de\",\"@id\":\"https:\\\/\\\/www.inverseteams.com\\\/de\\\/produkt\\\/personalisiertes-kurze-trailrunning-leggings-extrem\\\/#primaryimage\",\"url\":\"https:\\\/\\\/www.inverseteams.com\\\/wp-content\\\/uploads\\\/MALLA-CORTA-EXTREM-1.jpg\",\"contentUrl\":\"https:\\\/\\\/www.inverseteams.com\\\/wp-content\\\/uploads\\\/MALLA-CORTA-EXTREM-1.jpg\",\"width\":3222,\"height\":3462,\"caption\":\"short trail running personalizado\"},{\"@type\":\"BreadcrumbList\",\"@id\":\"https:\\\/\\\/www.inverseteams.com\\\/de\\\/produkt\\\/personalisiertes-kurze-trailrunning-leggings-extrem\\\/#breadcrumb\",\"itemListElement\":[{\"@type\":\"ListItem\",\"position\":1,\"name\":\"Portada\",\"item\":\"https:\\\/\\\/www.inverseteams.com\\\/de\\\/\"},{\"@type\":\"ListItem\",\"position\":2,\"name\":\"Speichern\",\"item\":\"https:\\\/\\\/www.inverseteams.com\\\/de\\\/speichern\\\/\"},{\"@type\":\"ListItem\",\"position\":3,\"name\":\"Personalisiertes Kurze Trailrunning Leggings EXTREM\"}]},{\"@type\":\"WebSite\",\"@id\":\"https:\\\/\\\/www.inverseteams.com\\\/de\\\/#website\",\"url\":\"https:\\\/\\\/www.inverseteams.com\\\/de\\\/\",\"name\":\"Inverseteams\",\"description\":\"Tu marca de ropa deportiva personalizada\",\"publisher\":{\"@id\":\"https:\\\/\\\/www.inverseteams.com\\\/de\\\/#organization\"},\"potentialAction\":[{\"@type\":\"SearchAction\",\"target\":{\"@type\":\"EntryPoint\",\"urlTemplate\":\"https:\\\/\\\/www.inverseteams.com\\\/de\\\/?s={search_term_string}\"},\"query-input\":{\"@type\":\"PropertyValueSpecification\",\"valueRequired\":true,\"valueName\":\"search_term_string\"}}],\"inLanguage\":\"de\"},{\"@type\":\"Organization\",\"@id\":\"https:\\\/\\\/www.inverseteams.com\\\/de\\\/#organization\",\"name\":\"Inverse Teams\",\"url\":\"https:\\\/\\\/www.inverseteams.com\\\/de\\\/\",\"logo\":{\"@type\":\"ImageObject\",\"inLanguage\":\"de\",\"@id\":\"https:\\\/\\\/www.inverseteams.com\\\/de\\\/#\\\/schema\\\/logo\\\/image\\\/\",\"url\":\"https:\\\/\\\/www.inverseteams.com\\\/wp-content\\\/uploads\\\/2021\\\/03\\\/logo-inverse-teams.png\",\"contentUrl\":\"https:\\\/\\\/www.inverseteams.com\\\/wp-content\\\/uploads\\\/2021\\\/03\\\/logo-inverse-teams.png\",\"width\":294,\"height\":99,\"caption\":\"Inverse Teams\"},\"image\":{\"@id\":\"https:\\\/\\\/www.inverseteams.com\\\/de\\\/#\\\/schema\\\/logo\\\/image\\\/\"},\"sameAs\":[\"https:\\\/\\\/www.facebook.com\\\/inverseteams\",\"http:\\\/\\\/instagram.com\\\/inverseteams\",\"https:\\\/\\\/www.linkedin.com\\\/company\\\/inverse-cirosport-s-l-?trk=job_view_topcard_company_name\",\"http:\\\/\\\/www.pinterest.com\\\/inverseteams\\\/\",\"http:\\\/\\\/www.youtube.com\\\/user\\\/inverseteams?feature=watch\"]}]}<\/script>\n<!-- \/ Yoast SEO plugin. -->","yoast_head_json":{"title":"Personalisiertes Kurze Trailrunning Leggings EXTREM","description":"Mit der neuen Short EXTREM erzielst Du Deine maximale Leistung. Das Gewebe zeichnet sich durch eine gute Muskelkompression aus. Es schafft es, die Milchs\u00e4ure unter Kontrolle zu halten, verz\u00f6gert die Muskelerm\u00fcdung und hilft, das Blut mit Sauerstoff zu versorgen. Am Ende der Beine befindet sich ein mikroperforiertes Gummiband mit einem hypoallergenen Silikongriff im Inneren. Dies verhindert, dass das Schwitzen zunimmt und h\u00e4lt das St\u00fcck sicher am Bein. Au\u00dfen verf\u00fcgt es \u00fcber 360\u00b0 reflektierende Linien, die Ihre Sicherheit erh\u00f6hen, da sie das Licht der Fahrzeuge reflektieren. Im Lendenbereich finden Sie eine tolle Rei\u00dfverschlusstasche, in der Sie w\u00e4hrend des Trainings einige Wertsachen verstauen k\u00f6nnen. Auf beiden Seiten befindet sich eine Netztasche, in der Sie Nahrungsriegel mitnehmen k\u00f6nnen. Die eingearbeiteten Flachn\u00e4hte sind sehr widerstandsf\u00e4hig und verhindern Reibungen oder Hautirritationen. Der Gummizug der Taille schmiegt sich sehr gut an den K\u00f6rper an und h\u00e4lt das Netz fest, ohne zu st\u00f6ren.","robots":{"index":"index","follow":"follow","max-snippet":"max-snippet:-1","max-image-preview":"max-image-preview:large","max-video-preview":"max-video-preview:-1"},"canonical":"https:\/\/www.inverseteams.com\/de\/produkt\/personalisiertes-kurze-trailrunning-leggings-extrem\/","og_locale":"de_DE","og_type":"article","og_title":"Personalisiertes Kurze Trailrunning Leggings EXTREM","og_description":"Mit der neuen Short EXTREM erzielst Du Deine maximale Leistung. Das Gewebe zeichnet sich durch eine gute Muskelkompression aus. Es schafft es, die Milchs\u00e4ure unter Kontrolle zu halten, verz\u00f6gert die Muskelerm\u00fcdung und hilft, das Blut mit Sauerstoff zu versorgen. Am Ende der Beine befindet sich ein mikroperforiertes Gummiband mit einem hypoallergenen Silikongriff im Inneren. Dies verhindert, dass das Schwitzen zunimmt und h\u00e4lt das St\u00fcck sicher am Bein. Au\u00dfen verf\u00fcgt es \u00fcber 360\u00b0 reflektierende Linien, die Ihre Sicherheit erh\u00f6hen, da sie das Licht der Fahrzeuge reflektieren. Im Lendenbereich finden Sie eine tolle Rei\u00dfverschlusstasche, in der Sie w\u00e4hrend des Trainings einige Wertsachen verstauen k\u00f6nnen. Auf beiden Seiten befindet sich eine Netztasche, in der Sie Nahrungsriegel mitnehmen k\u00f6nnen. Die eingearbeiteten Flachn\u00e4hte sind sehr widerstandsf\u00e4hig und verhindern Reibungen oder Hautirritationen. Der Gummizug der Taille schmiegt sich sehr gut an den K\u00f6rper an und h\u00e4lt das Netz fest, ohne zu st\u00f6ren.","og_url":"https:\/\/www.inverseteams.com\/de\/produkt\/personalisiertes-kurze-trailrunning-leggings-extrem\/","og_site_name":"Inverseteams","article_publisher":"https:\/\/www.facebook.com\/inverseteams","article_modified_time":"2024-01-29T14:25:03+00:00","og_image":[{"width":3222,"height":3462,"url":"https:\/\/www.inverseteams.com\/wp-content\/uploads\/MALLA-CORTA-EXTREM-1.jpg","type":"image\/jpeg"}],"twitter_card":"summary_large_image","twitter_misc":{"Gesch\u00e4tzte Lesezeit":"1\u00a0Minute"},"schema":{"@context":"https:\/\/schema.org","@graph":[{"@type":"WebPage","@id":"https:\/\/www.inverseteams.com\/de\/produkt\/personalisiertes-kurze-trailrunning-leggings-extrem\/","url":"https:\/\/www.inverseteams.com\/de\/produkt\/personalisiertes-kurze-trailrunning-leggings-extrem\/","name":"Personalisiertes Kurze Trailrunning Leggings EXTREM","isPartOf":{"@id":"https:\/\/www.inverseteams.com\/de\/#website"},"primaryImageOfPage":{"@id":"https:\/\/www.inverseteams.com\/de\/produkt\/personalisiertes-kurze-trailrunning-leggings-extrem\/#primaryimage"},"image":{"@id":"https:\/\/www.inverseteams.com\/de\/produkt\/personalisiertes-kurze-trailrunning-leggings-extrem\/#primaryimage"},"thumbnailUrl":"https:\/\/www.inverseteams.com\/wp-content\/uploads\/MALLA-CORTA-EXTREM-1.jpg","datePublished":"2021-05-10T09:18:40+00:00","dateModified":"2024-01-29T14:25:03+00:00","description":"Mit der neuen Short EXTREM erzielst Du Deine maximale Leistung. Das Gewebe zeichnet sich durch eine gute Muskelkompression aus. Es schafft es, die Milchs\u00e4ure unter Kontrolle zu halten, verz\u00f6gert die Muskelerm\u00fcdung und hilft, das Blut mit Sauerstoff zu versorgen. Am Ende der Beine befindet sich ein mikroperforiertes Gummiband mit einem hypoallergenen Silikongriff im Inneren. Dies verhindert, dass das Schwitzen zunimmt und h\u00e4lt das St\u00fcck sicher am Bein. Au\u00dfen verf\u00fcgt es \u00fcber 360\u00b0 reflektierende Linien, die Ihre Sicherheit erh\u00f6hen, da sie das Licht der Fahrzeuge reflektieren. Im Lendenbereich finden Sie eine tolle Rei\u00dfverschlusstasche, in der Sie w\u00e4hrend des Trainings einige Wertsachen verstauen k\u00f6nnen. Auf beiden Seiten befindet sich eine Netztasche, in der Sie Nahrungsriegel mitnehmen k\u00f6nnen. Die eingearbeiteten Flachn\u00e4hte sind sehr widerstandsf\u00e4hig und verhindern Reibungen oder Hautirritationen. Der Gummizug der Taille schmiegt sich sehr gut an den K\u00f6rper an und h\u00e4lt das Netz fest, ohne zu st\u00f6ren.","breadcrumb":{"@id":"https:\/\/www.inverseteams.com\/de\/produkt\/personalisiertes-kurze-trailrunning-leggings-extrem\/#breadcrumb"},"inLanguage":"de","potentialAction":[{"@type":"ReadAction","target":["https:\/\/www.inverseteams.com\/de\/produkt\/personalisiertes-kurze-trailrunning-leggings-extrem\/"]}]},{"@type":"ImageObject","inLanguage":"de","@id":"https:\/\/www.inverseteams.com\/de\/produkt\/personalisiertes-kurze-trailrunning-leggings-extrem\/#primaryimage","url":"https:\/\/www.inverseteams.com\/wp-content\/uploads\/MALLA-CORTA-EXTREM-1.jpg","contentUrl":"https:\/\/www.inverseteams.com\/wp-content\/uploads\/MALLA-CORTA-EXTREM-1.jpg","width":3222,"height":3462,"caption":"short trail running personalizado"},{"@type":"BreadcrumbList","@id":"https:\/\/www.inverseteams.com\/de\/produkt\/personalisiertes-kurze-trailrunning-leggings-extrem\/#breadcrumb","itemListElement":[{"@type":"ListItem","position":1,"name":"Portada","item":"https:\/\/www.inverseteams.com\/de\/"},{"@type":"ListItem","position":2,"name":"Speichern","item":"https:\/\/www.inverseteams.com\/de\/speichern\/"},{"@type":"ListItem","position":3,"name":"Personalisiertes Kurze Trailrunning Leggings EXTREM"}]},{"@type":"WebSite","@id":"https:\/\/www.inverseteams.com\/de\/#website","url":"https:\/\/www.inverseteams.com\/de\/","name":"Inverseteams","description":"Tu marca de ropa deportiva personalizada","publisher":{"@id":"https:\/\/www.inverseteams.com\/de\/#organization"},"potentialAction":[{"@type":"SearchAction","target":{"@type":"EntryPoint","urlTemplate":"https:\/\/www.inverseteams.com\/de\/?s={search_term_string}"},"query-input":{"@type":"PropertyValueSpecification","valueRequired":true,"valueName":"search_term_string"}}],"inLanguage":"de"},{"@type":"Organization","@id":"https:\/\/www.inverseteams.com\/de\/#organization","name":"Inverse Teams","url":"https:\/\/www.inverseteams.com\/de\/","logo":{"@type":"ImageObject","inLanguage":"de","@id":"https:\/\/www.inverseteams.com\/de\/#\/schema\/logo\/image\/","url":"https:\/\/www.inverseteams.com\/wp-content\/uploads\/2021\/03\/logo-inverse-teams.png","contentUrl":"https:\/\/www.inverseteams.com\/wp-content\/uploads\/2021\/03\/logo-inverse-teams.png","width":294,"height":99,"caption":"Inverse Teams"},"image":{"@id":"https:\/\/www.inverseteams.com\/de\/#\/schema\/logo\/image\/"},"sameAs":["https:\/\/www.facebook.com\/inverseteams","http:\/\/instagram.com\/inverseteams","https:\/\/www.linkedin.com\/company\/inverse-cirosport-s-l-?trk=job_view_topcard_company_name","http:\/\/www.pinterest.com\/inverseteams\/","http:\/\/www.youtube.com\/user\/inverseteams?feature=watch"]}]}},"_links":{"self":[{"href":"https:\/\/www.inverseteams.com\/de\/wp-json\/wp\/v2\/product\/173947","targetHints":{"allow":["GET"]}}],"collection":[{"href":"https:\/\/www.inverseteams.com\/de\/wp-json\/wp\/v2\/product"}],"about":[{"href":"https:\/\/www.inverseteams.com\/de\/wp-json\/wp\/v2\/types\/product"}],"replies":[{"embeddable":true,"href":"https:\/\/www.inverseteams.com\/de\/wp-json\/wp\/v2\/comments?post=173947"}],"wp:featuredmedia":[{"embeddable":true,"href":"https:\/\/www.inverseteams.com\/de\/wp-json\/wp\/v2\/media\/165387"}],"wp:attachment":[{"href":"https:\/\/www.inverseteams.com\/de\/wp-json\/wp\/v2\/media?parent=173947"}],"wp:term":[{"taxonomy":"product_brand","embeddable":true,"href":"https:\/\/www.inverseteams.com\/de\/wp-json\/wp\/v2\/product_brand?post=173947"},{"taxonomy":"product_cat","embeddable":true,"href":"https:\/\/www.inverseteams.com\/de\/wp-json\/wp\/v2\/product_cat?post=173947"},{"taxonomy":"product_tag","embeddable":true,"href":"https:\/\/www.inverseteams.com\/de\/wp-json\/wp\/v2\/product_tag?post=173947"},{"taxonomy":"custom_category","embeddable":true,"href":"https:\/\/www.inverseteams.com\/de\/wp-json\/wp\/v2\/custom_category?post=173947"},{"taxonomy":"range","embeddable":true,"href":"https:\/\/www.inverseteams.com\/de\/wp-json\/wp\/v2\/range?post=173947"}],"curies":[{"name":"wp","href":"https:\/\/api.w.org\/{rel}","templated":true}]}}