{"id":173945,"date":"2021-05-10T08:32:12","date_gmt":"2021-05-10T09:19:01","guid":{"rendered":"https:\/\/www.inverseteams.com\/product\/crosstraining-singlet-hard-men\/"},"modified":"2024-01-31T10:01:30","modified_gmt":"2024-01-31T10:01:30","slug":"personalisiertes-crosstraining-tanktop-hard-herren","status":"publish","type":"product","link":"https:\/\/www.inverseteams.com\/de\/produkt\/personalisiertes-crosstraining-tanktop-hard-herren\/","title":{"rendered":"Personalisiertes Crosstraining Tanktop HARD (HERREN)"},"content":{"rendered":"<p>Dank seiner Leichtigkeit und Weichheit f\u00fchlen Sie sich beim Training sehr wohl.<br \/>\nDie Dual Comfort System-Behandlung des Stoffes reguliert die K\u00f6rpertemperatur und verhindert eine \u00dcberhitzung der Haut. Dar\u00fcber hinaus erm\u00f6glicht die Struktur seiner Filamente eine schnelle Ableitung des Schwei\u00dfes nach au\u00dfen, um die Haut trocken zu halten.<br \/>\nDas neue Crosstraining-Singlet hilft Ihnen, Ihre Anstrengungen zu optimieren und den Sport zu genie\u00dfen.<\/p>\n","protected":false},"excerpt":{"rendered":"<p>Dank seiner Leichtigkeit und Weichheit f\u00fchlen Sie sich beim Training sehr wohl.<br \/>\nDie Dual Comfort System-Behandlung des Stoffes reguliert die K\u00f6rpertemperatur und verhindert eine \u00dcberhitzung der Haut. Dar\u00fcber hinaus erm\u00f6glicht die Struktur seiner Filamente eine schnelle Ableitung des Schwei\u00dfes nach au\u00dfen, um die Haut trocken zu halten.<br \/>\nDas neue Crosstraining-Singlet hilft Ihnen, Ihre Anstrengungen zu optimieren und den Sport zu genie\u00dfen.<\/p>\n","protected":false},"featured_media":165024,"comment_status":"closed","ping_status":"closed","template":"","meta":{"_acf_changed":false},"product_brand":[],"product_cat":[11218],"product_tag":[],"custom_category":[11360,11240,11363],"range":[11364],"class_list":{"0":"post-173945","1":"product","2":"type-product","3":"status-publish","4":"has-post-thumbnail","6":"product_cat-uncategorized-de","7":"pa_climatologia-calor-de","8":"pa_deporte-crosstraining-de","9":"pa_genero-hombre-de","10":"pa_patronaje-regular-de","11":"pa_tipo-de-prenda-camiseta-de","12":"custom_category-personalisierte-crosstraining-shirts","13":"custom_category-sport","14":"custom_category-ropa-de-crosstraining-personalizada-de","15":"range-hard-de","17":"first","18":"instock","19":"product-type-custom"},"acf":[],"yoast_head":"<!-- This site is optimized with the Yoast SEO plugin v27.3 - https:\/\/yoast.com\/product\/yoast-seo-wordpress\/ -->\n<title>Personalisiertes Crosstraining Tanktop HARD (HERREN)<\/title>\n<meta name=\"description\" content=\"Dank seiner Leichtigkeit und Weichheit f\u00fchlen Sie sich beim Training sehr wohl. Die Dual Comfort System-Behandlung des Stoffes reguliert die K\u00f6rpertemperatur und verhindert eine \u00dcberhitzung der Haut. Dar\u00fcber hinaus erm\u00f6glicht die Struktur seiner Filamente eine schnelle Ableitung des Schwei\u00dfes nach au\u00dfen, um die Haut trocken zu halten. Das neue Crosstraining-Singlet hilft Ihnen, Ihre Anstrengungen zu optimieren und den Sport zu genie\u00dfen.\" \/>\n<meta name=\"robots\" content=\"index, follow, max-snippet:-1, max-image-preview:large, max-video-preview:-1\" \/>\n<link rel=\"canonical\" href=\"https:\/\/www.inverseteams.com\/de\/produkt\/personalisiertes-crosstraining-tanktop-hard-herren\/\" \/>\n<meta property=\"og:locale\" content=\"de_DE\" \/>\n<meta property=\"og:type\" content=\"article\" \/>\n<meta property=\"og:title\" content=\"Personalisiertes Crosstraining Tanktop HARD (HERREN)\" \/>\n<meta property=\"og:description\" content=\"Dank seiner Leichtigkeit und Weichheit f\u00fchlen Sie sich beim Training sehr wohl. Die Dual Comfort System-Behandlung des Stoffes reguliert die K\u00f6rpertemperatur und verhindert eine \u00dcberhitzung der Haut. Dar\u00fcber hinaus erm\u00f6glicht die Struktur seiner Filamente eine schnelle Ableitung des Schwei\u00dfes nach au\u00dfen, um die Haut trocken zu halten. Das neue Crosstraining-Singlet hilft Ihnen, Ihre Anstrengungen zu optimieren und den Sport zu genie\u00dfen.\" \/>\n<meta property=\"og:url\" content=\"https:\/\/www.inverseteams.com\/de\/produkt\/personalisiertes-crosstraining-tanktop-hard-herren\/\" \/>\n<meta property=\"og:site_name\" content=\"Inverseteams\" \/>\n<meta property=\"article:publisher\" content=\"https:\/\/www.facebook.com\/inverseteams\" \/>\n<meta property=\"article:modified_time\" content=\"2024-01-31T10:01:30+00:00\" \/>\n<meta property=\"og:image\" content=\"https:\/\/www.inverseteams.com\/wp-content\/uploads\/CAMISETA-CT-HARD-1.jpg\" \/>\n\t<meta property=\"og:image:width\" content=\"3222\" \/>\n\t<meta property=\"og:image:height\" content=\"3462\" \/>\n\t<meta property=\"og:image:type\" content=\"image\/jpeg\" \/>\n<meta name=\"twitter:card\" content=\"summary_large_image\" \/>\n<meta name=\"twitter:label1\" content=\"Gesch\u00e4tzte Lesezeit\" \/>\n\t<meta name=\"twitter:data1\" content=\"1\u00a0Minute\" \/>\n<script type=\"application\/ld+json\" class=\"yoast-schema-graph\">{\"@context\":\"https:\\\/\\\/schema.org\",\"@graph\":[{\"@type\":\"WebPage\",\"@id\":\"https:\\\/\\\/www.inverseteams.com\\\/de\\\/produkt\\\/personalisiertes-crosstraining-tanktop-hard-herren\\\/\",\"url\":\"https:\\\/\\\/www.inverseteams.com\\\/de\\\/produkt\\\/personalisiertes-crosstraining-tanktop-hard-herren\\\/\",\"name\":\"Personalisiertes Crosstraining Tanktop HARD (HERREN)\",\"isPartOf\":{\"@id\":\"https:\\\/\\\/www.inverseteams.com\\\/de\\\/#website\"},\"primaryImageOfPage\":{\"@id\":\"https:\\\/\\\/www.inverseteams.com\\\/de\\\/produkt\\\/personalisiertes-crosstraining-tanktop-hard-herren\\\/#primaryimage\"},\"image\":{\"@id\":\"https:\\\/\\\/www.inverseteams.com\\\/de\\\/produkt\\\/personalisiertes-crosstraining-tanktop-hard-herren\\\/#primaryimage\"},\"thumbnailUrl\":\"https:\\\/\\\/www.inverseteams.com\\\/wp-content\\\/uploads\\\/CAMISETA-CT-HARD-1.jpg\",\"datePublished\":\"2021-05-10T09:19:01+00:00\",\"dateModified\":\"2024-01-31T10:01:30+00:00\",\"description\":\"Dank seiner Leichtigkeit und Weichheit f\u00fchlen Sie sich beim Training sehr wohl. Die Dual Comfort System-Behandlung des Stoffes reguliert die K\u00f6rpertemperatur und verhindert eine \u00dcberhitzung der Haut. Dar\u00fcber hinaus erm\u00f6glicht die Struktur seiner Filamente eine schnelle Ableitung des Schwei\u00dfes nach au\u00dfen, um die Haut trocken zu halten. Das neue Crosstraining-Singlet hilft Ihnen, Ihre Anstrengungen zu optimieren und den Sport zu genie\u00dfen.\",\"breadcrumb\":{\"@id\":\"https:\\\/\\\/www.inverseteams.com\\\/de\\\/produkt\\\/personalisiertes-crosstraining-tanktop-hard-herren\\\/#breadcrumb\"},\"inLanguage\":\"de\",\"potentialAction\":[{\"@type\":\"ReadAction\",\"target\":[\"https:\\\/\\\/www.inverseteams.com\\\/de\\\/produkt\\\/personalisiertes-crosstraining-tanktop-hard-herren\\\/\"]}]},{\"@type\":\"ImageObject\",\"inLanguage\":\"de\",\"@id\":\"https:\\\/\\\/www.inverseteams.com\\\/de\\\/produkt\\\/personalisiertes-crosstraining-tanktop-hard-herren\\\/#primaryimage\",\"url\":\"https:\\\/\\\/www.inverseteams.com\\\/wp-content\\\/uploads\\\/CAMISETA-CT-HARD-1.jpg\",\"contentUrl\":\"https:\\\/\\\/www.inverseteams.com\\\/wp-content\\\/uploads\\\/CAMISETA-CT-HARD-1.jpg\",\"width\":3222,\"height\":3462,\"caption\":\"camiseta tirantes crosstraining personalizada\"},{\"@type\":\"BreadcrumbList\",\"@id\":\"https:\\\/\\\/www.inverseteams.com\\\/de\\\/produkt\\\/personalisiertes-crosstraining-tanktop-hard-herren\\\/#breadcrumb\",\"itemListElement\":[{\"@type\":\"ListItem\",\"position\":1,\"name\":\"Portada\",\"item\":\"https:\\\/\\\/www.inverseteams.com\\\/de\\\/\"},{\"@type\":\"ListItem\",\"position\":2,\"name\":\"Speichern\",\"item\":\"https:\\\/\\\/www.inverseteams.com\\\/de\\\/speichern\\\/\"},{\"@type\":\"ListItem\",\"position\":3,\"name\":\"Personalisiertes Crosstraining Tanktop HARD (HERREN)\"}]},{\"@type\":\"WebSite\",\"@id\":\"https:\\\/\\\/www.inverseteams.com\\\/de\\\/#website\",\"url\":\"https:\\\/\\\/www.inverseteams.com\\\/de\\\/\",\"name\":\"Inverseteams\",\"description\":\"Tu marca de ropa deportiva personalizada\",\"publisher\":{\"@id\":\"https:\\\/\\\/www.inverseteams.com\\\/de\\\/#organization\"},\"potentialAction\":[{\"@type\":\"SearchAction\",\"target\":{\"@type\":\"EntryPoint\",\"urlTemplate\":\"https:\\\/\\\/www.inverseteams.com\\\/de\\\/?s={search_term_string}\"},\"query-input\":{\"@type\":\"PropertyValueSpecification\",\"valueRequired\":true,\"valueName\":\"search_term_string\"}}],\"inLanguage\":\"de\"},{\"@type\":\"Organization\",\"@id\":\"https:\\\/\\\/www.inverseteams.com\\\/de\\\/#organization\",\"name\":\"Inverse Teams\",\"url\":\"https:\\\/\\\/www.inverseteams.com\\\/de\\\/\",\"logo\":{\"@type\":\"ImageObject\",\"inLanguage\":\"de\",\"@id\":\"https:\\\/\\\/www.inverseteams.com\\\/de\\\/#\\\/schema\\\/logo\\\/image\\\/\",\"url\":\"http:\\\/\\\/www.inverseteams.com\\\/wp-content\\\/uploads\\\/2021\\\/03\\\/logo-inverse-teams.png\",\"contentUrl\":\"http:\\\/\\\/www.inverseteams.com\\\/wp-content\\\/uploads\\\/2021\\\/03\\\/logo-inverse-teams.png\",\"width\":294,\"height\":99,\"caption\":\"Inverse Teams\"},\"image\":{\"@id\":\"https:\\\/\\\/www.inverseteams.com\\\/de\\\/#\\\/schema\\\/logo\\\/image\\\/\"},\"sameAs\":[\"https:\\\/\\\/www.facebook.com\\\/inverseteams\",\"http:\\\/\\\/instagram.com\\\/inverseteams\",\"https:\\\/\\\/www.linkedin.com\\\/company\\\/inverse-cirosport-s-l-?trk=job_view_topcard_company_name\",\"http:\\\/\\\/www.pinterest.com\\\/inverseteams\\\/\",\"http:\\\/\\\/www.youtube.com\\\/user\\\/inverseteams?feature=watch\"]}]}<\/script>\n<!-- \/ Yoast SEO plugin. -->","yoast_head_json":{"title":"Personalisiertes Crosstraining Tanktop HARD (HERREN)","description":"Dank seiner Leichtigkeit und Weichheit f\u00fchlen Sie sich beim Training sehr wohl. Die Dual Comfort System-Behandlung des Stoffes reguliert die K\u00f6rpertemperatur und verhindert eine \u00dcberhitzung der Haut. Dar\u00fcber hinaus erm\u00f6glicht die Struktur seiner Filamente eine schnelle Ableitung des Schwei\u00dfes nach au\u00dfen, um die Haut trocken zu halten. Das neue Crosstraining-Singlet hilft Ihnen, Ihre Anstrengungen zu optimieren und den Sport zu genie\u00dfen.","robots":{"index":"index","follow":"follow","max-snippet":"max-snippet:-1","max-image-preview":"max-image-preview:large","max-video-preview":"max-video-preview:-1"},"canonical":"https:\/\/www.inverseteams.com\/de\/produkt\/personalisiertes-crosstraining-tanktop-hard-herren\/","og_locale":"de_DE","og_type":"article","og_title":"Personalisiertes Crosstraining Tanktop HARD (HERREN)","og_description":"Dank seiner Leichtigkeit und Weichheit f\u00fchlen Sie sich beim Training sehr wohl. Die Dual Comfort System-Behandlung des Stoffes reguliert die K\u00f6rpertemperatur und verhindert eine \u00dcberhitzung der Haut. Dar\u00fcber hinaus erm\u00f6glicht die Struktur seiner Filamente eine schnelle Ableitung des Schwei\u00dfes nach au\u00dfen, um die Haut trocken zu halten. Das neue Crosstraining-Singlet hilft Ihnen, Ihre Anstrengungen zu optimieren und den Sport zu genie\u00dfen.","og_url":"https:\/\/www.inverseteams.com\/de\/produkt\/personalisiertes-crosstraining-tanktop-hard-herren\/","og_site_name":"Inverseteams","article_publisher":"https:\/\/www.facebook.com\/inverseteams","article_modified_time":"2024-01-31T10:01:30+00:00","og_image":[{"width":3222,"height":3462,"url":"https:\/\/www.inverseteams.com\/wp-content\/uploads\/CAMISETA-CT-HARD-1.jpg","type":"image\/jpeg"}],"twitter_card":"summary_large_image","twitter_misc":{"Gesch\u00e4tzte Lesezeit":"1\u00a0Minute"},"schema":{"@context":"https:\/\/schema.org","@graph":[{"@type":"WebPage","@id":"https:\/\/www.inverseteams.com\/de\/produkt\/personalisiertes-crosstraining-tanktop-hard-herren\/","url":"https:\/\/www.inverseteams.com\/de\/produkt\/personalisiertes-crosstraining-tanktop-hard-herren\/","name":"Personalisiertes Crosstraining Tanktop HARD (HERREN)","isPartOf":{"@id":"https:\/\/www.inverseteams.com\/de\/#website"},"primaryImageOfPage":{"@id":"https:\/\/www.inverseteams.com\/de\/produkt\/personalisiertes-crosstraining-tanktop-hard-herren\/#primaryimage"},"image":{"@id":"https:\/\/www.inverseteams.com\/de\/produkt\/personalisiertes-crosstraining-tanktop-hard-herren\/#primaryimage"},"thumbnailUrl":"https:\/\/www.inverseteams.com\/wp-content\/uploads\/CAMISETA-CT-HARD-1.jpg","datePublished":"2021-05-10T09:19:01+00:00","dateModified":"2024-01-31T10:01:30+00:00","description":"Dank seiner Leichtigkeit und Weichheit f\u00fchlen Sie sich beim Training sehr wohl. Die Dual Comfort System-Behandlung des Stoffes reguliert die K\u00f6rpertemperatur und verhindert eine \u00dcberhitzung der Haut. Dar\u00fcber hinaus erm\u00f6glicht die Struktur seiner Filamente eine schnelle Ableitung des Schwei\u00dfes nach au\u00dfen, um die Haut trocken zu halten. Das neue Crosstraining-Singlet hilft Ihnen, Ihre Anstrengungen zu optimieren und den Sport zu genie\u00dfen.","breadcrumb":{"@id":"https:\/\/www.inverseteams.com\/de\/produkt\/personalisiertes-crosstraining-tanktop-hard-herren\/#breadcrumb"},"inLanguage":"de","potentialAction":[{"@type":"ReadAction","target":["https:\/\/www.inverseteams.com\/de\/produkt\/personalisiertes-crosstraining-tanktop-hard-herren\/"]}]},{"@type":"ImageObject","inLanguage":"de","@id":"https:\/\/www.inverseteams.com\/de\/produkt\/personalisiertes-crosstraining-tanktop-hard-herren\/#primaryimage","url":"https:\/\/www.inverseteams.com\/wp-content\/uploads\/CAMISETA-CT-HARD-1.jpg","contentUrl":"https:\/\/www.inverseteams.com\/wp-content\/uploads\/CAMISETA-CT-HARD-1.jpg","width":3222,"height":3462,"caption":"camiseta tirantes crosstraining personalizada"},{"@type":"BreadcrumbList","@id":"https:\/\/www.inverseteams.com\/de\/produkt\/personalisiertes-crosstraining-tanktop-hard-herren\/#breadcrumb","itemListElement":[{"@type":"ListItem","position":1,"name":"Portada","item":"https:\/\/www.inverseteams.com\/de\/"},{"@type":"ListItem","position":2,"name":"Speichern","item":"https:\/\/www.inverseteams.com\/de\/speichern\/"},{"@type":"ListItem","position":3,"name":"Personalisiertes Crosstraining Tanktop HARD (HERREN)"}]},{"@type":"WebSite","@id":"https:\/\/www.inverseteams.com\/de\/#website","url":"https:\/\/www.inverseteams.com\/de\/","name":"Inverseteams","description":"Tu marca de ropa deportiva personalizada","publisher":{"@id":"https:\/\/www.inverseteams.com\/de\/#organization"},"potentialAction":[{"@type":"SearchAction","target":{"@type":"EntryPoint","urlTemplate":"https:\/\/www.inverseteams.com\/de\/?s={search_term_string}"},"query-input":{"@type":"PropertyValueSpecification","valueRequired":true,"valueName":"search_term_string"}}],"inLanguage":"de"},{"@type":"Organization","@id":"https:\/\/www.inverseteams.com\/de\/#organization","name":"Inverse Teams","url":"https:\/\/www.inverseteams.com\/de\/","logo":{"@type":"ImageObject","inLanguage":"de","@id":"https:\/\/www.inverseteams.com\/de\/#\/schema\/logo\/image\/","url":"https:\/\/www.inverseteams.com\/wp-content\/uploads\/2021\/03\/logo-inverse-teams.png","contentUrl":"https:\/\/www.inverseteams.com\/wp-content\/uploads\/2021\/03\/logo-inverse-teams.png","width":294,"height":99,"caption":"Inverse Teams"},"image":{"@id":"https:\/\/www.inverseteams.com\/de\/#\/schema\/logo\/image\/"},"sameAs":["https:\/\/www.facebook.com\/inverseteams","http:\/\/instagram.com\/inverseteams","https:\/\/www.linkedin.com\/company\/inverse-cirosport-s-l-?trk=job_view_topcard_company_name","http:\/\/www.pinterest.com\/inverseteams\/","http:\/\/www.youtube.com\/user\/inverseteams?feature=watch"]}]}},"_links":{"self":[{"href":"https:\/\/www.inverseteams.com\/de\/wp-json\/wp\/v2\/product\/173945","targetHints":{"allow":["GET"]}}],"collection":[{"href":"https:\/\/www.inverseteams.com\/de\/wp-json\/wp\/v2\/product"}],"about":[{"href":"https:\/\/www.inverseteams.com\/de\/wp-json\/wp\/v2\/types\/product"}],"replies":[{"embeddable":true,"href":"https:\/\/www.inverseteams.com\/de\/wp-json\/wp\/v2\/comments?post=173945"}],"wp:featuredmedia":[{"embeddable":true,"href":"https:\/\/www.inverseteams.com\/de\/wp-json\/wp\/v2\/media\/165024"}],"wp:attachment":[{"href":"https:\/\/www.inverseteams.com\/de\/wp-json\/wp\/v2\/media?parent=173945"}],"wp:term":[{"taxonomy":"product_brand","embeddable":true,"href":"https:\/\/www.inverseteams.com\/de\/wp-json\/wp\/v2\/product_brand?post=173945"},{"taxonomy":"product_cat","embeddable":true,"href":"https:\/\/www.inverseteams.com\/de\/wp-json\/wp\/v2\/product_cat?post=173945"},{"taxonomy":"product_tag","embeddable":true,"href":"https:\/\/www.inverseteams.com\/de\/wp-json\/wp\/v2\/product_tag?post=173945"},{"taxonomy":"custom_category","embeddable":true,"href":"https:\/\/www.inverseteams.com\/de\/wp-json\/wp\/v2\/custom_category?post=173945"},{"taxonomy":"range","embeddable":true,"href":"https:\/\/www.inverseteams.com\/de\/wp-json\/wp\/v2\/range?post=173945"}],"curies":[{"name":"wp","href":"https:\/\/api.w.org\/{rel}","templated":true}]}}