{"id":173940,"date":"2021-10-05T09:46:42","date_gmt":"2021-10-05T09:46:42","guid":{"rendered":"https:\/\/www.inverseteams.com\/product\/cycling-bib-shorts-air\/"},"modified":"2026-02-25T09:31:59","modified_gmt":"2026-02-25T08:31:59","slug":"personalisiertes-kurze-radhose-supra","status":"publish","type":"product","link":"https:\/\/www.inverseteams.com\/de\/produkt\/personalisiertes-kurze-radhose-supra\/","title":{"rendered":"Personalisiertes Kurze Radhose SUPRA"},"content":{"rendered":"<p>Seine Elastizit\u00e4t und Leichtigkeit erm\u00f6glichen Ihnen gro\u00dfe Bewegungsfreiheit. Es zeichnet sich durch seine gute Muskelkompression aus. Diese Shorts halten die Milchs\u00e4ure unter Kontrolle, verz\u00f6gern die Muskelerm\u00fcdung und tragen zur Sauerstoffversorgung des Blutes bei.<br \/>\nDie Eins\u00e4tze der Radhose sind so konzipiert, dass sie sich perfekt an die verschiedenen Positionen beim Radfahren anpassen. Sie werden keinen Widerstand bemerken. Diese Eins\u00e4tze sind mit besonders widerstandsf\u00e4higen Flachn\u00e4hten gen\u00e4ht, die dem Kleidungsst\u00fcck auch ein attraktiveres Design verleihen. Mikroperforierte flache Tr\u00e4ger helfen Ihnen, Schwei\u00df abzuleiten und sich jederzeit frisch und trocken zu f\u00fchlen. Diese verteilen das Gewicht gleichm\u00e4\u00dfig, sodass Sie lange Radtouren unbeschwert genie\u00dfen k\u00f6nnen.<br \/>\nAm Ende der lasergeschnittenen Beine befindet sich innen ein hypoallergener Silikongriff. Dadurch bleibt das Kleidungsst\u00fcck fest am Bein befestigt.<\/p>\n","protected":false},"excerpt":{"rendered":"<p>Seine Elastizit\u00e4t und Leichtigkeit erm\u00f6glichen Ihnen gro\u00dfe Bewegungsfreiheit. Es zeichnet sich durch seine gute Muskelkompression aus. Diese Shorts halten die Milchs\u00e4ure unter Kontrolle, verz\u00f6gern die Muskelerm\u00fcdung und tragen zur Sauerstoffversorgung des Blutes bei.<br \/>\nDie Eins\u00e4tze der Radhose sind so konzipiert, dass sie sich perfekt an die verschiedenen Positionen beim Radfahren anpassen. Sie werden keinen Widerstand bemerken. Diese Eins\u00e4tze sind mit besonders widerstandsf\u00e4higen Flachn\u00e4hten gen\u00e4ht, die dem Kleidungsst\u00fcck auch ein attraktiveres Design verleihen. Mikroperforierte flache Tr\u00e4ger helfen Ihnen, Schwei\u00df abzuleiten und sich jederzeit frisch und trocken zu f\u00fchlen. Diese verteilen das Gewicht gleichm\u00e4\u00dfig, sodass Sie lange Radtouren unbeschwert genie\u00dfen k\u00f6nnen.<br \/>\nAm Ende der lasergeschnittenen Beine befindet sich innen ein hypoallergener Silikongriff. Dadurch bleibt das Kleidungsst\u00fcck fest am Bein befestigt.<\/p>\n","protected":false},"featured_media":277660,"comment_status":"closed","ping_status":"closed","template":"","meta":{"_acf_changed":false},"product_brand":[],"product_cat":[11218],"product_tag":[],"custom_category":[11237,11378,11240],"range":[11344],"class_list":{"0":"post-173940","1":"product","2":"type-product","3":"status-publish","4":"has-post-thumbnail","6":"product_cat-uncategorized-de","7":"pa_climatologia-temperatura-templada-de","8":"pa_climatologia-calor-de","9":"pa_deporte-ciclismo-de","10":"pa_genero-hombre-de","11":"pa_genero-mujer-de","12":"pa_patronaje-fit-de","13":"pa_tipo-de-prenda-kurze-radhose","14":"custom_category-personalisierte-fahrradbekleidung","15":"custom_category-personalisierte-radhosen","16":"custom_category-sport","17":"range-supra-de","19":"first","20":"instock","21":"product-type-custom"},"acf":[],"yoast_head":"<!-- This site is optimized with the Yoast SEO plugin v27.3 - https:\/\/yoast.com\/product\/yoast-seo-wordpress\/ -->\n<title>Personalisiertes Kurze Radhose AIR<\/title>\n<meta name=\"description\" content=\"Seine Elastizit\u00e4t und Leichtigkeit erm\u00f6glichen Ihnen gro\u00dfe Bewegungsfreiheit. Es zeichnet sich durch seine gute Muskelkompression aus. Diese Shorts halten die Milchs\u00e4ure unter Kontrolle, verz\u00f6gern die Muskelerm\u00fcdung und tragen zur Sauerstoffversorgung des Blutes bei. Die Eins\u00e4tze der Radhose sind so konzipiert, dass sie sich perfekt an die verschiedenen Positionen beim Radfahren anpassen. Sie werden keinen Widerstand bemerken. Diese Eins\u00e4tze sind mit besonders widerstandsf\u00e4higen Flachn\u00e4hten gen\u00e4ht, die dem Kleidungsst\u00fcck auch ein attraktiveres Design verleihen. Mikroperforierte flache Tr\u00e4ger helfen Ihnen, Schwei\u00df abzuleiten und sich jederzeit frisch und trocken zu f\u00fchlen. Diese verteilen das Gewicht gleichm\u00e4\u00dfig, sodass Sie lange Radtouren unbeschwert genie\u00dfen k\u00f6nnen. Am Ende der lasergeschnittenen Beine befindet sich innen ein hypoallergener Silikongriff. Dadurch bleibt das Kleidungsst\u00fcck fest am Bein befestigt.\" \/>\n<meta name=\"robots\" content=\"index, follow, max-snippet:-1, max-image-preview:large, max-video-preview:-1\" \/>\n<link rel=\"canonical\" href=\"https:\/\/www.inverseteams.com\/de\/produkt\/personalisiertes-kurze-radhose-supra\/\" \/>\n<meta property=\"og:locale\" content=\"de_DE\" \/>\n<meta property=\"og:type\" content=\"article\" \/>\n<meta property=\"og:title\" content=\"Personalisiertes Kurze Radhose AIR\" \/>\n<meta property=\"og:description\" content=\"Seine Elastizit\u00e4t und Leichtigkeit erm\u00f6glichen Ihnen gro\u00dfe Bewegungsfreiheit. Es zeichnet sich durch seine gute Muskelkompression aus. Diese Shorts halten die Milchs\u00e4ure unter Kontrolle, verz\u00f6gern die Muskelerm\u00fcdung und tragen zur Sauerstoffversorgung des Blutes bei. Die Eins\u00e4tze der Radhose sind so konzipiert, dass sie sich perfekt an die verschiedenen Positionen beim Radfahren anpassen. Sie werden keinen Widerstand bemerken. Diese Eins\u00e4tze sind mit besonders widerstandsf\u00e4higen Flachn\u00e4hten gen\u00e4ht, die dem Kleidungsst\u00fcck auch ein attraktiveres Design verleihen. Mikroperforierte flache Tr\u00e4ger helfen Ihnen, Schwei\u00df abzuleiten und sich jederzeit frisch und trocken zu f\u00fchlen. Diese verteilen das Gewicht gleichm\u00e4\u00dfig, sodass Sie lange Radtouren unbeschwert genie\u00dfen k\u00f6nnen. Am Ende der lasergeschnittenen Beine befindet sich innen ein hypoallergener Silikongriff. Dadurch bleibt das Kleidungsst\u00fcck fest am Bein befestigt.\" \/>\n<meta property=\"og:url\" content=\"https:\/\/www.inverseteams.com\/de\/produkt\/personalisiertes-kurze-radhose-supra\/\" \/>\n<meta property=\"og:site_name\" content=\"Inverseteams\" \/>\n<meta property=\"article:publisher\" content=\"https:\/\/www.facebook.com\/inverseteams\" \/>\n<meta property=\"article:modified_time\" content=\"2026-02-25T08:31:59+00:00\" \/>\n<meta property=\"og:image\" content=\"https:\/\/www.inverseteams.com\/wp-content\/uploads\/CULOTTE-CT-SUPRA-INVERSE-1.png\" \/>\n\t<meta property=\"og:image:width\" content=\"1500\" \/>\n\t<meta property=\"og:image:height\" content=\"1612\" \/>\n\t<meta property=\"og:image:type\" content=\"image\/png\" \/>\n<meta name=\"twitter:card\" content=\"summary_large_image\" \/>\n<meta name=\"twitter:label1\" content=\"Gesch\u00e4tzte Lesezeit\" \/>\n\t<meta name=\"twitter:data1\" content=\"1\u00a0Minute\" \/>\n<script type=\"application\/ld+json\" class=\"yoast-schema-graph\">{\"@context\":\"https:\\\/\\\/schema.org\",\"@graph\":[{\"@type\":\"WebPage\",\"@id\":\"https:\\\/\\\/www.inverseteams.com\\\/de\\\/produkt\\\/personalisiertes-kurze-radhose-supra\\\/\",\"url\":\"https:\\\/\\\/www.inverseteams.com\\\/de\\\/produkt\\\/personalisiertes-kurze-radhose-supra\\\/\",\"name\":\"Personalisiertes Kurze Radhose AIR\",\"isPartOf\":{\"@id\":\"https:\\\/\\\/www.inverseteams.com\\\/de\\\/#website\"},\"primaryImageOfPage\":{\"@id\":\"https:\\\/\\\/www.inverseteams.com\\\/de\\\/produkt\\\/personalisiertes-kurze-radhose-supra\\\/#primaryimage\"},\"image\":{\"@id\":\"https:\\\/\\\/www.inverseteams.com\\\/de\\\/produkt\\\/personalisiertes-kurze-radhose-supra\\\/#primaryimage\"},\"thumbnailUrl\":\"https:\\\/\\\/www.inverseteams.com\\\/wp-content\\\/uploads\\\/CULOTTE-CT-SUPRA-INVERSE-1.png\",\"datePublished\":\"2021-10-05T09:46:42+00:00\",\"dateModified\":\"2026-02-25T08:31:59+00:00\",\"description\":\"Seine Elastizit\u00e4t und Leichtigkeit erm\u00f6glichen Ihnen gro\u00dfe Bewegungsfreiheit. Es zeichnet sich durch seine gute Muskelkompression aus. Diese Shorts halten die Milchs\u00e4ure unter Kontrolle, verz\u00f6gern die Muskelerm\u00fcdung und tragen zur Sauerstoffversorgung des Blutes bei. Die Eins\u00e4tze der Radhose sind so konzipiert, dass sie sich perfekt an die verschiedenen Positionen beim Radfahren anpassen. Sie werden keinen Widerstand bemerken. Diese Eins\u00e4tze sind mit besonders widerstandsf\u00e4higen Flachn\u00e4hten gen\u00e4ht, die dem Kleidungsst\u00fcck auch ein attraktiveres Design verleihen. Mikroperforierte flache Tr\u00e4ger helfen Ihnen, Schwei\u00df abzuleiten und sich jederzeit frisch und trocken zu f\u00fchlen. Diese verteilen das Gewicht gleichm\u00e4\u00dfig, sodass Sie lange Radtouren unbeschwert genie\u00dfen k\u00f6nnen. Am Ende der lasergeschnittenen Beine befindet sich innen ein hypoallergener Silikongriff. Dadurch bleibt das Kleidungsst\u00fcck fest am Bein befestigt.\",\"breadcrumb\":{\"@id\":\"https:\\\/\\\/www.inverseteams.com\\\/de\\\/produkt\\\/personalisiertes-kurze-radhose-supra\\\/#breadcrumb\"},\"inLanguage\":\"de\",\"potentialAction\":[{\"@type\":\"ReadAction\",\"target\":[\"https:\\\/\\\/www.inverseteams.com\\\/de\\\/produkt\\\/personalisiertes-kurze-radhose-supra\\\/\"]}]},{\"@type\":\"ImageObject\",\"inLanguage\":\"de\",\"@id\":\"https:\\\/\\\/www.inverseteams.com\\\/de\\\/produkt\\\/personalisiertes-kurze-radhose-supra\\\/#primaryimage\",\"url\":\"https:\\\/\\\/www.inverseteams.com\\\/wp-content\\\/uploads\\\/CULOTTE-CT-SUPRA-INVERSE-1.png\",\"contentUrl\":\"https:\\\/\\\/www.inverseteams.com\\\/wp-content\\\/uploads\\\/CULOTTE-CT-SUPRA-INVERSE-1.png\",\"width\":1500,\"height\":1612},{\"@type\":\"BreadcrumbList\",\"@id\":\"https:\\\/\\\/www.inverseteams.com\\\/de\\\/produkt\\\/personalisiertes-kurze-radhose-supra\\\/#breadcrumb\",\"itemListElement\":[{\"@type\":\"ListItem\",\"position\":1,\"name\":\"Portada\",\"item\":\"https:\\\/\\\/www.inverseteams.com\\\/de\\\/\"},{\"@type\":\"ListItem\",\"position\":2,\"name\":\"Speichern\",\"item\":\"https:\\\/\\\/www.inverseteams.com\\\/de\\\/speichern\\\/\"},{\"@type\":\"ListItem\",\"position\":3,\"name\":\"Personalisiertes Kurze Radhose SUPRA\"}]},{\"@type\":\"WebSite\",\"@id\":\"https:\\\/\\\/www.inverseteams.com\\\/de\\\/#website\",\"url\":\"https:\\\/\\\/www.inverseteams.com\\\/de\\\/\",\"name\":\"Inverseteams\",\"description\":\"Tu marca de ropa deportiva personalizada\",\"publisher\":{\"@id\":\"https:\\\/\\\/www.inverseteams.com\\\/de\\\/#organization\"},\"potentialAction\":[{\"@type\":\"SearchAction\",\"target\":{\"@type\":\"EntryPoint\",\"urlTemplate\":\"https:\\\/\\\/www.inverseteams.com\\\/de\\\/?s={search_term_string}\"},\"query-input\":{\"@type\":\"PropertyValueSpecification\",\"valueRequired\":true,\"valueName\":\"search_term_string\"}}],\"inLanguage\":\"de\"},{\"@type\":\"Organization\",\"@id\":\"https:\\\/\\\/www.inverseteams.com\\\/de\\\/#organization\",\"name\":\"Inverse Teams\",\"url\":\"https:\\\/\\\/www.inverseteams.com\\\/de\\\/\",\"logo\":{\"@type\":\"ImageObject\",\"inLanguage\":\"de\",\"@id\":\"https:\\\/\\\/www.inverseteams.com\\\/de\\\/#\\\/schema\\\/logo\\\/image\\\/\",\"url\":\"http:\\\/\\\/www.inverseteams.com\\\/wp-content\\\/uploads\\\/2021\\\/03\\\/logo-inverse-teams.png\",\"contentUrl\":\"http:\\\/\\\/www.inverseteams.com\\\/wp-content\\\/uploads\\\/2021\\\/03\\\/logo-inverse-teams.png\",\"width\":294,\"height\":99,\"caption\":\"Inverse Teams\"},\"image\":{\"@id\":\"https:\\\/\\\/www.inverseteams.com\\\/de\\\/#\\\/schema\\\/logo\\\/image\\\/\"},\"sameAs\":[\"https:\\\/\\\/www.facebook.com\\\/inverseteams\",\"http:\\\/\\\/instagram.com\\\/inverseteams\",\"https:\\\/\\\/www.linkedin.com\\\/company\\\/inverse-cirosport-s-l-?trk=job_view_topcard_company_name\",\"http:\\\/\\\/www.pinterest.com\\\/inverseteams\\\/\",\"http:\\\/\\\/www.youtube.com\\\/user\\\/inverseteams?feature=watch\"]}]}<\/script>\n<!-- \/ Yoast SEO plugin. -->","yoast_head_json":{"title":"Personalisiertes Kurze Radhose AIR","description":"Seine Elastizit\u00e4t und Leichtigkeit erm\u00f6glichen Ihnen gro\u00dfe Bewegungsfreiheit. Es zeichnet sich durch seine gute Muskelkompression aus. Diese Shorts halten die Milchs\u00e4ure unter Kontrolle, verz\u00f6gern die Muskelerm\u00fcdung und tragen zur Sauerstoffversorgung des Blutes bei. Die Eins\u00e4tze der Radhose sind so konzipiert, dass sie sich perfekt an die verschiedenen Positionen beim Radfahren anpassen. Sie werden keinen Widerstand bemerken. Diese Eins\u00e4tze sind mit besonders widerstandsf\u00e4higen Flachn\u00e4hten gen\u00e4ht, die dem Kleidungsst\u00fcck auch ein attraktiveres Design verleihen. Mikroperforierte flache Tr\u00e4ger helfen Ihnen, Schwei\u00df abzuleiten und sich jederzeit frisch und trocken zu f\u00fchlen. Diese verteilen das Gewicht gleichm\u00e4\u00dfig, sodass Sie lange Radtouren unbeschwert genie\u00dfen k\u00f6nnen. Am Ende der lasergeschnittenen Beine befindet sich innen ein hypoallergener Silikongriff. Dadurch bleibt das Kleidungsst\u00fcck fest am Bein befestigt.","robots":{"index":"index","follow":"follow","max-snippet":"max-snippet:-1","max-image-preview":"max-image-preview:large","max-video-preview":"max-video-preview:-1"},"canonical":"https:\/\/www.inverseteams.com\/de\/produkt\/personalisiertes-kurze-radhose-supra\/","og_locale":"de_DE","og_type":"article","og_title":"Personalisiertes Kurze Radhose AIR","og_description":"Seine Elastizit\u00e4t und Leichtigkeit erm\u00f6glichen Ihnen gro\u00dfe Bewegungsfreiheit. Es zeichnet sich durch seine gute Muskelkompression aus. Diese Shorts halten die Milchs\u00e4ure unter Kontrolle, verz\u00f6gern die Muskelerm\u00fcdung und tragen zur Sauerstoffversorgung des Blutes bei. Die Eins\u00e4tze der Radhose sind so konzipiert, dass sie sich perfekt an die verschiedenen Positionen beim Radfahren anpassen. Sie werden keinen Widerstand bemerken. Diese Eins\u00e4tze sind mit besonders widerstandsf\u00e4higen Flachn\u00e4hten gen\u00e4ht, die dem Kleidungsst\u00fcck auch ein attraktiveres Design verleihen. Mikroperforierte flache Tr\u00e4ger helfen Ihnen, Schwei\u00df abzuleiten und sich jederzeit frisch und trocken zu f\u00fchlen. Diese verteilen das Gewicht gleichm\u00e4\u00dfig, sodass Sie lange Radtouren unbeschwert genie\u00dfen k\u00f6nnen. Am Ende der lasergeschnittenen Beine befindet sich innen ein hypoallergener Silikongriff. Dadurch bleibt das Kleidungsst\u00fcck fest am Bein befestigt.","og_url":"https:\/\/www.inverseteams.com\/de\/produkt\/personalisiertes-kurze-radhose-supra\/","og_site_name":"Inverseteams","article_publisher":"https:\/\/www.facebook.com\/inverseteams","article_modified_time":"2026-02-25T08:31:59+00:00","og_image":[{"width":1500,"height":1612,"url":"https:\/\/www.inverseteams.com\/wp-content\/uploads\/CULOTTE-CT-SUPRA-INVERSE-1.png","type":"image\/png"}],"twitter_card":"summary_large_image","twitter_misc":{"Gesch\u00e4tzte Lesezeit":"1\u00a0Minute"},"schema":{"@context":"https:\/\/schema.org","@graph":[{"@type":"WebPage","@id":"https:\/\/www.inverseteams.com\/de\/produkt\/personalisiertes-kurze-radhose-supra\/","url":"https:\/\/www.inverseteams.com\/de\/produkt\/personalisiertes-kurze-radhose-supra\/","name":"Personalisiertes Kurze Radhose AIR","isPartOf":{"@id":"https:\/\/www.inverseteams.com\/de\/#website"},"primaryImageOfPage":{"@id":"https:\/\/www.inverseteams.com\/de\/produkt\/personalisiertes-kurze-radhose-supra\/#primaryimage"},"image":{"@id":"https:\/\/www.inverseteams.com\/de\/produkt\/personalisiertes-kurze-radhose-supra\/#primaryimage"},"thumbnailUrl":"https:\/\/www.inverseteams.com\/wp-content\/uploads\/CULOTTE-CT-SUPRA-INVERSE-1.png","datePublished":"2021-10-05T09:46:42+00:00","dateModified":"2026-02-25T08:31:59+00:00","description":"Seine Elastizit\u00e4t und Leichtigkeit erm\u00f6glichen Ihnen gro\u00dfe Bewegungsfreiheit. Es zeichnet sich durch seine gute Muskelkompression aus. Diese Shorts halten die Milchs\u00e4ure unter Kontrolle, verz\u00f6gern die Muskelerm\u00fcdung und tragen zur Sauerstoffversorgung des Blutes bei. Die Eins\u00e4tze der Radhose sind so konzipiert, dass sie sich perfekt an die verschiedenen Positionen beim Radfahren anpassen. Sie werden keinen Widerstand bemerken. Diese Eins\u00e4tze sind mit besonders widerstandsf\u00e4higen Flachn\u00e4hten gen\u00e4ht, die dem Kleidungsst\u00fcck auch ein attraktiveres Design verleihen. Mikroperforierte flache Tr\u00e4ger helfen Ihnen, Schwei\u00df abzuleiten und sich jederzeit frisch und trocken zu f\u00fchlen. Diese verteilen das Gewicht gleichm\u00e4\u00dfig, sodass Sie lange Radtouren unbeschwert genie\u00dfen k\u00f6nnen. Am Ende der lasergeschnittenen Beine befindet sich innen ein hypoallergener Silikongriff. Dadurch bleibt das Kleidungsst\u00fcck fest am Bein befestigt.","breadcrumb":{"@id":"https:\/\/www.inverseteams.com\/de\/produkt\/personalisiertes-kurze-radhose-supra\/#breadcrumb"},"inLanguage":"de","potentialAction":[{"@type":"ReadAction","target":["https:\/\/www.inverseteams.com\/de\/produkt\/personalisiertes-kurze-radhose-supra\/"]}]},{"@type":"ImageObject","inLanguage":"de","@id":"https:\/\/www.inverseteams.com\/de\/produkt\/personalisiertes-kurze-radhose-supra\/#primaryimage","url":"https:\/\/www.inverseteams.com\/wp-content\/uploads\/CULOTTE-CT-SUPRA-INVERSE-1.png","contentUrl":"https:\/\/www.inverseteams.com\/wp-content\/uploads\/CULOTTE-CT-SUPRA-INVERSE-1.png","width":1500,"height":1612},{"@type":"BreadcrumbList","@id":"https:\/\/www.inverseteams.com\/de\/produkt\/personalisiertes-kurze-radhose-supra\/#breadcrumb","itemListElement":[{"@type":"ListItem","position":1,"name":"Portada","item":"https:\/\/www.inverseteams.com\/de\/"},{"@type":"ListItem","position":2,"name":"Speichern","item":"https:\/\/www.inverseteams.com\/de\/speichern\/"},{"@type":"ListItem","position":3,"name":"Personalisiertes Kurze Radhose SUPRA"}]},{"@type":"WebSite","@id":"https:\/\/www.inverseteams.com\/de\/#website","url":"https:\/\/www.inverseteams.com\/de\/","name":"Inverseteams","description":"Tu marca de ropa deportiva personalizada","publisher":{"@id":"https:\/\/www.inverseteams.com\/de\/#organization"},"potentialAction":[{"@type":"SearchAction","target":{"@type":"EntryPoint","urlTemplate":"https:\/\/www.inverseteams.com\/de\/?s={search_term_string}"},"query-input":{"@type":"PropertyValueSpecification","valueRequired":true,"valueName":"search_term_string"}}],"inLanguage":"de"},{"@type":"Organization","@id":"https:\/\/www.inverseteams.com\/de\/#organization","name":"Inverse Teams","url":"https:\/\/www.inverseteams.com\/de\/","logo":{"@type":"ImageObject","inLanguage":"de","@id":"https:\/\/www.inverseteams.com\/de\/#\/schema\/logo\/image\/","url":"https:\/\/www.inverseteams.com\/wp-content\/uploads\/2021\/03\/logo-inverse-teams.png","contentUrl":"https:\/\/www.inverseteams.com\/wp-content\/uploads\/2021\/03\/logo-inverse-teams.png","width":294,"height":99,"caption":"Inverse Teams"},"image":{"@id":"https:\/\/www.inverseteams.com\/de\/#\/schema\/logo\/image\/"},"sameAs":["https:\/\/www.facebook.com\/inverseteams","http:\/\/instagram.com\/inverseteams","https:\/\/www.linkedin.com\/company\/inverse-cirosport-s-l-?trk=job_view_topcard_company_name","http:\/\/www.pinterest.com\/inverseteams\/","http:\/\/www.youtube.com\/user\/inverseteams?feature=watch"]}]}},"_links":{"self":[{"href":"https:\/\/www.inverseteams.com\/de\/wp-json\/wp\/v2\/product\/173940","targetHints":{"allow":["GET"]}}],"collection":[{"href":"https:\/\/www.inverseteams.com\/de\/wp-json\/wp\/v2\/product"}],"about":[{"href":"https:\/\/www.inverseteams.com\/de\/wp-json\/wp\/v2\/types\/product"}],"replies":[{"embeddable":true,"href":"https:\/\/www.inverseteams.com\/de\/wp-json\/wp\/v2\/comments?post=173940"}],"wp:featuredmedia":[{"embeddable":true,"href":"https:\/\/www.inverseteams.com\/de\/wp-json\/wp\/v2\/media\/277660"}],"wp:attachment":[{"href":"https:\/\/www.inverseteams.com\/de\/wp-json\/wp\/v2\/media?parent=173940"}],"wp:term":[{"taxonomy":"product_brand","embeddable":true,"href":"https:\/\/www.inverseteams.com\/de\/wp-json\/wp\/v2\/product_brand?post=173940"},{"taxonomy":"product_cat","embeddable":true,"href":"https:\/\/www.inverseteams.com\/de\/wp-json\/wp\/v2\/product_cat?post=173940"},{"taxonomy":"product_tag","embeddable":true,"href":"https:\/\/www.inverseteams.com\/de\/wp-json\/wp\/v2\/product_tag?post=173940"},{"taxonomy":"custom_category","embeddable":true,"href":"https:\/\/www.inverseteams.com\/de\/wp-json\/wp\/v2\/custom_category?post=173940"},{"taxonomy":"range","embeddable":true,"href":"https:\/\/www.inverseteams.com\/de\/wp-json\/wp\/v2\/range?post=173940"}],"curies":[{"name":"wp","href":"https:\/\/api.w.org\/{rel}","templated":true}]}}