{"id":173938,"date":"2021-10-12T09:01:29","date_gmt":"2021-10-12T09:03:53","guid":{"rendered":"https:\/\/www.inverseteams.com\/product\/2-pieces-cycling-skinsuit-kronos\/"},"modified":"2024-12-10T15:16:57","modified_gmt":"2024-12-10T15:16:57","slug":"personalisiertes-2-teiliger-kurzarm-einteiler-kronos","status":"publish","type":"product","link":"https:\/\/www.inverseteams.com\/de\/produkt\/personalisiertes-2-teiliger-kurzarm-einteiler-kronos\/","title":{"rendered":"Personalisiertes 2 teiliger Kurzarm einteiler KRONOS"},"content":{"rendered":"<p>Der obere Bereich verf\u00fcgt \u00fcber einen integrierten Rei\u00dfverschluss, der es Ihnen erm\u00f6glicht, den Radsport-Skinsuit vollst\u00e4ndig zu \u00f6ffnen. Auf diese Weise k\u00f6nnen Sie die Bel\u00fcftung regulieren und profitieren von den aerodynamischen Vorteilen eines Skinsuits und den Komfortvorteilen eines separaten Trikots und einer separaten Hose.<br \/>\nDas THINK-Gewebe des K\u00f6rpers ist sehr leicht, elastisch und atmungsaktiv. Es erm\u00f6glicht eine schnelle Ableitung des Schwei\u00dfes, um die Haut trocken zu halten und eine \u00dcberhitzung zu vermeiden. Dadurch k\u00f6nnen Sie l\u00e4nger die volle Leistung erbringen.<br \/>\nAm Ende des lasergeschnittenen \u00c4rmels befindet sich ein innerer Silikongriff, der ihn fest am Arm h\u00e4lt und das Eindringen von Luft verhindert. Die Struktur seines Gewebes garantiert eine gute Windstr\u00f6mung, um die Aerodynamik zu erh\u00f6hen und alle Ihre Anstrengungen zu optimieren. Der elastische Nackenbesatz passt sich dem K\u00f6rper an, ohne Kratzer zu verursachen.<br \/>\nAlle Panels sind so konzipiert, dass sie sich der Position auf dem Fahrrad anpassen und keinen Widerstand entgegensetzen. Diese sind mit sehr widerstandsf\u00e4higen Flachn\u00e4hten gen\u00e4ht.<br \/>\nDas Gewebe der Beine zeichnet sich durch eine gute Muskelkompression aus. Es schafft es, die Milchs\u00e4ure unter Kontrolle zu halten, verz\u00f6gert die Muskelerm\u00fcdung und hilft, das Blut mit Sauerstoff zu versorgen. Am Ende der Beine befindet sich ein mikroperforiertes Gummiband mit einem hypoallergenen Silikongriff im Inneren. Dies verhindert, dass das Schwitzen zunimmt und h\u00e4lt das St\u00fcck sicher am Bein. Au\u00dfen verf\u00fcgt es \u00fcber 360\u00b0 reflektierende Linien, die Ihre Sicherheit erh\u00f6hen, da sie das Licht der Fahrzeuge reflektieren.<\/p>\n","protected":false},"excerpt":{"rendered":"<p>Der obere Bereich verf\u00fcgt \u00fcber einen integrierten Rei\u00dfverschluss, der es Ihnen erm\u00f6glicht, den Radsport-Skinsuit vollst\u00e4ndig zu \u00f6ffnen. Auf diese Weise k\u00f6nnen Sie die Bel\u00fcftung regulieren und profitieren von den aerodynamischen Vorteilen eines Skinsuits und den Komfortvorteilen eines separaten Trikots und einer separaten Hose.<br \/>\nDas THINK-Gewebe des K\u00f6rpers ist sehr leicht, elastisch und atmungsaktiv. Es erm\u00f6glicht eine schnelle Ableitung des Schwei\u00dfes, um die Haut trocken zu halten und eine \u00dcberhitzung zu vermeiden. Dadurch k\u00f6nnen Sie l\u00e4nger die volle Leistung erbringen.<br \/>\nAm Ende des lasergeschnittenen \u00c4rmels befindet sich ein innerer Silikongriff, der ihn fest am Arm h\u00e4lt und das Eindringen von Luft verhindert. Die Struktur seines Gewebes garantiert eine gute Windstr\u00f6mung, um die Aerodynamik zu erh\u00f6hen und alle Ihre Anstrengungen zu optimieren. Der elastische Nackenbesatz passt sich dem K\u00f6rper an, ohne Kratzer zu verursachen.<br \/>\nAlle Panels sind so konzipiert, dass sie sich der Position auf dem Fahrrad anpassen und keinen Widerstand entgegensetzen. Diese sind mit sehr widerstandsf\u00e4higen Flachn\u00e4hten gen\u00e4ht.<br \/>\nDas Gewebe der Beine zeichnet sich durch eine gute Muskelkompression aus. Es schafft es, die Milchs\u00e4ure unter Kontrolle zu halten, verz\u00f6gert die Muskelerm\u00fcdung und hilft, das Blut mit Sauerstoff zu versorgen. Am Ende der Beine befindet sich ein mikroperforiertes Gummiband mit einem hypoallergenen Silikongriff im Inneren. Dies verhindert, dass das Schwitzen zunimmt und h\u00e4lt das St\u00fcck sicher am Bein. Au\u00dfen verf\u00fcgt es \u00fcber 360\u00b0 reflektierende Linien, die Ihre Sicherheit erh\u00f6hen, da sie das Licht der Fahrzeuge reflektieren.<\/p>\n","protected":false},"featured_media":223944,"comment_status":"closed","ping_status":"closed","template":"","meta":{"_acf_changed":false},"product_brand":[],"product_cat":[11218],"product_tag":[],"custom_category":[11237,11240,11290],"range":[11293],"class_list":{"0":"post-173938","1":"product","2":"type-product","3":"status-publish","4":"has-post-thumbnail","6":"product_cat-uncategorized-de","7":"pa_climatologia-temperatura-templada-de","8":"pa_climatologia-calor-de","9":"pa_deporte-ciclismo-de","10":"pa_genero-hombre-de","11":"pa_genero-mujer-de","12":"pa_patronaje-fit-de","13":"pa_tipo-de-prenda-mono-de","14":"custom_category-personalisierte-fahrradbekleidung","15":"custom_category-sport","16":"custom_category-personalisierte-radeinteiler","17":"range-kronos-de","19":"first","20":"instock","21":"product-type-custom"},"acf":[],"yoast_head":"<!-- This site is optimized with the Yoast SEO plugin v27.5 - https:\/\/yoast.com\/product\/yoast-seo-wordpress\/ -->\n<title>Personalisiertes 2 teiliger Kurzarm einteiler KRONOS<\/title>\n<meta name=\"description\" content=\"Der obere Bereich verf\u00fcgt \u00fcber einen integrierten Rei\u00dfverschluss, der es Ihnen erm\u00f6glicht, den Radsport-Skinsuit vollst\u00e4ndig zu \u00f6ffnen. Auf diese Weise k\u00f6nnen Sie die Bel\u00fcftung regulieren und profitieren von den aerodynamischen Vorteilen eines Skinsuits und den Komfortvorteilen eines separaten Trikots und einer separaten Hose. Das THINK-Gewebe des K\u00f6rpers ist sehr leicht, elastisch und atmungsaktiv. Es erm\u00f6glicht eine schnelle Ableitung des Schwei\u00dfes, um die Haut trocken zu halten und eine \u00dcberhitzung zu vermeiden. Dadurch k\u00f6nnen Sie l\u00e4nger die volle Leistung erbringen. Am Ende des lasergeschnittenen \u00c4rmels befindet sich ein innerer Silikongriff, der ihn fest am Arm h\u00e4lt und das Eindringen von Luft verhindert. Die Struktur seines Gewebes garantiert eine gute Windstr\u00f6mung, um die Aerodynamik zu erh\u00f6hen und alle Ihre Anstrengungen zu optimieren. Der elastische Nackenbesatz passt sich dem K\u00f6rper an, ohne Kratzer zu verursachen. Alle Panels sind so konzipiert, dass sie sich der Position auf dem Fahrrad anpassen und keinen Widerstand entgegensetzen. Diese sind mit sehr widerstandsf\u00e4higen Flachn\u00e4hten gen\u00e4ht. Das Gewebe der Beine zeichnet sich durch eine gute Muskelkompression aus. Es schafft es, die Milchs\u00e4ure unter Kontrolle zu halten, verz\u00f6gert die Muskelerm\u00fcdung und hilft, das Blut mit Sauerstoff zu versorgen. Am Ende der Beine befindet sich ein mikroperforiertes Gummiband mit einem hypoallergenen Silikongriff im Inneren. Dies verhindert, dass das Schwitzen zunimmt und h\u00e4lt das St\u00fcck sicher am Bein. Au\u00dfen verf\u00fcgt es \u00fcber 360\u00b0 reflektierende Linien, die Ihre Sicherheit erh\u00f6hen, da sie das Licht der Fahrzeuge reflektieren.\" \/>\n<meta name=\"robots\" content=\"index, follow, max-snippet:-1, max-image-preview:large, max-video-preview:-1\" \/>\n<link rel=\"canonical\" href=\"https:\/\/www.inverseteams.com\/de\/produkt\/personalisiertes-2-teiliger-kurzarm-einteiler-kronos\/\" \/>\n<meta property=\"og:locale\" content=\"de_DE\" \/>\n<meta property=\"og:type\" content=\"article\" \/>\n<meta property=\"og:title\" content=\"Personalisiertes 2 teiliger Kurzarm einteiler KRONOS\" \/>\n<meta property=\"og:description\" content=\"Der obere Bereich verf\u00fcgt \u00fcber einen integrierten Rei\u00dfverschluss, der es Ihnen erm\u00f6glicht, den Radsport-Skinsuit vollst\u00e4ndig zu \u00f6ffnen. Auf diese Weise k\u00f6nnen Sie die Bel\u00fcftung regulieren und profitieren von den aerodynamischen Vorteilen eines Skinsuits und den Komfortvorteilen eines separaten Trikots und einer separaten Hose. Das THINK-Gewebe des K\u00f6rpers ist sehr leicht, elastisch und atmungsaktiv. Es erm\u00f6glicht eine schnelle Ableitung des Schwei\u00dfes, um die Haut trocken zu halten und eine \u00dcberhitzung zu vermeiden. Dadurch k\u00f6nnen Sie l\u00e4nger die volle Leistung erbringen. Am Ende des lasergeschnittenen \u00c4rmels befindet sich ein innerer Silikongriff, der ihn fest am Arm h\u00e4lt und das Eindringen von Luft verhindert. Die Struktur seines Gewebes garantiert eine gute Windstr\u00f6mung, um die Aerodynamik zu erh\u00f6hen und alle Ihre Anstrengungen zu optimieren. Der elastische Nackenbesatz passt sich dem K\u00f6rper an, ohne Kratzer zu verursachen. Alle Panels sind so konzipiert, dass sie sich der Position auf dem Fahrrad anpassen und keinen Widerstand entgegensetzen. Diese sind mit sehr widerstandsf\u00e4higen Flachn\u00e4hten gen\u00e4ht. Das Gewebe der Beine zeichnet sich durch eine gute Muskelkompression aus. Es schafft es, die Milchs\u00e4ure unter Kontrolle zu halten, verz\u00f6gert die Muskelerm\u00fcdung und hilft, das Blut mit Sauerstoff zu versorgen. Am Ende der Beine befindet sich ein mikroperforiertes Gummiband mit einem hypoallergenen Silikongriff im Inneren. Dies verhindert, dass das Schwitzen zunimmt und h\u00e4lt das St\u00fcck sicher am Bein. Au\u00dfen verf\u00fcgt es \u00fcber 360\u00b0 reflektierende Linien, die Ihre Sicherheit erh\u00f6hen, da sie das Licht der Fahrzeuge reflektieren.\" \/>\n<meta property=\"og:url\" content=\"https:\/\/www.inverseteams.com\/de\/produkt\/personalisiertes-2-teiliger-kurzarm-einteiler-kronos\/\" \/>\n<meta property=\"og:site_name\" content=\"Inverseteams\" \/>\n<meta property=\"article:publisher\" content=\"https:\/\/www.facebook.com\/inverseteams\" \/>\n<meta property=\"article:modified_time\" content=\"2024-12-10T15:16:57+00:00\" \/>\n<meta property=\"og:image\" content=\"https:\/\/www.inverseteams.com\/wp-content\/uploads\/BUZO-MC-2P-CONTRARRELOJ-PERSONALIZADO-KRONOS-1.jpg\" \/>\n\t<meta property=\"og:image:width\" content=\"1500\" \/>\n\t<meta property=\"og:image:height\" content=\"1612\" \/>\n\t<meta property=\"og:image:type\" content=\"image\/jpeg\" \/>\n<meta name=\"twitter:card\" content=\"summary_large_image\" \/>\n<meta name=\"twitter:label1\" content=\"Gesch\u00e4tzte Lesezeit\" \/>\n\t<meta name=\"twitter:data1\" content=\"2\u00a0Minute\" \/>\n<script type=\"application\/ld+json\" class=\"yoast-schema-graph\">{\"@context\":\"https:\\\/\\\/schema.org\",\"@graph\":[{\"@type\":\"WebPage\",\"@id\":\"https:\\\/\\\/www.inverseteams.com\\\/de\\\/produkt\\\/personalisiertes-2-teiliger-kurzarm-einteiler-kronos\\\/\",\"url\":\"https:\\\/\\\/www.inverseteams.com\\\/de\\\/produkt\\\/personalisiertes-2-teiliger-kurzarm-einteiler-kronos\\\/\",\"name\":\"Personalisiertes 2 teiliger Kurzarm einteiler KRONOS\",\"isPartOf\":{\"@id\":\"https:\\\/\\\/www.inverseteams.com\\\/de\\\/#website\"},\"primaryImageOfPage\":{\"@id\":\"https:\\\/\\\/www.inverseteams.com\\\/de\\\/produkt\\\/personalisiertes-2-teiliger-kurzarm-einteiler-kronos\\\/#primaryimage\"},\"image\":{\"@id\":\"https:\\\/\\\/www.inverseteams.com\\\/de\\\/produkt\\\/personalisiertes-2-teiliger-kurzarm-einteiler-kronos\\\/#primaryimage\"},\"thumbnailUrl\":\"https:\\\/\\\/www.inverseteams.com\\\/wp-content\\\/uploads\\\/BUZO-MC-2P-CONTRARRELOJ-PERSONALIZADO-KRONOS-1.jpg\",\"datePublished\":\"2021-10-12T09:03:53+00:00\",\"dateModified\":\"2024-12-10T15:16:57+00:00\",\"description\":\"Der obere Bereich verf\u00fcgt \u00fcber einen integrierten Rei\u00dfverschluss, der es Ihnen erm\u00f6glicht, den Radsport-Skinsuit vollst\u00e4ndig zu \u00f6ffnen. Auf diese Weise k\u00f6nnen Sie die Bel\u00fcftung regulieren und profitieren von den aerodynamischen Vorteilen eines Skinsuits und den Komfortvorteilen eines separaten Trikots und einer separaten Hose. Das THINK-Gewebe des K\u00f6rpers ist sehr leicht, elastisch und atmungsaktiv. Es erm\u00f6glicht eine schnelle Ableitung des Schwei\u00dfes, um die Haut trocken zu halten und eine \u00dcberhitzung zu vermeiden. Dadurch k\u00f6nnen Sie l\u00e4nger die volle Leistung erbringen. Am Ende des lasergeschnittenen \u00c4rmels befindet sich ein innerer Silikongriff, der ihn fest am Arm h\u00e4lt und das Eindringen von Luft verhindert. Die Struktur seines Gewebes garantiert eine gute Windstr\u00f6mung, um die Aerodynamik zu erh\u00f6hen und alle Ihre Anstrengungen zu optimieren. Der elastische Nackenbesatz passt sich dem K\u00f6rper an, ohne Kratzer zu verursachen. Alle Panels sind so konzipiert, dass sie sich der Position auf dem Fahrrad anpassen und keinen Widerstand entgegensetzen. Diese sind mit sehr widerstandsf\u00e4higen Flachn\u00e4hten gen\u00e4ht. Das Gewebe der Beine zeichnet sich durch eine gute Muskelkompression aus. Es schafft es, die Milchs\u00e4ure unter Kontrolle zu halten, verz\u00f6gert die Muskelerm\u00fcdung und hilft, das Blut mit Sauerstoff zu versorgen. Am Ende der Beine befindet sich ein mikroperforiertes Gummiband mit einem hypoallergenen Silikongriff im Inneren. Dies verhindert, dass das Schwitzen zunimmt und h\u00e4lt das St\u00fcck sicher am Bein. Au\u00dfen verf\u00fcgt es \u00fcber 360\u00b0 reflektierende Linien, die Ihre Sicherheit erh\u00f6hen, da sie das Licht der Fahrzeuge reflektieren.\",\"breadcrumb\":{\"@id\":\"https:\\\/\\\/www.inverseteams.com\\\/de\\\/produkt\\\/personalisiertes-2-teiliger-kurzarm-einteiler-kronos\\\/#breadcrumb\"},\"inLanguage\":\"de\",\"potentialAction\":[{\"@type\":\"ReadAction\",\"target\":[\"https:\\\/\\\/www.inverseteams.com\\\/de\\\/produkt\\\/personalisiertes-2-teiliger-kurzarm-einteiler-kronos\\\/\"]}]},{\"@type\":\"ImageObject\",\"inLanguage\":\"de\",\"@id\":\"https:\\\/\\\/www.inverseteams.com\\\/de\\\/produkt\\\/personalisiertes-2-teiliger-kurzarm-einteiler-kronos\\\/#primaryimage\",\"url\":\"https:\\\/\\\/www.inverseteams.com\\\/wp-content\\\/uploads\\\/BUZO-MC-2P-CONTRARRELOJ-PERSONALIZADO-KRONOS-1.jpg\",\"contentUrl\":\"https:\\\/\\\/www.inverseteams.com\\\/wp-content\\\/uploads\\\/BUZO-MC-2P-CONTRARRELOJ-PERSONALIZADO-KRONOS-1.jpg\",\"width\":1500,\"height\":1612},{\"@type\":\"BreadcrumbList\",\"@id\":\"https:\\\/\\\/www.inverseteams.com\\\/de\\\/produkt\\\/personalisiertes-2-teiliger-kurzarm-einteiler-kronos\\\/#breadcrumb\",\"itemListElement\":[{\"@type\":\"ListItem\",\"position\":1,\"name\":\"Portada\",\"item\":\"https:\\\/\\\/www.inverseteams.com\\\/de\\\/\"},{\"@type\":\"ListItem\",\"position\":2,\"name\":\"Speichern\",\"item\":\"https:\\\/\\\/www.inverseteams.com\\\/de\\\/speichern\\\/\"},{\"@type\":\"ListItem\",\"position\":3,\"name\":\"Personalisiertes 2 teiliger Kurzarm einteiler KRONOS\"}]},{\"@type\":\"WebSite\",\"@id\":\"https:\\\/\\\/www.inverseteams.com\\\/de\\\/#website\",\"url\":\"https:\\\/\\\/www.inverseteams.com\\\/de\\\/\",\"name\":\"Inverseteams\",\"description\":\"Tu marca de ropa deportiva personalizada\",\"publisher\":{\"@id\":\"https:\\\/\\\/www.inverseteams.com\\\/de\\\/#organization\"},\"potentialAction\":[{\"@type\":\"SearchAction\",\"target\":{\"@type\":\"EntryPoint\",\"urlTemplate\":\"https:\\\/\\\/www.inverseteams.com\\\/de\\\/?s={search_term_string}\"},\"query-input\":{\"@type\":\"PropertyValueSpecification\",\"valueRequired\":true,\"valueName\":\"search_term_string\"}}],\"inLanguage\":\"de\"},{\"@type\":\"Organization\",\"@id\":\"https:\\\/\\\/www.inverseteams.com\\\/de\\\/#organization\",\"name\":\"Inverse Teams\",\"url\":\"https:\\\/\\\/www.inverseteams.com\\\/de\\\/\",\"logo\":{\"@type\":\"ImageObject\",\"inLanguage\":\"de\",\"@id\":\"https:\\\/\\\/www.inverseteams.com\\\/de\\\/#\\\/schema\\\/logo\\\/image\\\/\",\"url\":\"https:\\\/\\\/www.inverseteams.com\\\/wp-content\\\/uploads\\\/2021\\\/03\\\/logo-inverse-teams.png\",\"contentUrl\":\"https:\\\/\\\/www.inverseteams.com\\\/wp-content\\\/uploads\\\/2021\\\/03\\\/logo-inverse-teams.png\",\"width\":294,\"height\":99,\"caption\":\"Inverse Teams\"},\"image\":{\"@id\":\"https:\\\/\\\/www.inverseteams.com\\\/de\\\/#\\\/schema\\\/logo\\\/image\\\/\"},\"sameAs\":[\"https:\\\/\\\/www.facebook.com\\\/inverseteams\",\"http:\\\/\\\/instagram.com\\\/inverseteams\",\"https:\\\/\\\/www.linkedin.com\\\/company\\\/inverse-cirosport-s-l-?trk=job_view_topcard_company_name\",\"http:\\\/\\\/www.pinterest.com\\\/inverseteams\\\/\",\"http:\\\/\\\/www.youtube.com\\\/user\\\/inverseteams?feature=watch\"]}]}<\/script>\n<!-- \/ Yoast SEO plugin. -->","yoast_head_json":{"title":"Personalisiertes 2 teiliger Kurzarm einteiler KRONOS","description":"Der obere Bereich verf\u00fcgt \u00fcber einen integrierten Rei\u00dfverschluss, der es Ihnen erm\u00f6glicht, den Radsport-Skinsuit vollst\u00e4ndig zu \u00f6ffnen. Auf diese Weise k\u00f6nnen Sie die Bel\u00fcftung regulieren und profitieren von den aerodynamischen Vorteilen eines Skinsuits und den Komfortvorteilen eines separaten Trikots und einer separaten Hose. Das THINK-Gewebe des K\u00f6rpers ist sehr leicht, elastisch und atmungsaktiv. Es erm\u00f6glicht eine schnelle Ableitung des Schwei\u00dfes, um die Haut trocken zu halten und eine \u00dcberhitzung zu vermeiden. Dadurch k\u00f6nnen Sie l\u00e4nger die volle Leistung erbringen. Am Ende des lasergeschnittenen \u00c4rmels befindet sich ein innerer Silikongriff, der ihn fest am Arm h\u00e4lt und das Eindringen von Luft verhindert. Die Struktur seines Gewebes garantiert eine gute Windstr\u00f6mung, um die Aerodynamik zu erh\u00f6hen und alle Ihre Anstrengungen zu optimieren. Der elastische Nackenbesatz passt sich dem K\u00f6rper an, ohne Kratzer zu verursachen. Alle Panels sind so konzipiert, dass sie sich der Position auf dem Fahrrad anpassen und keinen Widerstand entgegensetzen. Diese sind mit sehr widerstandsf\u00e4higen Flachn\u00e4hten gen\u00e4ht. Das Gewebe der Beine zeichnet sich durch eine gute Muskelkompression aus. Es schafft es, die Milchs\u00e4ure unter Kontrolle zu halten, verz\u00f6gert die Muskelerm\u00fcdung und hilft, das Blut mit Sauerstoff zu versorgen. Am Ende der Beine befindet sich ein mikroperforiertes Gummiband mit einem hypoallergenen Silikongriff im Inneren. Dies verhindert, dass das Schwitzen zunimmt und h\u00e4lt das St\u00fcck sicher am Bein. Au\u00dfen verf\u00fcgt es \u00fcber 360\u00b0 reflektierende Linien, die Ihre Sicherheit erh\u00f6hen, da sie das Licht der Fahrzeuge reflektieren.","robots":{"index":"index","follow":"follow","max-snippet":"max-snippet:-1","max-image-preview":"max-image-preview:large","max-video-preview":"max-video-preview:-1"},"canonical":"https:\/\/www.inverseteams.com\/de\/produkt\/personalisiertes-2-teiliger-kurzarm-einteiler-kronos\/","og_locale":"de_DE","og_type":"article","og_title":"Personalisiertes 2 teiliger Kurzarm einteiler KRONOS","og_description":"Der obere Bereich verf\u00fcgt \u00fcber einen integrierten Rei\u00dfverschluss, der es Ihnen erm\u00f6glicht, den Radsport-Skinsuit vollst\u00e4ndig zu \u00f6ffnen. Auf diese Weise k\u00f6nnen Sie die Bel\u00fcftung regulieren und profitieren von den aerodynamischen Vorteilen eines Skinsuits und den Komfortvorteilen eines separaten Trikots und einer separaten Hose. Das THINK-Gewebe des K\u00f6rpers ist sehr leicht, elastisch und atmungsaktiv. Es erm\u00f6glicht eine schnelle Ableitung des Schwei\u00dfes, um die Haut trocken zu halten und eine \u00dcberhitzung zu vermeiden. Dadurch k\u00f6nnen Sie l\u00e4nger die volle Leistung erbringen. Am Ende des lasergeschnittenen \u00c4rmels befindet sich ein innerer Silikongriff, der ihn fest am Arm h\u00e4lt und das Eindringen von Luft verhindert. Die Struktur seines Gewebes garantiert eine gute Windstr\u00f6mung, um die Aerodynamik zu erh\u00f6hen und alle Ihre Anstrengungen zu optimieren. Der elastische Nackenbesatz passt sich dem K\u00f6rper an, ohne Kratzer zu verursachen. Alle Panels sind so konzipiert, dass sie sich der Position auf dem Fahrrad anpassen und keinen Widerstand entgegensetzen. Diese sind mit sehr widerstandsf\u00e4higen Flachn\u00e4hten gen\u00e4ht. Das Gewebe der Beine zeichnet sich durch eine gute Muskelkompression aus. Es schafft es, die Milchs\u00e4ure unter Kontrolle zu halten, verz\u00f6gert die Muskelerm\u00fcdung und hilft, das Blut mit Sauerstoff zu versorgen. Am Ende der Beine befindet sich ein mikroperforiertes Gummiband mit einem hypoallergenen Silikongriff im Inneren. Dies verhindert, dass das Schwitzen zunimmt und h\u00e4lt das St\u00fcck sicher am Bein. Au\u00dfen verf\u00fcgt es \u00fcber 360\u00b0 reflektierende Linien, die Ihre Sicherheit erh\u00f6hen, da sie das Licht der Fahrzeuge reflektieren.","og_url":"https:\/\/www.inverseteams.com\/de\/produkt\/personalisiertes-2-teiliger-kurzarm-einteiler-kronos\/","og_site_name":"Inverseteams","article_publisher":"https:\/\/www.facebook.com\/inverseteams","article_modified_time":"2024-12-10T15:16:57+00:00","og_image":[{"width":1500,"height":1612,"url":"https:\/\/www.inverseteams.com\/wp-content\/uploads\/BUZO-MC-2P-CONTRARRELOJ-PERSONALIZADO-KRONOS-1.jpg","type":"image\/jpeg"}],"twitter_card":"summary_large_image","twitter_misc":{"Gesch\u00e4tzte Lesezeit":"2\u00a0Minute"},"schema":{"@context":"https:\/\/schema.org","@graph":[{"@type":"WebPage","@id":"https:\/\/www.inverseteams.com\/de\/produkt\/personalisiertes-2-teiliger-kurzarm-einteiler-kronos\/","url":"https:\/\/www.inverseteams.com\/de\/produkt\/personalisiertes-2-teiliger-kurzarm-einteiler-kronos\/","name":"Personalisiertes 2 teiliger Kurzarm einteiler KRONOS","isPartOf":{"@id":"https:\/\/www.inverseteams.com\/de\/#website"},"primaryImageOfPage":{"@id":"https:\/\/www.inverseteams.com\/de\/produkt\/personalisiertes-2-teiliger-kurzarm-einteiler-kronos\/#primaryimage"},"image":{"@id":"https:\/\/www.inverseteams.com\/de\/produkt\/personalisiertes-2-teiliger-kurzarm-einteiler-kronos\/#primaryimage"},"thumbnailUrl":"https:\/\/www.inverseteams.com\/wp-content\/uploads\/BUZO-MC-2P-CONTRARRELOJ-PERSONALIZADO-KRONOS-1.jpg","datePublished":"2021-10-12T09:03:53+00:00","dateModified":"2024-12-10T15:16:57+00:00","description":"Der obere Bereich verf\u00fcgt \u00fcber einen integrierten Rei\u00dfverschluss, der es Ihnen erm\u00f6glicht, den Radsport-Skinsuit vollst\u00e4ndig zu \u00f6ffnen. Auf diese Weise k\u00f6nnen Sie die Bel\u00fcftung regulieren und profitieren von den aerodynamischen Vorteilen eines Skinsuits und den Komfortvorteilen eines separaten Trikots und einer separaten Hose. Das THINK-Gewebe des K\u00f6rpers ist sehr leicht, elastisch und atmungsaktiv. Es erm\u00f6glicht eine schnelle Ableitung des Schwei\u00dfes, um die Haut trocken zu halten und eine \u00dcberhitzung zu vermeiden. Dadurch k\u00f6nnen Sie l\u00e4nger die volle Leistung erbringen. Am Ende des lasergeschnittenen \u00c4rmels befindet sich ein innerer Silikongriff, der ihn fest am Arm h\u00e4lt und das Eindringen von Luft verhindert. Die Struktur seines Gewebes garantiert eine gute Windstr\u00f6mung, um die Aerodynamik zu erh\u00f6hen und alle Ihre Anstrengungen zu optimieren. Der elastische Nackenbesatz passt sich dem K\u00f6rper an, ohne Kratzer zu verursachen. Alle Panels sind so konzipiert, dass sie sich der Position auf dem Fahrrad anpassen und keinen Widerstand entgegensetzen. Diese sind mit sehr widerstandsf\u00e4higen Flachn\u00e4hten gen\u00e4ht. Das Gewebe der Beine zeichnet sich durch eine gute Muskelkompression aus. Es schafft es, die Milchs\u00e4ure unter Kontrolle zu halten, verz\u00f6gert die Muskelerm\u00fcdung und hilft, das Blut mit Sauerstoff zu versorgen. Am Ende der Beine befindet sich ein mikroperforiertes Gummiband mit einem hypoallergenen Silikongriff im Inneren. Dies verhindert, dass das Schwitzen zunimmt und h\u00e4lt das St\u00fcck sicher am Bein. Au\u00dfen verf\u00fcgt es \u00fcber 360\u00b0 reflektierende Linien, die Ihre Sicherheit erh\u00f6hen, da sie das Licht der Fahrzeuge reflektieren.","breadcrumb":{"@id":"https:\/\/www.inverseteams.com\/de\/produkt\/personalisiertes-2-teiliger-kurzarm-einteiler-kronos\/#breadcrumb"},"inLanguage":"de","potentialAction":[{"@type":"ReadAction","target":["https:\/\/www.inverseteams.com\/de\/produkt\/personalisiertes-2-teiliger-kurzarm-einteiler-kronos\/"]}]},{"@type":"ImageObject","inLanguage":"de","@id":"https:\/\/www.inverseteams.com\/de\/produkt\/personalisiertes-2-teiliger-kurzarm-einteiler-kronos\/#primaryimage","url":"https:\/\/www.inverseteams.com\/wp-content\/uploads\/BUZO-MC-2P-CONTRARRELOJ-PERSONALIZADO-KRONOS-1.jpg","contentUrl":"https:\/\/www.inverseteams.com\/wp-content\/uploads\/BUZO-MC-2P-CONTRARRELOJ-PERSONALIZADO-KRONOS-1.jpg","width":1500,"height":1612},{"@type":"BreadcrumbList","@id":"https:\/\/www.inverseteams.com\/de\/produkt\/personalisiertes-2-teiliger-kurzarm-einteiler-kronos\/#breadcrumb","itemListElement":[{"@type":"ListItem","position":1,"name":"Portada","item":"https:\/\/www.inverseteams.com\/de\/"},{"@type":"ListItem","position":2,"name":"Speichern","item":"https:\/\/www.inverseteams.com\/de\/speichern\/"},{"@type":"ListItem","position":3,"name":"Personalisiertes 2 teiliger Kurzarm einteiler KRONOS"}]},{"@type":"WebSite","@id":"https:\/\/www.inverseteams.com\/de\/#website","url":"https:\/\/www.inverseteams.com\/de\/","name":"Inverseteams","description":"Tu marca de ropa deportiva personalizada","publisher":{"@id":"https:\/\/www.inverseteams.com\/de\/#organization"},"potentialAction":[{"@type":"SearchAction","target":{"@type":"EntryPoint","urlTemplate":"https:\/\/www.inverseteams.com\/de\/?s={search_term_string}"},"query-input":{"@type":"PropertyValueSpecification","valueRequired":true,"valueName":"search_term_string"}}],"inLanguage":"de"},{"@type":"Organization","@id":"https:\/\/www.inverseteams.com\/de\/#organization","name":"Inverse Teams","url":"https:\/\/www.inverseteams.com\/de\/","logo":{"@type":"ImageObject","inLanguage":"de","@id":"https:\/\/www.inverseteams.com\/de\/#\/schema\/logo\/image\/","url":"https:\/\/www.inverseteams.com\/wp-content\/uploads\/2021\/03\/logo-inverse-teams.png","contentUrl":"https:\/\/www.inverseteams.com\/wp-content\/uploads\/2021\/03\/logo-inverse-teams.png","width":294,"height":99,"caption":"Inverse Teams"},"image":{"@id":"https:\/\/www.inverseteams.com\/de\/#\/schema\/logo\/image\/"},"sameAs":["https:\/\/www.facebook.com\/inverseteams","http:\/\/instagram.com\/inverseteams","https:\/\/www.linkedin.com\/company\/inverse-cirosport-s-l-?trk=job_view_topcard_company_name","http:\/\/www.pinterest.com\/inverseteams\/","http:\/\/www.youtube.com\/user\/inverseteams?feature=watch"]}]}},"_links":{"self":[{"href":"https:\/\/www.inverseteams.com\/de\/wp-json\/wp\/v2\/product\/173938","targetHints":{"allow":["GET"]}}],"collection":[{"href":"https:\/\/www.inverseteams.com\/de\/wp-json\/wp\/v2\/product"}],"about":[{"href":"https:\/\/www.inverseteams.com\/de\/wp-json\/wp\/v2\/types\/product"}],"replies":[{"embeddable":true,"href":"https:\/\/www.inverseteams.com\/de\/wp-json\/wp\/v2\/comments?post=173938"}],"wp:featuredmedia":[{"embeddable":true,"href":"https:\/\/www.inverseteams.com\/de\/wp-json\/wp\/v2\/media\/223944"}],"wp:attachment":[{"href":"https:\/\/www.inverseteams.com\/de\/wp-json\/wp\/v2\/media?parent=173938"}],"wp:term":[{"taxonomy":"product_brand","embeddable":true,"href":"https:\/\/www.inverseteams.com\/de\/wp-json\/wp\/v2\/product_brand?post=173938"},{"taxonomy":"product_cat","embeddable":true,"href":"https:\/\/www.inverseteams.com\/de\/wp-json\/wp\/v2\/product_cat?post=173938"},{"taxonomy":"product_tag","embeddable":true,"href":"https:\/\/www.inverseteams.com\/de\/wp-json\/wp\/v2\/product_tag?post=173938"},{"taxonomy":"custom_category","embeddable":true,"href":"https:\/\/www.inverseteams.com\/de\/wp-json\/wp\/v2\/custom_category?post=173938"},{"taxonomy":"range","embeddable":true,"href":"https:\/\/www.inverseteams.com\/de\/wp-json\/wp\/v2\/range?post=173938"}],"curies":[{"name":"wp","href":"https:\/\/api.w.org\/{rel}","templated":true}]}}