{"id":173916,"date":"2022-07-21T07:46:21","date_gmt":"2022-07-21T07:50:22","guid":{"rendered":"https:\/\/www.inverseteams.com\/product\/skiing-skinsuit-nordique\/"},"modified":"2024-02-05T13:09:39","modified_gmt":"2024-02-05T13:09:39","slug":"personalisiertes-ski-anzug-nordique","status":"publish","type":"product","link":"https:\/\/www.inverseteams.com\/de\/produkt\/personalisiertes-ski-anzug-nordique\/","title":{"rendered":"Personalisiertes Ski Anzug NORDIQUE"},"content":{"rendered":"<p>Leichter und elastischer Skianzug. Es passt sich perfekt dem K\u00f6rper und allen Bewegungen an und garantiert so eine au\u00dfergew\u00f6hnliche Aerodynamik und hohen Komfort. Er verf\u00fcgt \u00fcber einen Frontrei\u00dfverschluss, der ein einfaches An- und Ausziehen des Skinsuits erm\u00f6glicht. Es ist perfekt f\u00fcr Langlauf und Biathlon. Optional k\u00f6nnen Sie eine Tasche auf der Vorderseite und auch einen Hosenschlitz hinzuf\u00fcgen. An den Enden der Beine und \u00c4rmel sind spezielle N\u00e4hte angebracht, sodass der Skifahrer sie zuschneiden und perfekt an die K\u00f6rpergr\u00f6\u00dfe anpassen kann.<\/p>\n","protected":false},"excerpt":{"rendered":"<p>Leichter und elastischer Skianzug. Es passt sich perfekt dem K\u00f6rper und allen Bewegungen an und garantiert so eine au\u00dfergew\u00f6hnliche Aerodynamik und hohen Komfort. Er verf\u00fcgt \u00fcber einen Frontrei\u00dfverschluss, der ein einfaches An- und Ausziehen des Skinsuits erm\u00f6glicht. Es ist perfekt f\u00fcr Langlauf und Biathlon. Optional k\u00f6nnen Sie eine Tasche auf der Vorderseite und auch einen Hosenschlitz hinzuf\u00fcgen. An den Enden der Beine und \u00c4rmel sind spezielle N\u00e4hte angebracht, sodass der Skifahrer sie zuschneiden und perfekt an die K\u00f6rpergr\u00f6\u00dfe anpassen kann.<\/p>\n","protected":false},"featured_media":157522,"comment_status":"closed","ping_status":"open","template":"","meta":{"_acf_changed":false},"product_brand":[],"product_cat":[11218],"product_tag":[],"custom_category":[11269,11240,11270],"range":[11274],"class_list":{"0":"post-173916","1":"product","2":"type-product","3":"status-publish","4":"has-post-thumbnail","6":"product_cat-uncategorized-de","7":"pa_climatologia-frio-de","8":"pa_deporte-esqui-de","9":"pa_genero-hombre-de","10":"pa_genero-mujer-de","11":"pa_patronaje-fit-de","12":"pa_tipo-de-prenda-mono-de","13":"custom_category-personalisierte-skianzug","14":"custom_category-sport","15":"custom_category-personalisierte-skibekleidung","16":"range-nordique-de","18":"first","19":"instock","20":"product-type-custom"},"acf":[],"yoast_head":"<!-- This site is optimized with the Yoast SEO plugin v27.3 - https:\/\/yoast.com\/product\/yoast-seo-wordpress\/ -->\n<title>Personalisiertes Ski Anzug NORDIQUE<\/title>\n<meta name=\"description\" content=\"Leichter und elastischer Skianzug. Es passt sich perfekt dem K\u00f6rper und allen Bewegungen an und garantiert so eine au\u00dfergew\u00f6hnliche Aerodynamik und hohen Komfort. Er verf\u00fcgt \u00fcber einen Frontrei\u00dfverschluss, der ein einfaches An- und Ausziehen des Skinsuits erm\u00f6glicht. Es ist perfekt f\u00fcr Langlauf und Biathlon. Optional k\u00f6nnen Sie eine Tasche auf der Vorderseite und auch einen Hosenschlitz hinzuf\u00fcgen. An den Enden der Beine und \u00c4rmel sind spezielle N\u00e4hte angebracht, sodass der Skifahrer sie zuschneiden und perfekt an die K\u00f6rpergr\u00f6\u00dfe anpassen kann.\" \/>\n<meta name=\"robots\" content=\"index, follow, max-snippet:-1, max-image-preview:large, max-video-preview:-1\" \/>\n<link rel=\"canonical\" href=\"https:\/\/www.inverseteams.com\/de\/produkt\/personalisiertes-ski-anzug-nordique\/\" \/>\n<meta property=\"og:locale\" content=\"de_DE\" \/>\n<meta property=\"og:type\" content=\"article\" \/>\n<meta property=\"og:title\" content=\"Personalisiertes Ski Anzug NORDIQUE\" \/>\n<meta property=\"og:description\" content=\"Leichter und elastischer Skianzug. Es passt sich perfekt dem K\u00f6rper und allen Bewegungen an und garantiert so eine au\u00dfergew\u00f6hnliche Aerodynamik und hohen Komfort. Er verf\u00fcgt \u00fcber einen Frontrei\u00dfverschluss, der ein einfaches An- und Ausziehen des Skinsuits erm\u00f6glicht. Es ist perfekt f\u00fcr Langlauf und Biathlon. Optional k\u00f6nnen Sie eine Tasche auf der Vorderseite und auch einen Hosenschlitz hinzuf\u00fcgen. An den Enden der Beine und \u00c4rmel sind spezielle N\u00e4hte angebracht, sodass der Skifahrer sie zuschneiden und perfekt an die K\u00f6rpergr\u00f6\u00dfe anpassen kann.\" \/>\n<meta property=\"og:url\" content=\"https:\/\/www.inverseteams.com\/de\/produkt\/personalisiertes-ski-anzug-nordique\/\" \/>\n<meta property=\"og:site_name\" content=\"Inverseteams\" \/>\n<meta property=\"article:publisher\" content=\"https:\/\/www.facebook.com\/inverseteams\" \/>\n<meta property=\"article:modified_time\" content=\"2024-02-05T13:09:39+00:00\" \/>\n<meta property=\"og:image\" content=\"https:\/\/www.inverseteams.com\/wp-content\/uploads\/MONO-LYCRA-ESQUI-NORDIQUE-1.jpg\" \/>\n\t<meta property=\"og:image:width\" content=\"3222\" \/>\n\t<meta property=\"og:image:height\" content=\"3462\" \/>\n\t<meta property=\"og:image:type\" content=\"image\/jpeg\" \/>\n<meta name=\"twitter:card\" content=\"summary_large_image\" \/>\n<meta name=\"twitter:label1\" content=\"Gesch\u00e4tzte Lesezeit\" \/>\n\t<meta name=\"twitter:data1\" content=\"1\u00a0Minute\" \/>\n<script type=\"application\/ld+json\" class=\"yoast-schema-graph\">{\"@context\":\"https:\\\/\\\/schema.org\",\"@graph\":[{\"@type\":\"WebPage\",\"@id\":\"https:\\\/\\\/www.inverseteams.com\\\/de\\\/produkt\\\/personalisiertes-ski-anzug-nordique\\\/\",\"url\":\"https:\\\/\\\/www.inverseteams.com\\\/de\\\/produkt\\\/personalisiertes-ski-anzug-nordique\\\/\",\"name\":\"Personalisiertes Ski Anzug NORDIQUE\",\"isPartOf\":{\"@id\":\"https:\\\/\\\/www.inverseteams.com\\\/de\\\/#website\"},\"primaryImageOfPage\":{\"@id\":\"https:\\\/\\\/www.inverseteams.com\\\/de\\\/produkt\\\/personalisiertes-ski-anzug-nordique\\\/#primaryimage\"},\"image\":{\"@id\":\"https:\\\/\\\/www.inverseteams.com\\\/de\\\/produkt\\\/personalisiertes-ski-anzug-nordique\\\/#primaryimage\"},\"thumbnailUrl\":\"https:\\\/\\\/www.inverseteams.com\\\/wp-content\\\/uploads\\\/MONO-LYCRA-ESQUI-NORDIQUE-1.jpg\",\"datePublished\":\"2022-07-21T07:50:22+00:00\",\"dateModified\":\"2024-02-05T13:09:39+00:00\",\"description\":\"Leichter und elastischer Skianzug. Es passt sich perfekt dem K\u00f6rper und allen Bewegungen an und garantiert so eine au\u00dfergew\u00f6hnliche Aerodynamik und hohen Komfort. Er verf\u00fcgt \u00fcber einen Frontrei\u00dfverschluss, der ein einfaches An- und Ausziehen des Skinsuits erm\u00f6glicht. Es ist perfekt f\u00fcr Langlauf und Biathlon. Optional k\u00f6nnen Sie eine Tasche auf der Vorderseite und auch einen Hosenschlitz hinzuf\u00fcgen. An den Enden der Beine und \u00c4rmel sind spezielle N\u00e4hte angebracht, sodass der Skifahrer sie zuschneiden und perfekt an die K\u00f6rpergr\u00f6\u00dfe anpassen kann.\",\"breadcrumb\":{\"@id\":\"https:\\\/\\\/www.inverseteams.com\\\/de\\\/produkt\\\/personalisiertes-ski-anzug-nordique\\\/#breadcrumb\"},\"inLanguage\":\"de\",\"potentialAction\":[{\"@type\":\"ReadAction\",\"target\":[\"https:\\\/\\\/www.inverseteams.com\\\/de\\\/produkt\\\/personalisiertes-ski-anzug-nordique\\\/\"]}]},{\"@type\":\"ImageObject\",\"inLanguage\":\"de\",\"@id\":\"https:\\\/\\\/www.inverseteams.com\\\/de\\\/produkt\\\/personalisiertes-ski-anzug-nordique\\\/#primaryimage\",\"url\":\"https:\\\/\\\/www.inverseteams.com\\\/wp-content\\\/uploads\\\/MONO-LYCRA-ESQUI-NORDIQUE-1.jpg\",\"contentUrl\":\"https:\\\/\\\/www.inverseteams.com\\\/wp-content\\\/uploads\\\/MONO-LYCRA-ESQUI-NORDIQUE-1.jpg\",\"width\":3222,\"height\":3462,\"caption\":\"Mono lycra esqu\u00ed de fondo\"},{\"@type\":\"BreadcrumbList\",\"@id\":\"https:\\\/\\\/www.inverseteams.com\\\/de\\\/produkt\\\/personalisiertes-ski-anzug-nordique\\\/#breadcrumb\",\"itemListElement\":[{\"@type\":\"ListItem\",\"position\":1,\"name\":\"Portada\",\"item\":\"https:\\\/\\\/www.inverseteams.com\\\/de\\\/\"},{\"@type\":\"ListItem\",\"position\":2,\"name\":\"Speichern\",\"item\":\"https:\\\/\\\/www.inverseteams.com\\\/de\\\/speichern\\\/\"},{\"@type\":\"ListItem\",\"position\":3,\"name\":\"Personalisiertes Ski Anzug NORDIQUE\"}]},{\"@type\":\"WebSite\",\"@id\":\"https:\\\/\\\/www.inverseteams.com\\\/de\\\/#website\",\"url\":\"https:\\\/\\\/www.inverseteams.com\\\/de\\\/\",\"name\":\"Inverseteams\",\"description\":\"Tu marca de ropa deportiva personalizada\",\"publisher\":{\"@id\":\"https:\\\/\\\/www.inverseteams.com\\\/de\\\/#organization\"},\"potentialAction\":[{\"@type\":\"SearchAction\",\"target\":{\"@type\":\"EntryPoint\",\"urlTemplate\":\"https:\\\/\\\/www.inverseteams.com\\\/de\\\/?s={search_term_string}\"},\"query-input\":{\"@type\":\"PropertyValueSpecification\",\"valueRequired\":true,\"valueName\":\"search_term_string\"}}],\"inLanguage\":\"de\"},{\"@type\":\"Organization\",\"@id\":\"https:\\\/\\\/www.inverseteams.com\\\/de\\\/#organization\",\"name\":\"Inverse Teams\",\"url\":\"https:\\\/\\\/www.inverseteams.com\\\/de\\\/\",\"logo\":{\"@type\":\"ImageObject\",\"inLanguage\":\"de\",\"@id\":\"https:\\\/\\\/www.inverseteams.com\\\/de\\\/#\\\/schema\\\/logo\\\/image\\\/\",\"url\":\"http:\\\/\\\/www.inverseteams.com\\\/wp-content\\\/uploads\\\/2021\\\/03\\\/logo-inverse-teams.png\",\"contentUrl\":\"http:\\\/\\\/www.inverseteams.com\\\/wp-content\\\/uploads\\\/2021\\\/03\\\/logo-inverse-teams.png\",\"width\":294,\"height\":99,\"caption\":\"Inverse Teams\"},\"image\":{\"@id\":\"https:\\\/\\\/www.inverseteams.com\\\/de\\\/#\\\/schema\\\/logo\\\/image\\\/\"},\"sameAs\":[\"https:\\\/\\\/www.facebook.com\\\/inverseteams\",\"http:\\\/\\\/instagram.com\\\/inverseteams\",\"https:\\\/\\\/www.linkedin.com\\\/company\\\/inverse-cirosport-s-l-?trk=job_view_topcard_company_name\",\"http:\\\/\\\/www.pinterest.com\\\/inverseteams\\\/\",\"http:\\\/\\\/www.youtube.com\\\/user\\\/inverseteams?feature=watch\"]}]}<\/script>\n<!-- \/ Yoast SEO plugin. -->","yoast_head_json":{"title":"Personalisiertes Ski Anzug NORDIQUE","description":"Leichter und elastischer Skianzug. Es passt sich perfekt dem K\u00f6rper und allen Bewegungen an und garantiert so eine au\u00dfergew\u00f6hnliche Aerodynamik und hohen Komfort. Er verf\u00fcgt \u00fcber einen Frontrei\u00dfverschluss, der ein einfaches An- und Ausziehen des Skinsuits erm\u00f6glicht. Es ist perfekt f\u00fcr Langlauf und Biathlon. Optional k\u00f6nnen Sie eine Tasche auf der Vorderseite und auch einen Hosenschlitz hinzuf\u00fcgen. An den Enden der Beine und \u00c4rmel sind spezielle N\u00e4hte angebracht, sodass der Skifahrer sie zuschneiden und perfekt an die K\u00f6rpergr\u00f6\u00dfe anpassen kann.","robots":{"index":"index","follow":"follow","max-snippet":"max-snippet:-1","max-image-preview":"max-image-preview:large","max-video-preview":"max-video-preview:-1"},"canonical":"https:\/\/www.inverseteams.com\/de\/produkt\/personalisiertes-ski-anzug-nordique\/","og_locale":"de_DE","og_type":"article","og_title":"Personalisiertes Ski Anzug NORDIQUE","og_description":"Leichter und elastischer Skianzug. Es passt sich perfekt dem K\u00f6rper und allen Bewegungen an und garantiert so eine au\u00dfergew\u00f6hnliche Aerodynamik und hohen Komfort. Er verf\u00fcgt \u00fcber einen Frontrei\u00dfverschluss, der ein einfaches An- und Ausziehen des Skinsuits erm\u00f6glicht. Es ist perfekt f\u00fcr Langlauf und Biathlon. Optional k\u00f6nnen Sie eine Tasche auf der Vorderseite und auch einen Hosenschlitz hinzuf\u00fcgen. An den Enden der Beine und \u00c4rmel sind spezielle N\u00e4hte angebracht, sodass der Skifahrer sie zuschneiden und perfekt an die K\u00f6rpergr\u00f6\u00dfe anpassen kann.","og_url":"https:\/\/www.inverseteams.com\/de\/produkt\/personalisiertes-ski-anzug-nordique\/","og_site_name":"Inverseteams","article_publisher":"https:\/\/www.facebook.com\/inverseteams","article_modified_time":"2024-02-05T13:09:39+00:00","og_image":[{"width":3222,"height":3462,"url":"https:\/\/www.inverseteams.com\/wp-content\/uploads\/MONO-LYCRA-ESQUI-NORDIQUE-1.jpg","type":"image\/jpeg"}],"twitter_card":"summary_large_image","twitter_misc":{"Gesch\u00e4tzte Lesezeit":"1\u00a0Minute"},"schema":{"@context":"https:\/\/schema.org","@graph":[{"@type":"WebPage","@id":"https:\/\/www.inverseteams.com\/de\/produkt\/personalisiertes-ski-anzug-nordique\/","url":"https:\/\/www.inverseteams.com\/de\/produkt\/personalisiertes-ski-anzug-nordique\/","name":"Personalisiertes Ski Anzug NORDIQUE","isPartOf":{"@id":"https:\/\/www.inverseteams.com\/de\/#website"},"primaryImageOfPage":{"@id":"https:\/\/www.inverseteams.com\/de\/produkt\/personalisiertes-ski-anzug-nordique\/#primaryimage"},"image":{"@id":"https:\/\/www.inverseteams.com\/de\/produkt\/personalisiertes-ski-anzug-nordique\/#primaryimage"},"thumbnailUrl":"https:\/\/www.inverseteams.com\/wp-content\/uploads\/MONO-LYCRA-ESQUI-NORDIQUE-1.jpg","datePublished":"2022-07-21T07:50:22+00:00","dateModified":"2024-02-05T13:09:39+00:00","description":"Leichter und elastischer Skianzug. Es passt sich perfekt dem K\u00f6rper und allen Bewegungen an und garantiert so eine au\u00dfergew\u00f6hnliche Aerodynamik und hohen Komfort. Er verf\u00fcgt \u00fcber einen Frontrei\u00dfverschluss, der ein einfaches An- und Ausziehen des Skinsuits erm\u00f6glicht. Es ist perfekt f\u00fcr Langlauf und Biathlon. Optional k\u00f6nnen Sie eine Tasche auf der Vorderseite und auch einen Hosenschlitz hinzuf\u00fcgen. An den Enden der Beine und \u00c4rmel sind spezielle N\u00e4hte angebracht, sodass der Skifahrer sie zuschneiden und perfekt an die K\u00f6rpergr\u00f6\u00dfe anpassen kann.","breadcrumb":{"@id":"https:\/\/www.inverseteams.com\/de\/produkt\/personalisiertes-ski-anzug-nordique\/#breadcrumb"},"inLanguage":"de","potentialAction":[{"@type":"ReadAction","target":["https:\/\/www.inverseteams.com\/de\/produkt\/personalisiertes-ski-anzug-nordique\/"]}]},{"@type":"ImageObject","inLanguage":"de","@id":"https:\/\/www.inverseteams.com\/de\/produkt\/personalisiertes-ski-anzug-nordique\/#primaryimage","url":"https:\/\/www.inverseteams.com\/wp-content\/uploads\/MONO-LYCRA-ESQUI-NORDIQUE-1.jpg","contentUrl":"https:\/\/www.inverseteams.com\/wp-content\/uploads\/MONO-LYCRA-ESQUI-NORDIQUE-1.jpg","width":3222,"height":3462,"caption":"Mono lycra esqu\u00ed de fondo"},{"@type":"BreadcrumbList","@id":"https:\/\/www.inverseteams.com\/de\/produkt\/personalisiertes-ski-anzug-nordique\/#breadcrumb","itemListElement":[{"@type":"ListItem","position":1,"name":"Portada","item":"https:\/\/www.inverseteams.com\/de\/"},{"@type":"ListItem","position":2,"name":"Speichern","item":"https:\/\/www.inverseteams.com\/de\/speichern\/"},{"@type":"ListItem","position":3,"name":"Personalisiertes Ski Anzug NORDIQUE"}]},{"@type":"WebSite","@id":"https:\/\/www.inverseteams.com\/de\/#website","url":"https:\/\/www.inverseteams.com\/de\/","name":"Inverseteams","description":"Tu marca de ropa deportiva personalizada","publisher":{"@id":"https:\/\/www.inverseteams.com\/de\/#organization"},"potentialAction":[{"@type":"SearchAction","target":{"@type":"EntryPoint","urlTemplate":"https:\/\/www.inverseteams.com\/de\/?s={search_term_string}"},"query-input":{"@type":"PropertyValueSpecification","valueRequired":true,"valueName":"search_term_string"}}],"inLanguage":"de"},{"@type":"Organization","@id":"https:\/\/www.inverseteams.com\/de\/#organization","name":"Inverse Teams","url":"https:\/\/www.inverseteams.com\/de\/","logo":{"@type":"ImageObject","inLanguage":"de","@id":"https:\/\/www.inverseteams.com\/de\/#\/schema\/logo\/image\/","url":"https:\/\/www.inverseteams.com\/wp-content\/uploads\/2021\/03\/logo-inverse-teams.png","contentUrl":"https:\/\/www.inverseteams.com\/wp-content\/uploads\/2021\/03\/logo-inverse-teams.png","width":294,"height":99,"caption":"Inverse Teams"},"image":{"@id":"https:\/\/www.inverseteams.com\/de\/#\/schema\/logo\/image\/"},"sameAs":["https:\/\/www.facebook.com\/inverseteams","http:\/\/instagram.com\/inverseteams","https:\/\/www.linkedin.com\/company\/inverse-cirosport-s-l-?trk=job_view_topcard_company_name","http:\/\/www.pinterest.com\/inverseteams\/","http:\/\/www.youtube.com\/user\/inverseteams?feature=watch"]}]}},"_links":{"self":[{"href":"https:\/\/www.inverseteams.com\/de\/wp-json\/wp\/v2\/product\/173916","targetHints":{"allow":["GET"]}}],"collection":[{"href":"https:\/\/www.inverseteams.com\/de\/wp-json\/wp\/v2\/product"}],"about":[{"href":"https:\/\/www.inverseteams.com\/de\/wp-json\/wp\/v2\/types\/product"}],"replies":[{"embeddable":true,"href":"https:\/\/www.inverseteams.com\/de\/wp-json\/wp\/v2\/comments?post=173916"}],"wp:featuredmedia":[{"embeddable":true,"href":"https:\/\/www.inverseteams.com\/de\/wp-json\/wp\/v2\/media\/157522"}],"wp:attachment":[{"href":"https:\/\/www.inverseteams.com\/de\/wp-json\/wp\/v2\/media?parent=173916"}],"wp:term":[{"taxonomy":"product_brand","embeddable":true,"href":"https:\/\/www.inverseteams.com\/de\/wp-json\/wp\/v2\/product_brand?post=173916"},{"taxonomy":"product_cat","embeddable":true,"href":"https:\/\/www.inverseteams.com\/de\/wp-json\/wp\/v2\/product_cat?post=173916"},{"taxonomy":"product_tag","embeddable":true,"href":"https:\/\/www.inverseteams.com\/de\/wp-json\/wp\/v2\/product_tag?post=173916"},{"taxonomy":"custom_category","embeddable":true,"href":"https:\/\/www.inverseteams.com\/de\/wp-json\/wp\/v2\/custom_category?post=173916"},{"taxonomy":"range","embeddable":true,"href":"https:\/\/www.inverseteams.com\/de\/wp-json\/wp\/v2\/range?post=173916"}],"curies":[{"name":"wp","href":"https:\/\/api.w.org\/{rel}","templated":true}]}}