{"id":173915,"date":"2022-07-21T07:46:36","date_gmt":"2022-07-21T07:51:08","guid":{"rendered":"https:\/\/www.inverseteams.com\/product\/ski-mountaineering-tights-skimo\/"},"modified":"2024-02-03T12:55:11","modified_gmt":"2024-02-03T12:55:11","slug":"personalisiertes-skitouren-hose-skimo","status":"publish","type":"product","link":"https:\/\/www.inverseteams.com\/de\/produkt\/personalisiertes-skitouren-hose-skimo\/","title":{"rendered":"Personalisiertes Skitouren Hose SKIMO"},"content":{"rendered":"<p>Elastische Skitourenhose, die sich perfekt an den K\u00f6rper und alle Bewegungen anpasst und au\u00dfergew\u00f6hnliche Aerodynamik und hohen Komfort garantiert.<br \/>\nIn der Taille befindet sich ein Kordelzug, um die Passform an den K\u00f6rper anzupassen. Der Mittelbereich der Beine besteht aus einem nicht sublimierten Stoff mit hoher Pilling-Resistenz. Das Ende ist an All-Mountain-Skischuh-Verschlusssysteme angepasst.<\/p>\n","protected":false},"excerpt":{"rendered":"<p>Elastische Skitourenhose, die sich perfekt an den K\u00f6rper und alle Bewegungen anpasst und au\u00dfergew\u00f6hnliche Aerodynamik und hohen Komfort garantiert.<br \/>\nIn der Taille befindet sich ein Kordelzug, um die Passform an den K\u00f6rper anzupassen. Der Mittelbereich der Beine besteht aus einem nicht sublimierten Stoff mit hoher Pilling-Resistenz. Das Ende ist an All-Mountain-Skischuh-Verschlusssysteme angepasst.<\/p>\n","protected":false},"featured_media":157512,"comment_status":"closed","ping_status":"open","template":"","meta":{"_acf_changed":false},"product_brand":[],"product_cat":[11218],"product_tag":[],"custom_category":[11350,11240,11270],"range":[11271],"class_list":{"0":"post-173915","1":"product","2":"type-product","3":"status-publish","4":"has-post-thumbnail","6":"product_cat-uncategorized-de","7":"pa_climatologia-frio-de","8":"pa_deporte-esqui-de","9":"pa_genero-hombre-de","10":"pa_genero-mujer-de","11":"pa_patronaje-fit-de","12":"pa_tipo-de-prenda-mono-de","13":"custom_category-personalisierte-skihose","14":"custom_category-sport","15":"custom_category-personalisierte-skibekleidung","16":"range-skimo-de","18":"first","19":"instock","20":"product-type-custom"},"acf":[],"yoast_head":"<!-- This site is optimized with the Yoast SEO plugin v27.5 - https:\/\/yoast.com\/product\/yoast-seo-wordpress\/ -->\n<title>Personalisiertes Skitouren Hose SKIMO<\/title>\n<meta name=\"description\" content=\"Elastische Skitourenhose, die sich perfekt an den K\u00f6rper und alle Bewegungen anpasst und au\u00dfergew\u00f6hnliche Aerodynamik und hohen Komfort garantiert. In der Taille befindet sich ein Kordelzug, um die Passform an den K\u00f6rper anzupassen. Der Mittelbereich der Beine besteht aus einem nicht sublimierten Stoff mit hoher Pilling-Resistenz. Das Ende ist an All-Mountain-Skischuh-Verschlusssysteme angepasst.\" \/>\n<meta name=\"robots\" content=\"index, follow, max-snippet:-1, max-image-preview:large, max-video-preview:-1\" \/>\n<link rel=\"canonical\" href=\"https:\/\/www.inverseteams.com\/de\/produkt\/personalisiertes-skitouren-hose-skimo\/\" \/>\n<meta property=\"og:locale\" content=\"de_DE\" \/>\n<meta property=\"og:type\" content=\"article\" \/>\n<meta property=\"og:title\" content=\"Personalisiertes Skitouren Hose SKIMO\" \/>\n<meta property=\"og:description\" content=\"Elastische Skitourenhose, die sich perfekt an den K\u00f6rper und alle Bewegungen anpasst und au\u00dfergew\u00f6hnliche Aerodynamik und hohen Komfort garantiert. In der Taille befindet sich ein Kordelzug, um die Passform an den K\u00f6rper anzupassen. Der Mittelbereich der Beine besteht aus einem nicht sublimierten Stoff mit hoher Pilling-Resistenz. Das Ende ist an All-Mountain-Skischuh-Verschlusssysteme angepasst.\" \/>\n<meta property=\"og:url\" content=\"https:\/\/www.inverseteams.com\/de\/produkt\/personalisiertes-skitouren-hose-skimo\/\" \/>\n<meta property=\"og:site_name\" content=\"Inverseteams\" \/>\n<meta property=\"article:publisher\" content=\"https:\/\/www.facebook.com\/inverseteams\" \/>\n<meta property=\"article:modified_time\" content=\"2024-02-03T12:55:11+00:00\" \/>\n<meta property=\"og:image\" content=\"https:\/\/www.inverseteams.com\/wp-content\/uploads\/PANTALON-ESQUI-TRAVESIA-SKIMO-1.jpg\" \/>\n\t<meta property=\"og:image:width\" content=\"3222\" \/>\n\t<meta property=\"og:image:height\" content=\"3462\" \/>\n\t<meta property=\"og:image:type\" content=\"image\/jpeg\" \/>\n<meta name=\"twitter:card\" content=\"summary_large_image\" \/>\n<meta name=\"twitter:label1\" content=\"Gesch\u00e4tzte Lesezeit\" \/>\n\t<meta name=\"twitter:data1\" content=\"1\u00a0Minute\" \/>\n<script type=\"application\/ld+json\" class=\"yoast-schema-graph\">{\"@context\":\"https:\\\/\\\/schema.org\",\"@graph\":[{\"@type\":\"WebPage\",\"@id\":\"https:\\\/\\\/www.inverseteams.com\\\/de\\\/produkt\\\/personalisiertes-skitouren-hose-skimo\\\/\",\"url\":\"https:\\\/\\\/www.inverseteams.com\\\/de\\\/produkt\\\/personalisiertes-skitouren-hose-skimo\\\/\",\"name\":\"Personalisiertes Skitouren Hose SKIMO\",\"isPartOf\":{\"@id\":\"https:\\\/\\\/www.inverseteams.com\\\/de\\\/#website\"},\"primaryImageOfPage\":{\"@id\":\"https:\\\/\\\/www.inverseteams.com\\\/de\\\/produkt\\\/personalisiertes-skitouren-hose-skimo\\\/#primaryimage\"},\"image\":{\"@id\":\"https:\\\/\\\/www.inverseteams.com\\\/de\\\/produkt\\\/personalisiertes-skitouren-hose-skimo\\\/#primaryimage\"},\"thumbnailUrl\":\"https:\\\/\\\/www.inverseteams.com\\\/wp-content\\\/uploads\\\/PANTALON-ESQUI-TRAVESIA-SKIMO-1.jpg\",\"datePublished\":\"2022-07-21T07:51:08+00:00\",\"dateModified\":\"2024-02-03T12:55:11+00:00\",\"description\":\"Elastische Skitourenhose, die sich perfekt an den K\u00f6rper und alle Bewegungen anpasst und au\u00dfergew\u00f6hnliche Aerodynamik und hohen Komfort garantiert. In der Taille befindet sich ein Kordelzug, um die Passform an den K\u00f6rper anzupassen. Der Mittelbereich der Beine besteht aus einem nicht sublimierten Stoff mit hoher Pilling-Resistenz. Das Ende ist an All-Mountain-Skischuh-Verschlusssysteme angepasst.\",\"breadcrumb\":{\"@id\":\"https:\\\/\\\/www.inverseteams.com\\\/de\\\/produkt\\\/personalisiertes-skitouren-hose-skimo\\\/#breadcrumb\"},\"inLanguage\":\"de\",\"potentialAction\":[{\"@type\":\"ReadAction\",\"target\":[\"https:\\\/\\\/www.inverseteams.com\\\/de\\\/produkt\\\/personalisiertes-skitouren-hose-skimo\\\/\"]}]},{\"@type\":\"ImageObject\",\"inLanguage\":\"de\",\"@id\":\"https:\\\/\\\/www.inverseteams.com\\\/de\\\/produkt\\\/personalisiertes-skitouren-hose-skimo\\\/#primaryimage\",\"url\":\"https:\\\/\\\/www.inverseteams.com\\\/wp-content\\\/uploads\\\/PANTALON-ESQUI-TRAVESIA-SKIMO-1.jpg\",\"contentUrl\":\"https:\\\/\\\/www.inverseteams.com\\\/wp-content\\\/uploads\\\/PANTALON-ESQUI-TRAVESIA-SKIMO-1.jpg\",\"width\":3222,\"height\":3462,\"caption\":\"Pantal\u00f3n esqu\u00ed de traves\u00eda\"},{\"@type\":\"BreadcrumbList\",\"@id\":\"https:\\\/\\\/www.inverseteams.com\\\/de\\\/produkt\\\/personalisiertes-skitouren-hose-skimo\\\/#breadcrumb\",\"itemListElement\":[{\"@type\":\"ListItem\",\"position\":1,\"name\":\"Portada\",\"item\":\"https:\\\/\\\/www.inverseteams.com\\\/de\\\/\"},{\"@type\":\"ListItem\",\"position\":2,\"name\":\"Speichern\",\"item\":\"https:\\\/\\\/www.inverseteams.com\\\/de\\\/speichern\\\/\"},{\"@type\":\"ListItem\",\"position\":3,\"name\":\"Personalisiertes Skitouren Hose SKIMO\"}]},{\"@type\":\"WebSite\",\"@id\":\"https:\\\/\\\/www.inverseteams.com\\\/de\\\/#website\",\"url\":\"https:\\\/\\\/www.inverseteams.com\\\/de\\\/\",\"name\":\"Inverseteams\",\"description\":\"Tu marca de ropa deportiva personalizada\",\"publisher\":{\"@id\":\"https:\\\/\\\/www.inverseteams.com\\\/de\\\/#organization\"},\"potentialAction\":[{\"@type\":\"SearchAction\",\"target\":{\"@type\":\"EntryPoint\",\"urlTemplate\":\"https:\\\/\\\/www.inverseteams.com\\\/de\\\/?s={search_term_string}\"},\"query-input\":{\"@type\":\"PropertyValueSpecification\",\"valueRequired\":true,\"valueName\":\"search_term_string\"}}],\"inLanguage\":\"de\"},{\"@type\":\"Organization\",\"@id\":\"https:\\\/\\\/www.inverseteams.com\\\/de\\\/#organization\",\"name\":\"Inverse Teams\",\"url\":\"https:\\\/\\\/www.inverseteams.com\\\/de\\\/\",\"logo\":{\"@type\":\"ImageObject\",\"inLanguage\":\"de\",\"@id\":\"https:\\\/\\\/www.inverseteams.com\\\/de\\\/#\\\/schema\\\/logo\\\/image\\\/\",\"url\":\"https:\\\/\\\/www.inverseteams.com\\\/wp-content\\\/uploads\\\/2021\\\/03\\\/logo-inverse-teams.png\",\"contentUrl\":\"https:\\\/\\\/www.inverseteams.com\\\/wp-content\\\/uploads\\\/2021\\\/03\\\/logo-inverse-teams.png\",\"width\":294,\"height\":99,\"caption\":\"Inverse Teams\"},\"image\":{\"@id\":\"https:\\\/\\\/www.inverseteams.com\\\/de\\\/#\\\/schema\\\/logo\\\/image\\\/\"},\"sameAs\":[\"https:\\\/\\\/www.facebook.com\\\/inverseteams\",\"http:\\\/\\\/instagram.com\\\/inverseteams\",\"https:\\\/\\\/www.linkedin.com\\\/company\\\/inverse-cirosport-s-l-?trk=job_view_topcard_company_name\",\"http:\\\/\\\/www.pinterest.com\\\/inverseteams\\\/\",\"http:\\\/\\\/www.youtube.com\\\/user\\\/inverseteams?feature=watch\"]}]}<\/script>\n<!-- \/ Yoast SEO plugin. -->","yoast_head_json":{"title":"Personalisiertes Skitouren Hose SKIMO","description":"Elastische Skitourenhose, die sich perfekt an den K\u00f6rper und alle Bewegungen anpasst und au\u00dfergew\u00f6hnliche Aerodynamik und hohen Komfort garantiert. In der Taille befindet sich ein Kordelzug, um die Passform an den K\u00f6rper anzupassen. Der Mittelbereich der Beine besteht aus einem nicht sublimierten Stoff mit hoher Pilling-Resistenz. Das Ende ist an All-Mountain-Skischuh-Verschlusssysteme angepasst.","robots":{"index":"index","follow":"follow","max-snippet":"max-snippet:-1","max-image-preview":"max-image-preview:large","max-video-preview":"max-video-preview:-1"},"canonical":"https:\/\/www.inverseteams.com\/de\/produkt\/personalisiertes-skitouren-hose-skimo\/","og_locale":"de_DE","og_type":"article","og_title":"Personalisiertes Skitouren Hose SKIMO","og_description":"Elastische Skitourenhose, die sich perfekt an den K\u00f6rper und alle Bewegungen anpasst und au\u00dfergew\u00f6hnliche Aerodynamik und hohen Komfort garantiert. In der Taille befindet sich ein Kordelzug, um die Passform an den K\u00f6rper anzupassen. Der Mittelbereich der Beine besteht aus einem nicht sublimierten Stoff mit hoher Pilling-Resistenz. Das Ende ist an All-Mountain-Skischuh-Verschlusssysteme angepasst.","og_url":"https:\/\/www.inverseteams.com\/de\/produkt\/personalisiertes-skitouren-hose-skimo\/","og_site_name":"Inverseteams","article_publisher":"https:\/\/www.facebook.com\/inverseteams","article_modified_time":"2024-02-03T12:55:11+00:00","og_image":[{"width":3222,"height":3462,"url":"https:\/\/www.inverseteams.com\/wp-content\/uploads\/PANTALON-ESQUI-TRAVESIA-SKIMO-1.jpg","type":"image\/jpeg"}],"twitter_card":"summary_large_image","twitter_misc":{"Gesch\u00e4tzte Lesezeit":"1\u00a0Minute"},"schema":{"@context":"https:\/\/schema.org","@graph":[{"@type":"WebPage","@id":"https:\/\/www.inverseteams.com\/de\/produkt\/personalisiertes-skitouren-hose-skimo\/","url":"https:\/\/www.inverseteams.com\/de\/produkt\/personalisiertes-skitouren-hose-skimo\/","name":"Personalisiertes Skitouren Hose SKIMO","isPartOf":{"@id":"https:\/\/www.inverseteams.com\/de\/#website"},"primaryImageOfPage":{"@id":"https:\/\/www.inverseteams.com\/de\/produkt\/personalisiertes-skitouren-hose-skimo\/#primaryimage"},"image":{"@id":"https:\/\/www.inverseteams.com\/de\/produkt\/personalisiertes-skitouren-hose-skimo\/#primaryimage"},"thumbnailUrl":"https:\/\/www.inverseteams.com\/wp-content\/uploads\/PANTALON-ESQUI-TRAVESIA-SKIMO-1.jpg","datePublished":"2022-07-21T07:51:08+00:00","dateModified":"2024-02-03T12:55:11+00:00","description":"Elastische Skitourenhose, die sich perfekt an den K\u00f6rper und alle Bewegungen anpasst und au\u00dfergew\u00f6hnliche Aerodynamik und hohen Komfort garantiert. In der Taille befindet sich ein Kordelzug, um die Passform an den K\u00f6rper anzupassen. Der Mittelbereich der Beine besteht aus einem nicht sublimierten Stoff mit hoher Pilling-Resistenz. Das Ende ist an All-Mountain-Skischuh-Verschlusssysteme angepasst.","breadcrumb":{"@id":"https:\/\/www.inverseteams.com\/de\/produkt\/personalisiertes-skitouren-hose-skimo\/#breadcrumb"},"inLanguage":"de","potentialAction":[{"@type":"ReadAction","target":["https:\/\/www.inverseteams.com\/de\/produkt\/personalisiertes-skitouren-hose-skimo\/"]}]},{"@type":"ImageObject","inLanguage":"de","@id":"https:\/\/www.inverseteams.com\/de\/produkt\/personalisiertes-skitouren-hose-skimo\/#primaryimage","url":"https:\/\/www.inverseteams.com\/wp-content\/uploads\/PANTALON-ESQUI-TRAVESIA-SKIMO-1.jpg","contentUrl":"https:\/\/www.inverseteams.com\/wp-content\/uploads\/PANTALON-ESQUI-TRAVESIA-SKIMO-1.jpg","width":3222,"height":3462,"caption":"Pantal\u00f3n esqu\u00ed de traves\u00eda"},{"@type":"BreadcrumbList","@id":"https:\/\/www.inverseteams.com\/de\/produkt\/personalisiertes-skitouren-hose-skimo\/#breadcrumb","itemListElement":[{"@type":"ListItem","position":1,"name":"Portada","item":"https:\/\/www.inverseteams.com\/de\/"},{"@type":"ListItem","position":2,"name":"Speichern","item":"https:\/\/www.inverseteams.com\/de\/speichern\/"},{"@type":"ListItem","position":3,"name":"Personalisiertes Skitouren Hose SKIMO"}]},{"@type":"WebSite","@id":"https:\/\/www.inverseteams.com\/de\/#website","url":"https:\/\/www.inverseteams.com\/de\/","name":"Inverseteams","description":"Tu marca de ropa deportiva personalizada","publisher":{"@id":"https:\/\/www.inverseteams.com\/de\/#organization"},"potentialAction":[{"@type":"SearchAction","target":{"@type":"EntryPoint","urlTemplate":"https:\/\/www.inverseteams.com\/de\/?s={search_term_string}"},"query-input":{"@type":"PropertyValueSpecification","valueRequired":true,"valueName":"search_term_string"}}],"inLanguage":"de"},{"@type":"Organization","@id":"https:\/\/www.inverseteams.com\/de\/#organization","name":"Inverse Teams","url":"https:\/\/www.inverseteams.com\/de\/","logo":{"@type":"ImageObject","inLanguage":"de","@id":"https:\/\/www.inverseteams.com\/de\/#\/schema\/logo\/image\/","url":"https:\/\/www.inverseteams.com\/wp-content\/uploads\/2021\/03\/logo-inverse-teams.png","contentUrl":"https:\/\/www.inverseteams.com\/wp-content\/uploads\/2021\/03\/logo-inverse-teams.png","width":294,"height":99,"caption":"Inverse Teams"},"image":{"@id":"https:\/\/www.inverseteams.com\/de\/#\/schema\/logo\/image\/"},"sameAs":["https:\/\/www.facebook.com\/inverseteams","http:\/\/instagram.com\/inverseteams","https:\/\/www.linkedin.com\/company\/inverse-cirosport-s-l-?trk=job_view_topcard_company_name","http:\/\/www.pinterest.com\/inverseteams\/","http:\/\/www.youtube.com\/user\/inverseteams?feature=watch"]}]}},"_links":{"self":[{"href":"https:\/\/www.inverseteams.com\/de\/wp-json\/wp\/v2\/product\/173915","targetHints":{"allow":["GET"]}}],"collection":[{"href":"https:\/\/www.inverseteams.com\/de\/wp-json\/wp\/v2\/product"}],"about":[{"href":"https:\/\/www.inverseteams.com\/de\/wp-json\/wp\/v2\/types\/product"}],"replies":[{"embeddable":true,"href":"https:\/\/www.inverseteams.com\/de\/wp-json\/wp\/v2\/comments?post=173915"}],"wp:featuredmedia":[{"embeddable":true,"href":"https:\/\/www.inverseteams.com\/de\/wp-json\/wp\/v2\/media\/157512"}],"wp:attachment":[{"href":"https:\/\/www.inverseteams.com\/de\/wp-json\/wp\/v2\/media?parent=173915"}],"wp:term":[{"taxonomy":"product_brand","embeddable":true,"href":"https:\/\/www.inverseteams.com\/de\/wp-json\/wp\/v2\/product_brand?post=173915"},{"taxonomy":"product_cat","embeddable":true,"href":"https:\/\/www.inverseteams.com\/de\/wp-json\/wp\/v2\/product_cat?post=173915"},{"taxonomy":"product_tag","embeddable":true,"href":"https:\/\/www.inverseteams.com\/de\/wp-json\/wp\/v2\/product_tag?post=173915"},{"taxonomy":"custom_category","embeddable":true,"href":"https:\/\/www.inverseteams.com\/de\/wp-json\/wp\/v2\/custom_category?post=173915"},{"taxonomy":"range","embeddable":true,"href":"https:\/\/www.inverseteams.com\/de\/wp-json\/wp\/v2\/range?post=173915"}],"curies":[{"name":"wp","href":"https:\/\/api.w.org\/{rel}","templated":true}]}}