{"id":173899,"date":"2022-12-13T13:24:39","date_gmt":"2022-12-13T13:30:41","guid":{"rendered":"https:\/\/www.inverseteams.com\/product\/cycling-gloves-mtb\/"},"modified":"2024-02-05T13:47:43","modified_gmt":"2024-02-05T13:47:43","slug":"mtb-handschuhe","status":"publish","type":"product","link":"https:\/\/www.inverseteams.com\/de\/produkt\/mtb-handschuhe\/","title":{"rendered":"MTB-Handschuhe"},"content":{"rendered":"<p>Lange Fahrradhandschuhe, ideal zum Mountainbiken. Die Handfl\u00e4che besteht aus rutschfestem Stoff und ist an einigen wichtigen Stellen mit Gel verst\u00e4rkt, um den Komfort zu verbessern. Das Oberteil besteht aus LYCRA f\u00fcr eine perfekte Passform an der Hand und sorgt f\u00fcr ideale Absorption und Atmungsaktivit\u00e4t, sodass die Haut trocken und k\u00fchl bleibt. Durch einen Klettverschluss am Handgelenk sitzt der Handschuh perfekt. Der Zeigefinger ist so angepasst, dass er die Bildschirme von Smartphones ber\u00fchren kann. Durch den Sublimationsprozess wird sichergestellt, dass die Farben bei Gebrauch und mit der Zeit nicht an Intensit\u00e4t verlieren. Bei der Individualisierung werden umweltfreundliche Farbstoffe verwendet.<\/p>\n","protected":false},"excerpt":{"rendered":"<p>Lange Fahrradhandschuhe, ideal zum Mountainbiken. Die Handfl\u00e4che besteht aus rutschfestem Stoff und ist an einigen wichtigen Stellen mit Gel verst\u00e4rkt, um den Komfort zu verbessern. Das Oberteil besteht aus LYCRA f\u00fcr eine perfekte Passform an der Hand und sorgt f\u00fcr ideale Absorption und Atmungsaktivit\u00e4t, sodass die Haut trocken und k\u00fchl bleibt. Durch einen Klettverschluss am Handgelenk sitzt der Handschuh perfekt. Der Zeigefinger ist so angepasst, dass er die Bildschirme von Smartphones ber\u00fchren kann. Durch den Sublimationsprozess wird sichergestellt, dass die Farben bei Gebrauch und mit der Zeit nicht an Intensit\u00e4t verlieren. Bei der Individualisierung werden umweltfreundliche Farbstoffe verwendet.<\/p>\n","protected":false},"featured_media":160276,"comment_status":"closed","ping_status":"open","template":"","meta":{"_acf_changed":false},"product_brand":[],"product_cat":[11218],"product_tag":[],"custom_category":[11345,11240,11346],"range":[11347],"class_list":{"0":"post-173899","1":"product","2":"type-product","3":"status-publish","4":"has-post-thumbnail","6":"product_cat-uncategorized-de","7":"pa_climatologia-temperatura-templada-de","8":"pa_climatologia-calor-de","9":"pa_deporte-all-mountain-de","10":"pa_deporte-ciclismo-de","11":"pa_genero-infantil-de","12":"pa_genero-hombre-de","13":"pa_genero-mujer-de","14":"pa_patronaje-fit-de","15":"pa_tipo-de-prenda-guantes-de","16":"custom_category-guantes-ciclismo-personalizados-de","17":"custom_category-sport","18":"custom_category-personalisiertes-sportzubehoer","19":"range-handschuhe","21":"first","22":"instock","23":"product-type-custom"},"acf":[],"yoast_head":"<!-- This site is optimized with the Yoast SEO plugin v27.3 - https:\/\/yoast.com\/product\/yoast-seo-wordpress\/ -->\n<title>MTB-Handschuhe<\/title>\n<meta name=\"description\" content=\"Lange Fahrradhandschuhe, ideal zum Mountainbiken. Die Handfl\u00e4che besteht aus rutschfestem Stoff und ist an einigen wichtigen Stellen mit Gel verst\u00e4rkt, um den Komfort zu verbessern. Das Oberteil besteht aus LYCRA f\u00fcr eine perfekte Passform an der Hand und sorgt f\u00fcr ideale Absorption und Atmungsaktivit\u00e4t, sodass die Haut trocken und k\u00fchl bleibt. Durch einen Klettverschluss am Handgelenk sitzt der Handschuh perfekt. Der Zeigefinger ist so angepasst, dass er die Bildschirme von Smartphones ber\u00fchren kann. Durch den Sublimationsprozess wird sichergestellt, dass die Farben bei Gebrauch und mit der Zeit nicht an Intensit\u00e4t verlieren. Bei der Individualisierung werden umweltfreundliche Farbstoffe verwendet.\" \/>\n<meta name=\"robots\" content=\"index, follow, max-snippet:-1, max-image-preview:large, max-video-preview:-1\" \/>\n<link rel=\"canonical\" href=\"https:\/\/www.inverseteams.com\/de\/produkt\/mtb-handschuhe\/\" \/>\n<meta property=\"og:locale\" content=\"de_DE\" \/>\n<meta property=\"og:type\" content=\"article\" \/>\n<meta property=\"og:title\" content=\"MTB-Handschuhe\" \/>\n<meta property=\"og:description\" content=\"Lange Fahrradhandschuhe, ideal zum Mountainbiken. Die Handfl\u00e4che besteht aus rutschfestem Stoff und ist an einigen wichtigen Stellen mit Gel verst\u00e4rkt, um den Komfort zu verbessern. Das Oberteil besteht aus LYCRA f\u00fcr eine perfekte Passform an der Hand und sorgt f\u00fcr ideale Absorption und Atmungsaktivit\u00e4t, sodass die Haut trocken und k\u00fchl bleibt. Durch einen Klettverschluss am Handgelenk sitzt der Handschuh perfekt. Der Zeigefinger ist so angepasst, dass er die Bildschirme von Smartphones ber\u00fchren kann. Durch den Sublimationsprozess wird sichergestellt, dass die Farben bei Gebrauch und mit der Zeit nicht an Intensit\u00e4t verlieren. Bei der Individualisierung werden umweltfreundliche Farbstoffe verwendet.\" \/>\n<meta property=\"og:url\" content=\"https:\/\/www.inverseteams.com\/de\/produkt\/mtb-handschuhe\/\" \/>\n<meta property=\"og:site_name\" content=\"Inverseteams\" \/>\n<meta property=\"article:publisher\" content=\"https:\/\/www.facebook.com\/inverseteams\" \/>\n<meta property=\"article:modified_time\" content=\"2024-02-05T13:47:43+00:00\" \/>\n<meta property=\"og:image\" content=\"https:\/\/www.inverseteams.com\/wp-content\/uploads\/GUANTES-MTB-PERSONALIZADOS-1.jpg\" \/>\n\t<meta property=\"og:image:width\" content=\"3000\" \/>\n\t<meta property=\"og:image:height\" content=\"3223\" \/>\n\t<meta property=\"og:image:type\" content=\"image\/jpeg\" \/>\n<meta name=\"twitter:card\" content=\"summary_large_image\" \/>\n<meta name=\"twitter:label1\" content=\"Gesch\u00e4tzte Lesezeit\" \/>\n\t<meta name=\"twitter:data1\" content=\"1\u00a0Minute\" \/>\n<script type=\"application\/ld+json\" class=\"yoast-schema-graph\">{\"@context\":\"https:\\\/\\\/schema.org\",\"@graph\":[{\"@type\":\"WebPage\",\"@id\":\"https:\\\/\\\/www.inverseteams.com\\\/de\\\/produkt\\\/mtb-handschuhe\\\/\",\"url\":\"https:\\\/\\\/www.inverseteams.com\\\/de\\\/produkt\\\/mtb-handschuhe\\\/\",\"name\":\"MTB-Handschuhe\",\"isPartOf\":{\"@id\":\"https:\\\/\\\/www.inverseteams.com\\\/de\\\/#website\"},\"primaryImageOfPage\":{\"@id\":\"https:\\\/\\\/www.inverseteams.com\\\/de\\\/produkt\\\/mtb-handschuhe\\\/#primaryimage\"},\"image\":{\"@id\":\"https:\\\/\\\/www.inverseteams.com\\\/de\\\/produkt\\\/mtb-handschuhe\\\/#primaryimage\"},\"thumbnailUrl\":\"https:\\\/\\\/www.inverseteams.com\\\/wp-content\\\/uploads\\\/GUANTES-MTB-PERSONALIZADOS-1.jpg\",\"datePublished\":\"2022-12-13T13:30:41+00:00\",\"dateModified\":\"2024-02-05T13:47:43+00:00\",\"description\":\"Lange Fahrradhandschuhe, ideal zum Mountainbiken. Die Handfl\u00e4che besteht aus rutschfestem Stoff und ist an einigen wichtigen Stellen mit Gel verst\u00e4rkt, um den Komfort zu verbessern. Das Oberteil besteht aus LYCRA f\u00fcr eine perfekte Passform an der Hand und sorgt f\u00fcr ideale Absorption und Atmungsaktivit\u00e4t, sodass die Haut trocken und k\u00fchl bleibt. Durch einen Klettverschluss am Handgelenk sitzt der Handschuh perfekt. Der Zeigefinger ist so angepasst, dass er die Bildschirme von Smartphones ber\u00fchren kann. Durch den Sublimationsprozess wird sichergestellt, dass die Farben bei Gebrauch und mit der Zeit nicht an Intensit\u00e4t verlieren. Bei der Individualisierung werden umweltfreundliche Farbstoffe verwendet.\",\"breadcrumb\":{\"@id\":\"https:\\\/\\\/www.inverseteams.com\\\/de\\\/produkt\\\/mtb-handschuhe\\\/#breadcrumb\"},\"inLanguage\":\"de\",\"potentialAction\":[{\"@type\":\"ReadAction\",\"target\":[\"https:\\\/\\\/www.inverseteams.com\\\/de\\\/produkt\\\/mtb-handschuhe\\\/\"]}]},{\"@type\":\"ImageObject\",\"inLanguage\":\"de\",\"@id\":\"https:\\\/\\\/www.inverseteams.com\\\/de\\\/produkt\\\/mtb-handschuhe\\\/#primaryimage\",\"url\":\"https:\\\/\\\/www.inverseteams.com\\\/wp-content\\\/uploads\\\/GUANTES-MTB-PERSONALIZADOS-1.jpg\",\"contentUrl\":\"https:\\\/\\\/www.inverseteams.com\\\/wp-content\\\/uploads\\\/GUANTES-MTB-PERSONALIZADOS-1.jpg\",\"width\":3000,\"height\":3223,\"caption\":\"Guantes ciclismo MTB personalizados\"},{\"@type\":\"BreadcrumbList\",\"@id\":\"https:\\\/\\\/www.inverseteams.com\\\/de\\\/produkt\\\/mtb-handschuhe\\\/#breadcrumb\",\"itemListElement\":[{\"@type\":\"ListItem\",\"position\":1,\"name\":\"Portada\",\"item\":\"https:\\\/\\\/www.inverseteams.com\\\/de\\\/\"},{\"@type\":\"ListItem\",\"position\":2,\"name\":\"Speichern\",\"item\":\"https:\\\/\\\/www.inverseteams.com\\\/de\\\/speichern\\\/\"},{\"@type\":\"ListItem\",\"position\":3,\"name\":\"MTB-Handschuhe\"}]},{\"@type\":\"WebSite\",\"@id\":\"https:\\\/\\\/www.inverseteams.com\\\/de\\\/#website\",\"url\":\"https:\\\/\\\/www.inverseteams.com\\\/de\\\/\",\"name\":\"Inverseteams\",\"description\":\"Tu marca de ropa deportiva personalizada\",\"publisher\":{\"@id\":\"https:\\\/\\\/www.inverseteams.com\\\/de\\\/#organization\"},\"potentialAction\":[{\"@type\":\"SearchAction\",\"target\":{\"@type\":\"EntryPoint\",\"urlTemplate\":\"https:\\\/\\\/www.inverseteams.com\\\/de\\\/?s={search_term_string}\"},\"query-input\":{\"@type\":\"PropertyValueSpecification\",\"valueRequired\":true,\"valueName\":\"search_term_string\"}}],\"inLanguage\":\"de\"},{\"@type\":\"Organization\",\"@id\":\"https:\\\/\\\/www.inverseteams.com\\\/de\\\/#organization\",\"name\":\"Inverse Teams\",\"url\":\"https:\\\/\\\/www.inverseteams.com\\\/de\\\/\",\"logo\":{\"@type\":\"ImageObject\",\"inLanguage\":\"de\",\"@id\":\"https:\\\/\\\/www.inverseteams.com\\\/de\\\/#\\\/schema\\\/logo\\\/image\\\/\",\"url\":\"https:\\\/\\\/www.inverseteams.com\\\/wp-content\\\/uploads\\\/2021\\\/03\\\/logo-inverse-teams.png\",\"contentUrl\":\"https:\\\/\\\/www.inverseteams.com\\\/wp-content\\\/uploads\\\/2021\\\/03\\\/logo-inverse-teams.png\",\"width\":294,\"height\":99,\"caption\":\"Inverse Teams\"},\"image\":{\"@id\":\"https:\\\/\\\/www.inverseteams.com\\\/de\\\/#\\\/schema\\\/logo\\\/image\\\/\"},\"sameAs\":[\"https:\\\/\\\/www.facebook.com\\\/inverseteams\",\"http:\\\/\\\/instagram.com\\\/inverseteams\",\"https:\\\/\\\/www.linkedin.com\\\/company\\\/inverse-cirosport-s-l-?trk=job_view_topcard_company_name\",\"http:\\\/\\\/www.pinterest.com\\\/inverseteams\\\/\",\"http:\\\/\\\/www.youtube.com\\\/user\\\/inverseteams?feature=watch\"]}]}<\/script>\n<!-- \/ Yoast SEO plugin. -->","yoast_head_json":{"title":"MTB-Handschuhe","description":"Lange Fahrradhandschuhe, ideal zum Mountainbiken. Die Handfl\u00e4che besteht aus rutschfestem Stoff und ist an einigen wichtigen Stellen mit Gel verst\u00e4rkt, um den Komfort zu verbessern. Das Oberteil besteht aus LYCRA f\u00fcr eine perfekte Passform an der Hand und sorgt f\u00fcr ideale Absorption und Atmungsaktivit\u00e4t, sodass die Haut trocken und k\u00fchl bleibt. Durch einen Klettverschluss am Handgelenk sitzt der Handschuh perfekt. Der Zeigefinger ist so angepasst, dass er die Bildschirme von Smartphones ber\u00fchren kann. Durch den Sublimationsprozess wird sichergestellt, dass die Farben bei Gebrauch und mit der Zeit nicht an Intensit\u00e4t verlieren. Bei der Individualisierung werden umweltfreundliche Farbstoffe verwendet.","robots":{"index":"index","follow":"follow","max-snippet":"max-snippet:-1","max-image-preview":"max-image-preview:large","max-video-preview":"max-video-preview:-1"},"canonical":"https:\/\/www.inverseteams.com\/de\/produkt\/mtb-handschuhe\/","og_locale":"de_DE","og_type":"article","og_title":"MTB-Handschuhe","og_description":"Lange Fahrradhandschuhe, ideal zum Mountainbiken. Die Handfl\u00e4che besteht aus rutschfestem Stoff und ist an einigen wichtigen Stellen mit Gel verst\u00e4rkt, um den Komfort zu verbessern. Das Oberteil besteht aus LYCRA f\u00fcr eine perfekte Passform an der Hand und sorgt f\u00fcr ideale Absorption und Atmungsaktivit\u00e4t, sodass die Haut trocken und k\u00fchl bleibt. Durch einen Klettverschluss am Handgelenk sitzt der Handschuh perfekt. Der Zeigefinger ist so angepasst, dass er die Bildschirme von Smartphones ber\u00fchren kann. Durch den Sublimationsprozess wird sichergestellt, dass die Farben bei Gebrauch und mit der Zeit nicht an Intensit\u00e4t verlieren. Bei der Individualisierung werden umweltfreundliche Farbstoffe verwendet.","og_url":"https:\/\/www.inverseteams.com\/de\/produkt\/mtb-handschuhe\/","og_site_name":"Inverseteams","article_publisher":"https:\/\/www.facebook.com\/inverseteams","article_modified_time":"2024-02-05T13:47:43+00:00","og_image":[{"width":3000,"height":3223,"url":"https:\/\/www.inverseteams.com\/wp-content\/uploads\/GUANTES-MTB-PERSONALIZADOS-1.jpg","type":"image\/jpeg"}],"twitter_card":"summary_large_image","twitter_misc":{"Gesch\u00e4tzte Lesezeit":"1\u00a0Minute"},"schema":{"@context":"https:\/\/schema.org","@graph":[{"@type":"WebPage","@id":"https:\/\/www.inverseteams.com\/de\/produkt\/mtb-handschuhe\/","url":"https:\/\/www.inverseteams.com\/de\/produkt\/mtb-handschuhe\/","name":"MTB-Handschuhe","isPartOf":{"@id":"https:\/\/www.inverseteams.com\/de\/#website"},"primaryImageOfPage":{"@id":"https:\/\/www.inverseteams.com\/de\/produkt\/mtb-handschuhe\/#primaryimage"},"image":{"@id":"https:\/\/www.inverseteams.com\/de\/produkt\/mtb-handschuhe\/#primaryimage"},"thumbnailUrl":"https:\/\/www.inverseteams.com\/wp-content\/uploads\/GUANTES-MTB-PERSONALIZADOS-1.jpg","datePublished":"2022-12-13T13:30:41+00:00","dateModified":"2024-02-05T13:47:43+00:00","description":"Lange Fahrradhandschuhe, ideal zum Mountainbiken. Die Handfl\u00e4che besteht aus rutschfestem Stoff und ist an einigen wichtigen Stellen mit Gel verst\u00e4rkt, um den Komfort zu verbessern. Das Oberteil besteht aus LYCRA f\u00fcr eine perfekte Passform an der Hand und sorgt f\u00fcr ideale Absorption und Atmungsaktivit\u00e4t, sodass die Haut trocken und k\u00fchl bleibt. Durch einen Klettverschluss am Handgelenk sitzt der Handschuh perfekt. Der Zeigefinger ist so angepasst, dass er die Bildschirme von Smartphones ber\u00fchren kann. Durch den Sublimationsprozess wird sichergestellt, dass die Farben bei Gebrauch und mit der Zeit nicht an Intensit\u00e4t verlieren. Bei der Individualisierung werden umweltfreundliche Farbstoffe verwendet.","breadcrumb":{"@id":"https:\/\/www.inverseteams.com\/de\/produkt\/mtb-handschuhe\/#breadcrumb"},"inLanguage":"de","potentialAction":[{"@type":"ReadAction","target":["https:\/\/www.inverseteams.com\/de\/produkt\/mtb-handschuhe\/"]}]},{"@type":"ImageObject","inLanguage":"de","@id":"https:\/\/www.inverseteams.com\/de\/produkt\/mtb-handschuhe\/#primaryimage","url":"https:\/\/www.inverseteams.com\/wp-content\/uploads\/GUANTES-MTB-PERSONALIZADOS-1.jpg","contentUrl":"https:\/\/www.inverseteams.com\/wp-content\/uploads\/GUANTES-MTB-PERSONALIZADOS-1.jpg","width":3000,"height":3223,"caption":"Guantes ciclismo MTB personalizados"},{"@type":"BreadcrumbList","@id":"https:\/\/www.inverseteams.com\/de\/produkt\/mtb-handschuhe\/#breadcrumb","itemListElement":[{"@type":"ListItem","position":1,"name":"Portada","item":"https:\/\/www.inverseteams.com\/de\/"},{"@type":"ListItem","position":2,"name":"Speichern","item":"https:\/\/www.inverseteams.com\/de\/speichern\/"},{"@type":"ListItem","position":3,"name":"MTB-Handschuhe"}]},{"@type":"WebSite","@id":"https:\/\/www.inverseteams.com\/de\/#website","url":"https:\/\/www.inverseteams.com\/de\/","name":"Inverseteams","description":"Tu marca de ropa deportiva personalizada","publisher":{"@id":"https:\/\/www.inverseteams.com\/de\/#organization"},"potentialAction":[{"@type":"SearchAction","target":{"@type":"EntryPoint","urlTemplate":"https:\/\/www.inverseteams.com\/de\/?s={search_term_string}"},"query-input":{"@type":"PropertyValueSpecification","valueRequired":true,"valueName":"search_term_string"}}],"inLanguage":"de"},{"@type":"Organization","@id":"https:\/\/www.inverseteams.com\/de\/#organization","name":"Inverse Teams","url":"https:\/\/www.inverseteams.com\/de\/","logo":{"@type":"ImageObject","inLanguage":"de","@id":"https:\/\/www.inverseteams.com\/de\/#\/schema\/logo\/image\/","url":"https:\/\/www.inverseteams.com\/wp-content\/uploads\/2021\/03\/logo-inverse-teams.png","contentUrl":"https:\/\/www.inverseteams.com\/wp-content\/uploads\/2021\/03\/logo-inverse-teams.png","width":294,"height":99,"caption":"Inverse Teams"},"image":{"@id":"https:\/\/www.inverseteams.com\/de\/#\/schema\/logo\/image\/"},"sameAs":["https:\/\/www.facebook.com\/inverseteams","http:\/\/instagram.com\/inverseteams","https:\/\/www.linkedin.com\/company\/inverse-cirosport-s-l-?trk=job_view_topcard_company_name","http:\/\/www.pinterest.com\/inverseteams\/","http:\/\/www.youtube.com\/user\/inverseteams?feature=watch"]}]}},"_links":{"self":[{"href":"https:\/\/www.inverseteams.com\/de\/wp-json\/wp\/v2\/product\/173899","targetHints":{"allow":["GET"]}}],"collection":[{"href":"https:\/\/www.inverseteams.com\/de\/wp-json\/wp\/v2\/product"}],"about":[{"href":"https:\/\/www.inverseteams.com\/de\/wp-json\/wp\/v2\/types\/product"}],"replies":[{"embeddable":true,"href":"https:\/\/www.inverseteams.com\/de\/wp-json\/wp\/v2\/comments?post=173899"}],"wp:featuredmedia":[{"embeddable":true,"href":"https:\/\/www.inverseteams.com\/de\/wp-json\/wp\/v2\/media\/160276"}],"wp:attachment":[{"href":"https:\/\/www.inverseteams.com\/de\/wp-json\/wp\/v2\/media?parent=173899"}],"wp:term":[{"taxonomy":"product_brand","embeddable":true,"href":"https:\/\/www.inverseteams.com\/de\/wp-json\/wp\/v2\/product_brand?post=173899"},{"taxonomy":"product_cat","embeddable":true,"href":"https:\/\/www.inverseteams.com\/de\/wp-json\/wp\/v2\/product_cat?post=173899"},{"taxonomy":"product_tag","embeddable":true,"href":"https:\/\/www.inverseteams.com\/de\/wp-json\/wp\/v2\/product_tag?post=173899"},{"taxonomy":"custom_category","embeddable":true,"href":"https:\/\/www.inverseteams.com\/de\/wp-json\/wp\/v2\/custom_category?post=173899"},{"taxonomy":"range","embeddable":true,"href":"https:\/\/www.inverseteams.com\/de\/wp-json\/wp\/v2\/range?post=173899"}],"curies":[{"name":"wp","href":"https:\/\/api.w.org\/{rel}","templated":true}]}}